{"id":3754,"date":"2025-05-23T02:44:16","date_gmt":"2025-05-23T02:44:16","guid":{"rendered":"https:\/\/wisecnclaser.com\/?post_type=product&#038;p=3754"},"modified":"2025-05-23T02:44:16","modified_gmt":"2025-05-23T02:44:16","slug":"ws1530-4-ax-atc-cnc-router-with-180-degree-rotating-spindle","status":"publish","type":"product","link":"https:\/\/wisecnclaser.com\/ar\/product\/ws1530-4-ax-atc-cnc-router-with-180-degree-rotating-spindle\/","title":{"rendered":"\u062c\u0647\u0627\u0632 \u0627\u0644\u062a\u0648\u062c\u064a\u0647 WS1530-4 Ax ATC CNC \u0631\u0627\u0648\u062a\u0631 WS1530-4 \u0627\u0644\u0645\u0632\u0648\u062f \u0628\u0645\u063a\u0632\u0644 \u062f\u0648\u0651\u0627\u0631 180 \u062f\u0631\u062c\u0629"},"content":{"rendered":"<table>\n<tbody>\n<tr class=\"firstRow\">\n<td colspan=\"2\" valign=\"center\" width=\"662\"><strong>\u0648\u0635\u0641 \u0648\u0645\u0648\u0627\u0635\u0641\u0627\u062a \u062c\u0647\u0627\u0632 \u0627\u0644\u062a\u0648\u062c\u064a\u0647 WS1530-4 Ax ATC CNC (wisecnclaser):<\/strong><\/td>\n<\/tr>\n<tr>\n<td valign=\"top\" width=\"310\">X \u0645\u0646\u0637\u0642\u0629 \u0627\u0644\u0639\u0645\u0644<\/td>\n<td valign=\"top\" width=\"353\">1500 \u0645\u0645<\/td>\n<\/tr>\n<tr>\n<td valign=\"top\" width=\"310\">\u0645\u0646\u0637\u0642\u0629 \u0627\u0644\u0639\u0645\u0644 Y<\/td>\n<td valign=\"top\" width=\"353\">3000 \u0645\u0645<\/td>\n<\/tr>\n<tr>\n<td valign=\"top\" width=\"310\">\u0645\u0646\u0637\u0642\u0629 \u0627\u0644\u0639\u0645\u0644 Z<\/td>\n<td valign=\"top\" width=\"353\">450 \u0645\u0645<\/td>\n<\/tr>\n<tr>\n<td valign=\"top\" width=\"310\">\u0637\u0627\u0648\u0644\u0629 \u0627\u0644\u0645\u0627\u0643\u064a\u0646\u0629<\/td>\n<td valign=\"top\" width=\"353\">\u0641\u0631\u0627\u063a + \u0641\u062a\u062d\u0629 T<\/td>\n<\/tr>\n<tr>\n<td valign=\"top\" width=\"310\">\u062f\u0642\u0629 \u062a\u062d\u062f\u064a\u062f \u0627\u0644\u0645\u0648\u0627\u0642\u0639 \u0623\u062b\u0646\u0627\u0621 \u0627\u0644\u062a\u0646\u0642\u0644<\/td>\n<td valign=\"top\" width=\"353\">\u00b1 0.05 \u0645\u0645<\/td>\n<\/tr>\n<tr>\n<td valign=\"top\" width=\"310\">\u062f\u0642\u0629 \u062a\u062d\u062f\u064a\u062f \u0627\u0644\u0645\u0648\u0627\u0642\u0639 \u0641\u064a \u0625\u0639\u0627\u062f\u0629 \u062a\u062d\u062f\u064a\u062f \u0627\u0644\u0645\u0648\u0627\u0642\u0639<\/td>\n<td valign=\"top\" width=\"353\">\u00b1 0.05 \u0645\u0645<\/td>\n<\/tr>\n<tr>\n<td valign=\"top\" width=\"310\">\u0628\u0646\u064a\u0629 X\u060c Y\u060c Z<\/td>\n<td valign=\"top\" width=\"353\">\u0639\u062c\u0644\u0629 \u062a\u0631\u0648\u0633 XY\u060c \u0628\u0631\u063a\u064a \u0643\u0631\u0648\u064a Z. \u062c\u0645\u064a\u0639 \u0627\u0644\u0645\u062d\u0627\u0648\u0631 \u062a\u0633\u062a\u062e\u062f\u0645 \u062f\u0644\u064a\u0644 \u0645\u0631\u0628\u0639<\/td>\n<\/tr>\n<tr>\n<td valign=\"top\" width=\"310\">\u0627\u0644\u062d\u062f \u0627\u0644\u0623\u0642\u0635\u0649. \u0627\u0633\u062a\u0647\u0644\u0627\u0643 \u0627\u0644\u0637\u0627\u0642\u0629 (\u0628\u062f\u0648\u0646 \u0639\u0645\u0648\u062f \u0627\u0644\u062f\u0648\u0631\u0627\u0646)<\/td>\n<td valign=\"top\" width=\"353\">1.84 \u0643\u064a\u0644\u0648\u0648\u0627\u0637<\/td>\n<\/tr>\n<tr>\n<td valign=\"top\" width=\"310\">\u0627\u0644\u062d\u062f \u0627\u0644\u0623\u0642\u0635\u0649 \u0645\u0639\u062f\u0644 \u0627\u0644\u0633\u0641\u0631 \u0627\u0644\u0633\u0631\u064a\u0639<\/td>\n<td valign=\"top\" width=\"353\">50000 \u0645\u0645\/\u062f\u0642\u064a\u0642\u0629<\/td>\n<\/tr>\n<tr>\n<td valign=\"top\" width=\"310\">\u0627\u0644\u062d\u062f \u0627\u0644\u0623\u0642\u0635\u0649. \u0633\u0631\u0639\u0629 \u0627\u0644\u0639\u0645\u0644<\/td>\n<td valign=\"top\" width=\"353\">30000 \u0645\u0645\/\u062f\u0642\u064a\u0642\u0629<\/td>\n<\/tr>\n<tr>\n<td colspan=\"1\" rowspan=\"2\" valign=\"top\" width=\"310\">\u0627\u0644\u0645\u063a\u0632\u0644<\/td>\n<td valign=\"top\" width=\"353\">\u0645\u063a\u0632\u0644 ATC \u0645\u0628\u0631\u062f \u0628\u0627\u0644\u0647\u0648\u0627\u0621 \u0628\u0642\u062f\u0631\u0629 9 \u0643\u064a\u0644\u0648\u0648\u0627\u0637<\/td>\n<\/tr>\n<tr>\n<td valign=\"top\" width=\"353\">\u064a\u0645\u0643\u0646 \u0644\u0644\u0645\u063a\u0632\u0644 \u0627\u0644\u062a\u0644\u0648\u064a\u062d\/\u0627\u0644\u062a\u0623\u0631\u062c\u062d +\/- 90 \u062f\u0631\u062c\u0629<\/td>\n<\/tr>\n<tr>\n<td valign=\"top\" width=\"310\">\u0633\u0631\u0639\u0629 \u0639\u0645\u0648\u062f \u0627\u0644\u062f\u0648\u0631\u0627\u0646<\/td>\n<td valign=\"top\" width=\"353\">0-18000 \u062f\u0648\u0631\u0629 \u0641\u064a \u0627\u0644\u062f\u0642\u064a\u0642\u0629<\/td>\n<\/tr>\n<tr>\n<td valign=\"top\" width=\"310\">\u0645\u062d\u0631\u0643 \u0627\u0644\u0642\u064a\u0627\u062f\u0629<\/td>\n<td valign=\"top\" width=\"353\">\u0646\u0638\u0627\u0645 \u062a\u0627\u064a\u0648\u0627\u0646 \u062f\u0644\u062a\u0627 \u0633\u064a\u0631\u0641\u0648 850 \u0648\u0627\u0637<\/td>\n<\/tr>\n<tr>\n<td valign=\"top\" width=\"310\">\u0639\u0627\u0643\u0633 \u0627\u0644\u062a\u0631\u062f\u062f<\/td>\n<td valign=\"top\" width=\"353\">\u0639\u0627\u0643\u0633 \u0641\u0648\u0644\u064a\u0646\u062c \u0645\u0627\u0631\u0643\u0629 \u0641\u0648\u0644\u064a\u0646\u062c 11KW<\/td>\n<\/tr>\n<tr>\n<td valign=\"top\" width=\"310\">\u0627\u0644\u0623\u0645\u0631<\/td>\n<td valign=\"top\" width=\"353\">\u0643\u0648\u062f G-code*.u00*.mmg*.plt<\/td>\n<\/tr>\n<tr>\n<td valign=\"top\" width=\"310\">\u062c\u0647\u062f \u0627\u0644\u0639\u0645\u0644<\/td>\n<td valign=\"top\" width=\"353\">3 \u0641\u0648\u0644\u062a \u062a\u064a\u0627\u0631 \u0645\u062a\u0631\u062f\u062f 380 \u0641\u0648\u0644\u062a \u062a\u064a\u0627\u0631 \u0645\u062a\u0631\u062f\u062f 380 \u0641\u0648\u0644\u062a\/50 \u0647\u0631\u062a\u0632\/220 \u0641\u0648\u0644\u062a 1 \u0641\u0648\u0644\u062a 60 \u0647\u0631\u062a\u0632<\/td>\n<\/tr>\n<tr>\n<td valign=\"top\" width=\"310\">\u0646\u0638\u0627\u0645 \u0627\u0644\u062a\u062d\u0643\u0645<\/td>\n<td valign=\"top\" width=\"353\">\u0648\u062d\u062f\u0629 \u062a\u062d\u0643\u0645 LNC \u0645\u0639 \u0639\u062c\u0644\u0629 \u064a\u062f\u0648\u064a\u0629<\/td>\n<\/tr>\n<tr>\n<td valign=\"top\" width=\"310\">\u062f\u0644\u064a\u0644 \u0627\u0644\u0633\u0643\u0643 \u0627\u0644\u062d\u062f\u064a\u062f\u064a\u0629<\/td>\n<td valign=\"top\" width=\"353\">\u0633\u0643\u0629 \u062d\u062f\u064a\u062f \u0645\u0631\u0628\u0639\u0629 (\u0639\u0644\u0627\u0645\u0629 \u062a\u062c\u0627\u0631\u064a\u0629 \u062a\u0627\u064a\u0648\u0627\u0646\u064a\u0629)<\/td>\n<\/tr>\n<tr>\n<td valign=\"top\" width=\"310\">\u062e\u0632\u0627\u0646\u0629 \u0627\u0644\u062a\u062d\u0643\u0645<\/td>\n<td valign=\"top\" width=\"353\">\u0645\u062c\u0644\u0633 \u0627\u0644\u0648\u0632\u0631\u0627\u0621 \u0627\u0644\u0645\u0633\u062a\u0642\u0644<\/td>\n<\/tr>\n<tr>\n<td valign=\"top\" width=\"310\">\u0646.\u0648\/\u062c.\u0648<\/td>\n<td valign=\"top\" width=\"353\">1600\/1800 \u0643\u064a\u0644\u0648 \u062c\u0631\u0627\u0645<\/td>\n<\/tr>\n<tr>\n<td valign=\"top\" width=\"310\">\u062d\u062c\u0645 \u0627\u0644\u062a\u0639\u0628\u0626\u0629 \u0648\u0627\u0644\u062a\u063a\u0644\u064a\u0641<\/td>\n<td valign=\"top\" width=\"353\">3700 \u00d7 2100 \u00d7 1800 \u00d7 1800 \u0645\u0645<\/td>\n<\/tr>\n<tr>\n<td valign=\"top\" width=\"310\">\u062c\u0647\u0627\u0632 \u0645\u0633\u0627\u0639\u062f<\/td>\n<td valign=\"top\" width=\"353\">\u0645\u0636\u062e\u0629 \u062a\u0641\u0631\u064a\u063a \u0627\u0644\u0647\u0648\u0627\u0621 7.5 \u0643\u064a\u0644\u0648 \u0648\u0627\u062a<\/p>\n<p>\u062c\u0627\u0645\u0639 \u063a\u0628\u0627\u0631 3 \u0643\u064a\u0644\u0648 \u0648\u0627\u062a<\/p>\n<p>8 \u0623\u062f\u0648\u0627\u062a ATC \u0627\u0644\u062e\u0637\u064a\u0629<\/p>\n<p>\u0646\u0638\u0627\u0645 \u0627\u0644\u062a\u0634\u062d\u064a\u0645 \u0627\u0644\u0623\u0648\u062a\u0648\u0645\u0627\u062a\u064a\u0643\u064a<\/p>\n<p>\u0648\u0633\u0627\u062f\u0629 \u062a\u0641\u0631\u064a\u063a \u0627\u0644\u0647\u0648\u0627\u0621*6 \u0642\u0637\u0639<\/td>\n<\/tr>\n<\/tbody>\n<\/table>","protected":false},"excerpt":{"rendered":"<p>Description &amp; Specifications of WS1530-4 Ax ATC CNC Router (wisecnclaser): X Working Area 1500mm Y Working Area 3000mm Z Working Area 450mm Machine table Vacuum + T slot Traveling Positioning Accuracy \u00b10.05mm Repositioning Positioning Accuracy \u00b10.05mm X,Y ,Z Structure XY gear wheel, Z ball screw. All Axis use Square Guide Max. Power Consumption(Without spindle) 1.84KW [&hellip;]<\/p>\n","protected":false},"featured_media":3757,"template":"","meta":{"_seopress_robots_primary_cat":"","_seopress_titles_title":"","_seopress_titles_desc":"","_seopress_robots_index":"","_uag_custom_page_level_css":"","site-sidebar-layout":"default","site-content-layout":"","ast-site-content-layout":"default","site-content-style":"default","site-sidebar-style":"default","ast-global-header-display":"","ast-banner-title-visibility":"","ast-main-header-display":"","ast-hfb-above-header-display":"","ast-hfb-below-header-display":"","ast-hfb-mobile-header-display":"","site-post-title":"","ast-breadcrumbs-content":"","ast-featured-img":"","footer-sml-layout":"","ast-disable-related-posts":"","theme-transparent-header-meta":"default","adv-header-id-meta":"","stick-header-meta":"default","header-above-stick-meta":"","header-main-stick-meta":"","header-below-stick-meta":"","astra-migrate-meta-layouts":"set","ast-page-background-enabled":"default","ast-page-background-meta":{"desktop":{"background-color":"","background-image":"","background-repeat":"repeat","background-position":"center center","background-size":"auto","background-attachment":"scroll","background-type":"","background-media":"","overlay-type":"","overlay-color":"","overlay-opacity":"","overlay-gradient":""},"tablet":{"background-color":"","background-image":"","background-repeat":"repeat","background-position":"center center","background-size":"auto","background-attachment":"scroll","background-type":"","background-media":"","overlay-type":"","overlay-color":"","overlay-opacity":"","overlay-gradient":""},"mobile":{"background-color":"","background-image":"","background-repeat":"repeat","background-position":"center center","background-size":"auto","background-attachment":"scroll","background-type":"","background-media":"","overlay-type":"","overlay-color":"","overlay-opacity":"","overlay-gradient":""}},"ast-content-background-meta":{"desktop":{"background-color":"var(--ast-global-color-5)","background-image":"","background-repeat":"repeat","background-position":"center center","background-size":"auto","background-attachment":"scroll","background-type":"","background-media":"","overlay-type":"","overlay-color":"","overlay-opacity":"","overlay-gradient":""},"tablet":{"background-color":"var(--ast-global-color-5)","background-image":"","background-repeat":"repeat","background-position":"center center","background-size":"auto","background-attachment":"scroll","background-type":"","background-media":"","overlay-type":"","overlay-color":"","overlay-opacity":"","overlay-gradient":""},"mobile":{"background-color":"var(--ast-global-color-5)","background-image":"","background-repeat":"repeat","background-position":"center center","background-size":"auto","background-attachment":"scroll","background-type":"","background-media":"","overlay-type":"","overlay-color":"","overlay-opacity":"","overlay-gradient":""}}},"product_brand":[],"product_cat":[34],"product_tag":[],"class_list":{"0":"post-3754","1":"product","2":"type-product","3":"status-publish","4":"has-post-thumbnail","6":"product_cat-nesting","7":"desktop-align-left","8":"tablet-align-left","9":"mobile-align-left","10":"ast-product-gallery-layout-horizontal-slider","11":"ast-product-gallery-with-no-image","12":"ast-product-tabs-layout-horizontal","14":"first","15":"instock","16":"shipping-taxable","17":"product-type-simple"},"uagb_featured_image_src":{"full":["https:\/\/wisecnclaser.com\/wp-content\/uploads\/2025\/05\/cc1e03430a7bc451cfe47d3cc51dab9f.png",1082,1076,false],"thumbnail":["https:\/\/wisecnclaser.com\/wp-content\/uploads\/2025\/05\/cc1e03430a7bc451cfe47d3cc51dab9f-150x150.png",150,150,true],"medium":["https:\/\/wisecnclaser.com\/wp-content\/uploads\/2025\/05\/cc1e03430a7bc451cfe47d3cc51dab9f-300x298.png",300,298,true],"medium_large":["https:\/\/wisecnclaser.com\/wp-content\/uploads\/2025\/05\/cc1e03430a7bc451cfe47d3cc51dab9f-768x764.png",768,764,true],"large":["https:\/\/wisecnclaser.com\/wp-content\/uploads\/2025\/05\/cc1e03430a7bc451cfe47d3cc51dab9f-1024x1018.png",1024,1018,true],"1536x1536":["https:\/\/wisecnclaser.com\/wp-content\/uploads\/2025\/05\/cc1e03430a7bc451cfe47d3cc51dab9f.png",1082,1076,false],"2048x2048":["https:\/\/wisecnclaser.com\/wp-content\/uploads\/2025\/05\/cc1e03430a7bc451cfe47d3cc51dab9f.png",1082,1076,false],"trp-custom-language-flag":["https:\/\/wisecnclaser.com\/wp-content\/uploads\/2025\/05\/cc1e03430a7bc451cfe47d3cc51dab9f-12x12.png",12,12,true],"woocommerce_thumbnail":["https:\/\/wisecnclaser.com\/wp-content\/uploads\/2025\/05\/cc1e03430a7bc451cfe47d3cc51dab9f-300x300.png",300,300,true],"woocommerce_single":["https:\/\/wisecnclaser.com\/wp-content\/uploads\/2025\/05\/cc1e03430a7bc451cfe47d3cc51dab9f-600x597.png",600,597,true],"woocommerce_gallery_thumbnail":["https:\/\/wisecnclaser.com\/wp-content\/uploads\/2025\/05\/cc1e03430a7bc451cfe47d3cc51dab9f-100x100.png",100,100,true]},"uagb_author_info":{"display_name":"jinxing6611@gmail.com","author_link":"https:\/\/wisecnclaser.com\/ar\/author\/"},"uagb_comment_info":0,"uagb_excerpt":"Description &amp; Specifications of WS1530-4 Ax ATC CNC Router (wisecnclaser): X Working Area 1500mm Y Working Area 3000mm Z Working Area 450mm Machine table Vacuum + T slot Traveling Positioning Accuracy \u00b10.05mm Repositioning Positioning Accuracy \u00b10.05mm X,Y ,Z Structure XY gear wheel, Z ball screw. All Axis use Square Guide Max. Power Consumption(Without spindle) 1.84KW&hellip;","_links":{"self":[{"href":"https:\/\/wisecnclaser.com\/ar\/wp-json\/wp\/v2\/product\/3754","targetHints":{"allow":["GET"]}}],"collection":[{"href":"https:\/\/wisecnclaser.com\/ar\/wp-json\/wp\/v2\/product"}],"about":[{"href":"https:\/\/wisecnclaser.com\/ar\/wp-json\/wp\/v2\/types\/product"}],"wp:featuredmedia":[{"embeddable":true,"href":"https:\/\/wisecnclaser.com\/ar\/wp-json\/wp\/v2\/media\/3757"}],"wp:attachment":[{"href":"https:\/\/wisecnclaser.com\/ar\/wp-json\/wp\/v2\/media?parent=3754"}],"wp:term":[{"taxonomy":"product_brand","embeddable":true,"href":"https:\/\/wisecnclaser.com\/ar\/wp-json\/wp\/v2\/product_brand?post=3754"},{"taxonomy":"product_cat","embeddable":true,"href":"https:\/\/wisecnclaser.com\/ar\/wp-json\/wp\/v2\/product_cat?post=3754"},{"taxonomy":"product_tag","embeddable":true,"href":"https:\/\/wisecnclaser.com\/ar\/wp-json\/wp\/v2\/product_tag?post=3754"}],"curies":[{"name":"\u062f\u0628\u0644\u064a\u0648 \u0628\u064a","href":"https:\/\/api.w.org\/{rel}","templated":true}]}}