{"id":59,"date":"2025-05-20T07:32:07","date_gmt":"2025-05-20T07:32:07","guid":{"rendered":"https:\/\/wisecnclaser.com\/about\/"},"modified":"2025-05-23T02:59:13","modified_gmt":"2025-05-23T02:59:13","slug":"about","status":"publish","type":"page","link":"https:\/\/wisecnclaser.com\/cs\/about\/","title":{"rendered":"O str\u00e1nk\u00e1ch"},"content":{"rendered":"<div data-elementor-type=\"wp-page\" data-elementor-id=\"59\" class=\"elementor elementor-59\" data-elementor-post-type=\"page\">\n\t\t\t\t<div class=\"elementor-element elementor-element-3de2832 e-flex e-con-boxed e-con e-parent\" data-id=\"3de2832\" data-element_type=\"container\" data-e-type=\"container\">\n\t\t\t\t\t<div class=\"e-con-inner\">\n\t\t\t\t<div class=\"elementor-element elementor-element-1a1db08 elementor-widget elementor-widget-ucaddon_square_icon_box\" data-id=\"1a1db08\" data-element_type=\"widget\" data-e-type=\"widget\" data-widget_type=\"ucaddon_square_icon_box.default\">\n\t\t\t\t<div class=\"elementor-widget-container\">\n\t\t\t\t\t\n<!-- start Icon Box -->\n\t\t<link id='font-awesome-css' href='https:\/\/wisecnclaser.com\/wp-content\/plugins\/unlimited-elements-for-elementor-premium\/assets_libraries\/font-awesome6\/fontawesome-all.min.css' type='text\/css' rel='stylesheet' >\n\t\t<link id='font-awesome-4-shim-css' href='https:\/\/wisecnclaser.com\/wp-content\/plugins\/unlimited-elements-for-elementor-premium\/assets_libraries\/font-awesome6\/fontawesome-v4-shims.min.css' type='text\/css' rel='stylesheet' >\n\n<style>\/* widget: Icon Box *\/\n\n#uc_square_icon_box_elementor_1a1db08 * { \n\tbox-sizing: border-box; \n}\n\n#uc_square_icon_box_elementor_1a1db08{\n\tfont-family: inherit;\n    transition:0.3s;\n    position:relative;\n}\n\n#uc_square_icon_box_elementor_1a1db08 .blox-boxed-small-square-icon-box-icon{\n\t\n\tposition:relative;\n    display:flex;\n    justify-content:center;\n    align-items:center;\n    transform:rotate(0deg);\n    z-index:2;\n}\n#uc_square_icon_box_elementor_1a1db08 .ue-icon {\n  display:inline-block;\n}\n#uc_square_icon_box_elementor_1a1db08 .blox-boxed-small-square-icon-box-icon > div{\n\t\n\tposition:relative;\n    display:flex;\n    justify-content:center;\n    align-items:center;\n    transform:rotate(-0deg);\n}\n#uc_square_icon_box_elementor_1a1db08 .ue-icon-inner{\n    line-height:1em;\n\t} \t\n\n\n#uc_square_icon_box_elementor_1a1db08 .ue-icon-inner svg{\n    height:1em;\n    width:1em;\n\t} \t\n\t\n.blox-boxed-small-square-icon-box-heading{\n\tfont-size:21px;\n\t}\n\n\n#uc_square_icon_box_elementor_1a1db08:hover\n{\n  position:relative;\n  z-index:1;\n}\n\n\n#uc_square_icon_box_elementor_1a1db08 .ue_box_button\n{\n  text-align:center;\n  text-decoration:none;\n  display:inline-block;\n  transition:0.3s;\n}\n\n\n#uc_square_icon_box_elementor_1a1db08 span.line\n{\n  display:block;\n  position:absolute;\n  top:0;\n  left:0;\n  width:0px;\n  transition:0.3s;\n}\n\n#uc_square_icon_box_elementor_1a1db08:hover span.line\n{\n  width:100%;\n}\n\n#uc_square_icon_box_elementor_1a1db08 .ue-title-separator span\n{\n  display:inline-block;\n  transition:0.3s;\n}\n\n\n\n\n\n<\/style>\n\n<div class=\"square_icon_box\" id=\"uc_square_icon_box_elementor_1a1db08\">\n  \n  \t\t  \n  \n         \n  \t\t        <div class=\"blox-boxed-small-square-icon-box-heading\">\n        \tJinan Wise CNC Laser Machinery Co., Ltd.\n        <\/div>\n          \n  \t\t             <div class=\"ue-title-separator\">\n               <span><\/span>\n             <\/div>\n          \n  \n          \n  \t\t        \n          \n  \t\t  \n<\/div>\n<!-- end Icon Box -->\t\t\t\t<\/div>\n\t\t\t\t<\/div>\n\t\t\t\t<div class=\"elementor-element elementor-element-7853ca7 elementor-widget elementor-widget-text-editor\" data-id=\"7853ca7\" data-element_type=\"widget\" data-e-type=\"widget\" data-widget_type=\"text-editor.default\">\n\t\t\t\t<div class=\"elementor-widget-container\">\n\t\t\t\t\t\t\t\t\t<p>Spole\u010dnost Jinan Wise CNC Laser Machinery Co., Ltd. je specializovan\u00fdm v\u00fdrobcem d\u0159evoobr\u00e1b\u011bc\u00edch stroj\u016f, stroj\u016f na olepov\u00e1n\u00ed hran, stroj\u016f na \u0159ez\u00e1n\u00ed kov\u016f, fr\u00e9zek na \u0159ez\u00e1n\u00ed p\u011bny, \u0159ezac\u00edch stroj\u016f s ploch\u00fdm lo\u017eem, stroj\u016f na opracov\u00e1n\u00ed kamene, stroj\u016f s co2 laserem. Nach\u00e1z\u00ed se ve m\u011bst\u011b Jinan, provincie Shandong, \u010c\u00edna. udr\u017eujeme v\u00fdzkum a v\u00fdvoj nov\u00fdch technologick\u00fdch stroj\u016f pro mnoho oblast\u00ed, jako je panelov\u00fd n\u00e1bytek, d\u0159ev\u011bn\u00e9 dve\u0159e, sk\u0159\u00edn\u011b, \u0159ezb\u00e1\u0159stv\u00ed kamene, \u0159ez\u00e1n\u00ed kov\u016f, architektonick\u00fd model, reklamn\u00ed pr\u016fmysl, \u0159emesla a um\u011bn\u00ed, vzd\u011bl\u00e1vac\u00ed instituce, pr\u016fmysl laserov\u00e9ho zna\u010den\u00ed atd.\u00a0<\/p><p>Jinan Wise CNC Laser Machinery z\u00edsk\u00e1v\u00e1 d\u016fv\u011bru nov\u00fdch i star\u00fdch klient\u016f v z\u00e1vislosti na stabiln\u00ed kvalit\u011b a nejlep\u0161\u00edch poprodejn\u00edch slu\u017eb\u00e1ch. Jsme odhodl\u00e1ni slou\u017eit na\u0161im klient\u016fm s ve\u0161kerou na\u0161\u00ed v\u00e1\u0161n\u00ed a profesionalitou.\u00a0<\/p><p>Ka\u017ed\u00fd, kdo m\u00e1 r\u016fzn\u00e9 po\u017eadavky, zde m\u016f\u017ee naj\u00edt vhodn\u00fd laserov\u00fd stroj, poskytneme v\u00e1m nejlep\u0161\u00ed \u0159e\u0161en\u00ed pro speci\u00e1ln\u00ed odv\u011btv\u00ed a aplikace.\u00a0<\/p><p>Nejsme jen dodavatelem nebo v\u00fdrobcem, ale i poskytovatelem \u0159e\u0161en\u00ed pro CNC a laserov\u00e9 stroje.Douf\u00e1me, \u017ee m\u00e1me \u0161anci v\u00e1m pomoci spole\u010dn\u011b r\u016fst v tomto odv\u011btv\u00ed.<\/p><p><strong>V\u00fdhody spole\u010dnosti<\/strong><strong>:<\/strong><\/p><p>1. M\u00e1me v\u00edce ne\u017e 17 let zku\u0161enost\u00ed s v\u00fdrobou a st\u00e1le vyv\u00edj\u00edme nov\u00e9 produkty podle po\u017eadavk\u016f trhu.<\/p><p>2. V\u0161ichni pracovn\u00edci maj\u00ed dlouholet\u00e9 zku\u0161enosti s mont\u00e1\u017e\u00ed, jsou zb\u011bhl\u00ed ve v\u00fdrob\u011b, tak\u017ee v\u00e1m stroj m\u016f\u017eeme dodat v\u010das.<\/p><p>3 .Prodejci a technick\u00e1 osoba jsou pe\u010dliv\u00ed a trp\u011bliv\u00ed, mohou v\u00e1m odpov\u011bd\u011bt na v\u0161echny technick\u00e9 ot\u00e1zky t\u00fdkaj\u00edc\u00ed se stroje, dokumenty budou tak\u00e9 pe\u010dliv\u011b a podrobn\u011b p\u0159ipraveny.<\/p><p>4. poskytneme v\u00e1m nejlep\u0161\u00ed poprodejn\u00ed servis, ka\u017ed\u00fd poprodejn\u00ed pracovn\u00edk m\u00e1 pas, pokud se vyskytne n\u011bjak\u00fd velk\u00fd probl\u00e9m, m\u016f\u017eeme ho vy\u0159e\u0161it do 24 hodin, nebo dokonce poslat n\u011bjakou osobu do va\u0161\u00ed tov\u00e1rny na \u00fadr\u017ebu v\u010das.<\/p><p>5. M\u00e1me dostatek d\u00edl\u016f na sklad\u011b, pokud budete pot\u0159ebovat d\u00edly, po\u0161leme v\u00e1m je do 6 hodin.<\/p>\t\t\t\t\t\t\t\t<\/div>\n\t\t\t\t<\/div>\n\t\t\t\t\t<\/div>\n\t\t\t\t<\/div>\n\t\t\t\t<\/div>","protected":false},"excerpt":{"rendered":"<p>Jinan Wise CNC Laser Machinery Co., Ltd. Jinan Wise CNC Laser Machinery Co., Ltd.\u00a0 is specialized manufacturer of woodworking machine, edge banding machine, metal cutting machine, foam cutting milling machine, flatbed cutting machine, stone machine, co2 laser machine. Located in Jinan city, Shandong province, China. we keep R&amp;D new-tech machine for many fields such as [&hellip;]<\/p>\n","protected":false},"author":0,"featured_media":0,"parent":0,"menu_order":0,"comment_status":"closed","ping_status":"closed","template":"","meta":{"_seopress_robots_primary_cat":"","_seopress_titles_title":"","_seopress_titles_desc":"","_seopress_robots_index":"","_uag_custom_page_level_css":"","site-sidebar-layout":"no-sidebar","site-content-layout":"plain-container","ast-site-content-layout":"full-width-container","site-content-style":"default","site-sidebar-style":"default","ast-global-header-display":"","ast-banner-title-visibility":"","ast-main-header-display":"","ast-hfb-above-header-display":"","ast-hfb-below-header-display":"","ast-hfb-mobile-header-display":"","site-post-title":"disabled","ast-breadcrumbs-content":"","ast-featured-img":"disabled","footer-sml-layout":"","ast-disable-related-posts":"","theme-transparent-header-meta":"enabled","adv-header-id-meta":"","stick-header-meta":"","header-above-stick-meta":"","header-main-stick-meta":"","header-below-stick-meta":"","astra-migrate-meta-layouts":"set","ast-page-background-enabled":"default","ast-page-background-meta":{"desktop":{"background-color":"","background-image":"","background-repeat":"repeat","background-position":"center center","background-size":"auto","background-attachment":"scroll","background-type":"","background-media":"","overlay-type":"","overlay-color":"","overlay-opacity":"","overlay-gradient":""},"tablet":{"background-color":"","background-image":"","background-repeat":"repeat","background-position":"center center","background-size":"auto","background-attachment":"scroll","background-type":"","background-media":"","overlay-type":"","overlay-color":"","overlay-opacity":"","overlay-gradient":""},"mobile":{"background-color":"","background-image":"","background-repeat":"repeat","background-position":"center center","background-size":"auto","background-attachment":"scroll","background-type":"","background-media":"","overlay-type":"","overlay-color":"","overlay-opacity":"","overlay-gradient":""}},"ast-content-background-meta":{"desktop":{"background-color":"var(--ast-global-color-5)","background-image":"","background-repeat":"repeat","background-position":"center center","background-size":"auto","background-attachment":"scroll","background-type":"","background-media":"","overlay-type":"","overlay-color":"","overlay-opacity":"","overlay-gradient":""},"tablet":{"background-color":"var(--ast-global-color-5)","background-image":"","background-repeat":"repeat","background-position":"center center","background-size":"auto","background-attachment":"scroll","background-type":"","background-media":"","overlay-type":"","overlay-color":"","overlay-opacity":"","overlay-gradient":""},"mobile":{"background-color":"var(--ast-global-color-5)","background-image":"","background-repeat":"repeat","background-position":"center center","background-size":"auto","background-attachment":"scroll","background-type":"","background-media":"","overlay-type":"","overlay-color":"","overlay-opacity":"","overlay-gradient":""}},"footnotes":""},"class_list":["post-59","page","type-page","status-publish","hentry"],"uagb_featured_image_src":{"full":false,"thumbnail":false,"medium":false,"medium_large":false,"large":false,"1536x1536":false,"2048x2048":false,"trp-custom-language-flag":false,"woocommerce_thumbnail":false,"woocommerce_single":false,"woocommerce_gallery_thumbnail":false},"uagb_author_info":{"display_name":"","author_link":"https:\/\/wisecnclaser.com\/cs\/author\/"},"uagb_comment_info":0,"uagb_excerpt":"Jinan Wise CNC Laser Machinery Co., Ltd. Jinan Wise CNC Laser Machinery Co., Ltd.\u00a0 is specialized manufacturer of woodworking machine, edge banding machine, metal cutting machine, foam cutting milling machine, flatbed cutting machine, stone machine, co2 laser machine. Located in Jinan city, Shandong province, China. we keep R&amp;D new-tech machine for many fields such as&hellip;","_links":{"self":[{"href":"https:\/\/wisecnclaser.com\/cs\/wp-json\/wp\/v2\/pages\/59","targetHints":{"allow":["GET"]}}],"collection":[{"href":"https:\/\/wisecnclaser.com\/cs\/wp-json\/wp\/v2\/pages"}],"about":[{"href":"https:\/\/wisecnclaser.com\/cs\/wp-json\/wp\/v2\/types\/page"}],"replies":[{"embeddable":true,"href":"https:\/\/wisecnclaser.com\/cs\/wp-json\/wp\/v2\/comments?post=59"}],"version-history":[{"count":17,"href":"https:\/\/wisecnclaser.com\/cs\/wp-json\/wp\/v2\/pages\/59\/revisions"}],"predecessor-version":[{"id":3785,"href":"https:\/\/wisecnclaser.com\/cs\/wp-json\/wp\/v2\/pages\/59\/revisions\/3785"}],"wp:attachment":[{"href":"https:\/\/wisecnclaser.com\/cs\/wp-json\/wp\/v2\/media?parent=59"}],"curies":[{"name":"wp","href":"https:\/\/api.w.org\/{rel}","templated":true}]}}