{"id":1192,"date":"2025-05-20T07:32:07","date_gmt":"2025-05-20T07:32:07","guid":{"rendered":"https:\/\/wisecnclaser.com\/product\/golden-bag-with-chain\/"},"modified":"2026-01-15T06:41:10","modified_gmt":"2026-01-15T06:41:10","slug":"golden-bag-with-chain","status":"publish","type":"product","link":"https:\/\/wisecnclaser.com\/cs\/produkt\/golden-bag-with-chain\/","title":{"rendered":"\u0158ezac\u00ed stroj na k\u00e1men s 5 osami"},"content":{"rendered":"<p><strong>Vlastnosti 5os\u00e9ho stroje na \u0159ez\u00e1n\u00ed kamene na most\u011b\uff1a<\/strong><\/p>\n<p>Pln\u011b automatick\u00fd p\u011btios\u00fd infra\u010derven\u00fd mostov\u00fd \u0159ezac\u00ed stroj, konverze do v\u00edce jazyk\u016f, zpracov\u00e1n\u00ed stoln\u00ed desky m\u016f\u017ee b\u00fdt provedeno jedn\u00edm strojem, p\u011btios\u00e9 propojen\u00ed X-Y-Z-A-B, \u0161ir\u0161\u00ed rozsah aplikac\u00ed, lze realizovat \u0159ez\u00e1n\u00ed, sr\u00e1\u017een\u00ed hran, lemov\u00e1n\u00ed, dr\u00e1\u017ekov\u00e1n\u00ed, vrt\u00e1n\u00ed, kruhov\u00fd oblouk Dal\u0161\u00ed zpracov\u00e1n\u00ed speci\u00e1ln\u00edch tvar\u016f, jednoduch\u00e1 obsluha a siln\u00e1 prakti\u010dnost.<\/p>\n<p><strong>Zpracov\u00e1van\u00fd materi\u00e1l:<\/strong><\/p>\n<p>\u017dula, mramor, um\u011bl\u00fd k\u00e1men, desky a dal\u0161\u00ed druhy kamene.<\/p>\n<p><strong>Funkce:<\/strong><\/p>\n<p>1. Hlava stroje se m\u016f\u017ee k\u00fdvat v libovoln\u00e9m \u00fahlu a m\u016f\u017ee \u0159ezat desku v libovoln\u00e9m \u00fahlu a tvaru: vodorovn\u00e9 \u0159ez\u00e1n\u00ed, pod\u00e9ln\u00e9 \u0159ez\u00e1n\u00ed, obloukov\u00e9 \u0159ez\u00e1n\u00ed, eliptick\u00e9 \u0159ez\u00e1n\u00ed a kulat\u00e9 \u0159ez\u00e1n\u00ed. Stroj lze pou\u017e\u00edt tak\u00e9 pro \u0159ez\u00e1n\u00ed hrbolk\u016f.<\/p>\n<p>2. Krom\u011b tvaru \u0159ezu m\u016f\u017ee tak\u00e9 \u0159ezat velkou desku se zkosen\u00edm 45\u00b0, otev\u00edrat otvor pro umyvadlo, otvor pro kamna a \u0159ezat diagon\u00e1ln\u011b.<\/p>\n<p>3. Plo\u0161inu lze oto\u010dit o 85\u00b0, co\u017e je vhodn\u00e9 pro nakl\u00e1d\u00e1n\u00ed a vykl\u00e1d\u00e1n\u00ed.<\/p>\n<p>4. \u017d\u00e1dn\u00e9 slo\u017eit\u00e9 operace, pouze zad\u00e1v\u00e1n\u00ed \u00fadaj\u016f do \u0159\u00eddic\u00edho syst\u00e9mu.<\/p>\n<p>&nbsp;<\/p>\n<table width=\"662\">\n<tbody>\n<tr class=\"firstRow\">\n<td colspan=\"2\" valign=\"center\" width=\"662\"><strong>Technick\u00fd parametr WS3020 5os\u00e9ho mostn\u00edho \u0159ezac\u00edho stroje na k\u00e1men<\/strong><\/td>\n<\/tr>\n<tr>\n<td valign=\"top\" width=\"207\">Velikost zpracov\u00e1n\u00ed<\/td>\n<td valign=\"top\" width=\"455\">3000*1600 mm<\/td>\n<\/tr>\n<tr>\n<td valign=\"top\" width=\"207\">Pr\u016fm\u011br pilov\u00e9ho kotou\u010de<\/td>\n<td valign=\"top\" width=\"455\">350 mm<\/td>\n<\/tr>\n<tr>\n<td valign=\"top\" width=\"207\">Tlou\u0161\u0165ka \u0159ezu<\/td>\n<td valign=\"top\" width=\"455\">50 mm<\/td>\n<\/tr>\n<tr>\n<td valign=\"top\" width=\"207\">\u0158\u00eddic\u00ed syst\u00e9m<\/td>\n<td valign=\"top\" width=\"455\">Vlastn\u00ed syst\u00e9m \u0159\u00edzen\u00ed v\u00fdzkumu a v\u00fdvoje<\/td>\n<\/tr>\n<tr>\n<td valign=\"top\" width=\"207\">\u00dahel klapky plo\u0161iny<\/td>\n<td valign=\"top\" width=\"455\">0-85\u00b0<\/td>\n<\/tr>\n<tr>\n<td valign=\"top\" width=\"207\">Pr\u016fm\u011br pily<\/td>\n<td valign=\"top\" width=\"455\">350 mm<\/td>\n<\/tr>\n<tr>\n<td valign=\"top\" width=\"207\">\u00dahel nato\u010den\u00ed hlavy<\/td>\n<td valign=\"top\" width=\"455\">0-360\u00b0<\/td>\n<\/tr>\n<tr>\n<td valign=\"top\" width=\"207\">\u00dahel sklonu nosu<\/td>\n<td valign=\"top\" width=\"455\">0\u00b0nebo 45\u00b0<\/td>\n<\/tr>\n<tr>\n<td valign=\"top\" width=\"207\">Software<\/td>\n<td valign=\"top\" width=\"455\">S<\/td>\n<\/tr>\n<tr>\n<td valign=\"top\" width=\"207\">\u0158ezac\u00ed motor<\/td>\n<td valign=\"top\" width=\"455\">7,5 kW\/11 kW<\/td>\n<\/tr>\n<tr>\n<td valign=\"top\" width=\"207\">metoda p\u0159enosu<\/td>\n<td valign=\"top\" width=\"455\">P\u0159evodov\u00fd pohon osy X-Y-A, \u0161roubov\u00fd pohon osy Z<\/td>\n<\/tr>\n<tr>\n<td valign=\"top\" width=\"207\">P\u0159\u00edjezdov\u00e1 cesta<\/td>\n<td valign=\"top\" width=\"455\">\u010c\u00ednsk\u00e1 zna\u010dka 1,3kw servomotor a pot\u00e1p\u011b\u010d + 2,2kw<\/td>\n<\/tr>\n<tr>\n<td valign=\"top\" width=\"207\">Programov\u011b<\/td>\n<td valign=\"top\" width=\"455\">Ru\u010dn\u00ed\/grafick\u00fd import<\/td>\n<\/tr>\n<tr>\n<td valign=\"top\" width=\"207\">T\u011blesn\u00e1 hmotnost<\/td>\n<td valign=\"top\" width=\"455\">3500KGS<\/td>\n<\/tr>\n<tr>\n<td valign=\"top\" width=\"207\">Rozm\u011br<\/td>\n<td valign=\"top\" width=\"455\">6000*3000*2000<\/td>\n<\/tr>\n<\/tbody>\n<\/table>\n<div class=\"ast-oembed-container\" style=\"height: 100%;\"><iframe title=\"5os\u00fd mostn\u00ed stroj na \u0159ez\u00e1n\u00ed kamene stroj na \u0159ez\u00e1n\u00ed tvaru kamene #stonecutting #stonemachine\" width=\"500\" height=\"375\" src=\"https:\/\/www.youtube.com\/embed\/qGtoYgz5C2I?feature=oembed\" frameborder=\"0\" allow=\"accelerometer; autoplay; clipboard-write; encrypted-media; gyroscope; picture-in-picture; web-share\" referrerpolicy=\"strict-origin-when-cross-origin\" allowfullscreen><\/iframe><\/div>","protected":false},"excerpt":{"rendered":"<p><strong>Vlastnosti 5os\u00e9ho stroje na \u0159ez\u00e1n\u00ed kamene na most\u011b\uff1a<\/strong><\/p>\n<p>Pln\u011b automatick\u00fd p\u011btios\u00fd infra\u010derven\u00fd mostov\u00fd \u0159ezac\u00ed stroj, konverze do v\u00edce jazyk\u016f, zpracov\u00e1n\u00ed stoln\u00ed desky m\u016f\u017ee b\u00fdt provedeno jedn\u00edm strojem, p\u011btios\u00e9 propojen\u00ed X-Y-Z-A-B, \u0161ir\u0161\u00ed rozsah aplikac\u00ed, lze realizovat \u0159ez\u00e1n\u00ed, sr\u00e1\u017een\u00ed hran, lemov\u00e1n\u00ed, dr\u00e1\u017ekov\u00e1n\u00ed, vrt\u00e1n\u00ed, kruhov\u00fd oblouk Dal\u0161\u00ed zpracov\u00e1n\u00ed speci\u00e1ln\u00edch tvar\u016f, jednoduch\u00e1 obsluha a siln\u00e1 prakti\u010dnost.<\/p>\n<p><strong>Zpracov\u00e1van\u00fd materi\u00e1l:<\/strong><\/p>\n<p>\u017dula, mramor, um\u011bl\u00fd k\u00e1men, desky a dal\u0161\u00ed druhy kamene.<\/p>\n<p><strong>Funkce:<\/strong><\/p>\n<p>1. Hlava stroje se m\u016f\u017ee k\u00fdvat v libovoln\u00e9m \u00fahlu a m\u016f\u017ee \u0159ezat desku v libovoln\u00e9m \u00fahlu a tvaru: vodorovn\u00e9 \u0159ez\u00e1n\u00ed, pod\u00e9ln\u00e9 \u0159ez\u00e1n\u00ed, obloukov\u00e9 \u0159ez\u00e1n\u00ed, eliptick\u00e9 \u0159ez\u00e1n\u00ed a kulat\u00e9 \u0159ez\u00e1n\u00ed. Stroj lze pou\u017e\u00edt tak\u00e9 pro \u0159ez\u00e1n\u00ed hrbolk\u016f.<\/p>\n<p>2. Krom\u011b tvaru \u0159ezu m\u016f\u017ee tak\u00e9 \u0159ezat velkou desku se zkosen\u00edm 45\u00b0, otev\u00edrat otvor pro umyvadlo, otvor pro kamna a \u0159ezat diagon\u00e1ln\u011b.<\/p>\n<p>3. Plo\u0161inu lze oto\u010dit o 85\u00b0, co\u017e je vhodn\u00e9 pro nakl\u00e1d\u00e1n\u00ed a vykl\u00e1d\u00e1n\u00ed.<\/p>\n<p>4. \u017d\u00e1dn\u00e9 slo\u017eit\u00e9 operace, pouze zad\u00e1v\u00e1n\u00ed \u00fadaj\u016f do \u0159\u00eddic\u00edho syst\u00e9mu.<\/p>","protected":false},"featured_media":3424,"template":"","meta":{"_seopress_robots_primary_cat":"none","_seopress_titles_title":"","_seopress_titles_desc":"","_seopress_robots_index":"","_uag_custom_page_level_css":"","site-sidebar-layout":"default","site-content-layout":"default","ast-site-content-layout":"default","site-content-style":"default","site-sidebar-style":"default","ast-global-header-display":"","ast-banner-title-visibility":"","ast-main-header-display":"","ast-hfb-above-header-display":"","ast-hfb-below-header-display":"","ast-hfb-mobile-header-display":"","site-post-title":"","ast-breadcrumbs-content":"","ast-featured-img":"","footer-sml-layout":"","ast-disable-related-posts":"","theme-transparent-header-meta":"default","adv-header-id-meta":"","stick-header-meta":"default","header-above-stick-meta":"","header-main-stick-meta":"","header-below-stick-meta":"","astra-migrate-meta-layouts":"set","ast-page-background-enabled":"default","ast-page-background-meta":{"desktop":{"background-color":"","background-image":"","background-repeat":"repeat","background-position":"center center","background-size":"auto","background-attachment":"scroll","background-type":"","background-media":"","overlay-type":"","overlay-color":"","overlay-opacity":"","overlay-gradient":""},"tablet":{"background-color":"","background-image":"","background-repeat":"repeat","background-position":"center center","background-size":"auto","background-attachment":"scroll","background-type":"","background-media":"","overlay-type":"","overlay-color":"","overlay-opacity":"","overlay-gradient":""},"mobile":{"background-color":"","background-image":"","background-repeat":"repeat","background-position":"center center","background-size":"auto","background-attachment":"scroll","background-type":"","background-media":"","overlay-type":"","overlay-color":"","overlay-opacity":"","overlay-gradient":""}},"ast-content-background-meta":{"desktop":{"background-color":"var(--ast-global-color-5)","background-image":"","background-repeat":"repeat","background-position":"center center","background-size":"auto","background-attachment":"scroll","background-type":"","background-media":"","overlay-type":"","overlay-color":"","overlay-opacity":"","overlay-gradient":""},"tablet":{"background-color":"var(--ast-global-color-5)","background-image":"","background-repeat":"repeat","background-position":"center center","background-size":"auto","background-attachment":"scroll","background-type":"","background-media":"","overlay-type":"","overlay-color":"","overlay-opacity":"","overlay-gradient":""},"mobile":{"background-color":"var(--ast-global-color-5)","background-image":"","background-repeat":"repeat","background-position":"center center","background-size":"auto","background-attachment":"scroll","background-type":"","background-media":"","overlay-type":"","overlay-color":"","overlay-opacity":"","overlay-gradient":""}}},"product_brand":[],"product_cat":[33],"product_tag":[248,250],"class_list":{"0":"post-1192","1":"product","2":"type-product","3":"status-publish","4":"has-post-thumbnail","6":"product_cat-stone","7":"product_tag-bridge-stone-cutting-machine","8":"product_tag-stone-machine","9":"desktop-align-left","10":"tablet-align-left","11":"mobile-align-left","12":"ast-product-gallery-layout-horizontal-slider","13":"ast-product-gallery-with-no-image","14":"ast-product-tabs-layout-horizontal","16":"first","17":"instock","18":"featured","19":"shipping-taxable","20":"purchasable","21":"product-type-simple"},"uagb_featured_image_src":{"full":["https:\/\/wisecnclaser.com\/wp-content\/uploads\/2025\/05\/ab8f87c236518a9a6803ddd1b83e6a0d.jpg",800,800,false],"thumbnail":["https:\/\/wisecnclaser.com\/wp-content\/uploads\/2025\/05\/ab8f87c236518a9a6803ddd1b83e6a0d-150x150.jpg",150,150,true],"medium":["https:\/\/wisecnclaser.com\/wp-content\/uploads\/2025\/05\/ab8f87c236518a9a6803ddd1b83e6a0d-300x300.jpg",300,300,true],"medium_large":["https:\/\/wisecnclaser.com\/wp-content\/uploads\/2025\/05\/ab8f87c236518a9a6803ddd1b83e6a0d-768x768.jpg",768,768,true],"large":["https:\/\/wisecnclaser.com\/wp-content\/uploads\/2025\/05\/ab8f87c236518a9a6803ddd1b83e6a0d.jpg",800,800,false],"1536x1536":["https:\/\/wisecnclaser.com\/wp-content\/uploads\/2025\/05\/ab8f87c236518a9a6803ddd1b83e6a0d.jpg",800,800,false],"2048x2048":["https:\/\/wisecnclaser.com\/wp-content\/uploads\/2025\/05\/ab8f87c236518a9a6803ddd1b83e6a0d.jpg",800,800,false],"trp-custom-language-flag":["https:\/\/wisecnclaser.com\/wp-content\/uploads\/2025\/05\/ab8f87c236518a9a6803ddd1b83e6a0d-12x12.jpg",12,12,true],"woocommerce_thumbnail":["https:\/\/wisecnclaser.com\/wp-content\/uploads\/2025\/05\/ab8f87c236518a9a6803ddd1b83e6a0d-300x300.jpg",300,300,true],"woocommerce_single":["https:\/\/wisecnclaser.com\/wp-content\/uploads\/2025\/05\/ab8f87c236518a9a6803ddd1b83e6a0d-600x600.jpg",600,600,true],"woocommerce_gallery_thumbnail":["https:\/\/wisecnclaser.com\/wp-content\/uploads\/2025\/05\/ab8f87c236518a9a6803ddd1b83e6a0d-100x100.jpg",100,100,true]},"uagb_author_info":{"display_name":"jinxing6611@gmail.com","author_link":"https:\/\/wisecnclaser.com\/cs\/author\/"},"uagb_comment_info":0,"uagb_excerpt":"Features of 5 axis bridge stone cutting machine\uff1a Fully automatic five-axis infrared bridge cutting machine, multi-language conversion, table top processing can be done by one machine, X-Y-Z-A-B five-axis linkage, a wider range of applications, can realize cutting, chamfering, edging, grooving, drilling, circular arc Other special-shaped processing, simple operation and strong practicability. Processing material: Granite, marble,&hellip;","_links":{"self":[{"href":"https:\/\/wisecnclaser.com\/cs\/wp-json\/wp\/v2\/product\/1192","targetHints":{"allow":["GET"]}}],"collection":[{"href":"https:\/\/wisecnclaser.com\/cs\/wp-json\/wp\/v2\/product"}],"about":[{"href":"https:\/\/wisecnclaser.com\/cs\/wp-json\/wp\/v2\/types\/product"}],"wp:featuredmedia":[{"embeddable":true,"href":"https:\/\/wisecnclaser.com\/cs\/wp-json\/wp\/v2\/media\/3424"}],"wp:attachment":[{"href":"https:\/\/wisecnclaser.com\/cs\/wp-json\/wp\/v2\/media?parent=1192"}],"wp:term":[{"taxonomy":"product_brand","embeddable":true,"href":"https:\/\/wisecnclaser.com\/cs\/wp-json\/wp\/v2\/product_brand?post=1192"},{"taxonomy":"product_cat","embeddable":true,"href":"https:\/\/wisecnclaser.com\/cs\/wp-json\/wp\/v2\/product_cat?post=1192"},{"taxonomy":"product_tag","embeddable":true,"href":"https:\/\/wisecnclaser.com\/cs\/wp-json\/wp\/v2\/product_tag?post=1192"}],"curies":[{"name":"wp","href":"https:\/\/api.w.org\/{rel}","templated":true}]}}