{"id":1193,"date":"2025-05-20T07:32:07","date_gmt":"2025-05-20T07:32:07","guid":{"rendered":"https:\/\/wisecnclaser.com\/product\/black-over-the-shoulder-handbag-2\/"},"modified":"2025-05-23T02:48:40","modified_gmt":"2025-05-23T02:48:40","slug":"black-over-the-shoulder-handbag-2","status":"publish","type":"product","link":"https:\/\/wisecnclaser.com\/cs\/produkt\/black-over-the-shoulder-handbag-2\/","title":{"rendered":"WS6090 WS1290 WS1390 WS1490 WS1610 Laserov\u00fd \u0159ezac\u00ed stroj CO2"},"content":{"rendered":"<p><strong>Vlastnosti laserov\u00e9ho \u0159ezac\u00edho stroje 1390:<\/strong><\/p>\n<p>Jedine\u010dn\u00e1 konstrukce zpomalova\u010de zaji\u0161\u0165uje stabiln\u00ed a plynul\u00fd pohyb mechanick\u00e9ho syst\u00e9mu. \u0158ezn\u00e1 hrana je hladk\u00e1 a nen\u00ed na n\u00ed \u017e\u00e1dn\u00fd pilov\u00fd zub. Software vyu\u017e\u00edv\u00e1 metodu spojit\u00e9 k\u0159ivky, kter\u00e1 umo\u017e\u0148uje dos\u00e1hnout vy\u0161\u0161\u00ed rychlosti \u0159ez\u00e1n\u00ed.<\/p>\n<p><strong>Pou\u017eiteln\u00e9 materi\u00e1ly:<\/strong>\u00a0d\u0159evo, bambus, nefrit, mramor, organick\u00e9 sklo, k\u0159i\u0161\u0165\u00e1l, plast, od\u011bvy, pap\u00edr, k\u016f\u017ee, guma, keramika, sklo a dal\u0161\u00ed nekovov\u00e9 materi\u00e1ly.<\/p>\n<p><strong>Pou\u017eiteln\u00e1 odv\u011btv\u00ed:\u00a0<\/strong>reklama, um\u011bleck\u00e1 \u0159emesla, k\u016f\u017ee, hra\u010dky, od\u011bvy, model\u00e1\u0159stv\u00ed , stavebn\u00ed \u010dalounictv\u00ed, po\u010d\u00edta\u010dov\u00e9 vy\u0161\u00edv\u00e1n\u00ed a st\u0159\u00edh\u00e1n\u00ed, obalov\u00fd a pap\u00edrensk\u00fd pr\u016fmysl.<\/p>\n<p><strong>Technick\u00e1 str\u00e1nka\u00a0<\/strong><strong>Specifikace<\/strong><strong>\u00a0<\/strong><strong>z<\/strong><strong>\u00a0Laserov\u00fd \u0159ezac\u00ed stroj Co2:<\/strong><\/p>\n<table>\n<tbody>\n<tr class=\"firstRow\">\n<td valign=\"top\" width=\"252\">Typ laseru<\/td>\n<td valign=\"top\" width=\"345\">Uzav\u0159en\u00fd syst\u00e9m CO<sub>2<\/sub>\u00a0laserov\u00e1 trubice<\/td>\n<\/tr>\n<tr>\n<td valign=\"top\" width=\"252\">Typ modelu<\/td>\n<td valign=\"top\" width=\"345\">6090\u00a01290\u00a01390 1490 1610<\/td>\n<\/tr>\n<tr>\n<td valign=\"top\" width=\"252\">V\u00fdkon laseru<\/td>\n<td valign=\"top\" width=\"345\">60W 80W 100W 130W 150W<\/td>\n<\/tr>\n<tr>\n<td valign=\"top\" width=\"246\">\u0158ezn\u00e1 plocha<\/td>\n<td valign=\"top\" width=\"345\">600*900mm, 1200*900mm 1300*900mm, 1400*900mm,1600*1000mm<\/td>\n<\/tr>\n<tr>\n<td valign=\"top\" width=\"252\">Rychlost grav\u00edrov\u00e1n\u00ed<\/td>\n<td valign=\"top\" width=\"345\">0-24 000 mm\/min<\/td>\n<\/tr>\n<tr>\n<td valign=\"top\" width=\"252\">Obnoven\u00ed p\u0159esnosti<\/td>\n<td valign=\"top\" width=\"345\">\u00b10,05 mm<\/td>\n<\/tr>\n<tr>\n<td valign=\"top\" width=\"252\">Pracovn\u00ed nap\u011bt\u00ed<\/td>\n<td valign=\"top\" width=\"345\">AC110-220V \u00b110%,50-60HZ<\/td>\n<\/tr>\n<tr>\n<td valign=\"top\" width=\"252\">Power<\/td>\n<td valign=\"top\" width=\"345\">Maxim\u00e1ln\u00ed v\u00fdkon 1200 W<\/td>\n<\/tr>\n<tr>\n<td valign=\"top\" width=\"252\">Provozn\u00ed teplota<\/td>\n<td valign=\"top\" width=\"345\">0-45 stup\u0148\u016f<\/td>\n<\/tr>\n<tr>\n<td valign=\"top\" width=\"252\">Provozn\u00ed vlhkost<\/td>\n<td valign=\"top\" width=\"345\">5-95%<\/td>\n<\/tr>\n<tr>\n<td valign=\"top\" width=\"252\">Minim\u00e1ln\u00ed tvarovac\u00ed znak<\/td>\n<td valign=\"top\" width=\"345\">Angli\u010dtina 1*1mm<\/td>\n<\/tr>\n<tr>\n<td valign=\"top\" width=\"252\">Podporovan\u00fd grafick\u00fd form\u00e1t<\/td>\n<td valign=\"top\" width=\"345\">BMP, PLT, DST, DXF a AI<\/td>\n<\/tr>\n<tr>\n<td valign=\"top\" width=\"252\">Syst\u00e9m pohonu<\/td>\n<td valign=\"top\" width=\"345\">Krokov\u00fd ovlada\u010d<\/td>\n<\/tr>\n<tr>\n<td valign=\"top\" width=\"252\">Re\u017eim chlazen\u00ed<\/td>\n<td valign=\"top\" width=\"345\">Vodn\u00ed chlazen\u00ed a ochrann\u00fd syst\u00e9m<\/td>\n<\/tr>\n<tr>\n<td valign=\"top\" width=\"252\">Pomocn\u00e9 vybaven\u00ed<\/td>\n<td valign=\"top\" width=\"345\">V\u00fdfukov\u00fd ventil\u00e1tor, v\u00fdfukov\u00e9 potrub\u00ed, vzduchov\u00fd kompresor, vodn\u00ed \u010derpadlo<\/td>\n<\/tr>\n<tr>\n<td valign=\"top\" width=\"252\">Software<\/td>\n<td valign=\"top\" width=\"345\">Laserov\u00fd \u0159ez 5.3<\/td>\n<\/tr>\n<tr>\n<td valign=\"top\" width=\"252\">Kompatibiln\u00ed software<\/td>\n<td valign=\"top\" width=\"345\">Coreldraw AutoCAD Photoshop<\/td>\n<\/tr>\n<tr>\n<td valign=\"top\" width=\"252\">\u0158\u00eddic\u00ed syst\u00e9m<\/td>\n<td valign=\"top\" width=\"345\">DSP CONTROL<\/td>\n<\/tr>\n<tr>\n<td valign=\"top\" width=\"252\">Velikost cel\u00e9ho stroje<\/td>\n<td valign=\"top\" width=\"345\">1720*1210*1070 mm<\/td>\n<\/tr>\n<tr>\n<td valign=\"top\" width=\"252\">Celkov\u00e1 hmotnost s obalem<\/td>\n<td valign=\"top\" width=\"345\">280 kg<\/td>\n<\/tr>\n<\/tbody>\n<\/table>\n<p>&nbsp;<\/p>","protected":false},"excerpt":{"rendered":"<p><strong>Vlastnosti laserov\u00e9ho \u0159ezac\u00edho stroje 1390:<\/strong><\/p>\n<p>Jedine\u010dn\u00e1 konstrukce zpomalova\u010de zaji\u0161\u0165uje stabiln\u00ed a plynul\u00fd pohyb mechanick\u00e9ho syst\u00e9mu. \u0158ezn\u00e1 hrana je hladk\u00e1 a nen\u00ed na n\u00ed \u017e\u00e1dn\u00fd pilov\u00fd zub. Software vyu\u017e\u00edv\u00e1 metodu spojit\u00e9 k\u0159ivky, kter\u00e1 umo\u017e\u0148uje dos\u00e1hnout vy\u0161\u0161\u00ed rychlosti \u0159ez\u00e1n\u00ed.<\/p>\n<p><strong>Pou\u017eiteln\u00e9 materi\u00e1ly:<\/strong>\u00a0d\u0159evo, bambus, nefrit, mramor, organick\u00e9 sklo, k\u0159i\u0161\u0165\u00e1l, plast, od\u011bvy, pap\u00edr, k\u016f\u017ee, guma, keramika, sklo a dal\u0161\u00ed nekovov\u00e9 materi\u00e1ly.<\/p>\n<p><strong>Pou\u017eiteln\u00e1 odv\u011btv\u00ed:\u00a0<\/strong>reklama, um\u011bleck\u00e1 \u0159emesla, k\u016f\u017ee, hra\u010dky, od\u011bvy, model\u00e1\u0159stv\u00ed , stavebn\u00ed \u010dalounictv\u00ed, po\u010d\u00edta\u010dov\u00e9 vy\u0161\u00edv\u00e1n\u00ed a st\u0159\u00edh\u00e1n\u00ed, obalov\u00fd a pap\u00edrensk\u00fd pr\u016fmysl.<\/p>","protected":false},"featured_media":3440,"template":"","meta":{"_seopress_robots_primary_cat":"none","_seopress_titles_title":"","_seopress_titles_desc":"","_seopress_robots_index":"","_uag_custom_page_level_css":"","site-sidebar-layout":"default","site-content-layout":"default","ast-site-content-layout":"default","site-content-style":"default","site-sidebar-style":"default","ast-global-header-display":"","ast-banner-title-visibility":"","ast-main-header-display":"","ast-hfb-above-header-display":"","ast-hfb-below-header-display":"","ast-hfb-mobile-header-display":"","site-post-title":"","ast-breadcrumbs-content":"","ast-featured-img":"","footer-sml-layout":"","ast-disable-related-posts":"","theme-transparent-header-meta":"default","adv-header-id-meta":"","stick-header-meta":"default","header-above-stick-meta":"","header-main-stick-meta":"","header-below-stick-meta":"","astra-migrate-meta-layouts":"set","ast-page-background-enabled":"default","ast-page-background-meta":{"desktop":{"background-color":"","background-image":"","background-repeat":"repeat","background-position":"center center","background-size":"auto","background-attachment":"scroll","background-type":"","background-media":"","overlay-type":"","overlay-color":"","overlay-opacity":"","overlay-gradient":""},"tablet":{"background-color":"","background-image":"","background-repeat":"repeat","background-position":"center center","background-size":"auto","background-attachment":"scroll","background-type":"","background-media":"","overlay-type":"","overlay-color":"","overlay-opacity":"","overlay-gradient":""},"mobile":{"background-color":"","background-image":"","background-repeat":"repeat","background-position":"center center","background-size":"auto","background-attachment":"scroll","background-type":"","background-media":"","overlay-type":"","overlay-color":"","overlay-opacity":"","overlay-gradient":""}},"ast-content-background-meta":{"desktop":{"background-color":"var(--ast-global-color-5)","background-image":"","background-repeat":"repeat","background-position":"center center","background-size":"auto","background-attachment":"scroll","background-type":"","background-media":"","overlay-type":"","overlay-color":"","overlay-opacity":"","overlay-gradient":""},"tablet":{"background-color":"var(--ast-global-color-5)","background-image":"","background-repeat":"repeat","background-position":"center center","background-size":"auto","background-attachment":"scroll","background-type":"","background-media":"","overlay-type":"","overlay-color":"","overlay-opacity":"","overlay-gradient":""},"mobile":{"background-color":"var(--ast-global-color-5)","background-image":"","background-repeat":"repeat","background-position":"center center","background-size":"auto","background-attachment":"scroll","background-type":"","background-media":"","overlay-type":"","overlay-color":"","overlay-opacity":"","overlay-gradient":""}}},"product_brand":[],"product_cat":[32],"product_tag":[],"class_list":{"0":"post-1193","1":"product","2":"type-product","3":"status-publish","4":"has-post-thumbnail","6":"product_cat-lasercutting","7":"desktop-align-left","8":"tablet-align-left","9":"mobile-align-left","10":"ast-product-gallery-layout-horizontal-slider","11":"ast-product-gallery-with-no-image","12":"ast-product-tabs-layout-horizontal","14":"first","15":"instock","16":"shipping-taxable","17":"purchasable","18":"product-type-simple"},"uagb_featured_image_src":{"full":["https:\/\/wisecnclaser.com\/wp-content\/uploads\/2025\/05\/cb3fe470a96d64b2a825f89cac573d14.jpg",800,800,false],"thumbnail":["https:\/\/wisecnclaser.com\/wp-content\/uploads\/2025\/05\/cb3fe470a96d64b2a825f89cac573d14-150x150.jpg",150,150,true],"medium":["https:\/\/wisecnclaser.com\/wp-content\/uploads\/2025\/05\/cb3fe470a96d64b2a825f89cac573d14-300x300.jpg",300,300,true],"medium_large":["https:\/\/wisecnclaser.com\/wp-content\/uploads\/2025\/05\/cb3fe470a96d64b2a825f89cac573d14-768x768.jpg",768,768,true],"large":["https:\/\/wisecnclaser.com\/wp-content\/uploads\/2025\/05\/cb3fe470a96d64b2a825f89cac573d14.jpg",800,800,false],"1536x1536":["https:\/\/wisecnclaser.com\/wp-content\/uploads\/2025\/05\/cb3fe470a96d64b2a825f89cac573d14.jpg",800,800,false],"2048x2048":["https:\/\/wisecnclaser.com\/wp-content\/uploads\/2025\/05\/cb3fe470a96d64b2a825f89cac573d14.jpg",800,800,false],"trp-custom-language-flag":["https:\/\/wisecnclaser.com\/wp-content\/uploads\/2025\/05\/cb3fe470a96d64b2a825f89cac573d14-12x12.jpg",12,12,true],"woocommerce_thumbnail":["https:\/\/wisecnclaser.com\/wp-content\/uploads\/2025\/05\/cb3fe470a96d64b2a825f89cac573d14-300x300.jpg",300,300,true],"woocommerce_single":["https:\/\/wisecnclaser.com\/wp-content\/uploads\/2025\/05\/cb3fe470a96d64b2a825f89cac573d14-600x600.jpg",600,600,true],"woocommerce_gallery_thumbnail":["https:\/\/wisecnclaser.com\/wp-content\/uploads\/2025\/05\/cb3fe470a96d64b2a825f89cac573d14-100x100.jpg",100,100,true]},"uagb_author_info":{"display_name":"jinxing6611@gmail.com","author_link":"https:\/\/wisecnclaser.com\/cs\/author\/"},"uagb_comment_info":0,"uagb_excerpt":"Features of 1390 laser cutting machine: The unique decelerate design make the mechanical system move stably and smoothly. The edge of cutting is smooth and there is no sawtooth. The software adopts. continuous curve method to get faster cutting speed. Applicable materials:\u00a0wood, bamboo, jade, marble, organic glass, crystal, plastic, garments, paper, leather, rubber, ceramic, glass&hellip;","_links":{"self":[{"href":"https:\/\/wisecnclaser.com\/cs\/wp-json\/wp\/v2\/product\/1193","targetHints":{"allow":["GET"]}}],"collection":[{"href":"https:\/\/wisecnclaser.com\/cs\/wp-json\/wp\/v2\/product"}],"about":[{"href":"https:\/\/wisecnclaser.com\/cs\/wp-json\/wp\/v2\/types\/product"}],"wp:featuredmedia":[{"embeddable":true,"href":"https:\/\/wisecnclaser.com\/cs\/wp-json\/wp\/v2\/media\/3440"}],"wp:attachment":[{"href":"https:\/\/wisecnclaser.com\/cs\/wp-json\/wp\/v2\/media?parent=1193"}],"wp:term":[{"taxonomy":"product_brand","embeddable":true,"href":"https:\/\/wisecnclaser.com\/cs\/wp-json\/wp\/v2\/product_brand?post=1193"},{"taxonomy":"product_cat","embeddable":true,"href":"https:\/\/wisecnclaser.com\/cs\/wp-json\/wp\/v2\/product_cat?post=1193"},{"taxonomy":"product_tag","embeddable":true,"href":"https:\/\/wisecnclaser.com\/cs\/wp-json\/wp\/v2\/product_tag?post=1193"}],"curies":[{"name":"wp","href":"https:\/\/api.w.org\/{rel}","templated":true}]}}