{"id":1195,"date":"2025-05-20T07:32:07","date_gmt":"2025-05-20T07:32:07","guid":{"rendered":"https:\/\/wisecnclaser.com\/product\/dnk-purple-tshirt\/"},"modified":"2025-05-22T12:41:34","modified_gmt":"2025-05-22T12:41:34","slug":"dnk-purple-tshirt","status":"publish","type":"product","link":"https:\/\/wisecnclaser.com\/cs\/produkt\/dnk-purple-tshirt\/","title":{"rendered":"WS1325 Laserov\u00fd \u0159ezac\u00ed stroj CO2"},"content":{"rendered":"<p><strong>Vlastnosti:<\/strong><\/p>\n<p>Pracovn\u00ed plocha 1300 \u00d7 2500 mm spl\u0148uje po\u017eadavky na grav\u00edrov\u00e1n\u00ed a \u0159ez\u00e1n\u00ed velk\u00fdch od\u011bv\u016f a l\u00e1tek, k\u016f\u017ee, d\u0159eva, arylu a pap\u00edru.<\/p>\n<p><strong>Pou\u017eiteln\u00e9 materi\u00e1ly:\u00a0<\/strong>d\u0159evo, bambus, nefrit, mramor, organick\u00e9 sklo, k\u0159i\u0161\u0165\u00e1l, plast, od\u011bvy, pap\u00edr, k\u016f\u017ee, guma, keramika, sklo a dal\u0161\u00ed nekovov\u00e9 materi\u00e1ly.<\/p>\n<p><strong>Pou\u017eiteln\u00e1 odv\u011btv\u00ed:\u00a0<\/strong>reklama, um\u011bleck\u00e1 \u0159emesla, k\u016f\u017ee, hra\u010dky, od\u011bvy, model\u00e1\u0159stv\u00ed , stavebn\u00ed \u010dalounictv\u00ed, po\u010d\u00edta\u010dov\u00e9 vy\u0161\u00edv\u00e1n\u00ed a st\u0159\u00edh\u00e1n\u00ed, obalov\u00fd a pap\u00edrensk\u00fd pr\u016fmysl.<\/p>\n<p><strong>Technick\u00e1 str\u00e1nka\u00a0<\/strong><strong>Specifikace<\/strong><strong>:<\/strong><\/p>\n<table>\n<tbody>\n<tr class=\"firstRow\">\n<td valign=\"top\" width=\"284\">Typ laseru<\/td>\n<td valign=\"top\" width=\"284\">Uzav\u0159en\u00fd syst\u00e9m CO<sub>2<\/sub>\u00a0laserov\u00e1 trubice<\/td>\n<\/tr>\n<tr>\n<td valign=\"top\" width=\"284\">Typ modelu<\/td>\n<td valign=\"top\" width=\"284\">WS1325<\/td>\n<\/tr>\n<tr>\n<td valign=\"top\" width=\"284\">V\u00fdkon laseru<\/td>\n<td valign=\"top\" width=\"284\">80W 100W 130W 150W<\/td>\n<\/tr>\n<tr>\n<td valign=\"top\" width=\"284\">\u0158ezn\u00e1 plocha<\/td>\n<td valign=\"top\" width=\"284\">1300*2500mm 1500*3000mm voliteln\u011b<\/td>\n<\/tr>\n<tr>\n<td valign=\"top\" width=\"284\">Rychlost grav\u00edrov\u00e1n\u00ed<\/td>\n<td valign=\"top\" width=\"284\">0-24 000 mm\/min<\/td>\n<\/tr>\n<tr>\n<td valign=\"top\" width=\"284\">Obnoven\u00ed p\u0159esnosti<\/td>\n<td valign=\"top\" width=\"284\">\u00b10,1 mm<\/td>\n<\/tr>\n<tr>\n<td valign=\"top\" width=\"284\">Pracovn\u00ed nap\u011bt\u00ed<\/td>\n<td valign=\"top\" width=\"284\">AC110-220V \u00b110%,50-60HZ<\/td>\n<\/tr>\n<tr>\n<td valign=\"top\" width=\"284\">Power<\/td>\n<td valign=\"top\" width=\"284\">Maxim\u00e1ln\u00ed v\u00fdkon 1500 W<\/td>\n<\/tr>\n<tr>\n<td valign=\"top\" width=\"284\">Provozn\u00ed teplota<\/td>\n<td valign=\"top\" width=\"284\">0-45 stup\u0148\u016f<\/td>\n<\/tr>\n<tr>\n<td valign=\"top\" width=\"284\">Provozn\u00ed vlhkost<\/td>\n<td valign=\"top\" width=\"284\">5-95%<\/td>\n<\/tr>\n<tr>\n<td valign=\"top\" width=\"284\">Minim\u00e1ln\u00ed tvarovac\u00ed znak<\/td>\n<td valign=\"top\" width=\"284\">Angli\u010dtina 1*1mm<\/td>\n<\/tr>\n<tr>\n<td valign=\"top\" width=\"284\">Podporovan\u00fd grafick\u00fd form\u00e1t<\/td>\n<td valign=\"top\" width=\"284\">BMP, PLT, DST, DXF a AI<\/td>\n<\/tr>\n<tr>\n<td valign=\"top\" width=\"284\">Syst\u00e9m pohonu<\/td>\n<td valign=\"top\" width=\"284\">Krokov\u00fd ovlada\u010d<\/td>\n<\/tr>\n<tr>\n<td valign=\"top\" width=\"284\">Re\u017eim chlazen\u00ed<\/td>\n<td valign=\"top\" width=\"284\">Vodn\u00ed chlazen\u00ed a ochrann\u00fd syst\u00e9m<\/td>\n<\/tr>\n<tr>\n<td valign=\"top\" width=\"284\">Pomocn\u00e9 vybaven\u00ed<\/td>\n<td valign=\"top\" width=\"284\">V\u00fdfukov\u00fd ventil\u00e1tor, v\u00fdfukov\u00e9 potrub\u00ed, vzduchov\u00fd kompresor, vodn\u00ed \u010derpadlo<\/td>\n<\/tr>\n<tr>\n<td valign=\"top\" width=\"284\">Software<\/td>\n<td valign=\"top\" width=\"284\">Laserov\u00fd \u0159ez 5.3<\/td>\n<\/tr>\n<tr>\n<td valign=\"top\" width=\"284\">Kompatibiln\u00ed software<\/td>\n<td valign=\"top\" width=\"284\">Coreldraw AutoCAD Photoshop<\/td>\n<\/tr>\n<tr>\n<td valign=\"top\" width=\"284\">\u0158\u00eddic\u00ed syst\u00e9m<\/td>\n<td valign=\"top\" width=\"284\">DSP CONTROL<\/td>\n<\/tr>\n<tr>\n<td valign=\"top\" width=\"284\">Velikost cel\u00e9ho stroje<\/td>\n<td valign=\"top\" width=\"284\">3 000 \u00d7 1 600 \u00d7 990 mm<\/td>\n<\/tr>\n<tr>\n<td valign=\"top\" width=\"284\">Celkov\u00e1 hmotnost s obalem<\/td>\n<td valign=\"top\" width=\"284\">600 kg<\/td>\n<\/tr>\n<\/tbody>\n<\/table>\n<p>&nbsp;<\/p>","protected":false},"excerpt":{"rendered":"<p><strong>Vlastnosti:<\/strong><\/p>\n<p>Pracovn\u00ed plocha 1300 \u00d7 2500 mm spl\u0148uje po\u017eadavky na grav\u00edrov\u00e1n\u00ed a \u0159ez\u00e1n\u00ed velk\u00fdch od\u011bv\u016f a l\u00e1tek, k\u016f\u017ee, d\u0159eva, arylu a pap\u00edru.<\/p>\n<p><strong>Pou\u017eiteln\u00e9 materi\u00e1ly:\u00a0<\/strong>d\u0159evo, bambus, nefrit, mramor, organick\u00e9 sklo, k\u0159i\u0161\u0165\u00e1l, plast, od\u011bvy, pap\u00edr, k\u016f\u017ee, guma, keramika, sklo a dal\u0161\u00ed nekovov\u00e9 materi\u00e1ly.<\/p>\n<p><strong>Pou\u017eiteln\u00e1 odv\u011btv\u00ed:\u00a0<\/strong>reklama, um\u011bleck\u00e1 \u0159emesla, k\u016f\u017ee, hra\u010dky, od\u011bvy, model\u00e1\u0159stv\u00ed , stavebn\u00ed \u010dalounictv\u00ed, po\u010d\u00edta\u010dov\u00e9 vy\u0161\u00edv\u00e1n\u00ed a st\u0159\u00edh\u00e1n\u00ed, obalov\u00fd a pap\u00edrensk\u00fd pr\u016fmysl.<\/p>","protected":false},"featured_media":3436,"template":"","meta":{"_seopress_robots_primary_cat":"none","_seopress_titles_title":"","_seopress_titles_desc":"","_seopress_robots_index":"","_uag_custom_page_level_css":"","site-sidebar-layout":"default","site-content-layout":"default","ast-site-content-layout":"default","site-content-style":"default","site-sidebar-style":"default","ast-global-header-display":"","ast-banner-title-visibility":"","ast-main-header-display":"","ast-hfb-above-header-display":"","ast-hfb-below-header-display":"","ast-hfb-mobile-header-display":"","site-post-title":"","ast-breadcrumbs-content":"","ast-featured-img":"","footer-sml-layout":"","ast-disable-related-posts":"","theme-transparent-header-meta":"default","adv-header-id-meta":"","stick-header-meta":"default","header-above-stick-meta":"","header-main-stick-meta":"","header-below-stick-meta":"","astra-migrate-meta-layouts":"set","ast-page-background-enabled":"default","ast-page-background-meta":{"desktop":{"background-color":"","background-image":"","background-repeat":"repeat","background-position":"center center","background-size":"auto","background-attachment":"scroll","background-type":"","background-media":"","overlay-type":"","overlay-color":"","overlay-opacity":"","overlay-gradient":""},"tablet":{"background-color":"","background-image":"","background-repeat":"repeat","background-position":"center center","background-size":"auto","background-attachment":"scroll","background-type":"","background-media":"","overlay-type":"","overlay-color":"","overlay-opacity":"","overlay-gradient":""},"mobile":{"background-color":"","background-image":"","background-repeat":"repeat","background-position":"center center","background-size":"auto","background-attachment":"scroll","background-type":"","background-media":"","overlay-type":"","overlay-color":"","overlay-opacity":"","overlay-gradient":""}},"ast-content-background-meta":{"desktop":{"background-color":"var(--ast-global-color-5)","background-image":"","background-repeat":"repeat","background-position":"center center","background-size":"auto","background-attachment":"scroll","background-type":"","background-media":"","overlay-type":"","overlay-color":"","overlay-opacity":"","overlay-gradient":""},"tablet":{"background-color":"var(--ast-global-color-5)","background-image":"","background-repeat":"repeat","background-position":"center center","background-size":"auto","background-attachment":"scroll","background-type":"","background-media":"","overlay-type":"","overlay-color":"","overlay-opacity":"","overlay-gradient":""},"mobile":{"background-color":"var(--ast-global-color-5)","background-image":"","background-repeat":"repeat","background-position":"center center","background-size":"auto","background-attachment":"scroll","background-type":"","background-media":"","overlay-type":"","overlay-color":"","overlay-opacity":"","overlay-gradient":""}}},"product_brand":[],"product_cat":[32],"product_tag":[],"class_list":{"0":"post-1195","1":"product","2":"type-product","3":"status-publish","4":"has-post-thumbnail","6":"product_cat-lasercutting","7":"desktop-align-left","8":"tablet-align-left","9":"mobile-align-left","10":"ast-product-gallery-layout-horizontal-slider","11":"ast-product-gallery-with-no-image","12":"ast-product-tabs-layout-horizontal","14":"first","15":"instock","16":"shipping-taxable","17":"purchasable","18":"product-type-simple"},"uagb_featured_image_src":{"full":["https:\/\/wisecnclaser.com\/wp-content\/uploads\/2025\/05\/2f018a8729135d343b892bd3eb6a05ba.jpg",800,800,false],"thumbnail":["https:\/\/wisecnclaser.com\/wp-content\/uploads\/2025\/05\/2f018a8729135d343b892bd3eb6a05ba-150x150.jpg",150,150,true],"medium":["https:\/\/wisecnclaser.com\/wp-content\/uploads\/2025\/05\/2f018a8729135d343b892bd3eb6a05ba-300x300.jpg",300,300,true],"medium_large":["https:\/\/wisecnclaser.com\/wp-content\/uploads\/2025\/05\/2f018a8729135d343b892bd3eb6a05ba-768x768.jpg",768,768,true],"large":["https:\/\/wisecnclaser.com\/wp-content\/uploads\/2025\/05\/2f018a8729135d343b892bd3eb6a05ba.jpg",800,800,false],"1536x1536":["https:\/\/wisecnclaser.com\/wp-content\/uploads\/2025\/05\/2f018a8729135d343b892bd3eb6a05ba.jpg",800,800,false],"2048x2048":["https:\/\/wisecnclaser.com\/wp-content\/uploads\/2025\/05\/2f018a8729135d343b892bd3eb6a05ba.jpg",800,800,false],"trp-custom-language-flag":["https:\/\/wisecnclaser.com\/wp-content\/uploads\/2025\/05\/2f018a8729135d343b892bd3eb6a05ba-12x12.jpg",12,12,true],"woocommerce_thumbnail":["https:\/\/wisecnclaser.com\/wp-content\/uploads\/2025\/05\/2f018a8729135d343b892bd3eb6a05ba-300x300.jpg",300,300,true],"woocommerce_single":["https:\/\/wisecnclaser.com\/wp-content\/uploads\/2025\/05\/2f018a8729135d343b892bd3eb6a05ba-600x600.jpg",600,600,true],"woocommerce_gallery_thumbnail":["https:\/\/wisecnclaser.com\/wp-content\/uploads\/2025\/05\/2f018a8729135d343b892bd3eb6a05ba-100x100.jpg",100,100,true]},"uagb_author_info":{"display_name":"jinxing6611@gmail.com","author_link":"https:\/\/wisecnclaser.com\/cs\/author\/"},"uagb_comment_info":0,"uagb_excerpt":"Features: The working area of 1300\u00d72500mm can meet the demands of engraving and cutting on large scale garments and cloth, leather, wood, arylic and paper industry. Applicable materials:\u00a0wood, bamboo, jade, marble, organic glass, crystal, plastic, garments, paper, leather, rubber, ceramic, glass and other nonmetal materials. Applicable industries:\u00a0advertisement, arts and crafts, leather, toys, garments, model ,&hellip;","_links":{"self":[{"href":"https:\/\/wisecnclaser.com\/cs\/wp-json\/wp\/v2\/product\/1195","targetHints":{"allow":["GET"]}}],"collection":[{"href":"https:\/\/wisecnclaser.com\/cs\/wp-json\/wp\/v2\/product"}],"about":[{"href":"https:\/\/wisecnclaser.com\/cs\/wp-json\/wp\/v2\/types\/product"}],"wp:featuredmedia":[{"embeddable":true,"href":"https:\/\/wisecnclaser.com\/cs\/wp-json\/wp\/v2\/media\/3436"}],"wp:attachment":[{"href":"https:\/\/wisecnclaser.com\/cs\/wp-json\/wp\/v2\/media?parent=1195"}],"wp:term":[{"taxonomy":"product_brand","embeddable":true,"href":"https:\/\/wisecnclaser.com\/cs\/wp-json\/wp\/v2\/product_brand?post=1195"},{"taxonomy":"product_cat","embeddable":true,"href":"https:\/\/wisecnclaser.com\/cs\/wp-json\/wp\/v2\/product_cat?post=1195"},{"taxonomy":"product_tag","embeddable":true,"href":"https:\/\/wisecnclaser.com\/cs\/wp-json\/wp\/v2\/product_tag?post=1195"}],"curies":[{"name":"wp","href":"https:\/\/api.w.org\/{rel}","templated":true}]}}