{"id":1196,"date":"2025-05-20T07:32:07","date_gmt":"2025-05-20T07:32:07","guid":{"rendered":"https:\/\/wisecnclaser.com\/product\/dnk-blue-tshirt\/"},"modified":"2025-05-23T02:48:45","modified_gmt":"2025-05-23T02:48:45","slug":"dnk-blue-tshirt","status":"publish","type":"product","link":"https:\/\/wisecnclaser.com\/cs\/produkt\/dnk-blue-tshirt\/","title":{"rendered":"Stroj na k\u00e1men s v\u0159etenem a brusn\u00fdm n\u00e1strojem"},"content":{"rendered":"<p><strong>Pou\u017eit\u00ed stroje na v\u00fdrobu kamenn\u00fdch desek:<\/strong><\/p>\n<p>Vnit\u0159n\u00ed a venkovn\u00ed dekorace, koupelnov\u00e9 umyvadlo, kuchy\u0148sk\u00fd st\u016fl a umyvadlo, dekorace z vysoce kvalitn\u00edho kamene.<\/p>\n<p><strong>Funkce:\u00a0<\/strong>brou\u0161en\u00ed hran, ryt\u00ed do kamene.<\/p>\n<p><strong>Funkce<\/strong><strong>:<\/strong><\/p>\n<p>Lev\u00e1 hlava je s brusn\u00fdmi n\u00e1stroji, kter\u00e9 se pou\u017e\u00edvaj\u00ed k le\u0161t\u011bn\u00ed \u0159ezn\u00e9 hrany kamene, je t\u0159eba vym\u011bnit brusn\u00e9 n\u00e1stroje ru\u010dn\u011b.<\/p>\n<p>Prav\u00e1 hlava je nez\u00e1visl\u00e9 v\u0159eteno, kter\u00e9 se pou\u017e\u00edv\u00e1 k ryt\u00ed do kamene, mramoru, \u017euly.<\/p>\n<p>&nbsp;<\/p>\n<table width=\"662\">\n<tbody>\n<tr class=\"firstRow\">\n<td colspan=\"2\" valign=\"center\" width=\"662\"><strong>Technick\u00e9 parametry WS3015<\/strong><strong>G<\/strong><strong>\u00a0Stroj na k\u00e1men s brusn\u00fdm n\u00e1strojem a v\u0159etenem<\/strong><\/td>\n<\/tr>\n<tr>\n<td valign=\"top\" width=\"207\">Model<\/td>\n<td valign=\"top\" width=\"455\">WS3015G<\/td>\n<\/tr>\n<tr>\n<td valign=\"top\" width=\"207\">X Pracovn\u00ed oblast<\/td>\n<td valign=\"top\" width=\"455\">3000 mm<\/td>\n<\/tr>\n<tr>\n<td valign=\"top\" width=\"207\">Y pracovn\u00ed plocha<\/td>\n<td valign=\"top\" width=\"455\">1500 mm<\/td>\n<\/tr>\n<tr>\n<td valign=\"top\" width=\"207\">Pracovn\u00ed oblast Z<\/td>\n<td valign=\"top\" width=\"455\">400 mm<\/td>\n<\/tr>\n<tr>\n<td valign=\"top\" width=\"207\">Vodic\u00ed kolejnice<\/td>\n<td valign=\"top\" width=\"455\">Tchajwansk\u00e1 zna\u010dka 30 \u010dtvercov\u00fdch kolejnic<\/td>\n<\/tr>\n<tr>\n<td valign=\"top\" width=\"207\">Objedn\u00e1vka grav\u00edrov\u00e1n\u00ed<\/td>\n<td valign=\"top\" width=\"455\">K\u00f3d G<\/td>\n<\/tr>\n<tr>\n<td valign=\"top\" width=\"207\">Opakovan\u00e1 p\u0159esnost polohov\u00e1n\u00ed<\/td>\n<td valign=\"top\" width=\"455\">\u00b1<a title=\"stroj na zpracov\u00e1n\u00ed kamene\" href=\"https:\/\/wisecnclaser.com\/cs\/qitawujin\/\" target=\"_blank\" rel=\"noopener\">0,05 mm<\/a>\u00a0stroje na v\u00fdrobu kamenn\u00fdch desek<\/td>\n<\/tr>\n<tr>\n<td valign=\"top\" width=\"207\">Pracovn\u00ed st\u016fl<\/td>\n<td valign=\"top\" width=\"455\">Tabulka slot\u016f T<\/td>\n<\/tr>\n<tr>\n<td valign=\"top\" width=\"207\">Pohonn\u00fd motor<\/td>\n<td valign=\"top\" width=\"455\">\u010c\u00ednsk\u00e9 servo\u0159\u00edzen\u00ed<\/td>\n<\/tr>\n<tr>\n<td valign=\"top\" width=\"207\">\u0158\u00eddic\u00ed syst\u00e9m<\/td>\n<td valign=\"top\" width=\"455\">Ncstudio<\/td>\n<\/tr>\n<tr>\n<td valign=\"top\" width=\"207\">V\u00fdkon grav\u00edrovac\u00edho v\u0159etena<\/td>\n<td valign=\"top\" width=\"455\">V\u0159eteno ER32 s vodn\u00edm chlazen\u00edm o v\u00fdkonu 5,5 kW<\/td>\n<\/tr>\n<tr>\n<td valign=\"top\" width=\"207\">V\u00fdkon brusn\u00e9ho n\u00e1stroje<\/td>\n<td valign=\"top\" width=\"455\">5,5 kW<\/td>\n<\/tr>\n<tr>\n<td valign=\"top\" width=\"207\">Vakuov\u00e9 \u010derpadlo<\/td>\n<td valign=\"top\" width=\"455\">5,5kw vodn\u00ed v\u00fdv\u011bva<\/td>\n<\/tr>\n<tr>\n<td valign=\"top\" width=\"207\">Pracovn\u00ed nap\u011bt\u00ed<\/td>\n<td valign=\"top\" width=\"455\">380V\/50HZ<\/td>\n<\/tr>\n<tr>\n<td valign=\"top\" width=\"207\">Velikost stroje<\/td>\n<td valign=\"top\" width=\"455\">5800*2200*2000 mm<\/td>\n<\/tr>\n<tr>\n<td valign=\"top\" width=\"207\">Hmotnost stroje<\/td>\n<td valign=\"top\" width=\"455\">3000 kg<\/td>\n<\/tr>\n<\/tbody>\n<\/table>\n<p>&nbsp;<\/p>","protected":false},"excerpt":{"rendered":"<p><strong>Pou\u017eit\u00ed stroje na v\u00fdrobu kamenn\u00fdch desek:<\/strong><\/p>\n<p>Vnit\u0159n\u00ed a venkovn\u00ed dekorace, koupelnov\u00e9 umyvadlo, kuchy\u0148sk\u00fd st\u016fl a umyvadlo, dekorace z vysoce kvalitn\u00edho kamene.<\/p>\n<p><strong>Funkce:\u00a0<\/strong>brou\u0161en\u00ed hran, ryt\u00ed do kamene.<\/p>\n<p><strong>Funkce<\/strong><strong>:<\/strong><\/p>\n<p>Lev\u00e1 hlava je s brusn\u00fdmi n\u00e1stroji, kter\u00e9 se pou\u017e\u00edvaj\u00ed k le\u0161t\u011bn\u00ed \u0159ezn\u00e9 hrany kamene, je t\u0159eba vym\u011bnit brusn\u00e9 n\u00e1stroje ru\u010dn\u011b.<\/p>\n<p>Prav\u00e1 hlava je nez\u00e1visl\u00e9 v\u0159eteno, kter\u00e9 se pou\u017e\u00edv\u00e1 k ryt\u00ed do kamene, mramoru, \u017euly.<\/p>","protected":false},"featured_media":3434,"template":"","meta":{"_seopress_robots_primary_cat":"none","_seopress_titles_title":"","_seopress_titles_desc":"","_seopress_robots_index":"","_uag_custom_page_level_css":"","site-sidebar-layout":"default","site-content-layout":"default","ast-site-content-layout":"default","site-content-style":"default","site-sidebar-style":"default","ast-global-header-display":"","ast-banner-title-visibility":"","ast-main-header-display":"","ast-hfb-above-header-display":"","ast-hfb-below-header-display":"","ast-hfb-mobile-header-display":"","site-post-title":"","ast-breadcrumbs-content":"","ast-featured-img":"","footer-sml-layout":"","ast-disable-related-posts":"","theme-transparent-header-meta":"default","adv-header-id-meta":"","stick-header-meta":"default","header-above-stick-meta":"","header-main-stick-meta":"","header-below-stick-meta":"","astra-migrate-meta-layouts":"set","ast-page-background-enabled":"default","ast-page-background-meta":{"desktop":{"background-color":"","background-image":"","background-repeat":"repeat","background-position":"center center","background-size":"auto","background-attachment":"scroll","background-type":"","background-media":"","overlay-type":"","overlay-color":"","overlay-opacity":"","overlay-gradient":""},"tablet":{"background-color":"","background-image":"","background-repeat":"repeat","background-position":"center center","background-size":"auto","background-attachment":"scroll","background-type":"","background-media":"","overlay-type":"","overlay-color":"","overlay-opacity":"","overlay-gradient":""},"mobile":{"background-color":"","background-image":"","background-repeat":"repeat","background-position":"center center","background-size":"auto","background-attachment":"scroll","background-type":"","background-media":"","overlay-type":"","overlay-color":"","overlay-opacity":"","overlay-gradient":""}},"ast-content-background-meta":{"desktop":{"background-color":"var(--ast-global-color-5)","background-image":"","background-repeat":"repeat","background-position":"center center","background-size":"auto","background-attachment":"scroll","background-type":"","background-media":"","overlay-type":"","overlay-color":"","overlay-opacity":"","overlay-gradient":""},"tablet":{"background-color":"var(--ast-global-color-5)","background-image":"","background-repeat":"repeat","background-position":"center center","background-size":"auto","background-attachment":"scroll","background-type":"","background-media":"","overlay-type":"","overlay-color":"","overlay-opacity":"","overlay-gradient":""},"mobile":{"background-color":"var(--ast-global-color-5)","background-image":"","background-repeat":"repeat","background-position":"center center","background-size":"auto","background-attachment":"scroll","background-type":"","background-media":"","overlay-type":"","overlay-color":"","overlay-opacity":"","overlay-gradient":""}}},"product_brand":[],"product_cat":[33],"product_tag":[],"class_list":{"0":"post-1196","1":"product","2":"type-product","3":"status-publish","4":"has-post-thumbnail","6":"product_cat-stone","7":"desktop-align-left","8":"tablet-align-left","9":"mobile-align-left","10":"ast-product-gallery-layout-horizontal-slider","11":"ast-product-gallery-with-no-image","12":"ast-product-tabs-layout-horizontal","14":"first","15":"instock","16":"shipping-taxable","17":"purchasable","18":"product-type-simple"},"uagb_featured_image_src":{"full":["https:\/\/wisecnclaser.com\/wp-content\/uploads\/2025\/05\/272a2385489c69ae90f86f8efd1ad1b1.jpg",800,800,false],"thumbnail":["https:\/\/wisecnclaser.com\/wp-content\/uploads\/2025\/05\/272a2385489c69ae90f86f8efd1ad1b1-150x150.jpg",150,150,true],"medium":["https:\/\/wisecnclaser.com\/wp-content\/uploads\/2025\/05\/272a2385489c69ae90f86f8efd1ad1b1-300x300.jpg",300,300,true],"medium_large":["https:\/\/wisecnclaser.com\/wp-content\/uploads\/2025\/05\/272a2385489c69ae90f86f8efd1ad1b1-768x768.jpg",768,768,true],"large":["https:\/\/wisecnclaser.com\/wp-content\/uploads\/2025\/05\/272a2385489c69ae90f86f8efd1ad1b1.jpg",800,800,false],"1536x1536":["https:\/\/wisecnclaser.com\/wp-content\/uploads\/2025\/05\/272a2385489c69ae90f86f8efd1ad1b1.jpg",800,800,false],"2048x2048":["https:\/\/wisecnclaser.com\/wp-content\/uploads\/2025\/05\/272a2385489c69ae90f86f8efd1ad1b1.jpg",800,800,false],"trp-custom-language-flag":["https:\/\/wisecnclaser.com\/wp-content\/uploads\/2025\/05\/272a2385489c69ae90f86f8efd1ad1b1-12x12.jpg",12,12,true],"woocommerce_thumbnail":["https:\/\/wisecnclaser.com\/wp-content\/uploads\/2025\/05\/272a2385489c69ae90f86f8efd1ad1b1-300x300.jpg",300,300,true],"woocommerce_single":["https:\/\/wisecnclaser.com\/wp-content\/uploads\/2025\/05\/272a2385489c69ae90f86f8efd1ad1b1-600x600.jpg",600,600,true],"woocommerce_gallery_thumbnail":["https:\/\/wisecnclaser.com\/wp-content\/uploads\/2025\/05\/272a2385489c69ae90f86f8efd1ad1b1-100x100.jpg",100,100,true]},"uagb_author_info":{"display_name":"jinxing6611@gmail.com","author_link":"https:\/\/wisecnclaser.com\/cs\/author\/"},"uagb_comment_info":0,"uagb_excerpt":"Application of stone countertop machine: Indoor and outdoor decoration, stage basin bathroom, kitchen table and washing basin, high-grade stone decoration. Functions:\u00a0edge grinding, stone\u00a0engraving. Features: Left Head is With\u00a0Grinding tools, used to polish stone cutting edge, need change grinding tools manually. Right head is independent spindle, used to engrave on stone, marble, granite.","_links":{"self":[{"href":"https:\/\/wisecnclaser.com\/cs\/wp-json\/wp\/v2\/product\/1196","targetHints":{"allow":["GET"]}}],"collection":[{"href":"https:\/\/wisecnclaser.com\/cs\/wp-json\/wp\/v2\/product"}],"about":[{"href":"https:\/\/wisecnclaser.com\/cs\/wp-json\/wp\/v2\/types\/product"}],"wp:featuredmedia":[{"embeddable":true,"href":"https:\/\/wisecnclaser.com\/cs\/wp-json\/wp\/v2\/media\/3434"}],"wp:attachment":[{"href":"https:\/\/wisecnclaser.com\/cs\/wp-json\/wp\/v2\/media?parent=1196"}],"wp:term":[{"taxonomy":"product_brand","embeddable":true,"href":"https:\/\/wisecnclaser.com\/cs\/wp-json\/wp\/v2\/product_brand?post=1196"},{"taxonomy":"product_cat","embeddable":true,"href":"https:\/\/wisecnclaser.com\/cs\/wp-json\/wp\/v2\/product_cat?post=1196"},{"taxonomy":"product_tag","embeddable":true,"href":"https:\/\/wisecnclaser.com\/cs\/wp-json\/wp\/v2\/product_tag?post=1196"}],"curies":[{"name":"wp","href":"https:\/\/api.w.org\/{rel}","templated":true}]}}