{"id":1202,"date":"2025-05-20T07:32:07","date_gmt":"2025-05-20T07:32:07","guid":{"rendered":"https:\/\/wisecnclaser.com\/product\/green-tshirt\/"},"modified":"2025-05-22T12:34:45","modified_gmt":"2025-05-22T12:34:45","slug":"green-tshirt","status":"publish","type":"product","link":"https:\/\/wisecnclaser.com\/cs\/produkt\/green-tshirt\/","title":{"rendered":"Jednohlav\u00fd CNC fr\u00e9zovac\u00ed stroj s kamennou hlavou"},"content":{"rendered":"<p><strong><em>V\u00fdhody na\u0161eho CNC fr\u00e9zov\u00e1n\u00ed kamene:<\/em><\/strong><\/p>\n<p>1. T\u011b\u017ek\u00fd r\u00e1m, hmotnost stroje je asi 2200 kg.<\/p>\n<p>2.machine r\u00e1m je zpracov\u00e1n vysoce p\u0159esn\u00e9 CNC fr\u00e9zovac\u00ed centrum, n\u011bkte\u0159\u00ed jin\u00ed dodavatel\u00e9 pou\u017e\u00edvaj\u00ed dvojit\u00e9 pouzdro hobl\u00edk\uff0cje p\u0159esnost rozd\u00edl mezi hobl\u00edk a fr\u00e9zovac\u00ed centrum<\/p>\n<p>3. Na\u0161e v\u0159eteno je profesion\u00e1ln\u00ed v\u0159eteno v\u00fdzkumu a v\u00fdvoje pro grav\u00edrov\u00e1n\u00ed a \u0159ezb\u00e1\u0159stv\u00ed, l\u00e9pe odoln\u00e9 proti prachu a vod\u011b. Norm\u00e1ln\u00ed v\u0159etena nemaj\u00ed funkci odolnosti proti prachu a vod\u011b.<\/p>\n<p>4. Ostatn\u00ed d\u00edly pou\u017e\u00edvaj\u00ed ty, kter\u00e9 jsou nejvhodn\u011bj\u0161\u00ed pro \u0159ez\u00e1n\u00ed do kamene, jako je odolnost proti t\u011b\u017ek\u00fdm kov\u016fm, vodot\u011bsnost a prachot\u011bsnost.<\/p>\n<table>\n<tbody>\n<tr class=\"firstRow\">\n<td colspan=\"2\" valign=\"center\" width=\"645\"><strong>Popis a specifikace cnc fr\u00e9zy 1325 :<\/strong><\/td>\n<\/tr>\n<tr>\n<td valign=\"top\" width=\"267\">X Pracovn\u00ed oblast<\/td>\n<td valign=\"top\" width=\"378\">1300 mm (4FEET)<\/td>\n<\/tr>\n<tr>\n<td valign=\"top\" width=\"267\">Y Pracovn\u00ed oblast<\/td>\n<td valign=\"top\" width=\"378\">2500 mm (8FEET)<\/td>\n<\/tr>\n<tr>\n<td valign=\"top\" width=\"267\">V\u00fd\u0161ka krmen\u00ed Z<\/td>\n<td valign=\"top\" width=\"378\">450 mm (v\u00fd\u0161ka port\u00e1lu Z ke stolu stroje je 450 mm, pracovn\u00ed rozm\u011br je 400 mm)<\/td>\n<\/tr>\n<tr>\n<td valign=\"top\" width=\"267\">R\u00e1m stroje<\/td>\n<td valign=\"top\" width=\"378\">T\u011b\u017ek\u00fd I r\u00e1m, unese 5000 kg t\u011b\u017ek\u00fd k\u00e1men<\/td>\n<\/tr>\n<tr>\n<td valign=\"top\" width=\"267\">P\u0159esnost ur\u010dov\u00e1n\u00ed polohy p\u0159i cestov\u00e1n\u00ed<\/td>\n<td valign=\"top\" width=\"378\">\u00b10,05 mm<\/td>\n<\/tr>\n<tr>\n<td valign=\"top\" width=\"267\">P\u0159esnost polohov\u00e1n\u00ed<\/td>\n<td valign=\"top\" width=\"378\">\u00b10,05 mm<\/td>\n<\/tr>\n<tr>\n<td valign=\"top\" width=\"267\">X,Y,Z Struktura<\/td>\n<td valign=\"top\" width=\"378\">Ozuben\u00e9 kolo XY, kuli\u010dkov\u00fd \u0161roub Z. V\u0161echny osy pou\u017e\u00edvaj\u00ed \u010dtvercov\u00e9 veden\u00ed<\/td>\n<\/tr>\n<tr>\n<td valign=\"top\" width=\"267\">Pracovn\u00ed st\u016fl<\/td>\n<td valign=\"top\" width=\"378\">St\u016fl s T-dr\u00e1\u017ekou<\/td>\n<\/tr>\n<tr>\n<td valign=\"top\" width=\"267\">Max. Rychlost rychl\u00e9 j\u00edzdy<\/td>\n<td valign=\"top\" width=\"378\">25000 mm\/min<\/td>\n<\/tr>\n<tr>\n<td valign=\"top\" width=\"267\">Max. Pracovn\u00ed rychlost<\/td>\n<td valign=\"top\" width=\"378\">15000 mm\/min<\/td>\n<\/tr>\n<tr>\n<td valign=\"top\" width=\"267\">V\u0159eteno<\/td>\n<td valign=\"top\" width=\"378\">5,5kw vodou chlazen\u00e9 v\u0159eteno<\/td>\n<\/tr>\n<tr>\n<td valign=\"top\" width=\"267\">Ot\u00e1\u010dky v\u0159etena<\/td>\n<td valign=\"top\" width=\"378\">0-24000 ot\/min<\/td>\n<\/tr>\n<tr>\n<td valign=\"top\" width=\"267\">Pohonn\u00fd motor<\/td>\n<td valign=\"top\" width=\"378\">\u0158\u00edzen\u00ed krokov\u00e9ho m\u011bni\u010de<\/td>\n<\/tr>\n<tr>\n<td valign=\"top\" width=\"267\">P\u0159\u00edkaz<\/td>\n<td valign=\"top\" width=\"378\">G-k\u00f3d*.u00*.mmg*.plt<\/td>\n<\/tr>\n<tr>\n<td valign=\"top\" width=\"267\">Pracovn\u00ed nap\u011bt\u00ed<\/td>\n<td valign=\"top\" width=\"378\">3PH AC380V\/50Hz<\/td>\n<\/tr>\n<tr>\n<td valign=\"top\" width=\"267\">\u0158\u00eddic\u00ed syst\u00e9m<\/td>\n<td valign=\"top\" width=\"378\">DSP<\/td>\n<\/tr>\n<tr>\n<td valign=\"top\" width=\"267\">Vodic\u00ed kolejnice<\/td>\n<td valign=\"top\" width=\"378\">\u010cTVERCOV\u00c1 KOLEJNICE VELIKOSTI 25<\/td>\n<\/tr>\n<tr>\n<td valign=\"top\" width=\"267\">Ovl\u00e1dac\u00ed sk\u0159\u00ed\u0148<\/td>\n<td valign=\"top\" width=\"378\">Nez\u00e1visl\u00fd kabinet<\/td>\n<\/tr>\n<tr>\n<td valign=\"top\" width=\"267\">Mazac\u00ed syst\u00e9m<\/td>\n<td valign=\"top\" width=\"378\">ru\u010dn\u00ed<\/td>\n<\/tr>\n<tr>\n<td valign=\"top\" width=\"267\">M\u011bni\u010d<\/td>\n<td valign=\"top\" width=\"378\">5,5 kW<\/td>\n<\/tr>\n<tr>\n<td valign=\"top\" width=\"267\">Hmotnost stroje<\/td>\n<td valign=\"top\" width=\"378\">2200 kg<\/td>\n<\/tr>\n<\/tbody>\n<\/table>\n<p>&nbsp;<\/p>","protected":false},"excerpt":{"rendered":"<p><strong><em>V\u00fdhody na\u0161eho CNC fr\u00e9zov\u00e1n\u00ed kamene:<\/em><\/strong><\/p>\n<p>1. T\u011b\u017ek\u00fd r\u00e1m, hmotnost stroje je asi 2200 kg.<\/p>\n<p>2.machine r\u00e1m je zpracov\u00e1n vysoce p\u0159esn\u00e9 CNC fr\u00e9zovac\u00ed centrum, n\u011bkte\u0159\u00ed jin\u00ed dodavatel\u00e9 pou\u017e\u00edvaj\u00ed dvojit\u00e9 pouzdro hobl\u00edk\uff0cje p\u0159esnost rozd\u00edl mezi hobl\u00edk a fr\u00e9zovac\u00ed centrum<\/p>\n<p>3. Na\u0161e v\u0159eteno je profesion\u00e1ln\u00ed v\u0159eteno v\u00fdzkumu a v\u00fdvoje pro grav\u00edrov\u00e1n\u00ed a \u0159ezb\u00e1\u0159stv\u00ed, l\u00e9pe odoln\u00e9 proti prachu a vod\u011b. Norm\u00e1ln\u00ed v\u0159etena nemaj\u00ed funkci odolnosti proti prachu a vod\u011b.<\/p>\n<p>4. Ostatn\u00ed d\u00edly pou\u017e\u00edvaj\u00ed ty, kter\u00e9 jsou nejvhodn\u011bj\u0161\u00ed pro \u0159ez\u00e1n\u00ed do kamene, jako je odolnost proti t\u011b\u017ek\u00fdm kov\u016fm, vodot\u011bsnost a prachot\u011bsnost.<\/p>","protected":false},"featured_media":3431,"template":"","meta":{"_seopress_robots_primary_cat":"none","_seopress_titles_title":"","_seopress_titles_desc":"","_seopress_robots_index":"","_uag_custom_page_level_css":"","site-sidebar-layout":"default","site-content-layout":"default","ast-site-content-layout":"default","site-content-style":"default","site-sidebar-style":"default","ast-global-header-display":"","ast-banner-title-visibility":"","ast-main-header-display":"","ast-hfb-above-header-display":"","ast-hfb-below-header-display":"","ast-hfb-mobile-header-display":"","site-post-title":"","ast-breadcrumbs-content":"","ast-featured-img":"","footer-sml-layout":"","ast-disable-related-posts":"","theme-transparent-header-meta":"default","adv-header-id-meta":"","stick-header-meta":"default","header-above-stick-meta":"","header-main-stick-meta":"","header-below-stick-meta":"","astra-migrate-meta-layouts":"set","ast-page-background-enabled":"default","ast-page-background-meta":{"desktop":{"background-color":"","background-image":"","background-repeat":"repeat","background-position":"center center","background-size":"auto","background-attachment":"scroll","background-type":"","background-media":"","overlay-type":"","overlay-color":"","overlay-opacity":"","overlay-gradient":""},"tablet":{"background-color":"","background-image":"","background-repeat":"repeat","background-position":"center center","background-size":"auto","background-attachment":"scroll","background-type":"","background-media":"","overlay-type":"","overlay-color":"","overlay-opacity":"","overlay-gradient":""},"mobile":{"background-color":"","background-image":"","background-repeat":"repeat","background-position":"center center","background-size":"auto","background-attachment":"scroll","background-type":"","background-media":"","overlay-type":"","overlay-color":"","overlay-opacity":"","overlay-gradient":""}},"ast-content-background-meta":{"desktop":{"background-color":"var(--ast-global-color-5)","background-image":"","background-repeat":"repeat","background-position":"center center","background-size":"auto","background-attachment":"scroll","background-type":"","background-media":"","overlay-type":"","overlay-color":"","overlay-opacity":"","overlay-gradient":""},"tablet":{"background-color":"var(--ast-global-color-5)","background-image":"","background-repeat":"repeat","background-position":"center center","background-size":"auto","background-attachment":"scroll","background-type":"","background-media":"","overlay-type":"","overlay-color":"","overlay-opacity":"","overlay-gradient":""},"mobile":{"background-color":"var(--ast-global-color-5)","background-image":"","background-repeat":"repeat","background-position":"center center","background-size":"auto","background-attachment":"scroll","background-type":"","background-media":"","overlay-type":"","overlay-color":"","overlay-opacity":"","overlay-gradient":""}}},"product_brand":[],"product_cat":[33],"product_tag":[],"class_list":{"0":"post-1202","1":"product","2":"type-product","3":"status-publish","4":"has-post-thumbnail","6":"product_cat-stone","7":"desktop-align-left","8":"tablet-align-left","9":"mobile-align-left","10":"ast-product-gallery-layout-horizontal-slider","11":"ast-product-gallery-with-no-image","12":"ast-product-single-variable","13":"ast-product-tabs-layout-horizontal","15":"first","16":"instock","17":"shipping-taxable","18":"product-type-variable"},"uagb_featured_image_src":{"full":["https:\/\/wisecnclaser.com\/wp-content\/uploads\/2025\/05\/c521f643187757bf9e710406e173fbc8.jpg",800,800,false],"thumbnail":["https:\/\/wisecnclaser.com\/wp-content\/uploads\/2025\/05\/c521f643187757bf9e710406e173fbc8-150x150.jpg",150,150,true],"medium":["https:\/\/wisecnclaser.com\/wp-content\/uploads\/2025\/05\/c521f643187757bf9e710406e173fbc8-300x300.jpg",300,300,true],"medium_large":["https:\/\/wisecnclaser.com\/wp-content\/uploads\/2025\/05\/c521f643187757bf9e710406e173fbc8-768x768.jpg",768,768,true],"large":["https:\/\/wisecnclaser.com\/wp-content\/uploads\/2025\/05\/c521f643187757bf9e710406e173fbc8.jpg",800,800,false],"1536x1536":["https:\/\/wisecnclaser.com\/wp-content\/uploads\/2025\/05\/c521f643187757bf9e710406e173fbc8.jpg",800,800,false],"2048x2048":["https:\/\/wisecnclaser.com\/wp-content\/uploads\/2025\/05\/c521f643187757bf9e710406e173fbc8.jpg",800,800,false],"trp-custom-language-flag":["https:\/\/wisecnclaser.com\/wp-content\/uploads\/2025\/05\/c521f643187757bf9e710406e173fbc8-12x12.jpg",12,12,true],"woocommerce_thumbnail":["https:\/\/wisecnclaser.com\/wp-content\/uploads\/2025\/05\/c521f643187757bf9e710406e173fbc8-300x300.jpg",300,300,true],"woocommerce_single":["https:\/\/wisecnclaser.com\/wp-content\/uploads\/2025\/05\/c521f643187757bf9e710406e173fbc8-600x600.jpg",600,600,true],"woocommerce_gallery_thumbnail":["https:\/\/wisecnclaser.com\/wp-content\/uploads\/2025\/05\/c521f643187757bf9e710406e173fbc8-100x100.jpg",100,100,true]},"uagb_author_info":{"display_name":"jinxing6611@gmail.com","author_link":"https:\/\/wisecnclaser.com\/cs\/author\/"},"uagb_comment_info":0,"uagb_excerpt":"Advantages of our stone cnc router: 1. Heavy duty frame, machine weight is about 2200kgs 2.machine frame is processed by high precision cnc milling center, some other supplier use double housing planer\uff0cthere is precision difference between planer and milling center 3. Our spindle is R&amp;D professional spindle for stone engraving and carving, better dust-proof and&hellip;","_links":{"self":[{"href":"https:\/\/wisecnclaser.com\/cs\/wp-json\/wp\/v2\/product\/1202","targetHints":{"allow":["GET"]}}],"collection":[{"href":"https:\/\/wisecnclaser.com\/cs\/wp-json\/wp\/v2\/product"}],"about":[{"href":"https:\/\/wisecnclaser.com\/cs\/wp-json\/wp\/v2\/types\/product"}],"wp:featuredmedia":[{"embeddable":true,"href":"https:\/\/wisecnclaser.com\/cs\/wp-json\/wp\/v2\/media\/3431"}],"wp:attachment":[{"href":"https:\/\/wisecnclaser.com\/cs\/wp-json\/wp\/v2\/media?parent=1202"}],"wp:term":[{"taxonomy":"product_brand","embeddable":true,"href":"https:\/\/wisecnclaser.com\/cs\/wp-json\/wp\/v2\/product_brand?post=1202"},{"taxonomy":"product_cat","embeddable":true,"href":"https:\/\/wisecnclaser.com\/cs\/wp-json\/wp\/v2\/product_cat?post=1202"},{"taxonomy":"product_tag","embeddable":true,"href":"https:\/\/wisecnclaser.com\/cs\/wp-json\/wp\/v2\/product_tag?post=1202"}],"curies":[{"name":"wp","href":"https:\/\/api.w.org\/{rel}","templated":true}]}}