{"id":1204,"date":"2025-05-20T07:32:07","date_gmt":"2025-05-20T07:32:07","guid":{"rendered":"https:\/\/wisecnclaser.com\/product\/lemon-pattern-tshirt\/"},"modified":"2025-05-22T12:30:29","modified_gmt":"2025-05-22T12:30:29","slug":"lemon-pattern-tshirt","status":"publish","type":"product","link":"https:\/\/wisecnclaser.com\/cs\/produkt\/lemon-pattern-tshirt\/","title":{"rendered":"Centrum zpracov\u00e1n\u00ed k\u0159emenn\u00e9ho kamene CNC"},"content":{"rendered":"<p><strong>Pou\u017eit\u00ed:<\/strong><\/p>\n<p>Vnit\u0159n\u00ed a venkovn\u00ed dekorace, koupelnov\u00e9 umyvadlo, kuchy\u0148sk\u00fd st\u016fl a umyvadlo, dekorace z vysoce kvalitn\u00edho kamene.<\/p>\n<p><strong>Funkce:\u00a0<\/strong>\u0159ez\u00e1n\u00ed, brou\u0161en\u00ed hran, kop\u00e1n\u00ed otvoru, blokov\u00e1n\u00ed vody po brou\u0161en\u00ed, grav\u00edrov\u00e1n\u00ed.<\/p>\n<p><strong>Funkce<\/strong><strong>:<\/strong><\/p>\n<p>18 n\u00e1stroj\u016f ATC, n\u011bkolik r\u016fzn\u00fdch brusn\u00fdch n\u00e1stroj\u016f<\/p>\n<p>&nbsp;<\/p>\n<table width=\"662\">\n<tbody>\n<tr class=\"firstRow\">\n<td colspan=\"2\" valign=\"center\" width=\"662\"><strong>Technick\u00e9 parametry WS3012<\/strong><strong>A<\/strong><strong>\u00a0Centrum zpracov\u00e1n\u00ed k\u0159emenn\u00fdch desek cnc:<\/strong><\/td>\n<\/tr>\n<tr>\n<td valign=\"top\" width=\"207\">Model<\/td>\n<td valign=\"top\" width=\"455\">WS3012A<\/td>\n<\/tr>\n<tr>\n<td valign=\"top\" width=\"207\">X Pracovn\u00ed oblast<\/td>\n<td valign=\"top\" width=\"455\">3000 mm<\/td>\n<\/tr>\n<tr>\n<td valign=\"top\" width=\"207\">Y pracovn\u00ed plocha<\/td>\n<td valign=\"top\" width=\"455\">1200 mm<\/td>\n<\/tr>\n<tr>\n<td valign=\"top\" width=\"207\">Pracovn\u00ed oblast Z<\/td>\n<td valign=\"top\" width=\"455\">800 mm<\/td>\n<\/tr>\n<tr>\n<td valign=\"top\" width=\"207\">Max. Rychlost grav\u00edrov\u00e1n\u00ed<\/td>\n<td valign=\"top\" width=\"455\">2-10 m\/min<\/td>\n<\/tr>\n<tr>\n<td valign=\"top\" width=\"207\">Objedn\u00e1vka grav\u00edrov\u00e1n\u00ed<\/td>\n<td valign=\"top\" width=\"455\">K\u00f3d G<\/td>\n<\/tr>\n<tr>\n<td valign=\"top\" width=\"207\">Opakovan\u00e1 p\u0159esnost polohov\u00e1n\u00ed<\/td>\n<td valign=\"top\" width=\"455\">\u00b10,05 mm<\/td>\n<\/tr>\n<tr>\n<td valign=\"top\" width=\"207\">Pracovn\u00ed st\u016fl<\/td>\n<td valign=\"top\" width=\"455\">20mm hlin\u00edkov\u00fd st\u016fl s vakuovou p\u0159\u00edsavkou (8 kus\u016f)<\/td>\n<\/tr>\n<tr>\n<td valign=\"top\" width=\"207\">Pohonn\u00fd motor<\/td>\n<td valign=\"top\" width=\"455\">850W servomotor YASKAWA pro osu X, Y,<\/p>\n<p>1,3kw servomotor YASKAWA pro osu Z<\/td>\n<\/tr>\n<tr>\n<td valign=\"top\" width=\"207\">\u0158\u00eddic\u00ed syst\u00e9m<\/td>\n<td valign=\"top\" width=\"455\">NK300<\/td>\n<\/tr>\n<tr>\n<td valign=\"top\" width=\"207\">V\u0159eteno<\/td>\n<td valign=\"top\" width=\"455\">V\u0159eteno ATC s mechanick\u00fdm servopohonem o v\u00fdkonu 5,5 kW<\/td>\n<\/tr>\n<tr>\n<td valign=\"top\" width=\"207\">Ot\u00e1\u010dky v\u0159etena<\/td>\n<td valign=\"top\" width=\"455\">12000 ot\u00e1\u010dek za minutu<\/td>\n<\/tr>\n<tr>\n<td valign=\"top\" width=\"207\">Max. Tlou\u0161\u0165ka procesu<\/td>\n<td valign=\"top\" width=\"455\">300 mm<\/td>\n<\/tr>\n<tr>\n<td valign=\"top\" width=\"207\">Redukce<\/td>\n<td valign=\"top\" width=\"455\">Japonsko SHIMPO reduktor<\/td>\n<\/tr>\n<tr>\n<td valign=\"top\" width=\"207\">V\u00fdm\u011bn\u00edk n\u00e1stroj\u016f<\/td>\n<td valign=\"top\" width=\"455\">18 n\u00e1stroj\u016f ATC, p\u0159edev\u0161\u00edm le\u0161tic\u00ed n\u00e1stroje, pou\u017e\u00edvan\u00e9 k le\u0161t\u011bn\u00ed hrany desky z kamene, BT40<\/td>\n<\/tr>\n<tr>\n<td valign=\"top\" width=\"207\">Maxim\u00e1ln\u00ed v\u00fdkon<\/td>\n<td valign=\"top\" width=\"455\">15kw (bez v\u0159etena)<\/td>\n<\/tr>\n<tr>\n<td valign=\"top\" width=\"207\">Pracovn\u00ed nap\u011bt\u00ed<\/td>\n<td valign=\"top\" width=\"455\">380V\/50HZ<\/td>\n<\/tr>\n<tr>\n<td valign=\"top\" width=\"207\">Hmotnost stroje<\/td>\n<td valign=\"top\" width=\"455\">5000 kg<\/td>\n<\/tr>\n<\/tbody>\n<\/table>\n<p>&nbsp;<\/p>","protected":false},"excerpt":{"rendered":"<p><strong>Pou\u017eit\u00ed:<\/strong><\/p>\n<p>Vnit\u0159n\u00ed a venkovn\u00ed dekorace, koupelnov\u00e9 umyvadlo, kuchy\u0148sk\u00fd st\u016fl a umyvadlo, dekorace z vysoce kvalitn\u00edho kamene.<\/p>\n<p><strong>Funkce:\u00a0<\/strong>\u0159ez\u00e1n\u00ed, brou\u0161en\u00ed hran, kop\u00e1n\u00ed otvoru, blokov\u00e1n\u00ed vody po brou\u0161en\u00ed, grav\u00edrov\u00e1n\u00ed.<\/p>\n<p><strong>Funkce<\/strong><strong>:<\/strong><\/p>\n<p>18 n\u00e1stroj\u016f ATC, n\u011bkolik r\u016fzn\u00fdch brusn\u00fdch n\u00e1stroj\u016f<\/p>","protected":false},"featured_media":3427,"template":"","meta":{"_seopress_robots_primary_cat":"none","_seopress_titles_title":"","_seopress_titles_desc":"","_seopress_robots_index":"","_uag_custom_page_level_css":"","site-sidebar-layout":"default","site-content-layout":"default","ast-site-content-layout":"default","site-content-style":"default","site-sidebar-style":"default","ast-global-header-display":"","ast-banner-title-visibility":"","ast-main-header-display":"","ast-hfb-above-header-display":"","ast-hfb-below-header-display":"","ast-hfb-mobile-header-display":"","site-post-title":"","ast-breadcrumbs-content":"","ast-featured-img":"","footer-sml-layout":"","ast-disable-related-posts":"","theme-transparent-header-meta":"default","adv-header-id-meta":"","stick-header-meta":"default","header-above-stick-meta":"","header-main-stick-meta":"","header-below-stick-meta":"","astra-migrate-meta-layouts":"set","ast-page-background-enabled":"default","ast-page-background-meta":{"desktop":{"background-color":"","background-image":"","background-repeat":"repeat","background-position":"center center","background-size":"auto","background-attachment":"scroll","background-type":"","background-media":"","overlay-type":"","overlay-color":"","overlay-opacity":"","overlay-gradient":""},"tablet":{"background-color":"","background-image":"","background-repeat":"repeat","background-position":"center center","background-size":"auto","background-attachment":"scroll","background-type":"","background-media":"","overlay-type":"","overlay-color":"","overlay-opacity":"","overlay-gradient":""},"mobile":{"background-color":"","background-image":"","background-repeat":"repeat","background-position":"center center","background-size":"auto","background-attachment":"scroll","background-type":"","background-media":"","overlay-type":"","overlay-color":"","overlay-opacity":"","overlay-gradient":""}},"ast-content-background-meta":{"desktop":{"background-color":"var(--ast-global-color-5)","background-image":"","background-repeat":"repeat","background-position":"center center","background-size":"auto","background-attachment":"scroll","background-type":"","background-media":"","overlay-type":"","overlay-color":"","overlay-opacity":"","overlay-gradient":""},"tablet":{"background-color":"var(--ast-global-color-5)","background-image":"","background-repeat":"repeat","background-position":"center center","background-size":"auto","background-attachment":"scroll","background-type":"","background-media":"","overlay-type":"","overlay-color":"","overlay-opacity":"","overlay-gradient":""},"mobile":{"background-color":"var(--ast-global-color-5)","background-image":"","background-repeat":"repeat","background-position":"center center","background-size":"auto","background-attachment":"scroll","background-type":"","background-media":"","overlay-type":"","overlay-color":"","overlay-opacity":"","overlay-gradient":""}}},"product_brand":[],"product_cat":[33],"product_tag":[],"class_list":{"0":"post-1204","1":"product","2":"type-product","3":"status-publish","4":"has-post-thumbnail","6":"product_cat-stone","7":"desktop-align-left","8":"tablet-align-left","9":"mobile-align-left","10":"ast-product-gallery-layout-horizontal-slider","11":"ast-product-gallery-with-no-image","12":"ast-product-tabs-layout-horizontal","14":"first","15":"instock","16":"sale","17":"shipping-taxable","18":"purchasable","19":"product-type-simple"},"uagb_featured_image_src":{"full":["https:\/\/wisecnclaser.com\/wp-content\/uploads\/2025\/05\/610ec8c944506628358f334792e6716f.jpg",800,800,false],"thumbnail":["https:\/\/wisecnclaser.com\/wp-content\/uploads\/2025\/05\/610ec8c944506628358f334792e6716f-150x150.jpg",150,150,true],"medium":["https:\/\/wisecnclaser.com\/wp-content\/uploads\/2025\/05\/610ec8c944506628358f334792e6716f-300x300.jpg",300,300,true],"medium_large":["https:\/\/wisecnclaser.com\/wp-content\/uploads\/2025\/05\/610ec8c944506628358f334792e6716f-768x768.jpg",768,768,true],"large":["https:\/\/wisecnclaser.com\/wp-content\/uploads\/2025\/05\/610ec8c944506628358f334792e6716f.jpg",800,800,false],"1536x1536":["https:\/\/wisecnclaser.com\/wp-content\/uploads\/2025\/05\/610ec8c944506628358f334792e6716f.jpg",800,800,false],"2048x2048":["https:\/\/wisecnclaser.com\/wp-content\/uploads\/2025\/05\/610ec8c944506628358f334792e6716f.jpg",800,800,false],"trp-custom-language-flag":["https:\/\/wisecnclaser.com\/wp-content\/uploads\/2025\/05\/610ec8c944506628358f334792e6716f-12x12.jpg",12,12,true],"woocommerce_thumbnail":["https:\/\/wisecnclaser.com\/wp-content\/uploads\/2025\/05\/610ec8c944506628358f334792e6716f-300x300.jpg",300,300,true],"woocommerce_single":["https:\/\/wisecnclaser.com\/wp-content\/uploads\/2025\/05\/610ec8c944506628358f334792e6716f-600x600.jpg",600,600,true],"woocommerce_gallery_thumbnail":["https:\/\/wisecnclaser.com\/wp-content\/uploads\/2025\/05\/610ec8c944506628358f334792e6716f-100x100.jpg",100,100,true]},"uagb_author_info":{"display_name":"jinxing6611@gmail.com","author_link":"https:\/\/wisecnclaser.com\/cs\/author\/"},"uagb_comment_info":0,"uagb_excerpt":"Application: Indoor and outdoor decoration, stage basin bathroom, kitchen table and washing basin, high-grade stone decoration. Functions:\u00a0cutting, edge grinding, dig a hole, block water after grinding, engraving. Features: 18 ATC tools, several different grinding tools","_links":{"self":[{"href":"https:\/\/wisecnclaser.com\/cs\/wp-json\/wp\/v2\/product\/1204","targetHints":{"allow":["GET"]}}],"collection":[{"href":"https:\/\/wisecnclaser.com\/cs\/wp-json\/wp\/v2\/product"}],"about":[{"href":"https:\/\/wisecnclaser.com\/cs\/wp-json\/wp\/v2\/types\/product"}],"wp:featuredmedia":[{"embeddable":true,"href":"https:\/\/wisecnclaser.com\/cs\/wp-json\/wp\/v2\/media\/3427"}],"wp:attachment":[{"href":"https:\/\/wisecnclaser.com\/cs\/wp-json\/wp\/v2\/media?parent=1204"}],"wp:term":[{"taxonomy":"product_brand","embeddable":true,"href":"https:\/\/wisecnclaser.com\/cs\/wp-json\/wp\/v2\/product_brand?post=1204"},{"taxonomy":"product_cat","embeddable":true,"href":"https:\/\/wisecnclaser.com\/cs\/wp-json\/wp\/v2\/product_cat?post=1204"},{"taxonomy":"product_tag","embeddable":true,"href":"https:\/\/wisecnclaser.com\/cs\/wp-json\/wp\/v2\/product_tag?post=1204"}],"curies":[{"name":"wp","href":"https:\/\/api.w.org\/{rel}","templated":true}]}}