{"id":1205,"date":"2025-05-20T07:32:07","date_gmt":"2025-05-20T07:32:07","guid":{"rendered":"https:\/\/wisecnclaser.com\/product\/basic-blue-jeans-2\/"},"modified":"2025-05-23T02:48:51","modified_gmt":"2025-05-23T02:48:51","slug":"basic-blue-jeans-2","status":"publish","type":"product","link":"https:\/\/wisecnclaser.com\/cs\/produkt\/basic-blue-jeans-2\/","title":{"rendered":"WS6090C CCD laserov\u00fd \u0159ezac\u00ed stroj"},"content":{"rendered":"<p><strong>Vlastnosti laserov\u00e9ho \u0159ezac\u00edho stroje ccd 6090 co2:<\/strong><\/p>\n<p>M\u00e1 500 megapixel\u016f vysoce p\u0159esn\u00e9 vizu\u00e1ln\u00ed rozpozn\u00e1v\u00e1n\u00ed funkce a je velmi vhodn\u00fd pro automatick\u00e9 rozpozn\u00e1v\u00e1n\u00ed \u0159ez\u00e1n\u00ed pro velkoform\u00e1tov\u00e9 vy\u0161\u00edv\u00e1n\u00ed \u0161t\u00edtku \u0159emesln\u00fdch pantofl\u00ed a p\u0159edstavoval \u010d\u00e1sti ply\u0161ov\u00fdch toys.It m\u00e1 r\u016fzn\u00e9 re\u017eimy rozpozn\u00e1v\u00e1n\u00ed, jako je \u0159ez\u00e1n\u00ed s p\u0159edstavoval bod pozice, \u0159ez\u00e1n\u00ed s obr\u00e1zkem vyb\u00edr\u00e1n\u00ed designu a \u0159ez\u00e1n\u00ed s polohou bodu zna\u010dky, co\u017e m\u016f\u017ee zajistit cel\u00fd \u0161t\u00edtek \u0159ez\u00e1n\u00ed rychle a s vysokou precise.It je nejpokro\u010dilej\u0161\u00ed laserov\u00fd \u0159ezac\u00ed stroj na sou\u010dasn\u00e9m trhu.<\/p>\n<p><strong>Pou\u017eiteln\u00e9 materi\u00e1ly<\/strong>: d\u0159evo, bambus, nefrit, mramor, organick\u00e9 sklo, k\u0159i\u0161\u0165\u00e1l, plast, od\u011bvy, pap\u00edr, k\u016f\u017ee, guma, keramika, sklo a dal\u0161\u00ed nekovov\u00e9 materi\u00e1ly.<\/p>\n<p><strong>Pou\u017eiteln\u00e1 odv\u011btv\u00ed:\u00a0<\/strong>reklama, um\u011bleck\u00e1 \u0159emesla, k\u016f\u017ee, hra\u010dky, od\u011bvy, model\u00e1\u0159stv\u00ed , stavebn\u00ed \u010dalounictv\u00ed, po\u010d\u00edta\u010dov\u00e9 vy\u0161\u00edv\u00e1n\u00ed a st\u0159\u00edh\u00e1n\u00ed, obalov\u00fd a pap\u00edrensk\u00fd pr\u016fmysl.<\/p>\n<p><strong>Technick\u00e1 data laserov\u00e9ho \u0159ezac\u00edho stroje ccd 6090:<\/strong><\/p>\n<table>\n<tbody>\n<tr class=\"firstRow\">\n<td valign=\"top\" width=\"284\">Typ laseru<\/td>\n<td valign=\"top\" width=\"284\">Uzav\u0159en\u00e1 laserov\u00e1 trubice CO2<\/td>\n<\/tr>\n<tr>\n<td valign=\"top\" width=\"284\">Typ modelu<\/td>\n<td valign=\"top\" width=\"284\">WS6090C<\/td>\n<\/tr>\n<tr>\n<td valign=\"top\" width=\"284\">V\u00fdkon laseru<\/td>\n<td valign=\"top\" width=\"284\">60W 80W 100W 130W 150W (voliteln\u011b)<\/td>\n<\/tr>\n<tr>\n<td valign=\"top\" width=\"284\">\u0158ezn\u00e1 plocha<\/td>\n<td valign=\"top\" width=\"284\">60*90 cm<\/td>\n<\/tr>\n<tr>\n<td valign=\"top\" width=\"284\">Rychlost \u0159ez\u00e1n\u00ed<\/td>\n<td valign=\"top\" width=\"284\">0-24 000 mm\/min<\/td>\n<\/tr>\n<tr>\n<td valign=\"top\" width=\"284\">Obnoven\u00ed p\u0159esnosti<\/td>\n<td valign=\"top\" width=\"284\">\u00b10,05 mm<\/td>\n<\/tr>\n<tr>\n<td valign=\"top\" width=\"284\">Pracovn\u00ed nap\u011bt\u00ed<\/td>\n<td valign=\"top\" width=\"284\">AC110-220V \u00b110%,50-60HZ<\/td>\n<\/tr>\n<tr>\n<td valign=\"top\" width=\"284\">Power<\/td>\n<td valign=\"top\" width=\"284\">Maxim\u00e1ln\u00ed v\u00fdkon 1 000 W<\/td>\n<\/tr>\n<tr>\n<td valign=\"top\" width=\"284\">Provozn\u00ed teplota<\/td>\n<td valign=\"top\" width=\"284\">0-45 stup\u0148\u016f<\/td>\n<\/tr>\n<tr>\n<td valign=\"top\" width=\"284\">Provozn\u00ed vlhkost<\/td>\n<td valign=\"top\" width=\"284\">5-95%<\/td>\n<\/tr>\n<tr>\n<td valign=\"top\" width=\"284\">Minim\u00e1ln\u00ed tvarovac\u00ed znak<\/td>\n<td valign=\"top\" width=\"284\">Angli\u010dtina 1*1mm<\/td>\n<\/tr>\n<tr>\n<td valign=\"top\" width=\"284\">Podporovan\u00fd grafick\u00fd form\u00e1t<\/td>\n<td valign=\"top\" width=\"284\">BMP, PLT, DST, DXF a AI<\/td>\n<\/tr>\n<tr>\n<td valign=\"top\" width=\"284\">Syst\u00e9m pohonu<\/td>\n<td valign=\"top\" width=\"284\">Krokov\u00fd ovlada\u010d<\/td>\n<\/tr>\n<tr>\n<td valign=\"top\" width=\"284\">Re\u017eim chlazen\u00ed<\/td>\n<td valign=\"top\" width=\"284\">Vodn\u00ed chlazen\u00ed a ochrann\u00fd syst\u00e9m<\/td>\n<\/tr>\n<tr>\n<td valign=\"top\" width=\"284\">Pomocn\u00e9 vybaven\u00ed<\/td>\n<td valign=\"top\" width=\"284\">V\u00fdfukov\u00fd ventil\u00e1tor, v\u00fdfukov\u00e9 potrub\u00ed, vzduchov\u00fd kompresor<\/td>\n<\/tr>\n<tr>\n<td valign=\"top\" width=\"284\">\u0158\u00eddic\u00ed software<\/td>\n<td valign=\"top\" width=\"284\">Laserov\u00fd \u0159ez 5.3<\/td>\n<\/tr>\n<tr>\n<td valign=\"top\" width=\"284\">Kompatibiln\u00ed software<\/td>\n<td valign=\"top\" width=\"284\">Coreldraw AutoCAD Photoshop<\/td>\n<\/tr>\n<tr>\n<td valign=\"top\" width=\"284\">\u0158\u00eddic\u00ed syst\u00e9m<\/td>\n<td valign=\"top\" width=\"284\">DSP CONTROL<\/td>\n<\/tr>\n<tr>\n<td valign=\"top\" width=\"284\">Velikost cel\u00e9ho stroje<\/td>\n<td valign=\"top\" width=\"284\">1360*1010*1070 mm<\/td>\n<\/tr>\n<tr>\n<td valign=\"top\" width=\"284\">Celkov\u00e1 hmotnost s obalem<\/td>\n<td valign=\"top\" width=\"284\">200KGS<\/td>\n<\/tr>\n<\/tbody>\n<\/table>\n<p>&nbsp;<\/p>","protected":false},"excerpt":{"rendered":"<p><strong>Vlastnosti laserov\u00e9ho \u0159ezac\u00edho stroje ccd 6090 co2:<\/strong><\/p>\n<p>M\u00e1 500 megapixel\u016f vysoce p\u0159esn\u00e9 vizu\u00e1ln\u00ed rozpozn\u00e1v\u00e1n\u00ed funkce a je velmi vhodn\u00fd pro automatick\u00e9 rozpozn\u00e1v\u00e1n\u00ed \u0159ez\u00e1n\u00ed pro velkoform\u00e1tov\u00e9 vy\u0161\u00edv\u00e1n\u00ed \u0161t\u00edtku \u0159emesln\u00fdch pantofl\u00ed a p\u0159edstavoval \u010d\u00e1sti ply\u0161ov\u00fdch toys.It m\u00e1 r\u016fzn\u00e9 re\u017eimy rozpozn\u00e1v\u00e1n\u00ed, jako je \u0159ez\u00e1n\u00ed s p\u0159edstavoval bod pozice, \u0159ez\u00e1n\u00ed s obr\u00e1zkem vyb\u00edr\u00e1n\u00ed designu a \u0159ez\u00e1n\u00ed s polohou bodu zna\u010dky, co\u017e m\u016f\u017ee zajistit cel\u00fd \u0161t\u00edtek \u0159ez\u00e1n\u00ed rychle a s vysokou precise.It je nejpokro\u010dilej\u0161\u00ed laserov\u00fd \u0159ezac\u00ed stroj na sou\u010dasn\u00e9m trhu.<\/p>\n<p><strong>Pou\u017eiteln\u00e9 materi\u00e1ly<\/strong>: d\u0159evo, bambus, nefrit, mramor, organick\u00e9 sklo, k\u0159i\u0161\u0165\u00e1l, plast, od\u011bvy, pap\u00edr, k\u016f\u017ee, guma, keramika, sklo a dal\u0161\u00ed nekovov\u00e9 materi\u00e1ly.<\/p>\n<p><strong>Pou\u017eiteln\u00e1 odv\u011btv\u00ed:\u00a0<\/strong>reklama, um\u011bleck\u00e1 \u0159emesla, k\u016f\u017ee, hra\u010dky, od\u011bvy, model\u00e1\u0159stv\u00ed , stavebn\u00ed \u010dalounictv\u00ed, po\u010d\u00edta\u010dov\u00e9 vy\u0161\u00edv\u00e1n\u00ed a st\u0159\u00edh\u00e1n\u00ed, obalov\u00fd a pap\u00edrensk\u00fd pr\u016fmysl.<\/p>","protected":false},"featured_media":3442,"template":"","meta":{"_seopress_robots_primary_cat":"none","_seopress_titles_title":"","_seopress_titles_desc":"","_seopress_robots_index":"","_uag_custom_page_level_css":"","site-sidebar-layout":"default","site-content-layout":"default","ast-site-content-layout":"default","site-content-style":"default","site-sidebar-style":"default","ast-global-header-display":"","ast-banner-title-visibility":"","ast-main-header-display":"","ast-hfb-above-header-display":"","ast-hfb-below-header-display":"","ast-hfb-mobile-header-display":"","site-post-title":"","ast-breadcrumbs-content":"","ast-featured-img":"","footer-sml-layout":"","ast-disable-related-posts":"","theme-transparent-header-meta":"default","adv-header-id-meta":"","stick-header-meta":"default","header-above-stick-meta":"","header-main-stick-meta":"","header-below-stick-meta":"","astra-migrate-meta-layouts":"set","ast-page-background-enabled":"default","ast-page-background-meta":{"desktop":{"background-color":"","background-image":"","background-repeat":"repeat","background-position":"center center","background-size":"auto","background-attachment":"scroll","background-type":"","background-media":"","overlay-type":"","overlay-color":"","overlay-opacity":"","overlay-gradient":""},"tablet":{"background-color":"","background-image":"","background-repeat":"repeat","background-position":"center center","background-size":"auto","background-attachment":"scroll","background-type":"","background-media":"","overlay-type":"","overlay-color":"","overlay-opacity":"","overlay-gradient":""},"mobile":{"background-color":"","background-image":"","background-repeat":"repeat","background-position":"center center","background-size":"auto","background-attachment":"scroll","background-type":"","background-media":"","overlay-type":"","overlay-color":"","overlay-opacity":"","overlay-gradient":""}},"ast-content-background-meta":{"desktop":{"background-color":"var(--ast-global-color-5)","background-image":"","background-repeat":"repeat","background-position":"center center","background-size":"auto","background-attachment":"scroll","background-type":"","background-media":"","overlay-type":"","overlay-color":"","overlay-opacity":"","overlay-gradient":""},"tablet":{"background-color":"var(--ast-global-color-5)","background-image":"","background-repeat":"repeat","background-position":"center center","background-size":"auto","background-attachment":"scroll","background-type":"","background-media":"","overlay-type":"","overlay-color":"","overlay-opacity":"","overlay-gradient":""},"mobile":{"background-color":"var(--ast-global-color-5)","background-image":"","background-repeat":"repeat","background-position":"center center","background-size":"auto","background-attachment":"scroll","background-type":"","background-media":"","overlay-type":"","overlay-color":"","overlay-opacity":"","overlay-gradient":""}}},"product_brand":[],"product_cat":[32],"product_tag":[],"class_list":{"0":"post-1205","1":"product","2":"type-product","3":"status-publish","4":"has-post-thumbnail","6":"product_cat-lasercutting","7":"desktop-align-left","8":"tablet-align-left","9":"mobile-align-left","10":"ast-product-gallery-layout-horizontal-slider","11":"ast-product-gallery-with-no-image","12":"ast-product-tabs-layout-horizontal","14":"first","15":"instock","16":"sale","17":"shipping-taxable","18":"purchasable","19":"product-type-simple"},"uagb_featured_image_src":{"full":["https:\/\/wisecnclaser.com\/wp-content\/uploads\/2025\/05\/3c86a60334b0994ff931a6d04f0d0009.jpg",800,800,false],"thumbnail":["https:\/\/wisecnclaser.com\/wp-content\/uploads\/2025\/05\/3c86a60334b0994ff931a6d04f0d0009-150x150.jpg",150,150,true],"medium":["https:\/\/wisecnclaser.com\/wp-content\/uploads\/2025\/05\/3c86a60334b0994ff931a6d04f0d0009-300x300.jpg",300,300,true],"medium_large":["https:\/\/wisecnclaser.com\/wp-content\/uploads\/2025\/05\/3c86a60334b0994ff931a6d04f0d0009-768x768.jpg",768,768,true],"large":["https:\/\/wisecnclaser.com\/wp-content\/uploads\/2025\/05\/3c86a60334b0994ff931a6d04f0d0009.jpg",800,800,false],"1536x1536":["https:\/\/wisecnclaser.com\/wp-content\/uploads\/2025\/05\/3c86a60334b0994ff931a6d04f0d0009.jpg",800,800,false],"2048x2048":["https:\/\/wisecnclaser.com\/wp-content\/uploads\/2025\/05\/3c86a60334b0994ff931a6d04f0d0009.jpg",800,800,false],"trp-custom-language-flag":["https:\/\/wisecnclaser.com\/wp-content\/uploads\/2025\/05\/3c86a60334b0994ff931a6d04f0d0009-12x12.jpg",12,12,true],"woocommerce_thumbnail":["https:\/\/wisecnclaser.com\/wp-content\/uploads\/2025\/05\/3c86a60334b0994ff931a6d04f0d0009-300x300.jpg",300,300,true],"woocommerce_single":["https:\/\/wisecnclaser.com\/wp-content\/uploads\/2025\/05\/3c86a60334b0994ff931a6d04f0d0009-600x600.jpg",600,600,true],"woocommerce_gallery_thumbnail":["https:\/\/wisecnclaser.com\/wp-content\/uploads\/2025\/05\/3c86a60334b0994ff931a6d04f0d0009-100x100.jpg",100,100,true]},"uagb_author_info":{"display_name":"jinxing6611@gmail.com","author_link":"https:\/\/wisecnclaser.com\/cs\/author\/"},"uagb_comment_info":0,"uagb_excerpt":"Features of ccd 6090 co2 laser cutting machine: It has 500 megapixel high precision visual recognition function and is very suitable for auto-recognition cutting for large format embroidery lable of craft slippers and featured parts of plush toys.It has various recognition modes,such as cutting with featured point position ,cutting with figure picking of design and&hellip;","_links":{"self":[{"href":"https:\/\/wisecnclaser.com\/cs\/wp-json\/wp\/v2\/product\/1205","targetHints":{"allow":["GET"]}}],"collection":[{"href":"https:\/\/wisecnclaser.com\/cs\/wp-json\/wp\/v2\/product"}],"about":[{"href":"https:\/\/wisecnclaser.com\/cs\/wp-json\/wp\/v2\/types\/product"}],"wp:featuredmedia":[{"embeddable":true,"href":"https:\/\/wisecnclaser.com\/cs\/wp-json\/wp\/v2\/media\/3442"}],"wp:attachment":[{"href":"https:\/\/wisecnclaser.com\/cs\/wp-json\/wp\/v2\/media?parent=1205"}],"wp:term":[{"taxonomy":"product_brand","embeddable":true,"href":"https:\/\/wisecnclaser.com\/cs\/wp-json\/wp\/v2\/product_brand?post=1205"},{"taxonomy":"product_cat","embeddable":true,"href":"https:\/\/wisecnclaser.com\/cs\/wp-json\/wp\/v2\/product_cat?post=1205"},{"taxonomy":"product_tag","embeddable":true,"href":"https:\/\/wisecnclaser.com\/cs\/wp-json\/wp\/v2\/product_tag?post=1205"}],"curies":[{"name":"wp","href":"https:\/\/api.w.org\/{rel}","templated":true}]}}