{"id":1206,"date":"2025-05-20T07:32:07","date_gmt":"2025-05-20T07:32:07","guid":{"rendered":"https:\/\/wisecnclaser.com\/product\/blue-denim-shorts\/"},"modified":"2026-03-11T05:39:57","modified_gmt":"2026-03-11T05:39:57","slug":"blue-denim-shorts","status":"publish","type":"product","link":"https:\/\/wisecnclaser.com\/cs\/produkt\/blue-denim-shorts\/","title":{"rendered":"WS1020 CNC dr\u00e1t\u011bn\u00fd \u0159ezac\u00ed stroj na p\u011bnovou miner\u00e1ln\u00ed vlnu"},"content":{"rendered":"<p>\u0158ezn\u00e9 materi\u00e1ly:<\/p>\n<p>Tvrd\u00e1 p\u011bna, jako je tvrd\u00e1 p\u011bna EVA s hustotou 140 100 80, polyuretanov\u00e1 p\u011bna PU, miner\u00e1ln\u00ed vlna, p\u011bna Corafoam pro izolaci potrub\u00ed, sklen\u011bn\u00e1 vl\u00e1kna atd. M\u016f\u017ee tak\u00e9 \u0159ezat eps, ale jeho \u0159ezn\u00fd \u00fa\u010dinek nen\u00ed tak dobr\u00fd jako \u0159ez\u00e1n\u00ed hork\u00fdm dr\u00e1tem.<\/p>\n<p>&nbsp;<\/p>\n<table>\n<tbody>\n<tr class=\"firstRow\">\n<td colspan=\"2\" valign=\"center\" width=\"662\"><strong>Popis a specifikace cnc stroje na \u0159ez\u00e1n\u00ed miner\u00e1ln\u00ed vlny:<\/strong><\/td>\n<\/tr>\n<tr>\n<td valign=\"top\" width=\"208\">\u0158ezn\u00e1 plocha<\/td>\n<td valign=\"top\" width=\"454\">D\u00e9lka 2000 mm * \u0161\u00ed\u0159ka 1000 mm * v\u00fd\u0161ka 1000 mm<\/td>\n<\/tr>\n<tr>\n<td valign=\"top\" width=\"208\">Povrch stolu<\/td>\n<td valign=\"top\" width=\"454\">St\u016fl s T-dr\u00e1\u017ekou<\/td>\n<\/tr>\n<tr>\n<td valign=\"top\" width=\"208\">P\u0159esnost ur\u010dov\u00e1n\u00ed polohy p\u0159i cestov\u00e1n\u00ed<\/td>\n<td valign=\"top\" width=\"454\">\u00b10,4 mm<\/td>\n<\/tr>\n<tr>\n<td valign=\"top\" width=\"208\">P\u0159esnost polohov\u00e1n\u00ed<\/td>\n<td valign=\"top\" width=\"454\">\u00b10,5 mm<\/td>\n<\/tr>\n<tr>\n<td valign=\"top\" width=\"208\">Pracovn\u00ed dpi<\/td>\n<td valign=\"top\" width=\"454\">\u00b10,5 mm<\/td>\n<\/tr>\n<tr>\n<td valign=\"top\" width=\"208\">Rychlost \u0159ez\u00e1n\u00ed<\/td>\n<td valign=\"top\" width=\"454\">500-1500 mm\/min<\/td>\n<\/tr>\n<tr>\n<td valign=\"top\" width=\"208\">Struktura stroje<\/td>\n<td valign=\"top\" width=\"454\">Siln\u00e1 sva\u0159ovan\u00e1 ocel<\/td>\n<\/tr>\n<tr>\n<td valign=\"top\" width=\"208\">P\u0159\u00edkaz<\/td>\n<td valign=\"top\" width=\"454\">G-k\u00f3d*.u00*.mmg*.plt<\/td>\n<\/tr>\n<tr>\n<td valign=\"top\" width=\"208\">Pracovn\u00ed nap\u011bt\u00ed<\/td>\n<td valign=\"top\" width=\"454\">AC380V\/50HZ 3 f\u00e1ze<\/td>\n<\/tr>\n<tr>\n<td valign=\"top\" width=\"208\">Hmotnost s obalem<\/td>\n<td valign=\"top\" width=\"454\">850KGS<\/td>\n<\/tr>\n<tr>\n<td valign=\"top\" width=\"208\">Velikost balen\u00ed<\/td>\n<td valign=\"top\" width=\"454\">1.6*3.9*1.4M<\/td>\n<\/tr>\n<tr>\n<td valign=\"top\" width=\"208\">\u0158\u00eddic\u00ed syst\u00e9m<\/td>\n<td valign=\"top\" width=\"454\">Mach3 s po\u010d\u00edta\u010dem<\/td>\n<\/tr>\n<tr>\n<td valign=\"top\" width=\"208\">Vodic\u00ed kolejnice<\/td>\n<td valign=\"top\" width=\"454\">\u010ctvercov\u00fd pr\u016fvodce<\/td>\n<\/tr>\n<tr>\n<td valign=\"top\" width=\"208\">Vlhkost<\/td>\n<td valign=\"top\" width=\"454\">10%-90% (bez kondenzace)<\/td>\n<\/tr>\n<tr>\n<td valign=\"top\" width=\"208\">Teplota<\/td>\n<td valign=\"top\" width=\"454\">10-50\u2103<\/td>\n<\/tr>\n<tr>\n<td valign=\"top\" width=\"208\">P\u0159evodovka<\/td>\n<td valign=\"top\" width=\"454\">Mal\u00e1 p\u0159evodovka<\/td>\n<\/tr>\n<tr>\n<td valign=\"top\" width=\"208\">P\u0159evodovka<\/td>\n<td valign=\"top\" width=\"454\">Vysoce p\u0159esn\u00e1 p\u0159evodovka se \u0161ikm\u00fdm ozuben\u00fdm pastorkem<\/td>\n<\/tr>\n<tr>\n<td valign=\"top\" width=\"208\">\u010cist\u00e1 hmotnost<\/td>\n<td valign=\"top\" width=\"454\">600KGS<\/td>\n<\/tr>\n<tr>\n<td valign=\"top\" width=\"208\">\u0158idi\u010d<\/td>\n<td valign=\"top\" width=\"454\">Krokov\u00fd motor a ovlada\u010d<\/td>\n<\/tr>\n<tr>\n<td valign=\"top\" width=\"208\">Po\u010d\u00edta\u010d<\/td>\n<td valign=\"top\" width=\"454\">Pr\u016fmyslov\u00fd po\u010d\u00edta\u010d<\/td>\n<\/tr>\n<tr>\n<td valign=\"top\" width=\"208\">Bezpe\u010dnostn\u00ed za\u0159\u00edzen\u00ed<\/td>\n<td valign=\"top\" width=\"454\">Koncov\u00fd sp\u00edna\u010d<\/td>\n<\/tr>\n<tr>\n<td valign=\"top\" width=\"208\">N\u00e1hradn\u00ed d\u00edly<\/td>\n<td valign=\"top\" width=\"454\">5 kus\u016f dr\u00e1t\u016f<\/td>\n<\/tr>\n<tr>\n<td valign=\"top\" width=\"208\">Pr\u016fm\u011br dr\u00e1tu<\/td>\n<td valign=\"top\" width=\"454\">1-3 mm<\/td>\n<\/tr>\n<tr>\n<td valign=\"top\" width=\"208\">Pracovn\u00ed v\u00fdkon<\/td>\n<td valign=\"top\" width=\"454\">5KW<\/td>\n<\/tr>\n<tr>\n<td valign=\"top\" width=\"208\">Ovl\u00e1dac\u00ed sk\u0159\u00ed\u0148ka<\/td>\n<td valign=\"top\" width=\"454\">Odd\u011blen\u00e1 str\u00e1nka<\/td>\n<\/tr>\n<tr>\n<td valign=\"top\" width=\"208\">Software<\/td>\n<td valign=\"top\" width=\"454\">p\u0159ilo\u017eeno<\/td>\n<\/tr>\n<\/tbody>\n<\/table>\n<div class=\"ast-oembed-container\" style=\"height: 100%;\"><iframe title=\"CNC \u0159ezac\u00ed stroj na kamennou vlnu CNC rychl\u00fd abrazivn\u00ed dr\u00e1tov\u00fd \u0159ezac\u00ed stroj #rockwoolcutting\" width=\"422\" height=\"750\" src=\"https:\/\/www.youtube.com\/embed\/XjdlfCTTg2M?feature=oembed\" frameborder=\"0\" allow=\"accelerometer; autoplay; clipboard-write; encrypted-media; gyroscope; picture-in-picture; web-share\" referrerpolicy=\"strict-origin-when-cross-origin\" allowfullscreen><\/iframe><\/div>","protected":false},"excerpt":{"rendered":"<p>Cutting Materials of cnc wire cutting machine:<\/p>\n<p>Tvrd\u00e1 p\u011bna, jako je tvrd\u00e1 p\u011bna EVA s hustotou 140 100 80, polyuretanov\u00e1 p\u011bna PU, miner\u00e1ln\u00ed vlna, p\u011bna Corafoam pro izolaci potrub\u00ed, sklen\u011bn\u00e1 vl\u00e1kna atd. M\u016f\u017ee tak\u00e9 \u0159ezat eps, ale jeho \u0159ezn\u00fd \u00fa\u010dinek nen\u00ed tak dobr\u00fd jako \u0159ez\u00e1n\u00ed hork\u00fdm dr\u00e1tem.<\/p>","protected":false},"featured_media":3444,"template":"","meta":{"_seopress_robots_primary_cat":"none","_seopress_titles_title":"","_seopress_titles_desc":"","_seopress_robots_index":"","_uag_custom_page_level_css":"","site-sidebar-layout":"default","site-content-layout":"default","ast-site-content-layout":"default","site-content-style":"default","site-sidebar-style":"default","ast-global-header-display":"","ast-banner-title-visibility":"","ast-main-header-display":"","ast-hfb-above-header-display":"","ast-hfb-below-header-display":"","ast-hfb-mobile-header-display":"","site-post-title":"","ast-breadcrumbs-content":"","ast-featured-img":"","footer-sml-layout":"","ast-disable-related-posts":"","theme-transparent-header-meta":"default","adv-header-id-meta":"","stick-header-meta":"default","header-above-stick-meta":"","header-main-stick-meta":"","header-below-stick-meta":"","astra-migrate-meta-layouts":"set","ast-page-background-enabled":"default","ast-page-background-meta":{"desktop":{"background-color":"","background-image":"","background-repeat":"repeat","background-position":"center center","background-size":"auto","background-attachment":"scroll","background-type":"","background-media":"","overlay-type":"","overlay-color":"","overlay-opacity":"","overlay-gradient":""},"tablet":{"background-color":"","background-image":"","background-repeat":"repeat","background-position":"center center","background-size":"auto","background-attachment":"scroll","background-type":"","background-media":"","overlay-type":"","overlay-color":"","overlay-opacity":"","overlay-gradient":""},"mobile":{"background-color":"","background-image":"","background-repeat":"repeat","background-position":"center center","background-size":"auto","background-attachment":"scroll","background-type":"","background-media":"","overlay-type":"","overlay-color":"","overlay-opacity":"","overlay-gradient":""}},"ast-content-background-meta":{"desktop":{"background-color":"var(--ast-global-color-5)","background-image":"","background-repeat":"repeat","background-position":"center center","background-size":"auto","background-attachment":"scroll","background-type":"","background-media":"","overlay-type":"","overlay-color":"","overlay-opacity":"","overlay-gradient":""},"tablet":{"background-color":"var(--ast-global-color-5)","background-image":"","background-repeat":"repeat","background-position":"center center","background-size":"auto","background-attachment":"scroll","background-type":"","background-media":"","overlay-type":"","overlay-color":"","overlay-opacity":"","overlay-gradient":""},"mobile":{"background-color":"var(--ast-global-color-5)","background-image":"","background-repeat":"repeat","background-position":"center center","background-size":"auto","background-attachment":"scroll","background-type":"","background-media":"","overlay-type":"","overlay-color":"","overlay-opacity":"","overlay-gradient":""}}},"product_brand":[],"product_cat":[43],"product_tag":[],"class_list":{"0":"post-1206","1":"product","2":"type-product","3":"status-publish","4":"has-post-thumbnail","6":"product_cat-foam","7":"desktop-align-left","8":"tablet-align-left","9":"mobile-align-left","10":"ast-product-gallery-layout-horizontal-slider","11":"ast-product-gallery-with-no-image","12":"ast-product-tabs-layout-horizontal","14":"first","15":"instock","16":"sale","17":"shipping-taxable","18":"purchasable","19":"product-type-simple"},"uagb_featured_image_src":{"full":["https:\/\/wisecnclaser.com\/wp-content\/uploads\/2025\/05\/e5553a9a94f5b6a1764cbf5b183b0459.jpg",800,800,false],"thumbnail":["https:\/\/wisecnclaser.com\/wp-content\/uploads\/2025\/05\/e5553a9a94f5b6a1764cbf5b183b0459-150x150.jpg",150,150,true],"medium":["https:\/\/wisecnclaser.com\/wp-content\/uploads\/2025\/05\/e5553a9a94f5b6a1764cbf5b183b0459-300x300.jpg",300,300,true],"medium_large":["https:\/\/wisecnclaser.com\/wp-content\/uploads\/2025\/05\/e5553a9a94f5b6a1764cbf5b183b0459-768x768.jpg",768,768,true],"large":["https:\/\/wisecnclaser.com\/wp-content\/uploads\/2025\/05\/e5553a9a94f5b6a1764cbf5b183b0459.jpg",800,800,false],"1536x1536":["https:\/\/wisecnclaser.com\/wp-content\/uploads\/2025\/05\/e5553a9a94f5b6a1764cbf5b183b0459.jpg",800,800,false],"2048x2048":["https:\/\/wisecnclaser.com\/wp-content\/uploads\/2025\/05\/e5553a9a94f5b6a1764cbf5b183b0459.jpg",800,800,false],"trp-custom-language-flag":["https:\/\/wisecnclaser.com\/wp-content\/uploads\/2025\/05\/e5553a9a94f5b6a1764cbf5b183b0459-12x12.jpg",12,12,true],"woocommerce_thumbnail":["https:\/\/wisecnclaser.com\/wp-content\/uploads\/2025\/05\/e5553a9a94f5b6a1764cbf5b183b0459-300x300.jpg",300,300,true],"woocommerce_single":["https:\/\/wisecnclaser.com\/wp-content\/uploads\/2025\/05\/e5553a9a94f5b6a1764cbf5b183b0459-600x600.jpg",600,600,true],"woocommerce_gallery_thumbnail":["https:\/\/wisecnclaser.com\/wp-content\/uploads\/2025\/05\/e5553a9a94f5b6a1764cbf5b183b0459-100x100.jpg",100,100,true]},"uagb_author_info":{"display_name":"jinxing6611@gmail.com","author_link":"https:\/\/wisecnclaser.com\/cs\/author\/"},"uagb_comment_info":0,"uagb_excerpt":"Cutting Materials of cnc wire cutting machine: Hard thickness foam, such as hard EVA with 140 100 80 density, polyurethane PU foam, Mineral wool, Corafoam for insulation pipe, fiberglass etc. It can also cut eps, but its cutting effect is not as good as hot wire cutting","_links":{"self":[{"href":"https:\/\/wisecnclaser.com\/cs\/wp-json\/wp\/v2\/product\/1206","targetHints":{"allow":["GET"]}}],"collection":[{"href":"https:\/\/wisecnclaser.com\/cs\/wp-json\/wp\/v2\/product"}],"about":[{"href":"https:\/\/wisecnclaser.com\/cs\/wp-json\/wp\/v2\/types\/product"}],"wp:featuredmedia":[{"embeddable":true,"href":"https:\/\/wisecnclaser.com\/cs\/wp-json\/wp\/v2\/media\/3444"}],"wp:attachment":[{"href":"https:\/\/wisecnclaser.com\/cs\/wp-json\/wp\/v2\/media?parent=1206"}],"wp:term":[{"taxonomy":"product_brand","embeddable":true,"href":"https:\/\/wisecnclaser.com\/cs\/wp-json\/wp\/v2\/product_brand?post=1206"},{"taxonomy":"product_cat","embeddable":true,"href":"https:\/\/wisecnclaser.com\/cs\/wp-json\/wp\/v2\/product_cat?post=1206"},{"taxonomy":"product_tag","embeddable":true,"href":"https:\/\/wisecnclaser.com\/cs\/wp-json\/wp\/v2\/product_tag?post=1206"}],"curies":[{"name":"wp","href":"https:\/\/api.w.org\/{rel}","templated":true}]}}