{"id":1207,"date":"2025-05-20T07:32:07","date_gmt":"2025-05-20T07:32:07","guid":{"rendered":"https:\/\/wisecnclaser.com\/product\/dnk-red-sports-shoes\/"},"modified":"2025-12-02T04:00:38","modified_gmt":"2025-12-02T04:00:38","slug":"dnk-red-sports-shoes","status":"publish","type":"product","link":"https:\/\/wisecnclaser.com\/cs\/produkt\/dnk-red-sports-shoes\/","title":{"rendered":"WS1530P Ekonomick\u00e9 fr\u00e9zov\u00e1n\u00ed p\u011bny CNC stroj s rota\u010dn\u00edm"},"content":{"rendered":"<p><strong>Pou\u017eit\u00ed 4os\u00e9ho fr\u00e9zov\u00e1n\u00ed p\u011bny na CNC stroji<\/strong><\/p>\n<p>EPS, houba, polypropylenov\u00fd p\u011bnov\u00fd materi\u00e1l (EPP)<\/p>\n<p>&nbsp;<\/p>\n<p>&nbsp;<\/p>\n<table border=\"1\">\n<tbody>\n<tr class=\"firstRow\">\n<td colspan=\"2\" valign=\"center\" width=\"662\"><strong>Popis a specifikace CNC fr\u00e9zky na p\u011bnu:<\/strong><\/td>\n<\/tr>\n<tr>\n<td valign=\"top\" width=\"268\">X Pracovn\u00ed oblast<\/td>\n<td valign=\"top\" width=\"394\">1300 mm pro ploch\u00fd materi\u00e1l<\/td>\n<\/tr>\n<tr>\n<td valign=\"top\" width=\"268\">Y Pracovn\u00ed oblast<\/td>\n<td valign=\"top\" width=\"394\">2500 mm pro ploch\u00fd materi\u00e1l<\/td>\n<\/tr>\n<tr>\n<td valign=\"top\" width=\"268\">Z Pracovn\u00ed oblast<\/td>\n<td valign=\"top\" width=\"394\">500 mm<\/td>\n<\/tr>\n<tr>\n<td valign=\"top\" width=\"268\">Velikost osy - rota\u010dn\u00ed grav\u00edrov\u00e1n\u00ed<\/td>\n<td valign=\"top\" width=\"394\">Pr\u016fm\u011br 500 mm * d\u00e9lka 1000 mm pro 3D p\u011bnu<\/td>\n<\/tr>\n<tr>\n<td valign=\"top\" width=\"268\">St\u016fl stroje<\/td>\n<td valign=\"top\" width=\"394\">T-dr\u00e1\u017eka<\/td>\n<\/tr>\n<tr>\n<td valign=\"top\" width=\"268\">P\u0159esnost polohov\u00e1n\u00ed<\/td>\n<td valign=\"top\" width=\"394\">\u00b10,05 mm<\/td>\n<\/tr>\n<tr>\n<td valign=\"top\" width=\"268\">X,Y,Z Struktura<\/td>\n<td valign=\"top\" width=\"394\">XY ozuben\u00e9 kolo, Z tchajwansk\u00fd vysoce p\u0159esn\u00fd kuli\u010dkov\u00fd \u0161roub. V\u0161echny osy pou\u017e\u00edvaj\u00ed \u010dtvercov\u00e9 veden\u00ed<\/td>\n<\/tr>\n<tr>\n<td valign=\"top\" width=\"268\">Vzd\u00e1lenost od konce v\u0159etena k pracovn\u00edmu stolu<\/td>\n<td valign=\"top\" width=\"394\">100-500 mm<\/td>\n<\/tr>\n<tr>\n<td valign=\"top\" width=\"268\">Vysok\u00e1 rychlost pod\u00e1v\u00e1n\u00ed<\/td>\n<td valign=\"top\" width=\"394\">Osa X 12000 mm\/min Osa Y 12000 mm\/min Z 6000 mm\/min<\/td>\n<\/tr>\n<tr>\n<td valign=\"top\" width=\"268\">Rychlost krmen\u00ed<\/td>\n<td valign=\"top\" width=\"394\">1-10000 mm\/min<\/td>\n<\/tr>\n<tr>\n<td valign=\"top\" width=\"268\">V\u0159eteno<\/td>\n<td valign=\"top\" width=\"394\">Vzduchem chlazen\u00e9 v\u0159eteno o v\u00fdkonu 6 kW<\/td>\n<\/tr>\n<tr>\n<td valign=\"top\" width=\"268\">Ot\u00e1\u010dky v\u0159etena<\/td>\n<td valign=\"top\" width=\"394\">100-18000 ot\u00e1\u010dek za minutu<\/td>\n<\/tr>\n<tr>\n<td valign=\"top\" width=\"268\">Pohonn\u00fd motor<\/td>\n<td valign=\"top\" width=\"394\">\u010c\u00ednsk\u00fd servomotor a ovlada\u010d KND<\/td>\n<\/tr>\n<tr>\n<td valign=\"top\" width=\"268\">P\u0159\u00edkaz<\/td>\n<td valign=\"top\" width=\"394\">G-k\u00f3d*.u00*.mmg*.plt<\/td>\n<\/tr>\n<tr>\n<td valign=\"top\" width=\"268\">Pracovn\u00ed nap\u011bt\u00ed<\/td>\n<td valign=\"top\" width=\"394\">3PH AC380V\/50Hz<\/td>\n<\/tr>\n<tr>\n<td valign=\"top\" width=\"268\">\u0158\u00eddic\u00ed syst\u00e9m<\/td>\n<td valign=\"top\" width=\"394\">KND SYSTEM<\/td>\n<\/tr>\n<tr>\n<td valign=\"top\" width=\"268\">Vodic\u00ed kolejnice<\/td>\n<td valign=\"top\" width=\"394\">Tchaj-wan 25 velikost Square Rail<\/td>\n<\/tr>\n<tr>\n<td valign=\"top\" width=\"268\">Dpi<\/td>\n<td valign=\"top\" width=\"394\">+\/-0.4<\/td>\n<\/tr>\n<tr>\n<td valign=\"top\" width=\"268\">M\u011bni\u010d<\/td>\n<td valign=\"top\" width=\"394\">Zna\u010dka Surfar 7,5 kW<\/td>\n<\/tr>\n<tr>\n<td valign=\"top\" width=\"268\">Ozuben\u00e9 kolo<\/td>\n<td valign=\"top\" width=\"394\">\u0160roubov\u00fd p\u0159evod s ozuben\u00fdm h\u0159ebenem<\/td>\n<\/tr>\n<\/tbody>\n<\/table>\n<p>&nbsp;<\/p>\n<div class=\"ast-oembed-container\" style=\"height: 100%;\"><iframe title=\"WS1530P 2d reli\u00e9f 3d p\u011bna socha\u0159stv\u00ed \u0159ezb\u00e1\u0159sk\u00fd stroj, 4 osy polystyrenu eps formy fr\u00e9zov\u00e1n\u00ed cnc stroj\" width=\"422\" height=\"750\" src=\"https:\/\/www.youtube.com\/embed\/EDHQ6BUBdBc?feature=oembed\" frameborder=\"0\" allow=\"accelerometer; autoplay; clipboard-write; encrypted-media; gyroscope; picture-in-picture; web-share\" referrerpolicy=\"strict-origin-when-cross-origin\" allowfullscreen><\/iframe><\/div>","protected":false},"excerpt":{"rendered":"<p><strong>Pou\u017eit\u00ed 4os\u00e9ho fr\u00e9zov\u00e1n\u00ed p\u011bny na CNC stroji<\/strong><\/p>\n<p>EPS, houba, polypropylenov\u00fd p\u011bnov\u00fd materi\u00e1l (EPP)<\/p>","protected":false},"featured_media":3462,"template":"","meta":{"_seopress_robots_primary_cat":"none","_seopress_titles_title":"","_seopress_titles_desc":"","_seopress_robots_index":"","_uag_custom_page_level_css":"","site-sidebar-layout":"default","site-content-layout":"default","ast-site-content-layout":"default","site-content-style":"default","site-sidebar-style":"default","ast-global-header-display":"","ast-banner-title-visibility":"","ast-main-header-display":"","ast-hfb-above-header-display":"","ast-hfb-below-header-display":"","ast-hfb-mobile-header-display":"","site-post-title":"","ast-breadcrumbs-content":"","ast-featured-img":"","footer-sml-layout":"","ast-disable-related-posts":"","theme-transparent-header-meta":"default","adv-header-id-meta":"","stick-header-meta":"default","header-above-stick-meta":"","header-main-stick-meta":"","header-below-stick-meta":"","astra-migrate-meta-layouts":"set","ast-page-background-enabled":"default","ast-page-background-meta":{"desktop":{"background-color":"","background-image":"","background-repeat":"repeat","background-position":"center center","background-size":"auto","background-attachment":"scroll","background-type":"","background-media":"","overlay-type":"","overlay-color":"","overlay-opacity":"","overlay-gradient":""},"tablet":{"background-color":"","background-image":"","background-repeat":"repeat","background-position":"center center","background-size":"auto","background-attachment":"scroll","background-type":"","background-media":"","overlay-type":"","overlay-color":"","overlay-opacity":"","overlay-gradient":""},"mobile":{"background-color":"","background-image":"","background-repeat":"repeat","background-position":"center center","background-size":"auto","background-attachment":"scroll","background-type":"","background-media":"","overlay-type":"","overlay-color":"","overlay-opacity":"","overlay-gradient":""}},"ast-content-background-meta":{"desktop":{"background-color":"var(--ast-global-color-5)","background-image":"","background-repeat":"repeat","background-position":"center center","background-size":"auto","background-attachment":"scroll","background-type":"","background-media":"","overlay-type":"","overlay-color":"","overlay-opacity":"","overlay-gradient":""},"tablet":{"background-color":"var(--ast-global-color-5)","background-image":"","background-repeat":"repeat","background-position":"center center","background-size":"auto","background-attachment":"scroll","background-type":"","background-media":"","overlay-type":"","overlay-color":"","overlay-opacity":"","overlay-gradient":""},"mobile":{"background-color":"var(--ast-global-color-5)","background-image":"","background-repeat":"repeat","background-position":"center center","background-size":"auto","background-attachment":"scroll","background-type":"","background-media":"","overlay-type":"","overlay-color":"","overlay-opacity":"","overlay-gradient":""}}},"product_brand":[],"product_cat":[43],"product_tag":[],"class_list":{"0":"post-1207","1":"product","2":"type-product","3":"status-publish","4":"has-post-thumbnail","6":"product_cat-foam","7":"desktop-align-left","8":"tablet-align-left","9":"mobile-align-left","10":"ast-product-gallery-layout-horizontal-slider","11":"ast-product-gallery-with-no-image","12":"ast-product-tabs-layout-horizontal","14":"first","15":"instock","16":"sale","17":"shipping-taxable","18":"purchasable","19":"product-type-simple"},"uagb_featured_image_src":{"full":["https:\/\/wisecnclaser.com\/wp-content\/uploads\/2025\/05\/0d1a6b1bd0cf59dd7033277a3dc85386.png",800,800,false],"thumbnail":["https:\/\/wisecnclaser.com\/wp-content\/uploads\/2025\/05\/0d1a6b1bd0cf59dd7033277a3dc85386-150x150.png",150,150,true],"medium":["https:\/\/wisecnclaser.com\/wp-content\/uploads\/2025\/05\/0d1a6b1bd0cf59dd7033277a3dc85386-300x300.png",300,300,true],"medium_large":["https:\/\/wisecnclaser.com\/wp-content\/uploads\/2025\/05\/0d1a6b1bd0cf59dd7033277a3dc85386-768x768.png",768,768,true],"large":["https:\/\/wisecnclaser.com\/wp-content\/uploads\/2025\/05\/0d1a6b1bd0cf59dd7033277a3dc85386.png",800,800,false],"1536x1536":["https:\/\/wisecnclaser.com\/wp-content\/uploads\/2025\/05\/0d1a6b1bd0cf59dd7033277a3dc85386.png",800,800,false],"2048x2048":["https:\/\/wisecnclaser.com\/wp-content\/uploads\/2025\/05\/0d1a6b1bd0cf59dd7033277a3dc85386.png",800,800,false],"trp-custom-language-flag":["https:\/\/wisecnclaser.com\/wp-content\/uploads\/2025\/05\/0d1a6b1bd0cf59dd7033277a3dc85386-12x12.png",12,12,true],"woocommerce_thumbnail":["https:\/\/wisecnclaser.com\/wp-content\/uploads\/2025\/05\/0d1a6b1bd0cf59dd7033277a3dc85386-300x300.png",300,300,true],"woocommerce_single":["https:\/\/wisecnclaser.com\/wp-content\/uploads\/2025\/05\/0d1a6b1bd0cf59dd7033277a3dc85386-600x600.png",600,600,true],"woocommerce_gallery_thumbnail":["https:\/\/wisecnclaser.com\/wp-content\/uploads\/2025\/05\/0d1a6b1bd0cf59dd7033277a3dc85386-100x100.png",100,100,true]},"uagb_author_info":{"display_name":"jinxing6611@gmail.com","author_link":"https:\/\/wisecnclaser.com\/cs\/author\/"},"uagb_comment_info":0,"uagb_excerpt":"Application of 4 axis foam milling cnc machine EPS, Sponge,Polypropylene plastic foam material(EPP)","_links":{"self":[{"href":"https:\/\/wisecnclaser.com\/cs\/wp-json\/wp\/v2\/product\/1207","targetHints":{"allow":["GET"]}}],"collection":[{"href":"https:\/\/wisecnclaser.com\/cs\/wp-json\/wp\/v2\/product"}],"about":[{"href":"https:\/\/wisecnclaser.com\/cs\/wp-json\/wp\/v2\/types\/product"}],"wp:featuredmedia":[{"embeddable":true,"href":"https:\/\/wisecnclaser.com\/cs\/wp-json\/wp\/v2\/media\/3462"}],"wp:attachment":[{"href":"https:\/\/wisecnclaser.com\/cs\/wp-json\/wp\/v2\/media?parent=1207"}],"wp:term":[{"taxonomy":"product_brand","embeddable":true,"href":"https:\/\/wisecnclaser.com\/cs\/wp-json\/wp\/v2\/product_brand?post=1207"},{"taxonomy":"product_cat","embeddable":true,"href":"https:\/\/wisecnclaser.com\/cs\/wp-json\/wp\/v2\/product_cat?post=1207"},{"taxonomy":"product_tag","embeddable":true,"href":"https:\/\/wisecnclaser.com\/cs\/wp-json\/wp\/v2\/product_tag?post=1207"}],"curies":[{"name":"wp","href":"https:\/\/api.w.org\/{rel}","templated":true}]}}