{"id":1208,"date":"2025-05-20T07:32:07","date_gmt":"2025-05-20T07:32:07","guid":{"rendered":"https:\/\/wisecnclaser.com\/product\/faint-blue-jeans\/"},"modified":"2025-05-23T02:49:01","modified_gmt":"2025-05-23T02:49:01","slug":"faint-blue-jeans","status":"publish","type":"product","link":"https:\/\/wisecnclaser.com\/cs\/produkt\/faint-blue-jeans\/","title":{"rendered":"WS1530 CNC fr\u00e9zka na p\u011bnov\u00e9 formy"},"content":{"rendered":"<p><strong>Pou\u017eit\u00ed CNC fr\u00e9zky na p\u011bnov\u00e9 formy<\/strong><\/p>\n<p>EPS, polypropylenov\u00fd p\u011bnov\u00fd materi\u00e1l (EPP), pou\u017e\u00edvan\u00fd hlavn\u011b pro v\u00fdrobu p\u011bnov\u00e9ho EPC, d\u0159ev\u011bn\u00e9 formy,<\/p>\n<p>P\u011bnov\u00e9 modely pro r\u016fzn\u00e9 mechanick\u00e9 odlitky, jako jsou lod\u011b, v\u011btrn\u00e9 elektr\u00e1rny, obr\u00e1b\u011bc\u00ed stroje, vst\u0159ikovac\u00ed stroje, tiska\u0159sk\u00e9 stroje atd. Pr\u016fmyslov\u00fd design automobil\u016f, jachet, letadel atd. Rota\u010dn\u00ed formy, vst\u0159ikovac\u00ed formy, zpracov\u00e1n\u00ed dekorativn\u00edch materi\u00e1l\u016f pro vn\u011bj\u0161\u00ed st\u011bny GRG\/GRC atd.<\/p>\n<p><strong>Vlastnosti cnc stroje na vy\u0159ez\u00e1v\u00e1n\u00ed p\u011bny 1530:<\/strong><\/p>\n<p>1, cnc p\u011bnov\u00fd \u0159ezb\u00e1\u0159sk\u00fd stroj pou\u017e\u00edv\u00e1 vysoce v\u00fdkonn\u00e9 v\u0159eteno s vodn\u00edm chlazen\u00edm nebo v\u0159eteno se vzduchov\u00fdm chlazen\u00edm a dov\u00e1\u017een\u00fd servomotor a jisti\u010d.<\/p>\n<p>2, Inteligentn\u00ed ochrann\u00e1 funkce stolu stroje: aby se zabr\u00e1nilo poru\u0161e stolu zp\u016fsoben\u00e9 chybnou operac\u00ed nebo chybou softwaru.<\/p>\n<p>3, Inteligentn\u00ed p\u0159eshrani\u010dn\u00ed ochrana zpracov\u00e1n\u00ed, kter\u00e1 zabra\u0148uje mechanick\u00fdm koliz\u00edm zp\u016fsoben\u00fdm konstruk\u010dn\u00edm uspo\u0159\u00e1d\u00e1n\u00edm p\u0159esahuj\u00edc\u00edm \u0161\u00ed\u0159ku zpracov\u00e1n\u00ed.<\/p>\n<p>4, Inteligentn\u00ed \u0159\u00eddic\u00ed syst\u00e9m, m\u016f\u017ee automaticky prov\u00e1d\u011bt v\u00edcevrstv\u00e9 3d obr\u00e1b\u011bn\u00ed.M\u016f\u017ee dokon\u010dit 3d obr\u00e1b\u011bn\u00ed vysokou rychlost\u00ed a hladce.<\/p>\n<p>5, tchajwansk\u00e1 line\u00e1rn\u00ed vodic\u00ed li\u0161ta, samomazn\u00e9 slidery.well proporcion\u00e1ln\u00ed s\u00edly p\u0159i pr\u00e1ci, aby byla zaru\u010dena p\u0159esnost a pevnost.<\/p>\n<p><strong>Pou\u017eit\u00ed cnc stroje na vy\u0159ez\u00e1v\u00e1n\u00ed p\u011bny:<\/strong><\/p>\n<p><strong>\u00a0<\/strong>1, Sl\u00e9v\u00e1rna d\u0159ev\u011bn\u00e9 formy a p\u011bnov\u00fd model obr\u00e1b\u011bn\u00ed pro velk\u00e9 obr\u00e1b\u011bc\u00ed stroje, lodn\u00ed pr\u016fmysl, atd.<\/p>\n<p>2, Odl\u00e9v\u00e1n\u00ed d\u0159ev\u011bn\u00fdch model\u016f pro r\u016fzn\u00e9 mechanick\u00e9 odlitky, jako jsou lod\u011b, v\u011btrn\u00e9 elektr\u00e1rny, obr\u00e1b\u011bc\u00ed stroje, vst\u0159ikovac\u00ed stroje, tiska\u0159sk\u00e9 stroje atd.<\/p>\n<p>3, pr\u016fmyslov\u00fd design automobil\u016f, jachet, letadel atd.<\/p>\n<p>4, rota\u010dn\u00ed formy, vst\u0159ikovac\u00ed formy, zpracov\u00e1n\u00ed dekorativn\u00edch materi\u00e1l\u016f pro vn\u011bj\u0161\u00ed st\u011bny GRG\/GRC atd.<\/p>\n<table border=\"1\">\n<tbody>\n<tr class=\"firstRow\">\n<td colspan=\"2\" valign=\"center\" width=\"662\"><strong>Popis a specifikace cnc fr\u00e9zky na p\u011bnov\u00e9 formy:<\/strong><\/td>\n<\/tr>\n<tr>\n<td valign=\"top\" width=\"331\">X Pracovn\u00ed oblast<\/td>\n<td valign=\"top\" width=\"331\">1500 mm<\/td>\n<\/tr>\n<tr>\n<td valign=\"top\" width=\"331\">Y Pracovn\u00ed oblast<\/td>\n<td valign=\"top\" width=\"331\">3000 mm<\/td>\n<\/tr>\n<tr>\n<td valign=\"top\" width=\"331\">Z Pracovn\u00ed oblast<\/td>\n<td valign=\"top\" width=\"331\">600 mm, v\u00fd\u0161ka pod\u00e1v\u00e1n\u00ed materi\u00e1lu 700 mm<\/td>\n<\/tr>\n<tr>\n<td valign=\"top\" width=\"331\">St\u016fl stroje<\/td>\n<td valign=\"top\" width=\"331\">T-dr\u00e1\u017eka<\/td>\n<\/tr>\n<tr>\n<td valign=\"top\" width=\"331\">Struktura stroje<\/td>\n<td valign=\"top\" width=\"331\">Siln\u00e1 ocelov\u00e1 konstrukce<\/td>\n<\/tr>\n<tr>\n<td valign=\"top\" width=\"331\">X,Y,Z Struktura<\/td>\n<td valign=\"top\" width=\"331\">Ozuben\u00e9 kolo XY, Z Kuli\u010dkov\u00fd \u0161roub Taiwan 3210<\/td>\n<\/tr>\n<tr>\n<td valign=\"top\" width=\"331\">P\u0159evodovka<\/td>\n<td valign=\"top\" width=\"331\">Xinyue vysoce p\u0159esn\u00fd ozuben\u00fd pastorek<\/td>\n<\/tr>\n<tr>\n<td valign=\"top\" width=\"331\">Rychlost pod\u00e1v\u00e1n\u00ed<\/td>\n<td valign=\"top\" width=\"331\">10000 mm\/min<\/td>\n<\/tr>\n<tr>\n<td valign=\"top\" width=\"331\">V\u0159eteno<\/td>\n<td valign=\"top\" width=\"331\">5,5KW vodou chlazen\u00e9 v\u0159eteno<\/td>\n<\/tr>\n<tr>\n<td valign=\"top\" width=\"331\">Maxim\u00e1ln\u00ed rychlost pod\u00e1v\u00e1n\u00ed<\/td>\n<td valign=\"top\" width=\"331\">Osa X: 12000 mm\/min<\/p>\n<p>Osa Y: 12000 mm\/min<\/p>\n<p>Osa Z: 6000 mm\/min<\/td>\n<\/tr>\n<tr>\n<td valign=\"top\" width=\"331\">Ot\u00e1\u010dky v\u0159etena<\/td>\n<td valign=\"top\" width=\"331\">100-12000 OT\u00c1\u010cEK ZA MINUTU<\/td>\n<\/tr>\n<tr>\n<td valign=\"top\" width=\"331\">Syst\u00e9m pohonu<\/td>\n<td valign=\"top\" width=\"331\">Servo Chinse KND<\/td>\n<\/tr>\n<tr>\n<td valign=\"top\" width=\"331\">P\u0159\u00edkaz<\/td>\n<td valign=\"top\" width=\"331\">G-k\u00f3d*.u00*.mmg*.plt<\/td>\n<\/tr>\n<tr>\n<td valign=\"top\" width=\"331\">Pracovn\u00ed nap\u011bt\u00ed<\/td>\n<td valign=\"top\" width=\"331\">AC380V\/60Hz<\/td>\n<\/tr>\n<tr>\n<td valign=\"top\" width=\"331\">\u0158\u00eddic\u00ed syst\u00e9m<\/td>\n<td valign=\"top\" width=\"331\">\u010c\u00ednsk\u00fd syst\u00e9m KND<\/td>\n<\/tr>\n<tr>\n<td valign=\"top\" width=\"331\">\u0158\u00eddic\u00ed syst\u00e9m dpi<\/td>\n<td valign=\"top\" width=\"331\">\u00b10.004<\/td>\n<\/tr>\n<tr>\n<td valign=\"top\" width=\"331\">Inveter<\/td>\n<td valign=\"top\" width=\"331\">M\u011bni\u010d Fuling<\/td>\n<\/tr>\n<tr>\n<td valign=\"top\" width=\"331\">Reduk\u010dn\u00ed p\u0159evody osy Z<\/td>\n<td valign=\"top\" width=\"331\">Ano (zna\u010dka shimpoo, pom\u011br 1:8)<\/td>\n<\/tr>\n<tr>\n<td valign=\"top\" width=\"331\">Vodic\u00ed kolejnice<\/td>\n<td valign=\"top\" width=\"331\">Tchaj-wan 25 \u010dtvercov\u00fdch kolejnic<\/td>\n<\/tr>\n<tr>\n<td valign=\"top\" width=\"331\">Pomocn\u00e9 za\u0159\u00edzen\u00ed<\/td>\n<td valign=\"top\" width=\"331\">Odlu\u010dova\u010d prachu, vodn\u00ed chladi\u010d<\/td>\n<\/tr>\n<\/tbody>\n<\/table>\n<p>&nbsp;<\/p>","protected":false},"excerpt":{"rendered":"<p><strong>Pou\u017eit\u00ed CNC fr\u00e9zky na p\u011bnov\u00e9 formy<\/strong><\/p>\n<p>EPS, polypropylenov\u00fd p\u011bnov\u00fd materi\u00e1l (EPP), pou\u017e\u00edvan\u00fd hlavn\u011b pro v\u00fdrobu p\u011bnov\u00e9ho EPC, d\u0159ev\u011bn\u00e9 formy,<\/p>\n<p>P\u011bnov\u00e9 modely pro r\u016fzn\u00e9 mechanick\u00e9 odlitky, jako jsou lod\u011b, v\u011btrn\u00e9 elektr\u00e1rny, obr\u00e1b\u011bc\u00ed stroje, vst\u0159ikovac\u00ed stroje, tiska\u0159sk\u00e9 stroje atd. Pr\u016fmyslov\u00fd design automobil\u016f, jachet, letadel atd. Rota\u010dn\u00ed formy, vst\u0159ikovac\u00ed formy, zpracov\u00e1n\u00ed dekorativn\u00edch materi\u00e1l\u016f pro vn\u011bj\u0161\u00ed st\u011bny GRG\/GRC atd.<\/p>\n<p><strong>Vlastnosti cnc stroje na vy\u0159ez\u00e1v\u00e1n\u00ed p\u011bny 1530:<\/strong><\/p>\n<p>1, cnc p\u011bnov\u00fd \u0159ezb\u00e1\u0159sk\u00fd stroj pou\u017e\u00edv\u00e1 vysoce v\u00fdkonn\u00e9 v\u0159eteno s vodn\u00edm chlazen\u00edm nebo v\u0159eteno se vzduchov\u00fdm chlazen\u00edm a dov\u00e1\u017een\u00fd servomotor a jisti\u010d.<\/p>\n<p>2, Inteligentn\u00ed ochrann\u00e1 funkce stolu stroje: aby se zabr\u00e1nilo poru\u0161e stolu zp\u016fsoben\u00e9 chybnou operac\u00ed nebo chybou softwaru.<\/p>\n<p>3, Inteligentn\u00ed p\u0159eshrani\u010dn\u00ed ochrana zpracov\u00e1n\u00ed, kter\u00e1 zabra\u0148uje mechanick\u00fdm koliz\u00edm zp\u016fsoben\u00fdm konstruk\u010dn\u00edm uspo\u0159\u00e1d\u00e1n\u00edm p\u0159esahuj\u00edc\u00edm \u0161\u00ed\u0159ku zpracov\u00e1n\u00ed.<\/p>\n<p>4, Inteligentn\u00ed \u0159\u00eddic\u00ed syst\u00e9m, m\u016f\u017ee automaticky prov\u00e1d\u011bt v\u00edcevrstv\u00e9 3d obr\u00e1b\u011bn\u00ed.M\u016f\u017ee dokon\u010dit 3d obr\u00e1b\u011bn\u00ed vysokou rychlost\u00ed a hladce.<\/p>\n<p>5, tchajwansk\u00e1 line\u00e1rn\u00ed vodic\u00ed li\u0161ta, samomazn\u00e9 slidery.well proporcion\u00e1ln\u00ed s\u00edly p\u0159i pr\u00e1ci, aby byla zaru\u010dena p\u0159esnost a pevnost.<\/p>","protected":false},"featured_media":3460,"template":"","meta":{"_seopress_robots_primary_cat":"none","_seopress_titles_title":"","_seopress_titles_desc":"","_seopress_robots_index":"","_uag_custom_page_level_css":"","site-sidebar-layout":"default","site-content-layout":"default","ast-site-content-layout":"default","site-content-style":"default","site-sidebar-style":"default","ast-global-header-display":"","ast-banner-title-visibility":"","ast-main-header-display":"","ast-hfb-above-header-display":"","ast-hfb-below-header-display":"","ast-hfb-mobile-header-display":"","site-post-title":"","ast-breadcrumbs-content":"","ast-featured-img":"","footer-sml-layout":"","ast-disable-related-posts":"","theme-transparent-header-meta":"default","adv-header-id-meta":"","stick-header-meta":"default","header-above-stick-meta":"","header-main-stick-meta":"","header-below-stick-meta":"","astra-migrate-meta-layouts":"set","ast-page-background-enabled":"default","ast-page-background-meta":{"desktop":{"background-color":"","background-image":"","background-repeat":"repeat","background-position":"center center","background-size":"auto","background-attachment":"scroll","background-type":"","background-media":"","overlay-type":"","overlay-color":"","overlay-opacity":"","overlay-gradient":""},"tablet":{"background-color":"","background-image":"","background-repeat":"repeat","background-position":"center center","background-size":"auto","background-attachment":"scroll","background-type":"","background-media":"","overlay-type":"","overlay-color":"","overlay-opacity":"","overlay-gradient":""},"mobile":{"background-color":"","background-image":"","background-repeat":"repeat","background-position":"center center","background-size":"auto","background-attachment":"scroll","background-type":"","background-media":"","overlay-type":"","overlay-color":"","overlay-opacity":"","overlay-gradient":""}},"ast-content-background-meta":{"desktop":{"background-color":"var(--ast-global-color-5)","background-image":"","background-repeat":"repeat","background-position":"center center","background-size":"auto","background-attachment":"scroll","background-type":"","background-media":"","overlay-type":"","overlay-color":"","overlay-opacity":"","overlay-gradient":""},"tablet":{"background-color":"var(--ast-global-color-5)","background-image":"","background-repeat":"repeat","background-position":"center center","background-size":"auto","background-attachment":"scroll","background-type":"","background-media":"","overlay-type":"","overlay-color":"","overlay-opacity":"","overlay-gradient":""},"mobile":{"background-color":"var(--ast-global-color-5)","background-image":"","background-repeat":"repeat","background-position":"center center","background-size":"auto","background-attachment":"scroll","background-type":"","background-media":"","overlay-type":"","overlay-color":"","overlay-opacity":"","overlay-gradient":""}}},"product_brand":[],"product_cat":[43],"product_tag":[],"class_list":{"0":"post-1208","1":"product","2":"type-product","3":"status-publish","4":"has-post-thumbnail","6":"product_cat-foam","7":"desktop-align-left","8":"tablet-align-left","9":"mobile-align-left","10":"ast-product-gallery-layout-horizontal-slider","11":"ast-product-gallery-with-no-image","12":"ast-product-tabs-layout-horizontal","14":"first","15":"instock","16":"sale","17":"shipping-taxable","18":"purchasable","19":"product-type-simple"},"uagb_featured_image_src":{"full":["https:\/\/wisecnclaser.com\/wp-content\/uploads\/2025\/05\/bcb78065198408b6068fb114b361bd27.jpg",800,800,false],"thumbnail":["https:\/\/wisecnclaser.com\/wp-content\/uploads\/2025\/05\/bcb78065198408b6068fb114b361bd27-150x150.jpg",150,150,true],"medium":["https:\/\/wisecnclaser.com\/wp-content\/uploads\/2025\/05\/bcb78065198408b6068fb114b361bd27-300x300.jpg",300,300,true],"medium_large":["https:\/\/wisecnclaser.com\/wp-content\/uploads\/2025\/05\/bcb78065198408b6068fb114b361bd27-768x768.jpg",768,768,true],"large":["https:\/\/wisecnclaser.com\/wp-content\/uploads\/2025\/05\/bcb78065198408b6068fb114b361bd27.jpg",800,800,false],"1536x1536":["https:\/\/wisecnclaser.com\/wp-content\/uploads\/2025\/05\/bcb78065198408b6068fb114b361bd27.jpg",800,800,false],"2048x2048":["https:\/\/wisecnclaser.com\/wp-content\/uploads\/2025\/05\/bcb78065198408b6068fb114b361bd27.jpg",800,800,false],"trp-custom-language-flag":["https:\/\/wisecnclaser.com\/wp-content\/uploads\/2025\/05\/bcb78065198408b6068fb114b361bd27-12x12.jpg",12,12,true],"woocommerce_thumbnail":["https:\/\/wisecnclaser.com\/wp-content\/uploads\/2025\/05\/bcb78065198408b6068fb114b361bd27-300x300.jpg",300,300,true],"woocommerce_single":["https:\/\/wisecnclaser.com\/wp-content\/uploads\/2025\/05\/bcb78065198408b6068fb114b361bd27-600x600.jpg",600,600,true],"woocommerce_gallery_thumbnail":["https:\/\/wisecnclaser.com\/wp-content\/uploads\/2025\/05\/bcb78065198408b6068fb114b361bd27-100x100.jpg",100,100,true]},"uagb_author_info":{"display_name":"jinxing6611@gmail.com","author_link":"https:\/\/wisecnclaser.com\/cs\/author\/"},"uagb_comment_info":0,"uagb_excerpt":"Application of cnc foam mold milling machine EPS, Polypropylene plastic foam material(EPP), mainly used for making FOAM EPC, wood mold, Foam models for various mechanical castings, such as ships, wind power, machine tools, injection molding machinery, printing machinery, etc. Industrial design of automobile, yacht, airplane, etc. Rotary molds, injection molds, GRG\/GRC exterior wall decorative materials&hellip;","_links":{"self":[{"href":"https:\/\/wisecnclaser.com\/cs\/wp-json\/wp\/v2\/product\/1208","targetHints":{"allow":["GET"]}}],"collection":[{"href":"https:\/\/wisecnclaser.com\/cs\/wp-json\/wp\/v2\/product"}],"about":[{"href":"https:\/\/wisecnclaser.com\/cs\/wp-json\/wp\/v2\/types\/product"}],"wp:featuredmedia":[{"embeddable":true,"href":"https:\/\/wisecnclaser.com\/cs\/wp-json\/wp\/v2\/media\/3460"}],"wp:attachment":[{"href":"https:\/\/wisecnclaser.com\/cs\/wp-json\/wp\/v2\/media?parent=1208"}],"wp:term":[{"taxonomy":"product_brand","embeddable":true,"href":"https:\/\/wisecnclaser.com\/cs\/wp-json\/wp\/v2\/product_brand?post=1208"},{"taxonomy":"product_cat","embeddable":true,"href":"https:\/\/wisecnclaser.com\/cs\/wp-json\/wp\/v2\/product_cat?post=1208"},{"taxonomy":"product_tag","embeddable":true,"href":"https:\/\/wisecnclaser.com\/cs\/wp-json\/wp\/v2\/product_tag?post=1208"}],"curies":[{"name":"wp","href":"https:\/\/api.w.org\/{rel}","templated":true}]}}