{"id":1209,"date":"2025-05-20T07:32:07","date_gmt":"2025-05-20T07:32:07","guid":{"rendered":"https:\/\/wisecnclaser.com\/product\/denim-blue-jeans\/"},"modified":"2025-05-23T02:49:05","modified_gmt":"2025-05-23T02:49:05","slug":"denim-blue-jeans","status":"publish","type":"product","link":"https:\/\/wisecnclaser.com\/cs\/produkt\/denim-blue-jeans\/","title":{"rendered":"WS1525BT 4os\u00fd polystyrenov\u00fd CNC router"},"content":{"rendered":"<p>1.<strong>Funkce CNC fr\u00e9zy na polystyren<\/strong><\/p>\n<p>V\u0159eteno se m\u016f\u017ee vlnit v \u00fahlu +\/- 90 stup\u0148\u016f, lze prov\u00e1d\u011bt 2d grav\u00edrov\u00e1n\u00ed na zak\u0159iven\u00e9m povrchu.<\/p>\n<p><strong>2.Aplikace p\u011bnov\u00e9ho CNC fr\u00e9zov\u00e1n\u00ed<\/strong><\/p>\n<p>Kulat\u00e1 eps trubka (vyryjte dva stejn\u00e9 kusy a vlo\u017ete je do jedn\u00e9 kulat\u00e9 trubky). Fr\u00e9zov\u00e1n\u00ed zak\u0159iven\u00fdch povrch\u016f eps, grav\u00edrov\u00e1n\u00ed ploch\u00fdch p\u011bnov\u00fdch desek a grav\u00edrov\u00e1n\u00ed d\u0159eva, perforovan\u00fdch desek\/desek v d\u016fln\u00edm pr\u016fmyslu.<\/p>\n<p>&nbsp;<\/p>\n<table border=\"1\">\n<tbody>\n<tr class=\"firstRow\">\n<td valign=\"center\" width=\"205\"><strong>Polo\u017eka<\/strong><\/td>\n<td valign=\"center\" width=\"331\"><strong>Data<\/strong><\/td>\n<\/tr>\n<tr>\n<td valign=\"center\" width=\"205\">Model<\/td>\n<td valign=\"center\" width=\"331\">WS1525BT<\/td>\n<\/tr>\n<tr>\n<td valign=\"center\" width=\"205\">R\u00e1m stroje<\/td>\n<td valign=\"center\" width=\"331\">Siln\u00e9 sva\u0159ovan\u00e9 ocelov\u00e9 trubky<\/td>\n<\/tr>\n<tr>\n<td valign=\"center\" width=\"205\">St\u016fl stroje<\/td>\n<td valign=\"center\" width=\"331\">St\u016fl s T-dr\u00e1\u017ekou<\/td>\n<\/tr>\n<tr>\n<td valign=\"center\" width=\"205\">Velikost stroje (mm)<\/td>\n<td valign=\"center\" width=\"331\">\u00a0 \u00a0 \u00a0 \u00a0 \u00a0 \u00a0 \u00a0 \u00a0 \u00a02500*1500*500\uff08L*W*H\uff09<\/td>\n<\/tr>\n<tr>\n<td valign=\"center\" width=\"205\">Pracovn\u00ed velikost osy X\uff08\u339c\uff09<\/td>\n<td valign=\"center\" width=\"331\">\u00a0 \u00a0 \u00a0 \u00a0 \u00a0 \u00a0 \u00a0 1500mm\uff084 pracovn\u00ed \u0161\u00ed\u0159ka osy je<\/p>\n<p>1100mm\uff09<\/td>\n<\/tr>\n<tr>\n<td valign=\"center\" width=\"205\">Pracovn\u00ed velikost osy Y\uff08\u339c\uff09<\/td>\n<td valign=\"center\" width=\"331\">\u00a0 \u00a0 \u00a0 \u00a0 \u00a0 \u00a0 \u00a0 \u00a0 \u00a0 \u00a0 \u00a0 \u00a0 \u00a0 2500 mm<\/td>\n<\/tr>\n<tr>\n<td valign=\"center\" width=\"205\">Pracovn\u00ed velikost osy Z\uff08\u339c\uff09<\/td>\n<td valign=\"center\" width=\"331\">\u00a0 \u00a0 \u00a0 \u00a0 \u00a0 \u00a0 \u00a0 \u00a0 \u00a0 \u00a0 \u00a0 \u00a0 \u00a0 400 mm<\/td>\n<\/tr>\n<tr>\n<td valign=\"center\" width=\"205\">Pracovn\u00ed v\u00fdkon<\/td>\n<td valign=\"center\" width=\"331\">\u00a0 \u00a0 \u00a0 \u00a0 \u00a0 \u00a0 \u00a0AC380V\/50HZ<\/td>\n<\/tr>\n<tr>\n<td valign=\"center\" width=\"205\">V\u00fdkon v\u0159etena<\/td>\n<td valign=\"center\" width=\"331\">\u00a0 \u00a0 \u00a0 \u00a0Vzduchem chlazen\u00e9 v\u0159eteno HQD 6KW<\/td>\n<\/tr>\n<tr>\n<td valign=\"center\" width=\"205\">Ot\u00e1\u010dky v\u0159etena<\/td>\n<td valign=\"center\" width=\"331\">\u00a0 \u00a0 \u00a0 \u00a0 \u00a0 \u00a0 0-18000 ot\/min<\/td>\n<\/tr>\n<tr>\n<td valign=\"center\" width=\"205\">Maxim\u00e1ln\u00ed velikost n\u00e1stroj\u016f<\/td>\n<td valign=\"center\" width=\"331\">\u00a0 \u00a0 \u00a0 \u00a0 \u00a0 \u00a0 \u00a0 \u00a0 \u03a620mm<\/td>\n<\/tr>\n<tr>\n<td valign=\"top\" width=\"205\">M\u011bni\u010d<\/td>\n<td valign=\"top\" width=\"331\">\u00a0 \u00a0 \u00a0 \u00a0 \u00a0 \u00a0 \u00a0 \u00a0 \u00a07,5 KW<\/td>\n<\/tr>\n<tr>\n<td valign=\"center\" width=\"205\">P\u0159evodovka<\/td>\n<td valign=\"center\" width=\"331\">\u00a0 \u00a0\u0160ikm\u00fd ozuben\u00fd pastorek XY, vysoce p\u0159esn\u00fd kuli\u010dkov\u00fd \u0161roub Taiwan TBI v ose Z<\/td>\n<\/tr>\n<tr>\n<td valign=\"center\" width=\"205\">\u0158\u00eddic\u00ed syst\u00e9m<\/td>\n<td valign=\"center\" width=\"331\">\u00a0 \u00a0 \u00a0 Vlastn\u00ed \u0159\u00eddic\u00ed jednotka pro v\u00fdzkum a v\u00fdvoj (s ru\u010dn\u00edm kole\u010dkem a sn\u00edma\u010dem n\u00e1stroj\u016f)<\/td>\n<\/tr>\n<tr>\n<td valign=\"center\" width=\"205\">Motor<\/td>\n<td valign=\"center\" width=\"331\">\u00a0 \u00a0 \u00a0 \u00a0 \u00a0 Hybridn\u00ed\/uzav\u0159en\u00e1 smy\u010dka serva<\/td>\n<\/tr>\n<tr>\n<td valign=\"center\" width=\"205\">Vodic\u00ed syst\u00e9m<\/td>\n<td valign=\"center\" width=\"331\">\u00a0 \u00a0 \u00a0 \u010ctvercov\u00e1 kolejnice velikosti 25<\/td>\n<\/tr>\n<tr>\n<td valign=\"center\" width=\"205\">Odlu\u010dova\u010d prachu<\/td>\n<td valign=\"center\" width=\"331\">5,5KW sb\u011bra\u010d prachu s dvojit\u00fdmi vaky<\/td>\n<\/tr>\n<\/tbody>\n<\/table>","protected":false},"excerpt":{"rendered":"<p>1.<strong>Funkce CNC fr\u00e9zy na polystyren<\/strong><\/p>\n<p>V\u0159eteno se m\u016f\u017ee vlnit v \u00fahlu +\/- 90 stup\u0148\u016f, lze prov\u00e1d\u011bt 2d grav\u00edrov\u00e1n\u00ed na zak\u0159iven\u00e9m povrchu.<\/p>\n<p><strong>2.Aplikace p\u011bnov\u00e9ho CNC fr\u00e9zov\u00e1n\u00ed<\/strong><\/p>\n<p>Kulat\u00e1 eps trubka (vyryjte dva stejn\u00e9 kusy a vlo\u017ete je do jedn\u00e9 kulat\u00e9 trubky). Fr\u00e9zov\u00e1n\u00ed zak\u0159iven\u00fdch povrch\u016f eps, grav\u00edrov\u00e1n\u00ed ploch\u00fdch p\u011bnov\u00fdch desek a grav\u00edrov\u00e1n\u00ed d\u0159eva, perforovan\u00fdch desek\/desek v d\u016fln\u00edm pr\u016fmyslu.<\/p>","protected":false},"featured_media":3458,"template":"","meta":{"_seopress_robots_primary_cat":"none","_seopress_titles_title":"","_seopress_titles_desc":"","_seopress_robots_index":"","_uag_custom_page_level_css":"","site-sidebar-layout":"default","site-content-layout":"default","ast-site-content-layout":"default","site-content-style":"default","site-sidebar-style":"default","ast-global-header-display":"","ast-banner-title-visibility":"","ast-main-header-display":"","ast-hfb-above-header-display":"","ast-hfb-below-header-display":"","ast-hfb-mobile-header-display":"","site-post-title":"","ast-breadcrumbs-content":"","ast-featured-img":"","footer-sml-layout":"","ast-disable-related-posts":"","theme-transparent-header-meta":"default","adv-header-id-meta":"","stick-header-meta":"default","header-above-stick-meta":"","header-main-stick-meta":"","header-below-stick-meta":"","astra-migrate-meta-layouts":"set","ast-page-background-enabled":"default","ast-page-background-meta":{"desktop":{"background-color":"","background-image":"","background-repeat":"repeat","background-position":"center center","background-size":"auto","background-attachment":"scroll","background-type":"","background-media":"","overlay-type":"","overlay-color":"","overlay-opacity":"","overlay-gradient":""},"tablet":{"background-color":"","background-image":"","background-repeat":"repeat","background-position":"center center","background-size":"auto","background-attachment":"scroll","background-type":"","background-media":"","overlay-type":"","overlay-color":"","overlay-opacity":"","overlay-gradient":""},"mobile":{"background-color":"","background-image":"","background-repeat":"repeat","background-position":"center center","background-size":"auto","background-attachment":"scroll","background-type":"","background-media":"","overlay-type":"","overlay-color":"","overlay-opacity":"","overlay-gradient":""}},"ast-content-background-meta":{"desktop":{"background-color":"var(--ast-global-color-5)","background-image":"","background-repeat":"repeat","background-position":"center center","background-size":"auto","background-attachment":"scroll","background-type":"","background-media":"","overlay-type":"","overlay-color":"","overlay-opacity":"","overlay-gradient":""},"tablet":{"background-color":"var(--ast-global-color-5)","background-image":"","background-repeat":"repeat","background-position":"center center","background-size":"auto","background-attachment":"scroll","background-type":"","background-media":"","overlay-type":"","overlay-color":"","overlay-opacity":"","overlay-gradient":""},"mobile":{"background-color":"var(--ast-global-color-5)","background-image":"","background-repeat":"repeat","background-position":"center center","background-size":"auto","background-attachment":"scroll","background-type":"","background-media":"","overlay-type":"","overlay-color":"","overlay-opacity":"","overlay-gradient":""}}},"product_brand":[],"product_cat":[43],"product_tag":[],"class_list":{"0":"post-1209","1":"product","2":"type-product","3":"status-publish","4":"has-post-thumbnail","6":"product_cat-foam","7":"desktop-align-left","8":"tablet-align-left","9":"mobile-align-left","10":"ast-product-gallery-layout-horizontal-slider","11":"ast-product-gallery-with-no-image","12":"ast-product-tabs-layout-horizontal","14":"first","15":"instock","16":"shipping-taxable","17":"purchasable","18":"product-type-simple"},"uagb_featured_image_src":{"full":["https:\/\/wisecnclaser.com\/wp-content\/uploads\/2025\/05\/5da0053c4858531c919e6c0e321444e7.png",800,800,false],"thumbnail":["https:\/\/wisecnclaser.com\/wp-content\/uploads\/2025\/05\/5da0053c4858531c919e6c0e321444e7-150x150.png",150,150,true],"medium":["https:\/\/wisecnclaser.com\/wp-content\/uploads\/2025\/05\/5da0053c4858531c919e6c0e321444e7-300x300.png",300,300,true],"medium_large":["https:\/\/wisecnclaser.com\/wp-content\/uploads\/2025\/05\/5da0053c4858531c919e6c0e321444e7-768x768.png",768,768,true],"large":["https:\/\/wisecnclaser.com\/wp-content\/uploads\/2025\/05\/5da0053c4858531c919e6c0e321444e7.png",800,800,false],"1536x1536":["https:\/\/wisecnclaser.com\/wp-content\/uploads\/2025\/05\/5da0053c4858531c919e6c0e321444e7.png",800,800,false],"2048x2048":["https:\/\/wisecnclaser.com\/wp-content\/uploads\/2025\/05\/5da0053c4858531c919e6c0e321444e7.png",800,800,false],"trp-custom-language-flag":["https:\/\/wisecnclaser.com\/wp-content\/uploads\/2025\/05\/5da0053c4858531c919e6c0e321444e7-12x12.png",12,12,true],"woocommerce_thumbnail":["https:\/\/wisecnclaser.com\/wp-content\/uploads\/2025\/05\/5da0053c4858531c919e6c0e321444e7-300x300.png",300,300,true],"woocommerce_single":["https:\/\/wisecnclaser.com\/wp-content\/uploads\/2025\/05\/5da0053c4858531c919e6c0e321444e7-600x600.png",600,600,true],"woocommerce_gallery_thumbnail":["https:\/\/wisecnclaser.com\/wp-content\/uploads\/2025\/05\/5da0053c4858531c919e6c0e321444e7-100x100.png",100,100,true]},"uagb_author_info":{"display_name":"jinxing6611@gmail.com","author_link":"https:\/\/wisecnclaser.com\/cs\/author\/"},"uagb_comment_info":0,"uagb_excerpt":"1.Feature of styrofoam cnc router Spindle can wave +\/- 90 degree, can do 2d engraving on curved surface 2.Application of foam cnc router Round eps pipe (engrave two same pieces, and paste them into one round pipe). Eps curved surface milling, flat foam sheet engraving and wood engraving milling,\u00a0perforated-plate\/sieve plate in mine industry","_links":{"self":[{"href":"https:\/\/wisecnclaser.com\/cs\/wp-json\/wp\/v2\/product\/1209","targetHints":{"allow":["GET"]}}],"collection":[{"href":"https:\/\/wisecnclaser.com\/cs\/wp-json\/wp\/v2\/product"}],"about":[{"href":"https:\/\/wisecnclaser.com\/cs\/wp-json\/wp\/v2\/types\/product"}],"wp:featuredmedia":[{"embeddable":true,"href":"https:\/\/wisecnclaser.com\/cs\/wp-json\/wp\/v2\/media\/3458"}],"wp:attachment":[{"href":"https:\/\/wisecnclaser.com\/cs\/wp-json\/wp\/v2\/media?parent=1209"}],"wp:term":[{"taxonomy":"product_brand","embeddable":true,"href":"https:\/\/wisecnclaser.com\/cs\/wp-json\/wp\/v2\/product_brand?post=1209"},{"taxonomy":"product_cat","embeddable":true,"href":"https:\/\/wisecnclaser.com\/cs\/wp-json\/wp\/v2\/product_cat?post=1209"},{"taxonomy":"product_tag","embeddable":true,"href":"https:\/\/wisecnclaser.com\/cs\/wp-json\/wp\/v2\/product_tag?post=1209"}],"curies":[{"name":"wp","href":"https:\/\/api.w.org\/{rel}","templated":true}]}}