{"id":1210,"date":"2025-05-20T07:32:07","date_gmt":"2025-05-20T07:32:07","guid":{"rendered":"https:\/\/wisecnclaser.com\/product\/dark-grey-jeans\/"},"modified":"2025-05-22T13:15:14","modified_gmt":"2025-05-22T13:15:14","slug":"dark-grey-jeans","status":"publish","type":"product","link":"https:\/\/wisecnclaser.com\/cs\/produkt\/dark-grey-jeans\/","title":{"rendered":"WS1330 Lehk\u00e1 konstrukce \u0159eza\u010dky p\u011bny z hork\u00e9ho dr\u00e1tu s oto\u010dn\u00fdm stolem"},"content":{"rendered":"<p>Vlastnosti stroje 1330 na \u0159ez\u00e1n\u00ed p\u011bny hork\u00fdm dr\u00e1tem:<\/p>\n<p>1. Tento stroj pou\u017e\u00edv\u00e1 kulat\u00e9 ob\u011b\u017enice, dvou\u0159ad\u00e9 a \u010dty\u0159sloupcov\u00e9 kuli\u010dkov\u00e9 bloky. Velk\u00e1 kapacita lo\u017eisek, hladk\u00fd chod, vysok\u00e1 p\u0159esnost a dlouh\u00e1 \u017eivotnost. Dov\u00e1\u017een\u00fd vysoce p\u0159esn\u00fd kuli\u010dkov\u00fd \u0161roub, p\u0159esn\u00e9 \u0159ez\u00e1n\u00ed.<\/p>\n<p>2. pou\u017eit\u00ed hlin\u00edkov\u00e9ho r\u00e1mu s T dr\u00e1\u017ekou, ekonomick\u00e1, lehk\u00e1 konstrukce, je dobrou volbou pro za\u010d\u00e1te\u010dn\u00edky nebo za\u010d\u00e1te\u010dn\u00edky.<\/p>\n<p>3. P\u0159ij\u00edm\u00e1 vysoce flexibiln\u00ed kabel odoln\u00fd proti oh\u00fdb\u00e1n\u00ed. A dov\u00e1\u017e\u00ed odoln\u00e9 elektronick\u00e9 komponenty. Cel\u00e1 elektronick\u00e1 konstrukce stroje spl\u0148uje evropskou normu CE. 4. Odd\u011blen\u00e1 \u0159\u00eddic\u00ed sk\u0159\u00ed\u0148 se spolehliv\u00fdm bezpe\u010dnostn\u00edm ochrann\u00fdm syst\u00e9mem.<\/p>\n<p>4. Snadno nau\u010diteln\u00fd \u0159\u00eddic\u00ed syst\u00e9m Mach3 s pr\u016fmyslov\u00fdm po\u010d\u00edta\u010dem<\/p>\n<p>5. potenci\u00e1l motoru, dosa\u017een\u00ed konstantn\u00ed rychlosti obr\u00e1b\u011bn\u00ed, k\u0159ivky a line\u00e1rn\u00ed synchronn\u00ed a k\u0159ivka je dokonalej\u0161\u00ed.<\/p>\n<p>6.High-rychlostn\u00ed pohon krokov\u00e9ho motoru a pohony, tak\u017ee nechat to konstantn\u00ed a stabiln\u00ed provoz<\/p>\n<p>7.can pou\u017e\u00edt oto\u010dn\u00fd st\u016fl pro 3d \u0159ez\u00e1n\u00ed p\u011bny<\/p>\n<p><strong>.<\/strong><strong>Pou\u017eit\u00ed stroje na \u0159ez\u00e1n\u00ed p\u011bny hork\u00fdm dr\u00e1tem:<\/strong><\/p>\n<p>Tento stroj na \u0159ez\u00e1n\u00ed p\u011bny s lehkou strukturou je ur\u010den hlavn\u011b pro v\u00fdrobu zna\u010dek nebo \u0159ez\u00e1n\u00ed p\u011bnov\u00fdch p\u00edsmen a p\u011bnov\u00fdch dekorac\u00ed. ve srovn\u00e1n\u00ed s t\u011b\u017ek\u00fdm strojem na \u0159ez\u00e1n\u00ed p\u011bny s hork\u00fdm dr\u00e1tem je \u017eivotnost tohoto stroje na \u0159ez\u00e1n\u00ed p\u011bny s lehkou strukturou krat\u0161\u00ed a velikost m\u016f\u017ee b\u00fdt pouze 1300 * 3000 * 1300 mm, pokud chcete v\u011bt\u0161\u00ed velikost, mus\u00edte pou\u017e\u00edt t\u011b\u017ek\u00fd r\u00e1mov\u00fd \u0159ezac\u00ed stroj na p\u011bnu, kter\u00fd pou\u017e\u00edv\u00e1 ozuben\u00fd p\u0159evod. a \u0159ezac\u00ed stroj s lehkou strukturou s hork\u00fdm dr\u00e1tem m\u016f\u017ee b\u00fdt pouze jeden dr\u00e1t, pokud pot\u0159ebujete v\u00edce dr\u00e1t\u016f, mus\u00edte upgradovat na t\u011b\u017ek\u00fd.<strong>\u00a0<\/strong><\/p>\n<table border=\"1\">\n<tbody>\n<tr class=\"firstRow\">\n<td colspan=\"2\" valign=\"center\" width=\"662\"><strong>Technick\u00e9 parametry WS1330\u00a0<\/strong><strong>Sv\u011btlo<\/strong><strong>\u00a0\u0158eza\u010dka p\u011bnov\u00e9 struktury s oto\u010dn\u00fdm stolem:<\/strong><\/td>\n<\/tr>\n<tr>\n<td valign=\"top\" width=\"208\">\u0158ezn\u00e1 plocha<\/td>\n<td valign=\"top\" width=\"454\">D\u00e9lka 3000 mm * \u0161\u00ed\u0159ka 1300 mm * v\u00fd\u0161ka 1300 mm<\/td>\n<\/tr>\n<tr>\n<td valign=\"top\" width=\"208\">Povrch stolu<\/td>\n<td valign=\"top\" width=\"454\">St\u016fl z PVC<\/td>\n<\/tr>\n<tr>\n<td valign=\"top\" width=\"208\">P\u0159esnost ur\u010dov\u00e1n\u00ed polohy p\u0159i cestov\u00e1n\u00ed<\/td>\n<td valign=\"top\" width=\"454\">\u00b10,03 mm<\/td>\n<\/tr>\n<tr>\n<td valign=\"top\" width=\"208\">P\u0159esnost polohov\u00e1n\u00ed<\/td>\n<td valign=\"top\" width=\"454\">\u00b10,02 mm<\/td>\n<\/tr>\n<tr>\n<td valign=\"top\" width=\"208\">Pracovn\u00ed dpi<\/td>\n<td valign=\"top\" width=\"454\">\u00b10,04 mm<\/td>\n<\/tr>\n<tr>\n<td valign=\"top\" width=\"208\">Rychlost ot\u00e1\u010den\u00ed<\/td>\n<td valign=\"top\" width=\"454\">0-6000 mm\/min<\/td>\n<\/tr>\n<tr>\n<td valign=\"top\" width=\"208\">Struktura stroje<\/td>\n<td valign=\"top\" width=\"454\">Siln\u00e1 sva\u0159ovan\u00e1 ocel<\/td>\n<\/tr>\n<tr>\n<td valign=\"top\" width=\"208\">P\u0159\u00edkaz<\/td>\n<td valign=\"top\" width=\"454\">G-k\u00f3d*.u00*.mmg*.plt<\/td>\n<\/tr>\n<tr>\n<td valign=\"top\" width=\"208\">Pracovn\u00ed nap\u011bt\u00ed<\/td>\n<td valign=\"top\" width=\"454\">AC220V\/20HZ<\/td>\n<\/tr>\n<tr>\n<td valign=\"top\" width=\"208\">Hmotnost s obalem<\/td>\n<td valign=\"top\" width=\"454\">850KGS<\/td>\n<\/tr>\n<tr>\n<td valign=\"top\" width=\"208\">Velikost balen\u00ed<\/td>\n<td valign=\"top\" width=\"454\">1.6*3.9*1.4M<\/td>\n<\/tr>\n<tr>\n<td valign=\"top\" width=\"208\">\u0158\u00eddic\u00ed syst\u00e9m<\/td>\n<td valign=\"top\" width=\"454\">Mach3 s pr\u016fmyslov\u00fdm po\u010d\u00edta\u010dem<\/td>\n<\/tr>\n<tr>\n<td valign=\"top\" width=\"208\">Vodic\u00ed kolejnice<\/td>\n<td valign=\"top\" width=\"454\">kulat\u00fd pr\u016fvodce<\/td>\n<\/tr>\n<tr>\n<td valign=\"top\" width=\"208\">Vlhkost<\/td>\n<td valign=\"top\" width=\"454\">10%-90% (bez kondenzace)<\/td>\n<\/tr>\n<tr>\n<td valign=\"top\" width=\"208\">Teplota<\/td>\n<td valign=\"top\" width=\"454\">10-50\u2103<\/td>\n<\/tr>\n<tr>\n<td valign=\"top\" width=\"208\">P\u0159evodovka<\/td>\n<td valign=\"top\" width=\"454\">Mal\u00e1 p\u0159evodovka<\/td>\n<\/tr>\n<tr>\n<td valign=\"top\" width=\"208\">P\u0159evodovka<\/td>\n<td valign=\"top\" width=\"454\">Kuli\u010dkov\u00fd \u0161roub<\/td>\n<\/tr>\n<tr>\n<td valign=\"top\" width=\"208\">\u010cist\u00e1 hmotnost<\/td>\n<td valign=\"top\" width=\"454\">600KGS<\/td>\n<\/tr>\n<tr>\n<td valign=\"top\" width=\"208\">Regul\u00e1tor<\/td>\n<td valign=\"top\" width=\"454\">1000W<\/td>\n<\/tr>\n<tr>\n<td valign=\"top\" width=\"208\">Pozn\u00e1mka<\/td>\n<td valign=\"top\" width=\"454\">Ekonomick\u00e9<\/td>\n<\/tr>\n<tr>\n<td valign=\"top\" width=\"208\">Synchronn\u00ed kolo x,y<\/td>\n<td valign=\"top\" width=\"454\">5M,1:5<\/td>\n<\/tr>\n<tr>\n<td valign=\"top\" width=\"208\">Synchronn\u00ed \u0159emen<\/td>\n<td valign=\"top\" width=\"454\">5M-285<\/td>\n<\/tr>\n<tr>\n<td valign=\"top\" width=\"208\">Synchronn\u00ed kolo Z<\/td>\n<td valign=\"top\" width=\"454\">5M 20 kol<\/td>\n<\/tr>\n<tr>\n<td valign=\"top\" width=\"208\">p\u0159enos<\/td>\n<td valign=\"top\" width=\"454\">kuli\u010dkov\u00fd \u0161roub<\/td>\n<\/tr>\n<tr>\n<td valign=\"top\" width=\"208\">po\u010d\u00edta\u010d<\/td>\n<td valign=\"top\" width=\"454\">pr\u016fmyslov\u00fd po\u010d\u00edta\u010d<\/td>\n<\/tr>\n<tr>\n<td valign=\"top\" width=\"208\">Ovl\u00e1dac\u00ed sk\u0159\u00ed\u0148ka<\/td>\n<td valign=\"top\" width=\"454\">Odd\u011blen\u00e1 str\u00e1nka<\/td>\n<\/tr>\n<tr>\n<td valign=\"top\" width=\"208\">Software<\/td>\n<td valign=\"top\" width=\"454\">CAXA CAD<\/td>\n<\/tr>\n<\/tbody>\n<\/table>","protected":false},"excerpt":{"rendered":"<p>Vlastnosti stroje 1330 na \u0159ez\u00e1n\u00ed p\u011bny hork\u00fdm dr\u00e1tem:<\/p>\n<p>1. Tento stroj pou\u017e\u00edv\u00e1 kulat\u00e9 ob\u011b\u017enice, dvou\u0159ad\u00e9 a \u010dty\u0159sloupcov\u00e9 kuli\u010dkov\u00e9 bloky. Velk\u00e1 kapacita lo\u017eisek, hladk\u00fd chod, vysok\u00e1 p\u0159esnost a dlouh\u00e1 \u017eivotnost. Dov\u00e1\u017een\u00fd vysoce p\u0159esn\u00fd kuli\u010dkov\u00fd \u0161roub, p\u0159esn\u00e9 \u0159ez\u00e1n\u00ed.<\/p>\n<p>2. pou\u017eit\u00ed hlin\u00edkov\u00e9ho r\u00e1mu s T dr\u00e1\u017ekou, ekonomick\u00e1, lehk\u00e1 konstrukce, je dobrou volbou pro za\u010d\u00e1te\u010dn\u00edky nebo za\u010d\u00e1te\u010dn\u00edky.<\/p>\n<p>3. P\u0159ij\u00edm\u00e1 vysoce flexibiln\u00ed kabel odoln\u00fd proti oh\u00fdb\u00e1n\u00ed. A dov\u00e1\u017e\u00ed odoln\u00e9 elektronick\u00e9 komponenty. Cel\u00e1 elektronick\u00e1 konstrukce stroje spl\u0148uje evropskou normu CE. 4. Odd\u011blen\u00e1 \u0159\u00eddic\u00ed sk\u0159\u00ed\u0148 se spolehliv\u00fdm bezpe\u010dnostn\u00edm ochrann\u00fdm syst\u00e9mem.<\/p>\n<p>4. Snadno nau\u010diteln\u00fd \u0159\u00eddic\u00ed syst\u00e9m Mach3 s pr\u016fmyslov\u00fdm po\u010d\u00edta\u010dem<\/p>\n<p>5. potenci\u00e1l motoru, dosa\u017een\u00ed konstantn\u00ed rychlosti obr\u00e1b\u011bn\u00ed, k\u0159ivky a line\u00e1rn\u00ed synchronn\u00ed a k\u0159ivka je dokonalej\u0161\u00ed.<\/p>\n<p>6.High-rychlostn\u00ed pohon krokov\u00e9ho motoru a pohony, tak\u017ee nechat to konstantn\u00ed a stabiln\u00ed provoz<\/p>\n<p>7.can pou\u017e\u00edt oto\u010dn\u00fd st\u016fl pro 3d \u0159ez\u00e1n\u00ed p\u011bny<\/p>","protected":false},"featured_media":3456,"template":"","meta":{"_seopress_robots_primary_cat":"none","_seopress_titles_title":"","_seopress_titles_desc":"","_seopress_robots_index":"","_uag_custom_page_level_css":"","site-sidebar-layout":"default","site-content-layout":"default","ast-site-content-layout":"default","site-content-style":"default","site-sidebar-style":"default","ast-global-header-display":"","ast-banner-title-visibility":"","ast-main-header-display":"","ast-hfb-above-header-display":"","ast-hfb-below-header-display":"","ast-hfb-mobile-header-display":"","site-post-title":"","ast-breadcrumbs-content":"","ast-featured-img":"","footer-sml-layout":"","ast-disable-related-posts":"","theme-transparent-header-meta":"default","adv-header-id-meta":"","stick-header-meta":"default","header-above-stick-meta":"","header-main-stick-meta":"","header-below-stick-meta":"","astra-migrate-meta-layouts":"set","ast-page-background-enabled":"default","ast-page-background-meta":{"desktop":{"background-color":"","background-image":"","background-repeat":"repeat","background-position":"center center","background-size":"auto","background-attachment":"scroll","background-type":"","background-media":"","overlay-type":"","overlay-color":"","overlay-opacity":"","overlay-gradient":""},"tablet":{"background-color":"","background-image":"","background-repeat":"repeat","background-position":"center center","background-size":"auto","background-attachment":"scroll","background-type":"","background-media":"","overlay-type":"","overlay-color":"","overlay-opacity":"","overlay-gradient":""},"mobile":{"background-color":"","background-image":"","background-repeat":"repeat","background-position":"center center","background-size":"auto","background-attachment":"scroll","background-type":"","background-media":"","overlay-type":"","overlay-color":"","overlay-opacity":"","overlay-gradient":""}},"ast-content-background-meta":{"desktop":{"background-color":"var(--ast-global-color-5)","background-image":"","background-repeat":"repeat","background-position":"center center","background-size":"auto","background-attachment":"scroll","background-type":"","background-media":"","overlay-type":"","overlay-color":"","overlay-opacity":"","overlay-gradient":""},"tablet":{"background-color":"var(--ast-global-color-5)","background-image":"","background-repeat":"repeat","background-position":"center center","background-size":"auto","background-attachment":"scroll","background-type":"","background-media":"","overlay-type":"","overlay-color":"","overlay-opacity":"","overlay-gradient":""},"mobile":{"background-color":"var(--ast-global-color-5)","background-image":"","background-repeat":"repeat","background-position":"center center","background-size":"auto","background-attachment":"scroll","background-type":"","background-media":"","overlay-type":"","overlay-color":"","overlay-opacity":"","overlay-gradient":""}}},"product_brand":[],"product_cat":[43],"product_tag":[],"class_list":{"0":"post-1210","1":"product","2":"type-product","3":"status-publish","4":"has-post-thumbnail","6":"product_cat-foam","7":"desktop-align-left","8":"tablet-align-left","9":"mobile-align-left","10":"ast-product-gallery-layout-horizontal-slider","11":"ast-product-gallery-with-no-image","12":"ast-product-tabs-layout-horizontal","14":"first","15":"instock","16":"shipping-taxable","17":"purchasable","18":"product-type-simple"},"uagb_featured_image_src":{"full":["https:\/\/wisecnclaser.com\/wp-content\/uploads\/2025\/05\/a88c962689ed9015dc7479dc3360159a.jpg",800,800,false],"thumbnail":["https:\/\/wisecnclaser.com\/wp-content\/uploads\/2025\/05\/a88c962689ed9015dc7479dc3360159a-150x150.jpg",150,150,true],"medium":["https:\/\/wisecnclaser.com\/wp-content\/uploads\/2025\/05\/a88c962689ed9015dc7479dc3360159a-300x300.jpg",300,300,true],"medium_large":["https:\/\/wisecnclaser.com\/wp-content\/uploads\/2025\/05\/a88c962689ed9015dc7479dc3360159a-768x768.jpg",768,768,true],"large":["https:\/\/wisecnclaser.com\/wp-content\/uploads\/2025\/05\/a88c962689ed9015dc7479dc3360159a.jpg",800,800,false],"1536x1536":["https:\/\/wisecnclaser.com\/wp-content\/uploads\/2025\/05\/a88c962689ed9015dc7479dc3360159a.jpg",800,800,false],"2048x2048":["https:\/\/wisecnclaser.com\/wp-content\/uploads\/2025\/05\/a88c962689ed9015dc7479dc3360159a.jpg",800,800,false],"trp-custom-language-flag":["https:\/\/wisecnclaser.com\/wp-content\/uploads\/2025\/05\/a88c962689ed9015dc7479dc3360159a-12x12.jpg",12,12,true],"woocommerce_thumbnail":["https:\/\/wisecnclaser.com\/wp-content\/uploads\/2025\/05\/a88c962689ed9015dc7479dc3360159a-300x300.jpg",300,300,true],"woocommerce_single":["https:\/\/wisecnclaser.com\/wp-content\/uploads\/2025\/05\/a88c962689ed9015dc7479dc3360159a-600x600.jpg",600,600,true],"woocommerce_gallery_thumbnail":["https:\/\/wisecnclaser.com\/wp-content\/uploads\/2025\/05\/a88c962689ed9015dc7479dc3360159a-100x100.jpg",100,100,true]},"uagb_author_info":{"display_name":"jinxing6611@gmail.com","author_link":"https:\/\/wisecnclaser.com\/cs\/author\/"},"uagb_comment_info":0,"uagb_excerpt":"Features of 1330 hot wire foam cutting machine: 1. This machine adopts round orbit, double rows and four columns ball blocks. Large\u00a0bearing capacity, running smoothly, high precision and long life. Imported high precision\u00a0Ball screw, cutting accurate. 2. use T slot aluminum frame, economic, light structure, is good choise for eps foam cutting starter or beginner.&hellip;","_links":{"self":[{"href":"https:\/\/wisecnclaser.com\/cs\/wp-json\/wp\/v2\/product\/1210","targetHints":{"allow":["GET"]}}],"collection":[{"href":"https:\/\/wisecnclaser.com\/cs\/wp-json\/wp\/v2\/product"}],"about":[{"href":"https:\/\/wisecnclaser.com\/cs\/wp-json\/wp\/v2\/types\/product"}],"wp:featuredmedia":[{"embeddable":true,"href":"https:\/\/wisecnclaser.com\/cs\/wp-json\/wp\/v2\/media\/3456"}],"wp:attachment":[{"href":"https:\/\/wisecnclaser.com\/cs\/wp-json\/wp\/v2\/media?parent=1210"}],"wp:term":[{"taxonomy":"product_brand","embeddable":true,"href":"https:\/\/wisecnclaser.com\/cs\/wp-json\/wp\/v2\/product_brand?post=1210"},{"taxonomy":"product_cat","embeddable":true,"href":"https:\/\/wisecnclaser.com\/cs\/wp-json\/wp\/v2\/product_cat?post=1210"},{"taxonomy":"product_tag","embeddable":true,"href":"https:\/\/wisecnclaser.com\/cs\/wp-json\/wp\/v2\/product_tag?post=1210"}],"curies":[{"name":"wp","href":"https:\/\/api.w.org\/{rel}","templated":true}]}}