{"id":1211,"date":"2025-05-20T07:32:07","date_gmt":"2025-05-20T07:32:07","guid":{"rendered":"https:\/\/wisecnclaser.com\/product\/dark-brown-jeans\/"},"modified":"2025-11-25T06:11:41","modified_gmt":"2025-11-25T06:11:41","slug":"hot-wire-foam-cutting-machine","status":"publish","type":"product","link":"https:\/\/wisecnclaser.com\/cs\/produkt\/hot-wire-foam-cutting-machine\/","title":{"rendered":"WS1330 \u0158ezac\u00ed stroj na p\u011bnu EPS s hork\u00fdm dr\u00e1tem"},"content":{"rendered":"<p><strong>Vlastnosti \u0159ezac\u00edho stroje na p\u011bnu eps s hork\u00fdm dr\u00e1tem:<\/strong><\/p>\n<p>1. Tento stroj pou\u017e\u00edv\u00e1 \u010dtvercovou ob\u011b\u017enou dr\u00e1hu, dvojit\u00e9 \u0159ady a \u010dty\u0159i sloupce kuli\u010dkov\u00fdch blok\u016f. Velk\u00e1 kapacita lo\u017eisek, hladk\u00fd chod, vysok\u00e1 p\u0159esnost a dlouh\u00e1 \u017eivotnost. Dov\u00e1\u017een\u00fd vysoce p\u0159esn\u00fd kuli\u010dkov\u00fd \u0161roub, p\u0159esn\u00e9 \u0159ez\u00e1n\u00ed.<\/p>\n<p>2. Cel\u00e1 tlust\u00e1 konstrukce \u010dtvercov\u00e9 trubky a nedeformace, ocelov\u00e1 konstrukce a v\u011bdeck\u00e9 sva\u0159ov\u00e1n\u00ed, celkov\u011b nedeformace.<\/p>\n<p>3. P\u0159ij\u00edm\u00e1 vysoce flexibiln\u00ed kabel odoln\u00fd proti oh\u00fdb\u00e1n\u00ed. A dov\u00e1\u017e\u00ed odoln\u00e9 elektronick\u00e9 komponenty. Cel\u00e1 elektronick\u00e1 konstrukce stroje spl\u0148uje evropskou normu CE. 4. Odd\u011blen\u00e1 \u0159\u00eddic\u00ed sk\u0159\u00ed\u0148 se spolehliv\u00fdm bezpe\u010dnostn\u00edm ochrann\u00fdm syst\u00e9mem.<\/p>\n<p>4. Snadno nau\u010diteln\u00fd \u0159\u00eddic\u00ed syst\u00e9m dsp<\/p>\n<p>5. potenci\u00e1l motoru, dosa\u017een\u00ed konstantn\u00ed rychlosti obr\u00e1b\u011bn\u00ed, k\u0159ivky a line\u00e1rn\u00ed synchronn\u00ed a k\u0159ivka je dokonalej\u0161\u00ed.<\/p>\n<p>6.High-rychlostn\u00ed pohon krokov\u00e9ho motoru a pohony, tak\u017ee nechat to konstantn\u00ed a stabiln\u00ed provoz<\/p>\n<p><strong>Pou\u017eit\u00ed \u0159ezac\u00edho stroje na p\u011bnu eps:<\/strong><\/p>\n<p>pou\u017e\u00edv\u00e1 se k \u0159ez\u00e1n\u00ed p\u011bnov\u00e9ho expandovan\u00e9ho polystyrenu (eps), kter\u00fd lze pou\u017e\u00edt do architektonick\u00fdch tvar\u016f, korunov\u00fdch li\u0161t, sloup\u016f, maket, kapil\u00e1r, medailon\u016f. Sendvi\u010dov\u00e9 desky z EPS a XPS pro st\u0159e\u0161n\u00ed krytiny a konstrukce. Obaly a model\u00e1\u0159i, dohled, UAV, RC, k\u0159\u00eddla, j\u00e1dra a aerodynamick\u00e9 kryty. Tematick\u00e9 parky. Leteck\u00e9, architektonick\u00e9 a strojn\u00ed katedry na univerzit\u00e1ch a vysok\u00fdch \u0161kol\u00e1ch, Monument\u00e1ln\u00ed zna\u010dky, 3D zna\u010dky, loga, p\u00edsmena, rekvizity, prototypy, muzejn\u00ed expon\u00e1ty, veletrhy Lod\u011b, surfy, k\u00e1noe a p\u00e1dla.<\/p>\n<p><strong>\u00a0Technick\u00e9 parametry WS1330 stroje na \u0159ez\u00e1n\u00ed p\u011bny z hork\u00e9ho dr\u00e1tu:<\/strong><\/p>\n<table border=\"1\">\n<tbody>\n<tr class=\"firstRow\">\n<td colspan=\"2\" valign=\"center\" width=\"662\"><\/td>\n<\/tr>\n<tr>\n<td valign=\"top\" width=\"208\">\u0158ezn\u00e1 plocha<\/td>\n<td valign=\"top\" width=\"454\">D\u00e9lka 3000 mm * \u0161\u00ed\u0159ka 1300 mm * v\u00fd\u0161ka 1300 mm<\/td>\n<\/tr>\n<tr>\n<td valign=\"top\" width=\"208\">Povrch stolu<\/td>\n<td valign=\"top\" width=\"454\">St\u016fl z PVC<\/td>\n<\/tr>\n<tr>\n<td valign=\"top\" width=\"208\">P\u0159esnost ur\u010dov\u00e1n\u00ed polohy p\u0159i cestov\u00e1n\u00ed<\/td>\n<td valign=\"top\" width=\"454\">\u00b10,03 mm<\/td>\n<\/tr>\n<tr>\n<td valign=\"top\" width=\"208\">P\u0159esnost polohov\u00e1n\u00ed<\/td>\n<td valign=\"top\" width=\"454\">\u00b10,02 mm<\/td>\n<\/tr>\n<tr>\n<td valign=\"top\" width=\"208\">Pracovn\u00ed dpi<\/td>\n<td valign=\"top\" width=\"454\">\u00b10,04 mm<\/td>\n<\/tr>\n<tr>\n<td valign=\"top\" width=\"208\">Rychlost ot\u00e1\u010den\u00ed<\/td>\n<td valign=\"top\" width=\"454\">0-6000 mm\/min<\/td>\n<\/tr>\n<tr>\n<td valign=\"top\" width=\"208\">Struktura stroje<\/td>\n<td valign=\"top\" width=\"454\">Siln\u00e1 sva\u0159ovan\u00e1 ocel<\/td>\n<\/tr>\n<tr>\n<td valign=\"top\" width=\"208\">P\u0159\u00edkaz<\/td>\n<td valign=\"top\" width=\"454\">G-k\u00f3d*.u00*.mmg*.plt<\/td>\n<\/tr>\n<tr>\n<td valign=\"top\" width=\"208\">Pracovn\u00ed nap\u011bt\u00ed<\/td>\n<td valign=\"top\" width=\"454\">AC220V\/20HZ<\/td>\n<\/tr>\n<tr>\n<td valign=\"top\" width=\"208\">Hmotnost s obalem<\/td>\n<td valign=\"top\" width=\"454\">850KGS<\/td>\n<\/tr>\n<tr>\n<td valign=\"top\" width=\"208\">Velikost balen\u00ed<\/td>\n<td valign=\"top\" width=\"454\">1.6*3.9*1.4M<\/td>\n<\/tr>\n<tr>\n<td valign=\"top\" width=\"208\">\u0158\u00eddic\u00ed syst\u00e9m<\/td>\n<td valign=\"top\" width=\"454\">Dsp offline nebo Mach3<\/td>\n<\/tr>\n<tr>\n<td valign=\"top\" width=\"208\">Vodic\u00ed kolejnice<\/td>\n<td valign=\"top\" width=\"454\">\u010ctvercov\u00fd pr\u016fvodce<\/td>\n<\/tr>\n<tr>\n<td valign=\"top\" width=\"208\">Vlhkost<\/td>\n<td valign=\"top\" width=\"454\">10%-90% (bez kondenzace)<\/td>\n<\/tr>\n<tr>\n<td valign=\"top\" width=\"208\">Teplota<\/td>\n<td valign=\"top\" width=\"454\">10-50\u2103<\/td>\n<\/tr>\n<tr>\n<td valign=\"top\" width=\"208\">P\u0159evodovka<\/td>\n<td valign=\"top\" width=\"454\">Mal\u00e1 p\u0159evodovka<\/td>\n<\/tr>\n<tr>\n<td valign=\"top\" width=\"208\">P\u0159evodovka<\/td>\n<td valign=\"top\" width=\"454\">Kuli\u010dkov\u00fd \u0161roub<\/td>\n<\/tr>\n<tr>\n<td valign=\"top\" width=\"208\">\u010cist\u00e1 hmotnost<\/td>\n<td valign=\"top\" width=\"454\">600KGS<\/td>\n<\/tr>\n<tr>\n<td valign=\"top\" width=\"208\">Regul\u00e1tor<\/td>\n<td valign=\"top\" width=\"454\">1000W<\/td>\n<\/tr>\n<tr>\n<td valign=\"top\" width=\"208\">Pozn\u00e1mka<\/td>\n<td valign=\"top\" width=\"454\">Ekonomick\u00e9<\/td>\n<\/tr>\n<tr>\n<td valign=\"top\" width=\"208\">Synchronn\u00ed kolo x,y<\/td>\n<td valign=\"top\" width=\"454\">5M,1:5<\/td>\n<\/tr>\n<tr>\n<td valign=\"top\" width=\"208\">Synchronn\u00ed \u0159emen<\/td>\n<td valign=\"top\" width=\"454\">5M-285<\/td>\n<\/tr>\n<tr>\n<td valign=\"top\" width=\"208\">Synchronn\u00ed kolo Z<\/td>\n<td valign=\"top\" width=\"454\">5M 20 kol<\/td>\n<\/tr>\n<tr>\n<td valign=\"top\" width=\"208\">Ozuben\u00e9 kolo<\/td>\n<td valign=\"top\" width=\"454\">YCAA670<\/td>\n<\/tr>\n<tr>\n<td valign=\"top\" width=\"208\">P\u0159evodov\u00fd h\u0159\u00eddel<\/td>\n<td valign=\"top\" width=\"454\">93<\/td>\n<\/tr>\n<tr>\n<td valign=\"top\" width=\"208\">Ovl\u00e1dac\u00ed sk\u0159\u00ed\u0148ka<\/td>\n<td valign=\"top\" width=\"454\">Odd\u011blen\u00e1 str\u00e1nka<\/td>\n<\/tr>\n<tr>\n<td valign=\"top\" width=\"208\">Software<\/td>\n<td valign=\"top\" width=\"454\">CAXA CAD<\/td>\n<\/tr>\n<\/tbody>\n<\/table>\n<p><strong>V\u00fdhody stroje na \u0159ez\u00e1n\u00ed p\u011bny hork\u00fdm dr\u00e1tem od spole\u010dnosti Jinan wise cnc laser machinery co., ltd.<\/strong><\/p>\n<p>1, \u0158\u00eddic\u00ed syst\u00e9m byl vyvinut na\u0161\u00ed vlastn\u00ed spole\u010dnost\u00ed, dokonce i lid\u00e9 bez jak\u00fdchkoli po\u010d\u00edta\u010dov\u00fdch znalost\u00ed nebo zku\u0161enost\u00ed s kreslen\u00edm CAD mohou po jednom nebo dvou dnech \u0161kolen\u00ed pracovat sami.<br \/>\n2, \u0158ezac\u00ed software je kompatibiln\u00ed s v\u00fdkresy CAXA a AUTOCAD. Nen\u00ed t\u0159eba protikreslen\u00ed a programov\u00e1n\u00ed. Po zad\u00e1n\u00ed souboru m\u016f\u017ee stroj pohodln\u011b dokon\u010dit \u0159ez\u00e1n\u00ed.<\/p>\n<p>3.Transmission syst\u00e9m p\u0159ij\u00edm\u00e1 tchajwansk\u00fd kuli\u010dkov\u00fd \u0161roub, p\u0159i pr\u00e1ci s n\u00edzkou hlu\u010dnost\u00ed a malou mezerou. Je mnohem lep\u0161\u00ed ne\u017e u jin\u00fdch spole\u010dnost\u00ed, kter\u00e9 pou\u017e\u00edvaj\u00ed \u0159et\u011bz a ozuben\u00fd h\u0159eben nebo b\u011b\u017en\u00fd z\u00e1vitov\u00fd \u0161roub.<\/p>\n<p>4.The protiprachov\u00e9 za\u0159\u00edzen\u00ed a cel\u00fd stroj p\u0159ij\u00edm\u00e1 velk\u00e9 cnc fr\u00e9zovac\u00ed za\u0159\u00edzen\u00ed, zpracov\u00e1vat detaily stroje velmi pe\u010dliv\u011b.<\/p>\n<div class=\"ast-oembed-container\" style=\"height: 100%;\"><iframe title=\"3d \u0159ezac\u00ed stroj na p\u011bnu s hork\u00fdm dr\u00e1tem eps polystyrenov\u00e1 p\u011bna cnc \u0159ezac\u00ed stroj s hork\u00fdm dr\u00e1tem jinan moudr\u00fd cnc #foamcutter\" width=\"500\" height=\"281\" src=\"https:\/\/www.youtube.com\/embed\/j0dbAMKw2Pw?feature=oembed\" frameborder=\"0\" allow=\"accelerometer; autoplay; clipboard-write; encrypted-media; gyroscope; picture-in-picture; web-share\" referrerpolicy=\"strict-origin-when-cross-origin\" allowfullscreen><\/iframe><\/div>\n<p>&nbsp;<\/p>","protected":false},"excerpt":{"rendered":"<p><strong>Vlastnosti \u0159ezac\u00edho stroje na p\u011bnu eps s hork\u00fdm dr\u00e1tem:<\/strong><\/p>\n<p>1. Tento stroj pou\u017e\u00edv\u00e1 \u010dtvercovou ob\u011b\u017enou dr\u00e1hu, dvojit\u00e9 \u0159ady a \u010dty\u0159i sloupce kuli\u010dkov\u00fdch blok\u016f. Velk\u00e1 kapacita lo\u017eisek, hladk\u00fd chod, vysok\u00e1 p\u0159esnost a dlouh\u00e1 \u017eivotnost. Dov\u00e1\u017een\u00fd vysoce p\u0159esn\u00fd kuli\u010dkov\u00fd \u0161roub, p\u0159esn\u00e9 \u0159ez\u00e1n\u00ed.<\/p>\n<p>2. Cel\u00e1 tlust\u00e1 konstrukce \u010dtvercov\u00e9 trubky a nedeformace, ocelov\u00e1 konstrukce a v\u011bdeck\u00e9 sva\u0159ov\u00e1n\u00ed, celkov\u011b nedeformace.<\/p>\n<p>3. P\u0159ij\u00edm\u00e1 vysoce flexibiln\u00ed kabel odoln\u00fd proti oh\u00fdb\u00e1n\u00ed. A dov\u00e1\u017e\u00ed odoln\u00e9 elektronick\u00e9 komponenty. Cel\u00e1 elektronick\u00e1 konstrukce stroje spl\u0148uje evropskou normu CE. 4. Odd\u011blen\u00e1 \u0159\u00eddic\u00ed sk\u0159\u00ed\u0148 se spolehliv\u00fdm bezpe\u010dnostn\u00edm ochrann\u00fdm syst\u00e9mem.<\/p>\n<p>4. Snadno nau\u010diteln\u00fd \u0159\u00eddic\u00ed syst\u00e9m dsp<\/p>\n<p>5. potenci\u00e1l motoru, dosa\u017een\u00ed konstantn\u00ed rychlosti obr\u00e1b\u011bn\u00ed, k\u0159ivky a line\u00e1rn\u00ed synchronn\u00ed a k\u0159ivka je dokonalej\u0161\u00ed.<\/p>\n<p>6.High-rychlostn\u00ed pohon krokov\u00e9ho motoru a pohony, tak\u017ee nechat to konstantn\u00ed a stabiln\u00ed provoz<\/p>","protected":false},"featured_media":3446,"template":"","meta":{"_seopress_robots_primary_cat":"none","_seopress_titles_title":"","_seopress_titles_desc":"","_seopress_robots_index":"","_uag_custom_page_level_css":"","site-sidebar-layout":"default","site-content-layout":"default","ast-site-content-layout":"default","site-content-style":"default","site-sidebar-style":"default","ast-global-header-display":"","ast-banner-title-visibility":"","ast-main-header-display":"","ast-hfb-above-header-display":"","ast-hfb-below-header-display":"","ast-hfb-mobile-header-display":"","site-post-title":"","ast-breadcrumbs-content":"","ast-featured-img":"","footer-sml-layout":"","ast-disable-related-posts":"","theme-transparent-header-meta":"default","adv-header-id-meta":"","stick-header-meta":"default","header-above-stick-meta":"","header-main-stick-meta":"","header-below-stick-meta":"","astra-migrate-meta-layouts":"set","ast-page-background-enabled":"default","ast-page-background-meta":{"desktop":{"background-color":"","background-image":"","background-repeat":"repeat","background-position":"center center","background-size":"auto","background-attachment":"scroll","background-type":"","background-media":"","overlay-type":"","overlay-color":"","overlay-opacity":"","overlay-gradient":""},"tablet":{"background-color":"","background-image":"","background-repeat":"repeat","background-position":"center center","background-size":"auto","background-attachment":"scroll","background-type":"","background-media":"","overlay-type":"","overlay-color":"","overlay-opacity":"","overlay-gradient":""},"mobile":{"background-color":"","background-image":"","background-repeat":"repeat","background-position":"center center","background-size":"auto","background-attachment":"scroll","background-type":"","background-media":"","overlay-type":"","overlay-color":"","overlay-opacity":"","overlay-gradient":""}},"ast-content-background-meta":{"desktop":{"background-color":"var(--ast-global-color-5)","background-image":"","background-repeat":"repeat","background-position":"center center","background-size":"auto","background-attachment":"scroll","background-type":"","background-media":"","overlay-type":"","overlay-color":"","overlay-opacity":"","overlay-gradient":""},"tablet":{"background-color":"var(--ast-global-color-5)","background-image":"","background-repeat":"repeat","background-position":"center center","background-size":"auto","background-attachment":"scroll","background-type":"","background-media":"","overlay-type":"","overlay-color":"","overlay-opacity":"","overlay-gradient":""},"mobile":{"background-color":"var(--ast-global-color-5)","background-image":"","background-repeat":"repeat","background-position":"center center","background-size":"auto","background-attachment":"scroll","background-type":"","background-media":"","overlay-type":"","overlay-color":"","overlay-opacity":"","overlay-gradient":""}}},"product_brand":[],"product_cat":[43],"product_tag":[86,108,109,110,112,107,106,88,111],"class_list":{"0":"post-1211","1":"product","2":"type-product","3":"status-publish","4":"has-post-thumbnail","6":"product_cat-foam","7":"product_tag-3d-foam-cutting-machine","8":"product_tag-4-axis-hot-wire-foam-cutting-machine","9":"product_tag-5-axis-hot-wire-foam-cutter","10":"product_tag-eps-foam-cutting-machine","11":"product_tag-foam-cnc-machine","12":"product_tag-foam-cutting-machine","13":"product_tag-hot-wire-foam-cutter","14":"product_tag-hot-wire-foam-cutting-machine","15":"product_tag-styrofoam-cutting-machine","16":"desktop-align-left","17":"tablet-align-left","18":"mobile-align-left","19":"ast-product-gallery-layout-horizontal-slider","20":"ast-product-tabs-layout-horizontal","22":"first","23":"instock","24":"featured","25":"shipping-taxable","26":"purchasable","27":"product-type-simple"},"uagb_featured_image_src":{"full":["https:\/\/wisecnclaser.com\/wp-content\/uploads\/2025\/05\/3c0c618f161a1f0348350334476b28a9.jpg",800,800,false],"thumbnail":["https:\/\/wisecnclaser.com\/wp-content\/uploads\/2025\/05\/3c0c618f161a1f0348350334476b28a9-150x150.jpg",150,150,true],"medium":["https:\/\/wisecnclaser.com\/wp-content\/uploads\/2025\/05\/3c0c618f161a1f0348350334476b28a9-300x300.jpg",300,300,true],"medium_large":["https:\/\/wisecnclaser.com\/wp-content\/uploads\/2025\/05\/3c0c618f161a1f0348350334476b28a9-768x768.jpg",768,768,true],"large":["https:\/\/wisecnclaser.com\/wp-content\/uploads\/2025\/05\/3c0c618f161a1f0348350334476b28a9.jpg",800,800,false],"1536x1536":["https:\/\/wisecnclaser.com\/wp-content\/uploads\/2025\/05\/3c0c618f161a1f0348350334476b28a9.jpg",800,800,false],"2048x2048":["https:\/\/wisecnclaser.com\/wp-content\/uploads\/2025\/05\/3c0c618f161a1f0348350334476b28a9.jpg",800,800,false],"trp-custom-language-flag":["https:\/\/wisecnclaser.com\/wp-content\/uploads\/2025\/05\/3c0c618f161a1f0348350334476b28a9-12x12.jpg",12,12,true],"woocommerce_thumbnail":["https:\/\/wisecnclaser.com\/wp-content\/uploads\/2025\/05\/3c0c618f161a1f0348350334476b28a9-300x300.jpg",300,300,true],"woocommerce_single":["https:\/\/wisecnclaser.com\/wp-content\/uploads\/2025\/05\/3c0c618f161a1f0348350334476b28a9-600x600.jpg",600,600,true],"woocommerce_gallery_thumbnail":["https:\/\/wisecnclaser.com\/wp-content\/uploads\/2025\/05\/3c0c618f161a1f0348350334476b28a9-100x100.jpg",100,100,true]},"uagb_author_info":{"display_name":"jinxing6611@gmail.com","author_link":"https:\/\/wisecnclaser.com\/cs\/author\/"},"uagb_comment_info":0,"uagb_excerpt":"Features of hot wire eps foam cutting machine: 1. This machine adopts square orbit, double rows and four columns ball blocks. Large\u00a0bearing capacity, running smoothly, high precision and long life. Imported high precision\u00a0Ball screw, cutting accurate. 2. Whole thick Square tube structure and not deformation, Steel structure and scientific\u00a0welding, not deformation overall. 3. Adopts highly&hellip;","_links":{"self":[{"href":"https:\/\/wisecnclaser.com\/cs\/wp-json\/wp\/v2\/product\/1211","targetHints":{"allow":["GET"]}}],"collection":[{"href":"https:\/\/wisecnclaser.com\/cs\/wp-json\/wp\/v2\/product"}],"about":[{"href":"https:\/\/wisecnclaser.com\/cs\/wp-json\/wp\/v2\/types\/product"}],"wp:featuredmedia":[{"embeddable":true,"href":"https:\/\/wisecnclaser.com\/cs\/wp-json\/wp\/v2\/media\/3446"}],"wp:attachment":[{"href":"https:\/\/wisecnclaser.com\/cs\/wp-json\/wp\/v2\/media?parent=1211"}],"wp:term":[{"taxonomy":"product_brand","embeddable":true,"href":"https:\/\/wisecnclaser.com\/cs\/wp-json\/wp\/v2\/product_brand?post=1211"},{"taxonomy":"product_cat","embeddable":true,"href":"https:\/\/wisecnclaser.com\/cs\/wp-json\/wp\/v2\/product_cat?post=1211"},{"taxonomy":"product_tag","embeddable":true,"href":"https:\/\/wisecnclaser.com\/cs\/wp-json\/wp\/v2\/product_tag?post=1211"}],"curies":[{"name":"wp","href":"https:\/\/api.w.org\/{rel}","templated":true}]}}