{"id":1212,"date":"2025-05-20T07:32:08","date_gmt":"2025-05-20T07:32:08","guid":{"rendered":"https:\/\/wisecnclaser.com\/product\/dnk-blue-sport-shoes-2\/"},"modified":"2026-01-07T01:51:49","modified_gmt":"2026-01-07T01:51:49","slug":"dnk-blue-sport-shoes-2","status":"publish","type":"product","link":"https:\/\/wisecnclaser.com\/cs\/produkt\/dnk-blue-sport-shoes-2\/","title":{"rendered":"WS2030 4os\u00e1 ATC fr\u00e9zka na p\u011bnov\u00fd polystyren CNC"},"content":{"rendered":"<p><strong>VLASTNOSTI FR\u00c9ZKY NA POLYSTYREN CNC<\/strong><\/p>\n<p>P\u0159ij\u00edm\u00e1n\u00ed dov\u00e1\u017een\u00fdch line\u00e1rn\u00edch veden\u00ed s velk\u00fdm pr\u016f\u0159ezem, celo\u017eivotn\u00ed bez\u00fadr\u017ebov\u00e9 samomaz\u00e1n\u00ed.<\/p>\n<p>S v\u0159etenem s automatickou v\u00fdm\u011bnou n\u00e1stroj\u016f dosahuj\u00ed maxim\u00e1ln\u00ed ot\u00e1\u010dky v\u0159etena 24 000 ot\/min.<\/p>\n<p>Cel\u00fd pracovn\u00ed st\u016fl EPC po p\u0159\u00edsn\u00e9m \u017e\u00edh\u00e1n\u00ed a dal\u0161\u00edch procesech tepeln\u00e9ho zpracov\u00e1n\u00ed zaji\u0161\u0165uje struktur\u00e1ln\u00ed stabilitu a tuhost l\u016f\u017eka.<\/p>\n<p>Tchajwansk\u00fd syst\u00e9m SYNTEC, bezpe\u010dn\u00fd a spolehliv\u00fd provoz, efektivn\u00ed rychlost \u010dten\u00ed k\u00f3du a funkce online simulace, funkce online monitorov\u00e1n\u00ed, kter\u00e9 zaji\u0161\u0165uj\u00ed efektivn\u00ed a bezpe\u010dn\u00e9 zpracov\u00e1n\u00ed.<\/p>\n<p>&nbsp;<\/p>\n<p><strong>POU\u017dIT\u00cd 4OS\u00c9 CNC FR\u00c9ZKY NA POLYSTYREN<\/strong><\/p>\n<p>D\u0159evo, EPS, houba, p\u011bnov\u00fd polypropylen (EPP).<\/p>\n<p>Pr\u016fmysl forem: Ryt\u00ed v\u0161ech druh\u016f velk\u00fdch nekovov\u00fdch forem, zejm\u00e9na automobilov\u00fdch p\u011bnov\u00fdch forem.<\/p>\n<p>Pr\u016fmysl hudebn\u00edch n\u00e1stroj\u016f: Ryt\u00ed 3D velk\u00fdch n\u00e1stroj\u016f a jejich tvarov\u00e1n\u00ed.<\/p>\n<p>&nbsp;<\/p>\n<p>&nbsp;<\/p>\n<table border=\"1\">\n<tbody>\n<tr class=\"firstRow\">\n<td colspan=\"2\" valign=\"center\" width=\"662\"><strong>Technick\u00e9 parametry 4os\u00e9 CNC fr\u00e9zky ATC na p\u011bnov\u00fd polystyren:<\/strong><\/td>\n<\/tr>\n<tr>\n<td valign=\"top\" width=\"201\">X Pracovn\u00ed oblast<\/td>\n<td valign=\"top\" width=\"462\">2000 mm (pracovn\u00ed \u0161\u00ed\u0159ka 3 os), 1200 mm (pracovn\u00ed \u0161\u00ed\u0159ka 4os\u00e9ho v\u0159etena)<\/td>\n<\/tr>\n<tr>\n<td valign=\"top\" width=\"201\">Y Pracovn\u00ed oblast<\/td>\n<td valign=\"top\" width=\"462\">3000 mm (pracovn\u00ed d\u00e9lka 3 os)<\/td>\n<\/tr>\n<tr>\n<td valign=\"top\" width=\"201\">Z Pracovn\u00ed oblast<\/td>\n<td valign=\"top\" width=\"462\">1000 mm (pracovn\u00ed v\u00fd\u0161ka)<\/td>\n<\/tr>\n<tr>\n<td valign=\"top\" width=\"201\">4os\u00fd rota\u010dn\u00ed rozm\u011br<\/td>\n<td valign=\"top\" width=\"462\">Pr\u016fm\u011br 600 mm * d\u00e9lka 2000 mm<\/td>\n<\/tr>\n<tr>\n<td valign=\"top\" width=\"201\">St\u016fl stroje<\/td>\n<td valign=\"top\" width=\"462\">Siln\u00fd hlin\u00edkov\u00fd st\u016fl<\/td>\n<\/tr>\n<tr>\n<td valign=\"top\" width=\"201\">P\u0159esnost polohov\u00e1n\u00ed<\/td>\n<td valign=\"top\" width=\"462\">\u00b10,05 mm<\/td>\n<\/tr>\n<tr>\n<td valign=\"top\" width=\"201\">X,Y,Z Struktura<\/td>\n<td valign=\"top\" width=\"462\">XY ozuben\u00e9 kolo, Z tchajwansk\u00fd vysoce p\u0159esn\u00fd kuli\u010dkov\u00fd \u0161roub. V\u0161echny osy pou\u017e\u00edvaj\u00ed tchajwansk\u00e9 \u010dtvercov\u00e9 veden\u00ed velikosti 30<\/td>\n<\/tr>\n<tr>\n<td valign=\"top\" width=\"201\">Vlastnosti v\u0159etena<\/td>\n<td valign=\"top\" width=\"462\">Pracovn\u00ed v\u00fdkyv +\/-90 stup\u0148\u016f<\/td>\n<\/tr>\n<tr>\n<td valign=\"top\" width=\"201\">Vysok\u00e1 rychlost pod\u00e1v\u00e1n\u00ed<\/td>\n<td valign=\"top\" width=\"462\">Osa X 12000 mm\/min Osa Y 12000 mm\/min Z 6000 mm\/min<\/td>\n<\/tr>\n<tr>\n<td valign=\"top\" width=\"201\">Rychlost krmen\u00ed<\/td>\n<td valign=\"top\" width=\"462\">1-10000 mm\/min<\/td>\n<\/tr>\n<tr>\n<td valign=\"top\" width=\"201\">V\u0159eteno<\/td>\n<td valign=\"top\" width=\"462\">HQD 9KW vzduchem chlazen\u00e9 ATC v\u0159eteno + funkce swing, pokud pot\u0159ebujete atc, zm\u011bn\u00ed se na 9kw vzduchem chlazen\u00e9 atc v\u0159eteno<\/td>\n<\/tr>\n<tr>\n<td valign=\"top\" width=\"201\">Ot\u00e1\u010dky v\u0159etena<\/td>\n<td valign=\"top\" width=\"462\">100-18000 ot\u00e1\u010dek za minutu<\/td>\n<\/tr>\n<tr>\n<td valign=\"top\" width=\"201\">Pohonn\u00fd motor<\/td>\n<td valign=\"top\" width=\"462\">Japonsko Zna\u010dka Yaskawa<\/td>\n<\/tr>\n<tr>\n<td valign=\"top\" width=\"201\">P\u0159\u00edkaz<\/td>\n<td valign=\"top\" width=\"462\">G-k\u00f3d*.u00*.mmg*.plt<\/td>\n<\/tr>\n<tr>\n<td valign=\"top\" width=\"201\">Pracovn\u00ed nap\u011bt\u00ed<\/td>\n<td valign=\"top\" width=\"462\">3PH AC380V\/50Hz<\/td>\n<\/tr>\n<tr>\n<td valign=\"top\" width=\"201\">\u0158\u00eddic\u00ed syst\u00e9m<\/td>\n<td valign=\"top\" width=\"462\">Taiwan Syntec Controller 4 osy<\/td>\n<\/tr>\n<tr>\n<td valign=\"top\" width=\"201\">Vodic\u00ed kolejnice<\/td>\n<td valign=\"top\" width=\"462\">Tchaj-wan 30 velikost Square Rail<\/td>\n<\/tr>\n<tr>\n<td valign=\"top\" width=\"201\">Automatick\u00e1 v\u00fdm\u011bna n\u00e1stroj\u016f<\/td>\n<td valign=\"top\" width=\"462\">12 n\u00e1stroj\u016f v \u0159ad\u011b<\/td>\n<\/tr>\n<tr>\n<td valign=\"top\" width=\"201\">M\u011bni\u010d<\/td>\n<td valign=\"top\" width=\"462\">\u010c\u00ednsk\u00e1 zna\u010dka 11KW<\/td>\n<\/tr>\n<tr>\n<td valign=\"top\" width=\"201\">Ozuben\u00e9 kolo<\/td>\n<td valign=\"top\" width=\"462\">Vysoce p\u0159esn\u00fd ozuben\u00fd pastorek,<\/td>\n<\/tr>\n<tr>\n<td valign=\"top\" width=\"201\">R\u00e1m stroje<\/td>\n<td valign=\"top\" width=\"462\">siln\u00fd ocelov\u00fd r\u00e1m<\/td>\n<\/tr>\n<tr>\n<td valign=\"top\" width=\"201\">Software<\/td>\n<td valign=\"top\" width=\"462\">Powermill<\/td>\n<\/tr>\n<\/tbody>\n<\/table>\n<div class=\"ast-oembed-container\" style=\"height: 100%;\"><iframe title=\"ATC 4os\u00fd p\u011bnov\u00fd cnc router fr\u00e9zovac\u00ed fr\u00e9za na p\u011bnov\u00fd polystyren cnc stroj #foamcncrouter #4axiscncrouter\" width=\"500\" height=\"281\" src=\"https:\/\/www.youtube.com\/embed\/xBzPLgT1edg?feature=oembed\" frameborder=\"0\" allow=\"accelerometer; autoplay; clipboard-write; encrypted-media; gyroscope; picture-in-picture; web-share\" referrerpolicy=\"strict-origin-when-cross-origin\" allowfullscreen><\/iframe><\/div>","protected":false},"excerpt":{"rendered":"<p><strong>VLASTNOSTI FR\u00c9ZKY NA POLYSTYREN CNC<\/strong><\/p>\n<p>P\u0159ij\u00edm\u00e1n\u00ed dov\u00e1\u017een\u00fdch line\u00e1rn\u00edch veden\u00ed s velk\u00fdm pr\u016f\u0159ezem, celo\u017eivotn\u00ed bez\u00fadr\u017ebov\u00e9 samomaz\u00e1n\u00ed.<\/p>\n<p>S v\u0159etenem s automatickou v\u00fdm\u011bnou n\u00e1stroj\u016f dosahuj\u00ed maxim\u00e1ln\u00ed ot\u00e1\u010dky v\u0159etena 24 000 ot\/min.<\/p>\n<p>Cel\u00fd pracovn\u00ed st\u016fl EPC po p\u0159\u00edsn\u00e9m \u017e\u00edh\u00e1n\u00ed a dal\u0161\u00edch procesech tepeln\u00e9ho zpracov\u00e1n\u00ed zaji\u0161\u0165uje struktur\u00e1ln\u00ed stabilitu a tuhost l\u016f\u017eka.<\/p>\n<p>Tchajwansk\u00fd syst\u00e9m SYNTEC, bezpe\u010dn\u00fd a spolehliv\u00fd provoz, efektivn\u00ed rychlost \u010dten\u00ed k\u00f3du a funkce online simulace, funkce online monitorov\u00e1n\u00ed, kter\u00e9 zaji\u0161\u0165uj\u00ed efektivn\u00ed a bezpe\u010dn\u00e9 zpracov\u00e1n\u00ed.<\/p>\n<p>&nbsp;<\/p>","protected":false},"featured_media":3464,"template":"","meta":{"_seopress_robots_primary_cat":"none","_seopress_titles_title":"","_seopress_titles_desc":"","_seopress_robots_index":"","_uag_custom_page_level_css":"","site-sidebar-layout":"default","site-content-layout":"default","ast-site-content-layout":"default","site-content-style":"default","site-sidebar-style":"default","ast-global-header-display":"","ast-banner-title-visibility":"","ast-main-header-display":"","ast-hfb-above-header-display":"","ast-hfb-below-header-display":"","ast-hfb-mobile-header-display":"","site-post-title":"","ast-breadcrumbs-content":"","ast-featured-img":"","footer-sml-layout":"","ast-disable-related-posts":"","theme-transparent-header-meta":"default","adv-header-id-meta":"","stick-header-meta":"default","header-above-stick-meta":"","header-main-stick-meta":"","header-below-stick-meta":"","astra-migrate-meta-layouts":"set","ast-page-background-enabled":"default","ast-page-background-meta":{"desktop":{"background-color":"","background-image":"","background-repeat":"repeat","background-position":"center center","background-size":"auto","background-attachment":"scroll","background-type":"","background-media":"","overlay-type":"","overlay-color":"","overlay-opacity":"","overlay-gradient":""},"tablet":{"background-color":"","background-image":"","background-repeat":"repeat","background-position":"center center","background-size":"auto","background-attachment":"scroll","background-type":"","background-media":"","overlay-type":"","overlay-color":"","overlay-opacity":"","overlay-gradient":""},"mobile":{"background-color":"","background-image":"","background-repeat":"repeat","background-position":"center center","background-size":"auto","background-attachment":"scroll","background-type":"","background-media":"","overlay-type":"","overlay-color":"","overlay-opacity":"","overlay-gradient":""}},"ast-content-background-meta":{"desktop":{"background-color":"var(--ast-global-color-5)","background-image":"","background-repeat":"repeat","background-position":"center center","background-size":"auto","background-attachment":"scroll","background-type":"","background-media":"","overlay-type":"","overlay-color":"","overlay-opacity":"","overlay-gradient":""},"tablet":{"background-color":"var(--ast-global-color-5)","background-image":"","background-repeat":"repeat","background-position":"center center","background-size":"auto","background-attachment":"scroll","background-type":"","background-media":"","overlay-type":"","overlay-color":"","overlay-opacity":"","overlay-gradient":""},"mobile":{"background-color":"var(--ast-global-color-5)","background-image":"","background-repeat":"repeat","background-position":"center center","background-size":"auto","background-attachment":"scroll","background-type":"","background-media":"","overlay-type":"","overlay-color":"","overlay-opacity":"","overlay-gradient":""}}},"product_brand":[],"product_cat":[43],"product_tag":[227,226,225,228],"class_list":{"0":"post-1212","1":"product","2":"type-product","3":"status-publish","4":"has-post-thumbnail","6":"product_cat-foam","7":"product_tag-4-axis-foam-machine","8":"product_tag-atc-foam-cnc-machine","9":"product_tag-atc-styrofoam-cnc-router","10":"product_tag-styrofoam-machine","11":"desktop-align-left","12":"tablet-align-left","13":"mobile-align-left","14":"ast-product-gallery-layout-horizontal-slider","15":"ast-product-gallery-with-no-image","16":"ast-product-tabs-layout-horizontal","18":"first","19":"instock","20":"sale","21":"featured","22":"shipping-taxable","23":"purchasable","24":"product-type-simple"},"uagb_featured_image_src":{"full":["https:\/\/wisecnclaser.com\/wp-content\/uploads\/2025\/05\/6b5e4dc8780330699468f139bc5e6a1d.jpg",800,800,false],"thumbnail":["https:\/\/wisecnclaser.com\/wp-content\/uploads\/2025\/05\/6b5e4dc8780330699468f139bc5e6a1d-150x150.jpg",150,150,true],"medium":["https:\/\/wisecnclaser.com\/wp-content\/uploads\/2025\/05\/6b5e4dc8780330699468f139bc5e6a1d-300x300.jpg",300,300,true],"medium_large":["https:\/\/wisecnclaser.com\/wp-content\/uploads\/2025\/05\/6b5e4dc8780330699468f139bc5e6a1d-768x768.jpg",768,768,true],"large":["https:\/\/wisecnclaser.com\/wp-content\/uploads\/2025\/05\/6b5e4dc8780330699468f139bc5e6a1d.jpg",800,800,false],"1536x1536":["https:\/\/wisecnclaser.com\/wp-content\/uploads\/2025\/05\/6b5e4dc8780330699468f139bc5e6a1d.jpg",800,800,false],"2048x2048":["https:\/\/wisecnclaser.com\/wp-content\/uploads\/2025\/05\/6b5e4dc8780330699468f139bc5e6a1d.jpg",800,800,false],"trp-custom-language-flag":["https:\/\/wisecnclaser.com\/wp-content\/uploads\/2025\/05\/6b5e4dc8780330699468f139bc5e6a1d-12x12.jpg",12,12,true],"woocommerce_thumbnail":["https:\/\/wisecnclaser.com\/wp-content\/uploads\/2025\/05\/6b5e4dc8780330699468f139bc5e6a1d-300x300.jpg",300,300,true],"woocommerce_single":["https:\/\/wisecnclaser.com\/wp-content\/uploads\/2025\/05\/6b5e4dc8780330699468f139bc5e6a1d-600x600.jpg",600,600,true],"woocommerce_gallery_thumbnail":["https:\/\/wisecnclaser.com\/wp-content\/uploads\/2025\/05\/6b5e4dc8780330699468f139bc5e6a1d-100x100.jpg",100,100,true]},"uagb_author_info":{"display_name":"jinxing6611@gmail.com","author_link":"https:\/\/wisecnclaser.com\/cs\/author\/"},"uagb_comment_info":0,"uagb_excerpt":"FEATURES OF STYROFOAM CNC MILLING MACHINE Adopt large cross-section imported linear guide, lifelong maintenance-free self-lubrication With automatic tools changing spindle, the maximum speed of spindle reaches 24000 RPM. The whole EPC workbench, after strict annealing and other heat treatment processes, ensures the structural stability and rigidity of the bed. Taiwan SYNTEC system, safe and reliable&hellip;","_links":{"self":[{"href":"https:\/\/wisecnclaser.com\/cs\/wp-json\/wp\/v2\/product\/1212","targetHints":{"allow":["GET"]}}],"collection":[{"href":"https:\/\/wisecnclaser.com\/cs\/wp-json\/wp\/v2\/product"}],"about":[{"href":"https:\/\/wisecnclaser.com\/cs\/wp-json\/wp\/v2\/types\/product"}],"wp:featuredmedia":[{"embeddable":true,"href":"https:\/\/wisecnclaser.com\/cs\/wp-json\/wp\/v2\/media\/3464"}],"wp:attachment":[{"href":"https:\/\/wisecnclaser.com\/cs\/wp-json\/wp\/v2\/media?parent=1212"}],"wp:term":[{"taxonomy":"product_brand","embeddable":true,"href":"https:\/\/wisecnclaser.com\/cs\/wp-json\/wp\/v2\/product_brand?post=1212"},{"taxonomy":"product_cat","embeddable":true,"href":"https:\/\/wisecnclaser.com\/cs\/wp-json\/wp\/v2\/product_cat?post=1212"},{"taxonomy":"product_tag","embeddable":true,"href":"https:\/\/wisecnclaser.com\/cs\/wp-json\/wp\/v2\/product_tag?post=1212"}],"curies":[{"name":"wp","href":"https:\/\/api.w.org\/{rel}","templated":true}]}}