{"id":1213,"date":"2025-05-20T07:32:08","date_gmt":"2025-05-20T07:32:08","guid":{"rendered":"https:\/\/wisecnclaser.com\/product\/dnk-black-sports-shoes\/"},"modified":"2026-01-08T03:00:41","modified_gmt":"2026-01-08T03:00:41","slug":"dnk-black-sports-shoes","status":"publish","type":"product","link":"https:\/\/wisecnclaser.com\/cs\/produkt\/dnk-black-sports-shoes\/","title":{"rendered":"WS2030 CNC fr\u00e9zka na d\u0159ev\u011bn\u00e9 formy"},"content":{"rendered":"<p><strong>Pou\u017eit\u00ed cnc \u0159ezac\u00edho stroje na d\u0159ev\u011bn\u00e9 formy<\/strong><\/p>\n<p>D\u0159evo, EPS, p\u011bnov\u00fd polypropylen (EPP).<\/p>\n<p>Pr\u016fmysl forem: Vyr\u00e1b\u00ed v\u0161echny druhy velk\u00fdch nekovov\u00fdch forem, zejm\u00e9na automobilov\u00e9 p\u011bnov\u00e9 formy, d\u0159ev\u011bn\u00e9 lodn\u00ed formy, leteck\u00e9 a vlakov\u00e9 d\u0159ev\u011bn\u00e9 formy. Odl\u00e9v\u00e1n\u00ed d\u0159ev\u011bn\u00fdch model\u016f pro r\u016fzn\u00e9 mechanick\u00e9 odlitky, jako jsou lod\u011b, v\u011btrn\u00e9 elektr\u00e1rny, obr\u00e1b\u011bc\u00ed stroje, vst\u0159ikovac\u00ed stroje, tiska\u0159sk\u00e9 stroje atd. pr\u016fmyslov\u00fd design automobil\u016f, jachet, letadel atd. Rota\u010dn\u00ed formy, vst\u0159ikovac\u00ed formy, zpracov\u00e1n\u00ed dekorativn\u00edch materi\u00e1l\u016f pro vn\u011bj\u0161\u00ed st\u011bny GRG\/GRC atd. Pr\u016fmysl hudebn\u00edch n\u00e1stroj\u016f: Grav\u00edrov\u00e1n\u00ed 3D velk\u00fdch n\u00e1stroj\u016f a tvarov\u00e1n\u00ed.<\/p>\n<p><strong>Vlastnosti CNC stroje na v\u00fdrobu d\u0159ev\u011bn\u00fdch forem:<\/strong><\/p>\n<p>1, Cel\u00fd stroj vyu\u017e\u00edv\u00e1 proces kvadratick\u00e9 mont\u00e1\u017ee, mechanick\u00e1 p\u0159esnost je ur\u010dena prvn\u00ed mont\u00e1\u017e\u00ed a sekund\u00e1rn\u00ed mont\u00e1\u017e vstupuje do procesu kontroly kvality. Cel\u00e9 lo\u017ee je o\u0161et\u0159eno st\u00e1rnut\u00edm a v\u0161echny litinov\u00e9 d\u00edly jsou kaleny a zpevn\u011bny.<\/p>\n<p>2, Cel\u00fd stroj je instalov\u00e1n a nastaven pomoc\u00ed percentilov\u00e9ho m\u011b\u0159i\u010de, aby byla zaji\u0161t\u011bna p\u0159esnost sekund\u00e1rn\u00edho polohov\u00e1n\u00ed p\u0159i pozitivn\u00edm i negativn\u00edm zpracov\u00e1n\u00ed.<\/p>\n<p>3, vysoce p\u0159esn\u00e1 tchajwansk\u00e1 \u010dtvercov\u00e1 vodic\u00ed li\u0161ta m\u00e1 vysokou p\u0159esnost, dlouhou \u017eivotnost, velkou dotykovou plochu a silnou nosnost. Technologie vertik\u00e1ln\u00ed kolejnice m\u016f\u017ee l\u00e9pe zajistit stabilitu provozu.<\/p>\n<p>4, D\u016fle\u017eit\u00e9 elektrick\u00e9 komponenty v rozvad\u011b\u010di jsou zn\u00e1m\u00e9 zna\u010dky, kter\u00e9 maj\u00ed silnou odolnost proti n\u00e1razu, proti ru\u0161en\u00ed, odolnost proti vlhkosti a stabilitu, zaji\u0161\u0165uj\u00ed stabiln\u00ed zpracov\u00e1n\u00ed a provoz za\u0159\u00edzen\u00ed po dlouhou dobu.<\/p>\n<p>5, Cel\u00fd pracovn\u00ed st\u016fl pro odl\u00e9v\u00e1n\u00ed EPC po p\u0159\u00edsn\u00e9m \u017e\u00edh\u00e1n\u00ed a dal\u0161\u00edch procesech tepeln\u00e9ho zpracov\u00e1n\u00ed zaji\u0161\u0165uje struktur\u00e1ln\u00ed stabilitu a tuhost l\u016f\u017eka.<\/p>\n<p>6, syst\u00e9m Taiwan Syntec, bezpe\u010dn\u00fd a spolehliv\u00fd provoz, vysok\u00e1 efektivn\u00ed rychlost \u010dten\u00ed k\u00f3du a funkce online simulace, funkce online monitorov\u00e1n\u00ed, kter\u00e1 zaji\u0161\u0165uje efektivitu a bezpe\u010dn\u00e9 zpracov\u00e1n\u00ed.<\/p>\n<table border=\"1\" width=\"662\">\n<tbody>\n<tr class=\"firstRow\">\n<td colspan=\"2\" valign=\"center\" width=\"662\"><strong>Popis a specifikace cnc stroje na \u0159ez\u00e1n\u00ed d\u0159ev\u011bn\u00e9 p\u011bny:<\/strong><\/td>\n<\/tr>\n<tr>\n<td valign=\"top\" width=\"238\">X Pracovn\u00ed oblast<\/td>\n<td valign=\"top\" width=\"424\">2000 mm<\/td>\n<\/tr>\n<tr>\n<td valign=\"top\" width=\"238\">Y Pracovn\u00ed oblast<\/td>\n<td valign=\"top\" width=\"424\">3000 mm<\/td>\n<\/tr>\n<tr>\n<td valign=\"top\" width=\"238\">Z Pracovn\u00ed oblast<\/td>\n<td valign=\"top\" width=\"424\">600 mm<\/td>\n<\/tr>\n<tr>\n<td valign=\"top\" width=\"238\">R\u00e1m stroje<\/td>\n<td valign=\"top\" width=\"424\">Litina pro vysok\u00e9 zat\u00ed\u017een\u00ed<\/td>\n<\/tr>\n<tr>\n<td valign=\"top\" width=\"238\">St\u016fl stroje<\/td>\n<td valign=\"top\" width=\"424\">Litinov\u00fd t\u011b\u017ek\u00fd st\u016fl<\/td>\n<\/tr>\n<tr>\n<td valign=\"top\" width=\"238\">P\u0159esnost polohov\u00e1n\u00ed<\/td>\n<td valign=\"top\" width=\"424\">\u00b10,05 mm<\/td>\n<\/tr>\n<tr>\n<td valign=\"top\" width=\"238\">X,Y,Z Struktura<\/td>\n<td valign=\"top\" width=\"424\">XY ozuben\u00e9 kolo, Z tchajwansk\u00fd vysoce p\u0159esn\u00fd kuli\u010dkov\u00fd \u0161roub. V\u0161echny osy pou\u017e\u00edvaj\u00ed tchajwansk\u00e9 \u010dtvercov\u00e9 veden\u00ed velikosti 30<\/td>\n<\/tr>\n<tr>\n<td valign=\"top\" width=\"238\">Vysok\u00e1 rychlost pod\u00e1v\u00e1n\u00ed<\/td>\n<td valign=\"top\" width=\"424\">Osa X 12000 mm\/min Osa Y 12000 mm\/min Z 6000 mm\/min<\/td>\n<\/tr>\n<tr>\n<td valign=\"top\" width=\"238\">Rychlost krmen\u00ed<\/td>\n<td valign=\"top\" width=\"424\">1-10000 mm\/min<\/td>\n<\/tr>\n<tr>\n<td valign=\"top\" width=\"238\">V\u0159eteno<\/td>\n<td valign=\"top\" width=\"424\">7,5KW vodn\u00ed chlazen\u00ed V\u0159eteno<\/td>\n<\/tr>\n<tr>\n<td valign=\"top\" width=\"238\">Ot\u00e1\u010dky v\u0159etena<\/td>\n<td valign=\"top\" width=\"424\">100-24000 ot\u00e1\u010dek za minutu<\/td>\n<\/tr>\n<tr>\n<td valign=\"top\" width=\"238\">Pohonn\u00fd motor<\/td>\n<td valign=\"top\" width=\"424\">Japonsk\u00fd servosyst\u00e9m Yaskawa<\/td>\n<\/tr>\n<tr>\n<td valign=\"top\" width=\"238\">\u0158\u00eddic\u00ed syst\u00e9m<\/td>\n<td valign=\"top\" width=\"424\">\u0158\u00eddic\u00ed syst\u00e9m Taiwan Syntec<\/td>\n<\/tr>\n<tr>\n<td valign=\"top\" width=\"238\">Vodic\u00ed kolejnice<\/td>\n<td valign=\"top\" width=\"424\">Tchaj-wan 30 velikost Square Rail<\/td>\n<\/tr>\n<tr>\n<td valign=\"top\" width=\"238\">Dpi<\/td>\n<td valign=\"top\" width=\"424\">+\/-0.004<\/td>\n<\/tr>\n<tr>\n<td valign=\"top\" width=\"238\">M\u011bni\u010d<\/td>\n<td valign=\"top\" width=\"424\">Tchajwansk\u00e1 zna\u010dka Delta 7,5 kW<\/td>\n<\/tr>\n<tr>\n<td valign=\"top\" width=\"238\">Ozuben\u00e9 kolo<\/td>\n<td valign=\"top\" width=\"424\">Vysoce p\u0159esn\u00fd ozuben\u00fd pastorek,<\/td>\n<\/tr>\n<tr>\n<td valign=\"top\" width=\"238\">R\u00e1m stroje<\/td>\n<td valign=\"top\" width=\"424\">siln\u00fd ocelov\u00fd r\u00e1m<\/td>\n<\/tr>\n<tr>\n<td valign=\"top\" width=\"238\">Software<\/td>\n<td valign=\"top\" width=\"424\">Type3\/Ucancam\/Artcam<\/td>\n<\/tr>\n<tr>\n<td valign=\"top\" width=\"238\">P\u0159\u00edkaz<\/td>\n<td valign=\"top\" width=\"424\">G-k\u00f3d*.u00*.mmg*.plt<\/td>\n<\/tr>\n<tr>\n<td valign=\"top\" width=\"238\">Pracovn\u00ed nap\u011bt\u00ed<\/td>\n<td valign=\"top\" width=\"424\">3PH AC380V\/50Hz<\/td>\n<\/tr>\n<\/tbody>\n<\/table>\n<p>&nbsp;<\/p>\n<div class=\"ast-oembed-container\" style=\"height: 100%;\"><iframe title=\"D\u0159ev\u011bn\u00e9 formy vzor cnc fr\u00e9zka, d\u0159evo forma \u0159ezb\u00e1\u0159stv\u00ed cnc fr\u00e9zka, cnc d\u0159evo fr\u00e9zov\u00e1n\u00ed\" width=\"422\" height=\"750\" src=\"https:\/\/www.youtube.com\/embed\/j8cpza-D4k4?feature=oembed\" frameborder=\"0\" allow=\"accelerometer; autoplay; clipboard-write; encrypted-media; gyroscope; picture-in-picture; web-share\" referrerpolicy=\"strict-origin-when-cross-origin\" allowfullscreen><\/iframe><\/div>","protected":false},"excerpt":{"rendered":"<p><strong>Pou\u017eit\u00ed cnc \u0159ezac\u00edho stroje na d\u0159ev\u011bn\u00e9 formy<\/strong><\/p>\n<p>D\u0159evo, EPS, p\u011bnov\u00fd polypropylen (EPP).<\/p>\n<p>Pr\u016fmysl forem: Vyr\u00e1b\u00ed v\u0161echny druhy velk\u00fdch nekovov\u00fdch forem, zejm\u00e9na automobilov\u00e9 p\u011bnov\u00e9 formy, d\u0159ev\u011bn\u00e9 lodn\u00ed formy, leteck\u00e9 a vlakov\u00e9 d\u0159ev\u011bn\u00e9 formy. Odl\u00e9v\u00e1n\u00ed d\u0159ev\u011bn\u00fdch model\u016f pro r\u016fzn\u00e9 mechanick\u00e9 odlitky, jako jsou lod\u011b, v\u011btrn\u00e9 elektr\u00e1rny, obr\u00e1b\u011bc\u00ed stroje, vst\u0159ikovac\u00ed stroje, tiska\u0159sk\u00e9 stroje atd. pr\u016fmyslov\u00fd design automobil\u016f, jachet, letadel atd. Rota\u010dn\u00ed formy, vst\u0159ikovac\u00ed formy, zpracov\u00e1n\u00ed dekorativn\u00edch materi\u00e1l\u016f pro vn\u011bj\u0161\u00ed st\u011bny GRG\/GRC atd. Pr\u016fmysl hudebn\u00edch n\u00e1stroj\u016f: Grav\u00edrov\u00e1n\u00ed 3D velk\u00fdch n\u00e1stroj\u016f a tvarov\u00e1n\u00ed.<\/p>","protected":false},"featured_media":3467,"template":"","meta":{"_seopress_robots_primary_cat":"none","_seopress_titles_title":"","_seopress_titles_desc":"","_seopress_robots_index":"","_uag_custom_page_level_css":"","site-sidebar-layout":"default","site-content-layout":"default","ast-site-content-layout":"default","site-content-style":"default","site-sidebar-style":"default","ast-global-header-display":"","ast-banner-title-visibility":"","ast-main-header-display":"","ast-hfb-above-header-display":"","ast-hfb-below-header-display":"","ast-hfb-mobile-header-display":"","site-post-title":"","ast-breadcrumbs-content":"","ast-featured-img":"","footer-sml-layout":"","ast-disable-related-posts":"","theme-transparent-header-meta":"default","adv-header-id-meta":"","stick-header-meta":"default","header-above-stick-meta":"","header-main-stick-meta":"","header-below-stick-meta":"","astra-migrate-meta-layouts":"set","ast-page-background-enabled":"default","ast-page-background-meta":{"desktop":{"background-color":"","background-image":"","background-repeat":"repeat","background-position":"center center","background-size":"auto","background-attachment":"scroll","background-type":"","background-media":"","overlay-type":"","overlay-color":"","overlay-opacity":"","overlay-gradient":""},"tablet":{"background-color":"","background-image":"","background-repeat":"repeat","background-position":"center center","background-size":"auto","background-attachment":"scroll","background-type":"","background-media":"","overlay-type":"","overlay-color":"","overlay-opacity":"","overlay-gradient":""},"mobile":{"background-color":"","background-image":"","background-repeat":"repeat","background-position":"center center","background-size":"auto","background-attachment":"scroll","background-type":"","background-media":"","overlay-type":"","overlay-color":"","overlay-opacity":"","overlay-gradient":""}},"ast-content-background-meta":{"desktop":{"background-color":"var(--ast-global-color-5)","background-image":"","background-repeat":"repeat","background-position":"center center","background-size":"auto","background-attachment":"scroll","background-type":"","background-media":"","overlay-type":"","overlay-color":"","overlay-opacity":"","overlay-gradient":""},"tablet":{"background-color":"var(--ast-global-color-5)","background-image":"","background-repeat":"repeat","background-position":"center center","background-size":"auto","background-attachment":"scroll","background-type":"","background-media":"","overlay-type":"","overlay-color":"","overlay-opacity":"","overlay-gradient":""},"mobile":{"background-color":"var(--ast-global-color-5)","background-image":"","background-repeat":"repeat","background-position":"center center","background-size":"auto","background-attachment":"scroll","background-type":"","background-media":"","overlay-type":"","overlay-color":"","overlay-opacity":"","overlay-gradient":""}}},"product_brand":[],"product_cat":[43],"product_tag":[],"class_list":{"0":"post-1213","1":"product","2":"type-product","3":"status-publish","4":"has-post-thumbnail","6":"product_cat-foam","7":"desktop-align-left","8":"tablet-align-left","9":"mobile-align-left","10":"ast-product-gallery-layout-horizontal-slider","11":"ast-product-gallery-with-no-image","12":"ast-product-tabs-layout-horizontal","14":"first","15":"instock","16":"shipping-taxable","17":"purchasable","18":"product-type-simple"},"uagb_featured_image_src":{"full":["https:\/\/wisecnclaser.com\/wp-content\/uploads\/2025\/05\/a00bfa62e4bc448083076bd356d2e8a6.jpg",800,800,false],"thumbnail":["https:\/\/wisecnclaser.com\/wp-content\/uploads\/2025\/05\/a00bfa62e4bc448083076bd356d2e8a6-150x150.jpg",150,150,true],"medium":["https:\/\/wisecnclaser.com\/wp-content\/uploads\/2025\/05\/a00bfa62e4bc448083076bd356d2e8a6-300x300.jpg",300,300,true],"medium_large":["https:\/\/wisecnclaser.com\/wp-content\/uploads\/2025\/05\/a00bfa62e4bc448083076bd356d2e8a6-768x768.jpg",768,768,true],"large":["https:\/\/wisecnclaser.com\/wp-content\/uploads\/2025\/05\/a00bfa62e4bc448083076bd356d2e8a6.jpg",800,800,false],"1536x1536":["https:\/\/wisecnclaser.com\/wp-content\/uploads\/2025\/05\/a00bfa62e4bc448083076bd356d2e8a6.jpg",800,800,false],"2048x2048":["https:\/\/wisecnclaser.com\/wp-content\/uploads\/2025\/05\/a00bfa62e4bc448083076bd356d2e8a6.jpg",800,800,false],"trp-custom-language-flag":["https:\/\/wisecnclaser.com\/wp-content\/uploads\/2025\/05\/a00bfa62e4bc448083076bd356d2e8a6-12x12.jpg",12,12,true],"woocommerce_thumbnail":["https:\/\/wisecnclaser.com\/wp-content\/uploads\/2025\/05\/a00bfa62e4bc448083076bd356d2e8a6-300x300.jpg",300,300,true],"woocommerce_single":["https:\/\/wisecnclaser.com\/wp-content\/uploads\/2025\/05\/a00bfa62e4bc448083076bd356d2e8a6-600x600.jpg",600,600,true],"woocommerce_gallery_thumbnail":["https:\/\/wisecnclaser.com\/wp-content\/uploads\/2025\/05\/a00bfa62e4bc448083076bd356d2e8a6-100x100.jpg",100,100,true]},"uagb_author_info":{"display_name":"jinxing6611@gmail.com","author_link":"https:\/\/wisecnclaser.com\/cs\/author\/"},"uagb_comment_info":0,"uagb_excerpt":"Application of cnc wood mold pattern cutting machine Wood, EPS, Polypropylene plastic foam material (EPP). Molds industry: It engraves all kinds of large nonmetallic molds, especially automotive foam molds, wooden ships molds, aviation and train wood molds.\u00a0Casting wood models for various mechanical castings, such as ships, wind power, machine tools, injection molding machinery, printing machinery,&hellip;","_links":{"self":[{"href":"https:\/\/wisecnclaser.com\/cs\/wp-json\/wp\/v2\/product\/1213","targetHints":{"allow":["GET"]}}],"collection":[{"href":"https:\/\/wisecnclaser.com\/cs\/wp-json\/wp\/v2\/product"}],"about":[{"href":"https:\/\/wisecnclaser.com\/cs\/wp-json\/wp\/v2\/types\/product"}],"wp:featuredmedia":[{"embeddable":true,"href":"https:\/\/wisecnclaser.com\/cs\/wp-json\/wp\/v2\/media\/3467"}],"wp:attachment":[{"href":"https:\/\/wisecnclaser.com\/cs\/wp-json\/wp\/v2\/media?parent=1213"}],"wp:term":[{"taxonomy":"product_brand","embeddable":true,"href":"https:\/\/wisecnclaser.com\/cs\/wp-json\/wp\/v2\/product_brand?post=1213"},{"taxonomy":"product_cat","embeddable":true,"href":"https:\/\/wisecnclaser.com\/cs\/wp-json\/wp\/v2\/product_cat?post=1213"},{"taxonomy":"product_tag","embeddable":true,"href":"https:\/\/wisecnclaser.com\/cs\/wp-json\/wp\/v2\/product_tag?post=1213"}],"curies":[{"name":"wp","href":"https:\/\/api.w.org\/{rel}","templated":true}]}}