{"id":3477,"date":"2025-05-22T13:41:37","date_gmt":"2025-05-22T13:41:37","guid":{"rendered":"https:\/\/wisecnclaser.com\/?post_type=product&#038;p=3477"},"modified":"2025-05-23T02:51:31","modified_gmt":"2025-05-23T02:51:31","slug":"ws1625-cnc-flatbed-cutter-plotter-for-carton-box-sample-making","status":"publish","type":"product","link":"https:\/\/wisecnclaser.com\/cs\/produkt\/ws1625-cnc-flatbed-cutter-plotter-for-carton-box-sample-making\/","title":{"rendered":"WS1625 CNC ploch\u00fd \u0159ezac\u00ed plotr pro v\u00fdrobu vzork\u016f kartonov\u00fdch krabic"},"content":{"rendered":"<p><strong>Pou\u017eit\u00ed ploch\u00e9ho \u0159ezac\u00edho plotru na lepenku:<\/strong><\/p>\n<p>Hlavn\u011b pro v\u00fdrobu kartonov\u00fdch krabic, kartonov\u00fdch obal\u016f, pro zpracov\u00e1n\u00ed dvoust\u011bnn\u00e9 a t\u0159\u00edst\u011bnn\u00e9 vlnit\u00e9 lepenky, pou\u017e\u00edvan\u00e9 p\u0159i v\u00fdrob\u011b kartonov\u00fdch krabic.<\/p>\n<p><strong>\u0158ezn\u00e9 materi\u00e1ly:\u00a0<\/strong>vlnit\u00e1 lepenka, pap\u00edrov\u00e1 lepenka, plastov\u00e1 vlnit\u00e1 lepenka, vo\u0161tinov\u00e1 lepenka, pap\u00edrov\u00e1 karta<\/p>\n<p><strong>Pracovn\u00ed metoda:<\/strong><\/p>\n<p>Grafick\u00fd soubor je zpracov\u00e1n profesion\u00e1ln\u00edm softwarem, grafick\u00fd soubor obsahuje typ \u010d\u00e1ry odsazen\u00ed a typ \u010d\u00e1ry \u0159ezu (vlnit\u00fd pap\u00edr\/karton\/filmov\u00fd pap\u00edr) po\u017eadovan\u00fd pro skute\u010dn\u00fd vzorek krabice a m\u016f\u017ee tak\u00e9 obsahovat rozm\u011bry, anotace dokument\u016f atd. (karton\/filmov\u00fd pap\u00edr) atd.), podle skute\u010dn\u00fdch pot\u0159eb, nainstalujte r\u016fzn\u00e9 \u0159ezac\u00ed n\u00e1stroje\/obtahovac\u00ed kole\u010dka\/kreslic\u00ed n\u00e1stroje a po\u0161lete je do ploch\u00e9ho plotru v ur\u010dit\u00e9m form\u00e1tu prost\u0159ednictv\u00edm s\u00edt\u011b nebo datov\u00e9 linky a stroj automaticky rozpozn\u00e1 r\u016fzn\u00e9 typy \u010dar v grafice a vybere odpov\u00eddaj\u00edc\u00ed. N\u00e1stroj (vibra\u010dn\u00ed n\u016f\u017e\/obtahovac\u00ed kole\u010dko\/pero) se nastav\u00ed podle odpov\u00eddaj\u00edc\u00edch parametr\u016f, jako je pracovn\u00ed rychlost, typ n\u00e1stroje, hloubka \u0159ezu no\u017ee, hloubka vtisku atd. a dokon\u010d\u00ed se vzorek krabice nebo v\u00fdkres.<\/p>\n<p><strong>Pot\u0159ebn\u00e9 n\u00e1stroje:<\/strong><\/p>\n<p>&nbsp;<\/p>\n<p>Vibra\u010dn\u00ed \u0159ezac\u00ed hlava: \u0159ez\u00e1n\u00ed vlnit\u00e9 lepenky, EVA, perlinky, p\u011bnov\u00e9 lepenky atd.<\/p>\n<p>Ploch\u00e1 hlava: \u0158ez\u00e1n\u00ed vlnit\u00e9 lepenky E-pit, F-pit a \u0161ed\u00e9 lepenky.<\/p>\n<p>Lisovac\u00ed kole\u010dko: r\u00fdhov\u00e1n\u00ed vlnit\u00e9 lepenky.<\/p>\n<p>Mal\u00e1 \u0159ezac\u00ed hlava: \u0159ez\u00e1n\u00ed kartonov\u00e9ho pap\u00edru.<\/p>\n<p>Pero: Nakreslete mapu kostek.<\/p>\n<p>N\u011bkter\u00e9 stroje na korekturu karton\u016f jsou tak\u00e9 vybaveny: \u0159ezac\u00ed hlavou s no\u017eovou \u0161ablonou, \u0159ezac\u00ed hlavou pro spodn\u00ed formu, \u0159ezac\u00ed hlavou s V-dr\u00e1\u017ekou.<\/p>\n<p>&nbsp;<\/p>\n<table border=\"1\">\n<tbody>\n<tr class=\"firstRow\">\n<td colspan=\"2\" valign=\"center\" width=\"662\"><strong>Technick\u00e1 str\u00e1nka<\/strong><strong>\u00a0<\/strong><strong>Parametr WS1625\u00a0<\/strong><strong>Plo\u0161inov\u00fd<\/strong><strong>\u00a0\u0158ezac\u00ed plotr pro v\u00fdrobu kartonov\u00fdch krabic:<\/strong><\/td>\n<\/tr>\n<tr>\n<td valign=\"top\" width=\"158\">X pracovn\u00ed velikost<\/td>\n<td valign=\"top\" width=\"504\">1550 mm<\/td>\n<\/tr>\n<tr>\n<td valign=\"top\" width=\"158\">Y pracovn\u00ed velikost<\/td>\n<td valign=\"top\" width=\"504\">2500 mm<\/td>\n<\/tr>\n<tr>\n<td valign=\"top\" width=\"158\">Pracovn\u00ed velikost Z<\/td>\n<td valign=\"top\" width=\"504\">10 mm<\/td>\n<\/tr>\n<tr>\n<td valign=\"top\" width=\"158\">\u0158ezac\u00ed hlava<\/td>\n<td valign=\"top\" width=\"504\">cnc oscila\u010dn\u00ed no\u017eov\u00e1 \u0159ezac\u00ed hlava + mazac\u00ed kotou\u010d<\/td>\n<\/tr>\n<tr>\n<td valign=\"top\" width=\"158\">Zp\u016fsob zobrazen\u00ed<\/td>\n<td valign=\"top\" width=\"504\">Anglick\u00fd dotykov\u00fd displej LED<\/td>\n<\/tr>\n<tr>\n<td valign=\"top\" width=\"158\">St\u016fl stroje<\/td>\n<td valign=\"top\" width=\"504\">Hlin\u00edkov\u00fd sac\u00ed st\u016fl s 9 sac\u00edmi z\u00f3nami<\/td>\n<\/tr>\n<tr>\n<td valign=\"top\" width=\"158\">Zp\u016fsob p\u0159enosu dat<\/td>\n<td valign=\"top\" width=\"504\">Intel<\/td>\n<\/tr>\n<tr>\n<td valign=\"top\" width=\"158\">Vakuov\u00e9 \u010derpadlo<\/td>\n<td valign=\"top\" width=\"504\">9KW vzduchov\u00e1 v\u00fdv\u011bva<\/td>\n<\/tr>\n<tr>\n<td valign=\"top\" width=\"158\">Syst\u00e9m pohonu<\/td>\n<td valign=\"top\" width=\"504\">Tchajwansk\u00fd delta servo ovlada\u010d a motor<\/td>\n<\/tr>\n<tr>\n<td valign=\"top\" width=\"158\">\u0158\u00eddic\u00ed syst\u00e9m<\/td>\n<td valign=\"top\" width=\"504\">\u0158\u00eddic\u00ed syst\u00e9m RD<\/td>\n<\/tr>\n<tr>\n<td valign=\"top\" width=\"158\">Vodic\u00ed syst\u00e9m<\/td>\n<td valign=\"top\" width=\"504\">Tchajwansk\u00e1 \u010dtvercov\u00e1 kolejnice TBI<\/td>\n<\/tr>\n<tr>\n<td valign=\"top\" width=\"158\">Sn\u00edma\u010d n\u00e1\u0159ad\u00ed<\/td>\n<td valign=\"top\" width=\"504\">S \u010dervenou te\u010dkou<\/td>\n<\/tr>\n<tr>\n<td valign=\"top\" width=\"158\">P\u0159evodovka<\/td>\n<td valign=\"top\" width=\"504\">Y ozuben\u00fd pastorek, XZ synchronn\u00ed ocelov\u00fd \u0159emen<\/td>\n<\/tr>\n<tr>\n<td valign=\"top\" width=\"158\">Rychlost \u0159ez\u00e1n\u00ed<\/td>\n<td valign=\"top\" width=\"504\">30 m\/min<\/td>\n<\/tr>\n<tr>\n<td valign=\"top\" width=\"158\">Rychlost j\u00edzdy<\/td>\n<td valign=\"top\" width=\"504\">50 m\/min<\/td>\n<\/tr>\n<tr>\n<td valign=\"center\" width=\"158\">Hmotnost<\/td>\n<td valign=\"top\" width=\"504\">Asi 800 kg<\/td>\n<\/tr>\n<tr>\n<td valign=\"top\" width=\"158\">Velikost<\/td>\n<td valign=\"top\" width=\"504\">2250*3300*1650 mm<\/td>\n<\/tr>\n<tr>\n<td valign=\"top\" width=\"158\">Power<\/td>\n<td valign=\"top\" width=\"504\">380V 50HZ<\/td>\n<\/tr>\n<tr>\n<td valign=\"top\" width=\"158\">Software<\/td>\n<td valign=\"top\" width=\"504\">vcutworks, stroj m\u00e1 tento software, podpora dxf, plt form\u00e1t souboru<\/td>\n<\/tr>\n<\/tbody>\n<\/table>\n<p>&nbsp;<\/p>\n<p><strong>Vlastnosti stroje na v\u00fdrobu vzork\u016f kartonov\u00fdch krabic:<\/strong><\/p>\n<p><strong>\u00a0<\/strong><\/p>\n<p>1, Laserov\u00e9 za\u0159\u00edzen\u00ed pro urgentn\u00ed zastaven\u00ed m\u016f\u017ee zabr\u00e1nit zran\u011bn\u00ed osob pracovn\u00edmi n\u00e1stroji nebo pap\u00edrovou deskou. Sign\u00e1ln\u00ed dr\u00e1t um\u00edst\u011bn\u00fd v port\u00e1lu zaji\u0161\u0165uje stabilitu p\u0159i pr\u00e1ci stroje.<\/p>\n<p>2.Taiwan dov\u00e1\u017een\u00e9 line\u00e1rn\u00ed vodic\u00ed li\u0161ty a p\u0159evodovka ozuben\u00e9ho h\u0159ebene, aby se ujistil, kdy\u017e stroj pracuje se stabiln\u00ed \u00fa\u010dinnost\u00ed \u0159ez\u00e1n\u00ed a vysokou rychlost\u00ed a vysokou p\u0159esnost\u00ed.<\/p>\n<p>3.Machine r\u00e1m p\u0159ij\u00edm\u00e1 vysokou hustotu ocelov\u00e9 desky, nebude deformovat. Stroj s velk\u00fdm zat\u00ed\u017een\u00edm zaji\u0161\u0165uje stabiln\u00ed pr\u00e1ci stroje a zaru\u010duje lep\u0161\u00ed kvalitu \u0159ez\u00e1n\u00ed.<\/p>\n<p>4.adopts dov\u00e1\u017een\u00fd tchajwansk\u00fd delta motor a ovlada\u010d<\/p>\n<p>5.adopts modul typu pracovn\u00ed v\u00e1lec, m\u00e1 silnou adsorp\u010dn\u00ed schopnost.<\/p>\n<p>&nbsp;<\/p>","protected":false},"excerpt":{"rendered":"<p>The carton proofing machine is a machine used in carton factories to make carton samples.<\/p>\n<p>there are two kinds of cardboard cutting plotter machine, one is mainly for cutting coated paper, cardboard, kraft paper, PVC, stickers with a thickness of less than 1mm<\/p>\n<p>The other carton box sampling machine is to cut 8-30mm thick corrugated paper, honeycomb paperboard, grey board paper, KT board, Chevron board, EVA, etc.<\/p>\n<p>They both have creasing wheel, oscillating knife cutting function.<\/p>","protected":false},"featured_media":3480,"template":"","meta":{"_seopress_robots_primary_cat":"","_seopress_titles_title":"","_seopress_titles_desc":"","_seopress_robots_index":"","_uag_custom_page_level_css":"","site-sidebar-layout":"default","site-content-layout":"","ast-site-content-layout":"default","site-content-style":"default","site-sidebar-style":"default","ast-global-header-display":"","ast-banner-title-visibility":"","ast-main-header-display":"","ast-hfb-above-header-display":"","ast-hfb-below-header-display":"","ast-hfb-mobile-header-display":"","site-post-title":"","ast-breadcrumbs-content":"","ast-featured-img":"","footer-sml-layout":"","ast-disable-related-posts":"","theme-transparent-header-meta":"default","adv-header-id-meta":"","stick-header-meta":"default","header-above-stick-meta":"","header-main-stick-meta":"","header-below-stick-meta":"","astra-migrate-meta-layouts":"set","ast-page-background-enabled":"default","ast-page-background-meta":{"desktop":{"background-color":"","background-image":"","background-repeat":"repeat","background-position":"center center","background-size":"auto","background-attachment":"scroll","background-type":"","background-media":"","overlay-type":"","overlay-color":"","overlay-opacity":"","overlay-gradient":""},"tablet":{"background-color":"","background-image":"","background-repeat":"repeat","background-position":"center center","background-size":"auto","background-attachment":"scroll","background-type":"","background-media":"","overlay-type":"","overlay-color":"","overlay-opacity":"","overlay-gradient":""},"mobile":{"background-color":"","background-image":"","background-repeat":"repeat","background-position":"center center","background-size":"auto","background-attachment":"scroll","background-type":"","background-media":"","overlay-type":"","overlay-color":"","overlay-opacity":"","overlay-gradient":""}},"ast-content-background-meta":{"desktop":{"background-color":"var(--ast-global-color-5)","background-image":"","background-repeat":"repeat","background-position":"center center","background-size":"auto","background-attachment":"scroll","background-type":"","background-media":"","overlay-type":"","overlay-color":"","overlay-opacity":"","overlay-gradient":""},"tablet":{"background-color":"var(--ast-global-color-5)","background-image":"","background-repeat":"repeat","background-position":"center center","background-size":"auto","background-attachment":"scroll","background-type":"","background-media":"","overlay-type":"","overlay-color":"","overlay-opacity":"","overlay-gradient":""},"mobile":{"background-color":"var(--ast-global-color-5)","background-image":"","background-repeat":"repeat","background-position":"center center","background-size":"auto","background-attachment":"scroll","background-type":"","background-media":"","overlay-type":"","overlay-color":"","overlay-opacity":"","overlay-gradient":""}}},"product_brand":[],"product_cat":[21],"product_tag":[],"class_list":{"0":"post-3477","1":"product","2":"type-product","3":"status-publish","4":"has-post-thumbnail","6":"product_cat-oscillating","7":"desktop-align-left","8":"tablet-align-left","9":"mobile-align-left","10":"ast-product-gallery-layout-horizontal-slider","11":"ast-product-tabs-layout-horizontal","13":"first","14":"instock","15":"featured","16":"shipping-taxable","17":"product-type-simple"},"uagb_featured_image_src":{"full":["https:\/\/wisecnclaser.com\/wp-content\/uploads\/2025\/05\/44b850c9a77b70cab8e18c4549a9ca66.jpg",750,750,false],"thumbnail":["https:\/\/wisecnclaser.com\/wp-content\/uploads\/2025\/05\/44b850c9a77b70cab8e18c4549a9ca66-150x150.jpg",150,150,true],"medium":["https:\/\/wisecnclaser.com\/wp-content\/uploads\/2025\/05\/44b850c9a77b70cab8e18c4549a9ca66-300x300.jpg",300,300,true],"medium_large":["https:\/\/wisecnclaser.com\/wp-content\/uploads\/2025\/05\/44b850c9a77b70cab8e18c4549a9ca66.jpg",750,750,false],"large":["https:\/\/wisecnclaser.com\/wp-content\/uploads\/2025\/05\/44b850c9a77b70cab8e18c4549a9ca66.jpg",750,750,false],"1536x1536":["https:\/\/wisecnclaser.com\/wp-content\/uploads\/2025\/05\/44b850c9a77b70cab8e18c4549a9ca66.jpg",750,750,false],"2048x2048":["https:\/\/wisecnclaser.com\/wp-content\/uploads\/2025\/05\/44b850c9a77b70cab8e18c4549a9ca66.jpg",750,750,false],"trp-custom-language-flag":["https:\/\/wisecnclaser.com\/wp-content\/uploads\/2025\/05\/44b850c9a77b70cab8e18c4549a9ca66-12x12.jpg",12,12,true],"woocommerce_thumbnail":["https:\/\/wisecnclaser.com\/wp-content\/uploads\/2025\/05\/44b850c9a77b70cab8e18c4549a9ca66-300x300.jpg",300,300,true],"woocommerce_single":["https:\/\/wisecnclaser.com\/wp-content\/uploads\/2025\/05\/44b850c9a77b70cab8e18c4549a9ca66-600x600.jpg",600,600,true],"woocommerce_gallery_thumbnail":["https:\/\/wisecnclaser.com\/wp-content\/uploads\/2025\/05\/44b850c9a77b70cab8e18c4549a9ca66-100x100.jpg",100,100,true]},"uagb_author_info":{"display_name":"jinxing6611@gmail.com","author_link":"https:\/\/wisecnclaser.com\/cs\/author\/"},"uagb_comment_info":0,"uagb_excerpt":"The carton proofing machine is a machine used in carton factories to make carton samples. there are two kinds of cardboard cutting plotter machine, one is mainly for cutting coated paper, cardboard, kraft paper, PVC, stickers with a thickness of less than 1mm The other carton box sampling machine is to cut 8-30mm thick corrugated&hellip;","_links":{"self":[{"href":"https:\/\/wisecnclaser.com\/cs\/wp-json\/wp\/v2\/product\/3477","targetHints":{"allow":["GET"]}}],"collection":[{"href":"https:\/\/wisecnclaser.com\/cs\/wp-json\/wp\/v2\/product"}],"about":[{"href":"https:\/\/wisecnclaser.com\/cs\/wp-json\/wp\/v2\/types\/product"}],"wp:featuredmedia":[{"embeddable":true,"href":"https:\/\/wisecnclaser.com\/cs\/wp-json\/wp\/v2\/media\/3480"}],"wp:attachment":[{"href":"https:\/\/wisecnclaser.com\/cs\/wp-json\/wp\/v2\/media?parent=3477"}],"wp:term":[{"taxonomy":"product_brand","embeddable":true,"href":"https:\/\/wisecnclaser.com\/cs\/wp-json\/wp\/v2\/product_brand?post=3477"},{"taxonomy":"product_cat","embeddable":true,"href":"https:\/\/wisecnclaser.com\/cs\/wp-json\/wp\/v2\/product_cat?post=3477"},{"taxonomy":"product_tag","embeddable":true,"href":"https:\/\/wisecnclaser.com\/cs\/wp-json\/wp\/v2\/product_tag?post=3477"}],"curies":[{"name":"wp","href":"https:\/\/api.w.org\/{rel}","templated":true}]}}