{"id":3494,"date":"2025-05-22T13:50:01","date_gmt":"2025-05-22T13:50:01","guid":{"rendered":"https:\/\/wisecnclaser.com\/?post_type=product&#038;p=3494"},"modified":"2025-05-23T02:52:07","modified_gmt":"2025-05-23T02:52:07","slug":"ws1625-multi-heads-flatbed-cutter","status":"publish","type":"product","link":"https:\/\/wisecnclaser.com\/cs\/produkt\/ws1625-multi-heads-flatbed-cutter\/","title":{"rendered":"WS1625 Ploch\u00e1 \u0159eza\u010dka s v\u00edce hlavami"},"content":{"rendered":"<p><strong>Pou\u017eit\u00ed ploch\u00e9 \u0159eza\u010dky:<\/strong><\/p>\n<p>Hlavn\u011b pro r\u016fzn\u00e9 materi\u00e1ly a konstruk\u010dn\u00ed \u0159ezy, jako je pneumatick\u00e1 hlava pro \u0159ez\u00e1n\u00ed siln\u00e9ho materi\u00e1lu, v \u0159ezu se pou\u017e\u00edv\u00e1 k \u0159ez\u00e1n\u00ed 15-45 stup\u0148ov\u00e9ho vzoru, v\u0159eteno se pou\u017e\u00edv\u00e1 k \u0159ez\u00e1n\u00ed tvrd\u00e9ho materi\u00e1lu, jako je p\u011bna P3 a 5mm akryl.<\/p>\n<p><strong>\u0158ezn\u00e9 materi\u00e1ly:<\/strong>\u00a0kompozitn\u00ed materi\u00e1l, jako jsou uhl\u00edkov\u00e1 vl\u00e1kna, sklen\u011bn\u00e1 vl\u00e1kna, m\u011bkk\u00e9 sklo\/pvc, azbest, plastov\u00e1 houba, leteck\u00fd kompozitn\u00ed materi\u00e1l, zvukov\u00e1 izola\u010dn\u00ed p\u011bna, guma, p\u011bna P3 s hlin\u00edkovou f\u00f3li\u00ed, eva<\/p>\n<p>&nbsp;<\/p>\n<table border=\"1\">\n<tbody>\n<tr class=\"firstRow\">\n<td colspan=\"2\" valign=\"center\" width=\"662\"><strong>Technick\u00e1 str\u00e1nka<\/strong><strong>\u00a0Parametr WS1625\u00a0<\/strong><strong>Mult<\/strong><strong>i Hlavy plo\u0161inov\u00e9 \u0159eza\u010dky:<\/strong><\/td>\n<\/tr>\n<tr>\n<td valign=\"top\" width=\"158\">X pracovn\u00ed velikost<\/td>\n<td valign=\"top\" width=\"504\">1300 mm<\/td>\n<\/tr>\n<tr>\n<td valign=\"top\" width=\"158\">Y pracovn\u00ed velikost<\/td>\n<td valign=\"top\" width=\"504\">2500 mm<\/td>\n<\/tr>\n<tr>\n<td valign=\"top\" width=\"158\">Pracovn\u00ed velikost Z<\/td>\n<td valign=\"top\" width=\"504\">10 mm<\/td>\n<\/tr>\n<tr>\n<td valign=\"top\" width=\"158\">\u0158ezac\u00ed hlava<\/td>\n<td valign=\"top\" width=\"504\">cnc oscila\u010dn\u00ed no\u017eov\u00e1 \u0159ezn\u00e1 hlava + V \u0159ezn\u00e9 n\u00e1stroje + fr\u00e9zovac\u00ed v\u0159eteno<\/td>\n<\/tr>\n<tr>\n<td valign=\"top\" width=\"158\">Zp\u016fsob zobrazen\u00ed<\/td>\n<td valign=\"top\" width=\"504\">Anglick\u00fd dotykov\u00fd displej LED<\/td>\n<\/tr>\n<tr>\n<td valign=\"top\" width=\"158\">St\u016fl stroje<\/td>\n<td valign=\"top\" width=\"504\">Hlin\u00edkov\u00fd sac\u00ed st\u016fl s 9 sac\u00edmi z\u00f3nami<\/td>\n<\/tr>\n<tr>\n<td valign=\"top\" width=\"158\">Zp\u016fsob p\u0159enosu dat<\/td>\n<td valign=\"top\" width=\"504\">Intel<\/td>\n<\/tr>\n<tr>\n<td valign=\"top\" width=\"158\">Vakuov\u00e9 \u010derpadlo<\/td>\n<td valign=\"top\" width=\"504\">9KW vzduchov\u00e1 v\u00fdv\u011bva<\/td>\n<\/tr>\n<tr>\n<td valign=\"top\" width=\"158\">Syst\u00e9m pohonu<\/td>\n<td valign=\"top\" width=\"504\">Tchajwansk\u00fd delta servo ovlada\u010d a motor<\/td>\n<\/tr>\n<tr>\n<td valign=\"top\" width=\"158\">\u0158\u00eddic\u00ed syst\u00e9m<\/td>\n<td valign=\"top\" width=\"504\">\u0158\u00eddic\u00ed syst\u00e9m RD<\/td>\n<\/tr>\n<tr>\n<td valign=\"top\" width=\"158\">Vodic\u00ed syst\u00e9m<\/td>\n<td valign=\"top\" width=\"504\">Tchajwansk\u00e1 \u010dtvercov\u00e1 kolejnice TBI<\/td>\n<\/tr>\n<tr>\n<td valign=\"top\" width=\"158\">Sn\u00edma\u010d n\u00e1\u0159ad\u00ed<\/td>\n<td valign=\"top\" width=\"504\">S \u010dervenou te\u010dkou<\/td>\n<\/tr>\n<tr>\n<td valign=\"top\" width=\"158\">P\u0159evodovka<\/td>\n<td valign=\"top\" width=\"504\">Y ozuben\u00fd pastorek, XZ synchronn\u00ed ocelov\u00fd \u0159emen<\/td>\n<\/tr>\n<tr>\n<td valign=\"top\" width=\"158\">Rychlost \u0159ez\u00e1n\u00ed<\/td>\n<td valign=\"top\" width=\"504\">30 m\/min<\/td>\n<\/tr>\n<tr>\n<td valign=\"top\" width=\"158\">Rychlost j\u00edzdy<\/td>\n<td valign=\"top\" width=\"504\">50 m\/min<\/td>\n<\/tr>\n<tr>\n<td valign=\"center\" width=\"158\">Hmotnost<\/td>\n<td valign=\"top\" width=\"504\">Asi 1300 kg<\/td>\n<\/tr>\n<tr>\n<td valign=\"top\" width=\"158\">Velikost<\/td>\n<td valign=\"top\" width=\"504\">2250*3300*1650 mm<\/td>\n<\/tr>\n<tr>\n<td valign=\"top\" width=\"158\">Power<\/td>\n<td valign=\"top\" width=\"504\">380V 50HZ<\/td>\n<\/tr>\n<tr>\n<td valign=\"top\" width=\"158\">Software<\/td>\n<td valign=\"top\" width=\"504\">vcutworks, stroj m\u00e1 tento software, podpora dxf, plt form\u00e1t souboru<\/td>\n<\/tr>\n<\/tbody>\n<\/table>","protected":false},"excerpt":{"rendered":"<p><strong>Pou\u017eit\u00ed ploch\u00e9 \u0159eza\u010dky:<\/strong><\/p>\n<p>Hlavn\u011b pro r\u016fzn\u00e9 materi\u00e1ly a konstruk\u010dn\u00ed \u0159ezy, jako je pneumatick\u00e1 hlava pro \u0159ez\u00e1n\u00ed siln\u00e9ho materi\u00e1lu, v \u0159ezu se pou\u017e\u00edv\u00e1 k \u0159ez\u00e1n\u00ed 15-45 stup\u0148ov\u00e9ho vzoru, v\u0159eteno se pou\u017e\u00edv\u00e1 k \u0159ez\u00e1n\u00ed tvrd\u00e9ho materi\u00e1lu, jako je p\u011bna P3 a 5mm akryl.<\/p>\n<p><strong>\u0158ezn\u00e9 materi\u00e1ly:<\/strong>\u00a0kompozitn\u00ed materi\u00e1l, jako jsou uhl\u00edkov\u00e1 vl\u00e1kna, sklen\u011bn\u00e1 vl\u00e1kna, m\u011bkk\u00e9 sklo\/pvc, azbest, plastov\u00e1 houba, leteck\u00fd kompozitn\u00ed materi\u00e1l, zvukov\u00e1 izola\u010dn\u00ed p\u011bna, guma, p\u011bna P3 s hlin\u00edkovou f\u00f3li\u00ed, eva<\/p>","protected":false},"featured_media":3497,"template":"","meta":{"_seopress_robots_primary_cat":"","_seopress_titles_title":"","_seopress_titles_desc":"","_seopress_robots_index":"","_uag_custom_page_level_css":"","site-sidebar-layout":"default","site-content-layout":"","ast-site-content-layout":"default","site-content-style":"default","site-sidebar-style":"default","ast-global-header-display":"","ast-banner-title-visibility":"","ast-main-header-display":"","ast-hfb-above-header-display":"","ast-hfb-below-header-display":"","ast-hfb-mobile-header-display":"","site-post-title":"","ast-breadcrumbs-content":"","ast-featured-img":"","footer-sml-layout":"","ast-disable-related-posts":"","theme-transparent-header-meta":"default","adv-header-id-meta":"","stick-header-meta":"default","header-above-stick-meta":"","header-main-stick-meta":"","header-below-stick-meta":"","astra-migrate-meta-layouts":"set","ast-page-background-enabled":"default","ast-page-background-meta":{"desktop":{"background-color":"","background-image":"","background-repeat":"repeat","background-position":"center center","background-size":"auto","background-attachment":"scroll","background-type":"","background-media":"","overlay-type":"","overlay-color":"","overlay-opacity":"","overlay-gradient":""},"tablet":{"background-color":"","background-image":"","background-repeat":"repeat","background-position":"center center","background-size":"auto","background-attachment":"scroll","background-type":"","background-media":"","overlay-type":"","overlay-color":"","overlay-opacity":"","overlay-gradient":""},"mobile":{"background-color":"","background-image":"","background-repeat":"repeat","background-position":"center center","background-size":"auto","background-attachment":"scroll","background-type":"","background-media":"","overlay-type":"","overlay-color":"","overlay-opacity":"","overlay-gradient":""}},"ast-content-background-meta":{"desktop":{"background-color":"var(--ast-global-color-5)","background-image":"","background-repeat":"repeat","background-position":"center center","background-size":"auto","background-attachment":"scroll","background-type":"","background-media":"","overlay-type":"","overlay-color":"","overlay-opacity":"","overlay-gradient":""},"tablet":{"background-color":"var(--ast-global-color-5)","background-image":"","background-repeat":"repeat","background-position":"center center","background-size":"auto","background-attachment":"scroll","background-type":"","background-media":"","overlay-type":"","overlay-color":"","overlay-opacity":"","overlay-gradient":""},"mobile":{"background-color":"var(--ast-global-color-5)","background-image":"","background-repeat":"repeat","background-position":"center center","background-size":"auto","background-attachment":"scroll","background-type":"","background-media":"","overlay-type":"","overlay-color":"","overlay-opacity":"","overlay-gradient":""}}},"product_brand":[],"product_cat":[21],"product_tag":[],"class_list":{"0":"post-3494","1":"product","2":"type-product","3":"status-publish","4":"has-post-thumbnail","6":"product_cat-oscillating","7":"desktop-align-left","8":"tablet-align-left","9":"mobile-align-left","10":"ast-product-gallery-layout-horizontal-slider","11":"ast-product-gallery-with-no-image","12":"ast-product-tabs-layout-horizontal","14":"first","15":"instock","16":"featured","17":"shipping-taxable","18":"product-type-simple"},"uagb_featured_image_src":{"full":["https:\/\/wisecnclaser.com\/wp-content\/uploads\/2025\/05\/a1ae770beabe0fe869615dc9e382e1c8.jpg",800,800,false],"thumbnail":["https:\/\/wisecnclaser.com\/wp-content\/uploads\/2025\/05\/a1ae770beabe0fe869615dc9e382e1c8-150x150.jpg",150,150,true],"medium":["https:\/\/wisecnclaser.com\/wp-content\/uploads\/2025\/05\/a1ae770beabe0fe869615dc9e382e1c8-300x300.jpg",300,300,true],"medium_large":["https:\/\/wisecnclaser.com\/wp-content\/uploads\/2025\/05\/a1ae770beabe0fe869615dc9e382e1c8-768x768.jpg",768,768,true],"large":["https:\/\/wisecnclaser.com\/wp-content\/uploads\/2025\/05\/a1ae770beabe0fe869615dc9e382e1c8.jpg",800,800,false],"1536x1536":["https:\/\/wisecnclaser.com\/wp-content\/uploads\/2025\/05\/a1ae770beabe0fe869615dc9e382e1c8.jpg",800,800,false],"2048x2048":["https:\/\/wisecnclaser.com\/wp-content\/uploads\/2025\/05\/a1ae770beabe0fe869615dc9e382e1c8.jpg",800,800,false],"trp-custom-language-flag":["https:\/\/wisecnclaser.com\/wp-content\/uploads\/2025\/05\/a1ae770beabe0fe869615dc9e382e1c8-12x12.jpg",12,12,true],"woocommerce_thumbnail":["https:\/\/wisecnclaser.com\/wp-content\/uploads\/2025\/05\/a1ae770beabe0fe869615dc9e382e1c8-300x300.jpg",300,300,true],"woocommerce_single":["https:\/\/wisecnclaser.com\/wp-content\/uploads\/2025\/05\/a1ae770beabe0fe869615dc9e382e1c8-600x600.jpg",600,600,true],"woocommerce_gallery_thumbnail":["https:\/\/wisecnclaser.com\/wp-content\/uploads\/2025\/05\/a1ae770beabe0fe869615dc9e382e1c8-100x100.jpg",100,100,true]},"uagb_author_info":{"display_name":"jinxing6611@gmail.com","author_link":"https:\/\/wisecnclaser.com\/cs\/author\/"},"uagb_comment_info":0,"uagb_excerpt":"Application of flatbed cutter: Mainly for different material and design cuttings, such as pneumatic head cut thick material, v cut used to cut 15-45 degree pattern, spindle used to cut hard material such as P3 foam and 5mm acrylic Cutting Materials:\u00a0composite material such as carbon fiber, fiber glass, soft glass\/pvc, asbestos, plastic sponge, aviation composite&hellip;","_links":{"self":[{"href":"https:\/\/wisecnclaser.com\/cs\/wp-json\/wp\/v2\/product\/3494","targetHints":{"allow":["GET"]}}],"collection":[{"href":"https:\/\/wisecnclaser.com\/cs\/wp-json\/wp\/v2\/product"}],"about":[{"href":"https:\/\/wisecnclaser.com\/cs\/wp-json\/wp\/v2\/types\/product"}],"wp:featuredmedia":[{"embeddable":true,"href":"https:\/\/wisecnclaser.com\/cs\/wp-json\/wp\/v2\/media\/3497"}],"wp:attachment":[{"href":"https:\/\/wisecnclaser.com\/cs\/wp-json\/wp\/v2\/media?parent=3494"}],"wp:term":[{"taxonomy":"product_brand","embeddable":true,"href":"https:\/\/wisecnclaser.com\/cs\/wp-json\/wp\/v2\/product_brand?post=3494"},{"taxonomy":"product_cat","embeddable":true,"href":"https:\/\/wisecnclaser.com\/cs\/wp-json\/wp\/v2\/product_cat?post=3494"},{"taxonomy":"product_tag","embeddable":true,"href":"https:\/\/wisecnclaser.com\/cs\/wp-json\/wp\/v2\/product_tag?post=3494"}],"curies":[{"name":"wp","href":"https:\/\/api.w.org\/{rel}","templated":true}]}}