{"id":3509,"date":"2025-05-22T22:39:45","date_gmt":"2025-05-22T22:39:45","guid":{"rendered":"https:\/\/wisecnclaser.com\/?post_type=product&#038;p=3509"},"modified":"2025-05-22T22:39:45","modified_gmt":"2025-05-22T22:39:45","slug":"fiber-laser-metal-cutting-machine","status":"publish","type":"product","link":"https:\/\/wisecnclaser.com\/cs\/produkt\/fiber-laser-metal-cutting-machine\/","title":{"rendered":"Vl\u00e1knov\u00fd laserov\u00fd \u0159ezac\u00ed stroj na kovy"},"content":{"rendered":"<p><strong>Pou\u017eiteln\u00e9 materi\u00e1ly a pr\u016fmysl<\/strong><strong>y<\/strong><strong>:<\/strong><\/p>\n<p>Vhodn\u00e9 pro p\u0159esn\u00e9 \u0159ez\u00e1n\u00ed nerezov\u00e9 oceli, uhl\u00edkov\u00e9 oceli a n\u011bkter\u00fdch dal\u0161\u00edch kovov\u00fdch materi\u00e1l\u016f, pou\u017eiteln\u00e9 pro leteckou a kosmickou techniku, v\u00fdrobu raket, letadel, robot\u016f, v\u00fdtah\u016f, parn\u00edk\u016f a automobil\u016f a pro pr\u016fmysl zpracov\u00e1n\u00ed kovov\u00fdch d\u00edl\u016f pro kovov\u00e9 desky, reklamy, kuchy\u0148sk\u00e9 n\u00e1dob\u00ed, bitov\u00e9 n\u00e1\u0159ad\u00ed, hardware atd.<\/p>\n<p>&nbsp;<\/p>\n<table border=\"1\" width=\"662\">\n<tbody>\n<tr class=\"firstRow\">\n<td colspan=\"2\" valign=\"center\" width=\"662\"><strong>Popis a specifikace vl\u00e1knov\u00e9 laserov\u00e9 \u0159eza\u010dky:<\/strong><\/td>\n<\/tr>\n<tr>\n<td valign=\"top\" width=\"224\">Model<\/td>\n<td valign=\"top\" width=\"438\">FB3015<\/td>\n<\/tr>\n<tr>\n<td valign=\"center\" width=\"224\">Pracovn\u00ed oblast<\/td>\n<td valign=\"center\" width=\"438\">1500mm*3000MM<\/td>\n<\/tr>\n<tr>\n<td valign=\"center\" width=\"224\">P\u0159evodovka<\/td>\n<td valign=\"center\" width=\"438\">Ozuben\u00fd pastorek - zna\u010dka GERMANY ATLANTA<\/td>\n<\/tr>\n<tr>\n<td valign=\"center\" width=\"224\">Syst\u00e9m pohonu<\/td>\n<td valign=\"center\" width=\"438\">Japonsk\u00e9 servo<\/td>\n<\/tr>\n<tr>\n<td valign=\"center\" width=\"224\">V\u00fdkon laseru<\/td>\n<td valign=\"center\" width=\"438\">1kw 1,5kw 2kw 3kw 4kw 6kw raycus nebo IPG gener\u00e1tor vl\u00e1ken<\/td>\n<\/tr>\n<tr>\n<td valign=\"center\" width=\"224\">Vodic\u00ed syst\u00e9m<\/td>\n<td valign=\"center\" width=\"438\">Tchajwansk\u00e1 \u010dtvercov\u00e1 kolejnice<\/td>\n<\/tr>\n<tr>\n<td valign=\"center\" width=\"224\">Kuli\u010dkov\u00fd \u0161roub<\/td>\n<td valign=\"center\" width=\"438\">Tchajwansk\u00e1 zna\u010dka TBI<\/td>\n<\/tr>\n<tr>\n<td valign=\"center\" width=\"224\">\u0158\u00eddic\u00ed syst\u00e9m<\/td>\n<td valign=\"center\" width=\"438\">\u0158\u00eddic\u00ed jednotka Cypcut<\/td>\n<\/tr>\n<tr>\n<td valign=\"center\" width=\"224\">Redukce<\/td>\n<td valign=\"center\" width=\"438\">Zna\u010dka Motovario<\/td>\n<\/tr>\n<tr>\n<td valign=\"center\" width=\"224\">Maxim\u00e1ln\u00ed rychlost pohybu<\/td>\n<td valign=\"center\" width=\"438\">100 m\/min<\/td>\n<\/tr>\n<tr>\n<td valign=\"center\" width=\"224\">Maxim\u00e1ln\u00ed rychlost \u0159ez\u00e1n\u00ed<\/td>\n<td valign=\"center\" width=\"438\">30-40 m\/min<\/td>\n<\/tr>\n<tr>\n<td valign=\"center\" width=\"224\">Min. \u0161\u00ed\u0159ka \u010d\u00e1ry \u0159ezu<\/td>\n<td valign=\"center\" width=\"438\">0,02 mm<\/td>\n<\/tr>\n<tr>\n<td valign=\"center\" width=\"224\">Pou\u017eiteln\u00fd materi\u00e1l<\/td>\n<td valign=\"center\" width=\"438\">Nerezov\u00e1 ocel, uhl\u00edkov\u00e1 ocel, hlin\u00edk, m\u011b\u010f, titanov\u00fd plech, \u017eelezo atd.<\/td>\n<\/tr>\n<tr>\n<td valign=\"center\" width=\"224\">Tlou\u0161\u0165ka \u0159ezu<\/td>\n<td valign=\"center\" width=\"438\">Nerezov\u00e1 ocel 8 mm, uhl\u00edkov\u00e1 ocel 20 mm<\/td>\n<\/tr>\n<tr>\n<td valign=\"center\" width=\"224\">Cel\u00e1 podlahov\u00e1 plocha stroje<\/td>\n<td valign=\"center\" width=\"438\">7\u00d72.2\u00d71.9m<\/td>\n<\/tr>\n<tr>\n<td valign=\"center\" width=\"224\">Hmotnost stroje<\/td>\n<td valign=\"center\" width=\"438\">3000 kg<\/td>\n<\/tr>\n<tr>\n<td valign=\"center\" width=\"224\">Pracovn\u00ed v\u00fdkon<\/td>\n<td valign=\"center\" width=\"438\">AC380V 3 f\u00e1ze 50HZ<\/td>\n<\/tr>\n<tr>\n<td valign=\"center\" width=\"224\">Z\u00e1ruka<\/td>\n<td valign=\"center\" width=\"438\">2 roky<\/td>\n<\/tr>\n<\/tbody>\n<\/table>\n<p>&nbsp;<\/p>\n<p><strong>Pou\u017eit\u00ed:<\/strong><\/p>\n<p>M\u016f\u017ee \u0159ezat mnoho druh\u016f plech\u016f a trubek (lze pou\u017e\u00edt za\u0159\u00edzen\u00ed na \u0159ez\u00e1n\u00ed trubek a trubek). Je vhodn\u00fd p\u0159edev\u0161\u00edm pro rychl\u00e9 \u0159ez\u00e1n\u00ed nerezov\u00e9 oceli, uhl\u00edkov\u00e9 oceli, pozinkovan\u00e9 oceli, elektrolytick\u00e9ho plechu, mosazn\u00e9ho plechu, hlin\u00edkov\u00e9ho plechu, manganov\u00e9 oceli, r\u016fzn\u00fdch slitinov\u00fdch plech\u016f, vz\u00e1cn\u00fdch kov\u016f a dal\u0161\u00edch materi\u00e1l\u016f.<\/p>\n<p>Optick\u00fd vl\u00e1knov\u00fd laserov\u00fd \u0159ezac\u00ed stroj s integrovan\u00fdm plechem a trubkou m\u016f\u017ee \u0159ezat kovov\u00e9 plechy a kovov\u00e9 trubky. \u0160et\u0159\u00ed v\u00edce ne\u017e 50% m\u00edsta a p\u0159in\u00e1\u0161\u00ed vy\u0161\u0161\u00ed efektivitu v\u00fdroby.<\/p>\n<p>&nbsp;<\/p>\n<p><strong>V\u00fdhody vl\u00e1knov\u00e9ho laseru<\/strong><\/p>\n<p>1, vysok\u00e1 \u00fa\u010dinnost elektrooptick\u00e9 konverze, 300% je \u00fa\u010dinn\u011bj\u0161\u00ed ne\u017e CO2 laser<\/p>\n<p>2, n\u00edzk\u00e9 provozn\u00ed n\u00e1klady a n\u00e1klady na \u00fadr\u017ebu, pouze 6% CO2 laseru<\/p>\n<p>3, vysok\u00e1 rychlost \u0159ez\u00e1n\u00ed, 600% ~ 1000% rychlej\u0161\u00ed ne\u017e CO2 laser<\/p>\n<p>4, mal\u00e9 rozm\u011bry, n\u00edzk\u00e1 hmotnost, mobiln\u00ed pracovn\u00ed poloha a minim\u00e1ln\u00ed n\u00e1roky na prostor<\/p>\n<p>&nbsp;<\/p>\n<p><strong>PRO\u010c si vybrat n\u00e1\u0161 laserov\u00fd \u0159ezac\u00ed stroj<\/strong><\/p>\n<p><strong><em>Stabiln\u00ed osa Z a syst\u00e9m automatick\u00e9ho ost\u0159en\u00ed<\/em><\/strong><\/p>\n<p>Laserov\u00e1 hlava vybaven\u00e1 \u0159ezac\u00ed hlavou Raytools, schopn\u00e1 automaticky nastavit ohniskovou vzd\u00e1lenost, zaru\u010duj\u00edc\u00ed nejlep\u0161\u00ed kvalitu \u0159ezu, zabra\u0148uj\u00edc\u00ed se\u0161rotov\u00e1n\u00ed materi\u00e1lu zp\u016fsoben\u00e9mu zm\u011bnou ohniskov\u00e9 vzd\u00e1lenosti, kdy\u017e kov nen\u00ed ploch\u00fd D\u00edky bezkontaktn\u00edmu sn\u00edmac\u00edmu za\u0159\u00edzen\u00ed, \u0159\u00edzen\u00e9mu syst\u00e9mem, schopn\u00e9mu dos\u00e1hnout stabiln\u00ed plovouc\u00ed funkce osy Z, eliminuj\u00edc\u00ed negativn\u00ed \u00fa\u010dinky zp\u016fsoben\u00e9 neploch\u00fdm materi\u00e1lem.<\/p>\n<p>&nbsp;<\/p>\n<p><strong><em>Obal stroje \/ hostitelsk\u00fd stroj<\/em><\/strong><\/p>\n<p>Hmotnost velk\u00e9ho \u0159ezac\u00edho stroje 3,7 tuny. Bereme v \u00favahu v\u00fdrobn\u00ed n\u00e1klady, stabilitu a kvalitu stroje. Po s\u00e9riov\u00e9m p\u0159epracov\u00e1n\u00ed se rozhodneme pro kone\u010dn\u00fd jednoduch\u00fd, ale pevn\u00fd design. Kter\u00fd je vyroben profesion\u00e1ln\u00edm velkokapacitn\u00edm za\u0159\u00edzen\u00edm z vojensk\u00e9ho pr\u016fmyslu a pro\u0161el o\u0161et\u0159en\u00edm proti st\u00e1rnut\u00ed, co\u017e m\u016f\u017ee zaru\u010dit odolnost pro dlouhodob\u00e9 pou\u017e\u00edv\u00e1n\u00ed.<\/p>\n<p><strong><em>\u00a0<\/em><\/strong><\/p>\n<p><strong><em>P\u0159evodovka<\/em><\/strong><\/p>\n<p>Stroj je vybaven vysoce p\u0159esn\u00fdm syst\u00e9mem kuli\u010dkov\u00fdch \u0161roub\u016f slavn\u00e9 zna\u010dky, line\u00e1rn\u00edm veden\u00edm a syst\u00e9mem servopohonu motoru, kter\u00fd zaru\u010duje p\u0159esnost zpracov\u00e1n\u00ed. P\u0159evodov\u00fd syst\u00e9m m\u016f\u017ee hladce odpov\u00eddat \u0159\u00eddic\u00edmu syst\u00e9mu CNC.<\/p>\n<p><strong><em>\u00a0<\/em><\/strong><\/p>\n<p><strong><em>\u0158\u00eddic\u00ed syst\u00e9m<\/em><\/strong><\/p>\n<p>Pou\u017e\u00edvejte profesion\u00e1ln\u00ed IPC, optimaliza\u010dn\u00ed syst\u00e9m pro v\u00fdpo\u010det \u0159ez\u00e1n\u00ed, snadn\u00e9 pou\u017eit\u00ed dotykov\u00e9 obrazovky, profesion\u00e1ln\u00ed software pro \u0159ez\u00e1n\u00ed m\u016f\u017ee navrhovat v\u0161echny druhy grafiky, textu, podporuje CAD, CorelDraw.<\/p>\n<p>&nbsp;<\/p>","protected":false},"excerpt":{"rendered":"<p><strong>Pou\u017eiteln\u00e9 materi\u00e1ly a pr\u016fmysl<\/strong><strong>y<\/strong><strong>:<\/strong><\/p>\n<p>Vhodn\u00e9 pro p\u0159esn\u00e9 \u0159ez\u00e1n\u00ed nerezov\u00e9 oceli, uhl\u00edkov\u00e9 oceli a n\u011bkter\u00fdch dal\u0161\u00edch kovov\u00fdch materi\u00e1l\u016f, pou\u017eiteln\u00e9 pro leteckou a kosmickou techniku, v\u00fdrobu raket, letadel, robot\u016f, v\u00fdtah\u016f, parn\u00edk\u016f a automobil\u016f a pro pr\u016fmysl zpracov\u00e1n\u00ed kovov\u00fdch d\u00edl\u016f pro kovov\u00e9 desky, reklamy, kuchy\u0148sk\u00e9 n\u00e1dob\u00ed, bitov\u00e9 n\u00e1\u0159ad\u00ed, hardware atd.<\/p>","protected":false},"featured_media":3512,"template":"","meta":{"_seopress_robots_primary_cat":"","_seopress_titles_title":"","_seopress_titles_desc":"","_seopress_robots_index":"","_uag_custom_page_level_css":"","site-sidebar-layout":"default","site-content-layout":"","ast-site-content-layout":"default","site-content-style":"default","site-sidebar-style":"default","ast-global-header-display":"","ast-banner-title-visibility":"","ast-main-header-display":"","ast-hfb-above-header-display":"","ast-hfb-below-header-display":"","ast-hfb-mobile-header-display":"","site-post-title":"","ast-breadcrumbs-content":"","ast-featured-img":"","footer-sml-layout":"","ast-disable-related-posts":"","theme-transparent-header-meta":"default","adv-header-id-meta":"","stick-header-meta":"default","header-above-stick-meta":"","header-main-stick-meta":"","header-below-stick-meta":"","astra-migrate-meta-layouts":"set","ast-page-background-enabled":"default","ast-page-background-meta":{"desktop":{"background-color":"","background-image":"","background-repeat":"repeat","background-position":"center center","background-size":"auto","background-attachment":"scroll","background-type":"","background-media":"","overlay-type":"","overlay-color":"","overlay-opacity":"","overlay-gradient":""},"tablet":{"background-color":"","background-image":"","background-repeat":"repeat","background-position":"center center","background-size":"auto","background-attachment":"scroll","background-type":"","background-media":"","overlay-type":"","overlay-color":"","overlay-opacity":"","overlay-gradient":""},"mobile":{"background-color":"","background-image":"","background-repeat":"repeat","background-position":"center center","background-size":"auto","background-attachment":"scroll","background-type":"","background-media":"","overlay-type":"","overlay-color":"","overlay-opacity":"","overlay-gradient":""}},"ast-content-background-meta":{"desktop":{"background-color":"var(--ast-global-color-5)","background-image":"","background-repeat":"repeat","background-position":"center center","background-size":"auto","background-attachment":"scroll","background-type":"","background-media":"","overlay-type":"","overlay-color":"","overlay-opacity":"","overlay-gradient":""},"tablet":{"background-color":"var(--ast-global-color-5)","background-image":"","background-repeat":"repeat","background-position":"center center","background-size":"auto","background-attachment":"scroll","background-type":"","background-media":"","overlay-type":"","overlay-color":"","overlay-opacity":"","overlay-gradient":""},"mobile":{"background-color":"var(--ast-global-color-5)","background-image":"","background-repeat":"repeat","background-position":"center center","background-size":"auto","background-attachment":"scroll","background-type":"","background-media":"","overlay-type":"","overlay-color":"","overlay-opacity":"","overlay-gradient":""}}},"product_brand":[],"product_cat":[57],"product_tag":[],"class_list":{"0":"post-3509","1":"product","2":"type-product","3":"status-publish","4":"has-post-thumbnail","6":"product_cat-fiberlaser","7":"desktop-align-left","8":"tablet-align-left","9":"mobile-align-left","10":"ast-product-gallery-layout-horizontal-slider","11":"ast-product-gallery-with-no-image","12":"ast-product-tabs-layout-horizontal","14":"first","15":"instock","16":"shipping-taxable","17":"product-type-simple"},"uagb_featured_image_src":{"full":["https:\/\/wisecnclaser.com\/wp-content\/uploads\/2025\/05\/d52f9a22eccb0aae42b0c5f0abd2625c.png",600,600,false],"thumbnail":["https:\/\/wisecnclaser.com\/wp-content\/uploads\/2025\/05\/d52f9a22eccb0aae42b0c5f0abd2625c-150x150.png",150,150,true],"medium":["https:\/\/wisecnclaser.com\/wp-content\/uploads\/2025\/05\/d52f9a22eccb0aae42b0c5f0abd2625c-300x300.png",300,300,true],"medium_large":["https:\/\/wisecnclaser.com\/wp-content\/uploads\/2025\/05\/d52f9a22eccb0aae42b0c5f0abd2625c.png",600,600,false],"large":["https:\/\/wisecnclaser.com\/wp-content\/uploads\/2025\/05\/d52f9a22eccb0aae42b0c5f0abd2625c.png",600,600,false],"1536x1536":["https:\/\/wisecnclaser.com\/wp-content\/uploads\/2025\/05\/d52f9a22eccb0aae42b0c5f0abd2625c.png",600,600,false],"2048x2048":["https:\/\/wisecnclaser.com\/wp-content\/uploads\/2025\/05\/d52f9a22eccb0aae42b0c5f0abd2625c.png",600,600,false],"trp-custom-language-flag":["https:\/\/wisecnclaser.com\/wp-content\/uploads\/2025\/05\/d52f9a22eccb0aae42b0c5f0abd2625c-12x12.png",12,12,true],"woocommerce_thumbnail":["https:\/\/wisecnclaser.com\/wp-content\/uploads\/2025\/05\/d52f9a22eccb0aae42b0c5f0abd2625c-300x300.png",300,300,true],"woocommerce_single":["https:\/\/wisecnclaser.com\/wp-content\/uploads\/2025\/05\/d52f9a22eccb0aae42b0c5f0abd2625c.png",600,600,false],"woocommerce_gallery_thumbnail":["https:\/\/wisecnclaser.com\/wp-content\/uploads\/2025\/05\/d52f9a22eccb0aae42b0c5f0abd2625c-100x100.png",100,100,true]},"uagb_author_info":{"display_name":"jinxing6611@gmail.com","author_link":"https:\/\/wisecnclaser.com\/cs\/author\/"},"uagb_comment_info":0,"uagb_excerpt":"Applicable materials and industry: Suitable for stainless steel, carbon steel and some other metal materials precise cutting, applicable for aerospace technology, rocket, plane, robot, elevator, steamship and automobile manufacturing and metal parts processing industry for metal plate, advertisement, kitchen ware, bit tool, hardware etc","_links":{"self":[{"href":"https:\/\/wisecnclaser.com\/cs\/wp-json\/wp\/v2\/product\/3509","targetHints":{"allow":["GET"]}}],"collection":[{"href":"https:\/\/wisecnclaser.com\/cs\/wp-json\/wp\/v2\/product"}],"about":[{"href":"https:\/\/wisecnclaser.com\/cs\/wp-json\/wp\/v2\/types\/product"}],"wp:featuredmedia":[{"embeddable":true,"href":"https:\/\/wisecnclaser.com\/cs\/wp-json\/wp\/v2\/media\/3512"}],"wp:attachment":[{"href":"https:\/\/wisecnclaser.com\/cs\/wp-json\/wp\/v2\/media?parent=3509"}],"wp:term":[{"taxonomy":"product_brand","embeddable":true,"href":"https:\/\/wisecnclaser.com\/cs\/wp-json\/wp\/v2\/product_brand?post=3509"},{"taxonomy":"product_cat","embeddable":true,"href":"https:\/\/wisecnclaser.com\/cs\/wp-json\/wp\/v2\/product_cat?post=3509"},{"taxonomy":"product_tag","embeddable":true,"href":"https:\/\/wisecnclaser.com\/cs\/wp-json\/wp\/v2\/product_tag?post=3509"}],"curies":[{"name":"wp","href":"https:\/\/api.w.org\/{rel}","templated":true}]}}