{"id":3517,"date":"2025-05-22T22:42:44","date_gmt":"2025-05-22T22:42:44","guid":{"rendered":"https:\/\/wisecnclaser.com\/?post_type=product&#038;p=3517"},"modified":"2025-05-22T22:42:44","modified_gmt":"2025-05-22T22:42:44","slug":"integrated-fiber-laser-marking-machine","status":"publish","type":"product","link":"https:\/\/wisecnclaser.com\/cs\/produkt\/integrated-fiber-laser-marking-machine\/","title":{"rendered":"Integrovan\u00fd vl\u00e1knov\u00fd laserov\u00fd zna\u010dkovac\u00ed stroj"},"content":{"rendered":"<p><strong>Popis integrovan\u00e9ho laserov\u00e9ho zna\u010dic\u00edho stroje:<\/strong><\/p>\n<p>Pou\u017eit\u00ed pokro\u010dil\u00e9ho vl\u00e1knov\u00e9ho modulu, vysoce kvalitn\u00ed v\u00fdstupn\u00ed paprsek, vhodn\u00e9 pro jemn\u00e9 zna\u010den\u00ed, lze p\u0159esn\u011b kontrolovat velikost, hloubku a tvar. Mal\u00e9 rozm\u011bry a vysok\u00e1 rychlost zpracov\u00e1n\u00ed, n\u00edzk\u00e1 spot\u0159eba energie, dlouh\u00e1 \u017eivotnost, lze grav\u00edrovat v\u0161echny druhy kovov\u00fdch i nekovov\u00fdch materi\u00e1l\u016f.<\/p>\n<p><strong>Hlavn\u00ed vlastnosti laserov\u00e9ho zna\u010dkovac\u00edho stroje:<\/strong><\/p>\n<p>&nbsp;<\/p>\n<p>1. Vysoce kvalitn\u00ed laserov\u00e1 dr\u00e1ha vhodn\u00e1 pro jemn\u00e9 zna\u010den\u00ed. Dosahuje nejbl\u00ed\u017ee k hranici difrakce. Export TEMOO z\u00e1kladn\u00edho p\u0159\u00ed\u010dn\u00e9ho m\u00f3du. M2 bl\u00edzko 1. \u00dahel divergence paprsku je pouze 1\/4 diodov\u00e9ho laseru. Pr\u016fm\u011br zaost\u0159en\u00e9ho bodu nen\u00ed v\u011bt\u0161\u00ed ne\u017e 20 um.<br \/>\n2. Vysok\u00e1 rychlost opakov\u00e1n\u00ed pulz\u016f a stabiln\u00ed v\u00fdkon p\u0159in\u00e1\u0161ej\u00ed vysokou rychlost laserov\u00e9ho zna\u010den\u00ed. P\u0159ep\u011bt\u00ed v pulzn\u00edm v\u00fdkonu jednotky je ni\u017e\u0161\u00ed ne\u017e u 1%. Snadn\u00e9 ovl\u00e1d\u00e1n\u00ed velikosti, tlou\u0161\u0165ky a tvaru laserov\u00e9ho bodu.<br \/>\n3. Vysok\u00e1 rychlost 2-3kr\u00e1t vy\u0161\u0161\u00ed ne\u017e u tradi\u010dn\u00edho zna\u010dic\u00edho stroje s diodov\u00fdm \u010derpadlem.<br \/>\n4. Vzduchov\u00e9 chlazen\u00ed chytr\u00e9 velikosti stroje!<br \/>\n5. Dlouh\u00e1 \u017eivotnost. Velmi n\u00edzk\u00e1 spot\u0159eba energie 0,5 kw. P\u0159epo\u010det \u00fa\u010dinnosti dosahuje v\u00edce ne\u017e 30% (nen\u00ed vhodn\u00fd pro barevn\u00e9 zna\u010den\u00ed nerezov\u00e9 oceli).<\/p>\n<p>&nbsp;<\/p>\n<p>&nbsp;<\/p>\n<table border=\"1\" width=\"662\">\n<tbody>\n<tr class=\"firstRow\">\n<td colspan=\"2\" valign=\"center\" width=\"662\"><strong>Popis a specifikace\u00a0<\/strong><strong>Inte<\/strong><strong>laserov\u00e9 zna\u010den\u00ed vl\u00e1knov\u00fdm laserem:<\/strong><\/td>\n<\/tr>\n<tr>\n<td valign=\"top\" width=\"224\">Polo\u017eka \u010d.<\/td>\n<td valign=\"top\" width=\"438\">WS20 WS30 WS50<\/td>\n<\/tr>\n<tr>\n<td valign=\"top\" width=\"224\">V\u00fdkon laseru<\/td>\n<td valign=\"top\" width=\"438\">20W 30W 50W<\/td>\n<\/tr>\n<tr>\n<td valign=\"top\" width=\"224\">Vlnov\u00e1 d\u00e9lka laseru<\/td>\n<td valign=\"top\" width=\"438\">1064 nm<\/td>\n<\/tr>\n<tr>\n<td valign=\"top\" width=\"224\">Rozsah zna\u010den\u00ed<\/td>\n<td valign=\"top\" width=\"438\">110 mm \u00d7 110 mm<\/td>\n<\/tr>\n<tr>\n<td valign=\"top\" width=\"224\">Rychlost zna\u010den\u00ed<\/td>\n<td valign=\"top\" width=\"438\">\u22648000mm\/s<\/td>\n<\/tr>\n<tr>\n<td valign=\"top\" width=\"224\">Minim\u00e1ln\u00ed znak<\/td>\n<td valign=\"top\" width=\"438\">0,2 mm<\/td>\n<\/tr>\n<tr>\n<td valign=\"top\" width=\"224\">Minim\u00e1ln\u00ed \u0161\u00ed\u0159ka \u0159\u00e1dku<\/td>\n<td valign=\"top\" width=\"438\">0,015 mm<\/td>\n<\/tr>\n<tr>\n<td valign=\"top\" width=\"224\">P\u0159esnost opakov\u00e1n\u00ed<\/td>\n<td valign=\"top\" width=\"438\">\u00b10,001 mm<\/td>\n<\/tr>\n<tr>\n<td valign=\"top\" width=\"224\">Stabilita nap\u00e1jen\u00ed<\/td>\n<td valign=\"top\" width=\"438\">&lt;5%rms<\/td>\n<\/tr>\n<tr>\n<td valign=\"top\" width=\"224\">Hloubka zna\u010den\u00ed<\/td>\n<td valign=\"top\" width=\"438\">0,3 mm<\/td>\n<\/tr>\n<tr>\n<td valign=\"top\" width=\"224\">Kvalita laserov\u00e9ho paprsku<\/td>\n<td valign=\"top\" width=\"438\">M2\uff1c1.2<\/td>\n<\/tr>\n<tr>\n<td valign=\"top\" width=\"224\">Frekvence opakov\u00e1n\u00ed<\/td>\n<td valign=\"top\" width=\"438\">20KHz-80KHz<\/td>\n<\/tr>\n<tr>\n<td valign=\"top\" width=\"224\">Chladic\u00ed syst\u00e9m<\/td>\n<td valign=\"top\" width=\"438\">Chlazen\u00ed vzduchem<\/td>\n<\/tr>\n<tr>\n<td valign=\"top\" width=\"224\">Jazyk softwaru<\/td>\n<td valign=\"top\" width=\"438\">Angli\u010dtina<\/td>\n<\/tr>\n<tr>\n<td valign=\"top\" width=\"224\">Nap\u00e1jen\u00ed<\/td>\n<td valign=\"top\" width=\"438\">220V\/50Hz<\/td>\n<\/tr>\n<tr>\n<td valign=\"top\" width=\"224\">Podp\u016frn\u00fd form\u00e1t<\/td>\n<td valign=\"top\" width=\"438\">BMP, GIF, JPG, PCX, TGA, TIFF, PLT, CDR, DMG, DXF atd.<\/td>\n<\/tr>\n<tr>\n<td valign=\"top\" width=\"224\">Obecn\u00e1 moc<\/td>\n<td valign=\"top\" width=\"438\">0,5 KW<\/td>\n<\/tr>\n<tr>\n<td valign=\"top\" width=\"224\">Rozm\u011br stroje<\/td>\n<td valign=\"top\" width=\"438\">80*57*35 cm<\/td>\n<\/tr>\n<tr>\n<td valign=\"top\" width=\"224\">\u010cist\u00e1 hmotnost<\/td>\n<td valign=\"top\" width=\"438\">46 KG<\/td>\n<\/tr>\n<\/tbody>\n<\/table>\n<p>&nbsp;<\/p>","protected":false},"excerpt":{"rendered":"<p>Popis integrovan\u00e9ho laserov\u00e9ho zna\u010dic\u00edho stroje:<\/p>\n<p>Pou\u017eit\u00ed pokro\u010dil\u00e9ho vl\u00e1knov\u00e9ho modulu, vysoce kvalitn\u00ed v\u00fdstupn\u00ed paprsek, vhodn\u00e9 pro jemn\u00e9 zna\u010den\u00ed, lze p\u0159esn\u011b kontrolovat velikost, hloubku a tvar. Mal\u00e9 rozm\u011bry a vysok\u00e1 rychlost zpracov\u00e1n\u00ed, n\u00edzk\u00e1 spot\u0159eba energie, dlouh\u00e1 \u017eivotnost, lze grav\u00edrovat v\u0161echny druhy kovov\u00fdch i nekovov\u00fdch materi\u00e1l\u016f.<\/p>","protected":false},"featured_media":3520,"template":"","meta":{"_seopress_robots_primary_cat":"","_seopress_titles_title":"","_seopress_titles_desc":"","_seopress_robots_index":"","_uag_custom_page_level_css":"","site-sidebar-layout":"default","site-content-layout":"","ast-site-content-layout":"default","site-content-style":"default","site-sidebar-style":"default","ast-global-header-display":"","ast-banner-title-visibility":"","ast-main-header-display":"","ast-hfb-above-header-display":"","ast-hfb-below-header-display":"","ast-hfb-mobile-header-display":"","site-post-title":"","ast-breadcrumbs-content":"","ast-featured-img":"","footer-sml-layout":"","ast-disable-related-posts":"","theme-transparent-header-meta":"default","adv-header-id-meta":"","stick-header-meta":"default","header-above-stick-meta":"","header-main-stick-meta":"","header-below-stick-meta":"","astra-migrate-meta-layouts":"set","ast-page-background-enabled":"default","ast-page-background-meta":{"desktop":{"background-color":"","background-image":"","background-repeat":"repeat","background-position":"center center","background-size":"auto","background-attachment":"scroll","background-type":"","background-media":"","overlay-type":"","overlay-color":"","overlay-opacity":"","overlay-gradient":""},"tablet":{"background-color":"","background-image":"","background-repeat":"repeat","background-position":"center center","background-size":"auto","background-attachment":"scroll","background-type":"","background-media":"","overlay-type":"","overlay-color":"","overlay-opacity":"","overlay-gradient":""},"mobile":{"background-color":"","background-image":"","background-repeat":"repeat","background-position":"center center","background-size":"auto","background-attachment":"scroll","background-type":"","background-media":"","overlay-type":"","overlay-color":"","overlay-opacity":"","overlay-gradient":""}},"ast-content-background-meta":{"desktop":{"background-color":"var(--ast-global-color-5)","background-image":"","background-repeat":"repeat","background-position":"center center","background-size":"auto","background-attachment":"scroll","background-type":"","background-media":"","overlay-type":"","overlay-color":"","overlay-opacity":"","overlay-gradient":""},"tablet":{"background-color":"var(--ast-global-color-5)","background-image":"","background-repeat":"repeat","background-position":"center center","background-size":"auto","background-attachment":"scroll","background-type":"","background-media":"","overlay-type":"","overlay-color":"","overlay-opacity":"","overlay-gradient":""},"mobile":{"background-color":"var(--ast-global-color-5)","background-image":"","background-repeat":"repeat","background-position":"center center","background-size":"auto","background-attachment":"scroll","background-type":"","background-media":"","overlay-type":"","overlay-color":"","overlay-opacity":"","overlay-gradient":""}}},"product_brand":[],"product_cat":[57],"product_tag":[],"class_list":{"0":"post-3517","1":"product","2":"type-product","3":"status-publish","4":"has-post-thumbnail","6":"product_cat-fiberlaser","7":"desktop-align-left","8":"tablet-align-left","9":"mobile-align-left","10":"ast-product-gallery-layout-horizontal-slider","11":"ast-product-gallery-with-no-image","12":"ast-product-tabs-layout-horizontal","14":"first","15":"instock","16":"shipping-taxable","17":"product-type-simple"},"uagb_featured_image_src":{"full":["https:\/\/wisecnclaser.com\/wp-content\/uploads\/2025\/05\/de638098155b019b7b424a9b837caa96.jpg",800,800,false],"thumbnail":["https:\/\/wisecnclaser.com\/wp-content\/uploads\/2025\/05\/de638098155b019b7b424a9b837caa96-150x150.jpg",150,150,true],"medium":["https:\/\/wisecnclaser.com\/wp-content\/uploads\/2025\/05\/de638098155b019b7b424a9b837caa96-300x300.jpg",300,300,true],"medium_large":["https:\/\/wisecnclaser.com\/wp-content\/uploads\/2025\/05\/de638098155b019b7b424a9b837caa96-768x768.jpg",768,768,true],"large":["https:\/\/wisecnclaser.com\/wp-content\/uploads\/2025\/05\/de638098155b019b7b424a9b837caa96.jpg",800,800,false],"1536x1536":["https:\/\/wisecnclaser.com\/wp-content\/uploads\/2025\/05\/de638098155b019b7b424a9b837caa96.jpg",800,800,false],"2048x2048":["https:\/\/wisecnclaser.com\/wp-content\/uploads\/2025\/05\/de638098155b019b7b424a9b837caa96.jpg",800,800,false],"trp-custom-language-flag":["https:\/\/wisecnclaser.com\/wp-content\/uploads\/2025\/05\/de638098155b019b7b424a9b837caa96-12x12.jpg",12,12,true],"woocommerce_thumbnail":["https:\/\/wisecnclaser.com\/wp-content\/uploads\/2025\/05\/de638098155b019b7b424a9b837caa96-300x300.jpg",300,300,true],"woocommerce_single":["https:\/\/wisecnclaser.com\/wp-content\/uploads\/2025\/05\/de638098155b019b7b424a9b837caa96-600x600.jpg",600,600,true],"woocommerce_gallery_thumbnail":["https:\/\/wisecnclaser.com\/wp-content\/uploads\/2025\/05\/de638098155b019b7b424a9b837caa96-100x100.jpg",100,100,true]},"uagb_author_info":{"display_name":"jinxing6611@gmail.com","author_link":"https:\/\/wisecnclaser.com\/cs\/author\/"},"uagb_comment_info":0,"uagb_excerpt":"Description of integrated fiber laser marking machine: Application of advanced fiber module, high quality output beam, suitable for delicate marking, can control size, depth, and shape accurately. Small size and fast processing speed, low energy consumption, long service life, can engrave all kinds of metal and nonmetal materials.","_links":{"self":[{"href":"https:\/\/wisecnclaser.com\/cs\/wp-json\/wp\/v2\/product\/3517","targetHints":{"allow":["GET"]}}],"collection":[{"href":"https:\/\/wisecnclaser.com\/cs\/wp-json\/wp\/v2\/product"}],"about":[{"href":"https:\/\/wisecnclaser.com\/cs\/wp-json\/wp\/v2\/types\/product"}],"wp:featuredmedia":[{"embeddable":true,"href":"https:\/\/wisecnclaser.com\/cs\/wp-json\/wp\/v2\/media\/3520"}],"wp:attachment":[{"href":"https:\/\/wisecnclaser.com\/cs\/wp-json\/wp\/v2\/media?parent=3517"}],"wp:term":[{"taxonomy":"product_brand","embeddable":true,"href":"https:\/\/wisecnclaser.com\/cs\/wp-json\/wp\/v2\/product_brand?post=3517"},{"taxonomy":"product_cat","embeddable":true,"href":"https:\/\/wisecnclaser.com\/cs\/wp-json\/wp\/v2\/product_cat?post=3517"},{"taxonomy":"product_tag","embeddable":true,"href":"https:\/\/wisecnclaser.com\/cs\/wp-json\/wp\/v2\/product_tag?post=3517"}],"curies":[{"name":"wp","href":"https:\/\/api.w.org\/{rel}","templated":true}]}}