{"id":3529,"date":"2025-05-22T22:53:30","date_gmt":"2025-05-22T22:53:30","guid":{"rendered":"https:\/\/wisecnclaser.com\/?post_type=product&#038;p=3529"},"modified":"2025-05-22T22:53:30","modified_gmt":"2025-05-22T22:53:30","slug":"professional-metal-tube-fiber-laser-cutting-machine","status":"publish","type":"product","link":"https:\/\/wisecnclaser.com\/cs\/produkt\/professional-metal-tube-fiber-laser-cutting-machine\/","title":{"rendered":"Profesion\u00e1ln\u00ed kovov\u00e9 trubky Fiber Laser Cutting Machine"},"content":{"rendered":"<p>FB6016T je ekonomick\u00fd a praktick\u00fd laserov\u00fd stroj na \u0159ez\u00e1n\u00ed trubek v kombinaci s popt\u00e1vkou na trhu a zam\u011b\u0159uje se na koncov\u00e9 u\u017eivatele d\u00e1vkov\u00e9ho zpracov\u00e1n\u00ed trubek. Tento typ stroje m\u00e1 vysok\u00fd n\u00e1kladov\u00fd v\u00fdkon. Stroj s d\u00e9lkou 6 m dok\u00e1\u017ee \u0159ezat maxim\u00e1ln\u011b 6,5 m a materi\u00e1l ocasu je minim\u00e1ln\u011b 90 mm. Je ide\u00e1ln\u00ed volbou pro podniky zpracov\u00e1vaj\u00edc\u00ed trubky. Stroj od v\u00fdb\u011bru konfigurace p\u0159es proces mont\u00e1\u017ee a\u017e po pozd\u011bj\u0161\u00ed \u0161kolen\u00ed a poprodejn\u00ed servis, aby skute\u010dn\u011b vznikl laserov\u00fd stroj na \u0159ez\u00e1n\u00ed trubek, kter\u00fd si z\u00e1kazn\u00edci mohou dovolit!<\/p>\n<p><strong>Pou\u017eiteln\u00e9 materi\u00e1ly a pr\u016fmysl:<\/strong><\/p>\n<p>Vhodn\u00e9 pro p\u0159esn\u00e9 \u0159ez\u00e1n\u00ed nerezov\u00e9 oceli, uhl\u00edkov\u00e9 oceli a n\u011bkter\u00fdch dal\u0161\u00edch kovov\u00fdch materi\u00e1l\u016f, pou\u017eiteln\u00e9 pro leteckou a kosmickou techniku, v\u00fdrobu raket, letadel, robot\u016f, v\u00fdtah\u016f, parn\u00edk\u016f a automobil\u016f a pro pr\u016fmysl zpracov\u00e1n\u00ed kovov\u00fdch d\u00edl\u016f pro kovov\u00e9 desky, reklamy, kuchy\u0148sk\u00e9 n\u00e1dob\u00ed, bitov\u00e9 n\u00e1\u0159ad\u00ed, hardware atd.<\/p>\n<table border=\"1\" width=\"662\">\n<tbody>\n<tr class=\"firstRow\">\n<td colspan=\"2\" valign=\"center\" width=\"662\"><strong>Popis a specifikace stroje na \u0159ez\u00e1n\u00ed kovov\u00fdch trubek vl\u00e1knov\u00fdm laserem:<\/strong><\/td>\n<\/tr>\n<tr>\n<td valign=\"top\" width=\"224\">Model<\/td>\n<td valign=\"top\" width=\"438\">FB6016T<\/td>\n<\/tr>\n<tr>\n<td valign=\"center\" width=\"224\">Pracovn\u00ed velikost<\/td>\n<td valign=\"center\" width=\"438\">Kulat\u00e1 trubka \u03c620-\u03c6160, d\u00e9lka strany \u010dtvercov\u00e9 trubky \u2264 100<\/p>\n<p>D\u00e9lka strany \u010dtvercov\u00e9 trubky \u2264 100, d\u00e9lka trubky \u2264 6000<\/td>\n<\/tr>\n<tr>\n<td valign=\"center\" width=\"224\">Pracovn\u00ed velikost osy X<\/td>\n<td valign=\"center\" width=\"438\">160 mm<\/td>\n<\/tr>\n<tr>\n<td valign=\"center\" width=\"224\">Pracovn\u00ed velikost osy Y<\/td>\n<td valign=\"center\" width=\"438\">6000 mm<\/td>\n<\/tr>\n<tr>\n<td valign=\"center\" width=\"224\">Pracovn\u00ed velikost osy Z<\/td>\n<td valign=\"center\" width=\"438\">120 mm<\/td>\n<\/tr>\n<tr>\n<td valign=\"center\" width=\"224\">P\u0159esnost zm\u011bny polohy<\/td>\n<td valign=\"center\" width=\"438\">+\/0,03 mm<\/td>\n<\/tr>\n<tr>\n<td valign=\"center\" width=\"224\">P\u0159esnost polohov\u00e1n\u00ed<\/td>\n<td valign=\"center\" width=\"438\">+\/-0,05 mm<\/td>\n<\/tr>\n<tr>\n<td valign=\"center\" width=\"224\">Zrychlen\u00ed<\/td>\n<td valign=\"center\" width=\"438\">1GB m\/s\u00b2<\/td>\n<\/tr>\n<tr>\n<td valign=\"center\" width=\"224\">Osa X Y Maxim\u00e1ln\u00ed rychlost chodu<\/td>\n<td valign=\"center\" width=\"438\">70 m\/min<\/td>\n<\/tr>\n<tr>\n<td valign=\"center\" width=\"224\">Maxim\u00e1ln\u00ed rychlost skl\u00ed\u010didla<\/td>\n<td valign=\"center\" width=\"438\">100 ot\/min<\/td>\n<\/tr>\n<tr>\n<td valign=\"center\" width=\"224\">D\u00e9lka materi\u00e1lu ocasu<\/td>\n<td valign=\"center\" width=\"438\">\u226590mm \uff08m\u00edrn\u011b se li\u0161\u00ed podle konkr\u00e9tn\u00ed trubky)\uff09<\/td>\n<\/tr>\n<tr>\n<td valign=\"center\" width=\"224\">Celkov\u00e1 velikost stroje<\/td>\n<td valign=\"center\" width=\"438\">8900 \u00d7 1350 \u00d7 1750 mm<\/td>\n<\/tr>\n<tr>\n<td valign=\"center\" width=\"224\">V\u00fdkon laseru<\/td>\n<td valign=\"center\" width=\"438\">1kw 1,5kw 2kw 3kw 4kw 6kw<\/td>\n<\/tr>\n<tr>\n<td valign=\"center\" width=\"224\">\u0158\u00eddic\u00ed syst\u00e9m<\/td>\n<td valign=\"center\" width=\"438\">Cyptube<\/td>\n<\/tr>\n<tr>\n<td valign=\"center\" width=\"224\">V\u00fdkon cel\u00e9ho stroje<\/td>\n<td valign=\"center\" width=\"438\">14kw<\/td>\n<\/tr>\n<tr>\n<td valign=\"center\" width=\"224\">Pracovn\u00ed v\u00fdkon<\/td>\n<td valign=\"center\" width=\"438\">AC380V 3 f\u00e1ze 50HZ<\/td>\n<\/tr>\n<tr>\n<td valign=\"center\" width=\"224\">Z\u00e1ruka<\/td>\n<td valign=\"center\" width=\"438\">2 roky<\/td>\n<\/tr>\n<\/tbody>\n<\/table>\n<p><strong>Pou\u017eit\u00ed:<\/strong><\/p>\n<p>M\u016f\u017ee \u0159ezat mnoho druh\u016f plech\u016f a trubek (lze pou\u017e\u00edt za\u0159\u00edzen\u00ed na \u0159ez\u00e1n\u00ed trubek a trubek). Je vhodn\u00fd p\u0159edev\u0161\u00edm pro rychl\u00e9 \u0159ez\u00e1n\u00ed nerezov\u00e9 oceli, uhl\u00edkov\u00e9 oceli, pozinkovan\u00e9 oceli, elektrolytick\u00e9ho plechu, mosazn\u00e9ho plechu, hlin\u00edkov\u00e9ho plechu, manganov\u00e9 oceli, r\u016fzn\u00fdch slitinov\u00fdch plech\u016f, vz\u00e1cn\u00fdch kov\u016f a dal\u0161\u00edch materi\u00e1l\u016f.<\/p>\n<p>Optick\u00fd vl\u00e1knov\u00fd laserov\u00fd \u0159ezac\u00ed stroj s integrovan\u00fdm plechem a trubkou m\u016f\u017ee \u0159ezat kovov\u00e9 plechy a kovov\u00e9 trubky. \u0160et\u0159\u00ed v\u00edce ne\u017e 50% m\u00edsta a p\u0159in\u00e1\u0161\u00ed vy\u0161\u0161\u00ed efektivitu v\u00fdroby.<\/p>\n<p>&nbsp;<\/p>","protected":false},"excerpt":{"rendered":"<p>FB6016T je ekonomick\u00fd a praktick\u00fd laserov\u00fd stroj na \u0159ez\u00e1n\u00ed trubek v kombinaci s popt\u00e1vkou na trhu a zam\u011b\u0159uje se na koncov\u00e9 u\u017eivatele d\u00e1vkov\u00e9ho zpracov\u00e1n\u00ed trubek. Tento typ stroje m\u00e1 vysok\u00fd n\u00e1kladov\u00fd v\u00fdkon. Stroj s d\u00e9lkou 6 m dok\u00e1\u017ee \u0159ezat maxim\u00e1ln\u011b 6,5 m a materi\u00e1l ocasu je minim\u00e1ln\u011b 90 mm. Je ide\u00e1ln\u00ed volbou pro podniky zpracov\u00e1vaj\u00edc\u00ed trubky. Stroj od v\u00fdb\u011bru konfigurace p\u0159es proces mont\u00e1\u017ee a\u017e po pozd\u011bj\u0161\u00ed \u0161kolen\u00ed a poprodejn\u00ed servis, aby skute\u010dn\u011b vznikl laserov\u00fd stroj na \u0159ez\u00e1n\u00ed trubek, kter\u00fd si z\u00e1kazn\u00edci mohou dovolit!<\/p>","protected":false},"featured_media":3532,"template":"","meta":{"_seopress_robots_primary_cat":"","_seopress_titles_title":"","_seopress_titles_desc":"","_seopress_robots_index":"","_uag_custom_page_level_css":"","site-sidebar-layout":"default","site-content-layout":"","ast-site-content-layout":"default","site-content-style":"default","site-sidebar-style":"default","ast-global-header-display":"","ast-banner-title-visibility":"","ast-main-header-display":"","ast-hfb-above-header-display":"","ast-hfb-below-header-display":"","ast-hfb-mobile-header-display":"","site-post-title":"","ast-breadcrumbs-content":"","ast-featured-img":"","footer-sml-layout":"","ast-disable-related-posts":"","theme-transparent-header-meta":"default","adv-header-id-meta":"","stick-header-meta":"default","header-above-stick-meta":"","header-main-stick-meta":"","header-below-stick-meta":"","astra-migrate-meta-layouts":"set","ast-page-background-enabled":"default","ast-page-background-meta":{"desktop":{"background-color":"","background-image":"","background-repeat":"repeat","background-position":"center center","background-size":"auto","background-attachment":"scroll","background-type":"","background-media":"","overlay-type":"","overlay-color":"","overlay-opacity":"","overlay-gradient":""},"tablet":{"background-color":"","background-image":"","background-repeat":"repeat","background-position":"center center","background-size":"auto","background-attachment":"scroll","background-type":"","background-media":"","overlay-type":"","overlay-color":"","overlay-opacity":"","overlay-gradient":""},"mobile":{"background-color":"","background-image":"","background-repeat":"repeat","background-position":"center center","background-size":"auto","background-attachment":"scroll","background-type":"","background-media":"","overlay-type":"","overlay-color":"","overlay-opacity":"","overlay-gradient":""}},"ast-content-background-meta":{"desktop":{"background-color":"var(--ast-global-color-5)","background-image":"","background-repeat":"repeat","background-position":"center center","background-size":"auto","background-attachment":"scroll","background-type":"","background-media":"","overlay-type":"","overlay-color":"","overlay-opacity":"","overlay-gradient":""},"tablet":{"background-color":"var(--ast-global-color-5)","background-image":"","background-repeat":"repeat","background-position":"center center","background-size":"auto","background-attachment":"scroll","background-type":"","background-media":"","overlay-type":"","overlay-color":"","overlay-opacity":"","overlay-gradient":""},"mobile":{"background-color":"var(--ast-global-color-5)","background-image":"","background-repeat":"repeat","background-position":"center center","background-size":"auto","background-attachment":"scroll","background-type":"","background-media":"","overlay-type":"","overlay-color":"","overlay-opacity":"","overlay-gradient":""}}},"product_brand":[],"product_cat":[57],"product_tag":[],"class_list":{"0":"post-3529","1":"product","2":"type-product","3":"status-publish","4":"has-post-thumbnail","6":"product_cat-fiberlaser","7":"desktop-align-left","8":"tablet-align-left","9":"mobile-align-left","10":"ast-product-gallery-layout-horizontal-slider","11":"ast-product-gallery-with-no-image","12":"ast-product-tabs-layout-horizontal","14":"first","15":"instock","16":"shipping-taxable","17":"product-type-simple"},"uagb_featured_image_src":{"full":["https:\/\/wisecnclaser.com\/wp-content\/uploads\/2025\/05\/5562c8250b37843652e09f29cb34aaf2.jpg",800,800,false],"thumbnail":["https:\/\/wisecnclaser.com\/wp-content\/uploads\/2025\/05\/5562c8250b37843652e09f29cb34aaf2-150x150.jpg",150,150,true],"medium":["https:\/\/wisecnclaser.com\/wp-content\/uploads\/2025\/05\/5562c8250b37843652e09f29cb34aaf2-300x300.jpg",300,300,true],"medium_large":["https:\/\/wisecnclaser.com\/wp-content\/uploads\/2025\/05\/5562c8250b37843652e09f29cb34aaf2-768x768.jpg",768,768,true],"large":["https:\/\/wisecnclaser.com\/wp-content\/uploads\/2025\/05\/5562c8250b37843652e09f29cb34aaf2.jpg",800,800,false],"1536x1536":["https:\/\/wisecnclaser.com\/wp-content\/uploads\/2025\/05\/5562c8250b37843652e09f29cb34aaf2.jpg",800,800,false],"2048x2048":["https:\/\/wisecnclaser.com\/wp-content\/uploads\/2025\/05\/5562c8250b37843652e09f29cb34aaf2.jpg",800,800,false],"trp-custom-language-flag":["https:\/\/wisecnclaser.com\/wp-content\/uploads\/2025\/05\/5562c8250b37843652e09f29cb34aaf2-12x12.jpg",12,12,true],"woocommerce_thumbnail":["https:\/\/wisecnclaser.com\/wp-content\/uploads\/2025\/05\/5562c8250b37843652e09f29cb34aaf2-300x300.jpg",300,300,true],"woocommerce_single":["https:\/\/wisecnclaser.com\/wp-content\/uploads\/2025\/05\/5562c8250b37843652e09f29cb34aaf2-600x600.jpg",600,600,true],"woocommerce_gallery_thumbnail":["https:\/\/wisecnclaser.com\/wp-content\/uploads\/2025\/05\/5562c8250b37843652e09f29cb34aaf2-100x100.jpg",100,100,true]},"uagb_author_info":{"display_name":"jinxing6611@gmail.com","author_link":"https:\/\/wisecnclaser.com\/cs\/author\/"},"uagb_comment_info":0,"uagb_excerpt":"FB6016T is an economical and practical laser pipe cutting machine in combination with the market demand and aiming at the end users of batch pipe processing. This type of machine has high cost performance. The 6m machine can cut 6.5m at most, and the tail material is 90mm at least. It is an ideal choice&hellip;","_links":{"self":[{"href":"https:\/\/wisecnclaser.com\/cs\/wp-json\/wp\/v2\/product\/3529","targetHints":{"allow":["GET"]}}],"collection":[{"href":"https:\/\/wisecnclaser.com\/cs\/wp-json\/wp\/v2\/product"}],"about":[{"href":"https:\/\/wisecnclaser.com\/cs\/wp-json\/wp\/v2\/types\/product"}],"wp:featuredmedia":[{"embeddable":true,"href":"https:\/\/wisecnclaser.com\/cs\/wp-json\/wp\/v2\/media\/3532"}],"wp:attachment":[{"href":"https:\/\/wisecnclaser.com\/cs\/wp-json\/wp\/v2\/media?parent=3529"}],"wp:term":[{"taxonomy":"product_brand","embeddable":true,"href":"https:\/\/wisecnclaser.com\/cs\/wp-json\/wp\/v2\/product_brand?post=3529"},{"taxonomy":"product_cat","embeddable":true,"href":"https:\/\/wisecnclaser.com\/cs\/wp-json\/wp\/v2\/product_cat?post=3529"},{"taxonomy":"product_tag","embeddable":true,"href":"https:\/\/wisecnclaser.com\/cs\/wp-json\/wp\/v2\/product_tag?post=3529"}],"curies":[{"name":"wp","href":"https:\/\/api.w.org\/{rel}","templated":true}]}}