{"id":3549,"date":"2025-05-22T23:04:11","date_gmt":"2025-05-22T23:04:11","guid":{"rendered":"https:\/\/wisecnclaser.com\/?post_type=product&#038;p=3549"},"modified":"2025-05-22T23:04:11","modified_gmt":"2025-05-22T23:04:11","slug":"four-heads-atc-nesting-cnc-router","status":"publish","type":"product","link":"https:\/\/wisecnclaser.com\/cs\/produkt\/four-heads-atc-nesting-cnc-router\/","title":{"rendered":"\u010cty\u0159i hlavy ATC Nesting CNC Router"},"content":{"rendered":"<p>\u010cty\u0159hlav\u00fd cnc fr\u00e9zovac\u00ed stroj na \u0159ez\u00e1n\u00ed d\u0159eva je vhodn\u00fd pro: panelov\u00fd n\u00e1bytek, sk\u0159\u00ed\u0148ov\u00e9 sk\u0159\u00edn\u011b, kancel\u00e1\u0159sk\u00fd n\u00e1bytek, n\u00e1bytek na zak\u00e1zku. \u0160atn\u00ed sk\u0159\u00edn\u011b, po\u010d\u00edta\u010dov\u00e9 stoly, d\u0159ev\u011bn\u00e9 reproduktory, d\u0159ev\u011bn\u00e9 kuchy\u0148sk\u00e9 n\u00e1\u010din\u00ed a dal\u0161\u00ed deskov\u00fd n\u00e1bytek rovinn\u00e9 \u0159ez\u00e1n\u00ed, fr\u00e9zov\u00e1n\u00ed, zkosen\u00ed, d\u011brov\u00e1n\u00ed, vy\u0159ez\u00e1v\u00e1n\u00ed a dal\u0161\u00ed pomocn\u00e9 zpracov\u00e1n\u00ed atd.<\/p>\n<p>\u010cty\u0159hlav\u00fd hn\u00edzd\u00edc\u00ed CNC fr\u00e9zovac\u00ed stroj je stroj na \u0159ez\u00e1n\u00ed d\u0159eva, kter\u00fd m\u016f\u017ee aktivn\u011b automaticky m\u011bnit n\u00e1stroje. \u010cty\u0159i v\u0159etena jsou instalov\u00e1na vedle sebe na port\u00e1lu stroje, rychlost v\u00fdm\u011bny n\u00e1stroj\u016f je vysok\u00e1 a v\u00fdm\u011bna n\u00e1stroje m\u016f\u017ee b\u00fdt dokon\u010dena za 8 sekund. \u010cty\u0159procesn\u00ed sk\u0159\u00ed\u0148ov\u00fd fr\u00e9zovac\u00ed stroj (sk\u0159\u00ed\u0148ov\u00fd fr\u00e9zovac\u00ed stroj) je dvou\u00fa\u010delov\u00e9 za\u0159\u00edzen\u00ed. M\u016f\u017ee b\u00fdt hn\u00edzdicovou cnc fr\u00e9zou pro zak\u00e1zkov\u00fd n\u00e1bytek a m\u016f\u017ee b\u00fdt tak\u00e9 cnc fr\u00e9zou pro vy\u0159ez\u00e1v\u00e1n\u00ed a fr\u00e9zov\u00e1n\u00ed sk\u0159\u00ed\u0148ov\u00fdch dve\u0159\u00ed.<\/p>\n<p>Cena \u010dty\u0159hlav\u00e9ho cnc stroje na \u0159ez\u00e1n\u00ed d\u0159eva je ve srovn\u00e1n\u00ed s jin\u00fdmi modely pom\u011brn\u011b p\u0159\u00edzniv\u00e1 a je velmi dobrou volbou pro n\u011bkter\u00e9 mal\u00e9 a st\u0159edn\u00ed firmy vyr\u00e1b\u011bj\u00edc\u00ed panelov\u00fd n\u00e1bytek, kter\u00e9 maj\u00ed mal\u00fd objem v\u00fdroby.<\/p>\n<p>&nbsp;<\/p>\n<table border=\"1\">\n<tbody>\n<tr class=\"firstRow\">\n<td colspan=\"2\" valign=\"center\" width=\"662\"><strong>Popis a specifikace<\/strong><strong>\u00a0\u010dty\u0159hlav\u00e9ho pneumatick\u00e9ho CNC routeru s v\u00fdm\u011bnou n\u00e1stroj\u016f\u00a0<\/strong><strong>:<\/strong><\/td>\n<\/tr>\n<tr>\n<td valign=\"top\" width=\"259\">X Pracovn\u00ed oblast<\/td>\n<td valign=\"top\" width=\"403\">1300 mm<\/td>\n<\/tr>\n<tr>\n<td valign=\"top\" width=\"259\">Y Pracovn\u00ed oblast<\/td>\n<td valign=\"top\" width=\"403\">2500 mm<\/td>\n<\/tr>\n<tr>\n<td valign=\"top\" width=\"259\">Z Pracovn\u00ed oblast<\/td>\n<td valign=\"top\" width=\"403\">200 mm<\/td>\n<\/tr>\n<tr>\n<td valign=\"top\" width=\"259\">St\u016fl stroje<\/td>\n<td valign=\"top\" width=\"403\">Vakuov\u00fd st\u016fl<\/td>\n<\/tr>\n<tr>\n<td valign=\"top\" width=\"259\">P\u0159esnost ur\u010dov\u00e1n\u00ed polohy p\u0159i cestov\u00e1n\u00ed<\/td>\n<td valign=\"top\" width=\"403\">\u00b10,05 mm<\/td>\n<\/tr>\n<tr>\n<td valign=\"top\" width=\"259\">P\u0159esnost polohov\u00e1n\u00ed<\/td>\n<td valign=\"top\" width=\"403\">\u00b10,05 mm<\/td>\n<\/tr>\n<tr>\n<td valign=\"top\" width=\"259\">X,Y,Z Struktura<\/td>\n<td valign=\"top\" width=\"403\">Ozuben\u00e9 kolo XY, kuli\u010dkov\u00fd \u0161roub Z. V\u0161echny osy pou\u017e\u00edvaj\u00ed \u010dtvercov\u00e9 vod\u00edtko zna\u010dky TBI z Tchaj-wanu.<\/td>\n<\/tr>\n<tr>\n<td valign=\"top\" width=\"259\">Max. Pracovn\u00ed rychlost<\/td>\n<td valign=\"top\" width=\"403\">25000 mm\/min<\/td>\n<\/tr>\n<tr>\n<td valign=\"top\" width=\"259\">V\u0159eteno<\/td>\n<td valign=\"top\" width=\"403\">V\u0159eteno s chlazen\u00edm vzduchem o v\u00fdkonu 4,5 kW * 2+v\u0159eteno s chlazen\u00edm vzduchem o v\u00fdkonu 6 kW *2<\/td>\n<\/tr>\n<tr>\n<td valign=\"top\" width=\"259\">Ot\u00e1\u010dky v\u0159etena<\/td>\n<td valign=\"top\" width=\"403\">0-18000 ot\/min<\/td>\n<\/tr>\n<tr>\n<td valign=\"top\" width=\"259\">Pohonn\u00fd motor<\/td>\n<td valign=\"top\" width=\"403\">\u010c\u00ednsk\u00fd servopohon a motor<\/td>\n<\/tr>\n<tr>\n<td valign=\"top\" width=\"259\">P\u0159\u00edkaz<\/td>\n<td valign=\"top\" width=\"403\">G-k\u00f3d*.u00*.mmg*.plt<\/td>\n<\/tr>\n<tr>\n<td valign=\"top\" width=\"259\">Pracovn\u00ed nap\u011bt\u00ed<\/td>\n<td valign=\"top\" width=\"403\">3PH AC380V\/50Hz<\/td>\n<\/tr>\n<tr>\n<td valign=\"top\" width=\"259\">\u0158\u00eddic\u00ed syst\u00e9m<\/td>\n<td valign=\"top\" width=\"403\">\u0158\u00eddic\u00ed syst\u00e9m Tchaj-wan nebo \u0160anghaj<\/td>\n<\/tr>\n<tr>\n<td valign=\"top\" width=\"259\">Vodic\u00ed kolejnice<\/td>\n<td valign=\"top\" width=\"403\">Tchaj-wan \u010ctvercov\u00e1 kolejnice 25 velikost\u00ed<\/td>\n<\/tr>\n<tr>\n<td valign=\"top\" width=\"259\">Ovl\u00e1dac\u00ed sk\u0159\u00ed\u0148<\/td>\n<td valign=\"top\" width=\"403\">Nez\u00e1visl\u00fd kabinet<\/td>\n<\/tr>\n<tr>\n<td rowspan=\"6\" valign=\"center\" width=\"259\">Pomocn\u00e9 za\u0159\u00edzen\u00ed<\/td>\n<td valign=\"top\" width=\"403\">Sn\u00edma\u010d n\u00e1stroj\u016f<\/td>\n<\/tr>\n<tr>\n<td valign=\"top\" width=\"403\">Odlu\u010dova\u010d prachu o v\u00fdkonu 5,5 kW<\/td>\n<\/tr>\n<tr>\n<td valign=\"top\" width=\"403\">V\u00fdsuvn\u00e9 \u010depy - za\u0159\u00edzen\u00ed pro polohov\u00e1n\u00ed v\u00e1lce<\/td>\n<\/tr>\n<tr>\n<td valign=\"top\" width=\"403\">7,5KW vodn\u00ed v\u00fdv\u011bva<\/td>\n<\/tr>\n<tr>\n<td valign=\"top\" width=\"403\">Za\u0159\u00edzen\u00ed pro pod\u00e1v\u00e1n\u00ed materi\u00e1lu<\/td>\n<\/tr>\n<tr>\n<td valign=\"top\" width=\"403\">Up\u00ednac\u00ed kole\u010dko pro lisov\u00e1n\u00ed materi\u00e1lu<\/td>\n<\/tr>\n<\/tbody>\n<\/table>","protected":false},"excerpt":{"rendered":"<p>\u010cty\u0159hlav\u00fd cnc fr\u00e9zovac\u00ed stroj na \u0159ez\u00e1n\u00ed d\u0159eva je vhodn\u00fd pro: panelov\u00fd n\u00e1bytek, sk\u0159\u00ed\u0148ov\u00e9 sk\u0159\u00edn\u011b, kancel\u00e1\u0159sk\u00fd n\u00e1bytek, n\u00e1bytek na zak\u00e1zku. \u0160atn\u00ed sk\u0159\u00edn\u011b, po\u010d\u00edta\u010dov\u00e9 stoly, d\u0159ev\u011bn\u00e9 reproduktory, d\u0159ev\u011bn\u00e9 kuchy\u0148sk\u00e9 n\u00e1\u010din\u00ed a dal\u0161\u00ed deskov\u00fd n\u00e1bytek rovinn\u00e9 \u0159ez\u00e1n\u00ed, fr\u00e9zov\u00e1n\u00ed, zkosen\u00ed, d\u011brov\u00e1n\u00ed, vy\u0159ez\u00e1v\u00e1n\u00ed a dal\u0161\u00ed pomocn\u00e9 zpracov\u00e1n\u00ed atd.<\/p>\n<p>Four heads nesting cnc router machine is a wood cutting machine that can actively change tools automatically. Four spindles are installed side by side on machine gantry, The tool change speed is fast, and the tool change can be completed in 8 seconds. The four-process wardrobe cutting machine (cabinet cutting machine) is a dual-purpose equipment. It can be nesting cnc router for custom furniture, and it can also be a cnc router for cabinet door carving and milling.<\/p>\n<p>Cena \u010dty\u0159hlav\u00e9ho cnc stroje na \u0159ez\u00e1n\u00ed d\u0159eva je ve srovn\u00e1n\u00ed s jin\u00fdmi modely pom\u011brn\u011b p\u0159\u00edzniv\u00e1 a je velmi dobrou volbou pro n\u011bkter\u00e9 mal\u00e9 a st\u0159edn\u00ed firmy vyr\u00e1b\u011bj\u00edc\u00ed panelov\u00fd n\u00e1bytek, kter\u00e9 maj\u00ed mal\u00fd objem v\u00fdroby.<\/p>","protected":false},"featured_media":3552,"template":"","meta":{"_seopress_robots_primary_cat":"","_seopress_titles_title":"","_seopress_titles_desc":"","_seopress_robots_index":"","_uag_custom_page_level_css":"","site-sidebar-layout":"default","site-content-layout":"","ast-site-content-layout":"default","site-content-style":"default","site-sidebar-style":"default","ast-global-header-display":"","ast-banner-title-visibility":"","ast-main-header-display":"","ast-hfb-above-header-display":"","ast-hfb-below-header-display":"","ast-hfb-mobile-header-display":"","site-post-title":"","ast-breadcrumbs-content":"","ast-featured-img":"","footer-sml-layout":"","ast-disable-related-posts":"","theme-transparent-header-meta":"default","adv-header-id-meta":"","stick-header-meta":"default","header-above-stick-meta":"","header-main-stick-meta":"","header-below-stick-meta":"","astra-migrate-meta-layouts":"set","ast-page-background-enabled":"default","ast-page-background-meta":{"desktop":{"background-color":"","background-image":"","background-repeat":"repeat","background-position":"center center","background-size":"auto","background-attachment":"scroll","background-type":"","background-media":"","overlay-type":"","overlay-color":"","overlay-opacity":"","overlay-gradient":""},"tablet":{"background-color":"","background-image":"","background-repeat":"repeat","background-position":"center center","background-size":"auto","background-attachment":"scroll","background-type":"","background-media":"","overlay-type":"","overlay-color":"","overlay-opacity":"","overlay-gradient":""},"mobile":{"background-color":"","background-image":"","background-repeat":"repeat","background-position":"center center","background-size":"auto","background-attachment":"scroll","background-type":"","background-media":"","overlay-type":"","overlay-color":"","overlay-opacity":"","overlay-gradient":""}},"ast-content-background-meta":{"desktop":{"background-color":"var(--ast-global-color-5)","background-image":"","background-repeat":"repeat","background-position":"center center","background-size":"auto","background-attachment":"scroll","background-type":"","background-media":"","overlay-type":"","overlay-color":"","overlay-opacity":"","overlay-gradient":""},"tablet":{"background-color":"var(--ast-global-color-5)","background-image":"","background-repeat":"repeat","background-position":"center center","background-size":"auto","background-attachment":"scroll","background-type":"","background-media":"","overlay-type":"","overlay-color":"","overlay-opacity":"","overlay-gradient":""},"mobile":{"background-color":"var(--ast-global-color-5)","background-image":"","background-repeat":"repeat","background-position":"center center","background-size":"auto","background-attachment":"scroll","background-type":"","background-media":"","overlay-type":"","overlay-color":"","overlay-opacity":"","overlay-gradient":""}}},"product_brand":[],"product_cat":[34],"product_tag":[],"class_list":{"0":"post-3549","1":"product","2":"type-product","3":"status-publish","4":"has-post-thumbnail","6":"product_cat-nesting","7":"desktop-align-left","8":"tablet-align-left","9":"mobile-align-left","10":"ast-product-gallery-layout-horizontal-slider","11":"ast-product-tabs-layout-horizontal","13":"first","14":"instock","15":"shipping-taxable","16":"product-type-simple"},"uagb_featured_image_src":{"full":["https:\/\/wisecnclaser.com\/wp-content\/uploads\/2025\/05\/dc9666ec36de9e9f1d816c309fb0cbe1.jpg",800,800,false],"thumbnail":["https:\/\/wisecnclaser.com\/wp-content\/uploads\/2025\/05\/dc9666ec36de9e9f1d816c309fb0cbe1-150x150.jpg",150,150,true],"medium":["https:\/\/wisecnclaser.com\/wp-content\/uploads\/2025\/05\/dc9666ec36de9e9f1d816c309fb0cbe1-300x300.jpg",300,300,true],"medium_large":["https:\/\/wisecnclaser.com\/wp-content\/uploads\/2025\/05\/dc9666ec36de9e9f1d816c309fb0cbe1-768x768.jpg",768,768,true],"large":["https:\/\/wisecnclaser.com\/wp-content\/uploads\/2025\/05\/dc9666ec36de9e9f1d816c309fb0cbe1.jpg",800,800,false],"1536x1536":["https:\/\/wisecnclaser.com\/wp-content\/uploads\/2025\/05\/dc9666ec36de9e9f1d816c309fb0cbe1.jpg",800,800,false],"2048x2048":["https:\/\/wisecnclaser.com\/wp-content\/uploads\/2025\/05\/dc9666ec36de9e9f1d816c309fb0cbe1.jpg",800,800,false],"trp-custom-language-flag":["https:\/\/wisecnclaser.com\/wp-content\/uploads\/2025\/05\/dc9666ec36de9e9f1d816c309fb0cbe1-12x12.jpg",12,12,true],"woocommerce_thumbnail":["https:\/\/wisecnclaser.com\/wp-content\/uploads\/2025\/05\/dc9666ec36de9e9f1d816c309fb0cbe1-300x300.jpg",300,300,true],"woocommerce_single":["https:\/\/wisecnclaser.com\/wp-content\/uploads\/2025\/05\/dc9666ec36de9e9f1d816c309fb0cbe1-600x600.jpg",600,600,true],"woocommerce_gallery_thumbnail":["https:\/\/wisecnclaser.com\/wp-content\/uploads\/2025\/05\/dc9666ec36de9e9f1d816c309fb0cbe1-100x100.jpg",100,100,true]},"uagb_author_info":{"display_name":"jinxing6611@gmail.com","author_link":"https:\/\/wisecnclaser.com\/cs\/author\/"},"uagb_comment_info":0,"uagb_excerpt":"The four heads wood cutting cnc router machine is suitable for: panel furniture, cabinet wardrobe, office furniture, custom furniture. Wardrobe cabinets, computer desks, wooden speakers, wooden kitchen utensils and other board furniture plane cutting, milling, beveling, punching, carving and other auxiliary processing, etc. Four heads nesting cnc router machine is a wood cutting machine that&hellip;","_links":{"self":[{"href":"https:\/\/wisecnclaser.com\/cs\/wp-json\/wp\/v2\/product\/3549","targetHints":{"allow":["GET"]}}],"collection":[{"href":"https:\/\/wisecnclaser.com\/cs\/wp-json\/wp\/v2\/product"}],"about":[{"href":"https:\/\/wisecnclaser.com\/cs\/wp-json\/wp\/v2\/types\/product"}],"wp:featuredmedia":[{"embeddable":true,"href":"https:\/\/wisecnclaser.com\/cs\/wp-json\/wp\/v2\/media\/3552"}],"wp:attachment":[{"href":"https:\/\/wisecnclaser.com\/cs\/wp-json\/wp\/v2\/media?parent=3549"}],"wp:term":[{"taxonomy":"product_brand","embeddable":true,"href":"https:\/\/wisecnclaser.com\/cs\/wp-json\/wp\/v2\/product_brand?post=3549"},{"taxonomy":"product_cat","embeddable":true,"href":"https:\/\/wisecnclaser.com\/cs\/wp-json\/wp\/v2\/product_cat?post=3549"},{"taxonomy":"product_tag","embeddable":true,"href":"https:\/\/wisecnclaser.com\/cs\/wp-json\/wp\/v2\/product_tag?post=3549"}],"curies":[{"name":"wp","href":"https:\/\/api.w.org\/{rel}","templated":true}]}}