{"id":3556,"date":"2025-05-22T23:06:21","date_gmt":"2025-05-22T23:06:21","guid":{"rendered":"https:\/\/wisecnclaser.com\/?post_type=product&#038;p=3556"},"modified":"2025-05-22T23:06:21","modified_gmt":"2025-05-22T23:06:21","slug":"linear-atc-nesting-cnc-router","status":"publish","type":"product","link":"https:\/\/wisecnclaser.com\/cs\/produkt\/linear-atc-nesting-cnc-router\/","title":{"rendered":"Line\u00e1rn\u00ed CNC fr\u00e9za ATC"},"content":{"rendered":"<p><strong>Vlastnosti:<\/strong><\/p>\n<p>1. Cel\u00e9 t\u011blo stroje je vyrobeno z oceli beze\u0161v\u00e9 sva\u0159ov\u00e1n\u00ed popou\u0161t\u011bn\u00ed st\u00e1rnut\u00ed o\u0161et\u0159en\u00ed, tuh\u00e9, bez deformace.<\/p>\n<p>2. Servomotor, vysok\u00e1 p\u0159esnost a rychlost.<\/p>\n<p>3. Tchaj-wan 25 \u010dtvercov\u00fdch kolejnic, hladk\u00fd chod, vysok\u00e1 p\u0159esnost, dlouh\u00e1 \u017eivotnost.<\/p>\n<p>4. HQD 9KW vzduchem chlazen\u00e9 v\u0159eteno, dlouh\u00e1 \u017eivotnost, rychlost a\u017e 18000 ot\u00e1\u010dek za minutu, vy\u0159ez\u00e1van\u00fd hladk\u00fd povrch.<\/p>\n<p>5. Velk\u00fd vybaven\u00fd samostatnou sk\u0159\u00edn\u00ed, rozd\u011blen\u00e1 kl\u00e1vesnice, rozd\u011blen\u00e1 kl\u00e1vesnice, jednoduch\u00e1 a pohodln\u00e1, snadno se u\u010d\u00ed.<\/p>\n<p>6. D\u00edky vakuov\u00e9mu syst\u00e9mu lze v procesu zpracov\u00e1n\u00ed d\u0159evn\u00ed \u0161t\u011bpky a \u00falomk\u016f nas\u00e1vat vakuov\u00fd syst\u00e9m, aby se st\u016fl udr\u017eel \u010dist\u00fd a za\u0159\u00edzen\u00ed se nep\u0159\u00edmo udr\u017eovalo.<\/p>\n<p><strong>\u00a0<\/strong><\/p>\n<p><strong>Pou\u017eit\u00ed:<\/strong><\/p>\n<p>Vhodn\u00e9 pro truhl\u00e1\u0159stv\u00ed, d\u0159ev\u011bn\u00e9 dve\u0159e, n\u00e1bytek, sk\u0159\u00edn\u011b, formy, panelov\u00fd n\u00e1bytek atd.<\/p>\n<p>&nbsp;<\/p>\n<table border=\"1\" width=\"662\">\n<tbody>\n<tr class=\"firstRow\">\n<td colspan=\"2\" valign=\"center\" width=\"662\"><strong>Popis a specifikace ATC CNC Router:<\/strong><\/td>\n<\/tr>\n<tr>\n<td valign=\"top\" width=\"331\">Model<\/td>\n<td valign=\"top\" width=\"331\">WS1325H<\/td>\n<\/tr>\n<tr>\n<td valign=\"top\" width=\"331\">X Pracovn\u00ed oblast<\/td>\n<td valign=\"top\" width=\"331\">1300 mm<\/td>\n<\/tr>\n<tr>\n<td valign=\"top\" width=\"331\">Y Pracovn\u00ed oblast<\/td>\n<td valign=\"top\" width=\"331\">2500 mm<\/td>\n<\/tr>\n<tr>\n<td valign=\"top\" width=\"331\">Z Pracovn\u00ed oblast<\/td>\n<td valign=\"top\" width=\"331\">200 mm<\/td>\n<\/tr>\n<tr>\n<td valign=\"top\" width=\"331\">St\u016fl stroje<\/td>\n<td valign=\"top\" width=\"331\">vakuov\u00fd st\u016fl<\/td>\n<\/tr>\n<tr>\n<td valign=\"top\" width=\"331\">P\u0159esnost ur\u010dov\u00e1n\u00ed polohy p\u0159i cestov\u00e1n\u00ed<\/td>\n<td valign=\"top\" width=\"331\">\u00b10,05 mm<\/td>\n<\/tr>\n<tr>\n<td valign=\"top\" width=\"331\">P\u0159esnost polohov\u00e1n\u00ed<\/td>\n<td valign=\"top\" width=\"331\">\u00b10,05 mm<\/td>\n<\/tr>\n<tr>\n<td valign=\"top\" width=\"331\">X,Y,Z Struktura<\/td>\n<td valign=\"top\" width=\"331\">Ozuben\u00e9 kolo XY, kuli\u010dkov\u00fd \u0161roub Z. V\u0161echny osy pou\u017e\u00edvaj\u00ed \u010dtvercov\u00e9 veden\u00ed<\/td>\n<\/tr>\n<tr>\n<td valign=\"top\" width=\"331\">N\u00c1STROJE ATC<\/td>\n<td valign=\"top\" width=\"331\">12 N\u00c1STROJ\u016e v \u0159ad\u011b<\/td>\n<\/tr>\n<tr>\n<td valign=\"top\" width=\"331\">Max. Rychlost rychl\u00e9 j\u00edzdy<\/td>\n<td valign=\"top\" width=\"331\">50000 mm\/min<\/td>\n<\/tr>\n<tr>\n<td valign=\"top\" width=\"331\">Max. Pracovn\u00ed rychlost<\/td>\n<td valign=\"top\" width=\"331\">25000 mm\/min<\/td>\n<\/tr>\n<tr>\n<td valign=\"top\" width=\"331\">V\u0159eteno<\/td>\n<td valign=\"top\" width=\"331\">9KW HQD ATC v\u0159eteno<\/td>\n<\/tr>\n<tr>\n<td valign=\"top\" width=\"331\">Ot\u00e1\u010dky v\u0159etena<\/td>\n<td valign=\"top\" width=\"331\">0-18000 ot\/min<\/td>\n<\/tr>\n<tr>\n<td valign=\"top\" width=\"331\">Pohonn\u00fd motor<\/td>\n<td valign=\"top\" width=\"331\">\u010c\u00ednsk\u00e9 servo<\/td>\n<\/tr>\n<tr>\n<td valign=\"top\" width=\"331\">P\u0159\u00edkaz<\/td>\n<td valign=\"top\" width=\"331\">G-k\u00f3d*.u00*.mmg*.plt<\/td>\n<\/tr>\n<tr>\n<td valign=\"top\" width=\"331\">Pracovn\u00ed nap\u011bt\u00ed<\/td>\n<td valign=\"top\" width=\"331\">3PH AC380V\/50Hz<\/td>\n<\/tr>\n<tr>\n<td valign=\"top\" width=\"331\">\u0158\u00eddic\u00ed syst\u00e9m<\/td>\n<td valign=\"top\" width=\"331\">\u0158\u00eddic\u00ed syst\u00e9m Taiwan nebo Ncstudio<\/td>\n<\/tr>\n<tr>\n<td valign=\"top\" width=\"331\">Vodic\u00ed kolejnice<\/td>\n<td valign=\"top\" width=\"331\">Tchaj-wan 25 \u010dtvercov\u00fdch kolejnic<\/td>\n<\/tr>\n<tr>\n<td valign=\"top\" width=\"331\">Ovl\u00e1dac\u00ed sk\u0159\u00ed\u0148<\/td>\n<td valign=\"top\" width=\"331\">dotykov\u00e1 sk\u0159\u00ed\u0148ka s obrazovkou<\/td>\n<\/tr>\n<tr>\n<td valign=\"top\" width=\"331\">Mazac\u00ed syst\u00e9m<\/td>\n<td valign=\"top\" width=\"331\">Automatick\u00fd mazac\u00ed syst\u00e9m<\/td>\n<\/tr>\n<tr>\n<td valign=\"top\" width=\"331\">Pomocn\u00e9 za\u0159\u00edzen\u00ed<\/td>\n<td valign=\"top\" width=\"331\">V\u00fdsuvn\u00e9 \u010depy - k upevn\u011bn\u00ed materi\u00e1lu na spr\u00e1vn\u00e9 m\u00edsto , sn\u00edma\u010d n\u00e1stroje ke kalibraci stejn\u00e9 v\u00fd\u0161ky osy Z ka\u017ed\u00e9ho n\u00e1stroje, 3kw vysava\u010d prachu , vakuov\u00e1 pumpa.<\/td>\n<\/tr>\n<\/tbody>\n<\/table>\n<p>&nbsp;<\/p>\n<div style=\"width: 960px;\" class=\"wp-video\"><video class=\"wp-video-shortcode\" id=\"video-3556-1\" width=\"960\" height=\"544\" preload=\"metadata\" controls=\"controls\"><source type=\"video\/mp4\" src=\"https:\/\/wisecnclaser.com\/wp-content\/uploads\/2025\/05\/1618799247906342.mp4?_=1\" \/><a href=\"https:\/\/wisecnclaser.com\/wp-content\/uploads\/2025\/05\/1618799247906342.mp4\">https:\/\/wisecnclaser.com\/wp-content\/uploads\/2025\/05\/1618799247906342.mp4<\/a><\/video><\/div>","protected":false},"excerpt":{"rendered":"<p>This wood cutting milling machine is specially developed for the door milling and panel furniture cutting.<\/p>\n<p>The automatic tool changer is equipped with a tool magazine. The tool magazine is generally 12 tools and can be loaded with 12 different tools. Any complex pattern can be completed, Especially the cabinet doors have more patterns, which need more than four tools. It is suitable for panel furniture, cabinet doors, office furniture, custom furniture, door industry and other industries.<\/p>\n<p>Applicable board: multi-layer board, particle board, ecological board, density board, wave board and other boards.<\/p>","protected":false},"featured_media":3559,"template":"","meta":{"_seopress_robots_primary_cat":"","_seopress_titles_title":"","_seopress_titles_desc":"","_seopress_robots_index":"","_uag_custom_page_level_css":"","site-sidebar-layout":"default","site-content-layout":"","ast-site-content-layout":"default","site-content-style":"default","site-sidebar-style":"default","ast-global-header-display":"","ast-banner-title-visibility":"","ast-main-header-display":"","ast-hfb-above-header-display":"","ast-hfb-below-header-display":"","ast-hfb-mobile-header-display":"","site-post-title":"","ast-breadcrumbs-content":"","ast-featured-img":"","footer-sml-layout":"","ast-disable-related-posts":"","theme-transparent-header-meta":"default","adv-header-id-meta":"","stick-header-meta":"default","header-above-stick-meta":"","header-main-stick-meta":"","header-below-stick-meta":"","astra-migrate-meta-layouts":"set","ast-page-background-enabled":"default","ast-page-background-meta":{"desktop":{"background-color":"","background-image":"","background-repeat":"repeat","background-position":"center center","background-size":"auto","background-attachment":"scroll","background-type":"","background-media":"","overlay-type":"","overlay-color":"","overlay-opacity":"","overlay-gradient":""},"tablet":{"background-color":"","background-image":"","background-repeat":"repeat","background-position":"center center","background-size":"auto","background-attachment":"scroll","background-type":"","background-media":"","overlay-type":"","overlay-color":"","overlay-opacity":"","overlay-gradient":""},"mobile":{"background-color":"","background-image":"","background-repeat":"repeat","background-position":"center center","background-size":"auto","background-attachment":"scroll","background-type":"","background-media":"","overlay-type":"","overlay-color":"","overlay-opacity":"","overlay-gradient":""}},"ast-content-background-meta":{"desktop":{"background-color":"var(--ast-global-color-5)","background-image":"","background-repeat":"repeat","background-position":"center center","background-size":"auto","background-attachment":"scroll","background-type":"","background-media":"","overlay-type":"","overlay-color":"","overlay-opacity":"","overlay-gradient":""},"tablet":{"background-color":"var(--ast-global-color-5)","background-image":"","background-repeat":"repeat","background-position":"center center","background-size":"auto","background-attachment":"scroll","background-type":"","background-media":"","overlay-type":"","overlay-color":"","overlay-opacity":"","overlay-gradient":""},"mobile":{"background-color":"var(--ast-global-color-5)","background-image":"","background-repeat":"repeat","background-position":"center center","background-size":"auto","background-attachment":"scroll","background-type":"","background-media":"","overlay-type":"","overlay-color":"","overlay-opacity":"","overlay-gradient":""}}},"product_brand":[],"product_cat":[34],"product_tag":[],"class_list":{"0":"post-3556","1":"product","2":"type-product","3":"status-publish","4":"has-post-thumbnail","6":"product_cat-nesting","7":"desktop-align-left","8":"tablet-align-left","9":"mobile-align-left","10":"ast-product-gallery-layout-horizontal-slider","11":"ast-product-gallery-with-no-image","12":"ast-product-tabs-layout-horizontal","14":"first","15":"instock","16":"shipping-taxable","17":"product-type-simple"},"uagb_featured_image_src":{"full":["https:\/\/wisecnclaser.com\/wp-content\/uploads\/2025\/05\/4161c18925d2e856cbb344b5afdaf8f9.jpg",800,800,false],"thumbnail":["https:\/\/wisecnclaser.com\/wp-content\/uploads\/2025\/05\/4161c18925d2e856cbb344b5afdaf8f9-150x150.jpg",150,150,true],"medium":["https:\/\/wisecnclaser.com\/wp-content\/uploads\/2025\/05\/4161c18925d2e856cbb344b5afdaf8f9-300x300.jpg",300,300,true],"medium_large":["https:\/\/wisecnclaser.com\/wp-content\/uploads\/2025\/05\/4161c18925d2e856cbb344b5afdaf8f9-768x768.jpg",768,768,true],"large":["https:\/\/wisecnclaser.com\/wp-content\/uploads\/2025\/05\/4161c18925d2e856cbb344b5afdaf8f9.jpg",800,800,false],"1536x1536":["https:\/\/wisecnclaser.com\/wp-content\/uploads\/2025\/05\/4161c18925d2e856cbb344b5afdaf8f9.jpg",800,800,false],"2048x2048":["https:\/\/wisecnclaser.com\/wp-content\/uploads\/2025\/05\/4161c18925d2e856cbb344b5afdaf8f9.jpg",800,800,false],"trp-custom-language-flag":["https:\/\/wisecnclaser.com\/wp-content\/uploads\/2025\/05\/4161c18925d2e856cbb344b5afdaf8f9-12x12.jpg",12,12,true],"woocommerce_thumbnail":["https:\/\/wisecnclaser.com\/wp-content\/uploads\/2025\/05\/4161c18925d2e856cbb344b5afdaf8f9-300x300.jpg",300,300,true],"woocommerce_single":["https:\/\/wisecnclaser.com\/wp-content\/uploads\/2025\/05\/4161c18925d2e856cbb344b5afdaf8f9-600x600.jpg",600,600,true],"woocommerce_gallery_thumbnail":["https:\/\/wisecnclaser.com\/wp-content\/uploads\/2025\/05\/4161c18925d2e856cbb344b5afdaf8f9-100x100.jpg",100,100,true]},"uagb_author_info":{"display_name":"jinxing6611@gmail.com","author_link":"https:\/\/wisecnclaser.com\/cs\/author\/"},"uagb_comment_info":0,"uagb_excerpt":"This wood cutting milling machine is specially developed for the door milling and panel furniture cutting. The automatic tool changer is equipped with a tool magazine. The tool magazine is generally 12 tools and can be loaded with 12 different tools. Any complex pattern can be completed, Especially the cabinet doors have more patterns, which&hellip;","_links":{"self":[{"href":"https:\/\/wisecnclaser.com\/cs\/wp-json\/wp\/v2\/product\/3556","targetHints":{"allow":["GET"]}}],"collection":[{"href":"https:\/\/wisecnclaser.com\/cs\/wp-json\/wp\/v2\/product"}],"about":[{"href":"https:\/\/wisecnclaser.com\/cs\/wp-json\/wp\/v2\/types\/product"}],"wp:featuredmedia":[{"embeddable":true,"href":"https:\/\/wisecnclaser.com\/cs\/wp-json\/wp\/v2\/media\/3559"}],"wp:attachment":[{"href":"https:\/\/wisecnclaser.com\/cs\/wp-json\/wp\/v2\/media?parent=3556"}],"wp:term":[{"taxonomy":"product_brand","embeddable":true,"href":"https:\/\/wisecnclaser.com\/cs\/wp-json\/wp\/v2\/product_brand?post=3556"},{"taxonomy":"product_cat","embeddable":true,"href":"https:\/\/wisecnclaser.com\/cs\/wp-json\/wp\/v2\/product_cat?post=3556"},{"taxonomy":"product_tag","embeddable":true,"href":"https:\/\/wisecnclaser.com\/cs\/wp-json\/wp\/v2\/product_tag?post=3556"}],"curies":[{"name":"wp","href":"https:\/\/api.w.org\/{rel}","templated":true}]}}