{"id":3569,"date":"2025-05-22T23:11:23","date_gmt":"2025-05-22T23:11:23","guid":{"rendered":"https:\/\/wisecnclaser.com\/?post_type=product&#038;p=3569"},"modified":"2025-05-22T23:11:23","modified_gmt":"2025-05-22T23:11:23","slug":"advanced-sliding-table-saw-with-auto-lifting","status":"publish","type":"product","link":"https:\/\/wisecnclaser.com\/cs\/produkt\/advanced-sliding-table-saw-with-auto-lifting\/","title":{"rendered":"Pokro\u010dil\u00e1 posuvn\u00e1 stolov\u00e1 pila s automatick\u00fdm zved\u00e1n\u00edm"},"content":{"rendered":"<p><strong>Vlastnosti pokro\u010dil\u00e9 panelov\u00e9 pily:<\/strong><\/p>\n<p>1.European krok za krokem z\u00e1mek, dvouvrstv\u00e1 zes\u00edlen\u00e1 kulat\u00e1 ty\u010d chromovan\u00e1 vodic\u00ed li\u0161ta, vysokotlak\u00e9 lo\u017eisko, p\u0159esn\u011bj\u0161\u00ed \u0159ezn\u00e1 deska, zlep\u0161en\u00ed \u017eivotnosti a p\u0159esnosti cel\u00e9ho stroje. Vysokopevnostn\u00ed vytla\u010dovac\u00ed push-pull dvouvrstv\u00e1 roz\u0161\u00ed\u0159en\u00e1 vnit\u0159n\u00ed vodic\u00ed konstrukce kulat\u00e9 ty\u010de zlep\u0161uje stabilitu a p\u0159esnost cel\u00e9ho stroje.<\/p>\n<p>2. Velk\u00e1 Evropa z\u00e1vis\u00ed na vl\u00e1dci, je stabiln\u00ed a neposouv\u00e1 se.<\/p>\n<p>Vysoce v\u00fdkonn\u00fd motor z \u010dist\u00e9 m\u011bdi, v\u00fdkon hlavn\u00ed pily 5,5 kW, mal\u00e1 pila 1,1 kW, siln\u00fd v\u00fdkon a dlouh\u00e1 \u017eivotnost.<\/p>\n<p>3. Dvojit\u00e1 konstrukce pilov\u00e9ho kotou\u010de, jasn\u00e1 d\u011blba pr\u00e1ce, \u0159ez\u00e1n\u00ed a r\u00fdhov\u00e1n\u00ed mal\u00fdch rozm\u011br\u016f, \u0159ez\u00e1n\u00ed a otev\u00edr\u00e1n\u00ed velk\u00fdch rozm\u011br\u016f, eliminace desek, ot\u0159ep\u016f a t\u0159\u00edsek.<\/p>\n<p>4. Nedeformovan\u00e1 litinov\u00e1 deska.<\/p>\n<p>5. Samonakl\u00e1dac\u00ed olejni\u010dka, ru\u010dn\u00ed pln\u011bn\u00ed oleje, maz\u00e1n\u00ed vnit\u0159n\u00ed struktury stroje, snadn\u00e1 \u00fadr\u017eba.<\/p>\n<p><strong>Technick\u00fd parametr:<\/strong><\/p>\n<table border=\"1\">\n<tbody>\n<tr class=\"firstRow\">\n<td valign=\"top\" width=\"280\">Rozm\u011bry posuvn\u00e9ho stolu<\/td>\n<td valign=\"top\" width=\"362\">2800*375 mm a 3000*375 mm a 3200*375 mm<\/td>\n<\/tr>\n<tr>\n<td valign=\"top\" width=\"280\">Maxim\u00e1ln\u00ed \u0159ezn\u00fd v\u00fdkon<\/td>\n<td valign=\"top\" width=\"362\">2800 mm a 3000 mm a 3200 mm<\/td>\n<\/tr>\n<tr>\n<td valign=\"top\" width=\"280\">Maxim\u00e1ln\u00ed \u0161\u00ed\u0159ka \u0159ezu (\u0160\u00ed\u0159ka \u0159ezu mezi pilov\u00fdm kotou\u010dem a pod\u00e9ln\u00fdm plotem)<\/td>\n<td valign=\"top\" width=\"362\">1250 mm<\/td>\n<\/tr>\n<tr>\n<td valign=\"top\" width=\"280\">Pr\u016fm\u011br pilov\u00e9ho kotou\u010de<\/td>\n<td valign=\"top\" width=\"362\">300 mm<\/td>\n<\/tr>\n<tr>\n<td valign=\"top\" width=\"280\">Maxim\u00e1ln\u00ed tlou\u0161\u0165ka \u0159ezu<\/td>\n<td valign=\"top\" width=\"362\">75 mm<\/td>\n<\/tr>\n<tr>\n<td valign=\"top\" width=\"280\">Ot\u00e1\u010dky hlavn\u00edho v\u0159etena pily<\/td>\n<td valign=\"top\" width=\"362\">4000\/6000\/min<\/td>\n<\/tr>\n<tr>\n<td valign=\"top\" width=\"280\">Pr\u016fm\u011br hlavn\u00edho v\u0159etena pily<\/td>\n<td valign=\"top\" width=\"362\">30 mm<\/td>\n<\/tr>\n<tr>\n<td valign=\"top\" width=\"280\"><strong>V\u00fdkon hlavn\u00ed pily<\/strong><\/td>\n<td valign=\"top\" width=\"362\"><strong>5,5 KW<\/strong><\/td>\n<\/tr>\n<tr>\n<td valign=\"top\" width=\"280\">Pr\u016fm\u011br pilov\u00e9ho kotou\u010de<\/td>\n<td valign=\"top\" width=\"362\">120 mm<\/td>\n<\/tr>\n<tr>\n<td valign=\"top\" width=\"280\">Rychlost pilov\u00e9ho kotou\u010de<\/td>\n<td valign=\"top\" width=\"362\">8000<\/td>\n<\/tr>\n<tr>\n<td valign=\"top\" width=\"280\">Pr\u016fm\u011br sekund\u00e1rn\u00ed pily<\/td>\n<td valign=\"top\" width=\"362\">120 mm<\/td>\n<\/tr>\n<tr>\n<td valign=\"top\" width=\"280\">Ot\u00e1\u010dky sekund\u00e1rn\u00edho v\u0159etena pily<\/td>\n<td valign=\"top\" width=\"362\">8000\/min<\/td>\n<\/tr>\n<tr>\n<td valign=\"top\" width=\"280\"><strong>sekund\u00e1rn\u00ed bodovac\u00ed motor<\/strong><\/td>\n<td valign=\"top\" width=\"362\"><strong>1,1 KW<\/strong><\/td>\n<\/tr>\n<tr>\n<td valign=\"top\" width=\"280\">Nakl\u00e1p\u011bc\u00ed pilov\u00fd kotou\u010d<\/td>\n<td valign=\"top\" width=\"362\">0-45 stup\u0148\u016f<\/td>\n<\/tr>\n<tr>\n<td valign=\"top\" width=\"280\">\u010cist\u00e1 hmotnost<\/td>\n<td valign=\"top\" width=\"362\">650 kg<\/td>\n<\/tr>\n<tr>\n<td valign=\"top\" width=\"280\">Celkov\u00e1 velikost stroje<\/td>\n<td valign=\"top\" width=\"362\">2800*2600*950 mm<\/td>\n<\/tr>\n<tr>\n<td valign=\"top\" width=\"280\">Velikost balen\u00ed stroje<\/td>\n<td valign=\"top\" width=\"362\">2800*1100*950 mm<\/td>\n<\/tr>\n<tr>\n<td valign=\"top\" width=\"280\">Power<\/td>\n<td valign=\"top\" width=\"362\">380V\/220V<\/td>\n<\/tr>\n<tr>\n<td valign=\"top\" width=\"280\">Pomocn\u00e9 d\u00edly nebo p\u0159\u00edslu\u0161enstv\u00ed<\/td>\n<td valign=\"top\" width=\"362\">Bezpe\u010dnostn\u00ed maska, \u00fahlov\u00e9 prav\u00edtko, \u0159ezac\u00ed pila 1 sada<\/td>\n<\/tr>\n<\/tbody>\n<\/table>\n<p>&nbsp;<\/p>","protected":false},"excerpt":{"rendered":"<p>Vlastnosti pokro\u010dil\u00e9 panelov\u00e9 pily:\u00a0<\/p>\n<p>1.European krok za krokem z\u00e1mek, dvouvrstv\u00e1 zes\u00edlen\u00e1 kulat\u00e1 ty\u010d chromovan\u00e1 vodic\u00ed li\u0161ta, vysokotlak\u00e9 lo\u017eisko, p\u0159esn\u011bj\u0161\u00ed \u0159ezn\u00e1 deska, zlep\u0161en\u00ed \u017eivotnosti a p\u0159esnosti cel\u00e9ho stroje. Vysokopevnostn\u00ed vytla\u010dovac\u00ed push-pull dvouvrstv\u00e1 roz\u0161\u00ed\u0159en\u00e1 vnit\u0159n\u00ed vodic\u00ed konstrukce kulat\u00e9 ty\u010de zlep\u0161uje stabilitu a p\u0159esnost cel\u00e9ho stroje.<\/p>\n<p>2. Velk\u00e1 Evropa z\u00e1vis\u00ed na vl\u00e1dci, je stabiln\u00ed a neposouv\u00e1 se.<\/p>\n<p>Vysoce v\u00fdkonn\u00fd motor z \u010dist\u00e9 m\u011bdi, v\u00fdkon hlavn\u00ed pily 5,5 kW, mal\u00e1 pila 1,1 kW, siln\u00fd v\u00fdkon a dlouh\u00e1 \u017eivotnost.<\/p>\n<p>3. Dvojit\u00e1 konstrukce pilov\u00e9ho kotou\u010de, jasn\u00e1 d\u011blba pr\u00e1ce, \u0159ez\u00e1n\u00ed a r\u00fdhov\u00e1n\u00ed mal\u00fdch rozm\u011br\u016f, \u0159ez\u00e1n\u00ed a otev\u00edr\u00e1n\u00ed velk\u00fdch rozm\u011br\u016f, eliminace desek, ot\u0159ep\u016f a t\u0159\u00edsek.<\/p>\n<p>4. Nedeformovan\u00e1 litinov\u00e1 deska.<\/p>\n<p>5. Samonakl\u00e1dac\u00ed olejni\u010dka, ru\u010dn\u00ed pln\u011bn\u00ed oleje, maz\u00e1n\u00ed vnit\u0159n\u00ed struktury stroje, snadn\u00e1 \u00fadr\u017eba.<\/p>","protected":false},"featured_media":3572,"template":"","meta":{"_seopress_robots_primary_cat":"","_seopress_titles_title":"","_seopress_titles_desc":"","_seopress_robots_index":"","_uag_custom_page_level_css":"","site-sidebar-layout":"default","site-content-layout":"","ast-site-content-layout":"default","site-content-style":"default","site-sidebar-style":"default","ast-global-header-display":"","ast-banner-title-visibility":"","ast-main-header-display":"","ast-hfb-above-header-display":"","ast-hfb-below-header-display":"","ast-hfb-mobile-header-display":"","site-post-title":"","ast-breadcrumbs-content":"","ast-featured-img":"","footer-sml-layout":"","ast-disable-related-posts":"","theme-transparent-header-meta":"default","adv-header-id-meta":"","stick-header-meta":"default","header-above-stick-meta":"","header-main-stick-meta":"","header-below-stick-meta":"","astra-migrate-meta-layouts":"set","ast-page-background-enabled":"default","ast-page-background-meta":{"desktop":{"background-color":"","background-image":"","background-repeat":"repeat","background-position":"center center","background-size":"auto","background-attachment":"scroll","background-type":"","background-media":"","overlay-type":"","overlay-color":"","overlay-opacity":"","overlay-gradient":""},"tablet":{"background-color":"","background-image":"","background-repeat":"repeat","background-position":"center center","background-size":"auto","background-attachment":"scroll","background-type":"","background-media":"","overlay-type":"","overlay-color":"","overlay-opacity":"","overlay-gradient":""},"mobile":{"background-color":"","background-image":"","background-repeat":"repeat","background-position":"center center","background-size":"auto","background-attachment":"scroll","background-type":"","background-media":"","overlay-type":"","overlay-color":"","overlay-opacity":"","overlay-gradient":""}},"ast-content-background-meta":{"desktop":{"background-color":"var(--ast-global-color-5)","background-image":"","background-repeat":"repeat","background-position":"center center","background-size":"auto","background-attachment":"scroll","background-type":"","background-media":"","overlay-type":"","overlay-color":"","overlay-opacity":"","overlay-gradient":""},"tablet":{"background-color":"var(--ast-global-color-5)","background-image":"","background-repeat":"repeat","background-position":"center center","background-size":"auto","background-attachment":"scroll","background-type":"","background-media":"","overlay-type":"","overlay-color":"","overlay-opacity":"","overlay-gradient":""},"mobile":{"background-color":"var(--ast-global-color-5)","background-image":"","background-repeat":"repeat","background-position":"center center","background-size":"auto","background-attachment":"scroll","background-type":"","background-media":"","overlay-type":"","overlay-color":"","overlay-opacity":"","overlay-gradient":""}}},"product_brand":[],"product_cat":[39],"product_tag":[],"class_list":{"0":"post-3569","1":"product","2":"type-product","3":"status-publish","4":"has-post-thumbnail","6":"product_cat-cuttingsaw","7":"desktop-align-left","8":"tablet-align-left","9":"mobile-align-left","10":"ast-product-gallery-layout-horizontal-slider","11":"ast-product-gallery-with-no-image","12":"ast-product-tabs-layout-horizontal","14":"first","15":"instock","16":"shipping-taxable","17":"product-type-simple"},"uagb_featured_image_src":{"full":["https:\/\/wisecnclaser.com\/wp-content\/uploads\/2025\/05\/132c266c1f4e680efd22400ee3f1f6db.jpg",800,800,false],"thumbnail":["https:\/\/wisecnclaser.com\/wp-content\/uploads\/2025\/05\/132c266c1f4e680efd22400ee3f1f6db-150x150.jpg",150,150,true],"medium":["https:\/\/wisecnclaser.com\/wp-content\/uploads\/2025\/05\/132c266c1f4e680efd22400ee3f1f6db-300x300.jpg",300,300,true],"medium_large":["https:\/\/wisecnclaser.com\/wp-content\/uploads\/2025\/05\/132c266c1f4e680efd22400ee3f1f6db-768x768.jpg",768,768,true],"large":["https:\/\/wisecnclaser.com\/wp-content\/uploads\/2025\/05\/132c266c1f4e680efd22400ee3f1f6db.jpg",800,800,false],"1536x1536":["https:\/\/wisecnclaser.com\/wp-content\/uploads\/2025\/05\/132c266c1f4e680efd22400ee3f1f6db.jpg",800,800,false],"2048x2048":["https:\/\/wisecnclaser.com\/wp-content\/uploads\/2025\/05\/132c266c1f4e680efd22400ee3f1f6db.jpg",800,800,false],"trp-custom-language-flag":["https:\/\/wisecnclaser.com\/wp-content\/uploads\/2025\/05\/132c266c1f4e680efd22400ee3f1f6db-12x12.jpg",12,12,true],"woocommerce_thumbnail":["https:\/\/wisecnclaser.com\/wp-content\/uploads\/2025\/05\/132c266c1f4e680efd22400ee3f1f6db-300x300.jpg",300,300,true],"woocommerce_single":["https:\/\/wisecnclaser.com\/wp-content\/uploads\/2025\/05\/132c266c1f4e680efd22400ee3f1f6db-600x600.jpg",600,600,true],"woocommerce_gallery_thumbnail":["https:\/\/wisecnclaser.com\/wp-content\/uploads\/2025\/05\/132c266c1f4e680efd22400ee3f1f6db-100x100.jpg",100,100,true]},"uagb_author_info":{"display_name":"jinxing6611@gmail.com","author_link":"https:\/\/wisecnclaser.com\/cs\/author\/"},"uagb_comment_info":0,"uagb_excerpt":"Features of advanced panel saw:\u00a0 1.European step-by-step lock, double-layer thickened round bar chrome-plated guide rail, high pressure bearing, more accurate cutting plate, improve the life and accuracy of the whole machine. The high-strength extrusion push-pull double-layer widened inner round bar guide structure improves the stability and precision of the whole machine. 2. Big Europe depends&hellip;","_links":{"self":[{"href":"https:\/\/wisecnclaser.com\/cs\/wp-json\/wp\/v2\/product\/3569","targetHints":{"allow":["GET"]}}],"collection":[{"href":"https:\/\/wisecnclaser.com\/cs\/wp-json\/wp\/v2\/product"}],"about":[{"href":"https:\/\/wisecnclaser.com\/cs\/wp-json\/wp\/v2\/types\/product"}],"wp:featuredmedia":[{"embeddable":true,"href":"https:\/\/wisecnclaser.com\/cs\/wp-json\/wp\/v2\/media\/3572"}],"wp:attachment":[{"href":"https:\/\/wisecnclaser.com\/cs\/wp-json\/wp\/v2\/media?parent=3569"}],"wp:term":[{"taxonomy":"product_brand","embeddable":true,"href":"https:\/\/wisecnclaser.com\/cs\/wp-json\/wp\/v2\/product_brand?post=3569"},{"taxonomy":"product_cat","embeddable":true,"href":"https:\/\/wisecnclaser.com\/cs\/wp-json\/wp\/v2\/product_cat?post=3569"},{"taxonomy":"product_tag","embeddable":true,"href":"https:\/\/wisecnclaser.com\/cs\/wp-json\/wp\/v2\/product_tag?post=3569"}],"curies":[{"name":"wp","href":"https:\/\/api.w.org\/{rel}","templated":true}]}}