{"id":3577,"date":"2025-05-22T23:16:10","date_gmt":"2025-05-22T23:16:10","guid":{"rendered":"https:\/\/wisecnclaser.com\/?post_type=product&#038;p=3577"},"modified":"2025-05-22T23:16:10","modified_gmt":"2025-05-22T23:16:10","slug":"hot-selling-1325-cnc-router","status":"publish","type":"product","link":"https:\/\/wisecnclaser.com\/cs\/produkt\/hot-selling-1325-cnc-router\/","title":{"rendered":"Hot Selling 1325 CNC Router"},"content":{"rendered":"<table border=\"1\" width=\"662\">\n<tbody>\n<tr class=\"firstRow\">\n<td colspan=\"2\" valign=\"center\" width=\"662\"><strong>Popis a specifikace:<\/strong><\/td>\n<\/tr>\n<tr>\n<td valign=\"top\" width=\"331\">X Pracovn\u00ed oblast<\/td>\n<td valign=\"top\" width=\"331\">1300 mm<\/td>\n<\/tr>\n<tr>\n<td valign=\"top\" width=\"331\">Y Pracovn\u00ed oblast<\/td>\n<td valign=\"top\" width=\"331\">2500 mm<\/td>\n<\/tr>\n<tr>\n<td valign=\"top\" width=\"331\">Z Pracovn\u00ed oblast<\/td>\n<td valign=\"top\" width=\"331\">200 mm<\/td>\n<\/tr>\n<tr>\n<td valign=\"top\" width=\"331\">St\u016fl stroje<\/td>\n<td valign=\"top\" width=\"331\">T-dr\u00e1\u017eka<\/td>\n<\/tr>\n<tr>\n<td valign=\"top\" width=\"331\">P\u0159esnost ur\u010dov\u00e1n\u00ed polohy p\u0159i cestov\u00e1n\u00ed<\/td>\n<td valign=\"top\" width=\"331\">\u00b10,05 mm<\/td>\n<\/tr>\n<tr>\n<td valign=\"top\" width=\"331\">P\u0159esnost polohov\u00e1n\u00ed<\/td>\n<td valign=\"top\" width=\"331\">\u00b10,02 mm<\/td>\n<\/tr>\n<tr>\n<td valign=\"top\" width=\"331\">X,Y,Z Struktura<\/td>\n<td valign=\"top\" width=\"331\">Ozuben\u00e9 kolo XY Kuli\u010dkov\u00fd \u0161roub Z<\/td>\n<\/tr>\n<tr>\n<td valign=\"top\" width=\"331\">Max. Spot\u0159eba energie (bez v\u0159etena)<\/td>\n<td valign=\"top\" width=\"331\">0,8 KW<\/td>\n<\/tr>\n<tr>\n<td valign=\"top\" width=\"331\">Max. Rychlost rychl\u00e9 j\u00edzdy<\/td>\n<td valign=\"top\" width=\"331\">25000 mm\/min<\/td>\n<\/tr>\n<tr>\n<td valign=\"top\" width=\"331\">Max. Pracovn\u00ed rychlost<\/td>\n<td valign=\"top\" width=\"331\">15000 mm\/min<\/td>\n<\/tr>\n<tr>\n<td valign=\"top\" width=\"331\">V\u0159eteno<\/td>\n<td valign=\"top\" width=\"331\">3kw vodou chlazen\u00e9 v\u0159eteno<\/td>\n<\/tr>\n<tr>\n<td valign=\"top\" width=\"331\">Ot\u00e1\u010dky v\u0159etena<\/td>\n<td valign=\"top\" width=\"331\">0-24000 ot\/min<\/td>\n<\/tr>\n<tr>\n<td valign=\"top\" width=\"331\">Pohonn\u00fd motor<\/td>\n<td valign=\"top\" width=\"331\">Krokov\u00fd ovlada\u010d<\/td>\n<\/tr>\n<tr>\n<td valign=\"top\" width=\"331\">P\u0159\u00edkaz<\/td>\n<td valign=\"top\" width=\"331\">G-k\u00f3d*.u00*.mmg*.plt<\/td>\n<\/tr>\n<tr>\n<td valign=\"top\" width=\"331\">Pracovn\u00ed nap\u011bt\u00ed<\/td>\n<td valign=\"top\" width=\"331\">AC220V\/50HZ nebo AC380V\/50HZ<\/td>\n<\/tr>\n<tr>\n<td valign=\"top\" width=\"331\">\u0158\u00eddic\u00ed syst\u00e9m<\/td>\n<td valign=\"top\" width=\"331\">Dsp offline<\/td>\n<\/tr>\n<tr>\n<td valign=\"top\" width=\"331\">Ovl\u00e1dac\u00ed sk\u0159\u00ed\u0148<\/td>\n<td valign=\"top\" width=\"331\">Nez\u00e1visl\u00e1 ovl\u00e1dac\u00ed sk\u0159\u00ed\u0148ka<\/td>\n<\/tr>\n<\/tbody>\n<\/table>\n<p>Popis:  Hot sales Jednohlav\u00fd grav\u00edrovac\u00ed stroj na d\u0159evo 1325 cnc fr\u00e9zka<\/p>\n<p>N\u00e1zev produktu: CNC fr\u00e9za<\/p>\n<p>Syst\u00e9m pohonu: Krokov\u00fd\/servo<\/p>\n<p>V\u00fdkonov\u00fd motor v\u0159etena: V\u0158ETENO: 3,0KW, 4,5KW, 6KW<\/p>\n<p>P\u0159\u00edkazov\u00fd jazyk G-k\u00f3d<\/p>\n<p>P\u0159evodovka: p\u0159evodovka a kolo, ozuben\u00fd pastorek<\/p>\n<p>\u0158\u00eddic\u00ed syst\u00e9m: ncstudio\/dsp<\/p>\n<p>St\u016fl stroje: T-dr\u00e1\u017eka\/Vakuov\u00fd st\u016fl<\/p>\n<p>R\u00e1m stroje: odoln\u00e1 ocelov\u00e1 konstrukce<\/p>\n<p>Z\u00e1ruka: 1 rok<\/p>\n<p>Barva: modr\u00e1 a b\u00edl\u00e1\/p\u0159izp\u016fsoben\u00e1<\/p>\n<p>Re\u017eim chlazen\u00ed v\u0159etena: vodn\u00ed chlazen\u00ed\/vzduchov\u00e9 chlazen\u00ed<\/p>\n<p>Collet: ER11, ER16, ER20, ER25<\/p>\n<p>Pou\u017eit\u00ed:<\/p>\n<p>Pou\u017e\u00edv\u00e1 se hlavn\u011b pro d\u0159ev\u011bn\u00fd n\u00e1bytk\u00e1\u0159sk\u00fd pr\u016fmysl, jako je zpracov\u00e1n\u00ed d\u0159ev\u011bn\u00fdch dve\u0159\u00ed, sk\u0159\u00ed\u0148ov\u00fdch dve\u0159\u00ed, um\u011bleck\u00fdch a \u0159emesln\u00fdch dve\u0159\u00ed, \u0159ez\u00e1n\u00ed MDF, \u0159ez\u00e1n\u00ed d\u0159ev\u011bn\u00fdch desek, grav\u00edrov\u00e1n\u00ed d\u0159ev\u011bn\u00fdch sloup\u016f a zpracov\u00e1n\u00ed dal\u0161\u00edch nekovov\u00fdch materi\u00e1l\u016f atd.<\/p>\n<p>Funkce:<\/p>\n<p>1. Dov\u00e1\u017een\u00e1 vodic\u00ed li\u0161ta typu straight-line, dvou\u0159ad\u00fd \u010dty\u0159\u0159ad\u00fd kuli\u010dkov\u00fd posuvn\u00fd blok, nakl\u00e1d\u00e1n\u00ed<\/p>\n<p>kapacita, hladk\u00fd chod, vysok\u00e1 p\u0159esnost, dlouh\u00e1 \u017eivotnost.Import kuli\u010dkov\u00fd \u0161roub vysokou p\u0159esnost\u00ed.<\/p>\n<p>2. Pro v\u00fdb\u011br lo\u017eisek NSK dov\u00e1\u017een\u00fdch z Japonska jsou vhodn\u00e9 vysokorychlostn\u00ed vodou chlazen\u00e9 motory. Vzduchem chlazen\u00e9 v\u0159eteno o v\u00fdkonu 6 kW Hlavn\u00ed v\u0159eteno o v\u00fdkonu 3,0 KW velk\u00fd v\u00fdkon, stabiln\u00ed v\u00fdkon.<\/p>\n<p>3. On-line po\u010d\u00edta\u010dov\u00fd makro \u0159\u00eddic\u00ed syst\u00e9m, kter\u00fd p\u0159ij\u00edm\u00e1 jedine\u010dn\u00e1 inteligentn\u00ed rozpo\u010dtov\u00e1 pravidla, pln\u011b vyu\u017e\u00edv\u00e1 potenci\u00e1l motoru a dosahuje vysok\u00e9 rychlosti zpracov\u00e1n\u00ed, line\u00e1rn\u00ed synchronn\u00ed p\u00edse\u0148, dokonalej\u0161\u00ed k\u0159ivka.<\/p>\n<p>4. Kompatibilita softwaru a kompatibilita s Type3 \/ Actcam \/ Castmate \/ Wentai a mnoha druhy softwaru CAD\/CAM.<\/p>\n<p>5. \u0160est odd\u00edl\u016f vakuov\u00e9 adsorpce, m\u016f\u017ee b\u00fdt \u00fa\u010dinn\u00e1 v r\u016fzn\u00fdch velikostech adsorp\u010dn\u00edho materi\u00e1lu.<\/p>\n<p>6. Pou\u017eit\u00edm vysokorychlostn\u00edho pohonu krokov\u00e9ho motoru a pohonu, osy Y p\u0159ijmout dvojit\u00fd pohon motoru, aby vysokorychlostn\u00ed provoz 25 m \/ bod nad rychlost\u00ed pr\u00e1zdn\u00e9 linky, se siln\u00fdm \u0159ezn\u00fdm v\u0159etenem m\u016f\u017ee zlep\u0161it rychlost socha\u0159stv\u00ed.<\/p>","protected":false},"excerpt":{"rendered":"<p>Popis:  Hot sales Jednohlav\u00fd grav\u00edrovac\u00ed stroj na d\u0159evo 1325 cnc fr\u00e9zka<\/p>\n<p>N\u00e1zev produktu: CNC fr\u00e9za<\/p>\n<p>Syst\u00e9m pohonu: Krokov\u00fd\/servo<\/p>\n<p>V\u00fdkonov\u00fd motor v\u0159etena: V\u0158ETENO: 3,0KW, 4,5KW, 6KW<\/p>\n<p>P\u0159\u00edkazov\u00fd jazyk G-k\u00f3d<\/p>\n<p>P\u0159evodovka: p\u0159evodovka a kolo, ozuben\u00fd pastorek<\/p>\n<p>\u0158\u00eddic\u00ed syst\u00e9m: ncstudio\/dsp<\/p>\n<p>St\u016fl stroje: T-dr\u00e1\u017eka\/Vakuov\u00fd st\u016fl<\/p>\n<p>R\u00e1m stroje: odoln\u00e1 ocelov\u00e1 konstrukce<\/p>\n<p>Z\u00e1ruka: 1 rok<\/p>\n<p>Barva: modr\u00e1 a b\u00edl\u00e1\/p\u0159izp\u016fsoben\u00e1<\/p>\n<p>Re\u017eim chlazen\u00ed v\u0159etena: vodn\u00ed chlazen\u00ed\/vzduchov\u00e9 chlazen\u00ed<\/p>\n<p>Collet: ER11, ER16, ER20, ER25<\/p>","protected":false},"featured_media":3580,"template":"","meta":{"_seopress_robots_primary_cat":"","_seopress_titles_title":"","_seopress_titles_desc":"","_seopress_robots_index":"","_uag_custom_page_level_css":"","site-sidebar-layout":"default","site-content-layout":"","ast-site-content-layout":"default","site-content-style":"default","site-sidebar-style":"default","ast-global-header-display":"","ast-banner-title-visibility":"","ast-main-header-display":"","ast-hfb-above-header-display":"","ast-hfb-below-header-display":"","ast-hfb-mobile-header-display":"","site-post-title":"","ast-breadcrumbs-content":"","ast-featured-img":"","footer-sml-layout":"","ast-disable-related-posts":"","theme-transparent-header-meta":"default","adv-header-id-meta":"","stick-header-meta":"default","header-above-stick-meta":"","header-main-stick-meta":"","header-below-stick-meta":"","astra-migrate-meta-layouts":"set","ast-page-background-enabled":"default","ast-page-background-meta":{"desktop":{"background-color":"","background-image":"","background-repeat":"repeat","background-position":"center center","background-size":"auto","background-attachment":"scroll","background-type":"","background-media":"","overlay-type":"","overlay-color":"","overlay-opacity":"","overlay-gradient":""},"tablet":{"background-color":"","background-image":"","background-repeat":"repeat","background-position":"center center","background-size":"auto","background-attachment":"scroll","background-type":"","background-media":"","overlay-type":"","overlay-color":"","overlay-opacity":"","overlay-gradient":""},"mobile":{"background-color":"","background-image":"","background-repeat":"repeat","background-position":"center center","background-size":"auto","background-attachment":"scroll","background-type":"","background-media":"","overlay-type":"","overlay-color":"","overlay-opacity":"","overlay-gradient":""}},"ast-content-background-meta":{"desktop":{"background-color":"var(--ast-global-color-5)","background-image":"","background-repeat":"repeat","background-position":"center center","background-size":"auto","background-attachment":"scroll","background-type":"","background-media":"","overlay-type":"","overlay-color":"","overlay-opacity":"","overlay-gradient":""},"tablet":{"background-color":"var(--ast-global-color-5)","background-image":"","background-repeat":"repeat","background-position":"center center","background-size":"auto","background-attachment":"scroll","background-type":"","background-media":"","overlay-type":"","overlay-color":"","overlay-opacity":"","overlay-gradient":""},"mobile":{"background-color":"var(--ast-global-color-5)","background-image":"","background-repeat":"repeat","background-position":"center center","background-size":"auto","background-attachment":"scroll","background-type":"","background-media":"","overlay-type":"","overlay-color":"","overlay-opacity":"","overlay-gradient":""}}},"product_brand":[],"product_cat":[42],"product_tag":[],"class_list":{"0":"post-3577","1":"product","2":"type-product","3":"status-publish","4":"has-post-thumbnail","6":"product_cat-normal","7":"desktop-align-left","8":"tablet-align-left","9":"mobile-align-left","10":"ast-product-gallery-layout-horizontal-slider","11":"ast-product-gallery-with-no-image","12":"ast-product-tabs-layout-horizontal","14":"first","15":"instock","16":"shipping-taxable","17":"product-type-simple"},"uagb_featured_image_src":{"full":["https:\/\/wisecnclaser.com\/wp-content\/uploads\/2025\/05\/01cab26fb6b0fa27ea006a60b821cacb.png",800,800,false],"thumbnail":["https:\/\/wisecnclaser.com\/wp-content\/uploads\/2025\/05\/01cab26fb6b0fa27ea006a60b821cacb-150x150.png",150,150,true],"medium":["https:\/\/wisecnclaser.com\/wp-content\/uploads\/2025\/05\/01cab26fb6b0fa27ea006a60b821cacb-300x300.png",300,300,true],"medium_large":["https:\/\/wisecnclaser.com\/wp-content\/uploads\/2025\/05\/01cab26fb6b0fa27ea006a60b821cacb-768x768.png",768,768,true],"large":["https:\/\/wisecnclaser.com\/wp-content\/uploads\/2025\/05\/01cab26fb6b0fa27ea006a60b821cacb.png",800,800,false],"1536x1536":["https:\/\/wisecnclaser.com\/wp-content\/uploads\/2025\/05\/01cab26fb6b0fa27ea006a60b821cacb.png",800,800,false],"2048x2048":["https:\/\/wisecnclaser.com\/wp-content\/uploads\/2025\/05\/01cab26fb6b0fa27ea006a60b821cacb.png",800,800,false],"trp-custom-language-flag":["https:\/\/wisecnclaser.com\/wp-content\/uploads\/2025\/05\/01cab26fb6b0fa27ea006a60b821cacb-12x12.png",12,12,true],"woocommerce_thumbnail":["https:\/\/wisecnclaser.com\/wp-content\/uploads\/2025\/05\/01cab26fb6b0fa27ea006a60b821cacb-300x300.png",300,300,true],"woocommerce_single":["https:\/\/wisecnclaser.com\/wp-content\/uploads\/2025\/05\/01cab26fb6b0fa27ea006a60b821cacb-600x600.png",600,600,true],"woocommerce_gallery_thumbnail":["https:\/\/wisecnclaser.com\/wp-content\/uploads\/2025\/05\/01cab26fb6b0fa27ea006a60b821cacb-100x100.png",100,100,true]},"uagb_author_info":{"display_name":"jinxing6611@gmail.com","author_link":"https:\/\/wisecnclaser.com\/cs\/author\/"},"uagb_comment_info":0,"uagb_excerpt":"Description:\u00a0 Hot sales Single head wood engraving machine 1325 cnc router machine Product Name:\u00a0 cnc router Driving system:\u00a0Stepper\/Servo Spindle Power Motor: 3.0KW,4.5KW,6KW Command Language\u00a0 G-code Transmission:gear and wheel, rack pinion Control system:ncstudio\/dsp Machine table:T-slot\/Vacuum table Machine frame: heavy duty steel structure Warranty: 1 year Color: blue and white\/customized Spindle cooling mode: water cooling\/air cooling Collet:&hellip;","_links":{"self":[{"href":"https:\/\/wisecnclaser.com\/cs\/wp-json\/wp\/v2\/product\/3577","targetHints":{"allow":["GET"]}}],"collection":[{"href":"https:\/\/wisecnclaser.com\/cs\/wp-json\/wp\/v2\/product"}],"about":[{"href":"https:\/\/wisecnclaser.com\/cs\/wp-json\/wp\/v2\/types\/product"}],"wp:featuredmedia":[{"embeddable":true,"href":"https:\/\/wisecnclaser.com\/cs\/wp-json\/wp\/v2\/media\/3580"}],"wp:attachment":[{"href":"https:\/\/wisecnclaser.com\/cs\/wp-json\/wp\/v2\/media?parent=3577"}],"wp:term":[{"taxonomy":"product_brand","embeddable":true,"href":"https:\/\/wisecnclaser.com\/cs\/wp-json\/wp\/v2\/product_brand?post=3577"},{"taxonomy":"product_cat","embeddable":true,"href":"https:\/\/wisecnclaser.com\/cs\/wp-json\/wp\/v2\/product_cat?post=3577"},{"taxonomy":"product_tag","embeddable":true,"href":"https:\/\/wisecnclaser.com\/cs\/wp-json\/wp\/v2\/product_tag?post=3577"}],"curies":[{"name":"wp","href":"https:\/\/api.w.org\/{rel}","templated":true}]}}