{"id":3590,"date":"2025-05-22T23:23:58","date_gmt":"2025-05-22T23:23:58","guid":{"rendered":"https:\/\/wisecnclaser.com\/?post_type=product&#038;p=3590"},"modified":"2025-05-22T23:23:58","modified_gmt":"2025-05-22T23:23:58","slug":"mf608k-automatic-edge-banding-machine-with-corner-rounding","status":"publish","type":"product","link":"https:\/\/wisecnclaser.com\/cs\/produkt\/mf608k-automatic-edge-banding-machine-with-corner-rounding\/","title":{"rendered":"MF608K Automatick\u00e1 olepova\u010dka hran se zaoblen\u00edm roh\u016f"},"content":{"rendered":"<p><strong>Vlastnosti automatick\u00e9 olepova\u010dky hran MF608K se zaoblen\u00edm roh\u016f:<\/strong><\/p>\n<p>Automatick\u00fd olepovac\u00ed stroj je zpracovatelsk\u00e9 za\u0159\u00edzen\u00ed pro automatick\u00e9 olepov\u00e1n\u00ed hran panelov\u00e9ho n\u00e1bytku, kter\u00e9 \u0161et\u0159\u00ed pr\u00e1ci a \u010das, zaji\u0161\u0165uje dokonal\u00e9 olepov\u00e1n\u00ed hran a vysp\u011bl\u00e9 technologie.<\/p>\n<p>Konfigurace a rozumn\u00fd design sni\u017euj\u00ed n\u00e1ro\u010dnost pr\u00e1ce, sni\u017euj\u00ed z\u00e1vislost na kvalifikovan\u00fdch pracovn\u00edc\u00edch a v\u00fdrazn\u011b zlep\u0161uj\u00ed kvalitu v\u00fdrobku.<\/p>\n<p>Stroj je \u0161iroce pou\u017e\u00edv\u00e1n ve sk\u0159\u00edn\u00edch, \u0161atn\u00edch sk\u0159\u00edn\u00edch, zak\u00e1zkov\u00e9m panelov\u00e9m n\u00e1bytku a dal\u0161\u00edch odv\u011btv\u00edch.<\/p>\n<p><strong>\u00a0<\/strong><strong>Technick\u00e9 parametry:<\/strong><\/p>\n<table border=\"1\" width=\"662\">\n<tbody>\n<tr class=\"firstRow\">\n<td colspan=\"2\" valign=\"center\" width=\"662\"><strong>Popis a specifikace automatick\u00e9 olepova\u010dky hran:<\/strong><\/td>\n<\/tr>\n<tr>\n<td valign=\"top\" width=\"331\">Model<\/td>\n<td valign=\"top\" width=\"331\">MF608K<\/td>\n<\/tr>\n<tr>\n<td valign=\"top\" width=\"331\">V\u00fdkon motoru<\/td>\n<td valign=\"top\" width=\"331\">10.59kw<\/td>\n<\/tr>\n<tr>\n<td valign=\"top\" width=\"331\">Celkov\u00e1 velikost<\/td>\n<td valign=\"top\" width=\"331\">5500 \u00d7 1100 \u00d7 1600 mm<\/td>\n<\/tr>\n<tr>\n<td valign=\"top\" width=\"331\">Rychlost posuvu<\/td>\n<td valign=\"top\" width=\"331\">12-20 m\/min<\/td>\n<\/tr>\n<tr>\n<td valign=\"top\" width=\"331\">Tlou\u0161\u0165ka panelu<\/td>\n<td valign=\"top\" width=\"331\">10-60 mm<\/td>\n<\/tr>\n<tr>\n<td valign=\"top\" width=\"331\">Tlou\u0161\u0165ka hrany<\/td>\n<td valign=\"top\" width=\"331\">0,4-3 mm<\/td>\n<\/tr>\n<tr>\n<td valign=\"top\" width=\"331\">\u0160\u00ed\u0159ka panelu<\/td>\n<td valign=\"top\" width=\"331\">\u226580 mm<\/td>\n<\/tr>\n<tr>\n<td valign=\"top\" width=\"331\">Pracovn\u00ed tlak<\/td>\n<td valign=\"top\" width=\"331\">6 kg<\/td>\n<\/tr>\n<tr>\n<td valign=\"top\" width=\"331\">Hmotnost<\/td>\n<td valign=\"top\" width=\"331\">2500 kg<\/td>\n<\/tr>\n<tr>\n<td valign=\"top\" width=\"331\"><strong>Za\u0159\u00edzen\u00ed stroje<\/strong><\/td>\n<td valign=\"top\" width=\"331\">&nbsp;<\/p>\n<p>PLC TAIWAN DELTA<\/p>\n<p>INVERTER AISET<\/p>\n<p>ELEKTRICK\u00c9 D\u00cdLY FRANCESCHNEIDER<\/p>\n<p>M\u011a\u0158I\u010c TEPLOTY: KOREA AUTONICS<\/p>\n<p>KONCOV\u00dd SP\u00cdNA\u010c KOREA HONEYWELL<\/p>\n<p>MOTOR DOPRAVN\u00cdKU HAOLI<\/p>\n<p>ST\u0158\u00cdHAC\u00cd MOTOR CC<\/p>\n<p>KONVERTOR WANXIN<\/p>\n<p>ELEKTRONOV\u00dd MAGNETICK\u00dd VENTIL AIRTAC<\/p>\n<p>Rolovac\u00ed pr\u016fvodce CSK<\/p>\n<p>V\u00c1LEC GEASUN<\/p>\n<p>&nbsp;<\/td>\n<\/tr>\n<\/tbody>\n<\/table>\n<p><strong>Funkce:<\/strong><\/p>\n<table border=\"1\" width=\"100\">\n<tbody>\n<tr class=\"firstRow\">\n<td valign=\"top\" width=\"278\">P\u0159edfr\u00e9zov\u00e1n\u00ed<\/td>\n<td valign=\"top\" width=\"278\">\/<\/td>\n<\/tr>\n<tr>\n<td valign=\"top\" width=\"278\">Lepen\u00ed<\/td>\n<td valign=\"top\" width=\"278\">\u25cf<\/td>\n<\/tr>\n<tr>\n<td valign=\"top\" width=\"278\">O\u0159ez\u00e1v\u00e1n\u00ed konc\u016f<\/td>\n<td valign=\"top\" width=\"278\">\u25cf<\/td>\n<\/tr>\n<tr>\n<td valign=\"top\" width=\"278\">Hrub\u00e9 o\u0159ez\u00e1v\u00e1n\u00ed<\/td>\n<td valign=\"top\" width=\"278\">\u25cf<\/td>\n<\/tr>\n<tr>\n<td valign=\"top\" width=\"278\">Jemn\u00e9 o\u0159ez\u00e1v\u00e1n\u00ed<\/td>\n<td valign=\"top\" width=\"278\">\u25cf<\/td>\n<\/tr>\n<tr>\n<td valign=\"top\" width=\"278\">Profilovac\u00ed jednotka\/zaoblen\u00ed roh\u016f<\/td>\n<td valign=\"top\" width=\"278\">\u25cf<\/td>\n<\/tr>\n<tr>\n<td valign=\"top\" width=\"278\">\u0160kr\u00e1b\u00e1n\u00ed<\/td>\n<td valign=\"top\" width=\"278\">\u25cf<\/td>\n<\/tr>\n<tr>\n<td valign=\"top\" width=\"278\">Brou\u0161en\u00ed<\/td>\n<td valign=\"top\" width=\"278\">\u25cf<\/td>\n<\/tr>\n<tr>\n<td valign=\"top\" width=\"278\">Dr\u00e1\u017ekov\u00e1n\u00ed<\/td>\n<td valign=\"top\" width=\"278\">\/<\/td>\n<\/tr>\n<\/tbody>\n<\/table>\n<p>&nbsp;<\/p>","protected":false},"excerpt":{"rendered":"<p>Vlastnosti automatick\u00e9 olepova\u010dky hran MF608K se zaoblen\u00edm roh\u016f:<\/p>\n<p>Automatick\u00fd olepovac\u00ed stroj je zpracovatelsk\u00e9 za\u0159\u00edzen\u00ed pro automatick\u00e9 olepov\u00e1n\u00ed hran panelov\u00e9ho n\u00e1bytku, kter\u00e9 \u0161et\u0159\u00ed pr\u00e1ci a \u010das, zaji\u0161\u0165uje dokonal\u00e9 olepov\u00e1n\u00ed hran a vysp\u011bl\u00e9 technologie.<\/p>\n<p>Konfigurace a rozumn\u00fd design sni\u017euj\u00ed n\u00e1ro\u010dnost pr\u00e1ce, sni\u017euj\u00ed z\u00e1vislost na kvalifikovan\u00fdch pracovn\u00edc\u00edch a v\u00fdrazn\u011b zlep\u0161uj\u00ed kvalitu v\u00fdrobku.<\/p>\n<p>Stroj je \u0161iroce pou\u017e\u00edv\u00e1n ve sk\u0159\u00edn\u00edch, \u0161atn\u00edch sk\u0159\u00edn\u00edch, zak\u00e1zkov\u00e9m panelov\u00e9m n\u00e1bytku a dal\u0161\u00edch odv\u011btv\u00edch.<\/p>","protected":false},"featured_media":3593,"template":"","meta":{"_seopress_robots_primary_cat":"","_seopress_titles_title":"","_seopress_titles_desc":"","_seopress_robots_index":"","_uag_custom_page_level_css":"","site-sidebar-layout":"default","site-content-layout":"","ast-site-content-layout":"default","site-content-style":"default","site-sidebar-style":"default","ast-global-header-display":"","ast-banner-title-visibility":"","ast-main-header-display":"","ast-hfb-above-header-display":"","ast-hfb-below-header-display":"","ast-hfb-mobile-header-display":"","site-post-title":"","ast-breadcrumbs-content":"","ast-featured-img":"","footer-sml-layout":"","ast-disable-related-posts":"","theme-transparent-header-meta":"default","adv-header-id-meta":"","stick-header-meta":"default","header-above-stick-meta":"","header-main-stick-meta":"","header-below-stick-meta":"","astra-migrate-meta-layouts":"set","ast-page-background-enabled":"default","ast-page-background-meta":{"desktop":{"background-color":"","background-image":"","background-repeat":"repeat","background-position":"center center","background-size":"auto","background-attachment":"scroll","background-type":"","background-media":"","overlay-type":"","overlay-color":"","overlay-opacity":"","overlay-gradient":""},"tablet":{"background-color":"","background-image":"","background-repeat":"repeat","background-position":"center center","background-size":"auto","background-attachment":"scroll","background-type":"","background-media":"","overlay-type":"","overlay-color":"","overlay-opacity":"","overlay-gradient":""},"mobile":{"background-color":"","background-image":"","background-repeat":"repeat","background-position":"center center","background-size":"auto","background-attachment":"scroll","background-type":"","background-media":"","overlay-type":"","overlay-color":"","overlay-opacity":"","overlay-gradient":""}},"ast-content-background-meta":{"desktop":{"background-color":"var(--ast-global-color-5)","background-image":"","background-repeat":"repeat","background-position":"center center","background-size":"auto","background-attachment":"scroll","background-type":"","background-media":"","overlay-type":"","overlay-color":"","overlay-opacity":"","overlay-gradient":""},"tablet":{"background-color":"var(--ast-global-color-5)","background-image":"","background-repeat":"repeat","background-position":"center center","background-size":"auto","background-attachment":"scroll","background-type":"","background-media":"","overlay-type":"","overlay-color":"","overlay-opacity":"","overlay-gradient":""},"mobile":{"background-color":"var(--ast-global-color-5)","background-image":"","background-repeat":"repeat","background-position":"center center","background-size":"auto","background-attachment":"scroll","background-type":"","background-media":"","overlay-type":"","overlay-color":"","overlay-opacity":"","overlay-gradient":""}}},"product_brand":[],"product_cat":[35],"product_tag":[],"class_list":{"0":"post-3590","1":"product","2":"type-product","3":"status-publish","4":"has-post-thumbnail","6":"product_cat-banding","7":"desktop-align-left","8":"tablet-align-left","9":"mobile-align-left","10":"ast-product-gallery-layout-horizontal-slider","11":"ast-product-gallery-with-no-image","12":"ast-product-tabs-layout-horizontal","14":"first","15":"instock","16":"shipping-taxable","17":"product-type-simple"},"uagb_featured_image_src":{"full":["https:\/\/wisecnclaser.com\/wp-content\/uploads\/2025\/05\/bcd8cbafab8ee46bea7b646c9f9da933.jpg",800,800,false],"thumbnail":["https:\/\/wisecnclaser.com\/wp-content\/uploads\/2025\/05\/bcd8cbafab8ee46bea7b646c9f9da933-150x150.jpg",150,150,true],"medium":["https:\/\/wisecnclaser.com\/wp-content\/uploads\/2025\/05\/bcd8cbafab8ee46bea7b646c9f9da933-300x300.jpg",300,300,true],"medium_large":["https:\/\/wisecnclaser.com\/wp-content\/uploads\/2025\/05\/bcd8cbafab8ee46bea7b646c9f9da933-768x768.jpg",768,768,true],"large":["https:\/\/wisecnclaser.com\/wp-content\/uploads\/2025\/05\/bcd8cbafab8ee46bea7b646c9f9da933.jpg",800,800,false],"1536x1536":["https:\/\/wisecnclaser.com\/wp-content\/uploads\/2025\/05\/bcd8cbafab8ee46bea7b646c9f9da933.jpg",800,800,false],"2048x2048":["https:\/\/wisecnclaser.com\/wp-content\/uploads\/2025\/05\/bcd8cbafab8ee46bea7b646c9f9da933.jpg",800,800,false],"trp-custom-language-flag":["https:\/\/wisecnclaser.com\/wp-content\/uploads\/2025\/05\/bcd8cbafab8ee46bea7b646c9f9da933-12x12.jpg",12,12,true],"woocommerce_thumbnail":["https:\/\/wisecnclaser.com\/wp-content\/uploads\/2025\/05\/bcd8cbafab8ee46bea7b646c9f9da933-300x300.jpg",300,300,true],"woocommerce_single":["https:\/\/wisecnclaser.com\/wp-content\/uploads\/2025\/05\/bcd8cbafab8ee46bea7b646c9f9da933-600x600.jpg",600,600,true],"woocommerce_gallery_thumbnail":["https:\/\/wisecnclaser.com\/wp-content\/uploads\/2025\/05\/bcd8cbafab8ee46bea7b646c9f9da933-100x100.jpg",100,100,true]},"uagb_author_info":{"display_name":"jinxing6611@gmail.com","author_link":"https:\/\/wisecnclaser.com\/cs\/author\/"},"uagb_comment_info":0,"uagb_excerpt":"Features of MF608K Automatic Edge Banding Machine with Corner Rounding: The automatic edge banding machine is a processing equipment for automatic edge banding of panel furniture, saving labor and time, perfect edge banding, and advanced The configuration and reasonable design reduce the difficulty of work, reduce the dependence on skilled workers, and greatly improve the&hellip;","_links":{"self":[{"href":"https:\/\/wisecnclaser.com\/cs\/wp-json\/wp\/v2\/product\/3590","targetHints":{"allow":["GET"]}}],"collection":[{"href":"https:\/\/wisecnclaser.com\/cs\/wp-json\/wp\/v2\/product"}],"about":[{"href":"https:\/\/wisecnclaser.com\/cs\/wp-json\/wp\/v2\/types\/product"}],"wp:featuredmedia":[{"embeddable":true,"href":"https:\/\/wisecnclaser.com\/cs\/wp-json\/wp\/v2\/media\/3593"}],"wp:attachment":[{"href":"https:\/\/wisecnclaser.com\/cs\/wp-json\/wp\/v2\/media?parent=3590"}],"wp:term":[{"taxonomy":"product_brand","embeddable":true,"href":"https:\/\/wisecnclaser.com\/cs\/wp-json\/wp\/v2\/product_brand?post=3590"},{"taxonomy":"product_cat","embeddable":true,"href":"https:\/\/wisecnclaser.com\/cs\/wp-json\/wp\/v2\/product_cat?post=3590"},{"taxonomy":"product_tag","embeddable":true,"href":"https:\/\/wisecnclaser.com\/cs\/wp-json\/wp\/v2\/product_tag?post=3590"}],"curies":[{"name":"wp","href":"https:\/\/api.w.org\/{rel}","templated":true}]}}