{"id":3614,"date":"2025-05-22T23:33:10","date_gmt":"2025-05-22T23:33:10","guid":{"rendered":"https:\/\/wisecnclaser.com\/?post_type=product&#038;p=3614"},"modified":"2025-05-22T23:33:10","modified_gmt":"2025-05-22T23:33:10","slug":"mfz360-fully-automatic-edge-banding-machine","status":"publish","type":"product","link":"https:\/\/wisecnclaser.com\/cs\/produkt\/mfz360-fully-automatic-edge-banding-machine\/","title":{"rendered":"Pln\u011b automatick\u00fd olepovac\u00ed stroj MFZ360"},"content":{"rendered":"<p><strong>Fe<\/strong><strong>MFZ260 Automatick\u00fd olepovac\u00ed stroj na hrany:<\/strong><\/p>\n<p>1. Tento stroj je vhodn\u00fd pro line\u00e1rn\u00ed ut\u011bs\u0148ov\u00e1n\u00ed hran masivn\u00edch d\u0159evot\u0159\u00edskov\u00fdch desek, v\u00edcevrstv\u00fdch desek z masivn\u00edho d\u0159eva, desek z hust\u00e9ho d\u0159eva, masivn\u00edho d\u0159eva a dal\u0161\u00edch deskov\u00fdch obrobk\u016f.<\/p>\n<p>2. Materi\u00e1l okrajov\u00e9ho p\u00e1su lze pou\u017e\u00edt jako d\u00fdhov\u00fd p\u00e1s z PVC atd.<\/p>\n<p>3. Funkce v\u010detn\u011b p\u0159edeh\u0159\u00edv\u00e1n\u00ed, lepen\u00ed, \u0159ez\u00e1n\u00ed konc\u016f, hrub\u00e9ho o\u0159ez\u00e1v\u00e1n\u00ed, jemn\u00e9ho o\u0159ez\u00e1v\u00e1n\u00ed, \u0161kr\u00e1b\u00e1n\u00ed a le\u0161t\u011bn\u00ed.<\/p>\n<p><strong>\u00a0<\/strong><\/p>\n<p><strong>Technick\u00e9 parametry:<\/strong><\/p>\n<table border=\"1\" width=\"662\">\n<tbody>\n<tr class=\"firstRow\">\n<td colspan=\"2\" valign=\"center\" width=\"662\"><strong>Popis a specifikace automatick\u00e9 olepova\u010dky hran:<\/strong><\/td>\n<\/tr>\n<tr>\n<td valign=\"top\" width=\"331\">Model<\/td>\n<td valign=\"top\" width=\"331\">MFZ360<\/td>\n<\/tr>\n<tr>\n<td valign=\"top\" width=\"331\">V\u00fdkon motoru<\/td>\n<td valign=\"top\" width=\"331\">8,94 kW<\/td>\n<\/tr>\n<tr>\n<td valign=\"top\" width=\"331\">Celkov\u00e1 velikost<\/td>\n<td valign=\"top\" width=\"331\">4320 \u00d7 1100 \u00d7 1600 mm<\/td>\n<\/tr>\n<tr>\n<td valign=\"top\" width=\"331\">Rychlost posuvu<\/td>\n<td valign=\"top\" width=\"331\">12-20 m\/min<\/td>\n<\/tr>\n<tr>\n<td valign=\"top\" width=\"331\">Tlou\u0161\u0165ka panelu<\/td>\n<td valign=\"top\" width=\"331\">10-60 mm<\/td>\n<\/tr>\n<tr>\n<td valign=\"top\" width=\"331\">Tlou\u0161\u0165ka hrany<\/td>\n<td valign=\"top\" width=\"331\">0,4-3 mm<\/td>\n<\/tr>\n<tr>\n<td valign=\"top\" width=\"331\">\u0160\u00ed\u0159ka panelu<\/td>\n<td valign=\"top\" width=\"331\">\u226580 mm<\/td>\n<\/tr>\n<tr>\n<td valign=\"top\" width=\"331\">Pracovn\u00ed tlak<\/td>\n<td valign=\"top\" width=\"331\">6 kg<\/td>\n<\/tr>\n<tr>\n<td valign=\"top\" width=\"331\">Hmotnost<\/td>\n<td valign=\"top\" width=\"331\">1900 kg<\/td>\n<\/tr>\n<\/tbody>\n<\/table>\n<p><strong>Funkce:<\/strong><\/p>\n<table border=\"1\">\n<tbody>\n<tr class=\"firstRow\">\n<td valign=\"top\" width=\"111\">P\u0159edfr\u00e9zov\u00e1n\u00ed<\/td>\n<td valign=\"top\" width=\"153\">\/<\/td>\n<\/tr>\n<tr>\n<td valign=\"top\" width=\"111\">Lepen\u00ed<\/td>\n<td valign=\"top\" width=\"153\">\u25cf<\/td>\n<\/tr>\n<tr>\n<td valign=\"top\" width=\"111\">Koncov\u00e9 \u0159ez\u00e1n\u00ed<\/td>\n<td valign=\"top\" width=\"153\">\u25cf<\/td>\n<\/tr>\n<tr>\n<td valign=\"top\" width=\"111\">Hrub\u00e9 o\u0159ez\u00e1v\u00e1n\u00ed<\/td>\n<td valign=\"top\" width=\"153\">\/<\/td>\n<\/tr>\n<tr>\n<td valign=\"top\" width=\"111\">Jemn\u00e9 o\u0159ez\u00e1v\u00e1n\u00ed<\/td>\n<td valign=\"top\" width=\"153\">\u25cf<\/td>\n<\/tr>\n<tr>\n<td valign=\"top\" width=\"111\">Profilovac\u00ed jednotka<\/td>\n<td valign=\"top\" width=\"153\">\/<\/td>\n<\/tr>\n<tr>\n<td valign=\"top\" width=\"111\">\u0160kr\u00e1b\u00e1n\u00ed<\/td>\n<td valign=\"top\" width=\"153\">\u25cf<\/td>\n<\/tr>\n<tr>\n<td valign=\"top\" width=\"111\">Brou\u0161en\u00ed<\/td>\n<td valign=\"top\" width=\"153\">\u25cf<\/td>\n<\/tr>\n<tr>\n<td valign=\"top\" width=\"111\">Dr\u00e1\u017ekov\u00e1n\u00ed<\/td>\n<td valign=\"top\" width=\"153\">\/<\/td>\n<\/tr>\n<\/tbody>\n<\/table>\n<p><strong>\u00a0<\/strong><\/p>","protected":false},"excerpt":{"rendered":"<p><strong>Fe<\/strong><strong>MFZ260 Automatick\u00fd olepovac\u00ed stroj na hrany:<\/strong><\/p>\n<p>1. Tento stroj je vhodn\u00fd pro line\u00e1rn\u00ed ut\u011bs\u0148ov\u00e1n\u00ed hran masivn\u00edch d\u0159evot\u0159\u00edskov\u00fdch desek, v\u00edcevrstv\u00fdch desek z masivn\u00edho d\u0159eva, desek z hust\u00e9ho d\u0159eva, masivn\u00edho d\u0159eva a dal\u0161\u00edch deskov\u00fdch obrobk\u016f.<\/p>\n<p>2. Materi\u00e1l okrajov\u00e9ho p\u00e1su lze pou\u017e\u00edt jako d\u00fdhov\u00fd p\u00e1s z PVC atd.<\/p>\n<p>3. Funkce v\u010detn\u011b p\u0159edeh\u0159\u00edv\u00e1n\u00ed, lepen\u00ed, \u0159ez\u00e1n\u00ed konc\u016f, hrub\u00e9ho o\u0159ez\u00e1v\u00e1n\u00ed, jemn\u00e9ho o\u0159ez\u00e1v\u00e1n\u00ed, \u0161kr\u00e1b\u00e1n\u00ed a le\u0161t\u011bn\u00ed.<\/p>","protected":false},"featured_media":3617,"template":"","meta":{"_seopress_robots_primary_cat":"","_seopress_titles_title":"","_seopress_titles_desc":"","_seopress_robots_index":"","_uag_custom_page_level_css":"","site-sidebar-layout":"default","site-content-layout":"","ast-site-content-layout":"default","site-content-style":"default","site-sidebar-style":"default","ast-global-header-display":"","ast-banner-title-visibility":"","ast-main-header-display":"","ast-hfb-above-header-display":"","ast-hfb-below-header-display":"","ast-hfb-mobile-header-display":"","site-post-title":"","ast-breadcrumbs-content":"","ast-featured-img":"","footer-sml-layout":"","ast-disable-related-posts":"","theme-transparent-header-meta":"default","adv-header-id-meta":"","stick-header-meta":"default","header-above-stick-meta":"","header-main-stick-meta":"","header-below-stick-meta":"","astra-migrate-meta-layouts":"set","ast-page-background-enabled":"default","ast-page-background-meta":{"desktop":{"background-color":"","background-image":"","background-repeat":"repeat","background-position":"center center","background-size":"auto","background-attachment":"scroll","background-type":"","background-media":"","overlay-type":"","overlay-color":"","overlay-opacity":"","overlay-gradient":""},"tablet":{"background-color":"","background-image":"","background-repeat":"repeat","background-position":"center center","background-size":"auto","background-attachment":"scroll","background-type":"","background-media":"","overlay-type":"","overlay-color":"","overlay-opacity":"","overlay-gradient":""},"mobile":{"background-color":"","background-image":"","background-repeat":"repeat","background-position":"center center","background-size":"auto","background-attachment":"scroll","background-type":"","background-media":"","overlay-type":"","overlay-color":"","overlay-opacity":"","overlay-gradient":""}},"ast-content-background-meta":{"desktop":{"background-color":"var(--ast-global-color-5)","background-image":"","background-repeat":"repeat","background-position":"center center","background-size":"auto","background-attachment":"scroll","background-type":"","background-media":"","overlay-type":"","overlay-color":"","overlay-opacity":"","overlay-gradient":""},"tablet":{"background-color":"var(--ast-global-color-5)","background-image":"","background-repeat":"repeat","background-position":"center center","background-size":"auto","background-attachment":"scroll","background-type":"","background-media":"","overlay-type":"","overlay-color":"","overlay-opacity":"","overlay-gradient":""},"mobile":{"background-color":"var(--ast-global-color-5)","background-image":"","background-repeat":"repeat","background-position":"center center","background-size":"auto","background-attachment":"scroll","background-type":"","background-media":"","overlay-type":"","overlay-color":"","overlay-opacity":"","overlay-gradient":""}}},"product_brand":[],"product_cat":[35],"product_tag":[],"class_list":{"0":"post-3614","1":"product","2":"type-product","3":"status-publish","4":"has-post-thumbnail","6":"product_cat-banding","7":"desktop-align-left","8":"tablet-align-left","9":"mobile-align-left","10":"ast-product-gallery-layout-horizontal-slider","11":"ast-product-gallery-with-no-image","12":"ast-product-tabs-layout-horizontal","14":"first","15":"instock","16":"shipping-taxable","17":"product-type-simple"},"uagb_featured_image_src":{"full":["https:\/\/wisecnclaser.com\/wp-content\/uploads\/2025\/05\/9b1b1fc1ad11da5c96ab3d4855f0e29a.jpg",800,800,false],"thumbnail":["https:\/\/wisecnclaser.com\/wp-content\/uploads\/2025\/05\/9b1b1fc1ad11da5c96ab3d4855f0e29a-150x150.jpg",150,150,true],"medium":["https:\/\/wisecnclaser.com\/wp-content\/uploads\/2025\/05\/9b1b1fc1ad11da5c96ab3d4855f0e29a-300x300.jpg",300,300,true],"medium_large":["https:\/\/wisecnclaser.com\/wp-content\/uploads\/2025\/05\/9b1b1fc1ad11da5c96ab3d4855f0e29a-768x768.jpg",768,768,true],"large":["https:\/\/wisecnclaser.com\/wp-content\/uploads\/2025\/05\/9b1b1fc1ad11da5c96ab3d4855f0e29a.jpg",800,800,false],"1536x1536":["https:\/\/wisecnclaser.com\/wp-content\/uploads\/2025\/05\/9b1b1fc1ad11da5c96ab3d4855f0e29a.jpg",800,800,false],"2048x2048":["https:\/\/wisecnclaser.com\/wp-content\/uploads\/2025\/05\/9b1b1fc1ad11da5c96ab3d4855f0e29a.jpg",800,800,false],"trp-custom-language-flag":["https:\/\/wisecnclaser.com\/wp-content\/uploads\/2025\/05\/9b1b1fc1ad11da5c96ab3d4855f0e29a-12x12.jpg",12,12,true],"woocommerce_thumbnail":["https:\/\/wisecnclaser.com\/wp-content\/uploads\/2025\/05\/9b1b1fc1ad11da5c96ab3d4855f0e29a-300x300.jpg",300,300,true],"woocommerce_single":["https:\/\/wisecnclaser.com\/wp-content\/uploads\/2025\/05\/9b1b1fc1ad11da5c96ab3d4855f0e29a-600x600.jpg",600,600,true],"woocommerce_gallery_thumbnail":["https:\/\/wisecnclaser.com\/wp-content\/uploads\/2025\/05\/9b1b1fc1ad11da5c96ab3d4855f0e29a-100x100.jpg",100,100,true]},"uagb_author_info":{"display_name":"jinxing6611@gmail.com","author_link":"https:\/\/wisecnclaser.com\/cs\/author\/"},"uagb_comment_info":0,"uagb_excerpt":"Features of MFZ260 Automatic Edge Banding Machine: 1. This machine is suitable for linear edge sealing of solid wood particle board, solid wood multilayer board, density board, solid wood and other plate work pieces. 2. The material of edge band can be used as PVC veneer strip, etc. 3. Functions including Pre-heating, Gluing, End Cutting,&hellip;","_links":{"self":[{"href":"https:\/\/wisecnclaser.com\/cs\/wp-json\/wp\/v2\/product\/3614","targetHints":{"allow":["GET"]}}],"collection":[{"href":"https:\/\/wisecnclaser.com\/cs\/wp-json\/wp\/v2\/product"}],"about":[{"href":"https:\/\/wisecnclaser.com\/cs\/wp-json\/wp\/v2\/types\/product"}],"wp:featuredmedia":[{"embeddable":true,"href":"https:\/\/wisecnclaser.com\/cs\/wp-json\/wp\/v2\/media\/3617"}],"wp:attachment":[{"href":"https:\/\/wisecnclaser.com\/cs\/wp-json\/wp\/v2\/media?parent=3614"}],"wp:term":[{"taxonomy":"product_brand","embeddable":true,"href":"https:\/\/wisecnclaser.com\/cs\/wp-json\/wp\/v2\/product_brand?post=3614"},{"taxonomy":"product_cat","embeddable":true,"href":"https:\/\/wisecnclaser.com\/cs\/wp-json\/wp\/v2\/product_cat?post=3614"},{"taxonomy":"product_tag","embeddable":true,"href":"https:\/\/wisecnclaser.com\/cs\/wp-json\/wp\/v2\/product_tag?post=3614"}],"curies":[{"name":"wp","href":"https:\/\/api.w.org\/{rel}","templated":true}]}}