{"id":3618,"date":"2025-05-23T00:22:21","date_gmt":"2025-05-23T00:22:21","guid":{"rendered":"https:\/\/wisecnclaser.com\/?post_type=product&#038;p=3618"},"modified":"2025-05-23T00:22:22","modified_gmt":"2025-05-23T00:22:22","slug":"nesting-software","status":"publish","type":"product","link":"https:\/\/wisecnclaser.com\/cs\/produkt\/nesting-software\/","title":{"rendered":"Hn\u00edzd\u00edc\u00ed software"},"content":{"rendered":"<p>Pln\u011b anglick\u00fd jazyk Software pro navrhov\u00e1n\u00ed n\u00e1bytku - vysokorychlostn\u00ed verze 4.0<\/p>\n<p>1. Cizinec kreslen\u00fd ru\u010dn\u011b Kreslen\u00ed speci\u00e1ln\u00edch tvar\u016f ru\u010dn\u011b lze prov\u00e1d\u011bt podle vlastn\u00edho uv\u00e1\u017een\u00ed bez pou\u017eit\u00ed slo\u017eit\u00fdch speci\u00e1ln\u00edch editor\u016f tvar\u016f nebo k\u00f3dov\u00fdch vzorc\u016f. Speci\u00e1ln\u00ed tvary, kter\u00e9 si oper\u00e1tor nakresl\u00ed podle vlastn\u00edho uv\u00e1\u017een\u00ed, lze ulo\u017eit jako parametrizovan\u00fd modul do lok\u00e1ln\u00ed datab\u00e1ze a parametry desky lze automaticky vypo\u010d\u00edtat a p\u0159\u00ed\u0161t\u011b je lze pohodln\u011b a okam\u017eit\u011b p\u0159\u00edmo vyvolat<\/p>\n<p>2. Reverzn\u00ed modelov\u00e1n\u00ed Reverzn\u00ed modelov\u00e1n\u00ed umo\u017e\u0148uje ukl\u00e1d\u00e1n\u00ed a p\u0159\u00edm\u00e9 vol\u00e1n\u00ed jedn\u00edm kliknut\u00edm. Sk\u0159\u00ed\u0148 sestavenou z desek lze ulo\u017eit jako modul do datab\u00e1ze jedn\u00edm tla\u010d\u00edtkem, \u010d\u00edm\u017e se skute\u010dn\u011b realizuje proces modulu od ni\u010deho k existenci a od slo\u017eitosti k jednoduchosti. P\u0159i dal\u0161\u00edm vyvol\u00e1n\u00ed lze jedinou kl\u00e1vesou upravit velikost, tlou\u0161\u0165ku desek, m\u011b\u0159\u00edtko atd. a v\u00fdkres lze rychle dokon\u010dit.<\/p>\n<p>3. Funkce instalace QR k\u00f3du Lze vygenerovat v\u00fdbu\u0161n\u00fd pohled na sk\u0159\u00ed\u0148, ve kter\u00e9m jsou sestavy a vnit\u0159n\u00ed struktury na prvn\u00ed pohled jasn\u00e9, co\u017e m\u016f\u017ee sn\u00ed\u017eit chybovost a je vhodn\u00e9 pro instalaci. Vygenerovan\u00fd dvourozm\u011brn\u00fd k\u00f3d lze naskenovat mobiln\u00edm telefonem a vygenerovat tak v\u00fdbu\u0161n\u00fd n\u00e1hled. Instala\u010dn\u00ed sch\u00e9ma mobiln\u00edho telefonu odpov\u00edd\u00e1 \u0161t\u00edtku s \u010d\u00e1rov\u00fdm k\u00f3dem jeden po druh\u00e9m, \u010d\u00edm\u017e se skute\u010dn\u011b realizuje \"bez sch\u00e9matu\".<\/p>\n<p>4. \u0160estistrann\u00e9 kreslen\u00ed iniciativa prav\u00e9 trojrozm\u011brn\u00e9 \u0161estistrann\u00e9 kreslen\u00ed a v\u00edcestrann\u00e9 kreslen\u00ed lze pou\u017e\u00edt pro kreslen\u00ed v\u00fdkres\u016f \u0161atny ve tvaru L a sk\u0159\u00edn\u011b ve tvaru U. Lze volit r\u016fzn\u00e9 pohledy a podle uv\u00e1\u017een\u00ed p\u0159id\u00e1vat desky, sou\u010d\u00e1sti z\u00e1suvek apod. R\u016fzn\u00e9 pohledy lze p\u0159ev\u00e9st na form\u00e1ln\u00ed v\u00fdkresy, \u010d\u00edm\u017e se vy\u0159e\u0161\u00ed hlavn\u00ed probl\u00e9m v oboru a umo\u017en\u00ed se p\u0159izp\u016fsoben\u00ed cel\u00e9ho domu<\/p>\n<p>5. Aktualizace dvouj\u00e1drov\u00e9 datab\u00e1ze v re\u00e1ln\u00e9m \u010dase cloudov\u00e1 a m\u00edstn\u00ed dvouj\u00e1drov\u00e1 datab\u00e1ze se neust\u00e1le roz\u0161i\u0159uj\u00ed a cloudov\u00e1 datab\u00e1ze se aktualizuje v re\u00e1ln\u00e9m \u010dase, zat\u00edmco m\u00edstn\u00ed datab\u00e1ze se neust\u00e1le ukl\u00e1d\u00e1. Datab\u00e1ze se tak bude st\u00e1le zv\u011bt\u0161ovat, co\u017e design\u00e9r\u016fm umo\u017en\u00ed naj\u00edt v\u0161echny sk\u0159\u00edn\u011b a realizovat v\u0161echna \u0159emesln\u00e1 d\u00edla<\/p>\n<p>6. Import a export CAD Komponenty CAD lze importovat a automaticky p\u0159izp\u016fsobit prostoru. Importovan\u00e9 komponenty lze ulo\u017eit jako modul a nahr\u00e1t do m\u00edstn\u00ed datab\u00e1ze a p\u0159i dal\u0161\u00edm vyvol\u00e1n\u00ed lze automaticky upravit jejich velikost, m\u011b\u0159\u00edtko atd. A tak\u00e9 lze importovat desky speci\u00e1ln\u00edch tvar\u016f CAD, importovat a exportovat rovinu CAD, trojrozm\u011brn\u00e9 v\u00fdkresy atd. pomoc\u00ed jedn\u00e9 kl\u00e1vesy.<\/p>\n<p>7. Kombinaci velikost\u00ed sk\u0159\u00edn\u011b lze vyvolat, um\u00edst\u011bn\u00ed desek lze p\u0159esunout a desky v prostoru lze automaticky zv\u011bt\u0161it nebo zmen\u0161it. Po nakreslen\u00ed lze velikost prostoru libovoln\u011b upravovat. T\u00edm se zamez\u00ed \u010dast\u00e9mu maz\u00e1n\u00ed, \u00faprav\u00e1m a v\u00fdpo\u010dtu p\u0159i n\u00e1vrhu a n\u00e1vrh se stane flexibiln\u00edm.<\/p>\n<p>8. Zkosen\u00ed jedn\u00edm kl\u00ed\u010dem K dispozici je zkosen\u00ed jedn\u00edm kl\u00ed\u010dem standardn\u00ed sk\u0159\u00edn\u011b. Zkosen\u00ed a sk\u0159\u00ed\u0148ku ve tvaru schodi\u0161t\u011b lze vytvo\u0159it najednou. Sk\u0159\u00ed\u0148, um\u00edst\u011bn\u00ed otvor\u016f a \u00fahel zkosen\u00ed lze generovat automaticky a zkosen\u00e9 desky lze vypo\u010d\u00edtat automaticky.<\/p>\n<p>9. Kombinovan\u00fd rohov\u00fd \u0159ez B\u011b\u017en\u00e9 sk\u0159\u00edn\u011b lze p\u0159\u00edmo vyvolat pro automatick\u00e9 zkosen\u00ed, typ a hloubku zkosen\u00ed lze zvolit libovoln\u011b, horizont\u00e1ln\u00ed a vertik\u00e1ln\u00ed zkosen\u00ed lze libovoln\u011b kombinovat a lze libovoln\u011b zvolit v\u00edce proces\u016f zkosen\u00ed. Je l\u00e9pe ovladateln\u00fd a p\u0159izp\u016fsob\u00ed se r\u016fzn\u00fdm typ\u016fm dom\u016f. Libovoln\u00e1 kombinace horn\u00edho a spodn\u00edho nebo lev\u00e9ho a prav\u00e9ho zkosen\u00ed v\u00e1m u\u0161et\u0159\u00ed starosti se zkosen\u00edm sk\u0159\u00edn\u011b.<\/p>\n<p>10. Generov\u00e1n\u00ed sk\u0159\u00edn\u011b na v\u00edno jedn\u00edm tla\u010d\u00edtkem P\u0159i generov\u00e1n\u00ed sk\u0159\u00edn\u011b na v\u00edno jedn\u00edm tla\u010d\u00edtkem lze ve vybran\u00e9 oblasti generovat \u010dty\u0159i typy sk\u0159\u00edn\u00ed na v\u00edno (nap\u0159\u00edklad horizont\u00e1ln\u00ed, vertik\u00e1ln\u00ed, polo\u00fahlov\u00e9 a celo\u00fahlov\u00e9) jedn\u00edm tla\u010d\u00edtkem. Lze libovoln\u011b nastavit lemov\u00e1n\u00ed hran, okraj z\u00e1\u0159ezu, velikost atd. a v re\u00e1ln\u00e9m \u010dase vypo\u010d\u00edtat v\u016fli sk\u0159\u00edn\u011b na v\u00edno.<\/p>\n<p>11. Nastaven\u00ed parametr\u016f Jedn\u00edm tla\u010d\u00edtkem lze automaticky p\u0159idat r\u016fzn\u00e9 p\u0159\u00edslu\u0161enstv\u00ed, jako je posuvn\u00e1 kolejnice, rukoje\u0165, z\u00e1v\u011bs a trubka pro manipulaci s kolejnic\u00ed. Polohu otvor\u016f na p\u0159\u00edslu\u0161enstv\u00ed lze automaticky vygenerovat a upravit podle pot\u0159eby.<\/p>\n<p>12. Exportn\u00ed sestavy jedn\u00edm kliknut\u00edm Software um\u00ed generovat\u2460Informace o rozm\u011brech desek a otvorech\u2461V\u00fdkaz materi\u00e1lu desek\u2462Seznam d\u00edl\u016f\u2463 Seznam hardwaru\u2464Seznam elektronick\u00e9ho \u0159ez\u00e1n\u00ed\u2465Kotace\u2466Instala\u010dn\u00ed v\u00fdkresy\u2467 V\u00fdkresy v CADu<\/p>\n<p>13. Super vykreslov\u00e1n\u00ed Super 3D vykreslov\u00e1n\u00ed, p\u0159izp\u016fsoben\u00fd typ domu, panoramatick\u00fd a v\u00edcesm\u011brn\u00fd pohyb po interi\u00e9ru v rozsahu 720 stup\u0148\u016f a p\u0159idan\u00fd sv\u011bteln\u00fd efekt skute\u010dn\u011b obnovuje barvu n\u00e1bytku a zlep\u0161uje prodejn\u00ed s\u00edlu termin\u00e1l\u016f.<\/p>\n<p>&nbsp;<\/p>\n<p>Rychlostn\u00ed \u0159ada softwaru pro v\u00fdrobu d\u0159ev\u011bn\u00e9ho n\u00e1bytku (V\u00fdroba)<\/p>\n<p>1. Neviditeln\u00fd konektor Podporuje celou \u0159adu neviditeln\u00fdch konektor\u016f, vytvo\u0159\u00ed pro v\u00e1s exkluzivn\u00ed integrovanou sk\u0159\u00ed\u0148, nahrad\u00ed tradi\u010dn\u00ed kov\u00e1n\u00ed, neviditeln\u00fd ze v\u0161ech stran, beze\u0161v\u00fd patchwork, robustn\u00ed a odoln\u00fd, jednoduch\u00e1 instalace. 1 Lamello\u2461U konektor\u2462Mod-eez<\/p>\n<p>2. Vysok\u00e1 m\u00edra vyu\u017eit\u00ed materi\u00e1l\u016f Automatick\u00fd v\u00fdpo\u010det sazby, odd\u011blen\u00e1 sazba podle r\u016fzn\u00e9 tlou\u0161\u0165ky a barvy panel\u016f, v\u00fdroba v\u00edce objedn\u00e1vek je pohodln\u00e1 a rychl\u00e1, m\u00edra vyu\u017eit\u00ed m\u016f\u017ee b\u00fdt a\u017e 95%. Po automatick\u00e9m v\u00fdpo\u010dtu ji lze nastavit ru\u010dn\u011b, aby bylo zaji\u0161t\u011bno maxim\u00e1ln\u00ed vyu\u017eit\u00ed materi\u00e1l\u016f. Lep\u0161\u00ed metody zpracov\u00e1n\u00ed, plynulej\u0161\u00ed proces v\u00fdpo\u010dtu, \u00faspora materi\u00e1lu a \u010dasu.<\/p>\n<p>3. Tvarovan\u00e1 deska vno\u0159en\u00e1 do p\u00edsma inteligentn\u011b optimalizuje efekt rozvr\u017een\u00ed, je rozumn\u00e1 a efektivn\u00ed. Optim\u00e1ln\u00ed dr\u00e1ha \u0159ez\u00e1n\u00ed a vrt\u00e1n\u00ed, spole\u010dn\u00e9 hrany lze nastavit pro urychlen\u00ed \u0159ez\u00e1n\u00ed, zamezen\u00ed opakovan\u00fdch pr\u016fchod\u016f a pr\u00e1zdn\u00e9ho programu, zdvojn\u00e1soben\u00ed \u00fa\u010dinnosti \u0159ez\u00e1n\u00ed. Pr\u00e1zdn\u00fd prostor zkosen\u00fdch roh\u016f a obloukov\u00e9 typov\u00e1n\u00ed, \u00faspora m\u00edsta, zmen\u0161en\u00ed soustru\u017een\u00e9 desky, zkr\u00e1cen\u00ed doby zpracov\u00e1n\u00ed a v\u00fdrazn\u00e9 zlep\u0161en\u00ed m\u00edry vyu\u017eit\u00ed desky.<\/p>\n<p>4. Velk\u00e1 deska je automaticky uspo\u0159\u00e1d\u00e1na v lev\u00e9m horn\u00edm rohu Shodn\u00fd postup zpracov\u00e1n\u00ed, Automatick\u00fd v\u00fdpo\u010det rozlo\u017een\u00ed, inteligentn\u00ed zpracov\u00e1n\u00ed, vyhnout se b\u011bhu desky.<\/p>\n<p>5. Generov\u00e1n\u00ed G-k\u00f3du Po optimalizaci m\u016f\u017ee p\u0159\u00edmo generovat r\u016fzn\u00e9 typy dokument\u016f pot\u0159ebn\u00fdch pro obr\u00e1b\u011bn\u00ed za\u0159\u00edzen\u00ed a bezprobl\u00e9mov\u00e9 p\u0159ipojen\u00ed r\u016fzn\u00fdch typ\u016f za\u0159\u00edzen\u00ed, jako je elektronick\u00e1 pila, automatick\u00fd etiketovac\u00ed stroj, obr\u00e1b\u011bc\u00ed centrum, PTP a p\u011btistrann\u00e1 vrta\u010dka atd.<\/p>\n<p>6. Tisk \u0161t\u00edtk\u016f Pap\u00edr se \u0161t\u00edtky m\u016f\u017ee vizu\u00e1ln\u011b zobrazovat informace pot\u0159ebn\u00e9 pro v\u00fdrobu a obr\u00e1b\u011bn\u00ed, jako jsou podrobn\u00e9 informace o zak\u00e1zce, v\u00fdkres rozvr\u017een\u00ed, informace o desk\u00e1ch a sm\u011bru bo\u010dn\u00edch otvor\u016f atd., aby se zkr\u00e1til \u010das pracovn\u00edk\u016f p\u0159i t\u0159\u00edd\u011bn\u00ed desek.<\/p>\n<p>7. P\u0159edstartov\u00e1n\u00ed n\u00e1stroje, po\u010det \u0159\u00e1dk\u016f lze nastavit p\u0159edem pro p\u0159edstartov\u00e1n\u00ed, dosa\u017een\u00ed rychlosti v p\u0159edstihu, zlep\u0161en\u00ed efektivity v\u00fdroby.<\/p>\n<p>8. Detekce koliz\u00ed desek Pomoc\u00ed detekce koliz\u00ed zjist\u00edte p\u0159ekr\u00fdv\u00e1n\u00ed desek, mal\u00e9 rozestupy mezi deskami atd., abyste p\u0159ede\u0161li chyb\u00e1m p\u0159i zpracov\u00e1n\u00ed.<\/p>\n<p>9. Zbytkov\u00fd materi\u00e1l, skladov\u00e9 hospod\u00e1\u0159stv\u00ed \u2460Jednotn\u00e1 spr\u00e1va zbytkov\u00e9ho materi\u00e1lu, prioritn\u00ed vyu\u017eit\u00ed, prevence pl\u00fdtv\u00e1n\u00ed a \u00faspora n\u00e1klad\u016f. \u2461Informace o \u0159\u00edzen\u00ed materi\u00e1lu, aktualizace z\u00e1sob v re\u00e1ln\u00e9m \u010dase.<\/p>","protected":false},"excerpt":{"rendered":"<p>Pln\u011b anglick\u00fd jazyk Software pro navrhov\u00e1n\u00ed n\u00e1bytku - vysokorychlostn\u00ed verze 4.0<\/p>\n<p>1. Cizinec kreslen\u00fd ru\u010dn\u011b Kreslen\u00ed speci\u00e1ln\u00edch tvar\u016f ru\u010dn\u011b lze prov\u00e1d\u011bt podle vlastn\u00edho uv\u00e1\u017een\u00ed bez pou\u017eit\u00ed slo\u017eit\u00fdch speci\u00e1ln\u00edch editor\u016f tvar\u016f nebo k\u00f3dov\u00fdch vzorc\u016f. Speci\u00e1ln\u00ed tvary, kter\u00e9 si oper\u00e1tor nakresl\u00ed podle vlastn\u00edho uv\u00e1\u017een\u00ed, lze ulo\u017eit jako parametrizovan\u00fd modul do lok\u00e1ln\u00ed datab\u00e1ze a parametry desky lze automaticky vypo\u010d\u00edtat a p\u0159\u00ed\u0161t\u011b je lze pohodln\u011b a okam\u017eit\u011b p\u0159\u00edmo vyvolat<\/p>\n<p>2. Reverzn\u00ed modelov\u00e1n\u00ed Reverzn\u00ed modelov\u00e1n\u00ed umo\u017e\u0148uje ukl\u00e1d\u00e1n\u00ed a p\u0159\u00edm\u00e9 vol\u00e1n\u00ed jedn\u00edm kliknut\u00edm. Sk\u0159\u00ed\u0148 sestavenou z desek lze ulo\u017eit jako modul do datab\u00e1ze jedn\u00edm tla\u010d\u00edtkem, \u010d\u00edm\u017e se skute\u010dn\u011b realizuje proces modulu od ni\u010deho k existenci a od slo\u017eitosti k jednoduchosti. P\u0159i dal\u0161\u00edm vyvol\u00e1n\u00ed lze jedinou kl\u00e1vesou upravit velikost, tlou\u0161\u0165ku desek, m\u011b\u0159\u00edtko atd. a v\u00fdkres lze rychle dokon\u010dit.<\/p>\n<p>3. Funkce instalace QR k\u00f3du Lze vygenerovat v\u00fdbu\u0161n\u00fd pohled na sk\u0159\u00ed\u0148, ve kter\u00e9m jsou sestavy a vnit\u0159n\u00ed struktury na prvn\u00ed pohled jasn\u00e9, co\u017e m\u016f\u017ee sn\u00ed\u017eit chybovost a je vhodn\u00e9 pro instalaci. Vygenerovan\u00fd dvourozm\u011brn\u00fd k\u00f3d lze naskenovat mobiln\u00edm telefonem a vygenerovat tak v\u00fdbu\u0161n\u00fd n\u00e1hled. Instala\u010dn\u00ed sch\u00e9ma mobiln\u00edho telefonu odpov\u00edd\u00e1 \u0161t\u00edtku s \u010d\u00e1rov\u00fdm k\u00f3dem jeden po druh\u00e9m, \u010d\u00edm\u017e se skute\u010dn\u011b realizuje \"bez sch\u00e9matu\".<\/p>\n<p>4. \u0160estistrann\u00e9 kreslen\u00ed iniciativa prav\u00e9 trojrozm\u011brn\u00e9 \u0161estistrann\u00e9 kreslen\u00ed a v\u00edcestrann\u00e9 kreslen\u00ed lze pou\u017e\u00edt pro kreslen\u00ed v\u00fdkres\u016f \u0161atny ve tvaru L a sk\u0159\u00edn\u011b ve tvaru U. Lze volit r\u016fzn\u00e9 pohledy a podle uv\u00e1\u017een\u00ed p\u0159id\u00e1vat desky, sou\u010d\u00e1sti z\u00e1suvek apod. R\u016fzn\u00e9 pohledy lze p\u0159ev\u00e9st na form\u00e1ln\u00ed v\u00fdkresy, \u010d\u00edm\u017e se vy\u0159e\u0161\u00ed hlavn\u00ed probl\u00e9m v oboru a umo\u017en\u00ed se p\u0159izp\u016fsoben\u00ed cel\u00e9ho domu<\/p>\n<p>5. Aktualizace dvouj\u00e1drov\u00e9 datab\u00e1ze v re\u00e1ln\u00e9m \u010dase cloudov\u00e1 a m\u00edstn\u00ed dvouj\u00e1drov\u00e1 datab\u00e1ze se neust\u00e1le roz\u0161i\u0159uj\u00ed a cloudov\u00e1 datab\u00e1ze se aktualizuje v re\u00e1ln\u00e9m \u010dase, zat\u00edmco m\u00edstn\u00ed datab\u00e1ze se neust\u00e1le ukl\u00e1d\u00e1. Datab\u00e1ze se tak bude st\u00e1le zv\u011bt\u0161ovat, co\u017e design\u00e9r\u016fm umo\u017en\u00ed naj\u00edt v\u0161echny sk\u0159\u00edn\u011b a realizovat v\u0161echna \u0159emesln\u00e1 d\u00edla<\/p>\n<p>6. Import a export CAD Komponenty CAD lze importovat a automaticky p\u0159izp\u016fsobit prostoru. Importovan\u00e9 komponenty lze ulo\u017eit jako modul a nahr\u00e1t do m\u00edstn\u00ed datab\u00e1ze a p\u0159i dal\u0161\u00edm vyvol\u00e1n\u00ed lze automaticky upravit jejich velikost, m\u011b\u0159\u00edtko atd. A tak\u00e9 lze importovat desky speci\u00e1ln\u00edch tvar\u016f CAD, importovat a exportovat rovinu CAD, trojrozm\u011brn\u00e9 v\u00fdkresy atd. pomoc\u00ed jedn\u00e9 kl\u00e1vesy.<\/p>","protected":false},"featured_media":3621,"template":"","meta":{"_seopress_robots_primary_cat":"","_seopress_titles_title":"","_seopress_titles_desc":"","_seopress_robots_index":"","_uag_custom_page_level_css":"","site-sidebar-layout":"default","site-content-layout":"","ast-site-content-layout":"default","site-content-style":"default","site-sidebar-style":"default","ast-global-header-display":"","ast-banner-title-visibility":"","ast-main-header-display":"","ast-hfb-above-header-display":"","ast-hfb-below-header-display":"","ast-hfb-mobile-header-display":"","site-post-title":"","ast-breadcrumbs-content":"","ast-featured-img":"","footer-sml-layout":"","ast-disable-related-posts":"","theme-transparent-header-meta":"default","adv-header-id-meta":"","stick-header-meta":"default","header-above-stick-meta":"","header-main-stick-meta":"","header-below-stick-meta":"","astra-migrate-meta-layouts":"set","ast-page-background-enabled":"default","ast-page-background-meta":{"desktop":{"background-color":"","background-image":"","background-repeat":"repeat","background-position":"center center","background-size":"auto","background-attachment":"scroll","background-type":"","background-media":"","overlay-type":"","overlay-color":"","overlay-opacity":"","overlay-gradient":""},"tablet":{"background-color":"","background-image":"","background-repeat":"repeat","background-position":"center center","background-size":"auto","background-attachment":"scroll","background-type":"","background-media":"","overlay-type":"","overlay-color":"","overlay-opacity":"","overlay-gradient":""},"mobile":{"background-color":"","background-image":"","background-repeat":"repeat","background-position":"center center","background-size":"auto","background-attachment":"scroll","background-type":"","background-media":"","overlay-type":"","overlay-color":"","overlay-opacity":"","overlay-gradient":""}},"ast-content-background-meta":{"desktop":{"background-color":"var(--ast-global-color-5)","background-image":"","background-repeat":"repeat","background-position":"center center","background-size":"auto","background-attachment":"scroll","background-type":"","background-media":"","overlay-type":"","overlay-color":"","overlay-opacity":"","overlay-gradient":""},"tablet":{"background-color":"var(--ast-global-color-5)","background-image":"","background-repeat":"repeat","background-position":"center center","background-size":"auto","background-attachment":"scroll","background-type":"","background-media":"","overlay-type":"","overlay-color":"","overlay-opacity":"","overlay-gradient":""},"mobile":{"background-color":"var(--ast-global-color-5)","background-image":"","background-repeat":"repeat","background-position":"center center","background-size":"auto","background-attachment":"scroll","background-type":"","background-media":"","overlay-type":"","overlay-color":"","overlay-opacity":"","overlay-gradient":""}}},"product_brand":[],"product_cat":[56],"product_tag":[],"class_list":{"0":"post-3618","1":"product","2":"type-product","3":"status-publish","4":"has-post-thumbnail","6":"product_cat-nestings","7":"desktop-align-left","8":"tablet-align-left","9":"mobile-align-left","10":"ast-product-gallery-layout-horizontal-slider","11":"ast-product-gallery-with-no-image","12":"ast-product-tabs-layout-horizontal","14":"first","15":"instock","16":"shipping-taxable","17":"product-type-simple"},"uagb_featured_image_src":{"full":["https:\/\/wisecnclaser.com\/wp-content\/uploads\/2025\/05\/5c334ffccd4741cd55d803fd1f1f8abf.png",800,800,false],"thumbnail":["https:\/\/wisecnclaser.com\/wp-content\/uploads\/2025\/05\/5c334ffccd4741cd55d803fd1f1f8abf-150x150.png",150,150,true],"medium":["https:\/\/wisecnclaser.com\/wp-content\/uploads\/2025\/05\/5c334ffccd4741cd55d803fd1f1f8abf-300x300.png",300,300,true],"medium_large":["https:\/\/wisecnclaser.com\/wp-content\/uploads\/2025\/05\/5c334ffccd4741cd55d803fd1f1f8abf-768x768.png",768,768,true],"large":["https:\/\/wisecnclaser.com\/wp-content\/uploads\/2025\/05\/5c334ffccd4741cd55d803fd1f1f8abf.png",800,800,false],"1536x1536":["https:\/\/wisecnclaser.com\/wp-content\/uploads\/2025\/05\/5c334ffccd4741cd55d803fd1f1f8abf.png",800,800,false],"2048x2048":["https:\/\/wisecnclaser.com\/wp-content\/uploads\/2025\/05\/5c334ffccd4741cd55d803fd1f1f8abf.png",800,800,false],"trp-custom-language-flag":["https:\/\/wisecnclaser.com\/wp-content\/uploads\/2025\/05\/5c334ffccd4741cd55d803fd1f1f8abf-12x12.png",12,12,true],"woocommerce_thumbnail":["https:\/\/wisecnclaser.com\/wp-content\/uploads\/2025\/05\/5c334ffccd4741cd55d803fd1f1f8abf-300x300.png",300,300,true],"woocommerce_single":["https:\/\/wisecnclaser.com\/wp-content\/uploads\/2025\/05\/5c334ffccd4741cd55d803fd1f1f8abf-600x600.png",600,600,true],"woocommerce_gallery_thumbnail":["https:\/\/wisecnclaser.com\/wp-content\/uploads\/2025\/05\/5c334ffccd4741cd55d803fd1f1f8abf-100x100.png",100,100,true]},"uagb_author_info":{"display_name":"jinxing6611@gmail.com","author_link":"https:\/\/wisecnclaser.com\/cs\/author\/"},"uagb_comment_info":0,"uagb_excerpt":"Fully English language Furniture\u00a0Design Software\u2014High Speed 4.0 Version 1.\u00a0Alien drawn by hand drawing special shapes by hand can be done at discretion without use of any complex special shape editors or code formulas. The special shapes that are drawn by the operator at his own discretion can be saved as a parameterized module to the&hellip;","_links":{"self":[{"href":"https:\/\/wisecnclaser.com\/cs\/wp-json\/wp\/v2\/product\/3618","targetHints":{"allow":["GET"]}}],"collection":[{"href":"https:\/\/wisecnclaser.com\/cs\/wp-json\/wp\/v2\/product"}],"about":[{"href":"https:\/\/wisecnclaser.com\/cs\/wp-json\/wp\/v2\/types\/product"}],"wp:featuredmedia":[{"embeddable":true,"href":"https:\/\/wisecnclaser.com\/cs\/wp-json\/wp\/v2\/media\/3621"}],"wp:attachment":[{"href":"https:\/\/wisecnclaser.com\/cs\/wp-json\/wp\/v2\/media?parent=3618"}],"wp:term":[{"taxonomy":"product_brand","embeddable":true,"href":"https:\/\/wisecnclaser.com\/cs\/wp-json\/wp\/v2\/product_brand?post=3618"},{"taxonomy":"product_cat","embeddable":true,"href":"https:\/\/wisecnclaser.com\/cs\/wp-json\/wp\/v2\/product_cat?post=3618"},{"taxonomy":"product_tag","embeddable":true,"href":"https:\/\/wisecnclaser.com\/cs\/wp-json\/wp\/v2\/product_tag?post=3618"}],"curies":[{"name":"wp","href":"https:\/\/api.w.org\/{rel}","templated":true}]}}