{"id":3627,"date":"2025-05-23T00:27:13","date_gmt":"2025-05-23T00:27:13","guid":{"rendered":"https:\/\/wisecnclaser.com\/?post_type=product&#038;p=3627"},"modified":"2025-05-23T00:27:13","modified_gmt":"2025-05-23T00:27:13","slug":"metal-channel-letter-bending-machine","status":"publish","type":"product","link":"https:\/\/wisecnclaser.com\/cs\/produkt\/metal-channel-letter-bending-machine\/","title":{"rendered":"Oh\u00fdba\u010dka kovov\u00fdch kan\u00e1lov\u00fdch p\u00edsmen"},"content":{"rendered":"<p>V\u00fdhody oh\u00fdba\u010dky p\u00edsmen:<\/p>\n<p>1.Nez\u00e1visl\u00fd syst\u00e9m dvojit\u00e9ho dr\u00e1\u017ekov\u00e1n\u00ed, skute\u010dn\u00e1 realizace r\u016fzn\u00fdch typ\u016f materi\u00e1l\u016f voln\u011b zpracov\u00e1van\u00fdch.<\/p>\n<p>2.Automatick\u00e9 nastaven\u00ed hloubky \u0159ezu pro hoblovac\u00ed i fr\u00e9zovac\u00ed dr\u00e1\u017eky, snadn\u00e1 obsluha<\/p>\n<p>3. Hobl\u00edk je vyroben s povrchovou \u00fapravou z tvrd\u00e9 slitiny, \u0159ez\u00e1n\u00ed je stabiln\u00ed a hladk\u00e9, zrno no\u017ee s \u0159adou hrot\u016f lze pou\u017e\u00edt samostatn\u011b, bez\u00fadr\u017ebov\u00e9 a bez brou\u0161en\u00ed, n\u00edzk\u00e9 n\u00e1klady. Automatick\u00e9 nastaven\u00ed hoblovac\u00edho no\u017ee, voln\u00e9 nastaven\u00ed hloubky dr\u00e1\u017ekov\u00e1n\u00ed.<\/p>\n<p>4.Precision fr\u00e9za m\u016f\u017ee houpat v\u0161ude kolem, identifikovat \u00fahel automaticky, zpracov\u00e1n\u00ed r\u016fzn\u00fdch hlin\u00edkov\u00fdch profil\u016f.<\/p>\n<p>5. V\u00e1le\u010dkov\u00fd \u0161roub a dvojit\u00e1 kolejnice pro p\u0159evod, v\u00fdkonn\u011bj\u0161\u00ed, stabiln\u011bj\u0161\u00ed \u0159ez\u00e1n\u00ed.Jednokrokov\u00fd p\u0159ep\u00ednac\u00ed syst\u00e9m pro dvoup\u00f3lov\u00e9 st\u0159\u00eddav\u00e9 oh\u00fdb\u00e1n\u00ed kovov\u00fdch c\u00edvek a patentovan\u00fd syst\u00e9m vytla\u010dovac\u00edho oh\u00fdb\u00e1n\u00ed hlin\u00edkov\u00fdch profil\u016f, voln\u011b p\u0159ep\u00ednateln\u00fd, bez nutnosti op\u011btovn\u00e9ho nastaven\u00ed p\u0159i zm\u011bn\u011b materi\u00e1lu.<\/p>\n<p>6. Vysoce v\u00fdkonn\u00fd syst\u00e9m servo\u0159\u00edzen\u00ed , vysok\u00e1 p\u0159esnost, rychl\u00e1 rychlost, vysok\u00fd to\u010div\u00fd moment, zlep\u0161en\u00ed pracovn\u00ed \u00fa\u010dinnosti.<\/p>\n<p>7.S uzav\u0159en\u00fdm \u0159\u00eddic\u00edm syst\u00e9mem d\u00e9lky, p\u0159esn\u00e9 softwarov\u00e9 \u0159\u00edzen\u00ed d\u00e9lky, chyba \u2264 0,1 mm.<\/p>\n<p>8. nez\u00e1visl\u00fd stojan na materi\u00e1l, kter\u00fd zaji\u0161\u0165uje stabilitu pod\u00e1v\u00e1n\u00ed za\u0159\u00edzen\u00ed.<\/p>\n<p>9.Full chromov\u00e1n\u00ed pro stroj, odoln\u00fd proti opot\u0159eben\u00ed a odoln\u00fd proti korozi<\/p>\n<p>10.Software m\u016f\u017ee voln\u011b p\u0159ep\u00ednat mezi dv\u011bma dr\u00e1\u017ekov\u00fdmi syst\u00e9my, jednoduch\u00e9 rozhran\u00ed, snadn\u00e9 u\u010den\u00ed a ovl\u00e1d\u00e1n\u00ed.<\/p>\n<p>&nbsp;<\/p>\n<p>Technick\u00e9 parametry:<\/p>\n<table border=\"0\">\n<tbody>\n<tr class=\"firstRow\">\n<td width=\"232\">\u00a0 V\u00fd\u0161ka materi\u00e1lu<\/td>\n<td width=\"419\">10-130 mm<\/td>\n<\/tr>\n<tr>\n<td width=\"232\">Pou\u017eiteln\u00e9 materi\u00e1ly<\/td>\n<td width=\"419\">Nerezov\u00e1 ocel, pozinkovan\u00fd plech, \u017eelezo, hlin\u00edk, m\u011b\u010f a dal\u0161\u00ed.<\/p>\n<p>Kovov\u00e1 c\u00edvka;<\/p>\n<p>hlin\u00edkov\u00e9 hrany , hlin\u00edkov\u00fd profil nebo jin\u00fd profil speci\u00e1ln\u00edho tvaru<\/td>\n<\/tr>\n<tr>\n<td width=\"232\">Podporovan\u00fd form\u00e1t souboru<\/td>\n<td width=\"419\">dxf\u3001ai\u3001plt<\/td>\n<\/tr>\n<tr>\n<td width=\"232\">Minim\u00e1ln\u00ed polom\u011br ohybu<\/td>\n<td width=\"419\">R=3 MM<\/td>\n<\/tr>\n<tr>\n<td width=\"232\">Tlou\u0161\u0165ka materi\u00e1lu<\/td>\n<td width=\"419\">0,3-1,2 mm<\/td>\n<\/tr>\n<tr>\n<td width=\"232\">\u0160pi\u010dkov\u00fd v\u00fdkon<\/td>\n<td width=\"419\">2000W<\/td>\n<\/tr>\n<tr>\n<td width=\"232\">P\u0159esnost d\u00e9lky<\/td>\n<td width=\"419\">0,1 mm\/m<\/td>\n<\/tr>\n<tr>\n<td width=\"232\">Kroutic\u00ed moment krmen\u00ed<\/td>\n<td width=\"419\">&gt;45 Nm<\/td>\n<\/tr>\n<tr>\n<td width=\"232\">Hobl\u00edk s dr\u00e1\u017ekou s momentov\u00fdm vrcholem<\/td>\n<td width=\"419\">&gt;100 Nm<\/td>\n<\/tr>\n<tr>\n<td width=\"232\">\u00a0\u0160pi\u010dkov\u00fd kroutic\u00ed moment p\u0159i oh\u00fdb\u00e1n\u00ed oblouku<\/td>\n<td width=\"419\">&gt;100 Nm<\/td>\n<\/tr>\n<tr>\n<td width=\"232\">Rozm\u011bry<\/td>\n<td width=\"419\">1900*900*1600<\/td>\n<\/tr>\n<tr>\n<td width=\"232\">Povrchov\u00e1 \u00faprava obrobku<\/td>\n<td width=\"419\">pln\u00e9 chromov\u00e1n\u00ed<\/td>\n<\/tr>\n<tr>\n<td width=\"232\">N.Hmotnost<\/td>\n<td width=\"419\">530 kg<\/td>\n<\/tr>\n<tr>\n<td width=\"232\">Power<\/td>\n<td width=\"419\">AC220V<\/td>\n<\/tr>\n<tr>\n<td width=\"232\">Pracovn\u00ed tlak<\/td>\n<td width=\"419\">0,3-0,6 mpa<\/td>\n<\/tr>\n<\/tbody>\n<\/table>","protected":false},"excerpt":{"rendered":"<p>V\u00fdhody oh\u00fdba\u010dky p\u00edsmen:<\/p>\n<p>1.Nez\u00e1visl\u00fd syst\u00e9m dvojit\u00e9ho dr\u00e1\u017ekov\u00e1n\u00ed, skute\u010dn\u00e1 realizace r\u016fzn\u00fdch typ\u016f materi\u00e1l\u016f voln\u011b zpracov\u00e1van\u00fdch.<\/p>\n<p>2.Automatick\u00e9 nastaven\u00ed hloubky \u0159ezu pro hoblovac\u00ed i fr\u00e9zovac\u00ed dr\u00e1\u017eky, snadn\u00e1 obsluha<\/p>\n<p>3. Hobl\u00edk je vyroben s povrchovou \u00fapravou z tvrd\u00e9 slitiny, \u0159ez\u00e1n\u00ed je stabiln\u00ed a hladk\u00e9, zrno no\u017ee s \u0159adou hrot\u016f lze pou\u017e\u00edt samostatn\u011b, bez\u00fadr\u017ebov\u00e9 a bez brou\u0161en\u00ed, n\u00edzk\u00e9 n\u00e1klady. Automatick\u00e9 nastaven\u00ed hoblovac\u00edho no\u017ee, voln\u00e9 nastaven\u00ed hloubky dr\u00e1\u017ekov\u00e1n\u00ed.<\/p>\n<p>4.Precision fr\u00e9za m\u016f\u017ee houpat v\u0161ude kolem, identifikovat \u00fahel automaticky, zpracov\u00e1n\u00ed r\u016fzn\u00fdch hlin\u00edkov\u00fdch profil\u016f.<\/p>\n<p>5. V\u00e1le\u010dkov\u00fd \u0161roub a dvojit\u00e1 kolejnice pro p\u0159evod, v\u00fdkonn\u011bj\u0161\u00ed, stabiln\u011bj\u0161\u00ed \u0159ez\u00e1n\u00ed.Jednokrokov\u00fd p\u0159ep\u00ednac\u00ed syst\u00e9m pro dvoup\u00f3lov\u00e9 st\u0159\u00eddav\u00e9 oh\u00fdb\u00e1n\u00ed kovov\u00fdch c\u00edvek a patentovan\u00fd syst\u00e9m vytla\u010dovac\u00edho oh\u00fdb\u00e1n\u00ed hlin\u00edkov\u00fdch profil\u016f, voln\u011b p\u0159ep\u00ednateln\u00fd, bez nutnosti op\u011btovn\u00e9ho nastaven\u00ed p\u0159i zm\u011bn\u011b materi\u00e1lu.<\/p>\n<p>6. Vysoce v\u00fdkonn\u00fd syst\u00e9m servo\u0159\u00edzen\u00ed , vysok\u00e1 p\u0159esnost, rychl\u00e1 rychlost, vysok\u00fd to\u010div\u00fd moment, zlep\u0161en\u00ed pracovn\u00ed \u00fa\u010dinnosti.<\/p>\n<p>7.S uzav\u0159en\u00fdm \u0159\u00eddic\u00edm syst\u00e9mem d\u00e9lky, p\u0159esn\u00e9 softwarov\u00e9 \u0159\u00edzen\u00ed d\u00e9lky, chyba \u2264 0,1 mm.<\/p>\n<p>8. nez\u00e1visl\u00fd stojan na materi\u00e1l, kter\u00fd zaji\u0161\u0165uje stabilitu pod\u00e1v\u00e1n\u00ed za\u0159\u00edzen\u00ed.<\/p>\n<p>9.Full chromov\u00e1n\u00ed pro stroj, odoln\u00fd proti opot\u0159eben\u00ed a odoln\u00fd proti korozi<\/p>\n<p>10.Software m\u016f\u017ee voln\u011b p\u0159ep\u00ednat mezi dv\u011bma dr\u00e1\u017ekov\u00fdmi syst\u00e9my, jednoduch\u00e9 rozhran\u00ed, snadn\u00e9 u\u010den\u00ed a ovl\u00e1d\u00e1n\u00ed.<\/p>","protected":false},"featured_media":3630,"template":"","meta":{"_seopress_robots_primary_cat":"","_seopress_titles_title":"","_seopress_titles_desc":"","_seopress_robots_index":"","_uag_custom_page_level_css":"","site-sidebar-layout":"default","site-content-layout":"","ast-site-content-layout":"default","site-content-style":"default","site-sidebar-style":"default","ast-global-header-display":"","ast-banner-title-visibility":"","ast-main-header-display":"","ast-hfb-above-header-display":"","ast-hfb-below-header-display":"","ast-hfb-mobile-header-display":"","site-post-title":"","ast-breadcrumbs-content":"","ast-featured-img":"","footer-sml-layout":"","ast-disable-related-posts":"","theme-transparent-header-meta":"default","adv-header-id-meta":"","stick-header-meta":"default","header-above-stick-meta":"","header-main-stick-meta":"","header-below-stick-meta":"","astra-migrate-meta-layouts":"set","ast-page-background-enabled":"default","ast-page-background-meta":{"desktop":{"background-color":"","background-image":"","background-repeat":"repeat","background-position":"center center","background-size":"auto","background-attachment":"scroll","background-type":"","background-media":"","overlay-type":"","overlay-color":"","overlay-opacity":"","overlay-gradient":""},"tablet":{"background-color":"","background-image":"","background-repeat":"repeat","background-position":"center center","background-size":"auto","background-attachment":"scroll","background-type":"","background-media":"","overlay-type":"","overlay-color":"","overlay-opacity":"","overlay-gradient":""},"mobile":{"background-color":"","background-image":"","background-repeat":"repeat","background-position":"center center","background-size":"auto","background-attachment":"scroll","background-type":"","background-media":"","overlay-type":"","overlay-color":"","overlay-opacity":"","overlay-gradient":""}},"ast-content-background-meta":{"desktop":{"background-color":"var(--ast-global-color-5)","background-image":"","background-repeat":"repeat","background-position":"center center","background-size":"auto","background-attachment":"scroll","background-type":"","background-media":"","overlay-type":"","overlay-color":"","overlay-opacity":"","overlay-gradient":""},"tablet":{"background-color":"var(--ast-global-color-5)","background-image":"","background-repeat":"repeat","background-position":"center center","background-size":"auto","background-attachment":"scroll","background-type":"","background-media":"","overlay-type":"","overlay-color":"","overlay-opacity":"","overlay-gradient":""},"mobile":{"background-color":"var(--ast-global-color-5)","background-image":"","background-repeat":"repeat","background-position":"center center","background-size":"auto","background-attachment":"scroll","background-type":"","background-media":"","overlay-type":"","overlay-color":"","overlay-opacity":"","overlay-gradient":""}}},"product_brand":[],"product_cat":[62],"product_tag":[],"class_list":{"0":"post-3627","1":"product","2":"type-product","3":"status-publish","4":"has-post-thumbnail","6":"product_cat-letter","7":"desktop-align-left","8":"tablet-align-left","9":"mobile-align-left","10":"ast-product-gallery-layout-horizontal-slider","11":"ast-product-gallery-with-no-image","12":"ast-product-tabs-layout-horizontal","14":"first","15":"instock","16":"shipping-taxable","17":"product-type-simple"},"uagb_featured_image_src":{"full":["https:\/\/wisecnclaser.com\/wp-content\/uploads\/2025\/05\/5f8de839b037ccdc38dd83d6cf5e39f9.jpg",800,533,false],"thumbnail":["https:\/\/wisecnclaser.com\/wp-content\/uploads\/2025\/05\/5f8de839b037ccdc38dd83d6cf5e39f9-150x150.jpg",150,150,true],"medium":["https:\/\/wisecnclaser.com\/wp-content\/uploads\/2025\/05\/5f8de839b037ccdc38dd83d6cf5e39f9-300x200.jpg",300,200,true],"medium_large":["https:\/\/wisecnclaser.com\/wp-content\/uploads\/2025\/05\/5f8de839b037ccdc38dd83d6cf5e39f9-768x512.jpg",768,512,true],"large":["https:\/\/wisecnclaser.com\/wp-content\/uploads\/2025\/05\/5f8de839b037ccdc38dd83d6cf5e39f9.jpg",800,533,false],"1536x1536":["https:\/\/wisecnclaser.com\/wp-content\/uploads\/2025\/05\/5f8de839b037ccdc38dd83d6cf5e39f9.jpg",800,533,false],"2048x2048":["https:\/\/wisecnclaser.com\/wp-content\/uploads\/2025\/05\/5f8de839b037ccdc38dd83d6cf5e39f9.jpg",800,533,false],"trp-custom-language-flag":["https:\/\/wisecnclaser.com\/wp-content\/uploads\/2025\/05\/5f8de839b037ccdc38dd83d6cf5e39f9-18x12.jpg",18,12,true],"woocommerce_thumbnail":["https:\/\/wisecnclaser.com\/wp-content\/uploads\/2025\/05\/5f8de839b037ccdc38dd83d6cf5e39f9-300x300.jpg",300,300,true],"woocommerce_single":["https:\/\/wisecnclaser.com\/wp-content\/uploads\/2025\/05\/5f8de839b037ccdc38dd83d6cf5e39f9-600x400.jpg",600,400,true],"woocommerce_gallery_thumbnail":["https:\/\/wisecnclaser.com\/wp-content\/uploads\/2025\/05\/5f8de839b037ccdc38dd83d6cf5e39f9-100x100.jpg",100,100,true]},"uagb_author_info":{"display_name":"jinxing6611@gmail.com","author_link":"https:\/\/wisecnclaser.com\/cs\/author\/"},"uagb_comment_info":0,"uagb_excerpt":"Letter Bending Machine Advantages: 1.Independent double slotting system, the real realization of different types of materials freely processing. 2.Automatic adjustment of cutting depth for both planer and milling cutter slotting, easy to operate 3.The planer is made with hard alloy finished , cutting stable and smooth , blade grain with a number of tips can&hellip;","_links":{"self":[{"href":"https:\/\/wisecnclaser.com\/cs\/wp-json\/wp\/v2\/product\/3627","targetHints":{"allow":["GET"]}}],"collection":[{"href":"https:\/\/wisecnclaser.com\/cs\/wp-json\/wp\/v2\/product"}],"about":[{"href":"https:\/\/wisecnclaser.com\/cs\/wp-json\/wp\/v2\/types\/product"}],"wp:featuredmedia":[{"embeddable":true,"href":"https:\/\/wisecnclaser.com\/cs\/wp-json\/wp\/v2\/media\/3630"}],"wp:attachment":[{"href":"https:\/\/wisecnclaser.com\/cs\/wp-json\/wp\/v2\/media?parent=3627"}],"wp:term":[{"taxonomy":"product_brand","embeddable":true,"href":"https:\/\/wisecnclaser.com\/cs\/wp-json\/wp\/v2\/product_brand?post=3627"},{"taxonomy":"product_cat","embeddable":true,"href":"https:\/\/wisecnclaser.com\/cs\/wp-json\/wp\/v2\/product_cat?post=3627"},{"taxonomy":"product_tag","embeddable":true,"href":"https:\/\/wisecnclaser.com\/cs\/wp-json\/wp\/v2\/product_tag?post=3627"}],"curies":[{"name":"wp","href":"https:\/\/api.w.org\/{rel}","templated":true}]}}