{"id":3631,"date":"2025-05-23T00:31:03","date_gmt":"2025-05-23T00:31:03","guid":{"rendered":"https:\/\/wisecnclaser.com\/?post_type=product&#038;p=3631"},"modified":"2025-05-23T00:31:03","modified_gmt":"2025-05-23T00:31:03","slug":"wise48-heavy-duty-atc-cnc-router","status":"publish","type":"product","link":"https:\/\/wisecnclaser.com\/cs\/produkt\/wise48-heavy-duty-atc-cnc-router\/","title":{"rendered":"WISE48 Heavy Duty ATC CNC Router"},"content":{"rendered":"<p>Vlastnosti:<\/p>\n<p>1.Cel\u00e9 t\u011blo stroje je vyrobeno z 8MM ocelov\u00e9 beze\u0161v\u00e9 sva\u0159ovac\u00ed tempera\u010dn\u00ed \u00fapravy st\u00e1rnut\u00ed, tuh\u00e9, bez deformace.<\/p>\n<p>2.Servomotor, vysok\u00e1 p\u0159esnost a vysok\u00e1 rychlost.<\/p>\n<p>3. Tchaj-wan 30 \u010dtvercov\u00fdch kolejnic, hladk\u00fd chod, stabiln\u011bj\u0161\u00ed vysok\u00e1 p\u0159esnost, dlouh\u00e1 \u017eivotnost.<\/p>\n<p>4. 9KW vzduchem chlazen\u00e9 ATC v\u0159eteno, dlouh\u00e1 \u017eivotnost, ot\u00e1\u010dky a\u017e 18000 ot\/min, vy\u0159ez\u00e1van\u00fd hladk\u00fd povrch.<\/p>\n<p>5. Velk\u00e1 vybaven\u00e1 samostatnou sk\u0159\u00ed\u0148kou, ovl\u00e1d\u00e1n\u00ed pomoc\u00ed dotykov\u00e9 obrazovky, jednoduch\u00e9 a pohodln\u00e9, snadno se u\u010d\u00ed.<\/p>\n<p>6. D\u00edky dvouvrstv\u00e9mu vakuov\u00e9mu stolu, \u0159ez\u00e1n\u00ed k\u0159\u00ed\u017eem na vakuov\u00e9m stole, lep\u0161\u00ed sac\u00ed \u00fa\u010dinek. vakuov\u00fd syst\u00e9m lze nas\u00e1vat v procesu zpracov\u00e1n\u00ed d\u0159evn\u00ed \u0161t\u011bpky a ne\u010distot, udr\u017eovat st\u016fl \u010dist\u00fd a nep\u0159\u00edmou \u00fadr\u017ebu za\u0159\u00edzen\u00ed.<\/p>\n<p>7.12 line\u00e1rn\u00ed n\u00e1stroje ATC, servopohon<\/p>\n<p>8. pou\u017e\u00edv\u00e1 se k \u0159ez\u00e1n\u00ed d\u0159eva, grav\u00edrov\u00e1n\u00ed, fr\u00e9zov\u00e1n\u00ed, \u0159ez\u00e1n\u00ed otvor\u016f, pou\u017e\u00edv\u00e1 se p\u0159i v\u00fdrob\u011b panelov\u00e9ho n\u00e1bytku, sk\u0159\u00edn\u00ed s oble\u010den\u00edm a pokro\u010dil\u00fdch sk\u0159\u00ed\u0148ov\u00fdch dve\u0159\u00ed.<\/p>\n<p>&nbsp;<\/p>\n<p>Pou\u017eit\u00ed:<\/p>\n<p>Vhodn\u00e9 pro truhl\u00e1\u0159stv\u00ed, d\u0159ev\u011bn\u00e9 dve\u0159e, n\u00e1bytek, sk\u0159\u00edn\u011b, formy, panelov\u00fd n\u00e1bytek atd.<\/p>\n<p>&nbsp;<\/p>\n<table border=\"1\" width=\"666\">\n<tbody>\n<tr class=\"firstRow\">\n<td colspan=\"2\" width=\"662\">Popis a specifikace t\u011b\u017ek\u00e9ho CNC routeru ATC:<\/td>\n<\/tr>\n<tr>\n<td valign=\"top\" width=\"217\">Model<\/td>\n<td valign=\"top\" width=\"446\">WISE48<\/td>\n<\/tr>\n<tr>\n<td valign=\"top\" width=\"217\">X Pracovn\u00ed oblast<\/td>\n<td valign=\"top\" width=\"446\">1300 mm<\/td>\n<\/tr>\n<tr>\n<td valign=\"top\" width=\"217\">Y Pracovn\u00ed oblast<\/td>\n<td valign=\"top\" width=\"446\">2500 mm<\/td>\n<\/tr>\n<tr>\n<td valign=\"top\" width=\"217\">Z Pracovn\u00ed oblast<\/td>\n<td valign=\"top\" width=\"446\">300 mm<\/td>\n<\/tr>\n<tr>\n<td valign=\"top\" width=\"217\">St\u016fl stroje<\/td>\n<td valign=\"top\" width=\"446\">Dvouvrstv\u00fd vakuov\u00fd st\u016fl<\/td>\n<\/tr>\n<tr>\n<td valign=\"top\" width=\"217\">P\u0159esnost ur\u010dov\u00e1n\u00ed polohy p\u0159i cestov\u00e1n\u00ed<\/td>\n<td valign=\"top\" width=\"446\">\u00b10,05 mm<\/td>\n<\/tr>\n<tr>\n<td valign=\"top\" width=\"217\">P\u0159esnost polohov\u00e1n\u00ed<\/td>\n<td valign=\"top\" width=\"446\">\u00b10,05 mm<\/td>\n<\/tr>\n<tr>\n<td valign=\"top\" width=\"217\">X,Y,Z Struktura<\/td>\n<td valign=\"top\" width=\"446\">XY Taiwan 2,0M ozuben\u00e9 kolo, Z Taiwan kuli\u010dkov\u00fd \u0161roub. V\u0161echny osy pou\u017e\u00edvaj\u00ed \u010dtvercov\u00e9 veden\u00ed<\/td>\n<\/tr>\n<tr>\n<td valign=\"top\" width=\"217\">N\u00c1STROJE ATC<\/td>\n<td valign=\"top\" width=\"446\">12 N\u00c1STROJ\u016e v \u0159ad\u011b<\/td>\n<\/tr>\n<tr>\n<td valign=\"top\" width=\"217\">Max. Rychlost rychl\u00e9 j\u00edzdy<\/td>\n<td valign=\"top\" width=\"446\">50000 mm\/min<\/td>\n<\/tr>\n<tr>\n<td valign=\"top\" width=\"217\">Max. Pracovn\u00ed rychlost<\/td>\n<td valign=\"top\" width=\"446\">25000 mm\/min<\/td>\n<\/tr>\n<tr>\n<td valign=\"top\" width=\"217\">V\u0159eteno<\/td>\n<td valign=\"top\" width=\"446\">9KW ATC v\u0159eteno<\/td>\n<\/tr>\n<tr>\n<td valign=\"top\" width=\"217\">Ot\u00e1\u010dky v\u0159etena<\/td>\n<td valign=\"top\" width=\"446\">0-18000 ot\/min<\/td>\n<\/tr>\n<tr>\n<td valign=\"top\" width=\"217\">Pohonn\u00fd motor<\/td>\n<td valign=\"top\" width=\"446\">\u010c\u00ednsk\u00e9 servo<\/td>\n<\/tr>\n<tr>\n<td valign=\"top\" width=\"217\">P\u0159\u00edkaz<\/td>\n<td valign=\"top\" width=\"446\">G-k\u00f3d*.u00*.mmg*.plt<\/td>\n<\/tr>\n<tr>\n<td valign=\"top\" width=\"217\">Pracovn\u00ed nap\u011bt\u00ed<\/td>\n<td valign=\"top\" width=\"446\">3PH AC380V\/50Hz<\/td>\n<\/tr>\n<tr>\n<td valign=\"top\" width=\"217\">\u0158\u00eddic\u00ed syst\u00e9m<\/td>\n<td valign=\"top\" width=\"446\">\u0158\u00eddic\u00ed syst\u00e9m LNC na Tchaj-wanu<\/td>\n<\/tr>\n<tr>\n<td valign=\"top\" width=\"217\">Vodic\u00ed kolejnice<\/td>\n<td valign=\"top\" width=\"446\">Tchaj-wan 30 \u010dtvercov\u00fdch kolejnic<\/td>\n<\/tr>\n<tr>\n<td valign=\"top\" width=\"217\">Ovl\u00e1dac\u00ed sk\u0159\u00ed\u0148<\/td>\n<td valign=\"top\" width=\"446\">dotykov\u00e1 sk\u0159\u00ed\u0148ka s obrazovkou<\/td>\n<\/tr>\n<tr>\n<td valign=\"top\" width=\"217\">Mazac\u00ed syst\u00e9m<\/td>\n<td valign=\"top\" width=\"446\">Automatick\u00fd mazac\u00ed syst\u00e9m<\/td>\n<\/tr>\n<tr>\n<td valign=\"top\" width=\"217\">Pomocn\u00e9 za\u0159\u00edzen\u00ed<\/td>\n<td valign=\"top\" width=\"446\">V\u00fdsuvn\u00e9 \u010depy - k upevn\u011bn\u00ed materi\u00e1lu na spr\u00e1vn\u00e9 m\u00edsto , sn\u00edma\u010d n\u00e1stroje ke kalibraci stejn\u00e9 v\u00fd\u0161ky osy Z ka\u017ed\u00e9ho n\u00e1stroje, 5,5kw vysava\u010d prachu , 7,5kw v\u00fdv\u011bva.<\/td>\n<\/tr>\n<\/tbody>\n<\/table>","protected":false},"excerpt":{"rendered":"<p>tool magazine of 12 tools linear atc cnc router\u00a0can move with the gantry, which can not only change different tool heads at any time according to the processing requirements, but also has a fast tool change speed and high processing efficiency.<\/p>\n<p>One machine can basically cut 70-90 sheets wood panel a day, and the processing efficiency is very high. The board utilization rate is as high as 98%, which greatly reduces the cost of raw materials.<\/p>\n<p>Application:Panel furniture, cabinet wardrobe, office furniture, custom furniture, computer desks,\u00a0 wooden speakers, wooden kitchen utensils and other board furniture flat cutting, milling, beveling, punching, carving and other auxiliary processing<\/p>","protected":false},"featured_media":3634,"template":"","meta":{"_seopress_robots_primary_cat":"","_seopress_titles_title":"","_seopress_titles_desc":"","_seopress_robots_index":"","_uag_custom_page_level_css":"","site-sidebar-layout":"default","site-content-layout":"","ast-site-content-layout":"default","site-content-style":"default","site-sidebar-style":"default","ast-global-header-display":"","ast-banner-title-visibility":"","ast-main-header-display":"","ast-hfb-above-header-display":"","ast-hfb-below-header-display":"","ast-hfb-mobile-header-display":"","site-post-title":"","ast-breadcrumbs-content":"","ast-featured-img":"","footer-sml-layout":"","ast-disable-related-posts":"","theme-transparent-header-meta":"default","adv-header-id-meta":"","stick-header-meta":"default","header-above-stick-meta":"","header-main-stick-meta":"","header-below-stick-meta":"","astra-migrate-meta-layouts":"set","ast-page-background-enabled":"default","ast-page-background-meta":{"desktop":{"background-color":"","background-image":"","background-repeat":"repeat","background-position":"center center","background-size":"auto","background-attachment":"scroll","background-type":"","background-media":"","overlay-type":"","overlay-color":"","overlay-opacity":"","overlay-gradient":""},"tablet":{"background-color":"","background-image":"","background-repeat":"repeat","background-position":"center center","background-size":"auto","background-attachment":"scroll","background-type":"","background-media":"","overlay-type":"","overlay-color":"","overlay-opacity":"","overlay-gradient":""},"mobile":{"background-color":"","background-image":"","background-repeat":"repeat","background-position":"center center","background-size":"auto","background-attachment":"scroll","background-type":"","background-media":"","overlay-type":"","overlay-color":"","overlay-opacity":"","overlay-gradient":""}},"ast-content-background-meta":{"desktop":{"background-color":"var(--ast-global-color-5)","background-image":"","background-repeat":"repeat","background-position":"center center","background-size":"auto","background-attachment":"scroll","background-type":"","background-media":"","overlay-type":"","overlay-color":"","overlay-opacity":"","overlay-gradient":""},"tablet":{"background-color":"var(--ast-global-color-5)","background-image":"","background-repeat":"repeat","background-position":"center center","background-size":"auto","background-attachment":"scroll","background-type":"","background-media":"","overlay-type":"","overlay-color":"","overlay-opacity":"","overlay-gradient":""},"mobile":{"background-color":"var(--ast-global-color-5)","background-image":"","background-repeat":"repeat","background-position":"center center","background-size":"auto","background-attachment":"scroll","background-type":"","background-media":"","overlay-type":"","overlay-color":"","overlay-opacity":"","overlay-gradient":""}}},"product_brand":[],"product_cat":[34],"product_tag":[],"class_list":{"0":"post-3631","1":"product","2":"type-product","3":"status-publish","4":"has-post-thumbnail","6":"product_cat-nesting","7":"desktop-align-left","8":"tablet-align-left","9":"mobile-align-left","10":"ast-product-gallery-layout-horizontal-slider","11":"ast-product-tabs-layout-horizontal","13":"first","14":"instock","15":"shipping-taxable","16":"product-type-simple"},"uagb_featured_image_src":{"full":["https:\/\/wisecnclaser.com\/wp-content\/uploads\/2025\/05\/36752d094c7c1891c401876f4adde1b7.png",800,800,false],"thumbnail":["https:\/\/wisecnclaser.com\/wp-content\/uploads\/2025\/05\/36752d094c7c1891c401876f4adde1b7-150x150.png",150,150,true],"medium":["https:\/\/wisecnclaser.com\/wp-content\/uploads\/2025\/05\/36752d094c7c1891c401876f4adde1b7-300x300.png",300,300,true],"medium_large":["https:\/\/wisecnclaser.com\/wp-content\/uploads\/2025\/05\/36752d094c7c1891c401876f4adde1b7-768x768.png",768,768,true],"large":["https:\/\/wisecnclaser.com\/wp-content\/uploads\/2025\/05\/36752d094c7c1891c401876f4adde1b7.png",800,800,false],"1536x1536":["https:\/\/wisecnclaser.com\/wp-content\/uploads\/2025\/05\/36752d094c7c1891c401876f4adde1b7.png",800,800,false],"2048x2048":["https:\/\/wisecnclaser.com\/wp-content\/uploads\/2025\/05\/36752d094c7c1891c401876f4adde1b7.png",800,800,false],"trp-custom-language-flag":["https:\/\/wisecnclaser.com\/wp-content\/uploads\/2025\/05\/36752d094c7c1891c401876f4adde1b7-12x12.png",12,12,true],"woocommerce_thumbnail":["https:\/\/wisecnclaser.com\/wp-content\/uploads\/2025\/05\/36752d094c7c1891c401876f4adde1b7-300x300.png",300,300,true],"woocommerce_single":["https:\/\/wisecnclaser.com\/wp-content\/uploads\/2025\/05\/36752d094c7c1891c401876f4adde1b7-600x600.png",600,600,true],"woocommerce_gallery_thumbnail":["https:\/\/wisecnclaser.com\/wp-content\/uploads\/2025\/05\/36752d094c7c1891c401876f4adde1b7-100x100.png",100,100,true]},"uagb_author_info":{"display_name":"jinxing6611@gmail.com","author_link":"https:\/\/wisecnclaser.com\/cs\/author\/"},"uagb_comment_info":0,"uagb_excerpt":"tool magazine of 12 tools linear atc cnc router\u00a0can move with the gantry, which can not only change different tool heads at any time according to the processing requirements, but also has a fast tool change speed and high processing efficiency. One machine can basically cut 70-90 sheets wood panel a day, and the processing&hellip;","_links":{"self":[{"href":"https:\/\/wisecnclaser.com\/cs\/wp-json\/wp\/v2\/product\/3631","targetHints":{"allow":["GET"]}}],"collection":[{"href":"https:\/\/wisecnclaser.com\/cs\/wp-json\/wp\/v2\/product"}],"about":[{"href":"https:\/\/wisecnclaser.com\/cs\/wp-json\/wp\/v2\/types\/product"}],"wp:featuredmedia":[{"embeddable":true,"href":"https:\/\/wisecnclaser.com\/cs\/wp-json\/wp\/v2\/media\/3634"}],"wp:attachment":[{"href":"https:\/\/wisecnclaser.com\/cs\/wp-json\/wp\/v2\/media?parent=3631"}],"wp:term":[{"taxonomy":"product_brand","embeddable":true,"href":"https:\/\/wisecnclaser.com\/cs\/wp-json\/wp\/v2\/product_brand?post=3631"},{"taxonomy":"product_cat","embeddable":true,"href":"https:\/\/wisecnclaser.com\/cs\/wp-json\/wp\/v2\/product_cat?post=3631"},{"taxonomy":"product_tag","embeddable":true,"href":"https:\/\/wisecnclaser.com\/cs\/wp-json\/wp\/v2\/product_tag?post=3631"}],"curies":[{"name":"wp","href":"https:\/\/api.w.org\/{rel}","templated":true}]}}