{"id":3659,"date":"2025-05-23T00:57:22","date_gmt":"2025-05-23T00:57:22","guid":{"rendered":"https:\/\/wisecnclaser.com\/?post_type=product&#038;p=3659"},"modified":"2025-05-23T00:57:23","modified_gmt":"2025-05-23T00:57:23","slug":"handheld-laser-welding-machine","status":"publish","type":"product","link":"https:\/\/wisecnclaser.com\/cs\/produkt\/handheld-laser-welding-machine\/","title":{"rendered":"Ru\u010dn\u00ed laserov\u00fd sva\u0159ovac\u00ed stroj"},"content":{"rendered":"<p><b>\u00daVOD<\/b><\/p>\n<p>\u00d8 Laserov\u00e9 sva\u0159ov\u00e1n\u00ed je druh metody zpracov\u00e1n\u00ed, kter\u00e1 vyu\u017e\u00edv\u00e1 laserov\u00fd paprsek s vysokou hustotou energie jako zdroj tepla ke sva\u0159ov\u00e1n\u00ed materi\u00e1l\u016f.<\/p>\n<p>\u00d8 V posledn\u00edch letech se laser d\u00edky neust\u00e1l\u00e9mu v\u00fdvoji a pokroku v oblasti materi\u00e1l\u016f, technologi\u00ed a proces\u016f \u0161iroce pou\u017e\u00edv\u00e1 p\u0159i sva\u0159ov\u00e1n\u00ed a p\u00e1jen\u00ed plast\u016f, kov\u016f atd. a bude i nad\u00e1le nahrazovat tradi\u010dn\u00ed metody sva\u0159ov\u00e1n\u00ed, jako je sva\u0159ov\u00e1n\u00ed argonov\u00fdm obloukem v automobilov\u00e9m, senzorov\u00e9m, elektronick\u00e9m a dal\u0161\u00edch odv\u011btv\u00edch.<\/p>\n<p>\u00d8 Ru\u010dn\u00ed laserov\u00e1 sv\u00e1\u0159e\u010dka s ru\u010dn\u00ed sva\u0159ovac\u00ed hlavou, podobn\u00e1 sva\u0159ov\u00e1n\u00ed argonov\u00fdm obloukem, flexibiln\u00ed a jednoduch\u00e1 obsluha, vhodn\u00e1 pro mal\u00e9 a velk\u00e9 s\u00e9rie s n\u00edzk\u00fdmi n\u00e1roky na konzistenci v\u00fdrobku.<\/p>\n<p>\u00d8 M\u016f\u017ee b\u00fdt \u0161iroce pou\u017e\u00edv\u00e1n v komplikovan\u00fdch a nepravideln\u00fdch sva\u0159ovac\u00edch procesech sk\u0159\u00edn\u00ed, kuchyn\u00ed a koupelen, schodi\u0161\u0165ov\u00fdch v\u00fdtah\u016f, polic, pec\u00ed, z\u00e1bradl\u00ed dve\u0159\u00ed a oken z nerezov\u00e9 oceli, rozvodn\u00fdch sk\u0159\u00edn\u00ed, dom\u00e1cnost\u00ed z nerezov\u00e9 oceli a dal\u0161\u00edch pr\u016fmyslov\u00fdch odv\u011btv\u00edch.<\/p>\n<p><b>VLASTNOSTI A V\u00ddHODY<\/b><\/p>\n<p>\u00d8 Rychlost sva\u0159ov\u00e1n\u00ed je vysok\u00e1, 2-3kr\u00e1t rychlej\u0161\u00ed ne\u017e tradi\u010dn\u00ed sva\u0159ov\u00e1n\u00ed.<\/p>\n<p>\u00d8 Sva\u0159ovac\u00ed materi\u00e1ly jsou levn\u011bj\u0161\u00ed, maj\u00ed dlouhou \u017eivotnost, jsou bezpe\u010dn\u011bj\u0161\u00ed a chr\u00e1n\u00ed \u017eivotn\u00ed prost\u0159ed\u00ed.<\/p>\n<p>\u00d8 Hladk\u00fd a kr\u00e1sn\u00fd sv\u00e1r bez sekund\u00e1rn\u00ed \u00fapravy, co\u017e \u0161et\u0159\u00ed \u010das a n\u00e1klady.<\/p>\n<p>\u00d8 sva\u0159ovan\u00fd obrobek m\u00e1 mal\u00fd tepeln\u00fd vliv a nedoch\u00e1z\u00ed k jeho deformaci.<\/p>\n<p>\u00d8 V\u00fdkyvem laserov\u00e9 hlavy lze paprsek nastavit na 0,5 a\u017e 6 mm, \u010d\u00edm\u017e se vyrovn\u00e1v\u00e1 nev\u00fdhoda mal\u00e9ho bodu laserov\u00e9ho sva\u0159ov\u00e1n\u00ed, roz\u0161i\u0159uje se rozsah tolerance a \u0161\u00ed\u0159ka svaru p\u0159i zpracov\u00e1n\u00ed d\u00edl\u016f a dosahuje se lep\u0161\u00edho tvarov\u00e1n\u00ed svaru.<\/p>\n<p><strong>PODROBNOSTI O PARAMETRECH<\/strong><\/p>\n<table width=\"666\">\n<tbody>\n<tr>\n<td width=\"254\">POLO\u017dKY<\/td>\n<td colspan=\"3\" width=\"439\">PARAMETR<\/td>\n<\/tr>\n<tr>\n<td width=\"254\">Model<\/td>\n<td width=\"124\">WS-1000<\/td>\n<td width=\"141\">WS-1500<\/td>\n<td width=\"174\">WS-2000<\/td>\n<\/tr>\n<tr>\n<td width=\"254\">V\u00fdkon laseru<\/td>\n<td width=\"124\">1000W<\/td>\n<td width=\"141\">1500W<\/td>\n<td width=\"174\">2000W<\/td>\n<\/tr>\n<tr>\n<td width=\"254\">Pracovn\u00ed nap\u011bt\u00ed<\/td>\n<td width=\"124\">220V<\/td>\n<td width=\"141\">220V<\/td>\n<td width=\"174\">220V\/380V<\/td>\n<\/tr>\n<tr>\n<td width=\"254\">Vlnov\u00e1 d\u00e9lka laseru<\/td>\n<td colspan=\"3\" width=\"439\">1080 nm<\/td>\n<\/tr>\n<tr>\n<td width=\"254\">Typ veden\u00ed<\/td>\n<td colspan=\"3\" width=\"439\">Vl\u00e1knov\u00fd laser<\/td>\n<\/tr>\n<tr>\n<td width=\"254\">Rozsah rychlosti sva\u0159ov\u00e1n\u00ed<\/td>\n<td colspan=\"3\" width=\"439\">0 ~ 120 mm\/s<\/td>\n<\/tr>\n<tr>\n<td width=\"254\">Vodn\u00ed chladi\u010d<\/td>\n<td colspan=\"3\" width=\"439\">Pr\u016fmyslov\u00fd z\u00e1sobn\u00edk vody s konstantn\u00ed teplotou<\/td>\n<\/tr>\n<tr>\n<td width=\"254\">Rozsah teploty pracovn\u00edho prost\u0159ed\u00ed<\/td>\n<td colspan=\"3\" width=\"439\">10~40 \u2103<\/td>\n<\/tr>\n<tr>\n<td width=\"254\">Rozsah vlhkosti pracovn\u00edho prost\u0159ed\u00ed<\/td>\n<td colspan=\"3\" width=\"439\">&lt; 70% \u017d\u00e1dn\u00e1 kondenzace<\/td>\n<\/tr>\n<tr>\n<td width=\"254\">Schopnost sva\u0159ov\u00e1n\u00ed<\/td>\n<td width=\"124\">Nerezov\u00e1 ocel 4 mm<\/p>\n<p>Uhl\u00edkov\u00e1 ocel 4 mm<\/p>\n<p>Hlin\u00edk 2 mm<\/td>\n<td width=\"141\">Nerezov\u00e1 ocel 5 mm<\/p>\n<p>uhl\u00edkov\u00e1 ocel 5 mm<\/p>\n<p>hlin\u00edk 3 mm<\/td>\n<td width=\"174\">Nerezov\u00e1 ocel 6 mm<\/p>\n<p>Uhl\u00edkov\u00e1 ocel 6 mm<\/p>\n<p>Hlin\u00edk 4 mm<\/td>\n<\/tr>\n<tr>\n<td width=\"254\">Po\u017eadavky na sva\u0159ovac\u00ed \u0161vy<\/td>\n<td colspan=\"3\" width=\"439\">\u22640,5 mm<\/td>\n<\/tr>\n<\/tbody>\n<\/table>\n<p><b>\u00a0<\/b><\/p>\n<p><b>SROVN\u00c1N\u00cd: LASEROV\u00c9 SVA\u0158OV\u00c1N\u00cd A TRADI\u010cN\u00cd SVA\u0158OV\u00c1N\u00cd<\/b><\/p>\n<table width=\"666\">\n<tbody>\n<tr>\n<td width=\"260\"><b>SROVN\u00c1VAC\u00cd POLO\u017dKY<\/b><\/td>\n<td width=\"200\"><b>TRADI\u010cN\u00cd SVA\u0158OV\u00c1N\u00cd<\/b><\/td>\n<td width=\"230\"><b>SVA\u0158OV\u00c1N\u00cd LASEREM<\/b><\/td>\n<\/tr>\n<tr>\n<td width=\"260\">Tepeln\u00fd p\u0159\u00edkon obrobku<\/td>\n<td width=\"200\">Velmi vysok\u00e1<\/td>\n<td width=\"230\">N\u00edzk\u00e1<\/td>\n<\/tr>\n<tr>\n<td width=\"260\">Deformace a pod\u0159ez\u00e1n\u00ed obrobku<\/td>\n<td width=\"200\">Velk\u00e9<\/td>\n<td width=\"230\">Mal\u00e9<\/td>\n<\/tr>\n<tr>\n<td width=\"260\">Pevnost spoje se z\u00e1kladn\u00edm kovem<\/td>\n<td width=\"200\">B\u011b\u017en\u011b<\/td>\n<td width=\"230\">Velmi p\u011bkn\u00e9<\/td>\n<\/tr>\n<tr>\n<td width=\"260\">N\u00e1sledn\u00e1 l\u00e9\u010dba<\/td>\n<td width=\"200\">Polsk\u00fd<\/td>\n<td width=\"230\">\u017d\u00e1dn\u00e9 brou\u0161en\u00ed nebo jen mal\u00e9 brou\u0161en\u00ed<\/td>\n<\/tr>\n<tr>\n<td width=\"260\">Rychlost sva\u0159ov\u00e1n\u00ed<\/td>\n<td width=\"200\">B\u011b\u017en\u011b<\/td>\n<td width=\"230\">V\u00edce ne\u017e dvojn\u00e1sobek sva\u0159ov\u00e1n\u00ed argonov\u00fdm obloukem<\/td>\n<\/tr>\n<tr>\n<td width=\"260\">Pou\u017eiteln\u00e9 materi\u00e1ly<\/td>\n<td width=\"200\">Nerezov\u00e1 ocel, uhl\u00edkov\u00e1 ocel, pozinkovan\u00fd plech<\/td>\n<td width=\"230\">Nerezov\u00e1 ocel, uhl\u00edkov\u00e1 ocel, pozinkovan\u00fd plech<\/td>\n<\/tr>\n<tr>\n<td width=\"260\">Spot\u0159ebn\u00ed materi\u00e1l<\/td>\n<td width=\"200\">Mnoho spot\u0159ebn\u00edho materi\u00e1lu<\/td>\n<td width=\"230\">M\u00e9n\u011b spot\u0159ebn\u00edho materi\u00e1lu<\/td>\n<\/tr>\n<tr>\n<td width=\"260\">Obt\u00ed\u017enost operace<\/td>\n<td width=\"200\">Komplexn\u00ed<\/td>\n<td width=\"230\">Jednoduch\u00e9<\/td>\n<\/tr>\n<tr>\n<td width=\"260\">Bezpe\u010dnost obsluhy<\/td>\n<td width=\"200\">Nebezpe\u010dn\u00e9<\/td>\n<td width=\"230\">Bezpe\u010dn\u00e9<\/td>\n<\/tr>\n<tr>\n<td width=\"260\">Dopad na \u017eivotn\u00ed prost\u0159ed\u00ed<\/td>\n<td width=\"200\">Nen\u00ed ekologick\u00e9<\/td>\n<td width=\"230\">\u017divotn\u00ed prost\u0159ed\u00ed<\/td>\n<\/tr>\n<tr>\n<td width=\"260\">Tolerance chyb p\u0159i sva\u0159ov\u00e1n\u00ed<\/td>\n<td width=\"200\">Dobr\u00fd<\/td>\n<td width=\"230\">Dobr\u00fd<\/td>\n<\/tr>\n<tr>\n<td width=\"260\">Swingov\u00e9 sva\u0159ov\u00e1n\u00ed<\/td>\n<td width=\"200\">-<\/td>\n<td width=\"230\">Ano<\/td>\n<\/tr>\n<tr>\n<td width=\"260\">\u0160\u00ed\u0159ka bodu je nastaviteln\u00e1<\/td>\n<td width=\"200\">-<\/td>\n<td width=\"230\">Ano<\/td>\n<\/tr>\n<tr>\n<td width=\"260\">Srovn\u00e1n\u00ed kvality sva\u0159ov\u00e1n\u00ed<\/td>\n<td width=\"200\">\u0160patn\u00fd<\/td>\n<td width=\"230\">Velmi dobr\u00e9<\/td>\n<\/tr>\n<\/tbody>\n<\/table>","protected":false},"excerpt":{"rendered":"<p><b>\u00daVOD<\/b><\/p>\n<p>\u00d8 Laserov\u00e9 sva\u0159ov\u00e1n\u00ed je druh metody zpracov\u00e1n\u00ed, kter\u00e1 vyu\u017e\u00edv\u00e1 laserov\u00fd paprsek s vysokou hustotou energie jako zdroj tepla ke sva\u0159ov\u00e1n\u00ed materi\u00e1l\u016f.<\/p>\n<p>\u00d8 V posledn\u00edch letech se laser d\u00edky neust\u00e1l\u00e9mu v\u00fdvoji a pokroku v oblasti materi\u00e1l\u016f, technologi\u00ed a proces\u016f \u0161iroce pou\u017e\u00edv\u00e1 p\u0159i sva\u0159ov\u00e1n\u00ed a p\u00e1jen\u00ed plast\u016f, kov\u016f atd. a bude i nad\u00e1le nahrazovat tradi\u010dn\u00ed metody sva\u0159ov\u00e1n\u00ed, jako je sva\u0159ov\u00e1n\u00ed argonov\u00fdm obloukem v automobilov\u00e9m, senzorov\u00e9m, elektronick\u00e9m a dal\u0161\u00edch odv\u011btv\u00edch.<\/p>\n<p>\u00d8 Ru\u010dn\u00ed laserov\u00e1 sv\u00e1\u0159e\u010dka s ru\u010dn\u00ed sva\u0159ovac\u00ed hlavou, podobn\u00e1 sva\u0159ov\u00e1n\u00ed argonov\u00fdm obloukem, flexibiln\u00ed a jednoduch\u00e1 obsluha, vhodn\u00e1 pro mal\u00e9 a velk\u00e9 s\u00e9rie s n\u00edzk\u00fdmi n\u00e1roky na konzistenci v\u00fdrobku.<\/p>\n<p>\u00d8 M\u016f\u017ee b\u00fdt \u0161iroce pou\u017e\u00edv\u00e1n v komplikovan\u00fdch a nepravideln\u00fdch sva\u0159ovac\u00edch procesech sk\u0159\u00edn\u00ed, kuchyn\u00ed a koupelen, schodi\u0161\u0165ov\u00fdch v\u00fdtah\u016f, polic, pec\u00ed, z\u00e1bradl\u00ed dve\u0159\u00ed a oken z nerezov\u00e9 oceli, rozvodn\u00fdch sk\u0159\u00edn\u00ed, dom\u00e1cnost\u00ed z nerezov\u00e9 oceli a dal\u0161\u00edch pr\u016fmyslov\u00fdch odv\u011btv\u00edch.<\/p>","protected":false},"featured_media":3662,"template":"","meta":{"_seopress_robots_primary_cat":"","_seopress_titles_title":"","_seopress_titles_desc":"","_seopress_robots_index":"","_uag_custom_page_level_css":"","site-sidebar-layout":"default","site-content-layout":"","ast-site-content-layout":"default","site-content-style":"default","site-sidebar-style":"default","ast-global-header-display":"","ast-banner-title-visibility":"","ast-main-header-display":"","ast-hfb-above-header-display":"","ast-hfb-below-header-display":"","ast-hfb-mobile-header-display":"","site-post-title":"","ast-breadcrumbs-content":"","ast-featured-img":"","footer-sml-layout":"","ast-disable-related-posts":"","theme-transparent-header-meta":"default","adv-header-id-meta":"","stick-header-meta":"default","header-above-stick-meta":"","header-main-stick-meta":"","header-below-stick-meta":"","astra-migrate-meta-layouts":"set","ast-page-background-enabled":"default","ast-page-background-meta":{"desktop":{"background-color":"","background-image":"","background-repeat":"repeat","background-position":"center center","background-size":"auto","background-attachment":"scroll","background-type":"","background-media":"","overlay-type":"","overlay-color":"","overlay-opacity":"","overlay-gradient":""},"tablet":{"background-color":"","background-image":"","background-repeat":"repeat","background-position":"center center","background-size":"auto","background-attachment":"scroll","background-type":"","background-media":"","overlay-type":"","overlay-color":"","overlay-opacity":"","overlay-gradient":""},"mobile":{"background-color":"","background-image":"","background-repeat":"repeat","background-position":"center center","background-size":"auto","background-attachment":"scroll","background-type":"","background-media":"","overlay-type":"","overlay-color":"","overlay-opacity":"","overlay-gradient":""}},"ast-content-background-meta":{"desktop":{"background-color":"var(--ast-global-color-5)","background-image":"","background-repeat":"repeat","background-position":"center center","background-size":"auto","background-attachment":"scroll","background-type":"","background-media":"","overlay-type":"","overlay-color":"","overlay-opacity":"","overlay-gradient":""},"tablet":{"background-color":"var(--ast-global-color-5)","background-image":"","background-repeat":"repeat","background-position":"center center","background-size":"auto","background-attachment":"scroll","background-type":"","background-media":"","overlay-type":"","overlay-color":"","overlay-opacity":"","overlay-gradient":""},"mobile":{"background-color":"var(--ast-global-color-5)","background-image":"","background-repeat":"repeat","background-position":"center center","background-size":"auto","background-attachment":"scroll","background-type":"","background-media":"","overlay-type":"","overlay-color":"","overlay-opacity":"","overlay-gradient":""}}},"product_brand":[],"product_cat":[61],"product_tag":[],"class_list":{"0":"post-3659","1":"product","2":"type-product","3":"status-publish","4":"has-post-thumbnail","6":"product_cat-handheld","7":"desktop-align-left","8":"tablet-align-left","9":"mobile-align-left","10":"ast-product-gallery-layout-horizontal-slider","11":"ast-product-gallery-with-no-image","12":"ast-product-tabs-layout-horizontal","14":"first","15":"instock","16":"shipping-taxable","17":"product-type-simple"},"uagb_featured_image_src":{"full":["https:\/\/wisecnclaser.com\/wp-content\/uploads\/2025\/05\/3ce9e574f8d1ce165d0fbd8ee94018cd.png",800,800,false],"thumbnail":["https:\/\/wisecnclaser.com\/wp-content\/uploads\/2025\/05\/3ce9e574f8d1ce165d0fbd8ee94018cd-150x150.png",150,150,true],"medium":["https:\/\/wisecnclaser.com\/wp-content\/uploads\/2025\/05\/3ce9e574f8d1ce165d0fbd8ee94018cd-300x300.png",300,300,true],"medium_large":["https:\/\/wisecnclaser.com\/wp-content\/uploads\/2025\/05\/3ce9e574f8d1ce165d0fbd8ee94018cd-768x768.png",768,768,true],"large":["https:\/\/wisecnclaser.com\/wp-content\/uploads\/2025\/05\/3ce9e574f8d1ce165d0fbd8ee94018cd.png",800,800,false],"1536x1536":["https:\/\/wisecnclaser.com\/wp-content\/uploads\/2025\/05\/3ce9e574f8d1ce165d0fbd8ee94018cd.png",800,800,false],"2048x2048":["https:\/\/wisecnclaser.com\/wp-content\/uploads\/2025\/05\/3ce9e574f8d1ce165d0fbd8ee94018cd.png",800,800,false],"trp-custom-language-flag":["https:\/\/wisecnclaser.com\/wp-content\/uploads\/2025\/05\/3ce9e574f8d1ce165d0fbd8ee94018cd-12x12.png",12,12,true],"woocommerce_thumbnail":["https:\/\/wisecnclaser.com\/wp-content\/uploads\/2025\/05\/3ce9e574f8d1ce165d0fbd8ee94018cd-300x300.png",300,300,true],"woocommerce_single":["https:\/\/wisecnclaser.com\/wp-content\/uploads\/2025\/05\/3ce9e574f8d1ce165d0fbd8ee94018cd-600x600.png",600,600,true],"woocommerce_gallery_thumbnail":["https:\/\/wisecnclaser.com\/wp-content\/uploads\/2025\/05\/3ce9e574f8d1ce165d0fbd8ee94018cd-100x100.png",100,100,true]},"uagb_author_info":{"display_name":"jinxing6611@gmail.com","author_link":"https:\/\/wisecnclaser.com\/cs\/author\/"},"uagb_comment_info":0,"uagb_excerpt":"INTRODUCTION \u00d8\u00a0\u00a0Laser welding is a kind of processing method which uses high energy density laser beam as heat source to weld materials. \u00d8\u00a0\u00a0In recent years, due to the continuous development and progress of materials, technology and process, laser has been widely used in the welding and brazing of plastics, metals, etc., and will continue to&hellip;","_links":{"self":[{"href":"https:\/\/wisecnclaser.com\/cs\/wp-json\/wp\/v2\/product\/3659","targetHints":{"allow":["GET"]}}],"collection":[{"href":"https:\/\/wisecnclaser.com\/cs\/wp-json\/wp\/v2\/product"}],"about":[{"href":"https:\/\/wisecnclaser.com\/cs\/wp-json\/wp\/v2\/types\/product"}],"wp:featuredmedia":[{"embeddable":true,"href":"https:\/\/wisecnclaser.com\/cs\/wp-json\/wp\/v2\/media\/3662"}],"wp:attachment":[{"href":"https:\/\/wisecnclaser.com\/cs\/wp-json\/wp\/v2\/media?parent=3659"}],"wp:term":[{"taxonomy":"product_brand","embeddable":true,"href":"https:\/\/wisecnclaser.com\/cs\/wp-json\/wp\/v2\/product_brand?post=3659"},{"taxonomy":"product_cat","embeddable":true,"href":"https:\/\/wisecnclaser.com\/cs\/wp-json\/wp\/v2\/product_cat?post=3659"},{"taxonomy":"product_tag","embeddable":true,"href":"https:\/\/wisecnclaser.com\/cs\/wp-json\/wp\/v2\/product_tag?post=3659"}],"curies":[{"name":"wp","href":"https:\/\/api.w.org\/{rel}","templated":true}]}}