{"id":3667,"date":"2025-05-23T01:09:22","date_gmt":"2025-05-23T01:09:22","guid":{"rendered":"https:\/\/wisecnclaser.com\/?post_type=product&#038;p=3667"},"modified":"2025-05-23T01:09:22","modified_gmt":"2025-05-23T01:09:22","slug":"cnc-pneumatic-knife-cutting-machine","status":"publish","type":"product","link":"https:\/\/wisecnclaser.com\/cs\/produkt\/cnc-pneumatic-knife-cutting-machine\/","title":{"rendered":"Pneumatick\u00fd \u0159ezac\u00ed stroj CNC s no\u017ei"},"content":{"rendered":"<p>Pou\u017eit\u00ed: Pneumatick\u00fd \u0159ezac\u00ed stroj CNC se pou\u017e\u00edv\u00e1 hlavn\u011b k \u0159ez\u00e1n\u00ed siln\u00e9ho materi\u00e1lu, jako je EVA, PE p\u011bna, pry\u017eov\u00e9 t\u011bsn\u011bn\u00ed, azbestov\u00fd list atd.<\/p>\n<p><strong>\u00a0Popis a specifikace cnc pneumatick\u00e9ho no\u017ee tlust\u00e9ho eva pe p\u011bnov\u00e9ho \u0159ezac\u00edho stroje:<\/strong><\/p>\n<table border=\"1\">\n<tbody>\n<tr class=\"firstRow\">\n<td colspan=\"2\" width=\"662\"><\/td>\n<\/tr>\n<tr>\n<td valign=\"top\" width=\"158\">X pracovn\u00ed velikost<\/td>\n<td valign=\"top\" width=\"504\">1600 mm<\/td>\n<\/tr>\n<tr>\n<td valign=\"top\" width=\"158\">Y pracovn\u00ed velikost<\/td>\n<td valign=\"top\" width=\"504\">2500 mm<\/td>\n<\/tr>\n<tr>\n<td valign=\"top\" width=\"158\">Pracovn\u00ed velikost Z<\/td>\n<td valign=\"top\" width=\"504\">max. 80 mm lze \u0159ezat max. 50-80 mm pe p\u011bny<\/td>\n<\/tr>\n<tr>\n<td valign=\"top\" width=\"158\">\u0158ezac\u00ed hlava<\/td>\n<td valign=\"top\" width=\"504\">Pneumatick\u00e1 \u0159ezac\u00ed hlava s no\u017eem pro CNC obr\u00e1b\u011bn\u00ed<\/td>\n<\/tr>\n<tr>\n<td valign=\"top\" width=\"158\">Zp\u016fsob zobrazen\u00ed<\/td>\n<td valign=\"top\" width=\"504\">Anglick\u00fd dotykov\u00fd displej LED<\/td>\n<\/tr>\n<tr>\n<td valign=\"top\" width=\"158\">St\u016fl stroje<\/td>\n<td valign=\"top\" width=\"504\">Hlin\u00edkov\u00fd sac\u00ed st\u016fl s 9 sac\u00edmi z\u00f3nami<\/td>\n<\/tr>\n<tr>\n<td valign=\"top\" width=\"158\">Zp\u016fsob p\u0159enosu dat<\/td>\n<td valign=\"top\" width=\"504\">Intel<\/td>\n<\/tr>\n<tr>\n<td valign=\"top\" width=\"158\">Vakuov\u00e9 \u010derpadlo<\/td>\n<td valign=\"top\" width=\"504\">9KW vzduchov\u00e1 v\u00fdv\u011bva<\/td>\n<\/tr>\n<tr>\n<td valign=\"top\" width=\"158\">Syst\u00e9m pohonu<\/td>\n<td valign=\"top\" width=\"504\">Tchajwansk\u00fd delta servo ovlada\u010d a motor<\/td>\n<\/tr>\n<tr>\n<td valign=\"top\" width=\"158\">\u0158\u00eddic\u00ed syst\u00e9m<\/td>\n<td valign=\"top\" width=\"504\">\u0158\u00eddic\u00ed syst\u00e9m RD<\/td>\n<\/tr>\n<tr>\n<td valign=\"top\" width=\"158\">Vodic\u00ed syst\u00e9m<\/td>\n<td valign=\"top\" width=\"504\">Tchajwansk\u00e1 \u010dtvercov\u00e1 kolejnice TBI<\/td>\n<\/tr>\n<tr>\n<td valign=\"top\" width=\"158\">Sn\u00edma\u010d n\u00e1\u0159ad\u00ed<\/td>\n<td valign=\"top\" width=\"504\">S \u010dervenou te\u010dkou<\/td>\n<\/tr>\n<tr>\n<td valign=\"top\" width=\"158\">P\u0159evodovka<\/td>\n<td valign=\"top\" width=\"504\">Y ozuben\u00fd pastorek, XZ synchronn\u00ed ocelov\u00fd \u0159emen<\/td>\n<\/tr>\n<tr>\n<td valign=\"top\" width=\"158\">Rychlost \u0159ez\u00e1n\u00ed<\/td>\n<td valign=\"top\" width=\"504\">30 m\/min<\/td>\n<\/tr>\n<tr>\n<td valign=\"top\" width=\"158\">Rychlost j\u00edzdy<\/td>\n<td valign=\"top\" width=\"504\">50 m\/min<\/td>\n<\/tr>\n<tr>\n<td width=\"158\">Hmotnost<\/td>\n<td valign=\"top\" width=\"504\">Asi 600 kg<\/td>\n<\/tr>\n<tr>\n<td valign=\"top\" width=\"158\">Velikost<\/td>\n<td valign=\"top\" width=\"504\">2250*3300*1650 mm<\/td>\n<\/tr>\n<tr>\n<td valign=\"top\" width=\"158\">Power<\/td>\n<td valign=\"top\" width=\"504\">380V 50HZ<\/td>\n<\/tr>\n<tr>\n<td valign=\"top\" width=\"158\">Software<\/td>\n<td valign=\"top\" width=\"504\">vcutworks, stroj m\u00e1 tento software, podpora dxf, plt form\u00e1t souboru<\/td>\n<\/tr>\n<\/tbody>\n<\/table>\n<div style=\"width: 960px;\" class=\"wp-video\"><video class=\"wp-video-shortcode\" id=\"video-3667-1\" width=\"960\" height=\"540\" preload=\"metadata\" controls=\"controls\"><source type=\"video\/mp4\" src=\"https:\/\/wisecnclaser.com\/wp-content\/uploads\/2025\/05\/1625187921256970.mp4?_=1\" \/><a href=\"https:\/\/wisecnclaser.com\/wp-content\/uploads\/2025\/05\/1625187921256970.mp4\">https:\/\/wisecnclaser.com\/wp-content\/uploads\/2025\/05\/1625187921256970.mp4<\/a><\/video><\/div>","protected":false},"excerpt":{"rendered":"<p>Pneumatick\u00fd \u0159ezac\u00ed n\u016f\u017e. Pou\u017e\u00edv\u00e1 se k \u0159ez\u00e1n\u00ed materi\u00e1lu s<strong>\u00a0tlou\u0161\u0165ka v\u00edce ne\u017e 10 mm, pneumatick\u00fd pohon, lze \u0159ezat max. 50-80 mm pe p\u011bny.<\/strong><\/p>\n<p><strong>24000 vibra\u010dn\u00ed frekvence<\/strong><\/p>","protected":false},"featured_media":3671,"template":"","meta":{"_seopress_robots_primary_cat":"","_seopress_titles_title":"","_seopress_titles_desc":"","_seopress_robots_index":"","_uag_custom_page_level_css":"","site-sidebar-layout":"default","site-content-layout":"","ast-site-content-layout":"default","site-content-style":"default","site-sidebar-style":"default","ast-global-header-display":"","ast-banner-title-visibility":"","ast-main-header-display":"","ast-hfb-above-header-display":"","ast-hfb-below-header-display":"","ast-hfb-mobile-header-display":"","site-post-title":"","ast-breadcrumbs-content":"","ast-featured-img":"","footer-sml-layout":"","ast-disable-related-posts":"","theme-transparent-header-meta":"default","adv-header-id-meta":"","stick-header-meta":"default","header-above-stick-meta":"","header-main-stick-meta":"","header-below-stick-meta":"","astra-migrate-meta-layouts":"set","ast-page-background-enabled":"default","ast-page-background-meta":{"desktop":{"background-color":"","background-image":"","background-repeat":"repeat","background-position":"center center","background-size":"auto","background-attachment":"scroll","background-type":"","background-media":"","overlay-type":"","overlay-color":"","overlay-opacity":"","overlay-gradient":""},"tablet":{"background-color":"","background-image":"","background-repeat":"repeat","background-position":"center center","background-size":"auto","background-attachment":"scroll","background-type":"","background-media":"","overlay-type":"","overlay-color":"","overlay-opacity":"","overlay-gradient":""},"mobile":{"background-color":"","background-image":"","background-repeat":"repeat","background-position":"center center","background-size":"auto","background-attachment":"scroll","background-type":"","background-media":"","overlay-type":"","overlay-color":"","overlay-opacity":"","overlay-gradient":""}},"ast-content-background-meta":{"desktop":{"background-color":"var(--ast-global-color-5)","background-image":"","background-repeat":"repeat","background-position":"center center","background-size":"auto","background-attachment":"scroll","background-type":"","background-media":"","overlay-type":"","overlay-color":"","overlay-opacity":"","overlay-gradient":""},"tablet":{"background-color":"var(--ast-global-color-5)","background-image":"","background-repeat":"repeat","background-position":"center center","background-size":"auto","background-attachment":"scroll","background-type":"","background-media":"","overlay-type":"","overlay-color":"","overlay-opacity":"","overlay-gradient":""},"mobile":{"background-color":"var(--ast-global-color-5)","background-image":"","background-repeat":"repeat","background-position":"center center","background-size":"auto","background-attachment":"scroll","background-type":"","background-media":"","overlay-type":"","overlay-color":"","overlay-opacity":"","overlay-gradient":""}}},"product_brand":[],"product_cat":[21],"product_tag":[],"class_list":{"0":"post-3667","1":"product","2":"type-product","3":"status-publish","4":"has-post-thumbnail","6":"product_cat-oscillating","7":"desktop-align-left","8":"tablet-align-left","9":"mobile-align-left","10":"ast-product-gallery-layout-horizontal-slider","11":"ast-product-gallery-with-no-image","12":"ast-product-tabs-layout-horizontal","14":"first","15":"instock","16":"shipping-taxable","17":"product-type-simple"},"uagb_featured_image_src":{"full":["https:\/\/wisecnclaser.com\/wp-content\/uploads\/2025\/05\/20b09ef79ee54f7d9fdfb04134e4e7c1.jpg",800,800,false],"thumbnail":["https:\/\/wisecnclaser.com\/wp-content\/uploads\/2025\/05\/20b09ef79ee54f7d9fdfb04134e4e7c1-150x150.jpg",150,150,true],"medium":["https:\/\/wisecnclaser.com\/wp-content\/uploads\/2025\/05\/20b09ef79ee54f7d9fdfb04134e4e7c1-300x300.jpg",300,300,true],"medium_large":["https:\/\/wisecnclaser.com\/wp-content\/uploads\/2025\/05\/20b09ef79ee54f7d9fdfb04134e4e7c1-768x768.jpg",768,768,true],"large":["https:\/\/wisecnclaser.com\/wp-content\/uploads\/2025\/05\/20b09ef79ee54f7d9fdfb04134e4e7c1.jpg",800,800,false],"1536x1536":["https:\/\/wisecnclaser.com\/wp-content\/uploads\/2025\/05\/20b09ef79ee54f7d9fdfb04134e4e7c1.jpg",800,800,false],"2048x2048":["https:\/\/wisecnclaser.com\/wp-content\/uploads\/2025\/05\/20b09ef79ee54f7d9fdfb04134e4e7c1.jpg",800,800,false],"trp-custom-language-flag":["https:\/\/wisecnclaser.com\/wp-content\/uploads\/2025\/05\/20b09ef79ee54f7d9fdfb04134e4e7c1-12x12.jpg",12,12,true],"woocommerce_thumbnail":["https:\/\/wisecnclaser.com\/wp-content\/uploads\/2025\/05\/20b09ef79ee54f7d9fdfb04134e4e7c1-300x300.jpg",300,300,true],"woocommerce_single":["https:\/\/wisecnclaser.com\/wp-content\/uploads\/2025\/05\/20b09ef79ee54f7d9fdfb04134e4e7c1-600x600.jpg",600,600,true],"woocommerce_gallery_thumbnail":["https:\/\/wisecnclaser.com\/wp-content\/uploads\/2025\/05\/20b09ef79ee54f7d9fdfb04134e4e7c1-100x100.jpg",100,100,true]},"uagb_author_info":{"display_name":"jinxing6611@gmail.com","author_link":"https:\/\/wisecnclaser.com\/cs\/author\/"},"uagb_comment_info":0,"uagb_excerpt":"Pneumatic cutting knife. Used for cutting material with\u00a0thickness more than 10mm, driven by pneumatic, can cut 50-80mm max pe foam 24000 vibrating frequency","_links":{"self":[{"href":"https:\/\/wisecnclaser.com\/cs\/wp-json\/wp\/v2\/product\/3667","targetHints":{"allow":["GET"]}}],"collection":[{"href":"https:\/\/wisecnclaser.com\/cs\/wp-json\/wp\/v2\/product"}],"about":[{"href":"https:\/\/wisecnclaser.com\/cs\/wp-json\/wp\/v2\/types\/product"}],"wp:featuredmedia":[{"embeddable":true,"href":"https:\/\/wisecnclaser.com\/cs\/wp-json\/wp\/v2\/media\/3671"}],"wp:attachment":[{"href":"https:\/\/wisecnclaser.com\/cs\/wp-json\/wp\/v2\/media?parent=3667"}],"wp:term":[{"taxonomy":"product_brand","embeddable":true,"href":"https:\/\/wisecnclaser.com\/cs\/wp-json\/wp\/v2\/product_brand?post=3667"},{"taxonomy":"product_cat","embeddable":true,"href":"https:\/\/wisecnclaser.com\/cs\/wp-json\/wp\/v2\/product_cat?post=3667"},{"taxonomy":"product_tag","embeddable":true,"href":"https:\/\/wisecnclaser.com\/cs\/wp-json\/wp\/v2\/product_tag?post=3667"}],"curies":[{"name":"wp","href":"https:\/\/api.w.org\/{rel}","templated":true}]}}