{"id":3672,"date":"2025-05-23T01:11:50","date_gmt":"2025-05-23T01:11:50","guid":{"rendered":"https:\/\/wisecnclaser.com\/?post_type=product&#038;p=3672"},"modified":"2025-05-23T01:11:50","modified_gmt":"2025-05-23T01:11:50","slug":"ws1612-flatbed-cardboard-cutter-plotter","status":"publish","type":"product","link":"https:\/\/wisecnclaser.com\/cs\/produkt\/ws1612-flatbed-cardboard-cutter-plotter\/","title":{"rendered":"WS1612 Ploch\u00e1 \u0159eza\u010dka kartonu Plotter"},"content":{"rendered":"<p><strong>Pou\u017eit\u00ed:<\/strong><\/p>\n<p>POU\u017d\u00cdV\u00c1 se pro v\u00fdrobu vzork\u016f karton\u016f, \u0159ez\u00e1n\u00ed a skl\u00e1d\u00e1n\u00ed krabic z vlnit\u00e9 lepenky, pro v\u00fdrobu n\u00e1pis\u016f a grafiky.<\/p>\n<table class=\"has-title hight-light-first-column all magic-19\" width=\"NaN\">\n<tbody>\n<tr class=\"firstRow\">\n<td colspan=\"5\" rowspan=\"1\">\n<div class=\"magic-20\">Technick\u00e9 parametry ploch\u00e9ho \u0159ezac\u00edho stroje na lepenku<\/div>\n<\/td>\n<\/tr>\n<tr>\n<td colspan=\"1\" rowspan=\"1\">\n<div class=\"magic-25\">Model<\/div>\n<\/td>\n<td colspan=\"4\" rowspan=\"1\">\n<div class=\"magic-26\">WS1612<\/div>\n<\/td>\n<\/tr>\n<tr>\n<td colspan=\"1\" rowspan=\"1\">\n<div class=\"magic-23\">Pracovn\u00ed velikost<\/div>\n<\/td>\n<td colspan=\"4\" rowspan=\"1\">\n<div class=\"magic-26\">1550*1200 mm<\/div>\n<\/td>\n<\/tr>\n<tr>\n<td colspan=\"1\" rowspan=\"1\">\n<div class=\"magic-23\">V\u00fd\u0161ka \u0159ezu<\/div>\n<\/td>\n<td colspan=\"4\" rowspan=\"1\">\n<div class=\"magic-26\">max. 10 mm vibra\u010dn\u00edm no\u017eem (pokud \u0159e\u017eete siln\u00fd materi\u00e1l, m\u016f\u017eete pou\u017e\u00edt n\u00e1stroj vcut k vy\u0159\u00edznut\u00ed \u00fahlu 45 stup\u0148\u016f v ohybu).<\/div>\n<\/td>\n<\/tr>\n<tr>\n<td colspan=\"1\" rowspan=\"1\">\n<div class=\"magic-23\">\u0158ezac\u00ed hlava<\/div>\n<\/td>\n<td colspan=\"4\" rowspan=\"1\">\n<div class=\"magic-26\">Oscila\u010dn\u00ed n\u016f\u017e + r\u00fdhovac\u00ed kole\u010dko (lze p\u0159idat v cut n\u00e1stroje pro \u0159ez\u00e1n\u00ed siln\u00e9ho kartonu a ccd pro \u0159ez\u00e1n\u00ed ti\u0161t\u011bn\u00fdch obr\u00e1zk\u016f)<\/div>\n<\/td>\n<\/tr>\n<tr>\n<td colspan=\"1\" rowspan=\"1\">\n<div class=\"magic-23\">St\u016fl stroje<\/div>\n<\/td>\n<td colspan=\"4\" rowspan=\"1\">\n<div class=\"magic-26\">Hlin\u00edkov\u00fd sac\u00ed st\u016fl s 9 sac\u00edmi z\u00f3nami<\/div>\n<\/td>\n<\/tr>\n<tr>\n<td colspan=\"1\" rowspan=\"1\">\n<div class=\"magic-23\">Vakuov\u00e9 \u010derpadlo<\/div>\n<\/td>\n<td colspan=\"4\" rowspan=\"1\">\n<div class=\"magic-26\">9kw vzduchem chlazen\u00e1 v\u00fdv\u011bva<\/div>\n<\/td>\n<\/tr>\n<tr>\n<td colspan=\"1\" rowspan=\"1\">\n<div class=\"magic-23\">Syst\u00e9m pohonu<\/div>\n<\/td>\n<td colspan=\"4\" rowspan=\"1\">\n<div class=\"magic-26\">Tchajwansk\u00fd delta servomotor a ovlada\u010d<\/div>\n<\/td>\n<\/tr>\n<tr>\n<td colspan=\"1\" rowspan=\"1\">\n<div class=\"magic-23\">\u0158\u00eddic\u00ed syst\u00e9m<\/div>\n<\/td>\n<td colspan=\"4\" rowspan=\"1\">\n<div class=\"magic-26\">\u0158\u00eddic\u00ed jednotka Ruida<\/div>\n<\/td>\n<\/tr>\n<tr>\n<td colspan=\"1\" rowspan=\"1\">\n<div class=\"magic-23\">Software<\/div>\n<\/td>\n<td colspan=\"4\" rowspan=\"1\">\n<div class=\"magic-26\">Vcutworks<\/div>\n<\/td>\n<\/tr>\n<tr>\n<td colspan=\"1\" rowspan=\"1\">\n<div class=\"magic-23\">P\u0159evodovka<\/div>\n<\/td>\n<td colspan=\"4\" rowspan=\"1\">\n<div class=\"magic-26\">\u0160ikm\u00fd ozuben\u00fd pastorek<\/div>\n<\/td>\n<\/tr>\n<tr>\n<td colspan=\"1\" rowspan=\"1\">\n<div class=\"magic-23\">Rychlost \u0159ez\u00e1n\u00ed<\/div>\n<\/td>\n<td colspan=\"4\" rowspan=\"1\">\n<div class=\"magic-26\">30 m\/min<\/div>\n<\/td>\n<\/tr>\n<tr>\n<td colspan=\"1\" rowspan=\"1\">\n<div class=\"magic-23\">Rychlost j\u00edzdy<\/div>\n<\/td>\n<td colspan=\"4\" rowspan=\"1\">\n<div class=\"magic-26\">50 m\/min<\/div>\n<\/td>\n<\/tr>\n<tr>\n<td colspan=\"1\" rowspan=\"1\">\n<div class=\"magic-23\">Pracovn\u00ed v\u00fdkon<\/div>\n<\/td>\n<td colspan=\"4\" rowspan=\"1\">\n<div class=\"magic-26\">380V 3 f\u00e1ze 50HZ<\/div>\n<\/td>\n<\/tr>\n<tr>\n<td colspan=\"1\" rowspan=\"1\">\n<div class=\"magic-23\">Hmotnost stroje<\/div>\n<\/td>\n<td colspan=\"4\" rowspan=\"1\">\n<div class=\"magic-26\">800 kg<\/div>\n<\/td>\n<\/tr>\n<tr>\n<td colspan=\"1\" rowspan=\"1\">\n<div class=\"magic-23\">Bezpe\u010dnostn\u00ed sp\u00edna\u010d<\/div>\n<\/td>\n<td colspan=\"4\" rowspan=\"1\">\n<div class=\"magic-26\">se \u010dty\u0159mi bezpe\u010dnostn\u00edmi senzorov\u00fdmi sp\u00edna\u010di pro zaji\u0161t\u011bn\u00ed bezpe\u010dnosti obsluhy<\/div>\n<\/td>\n<\/tr>\n<\/tbody>\n<\/table>\n<div style=\"width: 640px;\" class=\"wp-video\"><video class=\"wp-video-shortcode\" id=\"video-3672-1\" width=\"640\" height=\"368\" preload=\"metadata\" controls=\"controls\"><source type=\"video\/mp4\" src=\"https:\/\/wisecnclaser.com\/wp-content\/uploads\/2025\/05\/1625189228148691.mp4?_=1\" \/><a href=\"https:\/\/wisecnclaser.com\/wp-content\/uploads\/2025\/05\/1625189228148691.mp4\">https:\/\/wisecnclaser.com\/wp-content\/uploads\/2025\/05\/1625189228148691.mp4<\/a><\/video><\/div>","protected":false},"excerpt":{"rendered":"<h3 class=\"magic-2\">Platforma Flatbed karton vlnit\u00e9 krabice pap\u00edr automatick\u00e9 \u0159ez\u00e1n\u00ed r\u00fdhov\u00e1n\u00ed stroj na prodej<\/h3>\n<div class=\"magic-4\">\n<div class=\"magic-5\">\n<div class=\"magic-6\">CNC oscila\u010dn\u00ed no\u017eov\u00fd \u0159ezac\u00ed stroj s rylovac\u00edm kole\u010dkem se pou\u017e\u00edv\u00e1 pro balen\u00ed, v\u00fdrobu kartonov\u00fdch krabic, displej\u016f, stojan\u016f atd.<\/p>\n<div>Pokud je \u0159ezan\u00fdm materi\u00e1lem siln\u00e1 a velmi siln\u00e1 vlnit\u00e1 lepenka, m\u016f\u017eete pou\u017e\u00edt n\u00e1stroj pro \u0159ez\u00e1n\u00ed pod \u00fahlem 45 stup\u0148\u016f.<\/div>\n<div>pokud chcete \u0159ezat poti\u0161t\u011bn\u00fd karton, m\u016f\u017eete p\u0159idat ccd kameru. Vy\u0159\u00edzne rozlo\u017een\u00ed ti\u0161t\u011bn\u00e9ho obr\u00e1zku na kartonu.<\/div>\n<div>Pou\u017eit\u00ed:<br \/>\nHlavn\u011b pro v\u00fdrobu kartonov\u00fdch krabic, kartonov\u00fdch obal\u016f, pro zpracov\u00e1n\u00ed dvoust\u011bnn\u00e9 a t\u0159\u00edst\u011bnn\u00e9 vlnit\u00e9 lepenky, pou\u017e\u00edvan\u00e9 p\u0159i v\u00fdrob\u011b kartonov\u00fdch krabic.<\/div>\n<div>\n\u0158ezn\u00e9 materi\u00e1ly: vlnit\u00e1 lepenka, pap\u00edrov\u00e1 lepenka, plastov\u00e1 vlnit\u00e1 lepenka, vo\u0161tinov\u00e1 lepenka, pap\u00edrov\u00e1 karta.<\/div>\n<\/div>\n<\/div>\n<\/div>","protected":false},"featured_media":3675,"template":"","meta":{"_seopress_robots_primary_cat":"","_seopress_titles_title":"","_seopress_titles_desc":"","_seopress_robots_index":"","_uag_custom_page_level_css":"","site-sidebar-layout":"default","site-content-layout":"","ast-site-content-layout":"default","site-content-style":"default","site-sidebar-style":"default","ast-global-header-display":"","ast-banner-title-visibility":"","ast-main-header-display":"","ast-hfb-above-header-display":"","ast-hfb-below-header-display":"","ast-hfb-mobile-header-display":"","site-post-title":"","ast-breadcrumbs-content":"","ast-featured-img":"","footer-sml-layout":"","ast-disable-related-posts":"","theme-transparent-header-meta":"default","adv-header-id-meta":"","stick-header-meta":"default","header-above-stick-meta":"","header-main-stick-meta":"","header-below-stick-meta":"","astra-migrate-meta-layouts":"set","ast-page-background-enabled":"default","ast-page-background-meta":{"desktop":{"background-color":"","background-image":"","background-repeat":"repeat","background-position":"center center","background-size":"auto","background-attachment":"scroll","background-type":"","background-media":"","overlay-type":"","overlay-color":"","overlay-opacity":"","overlay-gradient":""},"tablet":{"background-color":"","background-image":"","background-repeat":"repeat","background-position":"center center","background-size":"auto","background-attachment":"scroll","background-type":"","background-media":"","overlay-type":"","overlay-color":"","overlay-opacity":"","overlay-gradient":""},"mobile":{"background-color":"","background-image":"","background-repeat":"repeat","background-position":"center center","background-size":"auto","background-attachment":"scroll","background-type":"","background-media":"","overlay-type":"","overlay-color":"","overlay-opacity":"","overlay-gradient":""}},"ast-content-background-meta":{"desktop":{"background-color":"var(--ast-global-color-5)","background-image":"","background-repeat":"repeat","background-position":"center center","background-size":"auto","background-attachment":"scroll","background-type":"","background-media":"","overlay-type":"","overlay-color":"","overlay-opacity":"","overlay-gradient":""},"tablet":{"background-color":"var(--ast-global-color-5)","background-image":"","background-repeat":"repeat","background-position":"center center","background-size":"auto","background-attachment":"scroll","background-type":"","background-media":"","overlay-type":"","overlay-color":"","overlay-opacity":"","overlay-gradient":""},"mobile":{"background-color":"var(--ast-global-color-5)","background-image":"","background-repeat":"repeat","background-position":"center center","background-size":"auto","background-attachment":"scroll","background-type":"","background-media":"","overlay-type":"","overlay-color":"","overlay-opacity":"","overlay-gradient":""}}},"product_brand":[],"product_cat":[21],"product_tag":[],"class_list":{"0":"post-3672","1":"product","2":"type-product","3":"status-publish","4":"has-post-thumbnail","6":"product_cat-oscillating","7":"desktop-align-left","8":"tablet-align-left","9":"mobile-align-left","10":"ast-product-gallery-layout-horizontal-slider","11":"ast-product-gallery-with-no-image","12":"ast-product-tabs-layout-horizontal","14":"first","15":"instock","16":"shipping-taxable","17":"product-type-simple"},"uagb_featured_image_src":{"full":["https:\/\/wisecnclaser.com\/wp-content\/uploads\/2025\/05\/5033a6054c5a613761f1a5f8abca5073.jpg",750,750,false],"thumbnail":["https:\/\/wisecnclaser.com\/wp-content\/uploads\/2025\/05\/5033a6054c5a613761f1a5f8abca5073-150x150.jpg",150,150,true],"medium":["https:\/\/wisecnclaser.com\/wp-content\/uploads\/2025\/05\/5033a6054c5a613761f1a5f8abca5073-300x300.jpg",300,300,true],"medium_large":["https:\/\/wisecnclaser.com\/wp-content\/uploads\/2025\/05\/5033a6054c5a613761f1a5f8abca5073.jpg",750,750,false],"large":["https:\/\/wisecnclaser.com\/wp-content\/uploads\/2025\/05\/5033a6054c5a613761f1a5f8abca5073.jpg",750,750,false],"1536x1536":["https:\/\/wisecnclaser.com\/wp-content\/uploads\/2025\/05\/5033a6054c5a613761f1a5f8abca5073.jpg",750,750,false],"2048x2048":["https:\/\/wisecnclaser.com\/wp-content\/uploads\/2025\/05\/5033a6054c5a613761f1a5f8abca5073.jpg",750,750,false],"trp-custom-language-flag":["https:\/\/wisecnclaser.com\/wp-content\/uploads\/2025\/05\/5033a6054c5a613761f1a5f8abca5073-12x12.jpg",12,12,true],"woocommerce_thumbnail":["https:\/\/wisecnclaser.com\/wp-content\/uploads\/2025\/05\/5033a6054c5a613761f1a5f8abca5073-300x300.jpg",300,300,true],"woocommerce_single":["https:\/\/wisecnclaser.com\/wp-content\/uploads\/2025\/05\/5033a6054c5a613761f1a5f8abca5073-600x600.jpg",600,600,true],"woocommerce_gallery_thumbnail":["https:\/\/wisecnclaser.com\/wp-content\/uploads\/2025\/05\/5033a6054c5a613761f1a5f8abca5073-100x100.jpg",100,100,true]},"uagb_author_info":{"display_name":"jinxing6611@gmail.com","author_link":"https:\/\/wisecnclaser.com\/cs\/author\/"},"uagb_comment_info":0,"uagb_excerpt":"Platform Flatbed Cardboard Carton Corrugated Box Paper Automatic Cutting Creasing Machine for Sale CNC oscillating knife cutting machine with creasing wheel is used for packaging, carton box making, display, stands etc. If cutting material is heavy duty and very thick corrugated cardboard, can use v cut tool to cut 45 degree angle. if want to&hellip;","_links":{"self":[{"href":"https:\/\/wisecnclaser.com\/cs\/wp-json\/wp\/v2\/product\/3672","targetHints":{"allow":["GET"]}}],"collection":[{"href":"https:\/\/wisecnclaser.com\/cs\/wp-json\/wp\/v2\/product"}],"about":[{"href":"https:\/\/wisecnclaser.com\/cs\/wp-json\/wp\/v2\/types\/product"}],"wp:featuredmedia":[{"embeddable":true,"href":"https:\/\/wisecnclaser.com\/cs\/wp-json\/wp\/v2\/media\/3675"}],"wp:attachment":[{"href":"https:\/\/wisecnclaser.com\/cs\/wp-json\/wp\/v2\/media?parent=3672"}],"wp:term":[{"taxonomy":"product_brand","embeddable":true,"href":"https:\/\/wisecnclaser.com\/cs\/wp-json\/wp\/v2\/product_brand?post=3672"},{"taxonomy":"product_cat","embeddable":true,"href":"https:\/\/wisecnclaser.com\/cs\/wp-json\/wp\/v2\/product_cat?post=3672"},{"taxonomy":"product_tag","embeddable":true,"href":"https:\/\/wisecnclaser.com\/cs\/wp-json\/wp\/v2\/product_tag?post=3672"}],"curies":[{"name":"wp","href":"https:\/\/api.w.org\/{rel}","templated":true}]}}