{"id":3687,"date":"2025-05-23T01:20:07","date_gmt":"2025-05-23T01:20:07","guid":{"rendered":"https:\/\/wisecnclaser.com\/?post_type=product&#038;p=3687"},"modified":"2025-05-23T01:20:07","modified_gmt":"2025-05-23T01:20:07","slug":"ws1325-ccd-cnc-router-with-vibrating-knife-tool","status":"publish","type":"product","link":"https:\/\/wisecnclaser.com\/cs\/produkt\/ws1325-ccd-cnc-router-with-vibrating-knife-tool\/","title":{"rendered":"WS1325 CCD CNC fr\u00e9za s vibra\u010dn\u00edm no\u017eem"},"content":{"rendered":"<table border=\"1\">\n<tbody>\n<tr class=\"firstRow\" style=\";height: 38px;\">\n<td style=\"border-width: 1px; border-style: solid; border-color: #9bbb59 #666666 #666666 #9bbb59; border-image: initial; background: white; padding: 5px; word-break: break-all;\" colspan=\"2\" width=\"662\">\n<p style=\"line-height: 16px;\"><span style=\"font-family: arial, helvetica, sans-serif; font-size: 16px;\"><strong><span style=\"font-family: arial, helvetica, sans-serif; color: green;\">Popis a specifikace WS1325 CCD cnc fr\u00e9zy s vibra\u010dn\u00edm no\u017eov\u00fdm n\u00e1strojem:<\/span><\/strong><\/span><\/p>\n<\/td>\n<\/tr>\n<tr>\n<td style=\"border-left: 1px solid #9bbb59; border-image: initial; border-top: none; background: #d7e3bc; border-bottom: 1px solid #666666; border-right: 1px solid #666666; padding: 5px;\" valign=\"top\" width=\"287\">\n<p style=\"line-height: 16px;\"><span style=\"color: black; font-family: arial, helvetica, sans-serif; font-size: 16px;\">X Pracovn\u00ed oblast<\/span><\/p>\n<\/td>\n<td style=\"border-top: none; border-left: none; background: #d7e3bc; border-bottom: 1px solid #666666; border-right: 1px solid #666666; padding: 5px;\" valign=\"top\" width=\"375\">\n<p style=\"line-height: 16px;\"><span style=\"color: black; font-family: arial, helvetica, sans-serif; font-size: 16px;\">1300 mm<\/span><\/p>\n<\/td>\n<\/tr>\n<tr>\n<td style=\"border-left: 1px solid #9bbb59; border-image: initial; border-top: none; background: white; border-bottom: 1px solid #666666; border-right: 1px solid #666666; padding: 5px;\" valign=\"top\" width=\"287\">\n<p style=\"line-height: 16px;\"><span style=\"color: black; font-family: arial, helvetica, sans-serif; font-size: 16px;\">Y Pracovn\u00ed oblast<\/span><\/p>\n<\/td>\n<td style=\"border-top: none; border-left: none; background: white; border-bottom: 1px solid #666666; border-right: 1px solid #666666; padding: 5px;\" valign=\"top\" width=\"375\">\n<p style=\"line-height: 16px;\"><span style=\"color: black; font-family: arial, helvetica, sans-serif; font-size: 16px;\">2500 mm <\/span><\/p>\n<\/td>\n<\/tr>\n<tr>\n<td style=\"border-left: 1px solid #9bbb59; border-image: initial; border-top: none; background: #d7e3bc; border-bottom: 1px solid #666666; border-right: 1px solid #666666; padding: 5px;\" valign=\"top\" width=\"287\">\n<p style=\"line-height: 16px;\"><span style=\"color: black; font-family: arial, helvetica, sans-serif; font-size: 16px;\">Z Pracovn\u00ed oblast<\/span><\/p>\n<\/td>\n<td style=\"border-top: none; border-left: none; background: #d7e3bc; border-bottom: 1px solid #666666; border-right: 1px solid #666666; padding: 5px;\" valign=\"top\" width=\"375\">\n<p style=\"line-height: 16px;\"><span style=\"color: black; font-family: arial, helvetica, sans-serif; font-size: 16px;\">200 mm <\/span><\/p>\n<\/td>\n<\/tr>\n<tr>\n<td style=\"border-left: 1px solid #9bbb59; border-image: initial; border-top: none; background: white; border-bottom: 1px solid #666666; border-right: 1px solid #666666; padding: 5px;\" valign=\"top\" width=\"287\">\n<p style=\"line-height: 16px;\"><span style=\"font-family: arial, helvetica, sans-serif; font-size: 16px;\">St\u016fl stroje<\/span><\/p>\n<\/td>\n<td style=\"border-top: none; border-left: none; background: white; border-bottom: 1px solid #666666; border-right: 1px solid #666666; padding: 5px;\" valign=\"top\" width=\"375\">\n<p style=\"line-height: 16px;\"><span style=\"font-family: arial, helvetica, sans-serif; font-size: 16px;\">Vakuov\u00fd st\u016fl+T slot<\/span><\/p>\n<\/td>\n<\/tr>\n<tr>\n<td style=\"border-left: 1px solid #9bbb59; border-image: initial; border-top: none; background: #d7e3bc; border-bottom: 1px solid #666666; border-right: 1px solid #666666; padding: 5px;\" valign=\"top\" width=\"287\">\n<p style=\"line-height: 16px;\"><span style=\"color: black; font-family: arial, helvetica, sans-serif; font-size: 16px;\">P\u0159esnost ur\u010dov\u00e1n\u00ed polohy p\u0159i cestov\u00e1n\u00ed<\/span><\/p>\n<\/td>\n<td style=\"border-top: none; border-left: none; background: #d7e3bc; border-bottom: 1px solid #666666; border-right: 1px solid #666666; padding: 5px;\" valign=\"top\" width=\"375\">\n<p style=\"line-height: 16px;\"><span style=\"color: black; font-family: arial, helvetica, sans-serif; font-size: 16px;\">\u00b10,05 mm<\/span><\/p>\n<\/td>\n<\/tr>\n<tr>\n<td style=\"border-left: 1px solid #9bbb59; border-image: initial; border-top: none; background: white; border-bottom: 1px solid #666666; border-right: 1px solid #666666; padding: 5px;\" valign=\"top\" width=\"287\">\n<p style=\"line-height: 16px;\"><span style=\"color: black; font-family: arial, helvetica, sans-serif; font-size: 16px;\">P\u0159esnost polohov\u00e1n\u00ed<\/span><\/p>\n<\/td>\n<td style=\"border-top: none; border-left: none; background: white; border-bottom: 1px solid #666666; border-right: 1px solid #666666; padding: 5px;\" valign=\"top\" width=\"375\">\n<p style=\"line-height: 16px;\"><span style=\"color: black; font-family: arial, helvetica, sans-serif; font-size: 16px;\">\u00b10,02 mm<\/span><\/p>\n<\/td>\n<\/tr>\n<tr>\n<td style=\"border-left: 1px solid #9bbb59; border-image: initial; border-top: none; background: white; border-bottom: 1px solid #666666; border-right: 1px solid #666666; padding: 5px;\" valign=\"top\" width=\"287\">\n<p style=\"line-height: 16px;\"><span style=\"color: black; font-family: arial, helvetica, sans-serif; font-size: 16px;\">X,Y,Z Struktura<\/span><\/p>\n<\/td>\n<td style=\"border-top: none; border-left: none; background: white; border-bottom: 1px solid #666666; border-right: 1px solid #666666; padding: 5px;\" valign=\"top\" width=\"375\">\n<p style=\"line-height: 16px;\"><span style=\"color: black; font-family: arial, helvetica, sans-serif; font-size: 16px;\">Ozuben\u00e9 kolo XY Kuli\u010dkov\u00fd \u0161roub Z<\/span><\/p>\n<\/td>\n<\/tr>\n<tr>\n<td style=\"border-left: 1px solid #9bbb59; border-image: initial; border-top: none; background: #d7e3bc; border-bottom: 1px solid #666666; border-right: 1px solid #666666; padding: 5px;\" valign=\"top\" width=\"287\">\n<p style=\"line-height: 16px;\"><span style=\"color: black; font-family: arial, helvetica, sans-serif; font-size: 16px;\">Max. Spot\u0159eba energie (bez v\u0159etena)<\/span><\/p>\n<\/td>\n<td style=\"border-top: none; border-left: none; background: #d7e3bc; border-bottom: 1px solid #666666; border-right: 1px solid #666666; padding: 5px;\" valign=\"top\" width=\"375\">\n<p style=\"line-height: 16px;\"><span style=\"color: black; font-family: arial, helvetica, sans-serif; font-size: 16px;\">0,8 KW<\/span><\/p>\n<\/td>\n<\/tr>\n<tr>\n<td style=\"border-left: 1px solid #9bbb59; border-image: initial; border-top: none; background: white; border-bottom: 1px solid #666666; border-right: 1px solid #666666; padding: 5px;\" valign=\"top\" width=\"287\">\n<p style=\"line-height: 16px;\"><span style=\"color: black; font-family: arial, helvetica, sans-serif; font-size: 16px;\">Max. Rychlost rychl\u00e9 j\u00edzdy<\/span><\/p>\n<\/td>\n<td style=\"border-top: none; border-left: none; background: white; border-bottom: 1px solid #666666; border-right: 1px solid #666666; padding: 5px;\" valign=\"top\" width=\"375\">\n<p style=\"line-height: 16px;\"><span style=\"color: black; font-family: arial, helvetica, sans-serif; font-size: 16px;\">20000 mm\/min<\/span><\/p>\n<\/td>\n<\/tr>\n<tr>\n<td style=\"border-left: 1px solid #9bbb59; border-image: initial; border-top: none; background: #d7e3bc; border-bottom: 1px solid #666666; border-right: 1px solid #666666; padding: 5px;\" valign=\"top\" width=\"287\">\n<p style=\"line-height: 16px;\"><span style=\"font-family: arial, helvetica, sans-serif; font-size: 16px;\">Max. Pracovn\u00ed rychlost<\/span><\/p>\n<\/td>\n<td style=\"border-top: none; border-left: none; background: #d7e3bc; border-bottom: 1px solid #666666; border-right: 1px solid #666666; padding: 5px;\" valign=\"top\" width=\"375\"><span style=\"font-family: arial, helvetica, sans-serif; font-size: 16px;\">15000 mm\/min<\/span><\/td>\n<\/tr>\n<tr>\n<td style=\"border-left: 1px solid #9bbb59; border-image: initial; border-top: none; background: white; border-bottom: 1px solid #666666; border-right: 1px solid #666666; padding: 5px;\" valign=\"top\" width=\"287\">\n<p style=\"line-height: 16px;\"><span style=\"font-family: arial, helvetica, sans-serif; font-size: 16px;\">Hlava stroje<\/span><\/p>\n<\/td>\n<td style=\"border-top: none; border-left: none; background: white; border-bottom: 1px solid #666666; border-right: 1px solid #666666; padding: 5px;\" valign=\"top\" width=\"375\">\n<p style=\"line-height: 16px;\"><span style=\"font-family: arial, helvetica, sans-serif; font-size: 16px;\">V\u0159eteno+kmitaj\u00edc\u00ed n\u016f\u017e+kameru CCD<\/span><\/p>\n<\/td>\n<\/tr>\n<tr>\n<td style=\"border-left: 1px solid #9bbb59; border-image: initial; border-top: none; background: white; border-bottom: 1px solid #666666; border-right: 1px solid #666666; padding: 5px;\" valign=\"top\" width=\"287\">\n<p style=\"line-height: 16px;\"><span style=\"font-family: arial, helvetica, sans-serif; font-size: 16px;\">V\u0159eteno<\/span><\/p>\n<\/td>\n<td style=\"border-top: none; border-left: none; background: white; border-bottom: 1px solid #666666; border-right: 1px solid #666666; padding: 5px;\" valign=\"top\" width=\"375\">\n<p style=\"line-height: 16px;\"><span style=\"font-family: arial, helvetica, sans-serif; font-size: 16px;\">3KW vodou chlazen\u00e9 v\u0159eteno<\/span><\/p>\n<\/td>\n<\/tr>\n<tr>\n<td style=\"border-left: 1px solid #9bbb59; border-image: initial; border-top: none; background: #d7e3bc; border-bottom: 1px solid #666666; border-right: 1px solid #666666; padding: 5px;\" valign=\"top\" width=\"287\">\n<p style=\"line-height: 16px;\"><span style=\"color: black; font-family: arial, helvetica, sans-serif; font-size: 16px;\">Ot\u00e1\u010dky v\u0159etena<\/span><\/p>\n<\/td>\n<td style=\"border-top: none; border-left: none; background: #d7e3bc; border-bottom: 1px solid #666666; border-right: 1px solid #666666; padding: 5px;\" valign=\"top\" width=\"375\">\n<p style=\"line-height: 16px;\"><span style=\"color: black; font-family: arial, helvetica, sans-serif; font-size: 16px;\">0-24000 ot\/min<\/span><\/p>\n<\/td>\n<\/tr>\n<tr>\n<td style=\"border-left: 1px solid #9bbb59; border-image: initial; border-top: none; background: white; border-bottom: 1px solid #666666; border-right: 1px solid #666666; padding: 5px;\" valign=\"top\" width=\"287\">\n<p style=\"line-height: 16px;\"><span style=\"font-family: arial, helvetica, sans-serif; font-size: 16px;\">Pohonn\u00fd motor<\/span><\/p>\n<\/td>\n<td style=\"border-top: none; border-left: none; background: white; border-bottom: 1px solid #666666; border-right: 1px solid #666666; padding: 5px;\" valign=\"top\" width=\"375\">\n<p style=\"line-height: 16px;\"><span style=\"font-family: arial, helvetica, sans-serif; font-size: 16px;\">\u010c\u00ednsk\u00e9 servo s uzav\u0159enou smy\u010dkou - hybridn\u00ed servo 2206 model zna\u010dky LEADSHINE BRAND<\/span><\/p>\n<\/td>\n<\/tr>\n<tr>\n<td style=\"border-left: 1px solid #9bbb59; border-image: initial; border-top: none; background: #d7e3bc; border-bottom: 1px solid #666666; border-right: 1px solid #666666; padding: 5px;\" valign=\"top\" width=\"287\">\n<p style=\"text-align: left; line-height: 16px;\"><span style=\"color: black; font-family: arial, helvetica, sans-serif; font-size: 16px;\">Vodic\u00ed kolejnice<\/span><\/p>\n<\/td>\n<td style=\"border-top: none; border-left: none; background: #d7e3bc; border-bottom: 1px solid #666666; border-right: 1px solid #666666; padding: 5px;\" valign=\"top\" width=\"375\">\n<p style=\"text-align: left; line-height: 16px;\"><span style=\"color: black; font-family: arial, helvetica, sans-serif; font-size: 16px;\">\u010ctvercov\u00e1 kolejnice Hiwin 20<\/span><\/p>\n<\/td>\n<\/tr>\n<tr>\n<td style=\"border-left: 1px solid #9bbb59; border-image: initial; border-top: none; background: white; border-bottom: 1px solid #666666; border-right: 1px solid #666666; padding: 5px;\" valign=\"top\" width=\"287\">\n<p style=\"text-align: left; line-height: 16px;\"><span style=\"color: black; font-family: arial, helvetica, sans-serif; font-size: 16px;\">Pracovn\u00ed nap\u011bt\u00ed<\/span><\/p>\n<\/td>\n<td style=\"border-top: none; border-left: none; background: white; border-bottom: 1px solid #666666; border-right: 1px solid #666666; padding: 5px;\" valign=\"top\" width=\"375\">\n<p style=\"text-align: left; line-height: 16px;\"><span style=\"color: black; font-family: arial, helvetica, sans-serif; font-size: 16px;\">A380V\/50Hz-60HZ 3 f\u00e1ze<\/span><\/p>\n<\/td>\n<\/tr>\n<tr>\n<td style=\"border-left: 1px solid #9bbb59; border-image: initial; border-top: none; background: #d7e3bc; border-bottom: 1px solid #666666; border-right: 1px solid #666666; padding: 5px;\" valign=\"top\" width=\"287\">\n<p style=\"text-align: left; line-height: 16px;\"><span style=\"font-family: arial, helvetica, sans-serif; font-size: 16px;\">\u0158\u00eddic\u00ed syst\u00e9m<\/span><\/p>\n<\/td>\n<td style=\"border-top: none; border-left: none; background: #d7e3bc; border-bottom: 1px solid #666666; border-right: 1px solid #666666; padding: 5px;\" valign=\"top\" width=\"375\">\n<p style=\"text-align: left; line-height: 16px;\"><span style=\"font-family: arial, helvetica, sans-serif; font-size: 16px;\">\u0158\u00eddic\u00ed jednotka Xingduowei s kamerou CCD<\/span><\/p>\n<\/td>\n<\/tr>\n<tr>\n<td style=\"border-left: 1px solid #9bbb59; border-image: initial; border-top: none; background: white; border-bottom: 1px solid #666666; border-right: 1px solid #666666; padding: 5px;\" valign=\"top\" width=\"287\">\n<p style=\"text-align: left; line-height: 16px;\"><span style=\"color: black; font-family: arial, helvetica, sans-serif; font-size: 16px;\">Ovl\u00e1dac\u00ed sk\u0159\u00ed\u0148<\/span><\/p>\n<\/td>\n<td style=\"border-top: none; border-left: none; background: white; border-bottom: 1px solid #666666; border-right: 1px solid #666666; padding: 5px;\" valign=\"top\" width=\"375\">\n<p style=\"text-align: left; line-height: 16px;\"><span style=\"color: black; font-family: arial, helvetica, sans-serif; font-size: 16px;\">Nez\u00e1visl\u00e1 ovl\u00e1dac\u00ed sk\u0159\u00ed\u0148ka<\/span><\/p>\n<\/td>\n<\/tr>\n<tr>\n<td style=\"border-left: 1px solid #9bbb59; border-image: initial; border-top: none; background: #d7e3bc; border-bottom: 1px solid #666666; border-right: 1px solid #666666; padding: 5px;\" valign=\"top\" width=\"287\">\n<p style=\"text-align: left; line-height: 16px;\"><span style=\"color: black; font-family: arial, helvetica, sans-serif; font-size: 16px;\">Pomocn\u00e9 za\u0159\u00edzen\u00ed<\/span><\/p>\n<\/td>\n<td style=\"border-top: none; border-left: none; background: #d7e3bc; border-bottom: 1px solid #666666; border-right: 1px solid #666666; padding: 5px;\" valign=\"top\" width=\"375\">\n<p style=\"text-align: left; line-height: 16px;\"><span style=\"color: black; font-family: arial, helvetica, sans-serif; font-size: 16px;\">5,5 kW Vakuov\u00e9 \u010derpadlo 380V, mazac\u00ed syst\u00e9m<\/span><\/p>\n<p style=\"text-align: left; line-height: 16px;\"><span style=\"color: black; font-family: arial, helvetica, sans-serif; font-size: 16px;\">Koberec pou\u017e\u00edvan\u00fd pro \u0159ez\u00e1n\u00ed oscila\u010dn\u00edm no\u017eem<\/span><\/p>\n<p style=\"text-align: left; line-height: 16px;\"><span style=\"color: black; font-family: arial, helvetica, sans-serif; font-size: 16px;\">Dvojit\u00fd sb\u011bra\u010d prachu 3kw<\/span><\/p>\n<p style=\"text-align: left; line-height: 16px;\"><span style=\"color: black; font-family: arial, helvetica, sans-serif; font-size: 16px;\">Vodn\u00ed \u010derpadlo<\/span><\/p>\n<p style=\"text-align: left; line-height: 16px;\"><span style=\"color: black; font-family: arial, helvetica, sans-serif; font-size: 16px;\">M\u011bni\u010d Fuling<\/span><\/p>\n<\/td>\n<\/tr>\n<\/tbody>\n<\/table>\n<p style=\"text-align: left; line-height: 36px; background: #F8F9FA;\"><span style=\"font-family: Arial, sans-serif; color: #202124; font-size: 16px;\">V\u00fdkonnostn\u00ed charakteristiky:<\/span><\/p>\n<p style=\"text-align: left; line-height: 36px; background: #F8F9FA;\"><span style=\"font-family: Arial, sans-serif; color: #202124; font-size: 16px;\">1. Inteligentn\u00ed hl\u00eddac\u00ed \u0159ezac\u00ed stroj na hrany vyu\u017e\u00edv\u00e1 \u0159\u00eddic\u00ed re\u017eim pohybov\u00e9ho regul\u00e1toru Xingduowei, kter\u00fd m\u00e1 nejen funkce tradi\u010dn\u00edho rovinn\u00e9ho \u0159ez\u00e1n\u00ed, 3D ra\u017eby atd., ale je tak\u00e9 vhodn\u00fd pro hl\u00eddac\u00ed \u0159ezac\u00ed stroj identifika\u010dn\u00edch zna\u010dek a obrys\u016f inkoustov\u00e9ho obrazu; m\u016f\u017ee zpracov\u00e1vat desky KT a PVC. Akryl\u00e1tov\u00e9 a jin\u00e9 st\u0159edn\u011b tvrd\u00e9 desky, \u0159ez\u00e1n\u00ed vibra\u010dn\u00edm no\u017eem KT desek, pvc, \u0159e\u0161\u00ed probl\u00e9m mechanick\u00fdch ot\u0159ep\u016f p\u0159i \u0159ez\u00e1n\u00ed v\u0159etenem.<\/span><\/p>\n<p style=\"text-align: left; line-height: 36px; background: #F8F9FA;\"><span style=\"font-family: Arial, sans-serif; color: #202124; font-size: 16px;\">2. Inteligentn\u00ed bo\u010dn\u00ed hl\u00eddkov\u00fd stroj m\u00e1 silnou schopnost ochrany proti ru\u0161en\u00ed, rychl\u00e9 rozpozn\u00e1v\u00e1n\u00ed a vysokou \u00fa\u010dinnost. Je vhodn\u00fd pro ochrann\u00e9 zn\u00e1mky, obr\u00e1zky a dal\u0161\u00ed p\u0159\u00edle\u017eitosti, kter\u00e9 vy\u017eaduj\u00ed inteligentn\u00ed rozpozn\u00e1v\u00e1n\u00ed a \u0159ez\u00e1n\u00ed. Rychlost rozpozn\u00e1v\u00e1n\u00ed a \u0159ez\u00e1n\u00ed je vysok\u00e1 a obsluha je jednoduch\u00e1 a pohodln\u00e1. Vy\u0159e\u0161\u00ed probl\u00e9m s odpadem v\u00fdrobk\u016f zp\u016fsoben\u00fdm tradi\u010dn\u00edm ru\u010dn\u00edm polohov\u00e1n\u00edm, kter\u00e9 je \u010dasov\u011b n\u00e1ro\u010dn\u00e9 a pracn\u00e9 a zp\u016fsoben\u00e9 odchylkou desek;<\/span><\/p>\n<p style=\"text-align: left; line-height: 36px; background: #F8F9FA;\"><span style=\"font-family: Arial, sans-serif; color: #202124; font-size: 16px;\">3. Dok\u00e1\u017ee rozpozn\u00e1vat a \u0159ezat velkoplo\u0161nou grafiku a jedna osoba se m\u016f\u017ee starat o v\u00edce za\u0159\u00edzen\u00ed najednou, co\u017e \u0161et\u0159\u00ed spoustu pr\u00e1ce, elekt\u0159iny a m\u00edsta a m\u00e1 vysokou komplexn\u00ed n\u00e1kladovou efektivitu;<\/span><\/p>\n<p style=\"text-align: left; line-height: 36px; background: #F8F9FA;\"><span style=\"font-family: Arial, sans-serif; color: #202124; font-size: 16px;\">4. Automatick\u00e9 rozpozn\u00e1v\u00e1n\u00ed hran, nen\u00ed t\u0159eba vypisovat dr\u00e1hu grav\u00edrov\u00e1n\u00ed, \u0159ez\u00e1n\u00ed \u0161ablon, \u0159ez\u00e1n\u00ed skl\u00e1da\u010dek, siln\u00e1 schopnost rozpozn\u00e1v\u00e1n\u00ed, vysok\u00e1 rychlost polohov\u00e1n\u00ed a vysok\u00e1 p\u0159esnost polohov\u00e1n\u00ed;<\/span><\/p>\n<p style=\"text-align: left; line-height: 36px; background: #F8F9FA;\"><span style=\"font-family: Arial, sans-serif; color: #202124; font-size: 16px;\">5. Podporuje v\u00edce metod ur\u010dov\u00e1n\u00ed polohy, nap\u0159\u00edklad porovn\u00e1v\u00e1n\u00ed prvk\u016f, ur\u010dov\u00e1n\u00ed polohy pomoc\u00ed dvou bod\u016f, ur\u010dov\u00e1n\u00ed polohy pomoc\u00ed v\u00edce \u0161ablon a extrakci obrys\u016f;<\/span><\/p>\n<p style=\"text-align: left; line-height: 36px; background: #F8F9FA;\"><span style=\"font-family: Arial, sans-serif; color: #202124; font-size: 16px;\">6. Grafick\u00e9 \u00fapravy, sazba, kontrola a v\u00fdstup jsou dokon\u010deny na jednom m\u00edst\u011b;<\/span><\/p>\n<p style=\"text-align: left; line-height: 36px; background: #F8F9FA;\"><span style=\"font-family: Arial, sans-serif; color: #202124; font-size: 16px;\">7. Podpora datov\u00fdch form\u00e1t\u016f z v\u00edce zdroj\u016f: BMP, AL, PLT, DXF, DST atd.<\/span><\/p>\n<p>&nbsp;<\/p>","protected":false},"excerpt":{"rendered":"<p>Multi Functions of ccd cnc router with oscillating knife:<\/p>\n<ol class=\"list-paddingleft-2\">\n<li>ccd camera, can scan printed image layout with fast speed. The material sheet should be marked by marking dots<\/li>\n<li>spindle used to cut thick and hard material such as wood, acrylic, thick PVC expanded sheet, MDF sheet etc.<\/li>\n<li>Oscillating Knife can cut thin and soft material such as vinyl car sticker, thin kt board and pvc expanded sheet etc.<\/li>\n<\/ol>","protected":false},"featured_media":3690,"template":"","meta":{"_seopress_robots_primary_cat":"","_seopress_titles_title":"","_seopress_titles_desc":"","_seopress_robots_index":"","_uag_custom_page_level_css":"","site-sidebar-layout":"default","site-content-layout":"","ast-site-content-layout":"default","site-content-style":"default","site-sidebar-style":"default","ast-global-header-display":"","ast-banner-title-visibility":"","ast-main-header-display":"","ast-hfb-above-header-display":"","ast-hfb-below-header-display":"","ast-hfb-mobile-header-display":"","site-post-title":"","ast-breadcrumbs-content":"","ast-featured-img":"","footer-sml-layout":"","ast-disable-related-posts":"","theme-transparent-header-meta":"default","adv-header-id-meta":"","stick-header-meta":"default","header-above-stick-meta":"","header-main-stick-meta":"","header-below-stick-meta":"","astra-migrate-meta-layouts":"set","ast-page-background-enabled":"default","ast-page-background-meta":{"desktop":{"background-color":"","background-image":"","background-repeat":"repeat","background-position":"center center","background-size":"auto","background-attachment":"scroll","background-type":"","background-media":"","overlay-type":"","overlay-color":"","overlay-opacity":"","overlay-gradient":""},"tablet":{"background-color":"","background-image":"","background-repeat":"repeat","background-position":"center center","background-size":"auto","background-attachment":"scroll","background-type":"","background-media":"","overlay-type":"","overlay-color":"","overlay-opacity":"","overlay-gradient":""},"mobile":{"background-color":"","background-image":"","background-repeat":"repeat","background-position":"center center","background-size":"auto","background-attachment":"scroll","background-type":"","background-media":"","overlay-type":"","overlay-color":"","overlay-opacity":"","overlay-gradient":""}},"ast-content-background-meta":{"desktop":{"background-color":"var(--ast-global-color-5)","background-image":"","background-repeat":"repeat","background-position":"center center","background-size":"auto","background-attachment":"scroll","background-type":"","background-media":"","overlay-type":"","overlay-color":"","overlay-opacity":"","overlay-gradient":""},"tablet":{"background-color":"var(--ast-global-color-5)","background-image":"","background-repeat":"repeat","background-position":"center center","background-size":"auto","background-attachment":"scroll","background-type":"","background-media":"","overlay-type":"","overlay-color":"","overlay-opacity":"","overlay-gradient":""},"mobile":{"background-color":"var(--ast-global-color-5)","background-image":"","background-repeat":"repeat","background-position":"center center","background-size":"auto","background-attachment":"scroll","background-type":"","background-media":"","overlay-type":"","overlay-color":"","overlay-opacity":"","overlay-gradient":""}}},"product_brand":[],"product_cat":[42],"product_tag":[],"class_list":{"0":"post-3687","1":"product","2":"type-product","3":"status-publish","4":"has-post-thumbnail","6":"product_cat-normal","7":"desktop-align-left","8":"tablet-align-left","9":"mobile-align-left","10":"ast-product-gallery-layout-horizontal-slider","11":"ast-product-gallery-with-no-image","12":"ast-product-tabs-layout-horizontal","14":"first","15":"instock","16":"shipping-taxable","17":"product-type-simple"},"uagb_featured_image_src":{"full":["https:\/\/wisecnclaser.com\/wp-content\/uploads\/2025\/05\/c387fa03be9db1de9a00a7ee3d459962.jpg",800,600,false],"thumbnail":["https:\/\/wisecnclaser.com\/wp-content\/uploads\/2025\/05\/c387fa03be9db1de9a00a7ee3d459962-150x150.jpg",150,150,true],"medium":["https:\/\/wisecnclaser.com\/wp-content\/uploads\/2025\/05\/c387fa03be9db1de9a00a7ee3d459962-300x225.jpg",300,225,true],"medium_large":["https:\/\/wisecnclaser.com\/wp-content\/uploads\/2025\/05\/c387fa03be9db1de9a00a7ee3d459962-768x576.jpg",768,576,true],"large":["https:\/\/wisecnclaser.com\/wp-content\/uploads\/2025\/05\/c387fa03be9db1de9a00a7ee3d459962.jpg",800,600,false],"1536x1536":["https:\/\/wisecnclaser.com\/wp-content\/uploads\/2025\/05\/c387fa03be9db1de9a00a7ee3d459962.jpg",800,600,false],"2048x2048":["https:\/\/wisecnclaser.com\/wp-content\/uploads\/2025\/05\/c387fa03be9db1de9a00a7ee3d459962.jpg",800,600,false],"trp-custom-language-flag":["https:\/\/wisecnclaser.com\/wp-content\/uploads\/2025\/05\/c387fa03be9db1de9a00a7ee3d459962-16x12.jpg",16,12,true],"woocommerce_thumbnail":["https:\/\/wisecnclaser.com\/wp-content\/uploads\/2025\/05\/c387fa03be9db1de9a00a7ee3d459962-300x300.jpg",300,300,true],"woocommerce_single":["https:\/\/wisecnclaser.com\/wp-content\/uploads\/2025\/05\/c387fa03be9db1de9a00a7ee3d459962-600x450.jpg",600,450,true],"woocommerce_gallery_thumbnail":["https:\/\/wisecnclaser.com\/wp-content\/uploads\/2025\/05\/c387fa03be9db1de9a00a7ee3d459962-100x100.jpg",100,100,true]},"uagb_author_info":{"display_name":"jinxing6611@gmail.com","author_link":"https:\/\/wisecnclaser.com\/cs\/author\/"},"uagb_comment_info":0,"uagb_excerpt":"Multi Functions of ccd cnc router with oscillating knife: ccd camera, can scan printed image layout with fast speed. The material sheet should be marked by marking dots spindle used to cut thick and hard material such as wood, acrylic, thick PVC expanded sheet, MDF sheet etc. Oscillating Knife can cut thin and soft material&hellip;","_links":{"self":[{"href":"https:\/\/wisecnclaser.com\/cs\/wp-json\/wp\/v2\/product\/3687","targetHints":{"allow":["GET"]}}],"collection":[{"href":"https:\/\/wisecnclaser.com\/cs\/wp-json\/wp\/v2\/product"}],"about":[{"href":"https:\/\/wisecnclaser.com\/cs\/wp-json\/wp\/v2\/types\/product"}],"wp:featuredmedia":[{"embeddable":true,"href":"https:\/\/wisecnclaser.com\/cs\/wp-json\/wp\/v2\/media\/3690"}],"wp:attachment":[{"href":"https:\/\/wisecnclaser.com\/cs\/wp-json\/wp\/v2\/media?parent=3687"}],"wp:term":[{"taxonomy":"product_brand","embeddable":true,"href":"https:\/\/wisecnclaser.com\/cs\/wp-json\/wp\/v2\/product_brand?post=3687"},{"taxonomy":"product_cat","embeddable":true,"href":"https:\/\/wisecnclaser.com\/cs\/wp-json\/wp\/v2\/product_cat?post=3687"},{"taxonomy":"product_tag","embeddable":true,"href":"https:\/\/wisecnclaser.com\/cs\/wp-json\/wp\/v2\/product_tag?post=3687"}],"curies":[{"name":"wp","href":"https:\/\/api.w.org\/{rel}","templated":true}]}}