{"id":3691,"date":"2025-05-23T01:31:12","date_gmt":"2025-05-23T01:31:12","guid":{"rendered":"https:\/\/wisecnclaser.com\/?post_type=product&#038;p=3691"},"modified":"2026-01-26T08:08:23","modified_gmt":"2026-01-26T08:08:23","slug":"ws3300-standard-cnc-beam-saw","status":"publish","type":"product","link":"https:\/\/wisecnclaser.com\/cs\/produkt\/ws3300-standard-cnc-beam-saw\/","title":{"rendered":"WS3300 Standardn\u00ed CNC paprskov\u00e1 pila"},"content":{"rendered":"<p><strong>Vlastnosti:<\/strong><\/p>\n<p>Elektronick\u00e1 \u0159ezac\u00ed pila s p\u0159edn\u00edm zat\u00ed\u017een\u00edm je vhodn\u00e1 pro p\u0159esn\u00e9 \u0159ez\u00e1n\u00ed desek, jako jsou d\u0159ev\u011bn\u00e9 panely, hlin\u00edkov\u00e9 panely, plexisklo a st\u0159edn\u011b velk\u00e9 sklolamin\u00e1tov\u00e9 panely, MDF, d\u0159evot\u0159\u00edskov\u00e9 desky, ABS desky, PVC desky, masivn\u00ed d\u0159evo atd., kter\u00e9 se \u0161iroce pou\u017e\u00edvaj\u00ed v tov\u00e1rn\u00e1ch na v\u00fdrobu dom\u00e1c\u00edch spot\u0159ebi\u010d\u016f, elektrick\u00fdch spot\u0159ebi\u010d\u016f, od\u011bvn\u00edch tov\u00e1rn\u00e1ch, tov\u00e1rn\u00e1ch na hra\u010dky, \u017eelez\u00e1\u0159sk\u00fdch tov\u00e1rn\u00e1ch atd.<\/p>\n<p>1. Vzduchem plovouc\u00ed desky mohou sn\u00ed\u017eit pracnost pracovn\u00edk\u016f a zabr\u00e1nit po\u0161kr\u00e1b\u00e1n\u00ed spodn\u00ed desky.<\/p>\n<p>2. Vysoce kvalitn\u00ed h\u0159ebenov\u00fd p\u0159evodov\u00fd syst\u00e9m zaji\u0161\u0165uje rychl\u00e9 zpracov\u00e1n\u00ed a plynul\u00fd pohyb. 3. Hlavn\u00ed motor pily je poh\u00e1n\u011bn v\u00edceb\u0159it\u00fdm \u0159emenem, kter\u00fd zaji\u0161\u0165uje p\u0159esnost a stabilitu \u0159ez\u00e1n\u00ed. 4. Zdvih pily lze automaticky nastavit podle r\u016fzn\u00fdch d\u00e9lek \u0159ez\u00e1n\u00ed, aby se zkr\u00e1tila doba pojezdu a zv\u00fd\u0161ila efektivita pr\u00e1ce.<\/p>\n<p>5. Pilov\u00fd kotou\u010d se snadno instaluje a odinstalov\u00e1v\u00e1.<\/p>\n<p>6. Hlavn\u00ed pila a dr\u00e1\u017ekovac\u00ed pila se zvedaj\u00ed a spou\u0161t\u011bj\u00ed nez\u00e1visle na sob\u011b pomoc\u00ed line\u00e1rn\u00edch veden\u00ed. Syst\u00e9m zaru\u010duje p\u0159esnost zpracov\u00e1n\u00ed a pevnost konstrukce a dosahuje vysok\u00e9 kvality \u0159ezu.<\/p>\n<p>&nbsp;<\/p>\n<p><strong>Technick\u00e9 parametry:<\/strong><\/p>\n<table border=\"1\">\n<tbody>\n<tr class=\"firstRow\">\n<td colspan=\"2\" width=\"662\"><strong>Popis a specifikace:<\/strong><\/td>\n<\/tr>\n<tr>\n<td valign=\"top\" width=\"331\">Maxim\u00e1ln\u00ed d\u00e9lka \u0159ezu<\/td>\n<td valign=\"top\" width=\"331\">3300 mm<\/td>\n<\/tr>\n<tr>\n<td valign=\"top\" width=\"331\">Maxim\u00e1ln\u00ed \u0161\u00ed\u0159ka \u0159ezu<\/td>\n<td valign=\"top\" width=\"331\">3300 mm<\/td>\n<\/tr>\n<tr>\n<td valign=\"top\" width=\"331\">Maxim\u00e1ln\u00ed v\u00fd\u0161ka \u0159ezu<\/td>\n<td valign=\"top\" width=\"331\">120 mm<\/td>\n<\/tr>\n<tr>\n<td valign=\"top\" width=\"331\">Maxim\u00e1ln\u00ed v\u00fd\u0161ka pily<\/td>\n<td valign=\"top\" width=\"331\">125 mm<\/td>\n<\/tr>\n<tr>\n<td valign=\"top\" width=\"331\">Minim\u00e1ln\u00ed velikost \u0159ezu panelu<\/td>\n<td valign=\"top\" width=\"331\">50*50 mm<\/td>\n<\/tr>\n<tr>\n<td valign=\"top\" width=\"331\">V\u00fdkon motoru hlavn\u00ed pily<\/td>\n<td valign=\"top\" width=\"331\">15kw<\/td>\n<\/tr>\n<tr>\n<td valign=\"top\" width=\"331\">Pr\u016fm\u011br hlavn\u00ed pily<\/td>\n<td valign=\"top\" width=\"331\">450 mm<\/td>\n<\/tr>\n<tr>\n<td valign=\"top\" width=\"331\">Pr\u016fm\u011br pilov\u00e9ho h\u0159\u00eddele<\/td>\n<td valign=\"top\" width=\"331\">75 mm<\/td>\n<\/tr>\n<tr>\n<td valign=\"top\" width=\"331\">Ot\u00e1\u010dky v\u0159etena<\/td>\n<td valign=\"top\" width=\"331\">4000 ot\u00e1\u010dek za minutu<\/td>\n<\/tr>\n<tr>\n<td valign=\"top\" width=\"331\">Men\u0161\u00ed v\u00fdkon motoru pily<\/td>\n<td valign=\"top\" width=\"331\">2,2 kW<\/td>\n<\/tr>\n<tr>\n<td valign=\"top\" width=\"331\">Men\u0161\u00ed pr\u016fm\u011br pily<\/td>\n<td valign=\"top\" width=\"331\">200 mm<\/td>\n<\/tr>\n<tr>\n<td valign=\"top\" width=\"331\">Pr\u016fm\u011br h\u0159\u00eddele men\u0161\u00ed pily<\/td>\n<td valign=\"top\" width=\"331\">50 mm<\/td>\n<\/tr>\n<tr>\n<td valign=\"top\" width=\"331\">Ot\u00e1\u010dky h\u0159\u00eddele men\u0161\u00ed pily<\/td>\n<td valign=\"top\" width=\"331\">6000 ot\u00e1\u010dek za minutu<\/td>\n<\/tr>\n<tr>\n<td valign=\"top\" width=\"331\">Materi\u00e1l Tla\u010dn\u00fd syst\u00e9m poh\u00e1n\u011bj\u00edc\u00ed motor<\/td>\n<td valign=\"top\" width=\"331\">1,8 kW<\/td>\n<\/tr>\n<tr>\n<td valign=\"top\" width=\"331\">Syst\u00e9m tla\u010den\u00ed materi\u00e1lu Rychlost tla\u010den\u00ed<\/td>\n<td valign=\"top\" width=\"331\">5-100 m\/min<\/td>\n<\/tr>\n<tr>\n<td valign=\"top\" width=\"331\">Rychlost tahu syst\u00e9mu tla\u010den\u00ed materi\u00e1lu<\/td>\n<td valign=\"top\" width=\"331\">5-100 m\/min<\/td>\n<\/tr>\n<tr>\n<td valign=\"top\" width=\"331\">Vysokotlak\u00fd motor dmychadla<\/td>\n<td valign=\"top\" width=\"331\">5HP\/3KW<\/td>\n<\/tr>\n<tr>\n<td valign=\"top\" width=\"331\">Motor s bo\u010dn\u00edm \u0159azen\u00edm<\/td>\n<td valign=\"top\" width=\"331\">90w<\/td>\n<\/tr>\n<tr>\n<td valign=\"top\" width=\"331\">Motor pohonu z\u00e1kladny pily<\/td>\n<td valign=\"top\" width=\"331\">3,4 kW<\/td>\n<\/tr>\n<tr>\n<td valign=\"top\" width=\"331\">Rychlost vp\u0159ed<\/td>\n<td valign=\"top\" width=\"331\">0-120 m\/min<\/td>\n<\/tr>\n<tr>\n<td valign=\"top\" width=\"331\">Rychlost n\u00e1vratu<\/td>\n<td valign=\"top\" width=\"331\">120 m\/min<\/td>\n<\/tr>\n<tr>\n<td valign=\"top\" width=\"331\">V\u00fd\u0161ka stolu stroje nad zem\u00ed<\/td>\n<td valign=\"top\" width=\"331\">970 mm<\/td>\n<\/tr>\n<tr>\n<td valign=\"top\" width=\"331\">Svorka<\/td>\n<td valign=\"top\" width=\"331\">8 skupin<\/td>\n<\/tr>\n<tr>\n<td valign=\"top\" width=\"331\">Rozm\u011bry stroje<\/td>\n<td valign=\"top\" width=\"331\">6950*7400*2000 mm<\/td>\n<\/tr>\n<tr>\n<td valign=\"top\" width=\"331\">Hmotnost stroje<\/td>\n<td valign=\"top\" width=\"331\">5800 kg<\/td>\n<\/tr>\n<tr>\n<td valign=\"top\" width=\"331\">Software<\/td>\n<td valign=\"top\" width=\"331\">Automatick\u00e1 pila<\/td>\n<\/tr>\n<\/tbody>\n<\/table>\n<div style=\"width: 654px;\" class=\"wp-video\"><video class=\"wp-video-shortcode\" id=\"video-3691-1\" width=\"654\" height=\"368\" preload=\"metadata\" controls=\"controls\"><source type=\"video\/mp4\" src=\"https:\/\/wisecnclaser.com\/wp-content\/uploads\/2025\/05\/1643180959780656.mp4?_=1\" \/><a href=\"https:\/\/wisecnclaser.com\/wp-content\/uploads\/2025\/05\/1643180959780656.mp4\">https:\/\/wisecnclaser.com\/wp-content\/uploads\/2025\/05\/1643180959780656.mp4<\/a><\/video><\/div>","protected":false},"excerpt":{"rendered":"<p>Elektronick\u00e1 rozm\u011brov\u00e1 pila (CNC paprskov\u00e1 pila), zn\u00e1m\u00e1 tak\u00e9 jako po\u010d\u00edta\u010dov\u00e1 panelov\u00e1 pila, je modernizovan\u00fdm produktem ru\u010dn\u00ed posuvn\u00e9 stolov\u00e9 panelov\u00e9 pily a p\u00edstov\u00e9 pily. Pot\u0159ebuje pouze 1-2 obsluhy. Elektronick\u00e1 roz\u0159ez\u00e1vac\u00ed pila m\u00e1 vysokou p\u0159esnost \u0159ez\u00e1n\u00ed, efektivn\u00ed \u0159ez\u00e1n\u00ed desek, obsluhu pro za\u010d\u00e1te\u010dn\u00edky, \u00fasporu pr\u00e1ce, hloup\u00e9 \u0159ez\u00e1n\u00ed, integrovan\u00fd provoz \u010dlov\u011bk-stroj, zad\u00e1v\u00e1n\u00ed dat k \u0159ez\u00e1n\u00ed na dotykov\u00e9 obrazovce nebo po\u010d\u00edta\u010di a samostatn\u00e9 spu\u0161t\u011bn\u00ed desky. P\u0159esn\u00e9 obr\u00e1b\u011bn\u00ed.<\/p>","protected":false},"featured_media":4377,"template":"","meta":{"_seopress_robots_primary_cat":"none","_seopress_titles_title":"","_seopress_titles_desc":"","_seopress_robots_index":"","_uag_custom_page_level_css":"","site-sidebar-layout":"default","site-content-layout":"","ast-site-content-layout":"default","site-content-style":"default","site-sidebar-style":"default","ast-global-header-display":"","ast-banner-title-visibility":"","ast-main-header-display":"","ast-hfb-above-header-display":"","ast-hfb-below-header-display":"","ast-hfb-mobile-header-display":"","site-post-title":"","ast-breadcrumbs-content":"","ast-featured-img":"","footer-sml-layout":"","ast-disable-related-posts":"","theme-transparent-header-meta":"default","adv-header-id-meta":"","stick-header-meta":"default","header-above-stick-meta":"","header-main-stick-meta":"","header-below-stick-meta":"","astra-migrate-meta-layouts":"set","ast-page-background-enabled":"default","ast-page-background-meta":{"desktop":{"background-color":"","background-image":"","background-repeat":"repeat","background-position":"center center","background-size":"auto","background-attachment":"scroll","background-type":"","background-media":"","overlay-type":"","overlay-color":"","overlay-opacity":"","overlay-gradient":""},"tablet":{"background-color":"","background-image":"","background-repeat":"repeat","background-position":"center center","background-size":"auto","background-attachment":"scroll","background-type":"","background-media":"","overlay-type":"","overlay-color":"","overlay-opacity":"","overlay-gradient":""},"mobile":{"background-color":"","background-image":"","background-repeat":"repeat","background-position":"center center","background-size":"auto","background-attachment":"scroll","background-type":"","background-media":"","overlay-type":"","overlay-color":"","overlay-opacity":"","overlay-gradient":""}},"ast-content-background-meta":{"desktop":{"background-color":"var(--ast-global-color-5)","background-image":"","background-repeat":"repeat","background-position":"center center","background-size":"auto","background-attachment":"scroll","background-type":"","background-media":"","overlay-type":"","overlay-color":"","overlay-opacity":"","overlay-gradient":""},"tablet":{"background-color":"var(--ast-global-color-5)","background-image":"","background-repeat":"repeat","background-position":"center center","background-size":"auto","background-attachment":"scroll","background-type":"","background-media":"","overlay-type":"","overlay-color":"","overlay-opacity":"","overlay-gradient":""},"mobile":{"background-color":"var(--ast-global-color-5)","background-image":"","background-repeat":"repeat","background-position":"center center","background-size":"auto","background-attachment":"scroll","background-type":"","background-media":"","overlay-type":"","overlay-color":"","overlay-opacity":"","overlay-gradient":""}}},"product_brand":[],"product_cat":[39],"product_tag":[95,93,178],"class_list":{"0":"post-3691","1":"product","2":"type-product","3":"status-publish","4":"has-post-thumbnail","6":"product_cat-cuttingsaw","7":"product_tag-beam-saw-machine","8":"product_tag-cnc-beam-saw","9":"product_tag-computer-panel-saw","10":"desktop-align-left","11":"tablet-align-left","12":"mobile-align-left","13":"ast-product-gallery-layout-horizontal-slider","14":"ast-product-gallery-with-no-image","15":"ast-product-tabs-layout-horizontal","17":"first","18":"instock","19":"featured","20":"shipping-taxable","21":"product-type-simple"},"uagb_featured_image_src":{"full":["https:\/\/wisecnclaser.com\/wp-content\/uploads\/2025\/05\/3300\u6807\u914d-\u524d\u4e0a\u6599-\u4e0d\u542b\u4fa7\u9760.png",800,800,false],"thumbnail":["https:\/\/wisecnclaser.com\/wp-content\/uploads\/2025\/05\/3300\u6807\u914d-\u524d\u4e0a\u6599-\u4e0d\u542b\u4fa7\u9760-150x150.png",150,150,true],"medium":["https:\/\/wisecnclaser.com\/wp-content\/uploads\/2025\/05\/3300\u6807\u914d-\u524d\u4e0a\u6599-\u4e0d\u542b\u4fa7\u9760-300x300.png",300,300,true],"medium_large":["https:\/\/wisecnclaser.com\/wp-content\/uploads\/2025\/05\/3300\u6807\u914d-\u524d\u4e0a\u6599-\u4e0d\u542b\u4fa7\u9760-768x768.png",768,768,true],"large":["https:\/\/wisecnclaser.com\/wp-content\/uploads\/2025\/05\/3300\u6807\u914d-\u524d\u4e0a\u6599-\u4e0d\u542b\u4fa7\u9760.png",800,800,false],"1536x1536":["https:\/\/wisecnclaser.com\/wp-content\/uploads\/2025\/05\/3300\u6807\u914d-\u524d\u4e0a\u6599-\u4e0d\u542b\u4fa7\u9760.png",800,800,false],"2048x2048":["https:\/\/wisecnclaser.com\/wp-content\/uploads\/2025\/05\/3300\u6807\u914d-\u524d\u4e0a\u6599-\u4e0d\u542b\u4fa7\u9760.png",800,800,false],"trp-custom-language-flag":["https:\/\/wisecnclaser.com\/wp-content\/uploads\/2025\/05\/3300\u6807\u914d-\u524d\u4e0a\u6599-\u4e0d\u542b\u4fa7\u9760-12x12.png",12,12,true],"woocommerce_thumbnail":["https:\/\/wisecnclaser.com\/wp-content\/uploads\/2025\/05\/3300\u6807\u914d-\u524d\u4e0a\u6599-\u4e0d\u542b\u4fa7\u9760-300x300.png",300,300,true],"woocommerce_single":["https:\/\/wisecnclaser.com\/wp-content\/uploads\/2025\/05\/3300\u6807\u914d-\u524d\u4e0a\u6599-\u4e0d\u542b\u4fa7\u9760-600x600.png",600,600,true],"woocommerce_gallery_thumbnail":["https:\/\/wisecnclaser.com\/wp-content\/uploads\/2025\/05\/3300\u6807\u914d-\u524d\u4e0a\u6599-\u4e0d\u542b\u4fa7\u9760-100x100.png",100,100,true]},"uagb_author_info":{"display_name":"jinxing6611@gmail.com","author_link":"https:\/\/wisecnclaser.com\/cs\/author\/"},"uagb_comment_info":0,"uagb_excerpt":"Electronic sizing saw (CNC Beam Saw), also known as computer panel saw, is an upgraded product of hand-push sliding table panel saw and reciprocating saw. It only needs 1-2 operators. The electronic cutting saw has high cutting accuracy, efficient panel cutting, novice operation, labor-saving, fool-type cutting, man-machine integrated operation, input the data to be cut&hellip;","_links":{"self":[{"href":"https:\/\/wisecnclaser.com\/cs\/wp-json\/wp\/v2\/product\/3691","targetHints":{"allow":["GET"]}}],"collection":[{"href":"https:\/\/wisecnclaser.com\/cs\/wp-json\/wp\/v2\/product"}],"about":[{"href":"https:\/\/wisecnclaser.com\/cs\/wp-json\/wp\/v2\/types\/product"}],"wp:featuredmedia":[{"embeddable":true,"href":"https:\/\/wisecnclaser.com\/cs\/wp-json\/wp\/v2\/media\/4377"}],"wp:attachment":[{"href":"https:\/\/wisecnclaser.com\/cs\/wp-json\/wp\/v2\/media?parent=3691"}],"wp:term":[{"taxonomy":"product_brand","embeddable":true,"href":"https:\/\/wisecnclaser.com\/cs\/wp-json\/wp\/v2\/product_brand?post=3691"},{"taxonomy":"product_cat","embeddable":true,"href":"https:\/\/wisecnclaser.com\/cs\/wp-json\/wp\/v2\/product_cat?post=3691"},{"taxonomy":"product_tag","embeddable":true,"href":"https:\/\/wisecnclaser.com\/cs\/wp-json\/wp\/v2\/product_tag?post=3691"}],"curies":[{"name":"wp","href":"https:\/\/api.w.org\/{rel}","templated":true}]}}