{"id":3696,"date":"2025-05-23T01:33:40","date_gmt":"2025-05-23T01:33:40","guid":{"rendered":"https:\/\/wisecnclaser.com\/?post_type=product&#038;p=3696"},"modified":"2026-03-11T03:42:51","modified_gmt":"2026-03-11T03:42:51","slug":"5-axis-cnc-foam-carving-machine","status":"publish","type":"product","link":"https:\/\/wisecnclaser.com\/cs\/produkt\/5-axis-cnc-foam-carving-machine\/","title":{"rendered":"5os\u00fd cnc 3d \u0159ezac\u00ed stroj na p\u011bnu"},"content":{"rendered":"<p><strong>HLAVN\u00cd \u010c\u00c1STI 5OS\u00c9HO CNC 3D \u0158EZB\u00c1\u0158SK\u00c9HO STROJE NA P\u011aNU<\/strong><\/p>\n<p>1. \u0158\u00eddic\u00ed syst\u00e9m: P\u011btios\u00fd \u0159\u00eddic\u00ed syst\u00e9m Taiyuan<\/p>\n<p>2. Pohonn\u00fd syst\u00e9m: \u010d\u00ednsk\u00fd servomotor a podp\u016frn\u00fd pohon<\/p>\n<p>3. Pohonn\u00fd reduktor: p\u0159esn\u00fd planetov\u00fd reduktor<\/p>\n<p>4. Podp\u011brn\u00e1 li\u0161ta: \u010ctvercov\u00e1 kolejnice: Tchaj-wan 30# s vysokou p\u0159esnost\u00ed<\/p>\n<p>5. \u0160roub osy Z: Tchajwansk\u00e1 kuli\u010dkov\u00e1 konstrukce TBI<\/p>\n<p>6. P\u0159evodov\u00fd h\u0159eben: vysoce p\u0159esn\u00fd 1,5m \u0161roubov\u00fd h\u0159eben<\/p>\n<p>7. Frekven\u010dn\u00ed m\u011bni\u010d: Fuling 7,5 kW frekven\u010dn\u00ed m\u011bni\u010d<\/p>\n<p>8. Motor v\u0159etena: V\u0159eteno chlazen\u00e9 vzduchem: CHINA 6KW<\/p>\n<p>9. Elektrick\u00e1 sk\u0159\u00ed\u0148: vertik\u00e1ln\u00ed klasick\u00e1 samostatn\u00e1 sk\u0159\u00ed\u0148<\/p>\n<p>10. \u0158\u00e1dek motoru: k\u00f3dovac\u00ed \u0159\u00e1dek p\u016fvodn\u00edho motoru serva<\/p>\n<p>11. P\u0159enosov\u00fd kabel: Speci\u00e1ln\u00ed vysoce flexibiln\u00ed st\u00edn\u011bn\u00fd kabel CNC<\/p>\n<p>12. Ochrana: Osa XYZ prachot\u011bsn\u00e1<\/p>\n<p>13. Syst\u00e9m vst\u0159ikov\u00e1n\u00ed oleje: elektrick\u00fd kvantitativn\u00ed typ vst\u0159ikov\u00e1n\u00ed oleje<\/p>\n<p>14. Hlavn\u00ed elektrick\u00e9 spot\u0159ebi\u010de: zn\u00e1m\u00e9 dom\u00e1c\u00ed zna\u010dky<\/p>\n<p>15. P\u0159\u00edslu\u0161enstv\u00ed: speci\u00e1ln\u00ed n\u00e1stroje pro p\u011bnov\u00e9 socha\u0159stv\u00ed<\/p>\n<p>&nbsp;<\/p>\n<p><strong>POU\u017dIT\u00cd 5os\u00e9ho cnc stroje na vy\u0159ez\u00e1v\u00e1n\u00ed p\u011bny<\/strong><\/p>\n<p>3d p\u011bnov\u00e1 socha nebo p\u011bnov\u00e1 socha\u0159sk\u00e1 v\u00fdroba<\/p>\n<table border=\"1\">\n<tbody>\n<tr class=\"firstRow\">\n<td width=\"195\">N\u00e1zev<\/td>\n<td width=\"435\">5os\u00fd stroj na vy\u0159ez\u00e1v\u00e1n\u00ed p\u011bny<\/td>\n<\/tr>\n<tr>\n<td width=\"195\">Pracovn\u00ed v\u00fd\u0161ka (osa x)<\/td>\n<td width=\"435\">2500 mm<\/td>\n<\/tr>\n<tr>\n<td width=\"195\">Pracovn\u00ed pr\u016fm\u011br (osa y)<\/td>\n<td width=\"435\">1500 mm<\/td>\n<\/tr>\n<tr>\n<td width=\"195\">Pohybuj\u00edc\u00ed se tabulka<\/td>\n<td width=\"435\">1500 mm<\/td>\n<\/tr>\n<tr>\n<td width=\"195\">Pr\u016fm\u011br ot\u00e1\u010den\u00ed<\/td>\n<td width=\"435\">1500 mm<\/td>\n<\/tr>\n<tr>\n<td width=\"195\">Rychlost ot\u00e1\u010den\u00ed<\/td>\n<td width=\"435\">3000-18000 ot\u00e1\u010dek za minutu<\/td>\n<\/tr>\n<tr>\n<td width=\"195\">Rychlost pod\u00e1v\u00e1n\u00ed<\/td>\n<td width=\"435\">1-6000 mm\/min<\/td>\n<\/tr>\n<tr>\n<td width=\"195\">Rychl\u00fd posuv \uff08XYZ\uff09<\/td>\n<td width=\"435\">6000 mm\/min<\/td>\n<\/tr>\n<tr>\n<td width=\"195\">Syst\u00e9m dpi<\/td>\n<td width=\"435\">\u00b10.001<\/td>\n<\/tr>\n<tr>\n<td width=\"195\">Podporovan\u00e9 p\u0159\u00edkazy<\/td>\n<td width=\"435\">K\u00f3d G<\/td>\n<\/tr>\n<tr>\n<td width=\"195\">Syst\u00e9m pohonu<\/td>\n<td width=\"435\">Servoovlada\u010d a motor<\/td>\n<\/tr>\n<tr>\n<td width=\"195\">R\u00e1m stroje<\/td>\n<td width=\"435\">T\u011b\u017ek\u00fd sva\u0159ovan\u00fd ocelov\u00fd r\u00e1m<\/td>\n<\/tr>\n<tr>\n<td width=\"195\">Pracovn\u00ed v\u00fdkon<\/td>\n<td width=\"435\">AC380V 3 f\u00e1ze 50HZ<\/td>\n<\/tr>\n<\/tbody>\n<\/table>\n<p>5 Axis 3d Foam Sculpture Machine Pracovn\u00ed videa:<\/p>\n<div class=\"ast-oembed-container\" style=\"height: 100%;\"><iframe title=\"5os\u00fd stroj na 3D p\u011bnov\u00e9 sochy, 5os\u00fd stroj na fr\u00e9zov\u00e1n\u00ed p\u011bnov\u00fdch soch na CNC, 3D p\u011bnov\u00fd fr\u00e9zovac\u00ed stroj na CNC\" width=\"500\" height=\"281\" src=\"https:\/\/www.youtube.com\/embed\/Uj26JZEQQCY?feature=oembed\" frameborder=\"0\" allow=\"accelerometer; autoplay; clipboard-write; encrypted-media; gyroscope; picture-in-picture; web-share\" referrerpolicy=\"strict-origin-when-cross-origin\" allowfullscreen><\/iframe><\/div>","protected":false},"excerpt":{"rendered":"<p>MAIN PARTS OF 5 AXIS CNC 3D FOAM CARVING MACHINE 1. Control system: Taiyuan five-axis control system 2. Drive system: china servo motor and supporting drive 3. Drive reducer: precision planetary reducer 4. Support rail: Taiwan high precision 30# square rail 5. Z-axis screw: Taiwan TBI ball structure 6. Transmission rack: high precision 1.5m helical [&hellip;]<\/p>\n","protected":false},"featured_media":3699,"template":"","meta":{"_seopress_robots_primary_cat":"none","_seopress_titles_title":"","_seopress_titles_desc":"","_seopress_robots_index":"","_uag_custom_page_level_css":"","site-sidebar-layout":"default","site-content-layout":"","ast-site-content-layout":"default","site-content-style":"default","site-sidebar-style":"default","ast-global-header-display":"","ast-banner-title-visibility":"","ast-main-header-display":"","ast-hfb-above-header-display":"","ast-hfb-below-header-display":"","ast-hfb-mobile-header-display":"","site-post-title":"","ast-breadcrumbs-content":"","ast-featured-img":"","footer-sml-layout":"","ast-disable-related-posts":"","theme-transparent-header-meta":"default","adv-header-id-meta":"","stick-header-meta":"default","header-above-stick-meta":"","header-main-stick-meta":"","header-below-stick-meta":"","astra-migrate-meta-layouts":"set","ast-page-background-enabled":"default","ast-page-background-meta":{"desktop":{"background-color":"","background-image":"","background-repeat":"repeat","background-position":"center center","background-size":"auto","background-attachment":"scroll","background-type":"","background-media":"","overlay-type":"","overlay-color":"","overlay-opacity":"","overlay-gradient":""},"tablet":{"background-color":"","background-image":"","background-repeat":"repeat","background-position":"center center","background-size":"auto","background-attachment":"scroll","background-type":"","background-media":"","overlay-type":"","overlay-color":"","overlay-opacity":"","overlay-gradient":""},"mobile":{"background-color":"","background-image":"","background-repeat":"repeat","background-position":"center center","background-size":"auto","background-attachment":"scroll","background-type":"","background-media":"","overlay-type":"","overlay-color":"","overlay-opacity":"","overlay-gradient":""}},"ast-content-background-meta":{"desktop":{"background-color":"var(--ast-global-color-5)","background-image":"","background-repeat":"repeat","background-position":"center center","background-size":"auto","background-attachment":"scroll","background-type":"","background-media":"","overlay-type":"","overlay-color":"","overlay-opacity":"","overlay-gradient":""},"tablet":{"background-color":"var(--ast-global-color-5)","background-image":"","background-repeat":"repeat","background-position":"center center","background-size":"auto","background-attachment":"scroll","background-type":"","background-media":"","overlay-type":"","overlay-color":"","overlay-opacity":"","overlay-gradient":""},"mobile":{"background-color":"var(--ast-global-color-5)","background-image":"","background-repeat":"repeat","background-position":"center center","background-size":"auto","background-attachment":"scroll","background-type":"","background-media":"","overlay-type":"","overlay-color":"","overlay-opacity":"","overlay-gradient":""}}},"product_brand":[],"product_cat":[43],"product_tag":[],"class_list":{"0":"post-3696","1":"product","2":"type-product","3":"status-publish","4":"has-post-thumbnail","6":"product_cat-foam","7":"desktop-align-left","8":"tablet-align-left","9":"mobile-align-left","10":"ast-product-gallery-layout-horizontal-slider","11":"ast-product-gallery-with-no-image","12":"ast-product-tabs-layout-horizontal","14":"first","15":"instock","16":"featured","17":"shipping-taxable","18":"product-type-simple"},"uagb_featured_image_src":{"full":["https:\/\/wisecnclaser.com\/wp-content\/uploads\/2025\/05\/3f43e563345327845a650b685be9bca0.png",571,800,false],"thumbnail":["https:\/\/wisecnclaser.com\/wp-content\/uploads\/2025\/05\/3f43e563345327845a650b685be9bca0-150x150.png",150,150,true],"medium":["https:\/\/wisecnclaser.com\/wp-content\/uploads\/2025\/05\/3f43e563345327845a650b685be9bca0-214x300.png",214,300,true],"medium_large":["https:\/\/wisecnclaser.com\/wp-content\/uploads\/2025\/05\/3f43e563345327845a650b685be9bca0.png",571,800,false],"large":["https:\/\/wisecnclaser.com\/wp-content\/uploads\/2025\/05\/3f43e563345327845a650b685be9bca0.png",571,800,false],"1536x1536":["https:\/\/wisecnclaser.com\/wp-content\/uploads\/2025\/05\/3f43e563345327845a650b685be9bca0.png",571,800,false],"2048x2048":["https:\/\/wisecnclaser.com\/wp-content\/uploads\/2025\/05\/3f43e563345327845a650b685be9bca0.png",571,800,false],"trp-custom-language-flag":["https:\/\/wisecnclaser.com\/wp-content\/uploads\/2025\/05\/3f43e563345327845a650b685be9bca0-9x12.png",9,12,true],"woocommerce_thumbnail":["https:\/\/wisecnclaser.com\/wp-content\/uploads\/2025\/05\/3f43e563345327845a650b685be9bca0-300x300.png",300,300,true],"woocommerce_single":["https:\/\/wisecnclaser.com\/wp-content\/uploads\/2025\/05\/3f43e563345327845a650b685be9bca0.png",571,800,false],"woocommerce_gallery_thumbnail":["https:\/\/wisecnclaser.com\/wp-content\/uploads\/2025\/05\/3f43e563345327845a650b685be9bca0-100x100.png",100,100,true]},"uagb_author_info":{"display_name":"jinxing6611@gmail.com","author_link":"https:\/\/wisecnclaser.com\/cs\/author\/"},"uagb_comment_info":0,"uagb_excerpt":"MAIN PARTS OF 5 AXIS CNC 3D FOAM CARVING MACHINE 1. Control system: Taiyuan five-axis control system 2. Drive system: china servo motor and supporting drive 3. Drive reducer: precision planetary reducer 4. Support rail: Taiwan high precision 30# square rail 5. Z-axis screw: Taiwan TBI ball structure 6. Transmission rack: high precision 1.5m helical&hellip;","_links":{"self":[{"href":"https:\/\/wisecnclaser.com\/cs\/wp-json\/wp\/v2\/product\/3696","targetHints":{"allow":["GET"]}}],"collection":[{"href":"https:\/\/wisecnclaser.com\/cs\/wp-json\/wp\/v2\/product"}],"about":[{"href":"https:\/\/wisecnclaser.com\/cs\/wp-json\/wp\/v2\/types\/product"}],"wp:featuredmedia":[{"embeddable":true,"href":"https:\/\/wisecnclaser.com\/cs\/wp-json\/wp\/v2\/media\/3699"}],"wp:attachment":[{"href":"https:\/\/wisecnclaser.com\/cs\/wp-json\/wp\/v2\/media?parent=3696"}],"wp:term":[{"taxonomy":"product_brand","embeddable":true,"href":"https:\/\/wisecnclaser.com\/cs\/wp-json\/wp\/v2\/product_brand?post=3696"},{"taxonomy":"product_cat","embeddable":true,"href":"https:\/\/wisecnclaser.com\/cs\/wp-json\/wp\/v2\/product_cat?post=3696"},{"taxonomy":"product_tag","embeddable":true,"href":"https:\/\/wisecnclaser.com\/cs\/wp-json\/wp\/v2\/product_tag?post=3696"}],"curies":[{"name":"wp","href":"https:\/\/api.w.org\/{rel}","templated":true}]}}