{"id":3704,"date":"2025-05-23T01:36:43","date_gmt":"2025-05-23T01:36:43","guid":{"rendered":"https:\/\/wisecnclaser.com\/?post_type=product&#038;p=3704"},"modified":"2025-05-23T01:36:43","modified_gmt":"2025-05-23T01:36:43","slug":"ws1390b-mixed-co2-laser-metal-nonmetal-cutting-machine","status":"publish","type":"product","link":"https:\/\/wisecnclaser.com\/cs\/produkt\/ws1390b-mixed-co2-laser-metal-nonmetal-cutting-machine\/","title":{"rendered":"WS1390B Sm\u00ed\u0161en\u00fd Co2 laser na \u0159ez\u00e1n\u00ed nekov\u016f"},"content":{"rendered":"<table border=\"1\">\n<tbody>\n<tr class=\"firstRow\">\n<td colspan=\"8\" width=\"663\"><strong>Pou\u017eiteln\u00fd materi\u00e1l<\/strong><\/td>\n<\/tr>\n<tr>\n<td colspan=\"4\" width=\"346\"><strong>V\u00fdkon laseru<\/strong><\/td>\n<td colspan=\"4\" width=\"317\"><strong>150W<\/strong><\/td>\n<\/tr>\n<tr>\n<td width=\"138\">Materi\u00e1l<\/td>\n<td colspan=\"2\" width=\"138\">Akryl<\/td>\n<td colspan=\"2\" width=\"138\">MDF<\/td>\n<td colspan=\"2\" width=\"138\">Nerezov\u00e1 ocel<\/td>\n<td width=\"109\">Uhl\u00edkov\u00e1 ocel<\/td>\n<\/tr>\n<tr>\n<td width=\"138\">Tlou\u0161\u0165ka \u0159ezu<\/td>\n<td colspan=\"2\" width=\"138\">30 mm<\/td>\n<td colspan=\"2\" width=\"138\">10 mm<\/td>\n<td colspan=\"2\" width=\"138\">1,5 mm<\/td>\n<td width=\"109\">1,5 mm<\/td>\n<\/tr>\n<tr>\n<td colspan=\"8\" width=\"663\"><strong>150 W Rychlost \u0159ez\u00e1n\u00ed:<\/strong><\/td>\n<\/tr>\n<tr>\n<td colspan=\"2\" width=\"231\">Materi\u00e1l<\/td>\n<td colspan=\"4\" width=\"231\">Tlou\u0161\u0165ka \u0159ezu<\/td>\n<td colspan=\"2\" width=\"202\">\u0158ezn\u00e1 rychlost (mm\/min)<\/td>\n<\/tr>\n<tr>\n<td colspan=\"2\" width=\"231\">Nerezov\u00e1 ocel<\/td>\n<td colspan=\"4\" width=\"231\">0,5 mm<\/td>\n<td colspan=\"2\" width=\"202\">2700<\/td>\n<\/tr>\n<tr>\n<td colspan=\"2\" width=\"231\"><\/td>\n<td colspan=\"4\" width=\"231\">1 mm<\/td>\n<td colspan=\"2\" width=\"202\">1800<\/td>\n<\/tr>\n<tr>\n<td colspan=\"2\" width=\"231\"><\/td>\n<td colspan=\"4\" width=\"231\">1,5 mm<\/td>\n<td colspan=\"2\" width=\"202\">1000-1200<\/td>\n<\/tr>\n<tr>\n<td colspan=\"2\" width=\"231\">Uhl\u00edkov\u00e1 ocel<\/td>\n<td colspan=\"4\" width=\"231\">0,5 mm<\/td>\n<td colspan=\"2\" width=\"202\">3000<\/td>\n<\/tr>\n<tr>\n<td colspan=\"2\" width=\"231\"><\/td>\n<td colspan=\"4\" width=\"231\">1 mm<\/td>\n<td colspan=\"2\" width=\"202\">1800<\/td>\n<\/tr>\n<tr>\n<td colspan=\"2\" width=\"231\"><\/td>\n<td colspan=\"4\" width=\"231\">1,5 mm<\/td>\n<td colspan=\"2\" width=\"202\">1000-1200<\/td>\n<\/tr>\n<tr>\n<td colspan=\"2\" width=\"231\">Akryl<\/td>\n<td colspan=\"4\" width=\"231\">10 mm<\/td>\n<td colspan=\"2\" width=\"202\">300<\/td>\n<\/tr>\n<tr>\n<td colspan=\"2\" width=\"231\"><\/td>\n<td colspan=\"4\" width=\"231\">20 mm<\/td>\n<td colspan=\"2\" width=\"202\">90-120<\/td>\n<\/tr>\n<tr>\n<td colspan=\"2\" valign=\"top\" width=\"231\">MDF<\/td>\n<td colspan=\"4\" valign=\"top\" width=\"231\">10 mm<\/td>\n<td colspan=\"2\" valign=\"top\" width=\"202\">300-400<\/td>\n<\/tr>\n<\/tbody>\n<\/table>\n<table border=\"1\">\n<tbody>\n<tr class=\"firstRow\">\n<td colspan=\"2\" width=\"662\">Popis a specifikace co2 laserov\u00e9ho \u0159ezac\u00edho stroje na kovy a nekovy:<\/td>\n<\/tr>\n<tr>\n<td valign=\"top\" width=\"331\">Typ laseru<\/td>\n<td valign=\"top\" width=\"331\">Uzav\u0159en\u00e1 laserov\u00e1 trubice CO2 zna\u010dky Reci<\/td>\n<\/tr>\n<tr>\n<td valign=\"top\" width=\"331\">V\u00fdkon laseru<\/td>\n<td valign=\"top\" width=\"331\">150W reci laserov\u00e1 trubice W6<\/td>\n<\/tr>\n<tr>\n<td valign=\"top\" width=\"331\">\u0158ezn\u00e1 plocha<\/td>\n<td valign=\"top\" width=\"331\">1300*900 mm<\/td>\n<\/tr>\n<tr>\n<td valign=\"top\" width=\"331\">Obnoven\u00ed p\u0159esnosti polohy<\/td>\n<td valign=\"top\" width=\"331\">+\/-0,05 mm<\/td>\n<\/tr>\n<tr>\n<td valign=\"top\" width=\"331\">Pracovn\u00ed nap\u011bt\u00ed<\/td>\n<td valign=\"top\" width=\"331\">AC110-220V +\/-10%.50-60HZ, 40A<\/td>\n<\/tr>\n<tr>\n<td valign=\"top\" width=\"331\">Power<\/td>\n<td valign=\"top\" width=\"331\">max. 2 000 W<\/td>\n<\/tr>\n<tr>\n<td valign=\"top\" width=\"331\">Provozn\u00ed teplota<\/td>\n<td valign=\"top\" width=\"331\">0-45 stup\u0148\u016f<\/td>\n<\/tr>\n<tr>\n<td valign=\"top\" width=\"331\">Provozn\u00ed vlhkost<\/td>\n<td valign=\"top\" width=\"331\">5-95%<\/td>\n<\/tr>\n<tr>\n<td valign=\"top\" width=\"331\">Minim\u00e1ln\u00ed tvarovac\u00ed znak<\/td>\n<td valign=\"top\" width=\"331\">Angli\u010dtina 5*5 mm<\/td>\n<\/tr>\n<tr>\n<td valign=\"top\" width=\"331\">Podporovan\u00fd grafick\u00fd form\u00e1t<\/td>\n<td valign=\"top\" width=\"331\">BMP, PLT, DST, DXF a AI<\/td>\n<\/tr>\n<tr>\n<td valign=\"top\" width=\"331\">Syst\u00e9m pohonu<\/td>\n<td valign=\"top\" width=\"331\">Krokov\u00fd ovlada\u010d<\/td>\n<\/tr>\n<tr>\n<td valign=\"top\" width=\"331\">\u0158ezn\u00fd materi\u00e1l<\/td>\n<td valign=\"top\" width=\"331\">Kovov\u00e9 a nekovov\u00e9<\/td>\n<\/tr>\n<tr>\n<td valign=\"top\" width=\"331\">Tlou\u0161\u0165ka \u0159ezu<\/td>\n<td valign=\"top\" width=\"331\">20 mm akryl\u00e1t, max. 1,5 mm uhl\u00edkov\u00e1 ocel, max. 1,2 mm nerezov\u00e1 ocel<\/td>\n<\/tr>\n<tr>\n<td valign=\"top\" width=\"331\">Objektiv a zrcadlo<\/td>\n<td valign=\"top\" width=\"331\">S 3 \u010do\u010dkami nainstalovan\u00fdmi ve stroji<\/td>\n<\/tr>\n<tr>\n<td valign=\"top\" width=\"331\">Re\u017eim chlazen\u00ed<\/td>\n<td valign=\"top\" width=\"331\">Vodn\u00ed chlazen\u00ed a ochrann\u00fd syst\u00e9m<\/td>\n<\/tr>\n<tr>\n<td valign=\"top\" width=\"331\">Pomocn\u00e9 vybaven\u00ed<\/td>\n<td valign=\"top\" width=\"331\">V\u00fdfukov\u00fd ventil\u00e1tor, v\u00fdfukov\u00e9 potrub\u00ed, vzduchov\u00fd kompresor<\/td>\n<\/tr>\n<tr>\n<td valign=\"top\" width=\"331\">\u0158\u00eddic\u00ed syst\u00e9m<\/td>\n<td valign=\"top\" width=\"331\">Leetro 6595<\/td>\n<\/tr>\n<tr>\n<td valign=\"top\" width=\"331\">Kompatibiln\u00ed software<\/td>\n<td valign=\"top\" width=\"331\">Coreldraw auto CAD photoshop<\/td>\n<\/tr>\n<tr>\n<td valign=\"top\" width=\"331\">Velikost cel\u00e9ho stroje<\/td>\n<td valign=\"top\" width=\"331\">2120*1715*1250 mm<\/td>\n<\/tr>\n<tr>\n<td valign=\"top\" width=\"331\">Hmotnost stroje<\/td>\n<td valign=\"top\" width=\"331\">500 kg<\/td>\n<\/tr>\n<\/tbody>\n<\/table>\n<p>Pou\u017eit\u00ed:<\/p>\n<p>Pou\u017e\u00edv\u00e1 se hlavn\u011b v reklamn\u00edm pr\u016fmyslu, p\u0159i \u0159ez\u00e1n\u00ed kov\u016f, v um\u011blecko\u0159emesln\u00e9m pr\u016fmyslu atd.<\/p>\n<p>Pou\u017eiteln\u00fd materi\u00e1l: Materi\u00e1l: akryl, d\u0159evo, organick\u00e9 sklo, k\u016f\u017ee, k\u0159i\u0161\u0165\u00e1l, bambus, elektronika, nerezov\u00e1 ocel, uhl\u00edkov\u00e1 ocel atd.<\/p>","protected":false},"excerpt":{"rendered":"<p>Mixed co2 laser cutting machine for metal and nonmetal<\/p>\n<p>THC Auto height controlling cutting head for metal cutting<\/p>\n<p>CW5000 water chiller<\/p>\n<p>Stepper driver<\/p>\n<p>Belt transmission<\/p>\n<p>Leetro6595 controller<\/p>","protected":false},"featured_media":3707,"template":"","meta":{"_seopress_robots_primary_cat":"","_seopress_titles_title":"","_seopress_titles_desc":"","_seopress_robots_index":"","_uag_custom_page_level_css":"","site-sidebar-layout":"default","site-content-layout":"","ast-site-content-layout":"default","site-content-style":"default","site-sidebar-style":"default","ast-global-header-display":"","ast-banner-title-visibility":"","ast-main-header-display":"","ast-hfb-above-header-display":"","ast-hfb-below-header-display":"","ast-hfb-mobile-header-display":"","site-post-title":"","ast-breadcrumbs-content":"","ast-featured-img":"","footer-sml-layout":"","ast-disable-related-posts":"","theme-transparent-header-meta":"default","adv-header-id-meta":"","stick-header-meta":"default","header-above-stick-meta":"","header-main-stick-meta":"","header-below-stick-meta":"","astra-migrate-meta-layouts":"set","ast-page-background-enabled":"default","ast-page-background-meta":{"desktop":{"background-color":"","background-image":"","background-repeat":"repeat","background-position":"center center","background-size":"auto","background-attachment":"scroll","background-type":"","background-media":"","overlay-type":"","overlay-color":"","overlay-opacity":"","overlay-gradient":""},"tablet":{"background-color":"","background-image":"","background-repeat":"repeat","background-position":"center center","background-size":"auto","background-attachment":"scroll","background-type":"","background-media":"","overlay-type":"","overlay-color":"","overlay-opacity":"","overlay-gradient":""},"mobile":{"background-color":"","background-image":"","background-repeat":"repeat","background-position":"center center","background-size":"auto","background-attachment":"scroll","background-type":"","background-media":"","overlay-type":"","overlay-color":"","overlay-opacity":"","overlay-gradient":""}},"ast-content-background-meta":{"desktop":{"background-color":"var(--ast-global-color-5)","background-image":"","background-repeat":"repeat","background-position":"center center","background-size":"auto","background-attachment":"scroll","background-type":"","background-media":"","overlay-type":"","overlay-color":"","overlay-opacity":"","overlay-gradient":""},"tablet":{"background-color":"var(--ast-global-color-5)","background-image":"","background-repeat":"repeat","background-position":"center center","background-size":"auto","background-attachment":"scroll","background-type":"","background-media":"","overlay-type":"","overlay-color":"","overlay-opacity":"","overlay-gradient":""},"mobile":{"background-color":"var(--ast-global-color-5)","background-image":"","background-repeat":"repeat","background-position":"center center","background-size":"auto","background-attachment":"scroll","background-type":"","background-media":"","overlay-type":"","overlay-color":"","overlay-opacity":"","overlay-gradient":""}}},"product_brand":[],"product_cat":[32],"product_tag":[],"class_list":{"0":"post-3704","1":"product","2":"type-product","3":"status-publish","4":"has-post-thumbnail","6":"product_cat-lasercutting","7":"desktop-align-left","8":"tablet-align-left","9":"mobile-align-left","10":"ast-product-gallery-layout-horizontal-slider","11":"ast-product-gallery-with-no-image","12":"ast-product-tabs-layout-horizontal","14":"first","15":"instock","16":"shipping-taxable","17":"product-type-simple"},"uagb_featured_image_src":{"full":["https:\/\/wisecnclaser.com\/wp-content\/uploads\/2025\/05\/90cf752667b85fdad3ba0548d1e3c883.jpg",500,500,false],"thumbnail":["https:\/\/wisecnclaser.com\/wp-content\/uploads\/2025\/05\/90cf752667b85fdad3ba0548d1e3c883-150x150.jpg",150,150,true],"medium":["https:\/\/wisecnclaser.com\/wp-content\/uploads\/2025\/05\/90cf752667b85fdad3ba0548d1e3c883-300x300.jpg",300,300,true],"medium_large":["https:\/\/wisecnclaser.com\/wp-content\/uploads\/2025\/05\/90cf752667b85fdad3ba0548d1e3c883.jpg",500,500,false],"large":["https:\/\/wisecnclaser.com\/wp-content\/uploads\/2025\/05\/90cf752667b85fdad3ba0548d1e3c883.jpg",500,500,false],"1536x1536":["https:\/\/wisecnclaser.com\/wp-content\/uploads\/2025\/05\/90cf752667b85fdad3ba0548d1e3c883.jpg",500,500,false],"2048x2048":["https:\/\/wisecnclaser.com\/wp-content\/uploads\/2025\/05\/90cf752667b85fdad3ba0548d1e3c883.jpg",500,500,false],"trp-custom-language-flag":["https:\/\/wisecnclaser.com\/wp-content\/uploads\/2025\/05\/90cf752667b85fdad3ba0548d1e3c883-12x12.jpg",12,12,true],"woocommerce_thumbnail":["https:\/\/wisecnclaser.com\/wp-content\/uploads\/2025\/05\/90cf752667b85fdad3ba0548d1e3c883-300x300.jpg",300,300,true],"woocommerce_single":["https:\/\/wisecnclaser.com\/wp-content\/uploads\/2025\/05\/90cf752667b85fdad3ba0548d1e3c883.jpg",500,500,false],"woocommerce_gallery_thumbnail":["https:\/\/wisecnclaser.com\/wp-content\/uploads\/2025\/05\/90cf752667b85fdad3ba0548d1e3c883-100x100.jpg",100,100,true]},"uagb_author_info":{"display_name":"jinxing6611@gmail.com","author_link":"https:\/\/wisecnclaser.com\/cs\/author\/"},"uagb_comment_info":0,"uagb_excerpt":"Mixed co2 laser cutting machine for metal and nonmetal THC Auto height controlling cutting head for metal cutting CW5000 water chiller Stepper driver Belt transmission Leetro6595 controller","_links":{"self":[{"href":"https:\/\/wisecnclaser.com\/cs\/wp-json\/wp\/v2\/product\/3704","targetHints":{"allow":["GET"]}}],"collection":[{"href":"https:\/\/wisecnclaser.com\/cs\/wp-json\/wp\/v2\/product"}],"about":[{"href":"https:\/\/wisecnclaser.com\/cs\/wp-json\/wp\/v2\/types\/product"}],"wp:featuredmedia":[{"embeddable":true,"href":"https:\/\/wisecnclaser.com\/cs\/wp-json\/wp\/v2\/media\/3707"}],"wp:attachment":[{"href":"https:\/\/wisecnclaser.com\/cs\/wp-json\/wp\/v2\/media?parent=3704"}],"wp:term":[{"taxonomy":"product_brand","embeddable":true,"href":"https:\/\/wisecnclaser.com\/cs\/wp-json\/wp\/v2\/product_brand?post=3704"},{"taxonomy":"product_cat","embeddable":true,"href":"https:\/\/wisecnclaser.com\/cs\/wp-json\/wp\/v2\/product_cat?post=3704"},{"taxonomy":"product_tag","embeddable":true,"href":"https:\/\/wisecnclaser.com\/cs\/wp-json\/wp\/v2\/product_tag?post=3704"}],"curies":[{"name":"wp","href":"https:\/\/api.w.org\/{rel}","templated":true}]}}