{"id":3727,"date":"2025-05-23T02:34:49","date_gmt":"2025-05-23T02:34:49","guid":{"rendered":"https:\/\/wisecnclaser.com\/?post_type=product&#038;p=3727"},"modified":"2026-01-26T08:12:02","modified_gmt":"2026-01-26T08:12:02","slug":"ws3300-cnc-beam-saw-with-side-aligner","status":"publish","type":"product","link":"https:\/\/wisecnclaser.com\/cs\/produkt\/ws3300-cnc-beam-saw-with-side-aligner\/","title":{"rendered":"WS3300 CNC paprskov\u00e1 pila s bo\u010dn\u00edm zarovn\u00e1va\u010dem"},"content":{"rendered":"<p>Za\u0159\u00edzen\u00ed je \u0159\u00edzeno pr\u016fmyslov\u00fdm po\u010d\u00edta\u010dem s p\u0159\u00edv\u011btiv\u00fdm rozhran\u00edm dialogu \u010dlov\u011bk-po\u010d\u00edta\u010d a snadnou obsluhou. Pokud je nainstalov\u00e1n optimaliza\u010dn\u00ed software, lze p\u0159\u00edmo importovat seznam materi\u00e1l\u016f pro optimalizaci \u0159ez\u00e1n\u00ed materi\u00e1lu. Je vybaveno za\u0159\u00edzen\u00edm pro signalizaci poruchy, kter\u00e9 automaticky zastav\u00ed stroj, kdy\u017e dojde k poru\u0161e, a m\u00e1 funkci automatick\u00e9 detekce poruchy, kter\u00e1 usnad\u0148uje kontrolu p\u0159\u00ed\u010diny poruchy.<\/p>\n<p>Hlavn\u00ed pila p\u0159evodov\u00e9 konstrukce pou\u017e\u00edv\u00e1 tchajwansk\u00e9 \u0159emeny Samsung s v\u00edce dr\u00e1\u017ekami a mal\u00e9 kl\u00ednov\u00e9 \u0159emeny pil pou\u017e\u00edvaj\u00ed dov\u00e1\u017een\u00e9 \u0159emeny. Pou\u017e\u00edv\u00e1 vysoce p\u0159esn\u00fd n\u011bmeck\u00fd\/SLM a ozuben\u00fd kombinovan\u00fd p\u0159evod; pou\u017eit\u00e9 elektrick\u00e9 p\u0159\u00edstroje, kloubov\u00e9 komponenty a kl\u00ed\u010dov\u00e9 sou\u010d\u00e1sti jsou v\u0161echny v\u00fdrobky mezin\u00e1rodn\u00edch zna\u010dek, aby byla zaji\u0161t\u011bna p\u0159esnost a spolehlivost v\u00fdrobk\u016f; hlavn\u00ed stroj m\u00e1 vysokou rychlost \u0159ez\u00e1n\u00ed a m\u016f\u017ee dos\u00e1hnout plynul\u00e9ho nastaven\u00ed podle tlou\u0161\u0165ky \u0159ezn\u00e9 desky.<\/p>\n<p>Optimalizovan\u00fd popis softwaru (voliteln\u00fd) zachov\u00e1v\u00e1 flexibilitu n\u00e1hodn\u00e9ho ru\u010dn\u00edho uspo\u0159\u00e1d\u00e1n\u00ed \u0159ezn\u00fdch dat tradi\u010dn\u00edch elektronick\u00fdch pil a roz\u0161i\u0159uje funkce inteligentn\u00edho importu dat, bezdr\u00e1tov\u00e9ho d\u00e1lkov\u00e9ho ovl\u00e1d\u00e1n\u00ed spu\u0161t\u011bn\u00ed a zastaven\u00ed provozu, d\u00e1lkov\u00e9ho monitorov\u00e1n\u00ed atd. a p\u0159id\u00e1v\u00e1 praktick\u00e9 funkce, jako je n\u00e1vrh zak\u00e1zky, optimalizace rozd\u011blen\u00ed zak\u00e1zky, spr\u00e1va zbytkov\u00e9ho materi\u00e1lu, optimalizace rozlo\u017een\u00ed, tisk \u010d\u00e1rov\u00fdch k\u00f3d\u016f atd. Sou\u010dasn\u011b je otev\u0159en v\u0161em softwarov\u00fdm port\u016fm, jako jsou Yuan Fang, Hua Guang, CV, 1010, Wei Lun, Hai Xun, Sanweijia, Yunxi, Shangchuan a dal\u0161\u00ed konstruk\u010dn\u00ed software, a podporuje ru\u010dn\u011b vyr\u00e1b\u011bn\u00fd seznam materi\u00e1lu Microsoft Excel, s v\u00fdkonnou funkc\u00ed programov\u00e1n\u00ed optimalizovan\u00e9ho rozlo\u017een\u00ed a m\u016f\u017ee konstruovat re\u00e1ln\u00fd provoz pro simulaci skute\u010dn\u00fdch probl\u00e9m\u016f. Kdy\u017e pracovn\u00edci obsluhuj\u00ed za\u0159\u00edzen\u00ed, sta\u010d\u00ed, aby um\u00edstili obrobek podle pokyn\u016f na rozhran\u00ed po\u010d\u00edta\u010de, a \u00fadaje o velikosti \u0159ezu jsou inteligentn\u011b obnovov\u00e1ny po\u010d\u00edta\u010dem (sn\u00edm\u00e1n\u00edm k\u00f3du), \u010d\u00edm\u017e se realizuje operace na jedno kliknut\u00ed. K zah\u00e1jen\u00ed pr\u00e1ce jsou zpravidla zapot\u0159eb\u00ed pouze 2 hodiny \u0161kolen\u00ed.<\/p>\n<p>&nbsp;<\/p>\n<table border=\"1\">\n<tbody>\n<tr class=\"firstRow\">\n<td colspan=\"2\" valign=\"top\" width=\"622\"><strong>WS3300<\/strong><strong>\u00a0CNC paprskov\u00e1 pila s bo\u010dn\u00edm zarovn\u00e1va\u010dem<\/strong><\/td>\n<\/tr>\n<tr>\n<td valign=\"top\" width=\"311\">Po\u010d\u00edta\u010d<\/td>\n<td valign=\"top\" width=\"311\">\u00a0 \u00a0 \u00a0 \u00a0 \u00a0 \u00a0 \u00a0 \u00a0 \u00a0Zahrnuto<\/td>\n<\/tr>\n<tr>\n<td valign=\"top\" width=\"311\">D\u00e9lka\/\u0161\u00ed\u0159ka \u0159ezu<\/td>\n<td valign=\"top\" width=\"311\">3300 mm<\/td>\n<\/tr>\n<tr>\n<td valign=\"top\" width=\"311\">Tlou\u0161\u0165ka \u0159ezu<\/td>\n<td valign=\"top\" width=\"311\">100 mm<\/td>\n<\/tr>\n<tr>\n<td valign=\"top\" width=\"311\">Pr\u016fm\u011br hlavn\u00ed \u0159ezac\u00ed pily<\/td>\n<td valign=\"top\" width=\"311\">\u0424400mm<\/td>\n<\/tr>\n<tr>\n<td valign=\"top\" width=\"311\">Pr\u016fm\u011br hlavn\u00edho h\u0159\u00eddele pily<\/td>\n<td valign=\"top\" width=\"311\">\u042480mm<\/td>\n<\/tr>\n<tr>\n<td valign=\"top\" width=\"311\">Ot\u00e1\u010dky hlavn\u00edho h\u0159\u00eddele pily<\/td>\n<td valign=\"top\" width=\"311\">4800 ot\u00e1\u010dek za minutu<\/td>\n<\/tr>\n<tr>\n<td valign=\"top\" width=\"311\">Pr\u016fm\u011br pilov\u00e9ho kotou\u010de<\/td>\n<td valign=\"top\" width=\"311\">\u0424180mm<\/td>\n<\/tr>\n<tr>\n<td valign=\"top\" width=\"311\">Pr\u016fm\u011br h\u0159\u00eddele dr\u00e1\u017ekovac\u00ed pily<\/td>\n<td valign=\"top\" width=\"311\">\u042445mm<\/td>\n<\/tr>\n<tr>\n<td valign=\"top\" width=\"311\">Ot\u00e1\u010dky h\u0159\u00eddele dr\u00e1\u017ekovac\u00ed pily<\/td>\n<td valign=\"top\" width=\"311\">6900 ot\u00e1\u010dek za minutu<\/td>\n<\/tr>\n<tr>\n<td valign=\"top\" width=\"311\">Z\u00e1kladn\u00ed rychlost pily<\/td>\n<td valign=\"top\" width=\"311\">100 m\/min<\/td>\n<\/tr>\n<tr>\n<td valign=\"top\" width=\"311\">Z\u00e1kladn\u00ed rychlost pily sm\u011brem dozadu<\/td>\n<td valign=\"top\" width=\"311\">120 m\/min<\/td>\n<\/tr>\n<tr>\n<td valign=\"top\" width=\"311\">Hlavn\u00ed motor \u0159ezac\u00ed pily<\/td>\n<td valign=\"top\" width=\"311\">16,5 kW<\/td>\n<\/tr>\n<tr>\n<td valign=\"top\" width=\"311\">Motor dr\u00e1\u017ekovac\u00ed pily<\/td>\n<td valign=\"top\" width=\"311\">2,2 kW<\/td>\n<\/tr>\n<tr>\n<td valign=\"top\" width=\"311\">Motor poh\u00e1n\u011bj\u00edc\u00ed z\u00e1kladnu pily<\/td>\n<td valign=\"top\" width=\"311\">1,8kw ( servo )<\/td>\n<\/tr>\n<tr>\n<td valign=\"top\" width=\"311\">Automatick\u00fd pod\u00e1vac\u00ed motor<\/td>\n<td valign=\"top\" width=\"311\">1,8 kW (servo\uff09<\/td>\n<\/tr>\n<tr>\n<td valign=\"top\" width=\"311\">Motor bo\u010dn\u00edho vyrovn\u00e1v\u00e1n\u00ed<\/td>\n<td valign=\"top\" width=\"311\">0,55kw<\/td>\n<\/tr>\n<tr>\n<td valign=\"top\" width=\"311\">Motor v\u00fdv\u011bvy<\/td>\n<td valign=\"top\" width=\"311\">4kw<\/td>\n<\/tr>\n<tr>\n<td valign=\"top\" width=\"311\">Celkov\u00fd v\u00fdkon<\/td>\n<td valign=\"top\" width=\"311\">26,5 kW<\/td>\n<\/tr>\n<tr>\n<td valign=\"top\" width=\"311\">Rychlost automatick\u00e9ho pod\u00e1v\u00e1n\u00ed<\/td>\n<td valign=\"top\" width=\"311\">100 m\/min<\/td>\n<\/tr>\n<tr>\n<td valign=\"top\" width=\"311\">Tlak vzduchu<\/td>\n<td valign=\"top\" width=\"311\">5-7 kg\/cm\u00b2<\/td>\n<\/tr>\n<tr>\n<td valign=\"top\" width=\"311\">V\u00fd\u0161ka plovouc\u00edho stolu<\/td>\n<td valign=\"top\" width=\"311\">950 mm<\/td>\n<\/tr>\n<tr>\n<td valign=\"top\" width=\"311\">Celkov\u00e1 velikost stroje\uff08L*W*H\uff09<\/td>\n<td valign=\"top\" width=\"311\">5900*5800*1850 mm<\/td>\n<\/tr>\n<\/tbody>\n<\/table>\n<div style=\"width: 1280px;\" class=\"wp-video\"><video class=\"wp-video-shortcode\" id=\"video-3727-1\" width=\"1280\" height=\"720\" preload=\"metadata\" controls=\"controls\"><source type=\"video\/mp4\" src=\"https:\/\/wisecnclaser.com\/wp-content\/uploads\/2025\/05\/1722321154464007.mp4?_=1\" \/><a href=\"https:\/\/wisecnclaser.com\/wp-content\/uploads\/2025\/05\/1722321154464007.mp4\">https:\/\/wisecnclaser.com\/wp-content\/uploads\/2025\/05\/1722321154464007.mp4<\/a><\/video><\/div>","protected":false},"excerpt":{"rendered":"<p>Za\u0159\u00edzen\u00ed je \u0159\u00edzeno pr\u016fmyslov\u00fdm po\u010d\u00edta\u010dem s p\u0159\u00edv\u011btiv\u00fdm rozhran\u00edm dialogu \u010dlov\u011bk-po\u010d\u00edta\u010d a snadnou obsluhou. Pokud je nainstalov\u00e1n optimaliza\u010dn\u00ed software, lze p\u0159\u00edmo importovat seznam materi\u00e1l\u016f pro optimalizaci \u0159ez\u00e1n\u00ed materi\u00e1lu. Je vybaveno za\u0159\u00edzen\u00edm pro signalizaci poruchy, kter\u00e9 automaticky zastav\u00ed stroj, kdy\u017e dojde k poru\u0161e, a m\u00e1 funkci automatick\u00e9 detekce poruchy, kter\u00e1 usnad\u0148uje kontrolu p\u0159\u00ed\u010diny poruchy.<\/p>","protected":false},"featured_media":4378,"template":"","meta":{"_seopress_robots_primary_cat":"none","_seopress_titles_title":"","_seopress_titles_desc":"","_seopress_robots_index":"","_uag_custom_page_level_css":"","site-sidebar-layout":"default","site-content-layout":"","ast-site-content-layout":"default","site-content-style":"default","site-sidebar-style":"default","ast-global-header-display":"","ast-banner-title-visibility":"","ast-main-header-display":"","ast-hfb-above-header-display":"","ast-hfb-below-header-display":"","ast-hfb-mobile-header-display":"","site-post-title":"","ast-breadcrumbs-content":"","ast-featured-img":"","footer-sml-layout":"","ast-disable-related-posts":"","theme-transparent-header-meta":"default","adv-header-id-meta":"","stick-header-meta":"default","header-above-stick-meta":"","header-main-stick-meta":"","header-below-stick-meta":"","astra-migrate-meta-layouts":"set","ast-page-background-enabled":"default","ast-page-background-meta":{"desktop":{"background-color":"","background-image":"","background-repeat":"repeat","background-position":"center center","background-size":"auto","background-attachment":"scroll","background-type":"","background-media":"","overlay-type":"","overlay-color":"","overlay-opacity":"","overlay-gradient":""},"tablet":{"background-color":"","background-image":"","background-repeat":"repeat","background-position":"center center","background-size":"auto","background-attachment":"scroll","background-type":"","background-media":"","overlay-type":"","overlay-color":"","overlay-opacity":"","overlay-gradient":""},"mobile":{"background-color":"","background-image":"","background-repeat":"repeat","background-position":"center center","background-size":"auto","background-attachment":"scroll","background-type":"","background-media":"","overlay-type":"","overlay-color":"","overlay-opacity":"","overlay-gradient":""}},"ast-content-background-meta":{"desktop":{"background-color":"var(--ast-global-color-5)","background-image":"","background-repeat":"repeat","background-position":"center center","background-size":"auto","background-attachment":"scroll","background-type":"","background-media":"","overlay-type":"","overlay-color":"","overlay-opacity":"","overlay-gradient":""},"tablet":{"background-color":"var(--ast-global-color-5)","background-image":"","background-repeat":"repeat","background-position":"center center","background-size":"auto","background-attachment":"scroll","background-type":"","background-media":"","overlay-type":"","overlay-color":"","overlay-opacity":"","overlay-gradient":""},"mobile":{"background-color":"var(--ast-global-color-5)","background-image":"","background-repeat":"repeat","background-position":"center center","background-size":"auto","background-attachment":"scroll","background-type":"","background-media":"","overlay-type":"","overlay-color":"","overlay-opacity":"","overlay-gradient":""}}},"product_brand":[],"product_cat":[39],"product_tag":[],"class_list":{"0":"post-3727","1":"product","2":"type-product","3":"status-publish","4":"has-post-thumbnail","6":"product_cat-cuttingsaw","7":"desktop-align-left","8":"tablet-align-left","9":"mobile-align-left","10":"ast-product-gallery-layout-horizontal-slider","11":"ast-product-gallery-with-no-image","12":"ast-product-tabs-layout-horizontal","14":"first","15":"instock","16":"shipping-taxable","17":"product-type-simple"},"uagb_featured_image_src":{"full":["https:\/\/wisecnclaser.com\/wp-content\/uploads\/2025\/05\/3300\u6807\u914d-\u524d\u4e0a\u6599\u542b\u4fa7\u9760.png",1082,1086,false],"thumbnail":["https:\/\/wisecnclaser.com\/wp-content\/uploads\/2025\/05\/3300\u6807\u914d-\u524d\u4e0a\u6599\u542b\u4fa7\u9760-150x150.png",150,150,true],"medium":["https:\/\/wisecnclaser.com\/wp-content\/uploads\/2025\/05\/3300\u6807\u914d-\u524d\u4e0a\u6599\u542b\u4fa7\u9760-300x300.png",300,300,true],"medium_large":["https:\/\/wisecnclaser.com\/wp-content\/uploads\/2025\/05\/3300\u6807\u914d-\u524d\u4e0a\u6599\u542b\u4fa7\u9760-768x771.png",768,771,true],"large":["https:\/\/wisecnclaser.com\/wp-content\/uploads\/2025\/05\/3300\u6807\u914d-\u524d\u4e0a\u6599\u542b\u4fa7\u9760-1020x1024.png",1020,1024,true],"1536x1536":["https:\/\/wisecnclaser.com\/wp-content\/uploads\/2025\/05\/3300\u6807\u914d-\u524d\u4e0a\u6599\u542b\u4fa7\u9760.png",1082,1086,false],"2048x2048":["https:\/\/wisecnclaser.com\/wp-content\/uploads\/2025\/05\/3300\u6807\u914d-\u524d\u4e0a\u6599\u542b\u4fa7\u9760.png",1082,1086,false],"trp-custom-language-flag":["https:\/\/wisecnclaser.com\/wp-content\/uploads\/2025\/05\/3300\u6807\u914d-\u524d\u4e0a\u6599\u542b\u4fa7\u9760-12x12.png",12,12,true],"woocommerce_thumbnail":["https:\/\/wisecnclaser.com\/wp-content\/uploads\/2025\/05\/3300\u6807\u914d-\u524d\u4e0a\u6599\u542b\u4fa7\u9760-300x300.png",300,300,true],"woocommerce_single":["https:\/\/wisecnclaser.com\/wp-content\/uploads\/2025\/05\/3300\u6807\u914d-\u524d\u4e0a\u6599\u542b\u4fa7\u9760-600x602.png",600,602,true],"woocommerce_gallery_thumbnail":["https:\/\/wisecnclaser.com\/wp-content\/uploads\/2025\/05\/3300\u6807\u914d-\u524d\u4e0a\u6599\u542b\u4fa7\u9760-100x100.png",100,100,true]},"uagb_author_info":{"display_name":"jinxing6611@gmail.com","author_link":"https:\/\/wisecnclaser.com\/cs\/author\/"},"uagb_comment_info":0,"uagb_excerpt":"The equipment is controlled by an industrial computer, with a friendly human-computer dialogue interface and easy operation. If the optimization software is installed, the material list can be directly imported to optimize the material cutting. It is equipped with a fault alarm device, which automatically stops the machine when a fault occurs, and has an&hellip;","_links":{"self":[{"href":"https:\/\/wisecnclaser.com\/cs\/wp-json\/wp\/v2\/product\/3727","targetHints":{"allow":["GET"]}}],"collection":[{"href":"https:\/\/wisecnclaser.com\/cs\/wp-json\/wp\/v2\/product"}],"about":[{"href":"https:\/\/wisecnclaser.com\/cs\/wp-json\/wp\/v2\/types\/product"}],"wp:featuredmedia":[{"embeddable":true,"href":"https:\/\/wisecnclaser.com\/cs\/wp-json\/wp\/v2\/media\/4378"}],"wp:attachment":[{"href":"https:\/\/wisecnclaser.com\/cs\/wp-json\/wp\/v2\/media?parent=3727"}],"wp:term":[{"taxonomy":"product_brand","embeddable":true,"href":"https:\/\/wisecnclaser.com\/cs\/wp-json\/wp\/v2\/product_brand?post=3727"},{"taxonomy":"product_cat","embeddable":true,"href":"https:\/\/wisecnclaser.com\/cs\/wp-json\/wp\/v2\/product_cat?post=3727"},{"taxonomy":"product_tag","embeddable":true,"href":"https:\/\/wisecnclaser.com\/cs\/wp-json\/wp\/v2\/product_tag?post=3727"}],"curies":[{"name":"wp","href":"https:\/\/api.w.org\/{rel}","templated":true}]}}