{"id":3745,"date":"2025-05-23T02:41:40","date_gmt":"2025-05-23T02:41:40","guid":{"rendered":"https:\/\/wisecnclaser.com\/?post_type=product&#038;p=3745"},"modified":"2025-07-16T02:17:35","modified_gmt":"2025-07-16T02:17:35","slug":"ws3300-back-feeding-cnc-beam-saw","status":"publish","type":"product","link":"https:\/\/wisecnclaser.com\/cs\/produkt\/ws3300-back-feeding-cnc-beam-saw\/","title":{"rendered":"WS3300 Zp\u011btn\u00e9 pod\u00e1v\u00e1n\u00ed Automatick\u00e9 \u0159ez\u00e1n\u00ed d\u0159ev\u011bn\u00fdch panel\u016f Po\u010d\u00edta\u010dov\u00e1 CNC paprskov\u00e1 pila"},"content":{"rendered":"<p>Hlavn\u00ed pila p\u0159evodov\u00e9 konstrukce pou\u017e\u00edv\u00e1 tchajwansk\u00e9 \u0159emeny Samsung s v\u00edce dr\u00e1\u017ekami a mal\u00e9 kl\u00ednov\u00e9 \u0159emeny pil pou\u017e\u00edvaj\u00ed dov\u00e1\u017een\u00e9 \u0159emeny. Pou\u017e\u00edv\u00e1 vysoce p\u0159esn\u00fd n\u011bmeck\u00fd\/SLM a ozuben\u00fd kombinovan\u00fd p\u0159evod; pou\u017eit\u00e9 elektrick\u00e9 p\u0159\u00edstroje, kloubov\u00e9 komponenty a kl\u00ed\u010dov\u00e9 sou\u010d\u00e1sti jsou v\u0161echny v\u00fdrobky mezin\u00e1rodn\u00edch zna\u010dek, aby byla zaji\u0161t\u011bna p\u0159esnost a spolehlivost v\u00fdrobk\u016f; hlavn\u00ed stroj m\u00e1 vysokou rychlost \u0159ez\u00e1n\u00ed a m\u016f\u017ee dos\u00e1hnout plynul\u00e9ho nastaven\u00ed podle tlou\u0161\u0165ky \u0159ezn\u00e9 desky.<\/p>\n<p>Optimalizovan\u00fd popis softwaru (voliteln\u00fd) zachov\u00e1v\u00e1 flexibilitu n\u00e1hodn\u00e9ho ru\u010dn\u00edho uspo\u0159\u00e1d\u00e1n\u00ed \u0159ezn\u00fdch dat tradi\u010dn\u00edch elektronick\u00fdch pil a roz\u0161i\u0159uje funkce inteligentn\u00edho importu dat, bezdr\u00e1tov\u00e9ho d\u00e1lkov\u00e9ho ovl\u00e1d\u00e1n\u00ed spu\u0161t\u011bn\u00ed a zastaven\u00ed provozu, d\u00e1lkov\u00e9ho monitorov\u00e1n\u00ed atd. a p\u0159id\u00e1v\u00e1 praktick\u00e9 funkce, jako je n\u00e1vrh zak\u00e1zky, optimalizace rozd\u011blen\u00ed zak\u00e1zky, spr\u00e1va zbytkov\u00e9ho materi\u00e1lu, optimalizace rozlo\u017een\u00ed, tisk \u010d\u00e1rov\u00fdch k\u00f3d\u016f atd. Sou\u010dasn\u011b je otev\u0159en v\u0161em softwarov\u00fdm port\u016fm, jako jsou Yuan Fang, Hua Guang, CV, 1010, Wei Lun, Hai Xun, Sanweijia, Yunxi, Shangchuan a dal\u0161\u00ed konstruk\u010dn\u00ed software, a podporuje ru\u010dn\u011b vyr\u00e1b\u011bn\u00fd seznam materi\u00e1lu Microsoft Excel, s v\u00fdkonnou funkc\u00ed programov\u00e1n\u00ed optimalizovan\u00e9ho rozlo\u017een\u00ed a m\u016f\u017ee konstruovat re\u00e1ln\u00fd provoz pro simulaci skute\u010dn\u00fdch probl\u00e9m\u016f. Kdy\u017e pracovn\u00edci obsluhuj\u00ed za\u0159\u00edzen\u00ed, sta\u010d\u00ed, aby um\u00edstili obrobek podle pokyn\u016f na rozhran\u00ed po\u010d\u00edta\u010de, a \u00fadaje o velikosti \u0159ezu jsou inteligentn\u011b obnovov\u00e1ny po\u010d\u00edta\u010dem (sn\u00edm\u00e1n\u00edm k\u00f3du), \u010d\u00edm\u017e se realizuje operace na jedno kliknut\u00ed. K zah\u00e1jen\u00ed pr\u00e1ce jsou zpravidla zapot\u0159eb\u00ed pouze 2 hodiny \u0161kolen\u00ed.<\/p>\n<p>&nbsp;<\/p>\n<table border=\"1\">\n<tbody>\n<tr class=\"firstRow\">\n<td colspan=\"2\" valign=\"top\" width=\"622\">WS3300 CNC paprskov\u00e1 pila se zp\u011btn\u00fdm posuvem<\/td>\n<\/tr>\n<tr>\n<td valign=\"top\" width=\"311\">Po\u010d\u00edta\u010d<\/td>\n<td valign=\"top\" width=\"311\">\u00a0 \u00a0 \u00a0 \u00a0 \u00a0 \u00a0 \u00a0 \u00a0 \u00a0Zahrnuto<\/td>\n<\/tr>\n<tr>\n<td valign=\"top\" width=\"311\">D\u00e9lka\/\u0161\u00ed\u0159ka \u0159ezu<\/td>\n<td valign=\"top\" width=\"311\">3300 mm<\/td>\n<\/tr>\n<tr>\n<td valign=\"top\" width=\"311\">Tlou\u0161\u0165ka \u0159ezu<\/td>\n<td valign=\"top\" width=\"311\">100 mm<\/td>\n<\/tr>\n<tr>\n<td valign=\"top\" width=\"311\">Pr\u016fm\u011br hlavn\u00ed \u0159ezac\u00ed pily<\/td>\n<td valign=\"top\" width=\"311\">\u0424400mm<\/td>\n<\/tr>\n<tr>\n<td valign=\"top\" width=\"311\">Pr\u016fm\u011br hlavn\u00edho h\u0159\u00eddele pily<\/td>\n<td valign=\"top\" width=\"311\">\u042480mm<\/td>\n<\/tr>\n<tr>\n<td valign=\"top\" width=\"311\">Ot\u00e1\u010dky hlavn\u00edho h\u0159\u00eddele pily<\/td>\n<td valign=\"top\" width=\"311\">4800 ot\u00e1\u010dek za minutu<\/td>\n<\/tr>\n<tr>\n<td valign=\"top\" width=\"311\">Pr\u016fm\u011br pilov\u00e9ho kotou\u010de<\/td>\n<td valign=\"top\" width=\"311\">\u0424180mm<\/td>\n<\/tr>\n<tr>\n<td valign=\"top\" width=\"311\">Pr\u016fm\u011br h\u0159\u00eddele dr\u00e1\u017ekovac\u00ed pily<\/td>\n<td valign=\"top\" width=\"311\">\u042445mm<\/td>\n<\/tr>\n<tr>\n<td valign=\"top\" width=\"311\">Ot\u00e1\u010dky h\u0159\u00eddele dr\u00e1\u017ekovac\u00ed pily<\/td>\n<td valign=\"top\" width=\"311\">6900 ot\u00e1\u010dek za minutu<\/td>\n<\/tr>\n<tr>\n<td valign=\"top\" width=\"311\">Z\u00e1kladn\u00ed rychlost pily<\/td>\n<td valign=\"top\" width=\"311\">100 m\/min<\/td>\n<\/tr>\n<tr>\n<td valign=\"top\" width=\"311\">Z\u00e1kladn\u00ed rychlost pily sm\u011brem dozadu<\/td>\n<td valign=\"top\" width=\"311\">120 m\/min<\/td>\n<\/tr>\n<tr>\n<td valign=\"top\" width=\"311\">Hlavn\u00ed motor \u0159ezac\u00ed pily<\/td>\n<td valign=\"top\" width=\"311\">16,5 kW<\/td>\n<\/tr>\n<tr>\n<td valign=\"top\" width=\"311\">Motor dr\u00e1\u017ekovac\u00ed pily<\/td>\n<td valign=\"top\" width=\"311\">2,2 kW<\/td>\n<\/tr>\n<tr>\n<td valign=\"top\" width=\"311\">Motor poh\u00e1n\u011bj\u00edc\u00ed z\u00e1kladnu pily<\/td>\n<td valign=\"top\" width=\"311\">1,8kw ( servo )<\/td>\n<\/tr>\n<tr>\n<td valign=\"top\" width=\"311\">Automatick\u00fd pod\u00e1vac\u00ed motor<\/td>\n<td valign=\"top\" width=\"311\">1,8 kW (servo\uff09<\/td>\n<\/tr>\n<tr>\n<td valign=\"top\" width=\"311\">Typ krmen\u00ed<\/td>\n<td valign=\"top\" width=\"311\">zp\u011btn\u00e9 krmen\u00ed<\/td>\n<\/tr>\n<tr>\n<td valign=\"top\" width=\"311\">Motor v\u00fdv\u011bvy<\/td>\n<td valign=\"top\" width=\"311\">4kw<\/td>\n<\/tr>\n<tr>\n<td valign=\"top\" width=\"311\">Celkov\u00fd v\u00fdkon<\/td>\n<td valign=\"top\" width=\"311\">26,5 kW<\/td>\n<\/tr>\n<tr>\n<td valign=\"top\" width=\"311\">Rychlost automatick\u00e9ho pod\u00e1v\u00e1n\u00ed<\/td>\n<td valign=\"top\" width=\"311\">100 m\/min<\/td>\n<\/tr>\n<tr>\n<td valign=\"top\" width=\"311\">Tlak vzduchu<\/td>\n<td valign=\"top\" width=\"311\">5-7 kg\/cm\u00b2<\/td>\n<\/tr>\n<tr>\n<td valign=\"top\" width=\"311\">V\u00fd\u0161ka plovouc\u00edho stolu<\/td>\n<td valign=\"top\" width=\"311\">950 mm<\/td>\n<\/tr>\n<tr>\n<td valign=\"top\" width=\"311\">Celkov\u00e1 velikost stroje\uff08L*W*H\uff09<\/td>\n<td valign=\"top\" width=\"311\">5900*5800*1850m<\/td>\n<\/tr>\n<\/tbody>\n<\/table>\n<p>Automatick\u00e1 CNC paprskov\u00e1 pila: revoluce v p\u0159esnosti a efektivit\u011b \u0159ez\u00e1n\u00ed d\u0159ev\u011bn\u00fdch desek<\/p>\n<p>V n\u00e1ro\u010dn\u00e9m sv\u011bt\u011b v\u00fdroby n\u00e1bytku, truhl\u00e1\u0159stv\u00ed a architektonick\u00e9ho zpracov\u00e1n\u00ed d\u0159eva je efektivn\u00ed a p\u0159esn\u00e9 zpracov\u00e1n\u00ed velk\u00fdch d\u0159ev\u011bn\u00fdch desek (jako jsou MDF, d\u0159evot\u0159\u00edskov\u00e9 desky, p\u0159ekli\u017eky a desky z masivn\u00edho d\u0159eva) prvo\u0159ad\u00e9. Vstupte na trh s automatickou CNC paprskovou pilou - nespornou silou, kter\u00e1 m\u011bn\u00ed manipulaci s deskami, jejich \u0159ez\u00e1n\u00ed a optimalizaci. Tento sofistikovan\u00fd pr\u016fmyslov\u00fd stroj na \u0159ez\u00e1n\u00ed d\u0159eva se stal p\u00e1te\u0159\u00ed modern\u00edch v\u00fdrobn\u00edch linek a stanovil nov\u00e9 standardy rychlosti, p\u0159esnosti a vyu\u017eit\u00ed materi\u00e1lu.<\/p>\n<p>&nbsp;<\/p>\n<p>Co je automatick\u00e1 CNC paprskov\u00e1 pila?<\/p>\n<p>Podstatou tr\u00e1mov\u00e9 pily je robustn\u00ed, vodorovn\u011b ulo\u017een\u00fd \u0159ezn\u00fd nosn\u00edk (\u010dasto naz\u00fdvan\u00fd \"most\"), kter\u00fd se pohybuje po cel\u00e9 d\u00e9lce stroje. Na tomto nosn\u00edku je namontov\u00e1na jedna nebo v\u00edce v\u00fdkonn\u00fdch kotou\u010dov\u00fdch pil, kter\u00e9 jsou schopny prov\u00e1d\u011bt vertik\u00e1ln\u00ed \u0159ezy v cel\u00e9 tlou\u0161\u0165ce panelu. Automatick\u00e9 a CNC aspekty povy\u0161uj\u00ed tento z\u00e1kladn\u00ed koncept:<\/p>\n<ol>\n<li>\u00a0\u0158\u00edzen\u00ed CNC:CNC paprskov\u00e1 pila \u0159\u00edzen\u00e1 pokro\u010dil\u00fdm po\u010d\u00edta\u010dov\u00fdm softwarem interpretuje \u0159ezn\u00e9 pl\u00e1ny (\u010dasto vytvo\u0159en\u00e9 pomoc\u00ed softwaru pro \u0159ez\u00e1n\u00ed). P\u0159esn\u011b \u0159\u00edd\u00ed pohyb nosn\u00edku (osa X), polohu voz\u00edku pily pod\u00e9l nosn\u00edku (osa Y), svisl\u00fd \u0159ezn\u00fd zdvih (osa Z) a \u010dasto i ot\u00e1\u010den\u00ed bodovac\u00edch no\u017e\u016f. T\u00edm je zaji\u0161t\u011bna vysok\u00e1 p\u0159esnost v\u00fdkonu paprskov\u00e9 pily, kter\u00e1 poskytuje \u0159ezy s p\u0159esnost\u00ed na zlomky milimetru.<\/li>\n<li>\u00a0Automatizace: Skute\u010dn\u011b automatick\u00e9 syst\u00e9my tr\u00e1mov\u00fdch pil integruj\u00ed manipulaci s materi\u00e1lem. To obvykle zahrnuje:<\/li>\n<\/ol>\n<p>* Automatick\u00e9 na\u010d\u00edt\u00e1n\u00ed: Vakuov\u00e9 zved\u00e1ky, dopravn\u00edkov\u00e9 p\u00e1sy nebo robotick\u00e1 ramena p\u0159iv\u00e1d\u011bj\u00ed desky na \u0159ezac\u00ed st\u016fl stroje.<\/p>\n<p>* Automatick\u00e9 polohov\u00e1n\u00ed: Servopohonem poh\u00e1n\u011bn\u00e9 polohovac\u00ed \u010depy, tla\u010dn\u00e9 kol\u00edky nebo p\u00e1sy p\u0159esn\u011b polohuj\u00ed panel podle programu.<\/p>\n<p>* Automatick\u00e9 \u0159ez\u00e1n\u00ed: CNC prov\u00e1d\u00ed celou \u0159eznou sekvenci, v\u010detn\u011b voliteln\u00e9ho bodov\u00e1n\u00ed pro \u0159ezy bez t\u0159\u00edsek (obzvl\u00e1\u0161t\u011b d\u016fle\u017eit\u00e9 u melaminu a d\u00fdhovan\u00fdch desek).<\/p>\n<p>* Automatick\u00e9 vykl\u00e1d\u00e1n\u00ed: \u0158ezan\u00e9 d\u00edly jsou automaticky t\u0159\u00edd\u011bny a ukl\u00e1d\u00e1ny na sebe, \u010dasto pomoc\u00ed p\u00e1s\u016f, ramen nebo kyvadlov\u00fdch syst\u00e9m\u016f, kter\u00e9 odd\u011bluj\u00ed pou\u017eiteln\u00e9 d\u00edly od skeletu.<\/p>\n<p>&nbsp;<\/p>\n<p>Hlavn\u00ed v\u00fdhody modern\u00edho \u0159ezac\u00edho stroje na desky:<\/p>\n<p>* Bezkonkuren\u010dn\u00ed p\u0159esnost a kvalita:Vysoce p\u0159esn\u00e1 technologie paprskov\u00e9 pily zaru\u010duje konzistentn\u00ed, pravo\u00fahl\u00e9 a \u010dist\u00e9 \u0159ezy nezbytn\u00e9 pro dokonal\u00e9 truhl\u00e1\u0159sk\u00e9 pr\u00e1ce a bezprobl\u00e9movou mont\u00e1\u017e. Integrovan\u00e9 dr\u00e1\u017ekovac\u00ed no\u017ee prakticky eliminuj\u00ed od\u0161t\u00edpnut\u00ed na obou ploch\u00e1ch vrstven\u00fdch materi\u00e1l\u016f.<\/p>\n<p>* V\u00fdjime\u010dn\u00e1 efektivita a rychlost: Automatizace v\u00fdrazn\u011b zkracuje dobu ru\u010dn\u00ed manipulace. Automatick\u00e1 paprskov\u00e1 pila m\u016f\u017ee zpracov\u00e1vat v\u00edce panel\u016f za sebou s minim\u00e1ln\u00edm z\u00e1sahem obsluhy, co\u017e v\u00fdrazn\u011b zvy\u0161uje v\u00fdkonnost ve srovn\u00e1n\u00ed s ru\u010dn\u00edmi pilami nebo poloautomatick\u00fdmi stroji.<\/p>\n<p>* Optim\u00e1ln\u00ed vyu\u017eit\u00ed materi\u00e1lu: Integrovan\u00fd software pro vkl\u00e1d\u00e1n\u00ed maximalizuje v\u00fdt\u011b\u017enost inteligentn\u00edm uspo\u0159\u00e1d\u00e1n\u00edm d\u00edl\u016f na ka\u017ed\u00e9m panelu, aby se minimalizoval odpad. P\u0159esnost CNC paprskov\u00e9 pily zaji\u0161\u0165uje p\u0159esnost ka\u017ed\u00e9ho \u0159ezu, co\u017e d\u00e1le sni\u017euje ztr\u00e1ty materi\u00e1lu zp\u016fsoben\u00e9 chybami.<\/p>\n<p>* Sn\u00ed\u017een\u00ed n\u00e1klad\u016f na pr\u00e1ci a \u00fanavy obsluhy: Automatizace zvl\u00e1d\u00e1 t\u011b\u017ek\u00e9 zved\u00e1n\u00ed a opakuj\u00edc\u00ed se \u00fakoly. Oper\u00e1to\u0159i p\u0159edev\u0161\u00edm spravuj\u00ed software, monitoruj\u00ed proces a prov\u00e1d\u011bj\u00ed kontroly kvality, co\u017e vede k bezpe\u010dn\u011bj\u0161\u00edmu a m\u00e9n\u011b fyzicky n\u00e1ro\u010dn\u00e9mu pracovn\u00edmu prost\u0159ed\u00ed.<\/p>\n<p>* Zv\u00fd\u0161en\u00e1 bezpe\u010dnost:Uzav\u0159en\u00e9 \u0159ezn\u00e9 plochy, automatick\u00e9 up\u00edn\u00e1n\u00ed a omezen\u00e1 ru\u010dn\u00ed manipulace s deskami v\u00fdrazn\u011b sni\u017euj\u00ed riziko nehod spojen\u00fdch s velk\u00fdmi, t\u011b\u017ek\u00fdmi deskami a v\u00fdkonn\u00fdmi pilov\u00fdmi kotou\u010di.<\/p>\n<p>* Flexibilita v\u00fdroby:Snadno p\u0159ep\u00ednejte mezi r\u016fzn\u00fdmi typy desek, tlou\u0161\u0165kami a \u0159ezac\u00edmi \u00falohami pomoc\u00ed rychl\u00fdch zm\u011bn programu, tak\u017ee je stroj ide\u00e1ln\u00ed jak pro velkos\u00e9riovou v\u00fdrobu, tak pro men\u0161\u00ed zak\u00e1zky na m\u00edru.<\/p>\n<p>&nbsp;<\/p>\n<p>To nejlep\u0161\u00ed v obchod\u011b: V\u00fdkon a odolnost<\/p>\n<p>Ozna\u010den\u00ed nejlep\u0161\u00ed tr\u00e1mov\u00e1 pila nen\u00ed jen marketingov\u00fd humbuk. Odr\u00e1\u017e\u00ed p\u0159irozen\u00e9 vlastnosti t\u011bchto stroj\u016f:<\/p>\n<p>&nbsp;<\/p>\n<p>* Robustn\u00ed konstrukce: Vyrobeno z odoln\u00fdch ocelov\u00fdch r\u00e1m\u016f a komponent\u016f, kter\u00e9 vydr\u017e\u00ed neust\u00e1l\u00e9 pr\u016fmyslov\u00e9 pou\u017e\u00edv\u00e1n\u00ed a s\u00edly spojen\u00e9 s \u0159ez\u00e1n\u00edm hust\u00fdch materi\u00e1l\u016f.<\/p>\n<p>* \u0158ez\u00e1n\u00ed vysok\u00fdm v\u00fdkonem: Vybaveny v\u00fdkonn\u00fdmi hlavn\u00edmi motory (\u010dasto 20HP+) a motory s vysok\u00fdm to\u010div\u00fdm momentem, kter\u00e9 jsou schopny snadno \u0159ezat nejtvrd\u0161\u00ed tvrd\u00e9 d\u0159evo a nejtlust\u0161\u00ed konstruk\u010dn\u00ed desky.<\/p>\n<p>* Obrovsk\u00e1 kapacita: Jsou navr\u017eeny tak, aby bez n\u00e1mahy zvl\u00e1dly \u0159ez\u00e1n\u00ed desek pln\u00e9 velikosti (2800*2800 mm, 3300*3300 mm, 3800*3800 mm nebo v\u011bt\u0161\u00edch), co\u017e z nich \u010din\u00ed skute\u010dn\u00e9 pr\u016fmyslov\u00e9 stroje na \u0159ez\u00e1n\u00ed d\u0159eva.<\/p>\n<p>* Ne\u00fanavn\u00fd v\u00fdkon: Zkonstruov\u00e1n pro nep\u0159etr\u017eit\u00fd provoz v n\u00e1ro\u010dn\u00fdch v\u00fdrobn\u00edch prost\u0159ed\u00edch, maximalizuje dobu provozu a produktivitu.<\/p>\n<p>&nbsp;<\/p>\n<p>Z\u00e1v\u011br<\/p>\n<p>Automatick\u00e1 CNC paprskov\u00e1 pila je mnohem v\u00edc ne\u017e jen stroj na \u0159ez\u00e1n\u00ed desek; je to komplexn\u00ed \u0159e\u0161en\u00ed pro modern\u00ed zpracov\u00e1n\u00ed d\u0159ev\u011bn\u00fdch desek. D\u00edky kombinaci vysok\u00e9 p\u0159esnosti \u0159ez\u00e1n\u00ed paprskovou pilou s pokro\u010dilou automatizac\u00ed a hrub\u00fdm v\u00fdkonem nejlep\u0161\u00ed paprskov\u00e9 pily p\u0159in\u00e1\u0161\u00ed tento pr\u016fmyslov\u00fd stroj na \u0159ez\u00e1n\u00ed d\u0159eva bezkonkuren\u010dn\u00ed \u00farove\u0148 produktivity, \u00faspory materi\u00e1lu, kvality a bezpe\u010dnosti. Pro ka\u017ed\u00fd seri\u00f3zn\u00ed d\u0159evozpracuj\u00edc\u00ed provoz zam\u011b\u0159en\u00fd na zpracov\u00e1n\u00ed desek nen\u00ed investice do automatick\u00e9 tr\u00e1mov\u00e9 pily pouh\u00fdm vylep\u0161en\u00edm - je to strategick\u00fd imperativ pro udr\u017een\u00ed konkurenceschopnosti, efektivity a ziskovosti na dne\u0161n\u00edm trhu. P\u0159edstavuje inteligentn\u00ed evoluci tr\u00e1mov\u00e9 pily a upev\u0148uje jej\u00ed m\u00edsto jako z\u00e1kladn\u00edho kamene efektivn\u00edho \u010dlen\u011bn\u00ed panel\u016f.<\/p>\n<div style=\"width: 1280px;\" class=\"wp-video\"><video class=\"wp-video-shortcode\" id=\"video-3745-1\" width=\"1280\" height=\"720\" preload=\"metadata\" controls=\"controls\"><source type=\"video\/mp4\" src=\"https:\/\/wisecnclaser.com\/wp-content\/uploads\/2025\/05\/1722322237481315.mp4?_=1\" \/><a href=\"https:\/\/wisecnclaser.com\/wp-content\/uploads\/2025\/05\/1722322237481315.mp4\">https:\/\/wisecnclaser.com\/wp-content\/uploads\/2025\/05\/1722322237481315.mp4<\/a><\/video><\/div>","protected":false},"excerpt":{"rendered":"<p>Za\u0159\u00edzen\u00ed je \u0159\u00edzeno pr\u016fmyslov\u00fdm po\u010d\u00edta\u010dem s p\u0159\u00edv\u011btiv\u00fdm rozhran\u00edm dialogu \u010dlov\u011bk-po\u010d\u00edta\u010d a snadnou obsluhou. Pokud je nainstalov\u00e1n optimaliza\u010dn\u00ed software, lze p\u0159\u00edmo importovat seznam materi\u00e1l\u016f pro optimalizaci \u0159ez\u00e1n\u00ed materi\u00e1lu. Je vybaveno za\u0159\u00edzen\u00edm pro signalizaci poruchy, kter\u00e9 automaticky zastav\u00ed stroj, kdy\u017e dojde k poru\u0161e, a m\u00e1 funkci automatick\u00e9 detekce poruchy, kter\u00e1 usnad\u0148uje kontrolu p\u0159\u00ed\u010diny poruchy.<\/p>","protected":false},"featured_media":3748,"template":"","meta":{"_seopress_robots_primary_cat":"none","_seopress_titles_title":"","_seopress_titles_desc":"","_seopress_robots_index":"","_uag_custom_page_level_css":"","site-sidebar-layout":"default","site-content-layout":"","ast-site-content-layout":"default","site-content-style":"default","site-sidebar-style":"default","ast-global-header-display":"","ast-banner-title-visibility":"","ast-main-header-display":"","ast-hfb-above-header-display":"","ast-hfb-below-header-display":"","ast-hfb-mobile-header-display":"","site-post-title":"","ast-breadcrumbs-content":"","ast-featured-img":"","footer-sml-layout":"","ast-disable-related-posts":"","theme-transparent-header-meta":"default","adv-header-id-meta":"","stick-header-meta":"default","header-above-stick-meta":"","header-main-stick-meta":"","header-below-stick-meta":"","astra-migrate-meta-layouts":"set","ast-page-background-enabled":"default","ast-page-background-meta":{"desktop":{"background-color":"","background-image":"","background-repeat":"repeat","background-position":"center center","background-size":"auto","background-attachment":"scroll","background-type":"","background-media":"","overlay-type":"","overlay-color":"","overlay-opacity":"","overlay-gradient":""},"tablet":{"background-color":"","background-image":"","background-repeat":"repeat","background-position":"center center","background-size":"auto","background-attachment":"scroll","background-type":"","background-media":"","overlay-type":"","overlay-color":"","overlay-opacity":"","overlay-gradient":""},"mobile":{"background-color":"","background-image":"","background-repeat":"repeat","background-position":"center center","background-size":"auto","background-attachment":"scroll","background-type":"","background-media":"","overlay-type":"","overlay-color":"","overlay-opacity":"","overlay-gradient":""}},"ast-content-background-meta":{"desktop":{"background-color":"var(--ast-global-color-5)","background-image":"","background-repeat":"repeat","background-position":"center center","background-size":"auto","background-attachment":"scroll","background-type":"","background-media":"","overlay-type":"","overlay-color":"","overlay-opacity":"","overlay-gradient":""},"tablet":{"background-color":"var(--ast-global-color-5)","background-image":"","background-repeat":"repeat","background-position":"center center","background-size":"auto","background-attachment":"scroll","background-type":"","background-media":"","overlay-type":"","overlay-color":"","overlay-opacity":"","overlay-gradient":""},"mobile":{"background-color":"var(--ast-global-color-5)","background-image":"","background-repeat":"repeat","background-position":"center center","background-size":"auto","background-attachment":"scroll","background-type":"","background-media":"","overlay-type":"","overlay-color":"","overlay-opacity":"","overlay-gradient":""}}},"product_brand":[],"product_cat":[39],"product_tag":[93,100,101,91,99,102,97],"class_list":{"0":"post-3745","1":"product","2":"type-product","3":"status-publish","4":"has-post-thumbnail","6":"product_cat-cuttingsaw","7":"product_tag-cnc-beam-saw","8":"product_tag-computer-beam-saw","9":"product_tag-electric-cutting-saw","10":"product_tag-wood-cutting-saw","11":"product_tag-wood-panel-cutting-machine","12":"product_tag-wood-saw","13":"product_tag-woodworking-beam-saw","14":"desktop-align-left","15":"tablet-align-left","16":"mobile-align-left","17":"ast-product-gallery-layout-horizontal-slider","18":"ast-product-gallery-with-no-image","19":"ast-product-tabs-layout-horizontal","21":"first","22":"instock","23":"shipping-taxable","24":"product-type-simple"},"uagb_featured_image_src":{"full":["https:\/\/wisecnclaser.com\/wp-content\/uploads\/2025\/05\/d7fd0b00f508266910b70f28170c15c1.jpg",1648,1080,false],"thumbnail":["https:\/\/wisecnclaser.com\/wp-content\/uploads\/2025\/05\/d7fd0b00f508266910b70f28170c15c1-150x150.jpg",150,150,true],"medium":["https:\/\/wisecnclaser.com\/wp-content\/uploads\/2025\/05\/d7fd0b00f508266910b70f28170c15c1-300x197.jpg",300,197,true],"medium_large":["https:\/\/wisecnclaser.com\/wp-content\/uploads\/2025\/05\/d7fd0b00f508266910b70f28170c15c1-768x503.jpg",768,503,true],"large":["https:\/\/wisecnclaser.com\/wp-content\/uploads\/2025\/05\/d7fd0b00f508266910b70f28170c15c1-1024x671.jpg",1024,671,true],"1536x1536":["https:\/\/wisecnclaser.com\/wp-content\/uploads\/2025\/05\/d7fd0b00f508266910b70f28170c15c1-1536x1007.jpg",1536,1007,true],"2048x2048":["https:\/\/wisecnclaser.com\/wp-content\/uploads\/2025\/05\/d7fd0b00f508266910b70f28170c15c1.jpg",1648,1080,false],"trp-custom-language-flag":["https:\/\/wisecnclaser.com\/wp-content\/uploads\/2025\/05\/d7fd0b00f508266910b70f28170c15c1-18x12.jpg",18,12,true],"woocommerce_thumbnail":["https:\/\/wisecnclaser.com\/wp-content\/uploads\/2025\/05\/d7fd0b00f508266910b70f28170c15c1-300x300.jpg",300,300,true],"woocommerce_single":["https:\/\/wisecnclaser.com\/wp-content\/uploads\/2025\/05\/d7fd0b00f508266910b70f28170c15c1-600x393.jpg",600,393,true],"woocommerce_gallery_thumbnail":["https:\/\/wisecnclaser.com\/wp-content\/uploads\/2025\/05\/d7fd0b00f508266910b70f28170c15c1-100x100.jpg",100,100,true]},"uagb_author_info":{"display_name":"jinxing6611@gmail.com","author_link":"https:\/\/wisecnclaser.com\/cs\/author\/"},"uagb_comment_info":0,"uagb_excerpt":"The equipment is controlled by an industrial computer, with a friendly human-computer dialogue interface and easy operation. If the optimization software is installed, the material list can be directly imported to optimize the material cutting. It is equipped with a fault alarm device, which automatically stops the machine when a fault occurs, and has an&hellip;","_links":{"self":[{"href":"https:\/\/wisecnclaser.com\/cs\/wp-json\/wp\/v2\/product\/3745","targetHints":{"allow":["GET"]}}],"collection":[{"href":"https:\/\/wisecnclaser.com\/cs\/wp-json\/wp\/v2\/product"}],"about":[{"href":"https:\/\/wisecnclaser.com\/cs\/wp-json\/wp\/v2\/types\/product"}],"wp:featuredmedia":[{"embeddable":true,"href":"https:\/\/wisecnclaser.com\/cs\/wp-json\/wp\/v2\/media\/3748"}],"wp:attachment":[{"href":"https:\/\/wisecnclaser.com\/cs\/wp-json\/wp\/v2\/media?parent=3745"}],"wp:term":[{"taxonomy":"product_brand","embeddable":true,"href":"https:\/\/wisecnclaser.com\/cs\/wp-json\/wp\/v2\/product_brand?post=3745"},{"taxonomy":"product_cat","embeddable":true,"href":"https:\/\/wisecnclaser.com\/cs\/wp-json\/wp\/v2\/product_cat?post=3745"},{"taxonomy":"product_tag","embeddable":true,"href":"https:\/\/wisecnclaser.com\/cs\/wp-json\/wp\/v2\/product_tag?post=3745"}],"curies":[{"name":"wp","href":"https:\/\/api.w.org\/{rel}","templated":true}]}}