{"id":3754,"date":"2025-05-23T02:44:16","date_gmt":"2025-05-23T02:44:16","guid":{"rendered":"https:\/\/wisecnclaser.com\/?post_type=product&#038;p=3754"},"modified":"2025-05-23T02:44:16","modified_gmt":"2025-05-23T02:44:16","slug":"ws1530-4-ax-atc-cnc-router-with-180-degree-rotating-spindle","status":"publish","type":"product","link":"https:\/\/wisecnclaser.com\/cs\/produkt\/ws1530-4-ax-atc-cnc-router-with-180-degree-rotating-spindle\/","title":{"rendered":"WS1530-4 Ax ATC CNC Router s v\u0159etenem oto\u010dn\u00fdm o 180 stup\u0148\u016f"},"content":{"rendered":"<table>\n<tbody>\n<tr class=\"firstRow\">\n<td colspan=\"2\" valign=\"center\" width=\"662\"><strong>Popis a specifikace WS1530-4 Ax ATC CNC Router (wisecnclaser):<\/strong><\/td>\n<\/tr>\n<tr>\n<td valign=\"top\" width=\"310\">X Pracovn\u00ed oblast<\/td>\n<td valign=\"top\" width=\"353\">1500 mm<\/td>\n<\/tr>\n<tr>\n<td valign=\"top\" width=\"310\">Y Pracovn\u00ed oblast<\/td>\n<td valign=\"top\" width=\"353\">3000 mm<\/td>\n<\/tr>\n<tr>\n<td valign=\"top\" width=\"310\">Z Pracovn\u00ed oblast<\/td>\n<td valign=\"top\" width=\"353\">450 mm<\/td>\n<\/tr>\n<tr>\n<td valign=\"top\" width=\"310\">St\u016fl stroje<\/td>\n<td valign=\"top\" width=\"353\">Vakuum + T \u0161t\u011brbina<\/td>\n<\/tr>\n<tr>\n<td valign=\"top\" width=\"310\">P\u0159esnost ur\u010dov\u00e1n\u00ed polohy p\u0159i cestov\u00e1n\u00ed<\/td>\n<td valign=\"top\" width=\"353\">\u00b10,05 mm<\/td>\n<\/tr>\n<tr>\n<td valign=\"top\" width=\"310\">P\u0159esnost polohov\u00e1n\u00ed<\/td>\n<td valign=\"top\" width=\"353\">\u00b10,05 mm<\/td>\n<\/tr>\n<tr>\n<td valign=\"top\" width=\"310\">X,Y,Z Struktura<\/td>\n<td valign=\"top\" width=\"353\">Ozuben\u00e9 kolo XY, kuli\u010dkov\u00fd \u0161roub Z. V\u0161echny osy pou\u017e\u00edvaj\u00ed \u010dtvercov\u00e9 veden\u00ed<\/td>\n<\/tr>\n<tr>\n<td valign=\"top\" width=\"310\">Max. Spot\u0159eba energie (bez v\u0159etena)<\/td>\n<td valign=\"top\" width=\"353\">1,84 KW<\/td>\n<\/tr>\n<tr>\n<td valign=\"top\" width=\"310\">Max. Rychlost rychl\u00e9 j\u00edzdy<\/td>\n<td valign=\"top\" width=\"353\">50000 mm\/min<\/td>\n<\/tr>\n<tr>\n<td valign=\"top\" width=\"310\">Max. Pracovn\u00ed rychlost<\/td>\n<td valign=\"top\" width=\"353\">30000 mm\/min<\/td>\n<\/tr>\n<tr>\n<td colspan=\"1\" rowspan=\"2\" valign=\"top\" width=\"310\">V\u0159eteno<\/td>\n<td valign=\"top\" width=\"353\">9kw vzduchem chlazen\u00e9 v\u0159eteno ATC<\/td>\n<\/tr>\n<tr>\n<td valign=\"top\" width=\"353\">V\u0159eteno se m\u016f\u017ee vlnit\/houpat o +\/- 90 stup\u0148\u016f<\/td>\n<\/tr>\n<tr>\n<td valign=\"top\" width=\"310\">Ot\u00e1\u010dky v\u0159etena<\/td>\n<td valign=\"top\" width=\"353\">0-18000 ot\/min<\/td>\n<\/tr>\n<tr>\n<td valign=\"top\" width=\"310\">Pohonn\u00fd motor<\/td>\n<td valign=\"top\" width=\"353\">Tchaj-wan Delta Servo syst\u00e9m 850W<\/td>\n<\/tr>\n<tr>\n<td valign=\"top\" width=\"310\">Frekven\u010dn\u00ed m\u011bni\u010d<\/td>\n<td valign=\"top\" width=\"353\">St\u0159\u00edda\u010d zna\u010dky Fuling 11KW<\/td>\n<\/tr>\n<tr>\n<td valign=\"top\" width=\"310\">P\u0159\u00edkaz<\/td>\n<td valign=\"top\" width=\"353\">G-k\u00f3d*.u00*.mmg*.plt<\/td>\n<\/tr>\n<tr>\n<td valign=\"top\" width=\"310\">Pracovn\u00ed nap\u011bt\u00ed<\/td>\n<td valign=\"top\" width=\"353\">3PH AC380V\/50Hz\/220V 1PHASE 60HZ<\/td>\n<\/tr>\n<tr>\n<td valign=\"top\" width=\"310\">\u0158\u00eddic\u00ed syst\u00e9m<\/td>\n<td valign=\"top\" width=\"353\">Ovlada\u010d LNC s ru\u010dn\u00edm kole\u010dkem<\/td>\n<\/tr>\n<tr>\n<td valign=\"top\" width=\"310\">Vodic\u00ed kolejnice<\/td>\n<td valign=\"top\" width=\"353\">\u010ctvercov\u00e1 kolejnice (TAIWAN BRAND)<\/td>\n<\/tr>\n<tr>\n<td valign=\"top\" width=\"310\">Ovl\u00e1dac\u00ed sk\u0159\u00ed\u0148<\/td>\n<td valign=\"top\" width=\"353\">Nez\u00e1visl\u00fd kabinet<\/td>\n<\/tr>\n<tr>\n<td valign=\"top\" width=\"310\">N.W.\/G.W.<\/td>\n<td valign=\"top\" width=\"353\">1600\/1800KGS<\/td>\n<\/tr>\n<tr>\n<td valign=\"top\" width=\"310\">Velikost balen\u00ed<\/td>\n<td valign=\"top\" width=\"353\">3700 X 2100 X 1800 MM<\/td>\n<\/tr>\n<tr>\n<td valign=\"top\" width=\"310\">Pomocn\u00e9 za\u0159\u00edzen\u00ed<\/td>\n<td valign=\"top\" width=\"353\">7,5KW v\u00fdv\u011bva<\/p>\n<p>3KW sb\u011bra\u010d prachu<\/p>\n<p>8 line\u00e1rn\u00edch n\u00e1stroj\u016f ATC<\/p>\n<p>Automatick\u00fd mazac\u00ed syst\u00e9m<\/p>\n<p>vakuov\u00e1 podlo\u017eka*6 kus\u016f<\/td>\n<\/tr>\n<\/tbody>\n<\/table>","protected":false},"excerpt":{"rendered":"<p>Description &amp; Specifications of WS1530-4 Ax ATC CNC Router (wisecnclaser): X Working Area 1500mm Y Working Area 3000mm Z Working Area 450mm Machine table Vacuum + T slot Traveling Positioning Accuracy \u00b10.05mm Repositioning Positioning Accuracy \u00b10.05mm X,Y ,Z Structure XY gear wheel, Z ball screw. All Axis use Square Guide Max. Power Consumption(Without spindle) 1.84KW [&hellip;]<\/p>\n","protected":false},"featured_media":3757,"template":"","meta":{"_seopress_robots_primary_cat":"","_seopress_titles_title":"","_seopress_titles_desc":"","_seopress_robots_index":"","_uag_custom_page_level_css":"","site-sidebar-layout":"default","site-content-layout":"","ast-site-content-layout":"default","site-content-style":"default","site-sidebar-style":"default","ast-global-header-display":"","ast-banner-title-visibility":"","ast-main-header-display":"","ast-hfb-above-header-display":"","ast-hfb-below-header-display":"","ast-hfb-mobile-header-display":"","site-post-title":"","ast-breadcrumbs-content":"","ast-featured-img":"","footer-sml-layout":"","ast-disable-related-posts":"","theme-transparent-header-meta":"default","adv-header-id-meta":"","stick-header-meta":"default","header-above-stick-meta":"","header-main-stick-meta":"","header-below-stick-meta":"","astra-migrate-meta-layouts":"set","ast-page-background-enabled":"default","ast-page-background-meta":{"desktop":{"background-color":"","background-image":"","background-repeat":"repeat","background-position":"center center","background-size":"auto","background-attachment":"scroll","background-type":"","background-media":"","overlay-type":"","overlay-color":"","overlay-opacity":"","overlay-gradient":""},"tablet":{"background-color":"","background-image":"","background-repeat":"repeat","background-position":"center center","background-size":"auto","background-attachment":"scroll","background-type":"","background-media":"","overlay-type":"","overlay-color":"","overlay-opacity":"","overlay-gradient":""},"mobile":{"background-color":"","background-image":"","background-repeat":"repeat","background-position":"center center","background-size":"auto","background-attachment":"scroll","background-type":"","background-media":"","overlay-type":"","overlay-color":"","overlay-opacity":"","overlay-gradient":""}},"ast-content-background-meta":{"desktop":{"background-color":"var(--ast-global-color-5)","background-image":"","background-repeat":"repeat","background-position":"center center","background-size":"auto","background-attachment":"scroll","background-type":"","background-media":"","overlay-type":"","overlay-color":"","overlay-opacity":"","overlay-gradient":""},"tablet":{"background-color":"var(--ast-global-color-5)","background-image":"","background-repeat":"repeat","background-position":"center center","background-size":"auto","background-attachment":"scroll","background-type":"","background-media":"","overlay-type":"","overlay-color":"","overlay-opacity":"","overlay-gradient":""},"mobile":{"background-color":"var(--ast-global-color-5)","background-image":"","background-repeat":"repeat","background-position":"center center","background-size":"auto","background-attachment":"scroll","background-type":"","background-media":"","overlay-type":"","overlay-color":"","overlay-opacity":"","overlay-gradient":""}}},"product_brand":[],"product_cat":[34],"product_tag":[],"class_list":{"0":"post-3754","1":"product","2":"type-product","3":"status-publish","4":"has-post-thumbnail","6":"product_cat-nesting","7":"desktop-align-left","8":"tablet-align-left","9":"mobile-align-left","10":"ast-product-gallery-layout-horizontal-slider","11":"ast-product-gallery-with-no-image","12":"ast-product-tabs-layout-horizontal","14":"first","15":"instock","16":"shipping-taxable","17":"product-type-simple"},"uagb_featured_image_src":{"full":["https:\/\/wisecnclaser.com\/wp-content\/uploads\/2025\/05\/cc1e03430a7bc451cfe47d3cc51dab9f.png",1082,1076,false],"thumbnail":["https:\/\/wisecnclaser.com\/wp-content\/uploads\/2025\/05\/cc1e03430a7bc451cfe47d3cc51dab9f-150x150.png",150,150,true],"medium":["https:\/\/wisecnclaser.com\/wp-content\/uploads\/2025\/05\/cc1e03430a7bc451cfe47d3cc51dab9f-300x298.png",300,298,true],"medium_large":["https:\/\/wisecnclaser.com\/wp-content\/uploads\/2025\/05\/cc1e03430a7bc451cfe47d3cc51dab9f-768x764.png",768,764,true],"large":["https:\/\/wisecnclaser.com\/wp-content\/uploads\/2025\/05\/cc1e03430a7bc451cfe47d3cc51dab9f-1024x1018.png",1024,1018,true],"1536x1536":["https:\/\/wisecnclaser.com\/wp-content\/uploads\/2025\/05\/cc1e03430a7bc451cfe47d3cc51dab9f.png",1082,1076,false],"2048x2048":["https:\/\/wisecnclaser.com\/wp-content\/uploads\/2025\/05\/cc1e03430a7bc451cfe47d3cc51dab9f.png",1082,1076,false],"trp-custom-language-flag":["https:\/\/wisecnclaser.com\/wp-content\/uploads\/2025\/05\/cc1e03430a7bc451cfe47d3cc51dab9f-12x12.png",12,12,true],"woocommerce_thumbnail":["https:\/\/wisecnclaser.com\/wp-content\/uploads\/2025\/05\/cc1e03430a7bc451cfe47d3cc51dab9f-300x300.png",300,300,true],"woocommerce_single":["https:\/\/wisecnclaser.com\/wp-content\/uploads\/2025\/05\/cc1e03430a7bc451cfe47d3cc51dab9f-600x597.png",600,597,true],"woocommerce_gallery_thumbnail":["https:\/\/wisecnclaser.com\/wp-content\/uploads\/2025\/05\/cc1e03430a7bc451cfe47d3cc51dab9f-100x100.png",100,100,true]},"uagb_author_info":{"display_name":"jinxing6611@gmail.com","author_link":"https:\/\/wisecnclaser.com\/cs\/author\/"},"uagb_comment_info":0,"uagb_excerpt":"Description &amp; Specifications of WS1530-4 Ax ATC CNC Router (wisecnclaser): X Working Area 1500mm Y Working Area 3000mm Z Working Area 450mm Machine table Vacuum + T slot Traveling Positioning Accuracy \u00b10.05mm Repositioning Positioning Accuracy \u00b10.05mm X,Y ,Z Structure XY gear wheel, Z ball screw. All Axis use Square Guide Max. Power Consumption(Without spindle) 1.84KW&hellip;","_links":{"self":[{"href":"https:\/\/wisecnclaser.com\/cs\/wp-json\/wp\/v2\/product\/3754","targetHints":{"allow":["GET"]}}],"collection":[{"href":"https:\/\/wisecnclaser.com\/cs\/wp-json\/wp\/v2\/product"}],"about":[{"href":"https:\/\/wisecnclaser.com\/cs\/wp-json\/wp\/v2\/types\/product"}],"wp:featuredmedia":[{"embeddable":true,"href":"https:\/\/wisecnclaser.com\/cs\/wp-json\/wp\/v2\/media\/3757"}],"wp:attachment":[{"href":"https:\/\/wisecnclaser.com\/cs\/wp-json\/wp\/v2\/media?parent=3754"}],"wp:term":[{"taxonomy":"product_brand","embeddable":true,"href":"https:\/\/wisecnclaser.com\/cs\/wp-json\/wp\/v2\/product_brand?post=3754"},{"taxonomy":"product_cat","embeddable":true,"href":"https:\/\/wisecnclaser.com\/cs\/wp-json\/wp\/v2\/product_cat?post=3754"},{"taxonomy":"product_tag","embeddable":true,"href":"https:\/\/wisecnclaser.com\/cs\/wp-json\/wp\/v2\/product_tag?post=3754"}],"curies":[{"name":"wp","href":"https:\/\/api.w.org\/{rel}","templated":true}]}}