{"id":3759,"date":"2025-05-23T02:45:14","date_gmt":"2025-05-23T02:45:14","guid":{"rendered":"https:\/\/wisecnclaser.com\/?post_type=product&#038;p=3759"},"modified":"2025-06-23T07:03:32","modified_gmt":"2025-06-23T07:03:32","slug":"economic-linear-atc-cnc-router","status":"publish","type":"product","link":"https:\/\/wisecnclaser.com\/cs\/produkt\/economic-linear-atc-cnc-router\/","title":{"rendered":"Ekonomick\u00fd line\u00e1rn\u00ed automatick\u00fd m\u011bni\u010d n\u00e1stroj\u016f CNC Router"},"content":{"rendered":"<h2>Revoluce v CNC fr\u00e9zov\u00e1n\u00ed<\/h2>\n<p>P\u0159edstavujeme v\u00e1m CNC fr\u00e9zku Economic Linear Automatic Tool Changer - \u0161pi\u010dkov\u00e9 \u0159e\u0161en\u00ed navr\u017een\u00e9 pro zefektivn\u011bn\u00ed va\u0161ich fr\u00e9zovac\u00edch proces\u016f. D\u00edky sv\u00fdm pokro\u010dil\u00fdm automatiza\u010dn\u00edm schopnostem zvy\u0161uje tento m\u011bni\u010d n\u00e1stroj\u016f efektivitu a p\u0159esnost p\u0159i r\u016fzn\u00fdch aplikac\u00edch, co\u017e z n\u011bj \u010din\u00ed ide\u00e1ln\u00ed volbu jak pro amat\u00e9rsk\u00e9 fr\u00e9za\u0159e, tak pro profesion\u00e1ly.<\/p>\n<h2>Bezkonkuren\u010dn\u00ed \u00fa\u010dinnost a p\u0159esnost<\/h2>\n<p>Ekonomick\u00e1 line\u00e1rn\u00ed automatick\u00e1 v\u00fdm\u011bna n\u00e1stroj\u016f zm\u00edr\u0148uje prostoje d\u00edky rychl\u00e9 v\u00fdm\u011bn\u011b n\u00e1stroj\u016f a umo\u017e\u0148uje prov\u00e1d\u011bt v\u00edce \u00fakol\u016f bez neust\u00e1l\u00fdch ru\u010dn\u00edch z\u00e1sah\u016f. Tato funkce nejen \u0161et\u0159\u00ed \u010das, ale tak\u00e9 minimalizuje riziko chyby a zaji\u0161\u0165uje, \u017ee ka\u017ed\u00fd \u0159ez bude p\u0159esn\u00fd. Na\u0161e CNC fr\u00e9za, navr\u017een\u00e1 z vysoce kvalitn\u00edch materi\u00e1l\u016f, slibuje odolnost a spolehlivost a je p\u0159ipravena zvl\u00e1dnout po\u017eadavky jak\u00e9hokoli projektu.<\/p>\n<h2>Flexibiln\u00ed design a u\u017eivatelsky p\u0159\u00edv\u011btiv\u00e9 rozhran\u00ed<\/h2>\n<p>Na\u0161e CNC fr\u00e9za je navr\u017eena s ohledem na v\u0161estrannost. Nab\u00edz\u00ed kompatibilitu s r\u016fzn\u00fdmi typy n\u00e1stroj\u016f, co\u017e umo\u017e\u0148uje plynul\u00fd p\u0159echod mezi r\u016fzn\u00fdmi \u00falohami \u0159ez\u00e1n\u00ed a fr\u00e9zov\u00e1n\u00ed. U\u017eivatelsky p\u0159\u00edv\u011btiv\u00e9 rozhran\u00ed usnad\u0148uje programov\u00e1n\u00ed a ovl\u00e1d\u00e1n\u00ed i t\u011bm, kte\u0159\u00ed s fr\u00e9zov\u00e1n\u00edm CNC teprve za\u010d\u00ednaj\u00ed. Kompaktn\u00ed konstrukce nav\u00edc zaji\u0161\u0165uje, \u017ee se pohodln\u011b vejde do jak\u00e9hokoli pracovn\u00edho prostoru, a maximalizuje tak v\u00fdrobn\u00ed plochu bez ztr\u00e1ty v\u00fdkonu.<\/p>\n<p>A\u0165 u\u017e pracujete na slo\u017eit\u00fdch n\u00e1vrz\u00edch, zak\u00e1zkov\u00fdch projektech nebo velkos\u00e9riov\u00e9 v\u00fdrob\u011b, CNC fr\u00e9za Economic Linear Automatic Tool Changer je pro v\u00e1s \u0159e\u0161en\u00edm. Za\u017eijte novou \u00farove\u0148 efektivity a kreativity ve sv\u00fdch obr\u00e1b\u011bc\u00edch procesech je\u0161t\u011b dnes!<\/p>\n<table>\n<tbody>\n<tr>\n<td colspan=\"2\" width=\"1343\"><strong><b>Vlastnosti: <\/b><\/strong><\/p>\n<p>1.Cel\u00e9 t\u011blo stroje je vyrobeno z oceli beze\u0161v\u00e9 sva\u0159ov\u00e1n\u00ed popou\u0161t\u011bn\u00ed st\u00e1rnut\u00ed o\u0161et\u0159en\u00ed, tuh\u00e9, bez deformace.<\/p>\n<p>2.Servomotor, vysok\u00e1 p\u0159esnost a vysok\u00e1 rychlost.<\/p>\n<p>3. Tchaj-wan 25 \u010dtvercov\u00fdch kolejnic, hladk\u00fd chod, stabiln\u011bj\u0161\u00ed vysok\u00e1 p\u0159esnost, dlouh\u00e1 \u017eivotnost.<\/p>\n<p>4. 9KW vzduchem chlazen\u00e9 ATC v\u0159eteno, dlouh\u00e1 \u017eivotnost, ot\u00e1\u010dky a\u017e 24000 ot\/min, vy\u0159ez\u00e1van\u00fd hladk\u00fd povrch.<\/p>\n<p>5. Velk\u00fd vybaven\u00fd samostatnou sk\u0159\u00edn\u00ed,<\/p>\n<p>6. 8 line\u00e1rn\u00edch n\u00e1stroj\u016f ATC, servopohon<\/p>\n<p>7. pou\u017e\u00edv\u00e1 se k \u0159ez\u00e1n\u00ed d\u0159eva, grav\u00edrov\u00e1n\u00ed, fr\u00e9zov\u00e1n\u00ed, \u0159ez\u00e1n\u00ed otvor\u016f, pou\u017e\u00edv\u00e1 se p\u0159i v\u00fdrob\u011b panelov\u00e9ho n\u00e1bytku, sk\u0159\u00edn\u00ed s oble\u010den\u00edm a pokro\u010dil\u00fdch sk\u0159\u00ed\u0148ov\u00fdch dve\u0159\u00ed.<\/p>\n<p>&nbsp;<\/p>\n<p>D\u0159evoobr\u00e1b\u011bc\u00ed ATC CNC fr\u00e9za Aplikace:<\/p>\n<p>Vhodn\u00e9 pro truhl\u00e1\u0159stv\u00ed, d\u0159ev\u011bn\u00e9 dve\u0159e, n\u00e1bytek, sk\u0159\u00edn\u011b, formy atd.<\/td>\n<\/tr>\n<tr>\n<td width=\"414\">X PRACOVN\u00cd OBLAST<\/td>\n<td width=\"929\">1300 mm<\/td>\n<\/tr>\n<tr>\n<td width=\"414\">Y PRACOVN\u00cd OBLAST<\/td>\n<td width=\"929\">2500 mm<\/td>\n<\/tr>\n<tr>\n<td width=\"414\">Z PRACOVN\u00cd OBLAST<\/td>\n<td width=\"929\">200 mm<\/td>\n<\/tr>\n<tr>\n<td width=\"414\">STOLEK STROJE<\/td>\n<td width=\"929\">Vakuov\u00e1 adsorp\u010dn\u00ed tabulka<\/td>\n<\/tr>\n<tr>\n<td width=\"414\">K\u00d3D P\u0158\u00cdKAZU<\/td>\n<td width=\"929\">K\u00f3d G<\/td>\n<\/tr>\n<tr>\n<td width=\"414\">STRUKTURA OSY XYZ<\/td>\n<td width=\"929\">X\/Y Taiwan Rack rail\uff0cmake machine work more stable ; Z Screw rail<\/td>\n<\/tr>\n<tr>\n<td width=\"414\">V\u00ddKON SB\u011aRA\u010cE PRACHU<\/td>\n<td width=\"929\">3KW dvojit\u00e9 vaky<\/td>\n<\/tr>\n<tr>\n<td width=\"414\">POWER<\/td>\n<td width=\"929\">AC380V 3 F\u00c1ZE \/ 50Hz<\/td>\n<\/tr>\n<tr>\n<td width=\"414\">SPINDLE<\/td>\n<td width=\"929\">9kw vzduchem chlazen\u00e9 ATC v\u0159eteno, \u010d\u00ednsk\u00e1 zna\u010dka<\/td>\n<\/tr>\n<tr>\n<td width=\"414\">CELKOV\u00dd PRACOVN\u00cd V\u00ddKON<\/td>\n<td width=\"929\">26KW<\/td>\n<\/tr>\n<tr>\n<td width=\"414\">OT\u00c1\u010cKY V\u0158ETENA<\/td>\n<td width=\"929\">18000 ot\u00e1\u010dek za minutu<\/td>\n<\/tr>\n<tr>\n<td width=\"414\">INVERTER<\/td>\n<td width=\"929\">11KW m\u011bni\u010d<\/td>\n<\/tr>\n<tr>\n<td width=\"414\">HNAC\u00cd MOTOR<\/td>\n<td width=\"929\">\u010c\u00ednsk\u00fd hybridn\u00ed servomotor<\/td>\n<\/tr>\n<tr>\n<td width=\"414\">OPERA\u010cN\u00cd SYST\u00c9M<\/td>\n<td width=\"929\">\u0158\u00eddic\u00ed jednotka NK105 G3<\/td>\n<\/tr>\n<tr>\n<td width=\"414\">V\u00ddKON VAKUOV\u00c9 PUMPY<\/td>\n<td width=\"929\">7,5KW vodn\u00ed v\u00fdv\u011bva<\/td>\n<\/tr>\n<tr>\n<td width=\"414\">LINE\u00c1RN\u00cd KOLEJ<\/td>\n<td width=\"929\">\u010ctvercov\u00e1 kolejnice zna\u010dky Taiwan, stabiln\u011bj\u0161\u00ed<\/td>\n<\/tr>\n<tr>\n<td width=\"414\">REDUCER<\/td>\n<td width=\"929\">Japonsko zna\u010dka shimpoo<\/td>\n<\/tr>\n<tr>\n<td width=\"414\">KULOV\u00dd \u0160ROUB<\/td>\n<td width=\"929\">Tchajwansk\u00e1 zna\u010dka<\/td>\n<\/tr>\n<tr>\n<td width=\"414\">WEIGHT<\/td>\n<td width=\"929\">2000KGS<\/td>\n<\/tr>\n<tr>\n<td width=\"414\">DAL\u0160\u00cd POMOCN\u00c9 D\u00cdLY<\/td>\n<td width=\"929\">3+4 vyskakovac\u00ed kol\u00edky\/pozice v\u00e1lce,<\/p>\n<p>Automatick\u00fd mazac\u00ed syst\u00e9m<\/p>\n<p>Sn\u00edma\u010d n\u00e1\u0159ad\u00ed<\/p>\n<p>Software<\/p>\n<p>Box s n\u00e1\u0159ad\u00edm 1<\/p>\n<p>N\u00e1strojov\u00e9 skl\u00ed\u010didlo 8 kus\u016f<\/p>\n<p>Sb\u00edrejte 8 kus\u016f<\/p>\n<p>Kl\u00ed\u010de 4<\/td>\n<\/tr>\n<\/tbody>\n<\/table>","protected":false},"excerpt":{"rendered":"<p>Revolutionize Your CNC Routing Introducing the Economic Linear Automatic Tool Changer CNC Router \u2013 a cutting-edge solution designed to streamline your routing processes. With its advanced automation capabilities, this tool changer enhances efficiency and precision in various applications, making it an ideal choice for both hobbyists and professionals alike. Unmatched Efficiency and Precision The Economic [&hellip;]<\/p>\n","protected":false},"featured_media":3762,"template":"","meta":{"_seopress_robots_primary_cat":"none","_seopress_titles_title":"","_seopress_titles_desc":"","_seopress_robots_index":"","_uag_custom_page_level_css":"","site-sidebar-layout":"default","site-content-layout":"","ast-site-content-layout":"default","site-content-style":"default","site-sidebar-style":"default","ast-global-header-display":"","ast-banner-title-visibility":"","ast-main-header-display":"","ast-hfb-above-header-display":"","ast-hfb-below-header-display":"","ast-hfb-mobile-header-display":"","site-post-title":"","ast-breadcrumbs-content":"","ast-featured-img":"","footer-sml-layout":"","ast-disable-related-posts":"","theme-transparent-header-meta":"default","adv-header-id-meta":"","stick-header-meta":"default","header-above-stick-meta":"","header-main-stick-meta":"","header-below-stick-meta":"","astra-migrate-meta-layouts":"set","ast-page-background-enabled":"default","ast-page-background-meta":{"desktop":{"background-color":"","background-image":"","background-repeat":"repeat","background-position":"center center","background-size":"auto","background-attachment":"scroll","background-type":"","background-media":"","overlay-type":"","overlay-color":"","overlay-opacity":"","overlay-gradient":""},"tablet":{"background-color":"","background-image":"","background-repeat":"repeat","background-position":"center center","background-size":"auto","background-attachment":"scroll","background-type":"","background-media":"","overlay-type":"","overlay-color":"","overlay-opacity":"","overlay-gradient":""},"mobile":{"background-color":"","background-image":"","background-repeat":"repeat","background-position":"center center","background-size":"auto","background-attachment":"scroll","background-type":"","background-media":"","overlay-type":"","overlay-color":"","overlay-opacity":"","overlay-gradient":""}},"ast-content-background-meta":{"desktop":{"background-color":"var(--ast-global-color-5)","background-image":"","background-repeat":"repeat","background-position":"center center","background-size":"auto","background-attachment":"scroll","background-type":"","background-media":"","overlay-type":"","overlay-color":"","overlay-opacity":"","overlay-gradient":""},"tablet":{"background-color":"var(--ast-global-color-5)","background-image":"","background-repeat":"repeat","background-position":"center center","background-size":"auto","background-attachment":"scroll","background-type":"","background-media":"","overlay-type":"","overlay-color":"","overlay-opacity":"","overlay-gradient":""},"mobile":{"background-color":"var(--ast-global-color-5)","background-image":"","background-repeat":"repeat","background-position":"center center","background-size":"auto","background-attachment":"scroll","background-type":"","background-media":"","overlay-type":"","overlay-color":"","overlay-opacity":"","overlay-gradient":""}}},"product_brand":[],"product_cat":[34],"product_tag":[],"class_list":{"0":"post-3759","1":"product","2":"type-product","3":"status-publish","4":"has-post-thumbnail","6":"product_cat-nesting","7":"desktop-align-left","8":"tablet-align-left","9":"mobile-align-left","10":"ast-product-gallery-layout-horizontal-slider","11":"ast-product-gallery-with-no-image","12":"ast-product-tabs-layout-horizontal","14":"first","15":"instock","16":"featured","17":"shipping-taxable","18":"product-type-simple"},"uagb_featured_image_src":{"full":["https:\/\/wisecnclaser.com\/wp-content\/uploads\/2025\/05\/8d23397dcfe1e2b053ea7e237579653c.png",1084,1080,false],"thumbnail":["https:\/\/wisecnclaser.com\/wp-content\/uploads\/2025\/05\/8d23397dcfe1e2b053ea7e237579653c-150x150.png",150,150,true],"medium":["https:\/\/wisecnclaser.com\/wp-content\/uploads\/2025\/05\/8d23397dcfe1e2b053ea7e237579653c-300x300.png",300,300,true],"medium_large":["https:\/\/wisecnclaser.com\/wp-content\/uploads\/2025\/05\/8d23397dcfe1e2b053ea7e237579653c-768x765.png",768,765,true],"large":["https:\/\/wisecnclaser.com\/wp-content\/uploads\/2025\/05\/8d23397dcfe1e2b053ea7e237579653c-1024x1020.png",1024,1020,true],"1536x1536":["https:\/\/wisecnclaser.com\/wp-content\/uploads\/2025\/05\/8d23397dcfe1e2b053ea7e237579653c.png",1084,1080,false],"2048x2048":["https:\/\/wisecnclaser.com\/wp-content\/uploads\/2025\/05\/8d23397dcfe1e2b053ea7e237579653c.png",1084,1080,false],"trp-custom-language-flag":["https:\/\/wisecnclaser.com\/wp-content\/uploads\/2025\/05\/8d23397dcfe1e2b053ea7e237579653c-12x12.png",12,12,true],"woocommerce_thumbnail":["https:\/\/wisecnclaser.com\/wp-content\/uploads\/2025\/05\/8d23397dcfe1e2b053ea7e237579653c-300x300.png",300,300,true],"woocommerce_single":["https:\/\/wisecnclaser.com\/wp-content\/uploads\/2025\/05\/8d23397dcfe1e2b053ea7e237579653c-600x598.png",600,598,true],"woocommerce_gallery_thumbnail":["https:\/\/wisecnclaser.com\/wp-content\/uploads\/2025\/05\/8d23397dcfe1e2b053ea7e237579653c-100x100.png",100,100,true]},"uagb_author_info":{"display_name":"jinxing6611@gmail.com","author_link":"https:\/\/wisecnclaser.com\/cs\/author\/"},"uagb_comment_info":0,"uagb_excerpt":"Revolutionize Your CNC Routing Introducing the Economic Linear Automatic Tool Changer CNC Router \u2013 a cutting-edge solution designed to streamline your routing processes. With its advanced automation capabilities, this tool changer enhances efficiency and precision in various applications, making it an ideal choice for both hobbyists and professionals alike. Unmatched Efficiency and Precision The Economic&hellip;","_links":{"self":[{"href":"https:\/\/wisecnclaser.com\/cs\/wp-json\/wp\/v2\/product\/3759","targetHints":{"allow":["GET"]}}],"collection":[{"href":"https:\/\/wisecnclaser.com\/cs\/wp-json\/wp\/v2\/product"}],"about":[{"href":"https:\/\/wisecnclaser.com\/cs\/wp-json\/wp\/v2\/types\/product"}],"wp:featuredmedia":[{"embeddable":true,"href":"https:\/\/wisecnclaser.com\/cs\/wp-json\/wp\/v2\/media\/3762"}],"wp:attachment":[{"href":"https:\/\/wisecnclaser.com\/cs\/wp-json\/wp\/v2\/media?parent=3759"}],"wp:term":[{"taxonomy":"product_brand","embeddable":true,"href":"https:\/\/wisecnclaser.com\/cs\/wp-json\/wp\/v2\/product_brand?post=3759"},{"taxonomy":"product_cat","embeddable":true,"href":"https:\/\/wisecnclaser.com\/cs\/wp-json\/wp\/v2\/product_cat?post=3759"},{"taxonomy":"product_tag","embeddable":true,"href":"https:\/\/wisecnclaser.com\/cs\/wp-json\/wp\/v2\/product_tag?post=3759"}],"curies":[{"name":"wp","href":"https:\/\/api.w.org\/{rel}","templated":true}]}}