{"id":3763,"date":"2025-05-23T02:46:17","date_gmt":"2025-05-23T02:46:17","guid":{"rendered":"https:\/\/wisecnclaser.com\/?post_type=product&#038;p=3763"},"modified":"2025-07-07T07:00:23","modified_gmt":"2025-07-07T07:00:23","slug":"linear-atc-woodworking-cnc-router","status":"publish","type":"product","link":"https:\/\/wisecnclaser.com\/cs\/produkt\/linear-atc-woodworking-cnc-router\/","title":{"rendered":"Line\u00e1rn\u00ed CNC fr\u00e9za ATC pro obr\u00e1b\u011bn\u00ed d\u0159eva"},"content":{"rendered":"<table>\n<tbody>\n<tr class=\"firstRow\">\n<td colspan=\"2\" valign=\"center\" width=\"672\"><strong>Vlastnosti:<\/strong><\/p>\n<p>1.Cel\u00e9 t\u011blo stroje je vyrobeno z 8MM ocelov\u00e9 beze\u0161v\u00e9 sva\u0159ovac\u00ed tempera\u010dn\u00ed \u00fapravy st\u00e1rnut\u00ed, tuh\u00e9, bez deformace.<\/p>\n<p>2.Servomotor, vysok\u00e1 p\u0159esnost a vysok\u00e1 rychlost.<\/p>\n<p>3. Tchajwansk\u00e9 \u010dtvercov\u00e9 veden\u00ed kolejnic, hladk\u00fd chod, stabiln\u011bj\u0161\u00ed vysok\u00e1 p\u0159esnost, dlouh\u00e1 \u017eivotnost.<\/p>\n<p>4. 9KW vzduchem chlazen\u00e9 ATC v\u0159eteno, dlouh\u00e1 \u017eivotnost, ot\u00e1\u010dky a\u017e 18000 ot\/min, vy\u0159ez\u00e1van\u00fd hladk\u00fd povrch.<\/p>\n<p>5. Velk\u00e1 vybaven\u00e1 samostatnou sk\u0159\u00ed\u0148kou, ovl\u00e1d\u00e1n\u00ed pomoc\u00ed dotykov\u00e9 obrazovky, jednoduch\u00e9 a pohodln\u00e9, snadno se u\u010d\u00ed.<\/p>\n<p>6. S vakuov\u00fdm stolem, \u0159ezem ud\u011blejte k\u0159\u00ed\u017e na vakuov\u00e9m stole, lep\u0161\u00ed sac\u00ed \u00fa\u010dinek. vakuov\u00fd syst\u00e9m m\u016f\u017ee b\u00fdt nas\u00e1v\u00e1n v procesu zpracov\u00e1n\u00ed d\u0159evn\u00ed \u0161t\u011bpky a ne\u010distot, aby se udr\u017eel st\u016fl \u010dist\u00fd a nep\u0159\u00edm\u00e1 \u00fadr\u017eba za\u0159\u00edzen\u00ed.<\/p>\n<p>7.8 line\u00e1rn\u00ed n\u00e1stroje ATC<\/p>\n<p>8. pou\u017e\u00edv\u00e1 se k \u0159ez\u00e1n\u00ed d\u0159eva, grav\u00edrov\u00e1n\u00ed, fr\u00e9zov\u00e1n\u00ed, \u0159ez\u00e1n\u00ed otvor\u016f, pou\u017e\u00edv\u00e1 se p\u0159i v\u00fdrob\u011b panelov\u00e9ho n\u00e1bytku, sk\u0159\u00edn\u00ed s oble\u010den\u00edm a pokro\u010dil\u00fdch sk\u0159\u00ed\u0148ov\u00fdch dve\u0159\u00ed.<\/p>\n<p>&nbsp;<\/p>\n<p>Pou\u017eit\u00ed:<\/p>\n<p>Vhodn\u00e9 pro truhl\u00e1\u0159stv\u00ed, d\u0159ev\u011bn\u00e9 dve\u0159e, n\u00e1bytek, sk\u0159\u00edn\u011b, formy atd.<\/td>\n<\/tr>\n<tr>\n<td valign=\"top\" width=\"207\">X PRACOVN\u00cd OBLAST<\/td>\n<td valign=\"top\" width=\"465\">1300mm 1500MM<\/td>\n<\/tr>\n<tr>\n<td valign=\"top\" width=\"207\">Y PRACOVN\u00cd OBLAST<\/td>\n<td valign=\"top\" width=\"465\">2500mm 3000MM<\/td>\n<\/tr>\n<tr>\n<td valign=\"top\" width=\"207\">Z PRACOVN\u00cd OBLAST<\/td>\n<td valign=\"top\" width=\"465\">200 mm<\/td>\n<\/tr>\n<tr>\n<td valign=\"top\" width=\"207\">STOLEK STROJE<\/td>\n<td valign=\"top\" width=\"465\">Vakuov\u00fd adsorp\u010dn\u00ed st\u016fl - dvouvrstv\u00fd vakuov\u00fd st\u016fl s k\u0159\u00ed\u017eem, lep\u0161\u00ed sac\u00ed \u00fa\u010dinek ne\u017e norm\u00e1ln\u00ed vakuov\u00fd st\u016fl<\/td>\n<\/tr>\n<tr>\n<td valign=\"top\" width=\"207\">K\u00d3D P\u0158\u00cdKAZU<\/td>\n<td valign=\"top\" width=\"465\">K\u00f3d G<\/td>\n<\/tr>\n<tr>\n<td valign=\"top\" width=\"207\">STRUKTURA OSY XYZ<\/td>\n<td valign=\"top\" width=\"465\">X\/Y Taiwan Rack rail\uff0cmake machine work more stable ; Z Screw rail<\/td>\n<\/tr>\n<tr>\n<td valign=\"top\" width=\"207\">V\u00ddKON SB\u011aRA\u010cE PRACHU<\/td>\n<td valign=\"top\" width=\"465\">3 dvojit\u00e9 s\u00e1\u010dky<\/td>\n<\/tr>\n<tr>\n<td valign=\"top\" width=\"207\">POWER<\/td>\n<td valign=\"top\" width=\"465\">AC220V 1F\u00c1ZE \/ 50Hz<\/td>\n<\/tr>\n<tr>\n<td valign=\"top\" width=\"207\">SPINDLE<\/td>\n<td valign=\"top\" width=\"465\">9kw vzduchem chlazen\u00e9 v\u0159eteno ATC<\/td>\n<\/tr>\n<tr>\n<td valign=\"top\" width=\"207\">CELKOV\u00dd PRACOVN\u00cd V\u00ddKON<\/td>\n<td valign=\"top\" width=\"465\">26KW<\/td>\n<\/tr>\n<tr>\n<td valign=\"top\" width=\"207\">OT\u00c1\u010cKY V\u0158ETENA<\/td>\n<td valign=\"top\" width=\"465\">18000 ot\u00e1\u010dek za minutu<\/td>\n<\/tr>\n<tr>\n<td valign=\"top\" width=\"207\">INVERTER<\/td>\n<td valign=\"top\" width=\"465\">11KW m\u011bni\u010d<\/td>\n<\/tr>\n<tr>\n<td valign=\"top\" width=\"207\">HNAC\u00cd MOTOR<\/td>\n<td valign=\"top\" width=\"465\">\u010c\u00ednsk\u00fd servomotor<\/td>\n<\/tr>\n<tr>\n<td valign=\"top\" width=\"207\">OPERA\u010cN\u00cd SYST\u00c9M<\/td>\n<td valign=\"top\" width=\"465\">Tchajwansk\u00fd dotykov\u00fd ovl\u00e1dac\u00ed syst\u00e9m LNC<\/td>\n<\/tr>\n<tr>\n<td valign=\"top\" width=\"207\">V\u00ddKON VAKUOV\u00c9 PUMPY<\/td>\n<td valign=\"top\" width=\"465\">2,2 kW vzduchov\u00e1 v\u00fdv\u011bva *2 kusy 220 V jednof\u00e1zov\u00e1 60 Hz<\/td>\n<\/tr>\n<tr>\n<td valign=\"center\" width=\"207\">LINE\u00c1RN\u00cd KOLEJ<\/td>\n<td valign=\"top\" width=\"465\">Tchajwansk\u00e1 \u010dtvercov\u00e1 kolejnice, stabiln\u011bj\u0161\u00ed<\/td>\n<\/tr>\n<tr>\n<td valign=\"center\" width=\"207\">REDUCER<\/td>\n<td valign=\"top\" width=\"465\">Japonsko zna\u010dka shimpoo<\/td>\n<\/tr>\n<tr>\n<td valign=\"center\" width=\"207\">KULOV\u00dd \u0160ROUB<\/td>\n<td valign=\"top\" width=\"465\">Tchaj-wan TBI<\/td>\n<\/tr>\n<tr>\n<td valign=\"center\" width=\"207\">WEIGHT<\/td>\n<td valign=\"top\" width=\"465\">2900KGS<\/td>\n<\/tr>\n<tr>\n<td valign=\"center\" width=\"207\">DAL\u0160\u00cd POMOCN\u00c9 D\u00cdLY<\/td>\n<td valign=\"top\" width=\"465\">vyskakovac\u00ed \u010depy\/pozice v\u00e1lce,<\/p>\n<p>Automatick\u00fd mazac\u00ed syst\u00e9m<\/p>\n<p>Sn\u00edma\u010d n\u00e1\u0159ad\u00ed<\/p>\n<p>Software<\/p>\n<p>Box s n\u00e1\u0159ad\u00edm 1<\/p>\n<p>N\u00e1strojov\u00e9 skl\u00ed\u010didlo 8 kus\u016f<\/p>\n<p>Sb\u00edrejte 8 kus\u016f<\/p>\n<p>Kl\u00ed\u010de 4<\/td>\n<\/tr>\n<\/tbody>\n<\/table>","protected":false},"excerpt":{"rendered":"<p>Features: 1.The whole machine body is made from 8MM steel seamless welding tempering aging treatment, rigid, no deformation. 2.Servo motor, high precision and high speed. 3. Taiwan square rail guide, smooth operation,\u00a0more\u00a0stable high precision, long life. 4.\u00a09KW air cooling\u00a0ATC spindle, long power life, speed up to\u00a018000 r \/ min, carved smooth surface. 5. Large equipped [&hellip;]<\/p>\n","protected":false},"featured_media":3766,"template":"","meta":{"_seopress_robots_primary_cat":"none","_seopress_titles_title":"","_seopress_titles_desc":"","_seopress_robots_index":"","_uag_custom_page_level_css":"","site-sidebar-layout":"default","site-content-layout":"","ast-site-content-layout":"default","site-content-style":"default","site-sidebar-style":"default","ast-global-header-display":"","ast-banner-title-visibility":"","ast-main-header-display":"","ast-hfb-above-header-display":"","ast-hfb-below-header-display":"","ast-hfb-mobile-header-display":"","site-post-title":"","ast-breadcrumbs-content":"","ast-featured-img":"","footer-sml-layout":"","ast-disable-related-posts":"","theme-transparent-header-meta":"default","adv-header-id-meta":"","stick-header-meta":"default","header-above-stick-meta":"","header-main-stick-meta":"","header-below-stick-meta":"","astra-migrate-meta-layouts":"set","ast-page-background-enabled":"default","ast-page-background-meta":{"desktop":{"background-color":"","background-image":"","background-repeat":"repeat","background-position":"center center","background-size":"auto","background-attachment":"scroll","background-type":"","background-media":"","overlay-type":"","overlay-color":"","overlay-opacity":"","overlay-gradient":""},"tablet":{"background-color":"","background-image":"","background-repeat":"repeat","background-position":"center center","background-size":"auto","background-attachment":"scroll","background-type":"","background-media":"","overlay-type":"","overlay-color":"","overlay-opacity":"","overlay-gradient":""},"mobile":{"background-color":"","background-image":"","background-repeat":"repeat","background-position":"center center","background-size":"auto","background-attachment":"scroll","background-type":"","background-media":"","overlay-type":"","overlay-color":"","overlay-opacity":"","overlay-gradient":""}},"ast-content-background-meta":{"desktop":{"background-color":"var(--ast-global-color-5)","background-image":"","background-repeat":"repeat","background-position":"center center","background-size":"auto","background-attachment":"scroll","background-type":"","background-media":"","overlay-type":"","overlay-color":"","overlay-opacity":"","overlay-gradient":""},"tablet":{"background-color":"var(--ast-global-color-5)","background-image":"","background-repeat":"repeat","background-position":"center center","background-size":"auto","background-attachment":"scroll","background-type":"","background-media":"","overlay-type":"","overlay-color":"","overlay-opacity":"","overlay-gradient":""},"mobile":{"background-color":"var(--ast-global-color-5)","background-image":"","background-repeat":"repeat","background-position":"center center","background-size":"auto","background-attachment":"scroll","background-type":"","background-media":"","overlay-type":"","overlay-color":"","overlay-opacity":"","overlay-gradient":""}}},"product_brand":[],"product_cat":[34],"product_tag":[84,72,85,73,83],"class_list":{"0":"post-3763","1":"product","2":"type-product","3":"status-publish","4":"has-post-thumbnail","6":"product_cat-nesting","7":"product_tag-3-axis-atc-cnc-router","8":"product_tag-48-atc-cnc-router","9":"product_tag-high-quality-atc-wood-router","10":"product_tag-linear-atc-cnc-router","11":"product_tag-woodworking-atc-cnc-router","12":"desktop-align-left","13":"tablet-align-left","14":"mobile-align-left","15":"ast-product-gallery-layout-horizontal-slider","16":"ast-product-gallery-with-no-image","17":"ast-product-tabs-layout-horizontal","19":"first","20":"instock","21":"shipping-taxable","22":"product-type-simple"},"uagb_featured_image_src":{"full":["https:\/\/wisecnclaser.com\/wp-content\/uploads\/2025\/05\/05253cedd86ab52701d4ff6a6fa46c26.png",1078,1076,false],"thumbnail":["https:\/\/wisecnclaser.com\/wp-content\/uploads\/2025\/05\/05253cedd86ab52701d4ff6a6fa46c26-150x150.png",150,150,true],"medium":["https:\/\/wisecnclaser.com\/wp-content\/uploads\/2025\/05\/05253cedd86ab52701d4ff6a6fa46c26-300x300.png",300,300,true],"medium_large":["https:\/\/wisecnclaser.com\/wp-content\/uploads\/2025\/05\/05253cedd86ab52701d4ff6a6fa46c26-768x767.png",768,767,true],"large":["https:\/\/wisecnclaser.com\/wp-content\/uploads\/2025\/05\/05253cedd86ab52701d4ff6a6fa46c26-1024x1022.png",1024,1022,true],"1536x1536":["https:\/\/wisecnclaser.com\/wp-content\/uploads\/2025\/05\/05253cedd86ab52701d4ff6a6fa46c26.png",1078,1076,false],"2048x2048":["https:\/\/wisecnclaser.com\/wp-content\/uploads\/2025\/05\/05253cedd86ab52701d4ff6a6fa46c26.png",1078,1076,false],"trp-custom-language-flag":["https:\/\/wisecnclaser.com\/wp-content\/uploads\/2025\/05\/05253cedd86ab52701d4ff6a6fa46c26-12x12.png",12,12,true],"woocommerce_thumbnail":["https:\/\/wisecnclaser.com\/wp-content\/uploads\/2025\/05\/05253cedd86ab52701d4ff6a6fa46c26-300x300.png",300,300,true],"woocommerce_single":["https:\/\/wisecnclaser.com\/wp-content\/uploads\/2025\/05\/05253cedd86ab52701d4ff6a6fa46c26-600x599.png",600,599,true],"woocommerce_gallery_thumbnail":["https:\/\/wisecnclaser.com\/wp-content\/uploads\/2025\/05\/05253cedd86ab52701d4ff6a6fa46c26-100x100.png",100,100,true]},"uagb_author_info":{"display_name":"jinxing6611@gmail.com","author_link":"https:\/\/wisecnclaser.com\/cs\/author\/"},"uagb_comment_info":0,"uagb_excerpt":"Features: 1.The whole machine body is made from 8MM steel seamless welding tempering aging treatment, rigid, no deformation. 2.Servo motor, high precision and high speed. 3. Taiwan square rail guide, smooth operation,\u00a0more\u00a0stable high precision, long life. 4.\u00a09KW air cooling\u00a0ATC spindle, long power life, speed up to\u00a018000 r \/ min, carved smooth surface. 5. Large equipped&hellip;","_links":{"self":[{"href":"https:\/\/wisecnclaser.com\/cs\/wp-json\/wp\/v2\/product\/3763","targetHints":{"allow":["GET"]}}],"collection":[{"href":"https:\/\/wisecnclaser.com\/cs\/wp-json\/wp\/v2\/product"}],"about":[{"href":"https:\/\/wisecnclaser.com\/cs\/wp-json\/wp\/v2\/types\/product"}],"wp:featuredmedia":[{"embeddable":true,"href":"https:\/\/wisecnclaser.com\/cs\/wp-json\/wp\/v2\/media\/3766"}],"wp:attachment":[{"href":"https:\/\/wisecnclaser.com\/cs\/wp-json\/wp\/v2\/media?parent=3763"}],"wp:term":[{"taxonomy":"product_brand","embeddable":true,"href":"https:\/\/wisecnclaser.com\/cs\/wp-json\/wp\/v2\/product_brand?post=3763"},{"taxonomy":"product_cat","embeddable":true,"href":"https:\/\/wisecnclaser.com\/cs\/wp-json\/wp\/v2\/product_cat?post=3763"},{"taxonomy":"product_tag","embeddable":true,"href":"https:\/\/wisecnclaser.com\/cs\/wp-json\/wp\/v2\/product_tag?post=3763"}],"curies":[{"name":"wp","href":"https:\/\/api.w.org\/{rel}","templated":true}]}}