{"id":4051,"date":"2025-06-25T02:02:27","date_gmt":"2025-06-25T02:02:27","guid":{"rendered":"https:\/\/wisecnclaser.com\/?post_type=product&#038;p=4051"},"modified":"2025-06-25T02:02:27","modified_gmt":"2025-06-25T02:02:27","slug":"high-precision-atc-cnc-router-for-complex-designs","status":"publish","type":"product","link":"https:\/\/wisecnclaser.com\/cs\/produkt\/high-precision-atc-cnc-router-for-complex-designs\/","title":{"rendered":"Vysoce p\u0159esn\u00e9 CNC fr\u00e9zy ATC pro slo\u017eit\u00e9 konstrukce"},"content":{"rendered":"<p><strong>Odemkn\u011bte bezkonkuren\u010dn\u00ed schopnosti pro slo\u017eit\u00e9 zpracov\u00e1n\u00ed d\u0159eva a pr\u016fmyslovou v\u00fdrobu<\/strong><\/p>\n<p>Seznamte se s novou generac\u00ed CNC fr\u00e9z ATC, kter\u00e1 je navr\u017eena pro dokonal\u00e9 zpracov\u00e1n\u00ed slo\u017eit\u00fdch 3D n\u00e1vrh\u016f. N\u00e1\u0161 syst\u00e9m pr\u016fmyslov\u00e9 t\u0159\u00eddy kombinuje p\u0159esnost na \u00farovni mikron\u016f s technologi\u00ed automatick\u00e9 v\u00fdm\u011bny n\u00e1stroj\u016f ; poskytuje bezchybn\u00e9 v\u00fdsledky ve d\u0159ev\u011b, kompozitech a kovech.<\/p>\n<p>&nbsp;<\/p>\n<p><strong>Hlavn\u00ed v\u00fdhody:<\/strong><\/p>\n<p>Skute\u010dn\u00e1 v\u00fdrobn\u00ed s\u00edla: Jako specializovan\u00fd v\u00fdrobn\u00ed CNC fr\u00e9za ATC zpracov\u00e1v\u00e1 hlin\u00edk, plasty a kompozity v\u00fdrobn\u00ed rychlost\u00ed (opakovatelnost 0,01 mm).<\/p>\n<p>P\u0159esn\u00e9 zpracov\u00e1n\u00ed d\u0159eva: CNC fr\u00e9za pro slo\u017eit\u00e9 \u0159ezb\u00e1\u0159sk\u00e9 pr\u00e1ce, truhl\u00e1\u0159sk\u00e9 pr\u00e1ce a architektonick\u00e9 prvky s jemnost\u00ed v\u0159etena 24 tis\u00edc ot\u00e1\u010dek za minutu.<\/p>\n<p>Zvl\u00e1dnut\u00ed komplexn\u00edho designu: Prov\u00e1d\u011bn\u00ed v\u00edcestup\u0148ov\u00fdch projekt\u016f bez obsluhy s automatickou v\u00fdm\u011bnou n\u00e1stroj\u016f (v\u00edce ne\u017e 12 n\u00e1stroj\u016f); ide\u00e1ln\u00ed pro formy, prototypy a um\u011bleck\u00e9 geometrie.<\/p>\n<p>Nulov\u00fd kompromisn\u00ed v\u00fdkon: Kalibrace n\u00e1stroj\u016f na palub\u011b;<\/p>\n<p>70% Rychlej\u0161\u00ed v\u00fdroba: Eliminujte ru\u010dn\u00ed v\u00fdm\u011bnu n\u00e1stroj\u016f a provozujte operace s vypnut\u00fdm sv\u011btlem.<\/p>\n<p>&nbsp;<\/p>\n<p><strong>\u0160pi\u010dkov\u00e9 specifikace v oboru:<\/strong><\/p>\n<p>+\/-0,01 mm P\u0159esnost polohov\u00e1n\u00ed<\/p>\n<p>12stani\u010dn\u00ed automatick\u00e1 v\u00fdm\u011bna n\u00e1stroj\u016f (ATC)<\/p>\n<p>9kW v\u0159eteno HSD (24 000 ot.\/min.) nebo v\u0159eteno HQD<\/p>\n<p>Pevn\u00fd vys\u00e1vac\u00ed st\u016fl + pokro\u010dil\u00e1 regulace prachu<\/p>\n<p>1300x2500mm Standardn\u00ed pracovn\u00ed plocha<\/p>\n<p>&nbsp;<\/p>\n<p><strong>Ide\u00e1ln\u00ed pro:<\/strong><\/p>\n<p>- \u0160pi\u010dkov\u00ed v\u00fdrobci n\u00e1bytku (d\u0159evoobr\u00e1b\u011bn\u00ed ATC CNC fr\u00e9zou)<\/p>\n<p>- V\u00fdroba leteck\u00fdch\/automobilov\u00fdch komponent\u016f (v\u00fdroba ATC CNC fr\u00e9zou)<\/p>\n<p>- Studia pro v\u00fdrobu n\u00e1pis\u016f | Laborato\u0159e pro v\u00fdrobu prototyp\u016f | V\u00fdrobci kov\u016f na zak\u00e1zku<\/p>\n<p>&nbsp;<\/p>\n<p><strong>Technick\u00e9 parametry 4*8 ATC CNC Router:<\/strong><\/p>\n<table>\n<tbody>\n<tr>\n<td width=\"414\">X Y Z PRACOVN\u00cd PLOCHA<\/td>\n<td width=\"941\">1300 mm*2500 mm*200 mm<\/td>\n<\/tr>\n<tr>\n<td width=\"414\">STRUKTURA DESKY<\/td>\n<td width=\"941\">Vakuov\u00e1 adsorp\u010dn\u00ed tabulka<\/td>\n<\/tr>\n<tr>\n<td width=\"414\">K\u00d3D P\u0158\u00cdKAZU<\/td>\n<td width=\"941\">K\u00f3d G<\/td>\n<\/tr>\n<tr>\n<td width=\"414\">STRUKTURA OSY XYZ<\/td>\n<td width=\"941\">Stojanov\u00e1 li\u0161ta X\/Y; \u0161roubov\u00e1 li\u0161ta Z<\/td>\n<\/tr>\n<tr>\n<td width=\"414\">P\u0158\u00cdKON<\/td>\n<td width=\"941\">11KW<\/td>\n<\/tr>\n<tr>\n<td width=\"414\">POWER<\/td>\n<td width=\"941\">AC380V \/ 50Hz<\/td>\n<\/tr>\n<tr>\n<td width=\"414\">SPINDLE<\/td>\n<td width=\"941\">Vzduchem chlazen\u00e9 v\u0159eteno HQD 9kw\/HSD 9kw vzduchem chlazen\u00e9 v\u0159eteno<\/td>\n<\/tr>\n<tr>\n<td width=\"414\">OT\u00c1\u010cKY V\u0158ETENA<\/td>\n<td width=\"941\">18000 ot\/min \/ 24000 ot\/min<\/td>\n<\/tr>\n<tr>\n<td width=\"414\">INVERTER<\/td>\n<td width=\"941\">11KW m\u011bni\u010d<\/td>\n<\/tr>\n<tr>\n<td width=\"414\">HNAC\u00cd MOTOR<\/td>\n<td width=\"941\">750W servomotor<\/td>\n<\/tr>\n<tr>\n<td width=\"414\">\u0158\u00cdDIC\u00cd SYST\u00c9M<\/td>\n<td width=\"941\">Tchaj-wan LNC<\/td>\n<\/tr>\n<tr>\n<td width=\"414\">VAKUOV\u00c9 \u010cERPADLO<\/td>\n<td width=\"941\">7,5KW vzduchov\u00e9 \u010derpadlo<\/td>\n<\/tr>\n<tr>\n<td width=\"414\">LINE\u00c1RN\u00cd KOLEJ<\/td>\n<td width=\"941\">Tchaj-wan 25<\/td>\n<\/tr>\n<tr>\n<td width=\"414\">WEIGHT<\/td>\n<td width=\"941\">2500KGS<\/td>\n<\/tr>\n<tr>\n<td width=\"414\">VELIKOST<\/td>\n<td width=\"941\">D3500 mm*\u01602200*V2100<\/td>\n<\/tr>\n<\/tbody>\n<\/table>","protected":false},"excerpt":{"rendered":"<p>Unlock Unmatched Capability for Intricate Woodworking &amp; Industrial Manufacturing Meet the next generation ATC CNC Router engineered for perfection in complex 3D designs. Our industrial-grade system combines micron-level accuracy with automated tool-changing technology ; delivering flawless results across wood, composites, and metals. &nbsp; Key Advantages: True Manufacturing Powerhouse: As a dedicated manufacturing ATC CNC router, [&hellip;]<\/p>\n","protected":false},"featured_media":4054,"template":"","meta":{"_seopress_robots_primary_cat":"none","_seopress_titles_title":"%%post_title%% %%sitetitle%%","_seopress_titles_desc":"","_seopress_robots_index":"","_uag_custom_page_level_css":"","site-sidebar-layout":"default","site-content-layout":"","ast-site-content-layout":"default","site-content-style":"default","site-sidebar-style":"default","ast-global-header-display":"","ast-banner-title-visibility":"","ast-main-header-display":"","ast-hfb-above-header-display":"","ast-hfb-below-header-display":"","ast-hfb-mobile-header-display":"","site-post-title":"","ast-breadcrumbs-content":"","ast-featured-img":"","footer-sml-layout":"","ast-disable-related-posts":"","theme-transparent-header-meta":"default","adv-header-id-meta":"","stick-header-meta":"default","header-above-stick-meta":"","header-main-stick-meta":"","header-below-stick-meta":"","astra-migrate-meta-layouts":"set","ast-page-background-enabled":"default","ast-page-background-meta":{"desktop":{"background-color":"","background-image":"","background-repeat":"repeat","background-position":"center center","background-size":"auto","background-attachment":"scroll","background-type":"","background-media":"","overlay-type":"","overlay-color":"","overlay-opacity":"","overlay-gradient":""},"tablet":{"background-color":"","background-image":"","background-repeat":"repeat","background-position":"center center","background-size":"auto","background-attachment":"scroll","background-type":"","background-media":"","overlay-type":"","overlay-color":"","overlay-opacity":"","overlay-gradient":""},"mobile":{"background-color":"","background-image":"","background-repeat":"repeat","background-position":"center center","background-size":"auto","background-attachment":"scroll","background-type":"","background-media":"","overlay-type":"","overlay-color":"","overlay-opacity":"","overlay-gradient":""}},"ast-content-background-meta":{"desktop":{"background-color":"var(--ast-global-color-5)","background-image":"","background-repeat":"repeat","background-position":"center center","background-size":"auto","background-attachment":"scroll","background-type":"","background-media":"","overlay-type":"","overlay-color":"","overlay-opacity":"","overlay-gradient":""},"tablet":{"background-color":"var(--ast-global-color-5)","background-image":"","background-repeat":"repeat","background-position":"center center","background-size":"auto","background-attachment":"scroll","background-type":"","background-media":"","overlay-type":"","overlay-color":"","overlay-opacity":"","overlay-gradient":""},"mobile":{"background-color":"var(--ast-global-color-5)","background-image":"","background-repeat":"repeat","background-position":"center center","background-size":"auto","background-attachment":"scroll","background-type":"","background-media":"","overlay-type":"","overlay-color":"","overlay-opacity":"","overlay-gradient":""}}},"product_brand":[],"product_cat":[65],"product_tag":[72,71,70,73],"class_list":{"0":"post-4051","1":"product","2":"type-product","3":"status-publish","4":"has-post-thumbnail","6":"product_cat-atccnc","7":"product_tag-48-atc-cnc-router","8":"product_tag-atc-cnc-router","9":"product_tag-cnc-router","10":"product_tag-linear-atc-cnc-router","11":"desktop-align-left","12":"tablet-align-left","13":"mobile-align-left","14":"ast-product-gallery-layout-horizontal-slider","15":"ast-product-gallery-with-no-image","16":"ast-product-tabs-layout-horizontal","18":"first","19":"instock","20":"shipping-taxable","21":"product-type-simple"},"uagb_featured_image_src":{"full":["https:\/\/wisecnclaser.com\/wp-content\/uploads\/2025\/06\/\u5fae\u4fe1\u56fe\u7247_20240626151355.jpg",1706,1280,false],"thumbnail":["https:\/\/wisecnclaser.com\/wp-content\/uploads\/2025\/06\/\u5fae\u4fe1\u56fe\u7247_20240626151355-150x150.jpg",150,150,true],"medium":["https:\/\/wisecnclaser.com\/wp-content\/uploads\/2025\/06\/\u5fae\u4fe1\u56fe\u7247_20240626151355-300x225.jpg",300,225,true],"medium_large":["https:\/\/wisecnclaser.com\/wp-content\/uploads\/2025\/06\/\u5fae\u4fe1\u56fe\u7247_20240626151355-768x576.jpg",768,576,true],"large":["https:\/\/wisecnclaser.com\/wp-content\/uploads\/2025\/06\/\u5fae\u4fe1\u56fe\u7247_20240626151355-1024x768.jpg",1024,768,true],"1536x1536":["https:\/\/wisecnclaser.com\/wp-content\/uploads\/2025\/06\/\u5fae\u4fe1\u56fe\u7247_20240626151355-1536x1152.jpg",1536,1152,true],"2048x2048":["https:\/\/wisecnclaser.com\/wp-content\/uploads\/2025\/06\/\u5fae\u4fe1\u56fe\u7247_20240626151355.jpg",1706,1280,false],"trp-custom-language-flag":["https:\/\/wisecnclaser.com\/wp-content\/uploads\/2025\/06\/\u5fae\u4fe1\u56fe\u7247_20240626151355-16x12.jpg",16,12,true],"woocommerce_thumbnail":["https:\/\/wisecnclaser.com\/wp-content\/uploads\/2025\/06\/\u5fae\u4fe1\u56fe\u7247_20240626151355-300x300.jpg",300,300,true],"woocommerce_single":["https:\/\/wisecnclaser.com\/wp-content\/uploads\/2025\/06\/\u5fae\u4fe1\u56fe\u7247_20240626151355-600x450.jpg",600,450,true],"woocommerce_gallery_thumbnail":["https:\/\/wisecnclaser.com\/wp-content\/uploads\/2025\/06\/\u5fae\u4fe1\u56fe\u7247_20240626151355-100x100.jpg",100,100,true]},"uagb_author_info":{"display_name":"jinxing6611@gmail.com","author_link":"https:\/\/wisecnclaser.com\/cs\/author\/"},"uagb_comment_info":0,"uagb_excerpt":"Unlock Unmatched Capability for Intricate Woodworking &amp; Industrial Manufacturing Meet the next generation ATC CNC Router engineered for perfection in complex 3D designs. Our industrial-grade system combines micron-level accuracy with automated tool-changing technology ; delivering flawless results across wood, composites, and metals. &nbsp; Key Advantages: True Manufacturing Powerhouse: As a dedicated manufacturing ATC CNC router,&hellip;","_links":{"self":[{"href":"https:\/\/wisecnclaser.com\/cs\/wp-json\/wp\/v2\/product\/4051","targetHints":{"allow":["GET"]}}],"collection":[{"href":"https:\/\/wisecnclaser.com\/cs\/wp-json\/wp\/v2\/product"}],"about":[{"href":"https:\/\/wisecnclaser.com\/cs\/wp-json\/wp\/v2\/types\/product"}],"wp:featuredmedia":[{"embeddable":true,"href":"https:\/\/wisecnclaser.com\/cs\/wp-json\/wp\/v2\/media\/4054"}],"wp:attachment":[{"href":"https:\/\/wisecnclaser.com\/cs\/wp-json\/wp\/v2\/media?parent=4051"}],"wp:term":[{"taxonomy":"product_brand","embeddable":true,"href":"https:\/\/wisecnclaser.com\/cs\/wp-json\/wp\/v2\/product_brand?post=4051"},{"taxonomy":"product_cat","embeddable":true,"href":"https:\/\/wisecnclaser.com\/cs\/wp-json\/wp\/v2\/product_cat?post=4051"},{"taxonomy":"product_tag","embeddable":true,"href":"https:\/\/wisecnclaser.com\/cs\/wp-json\/wp\/v2\/product_tag?post=4051"}],"curies":[{"name":"wp","href":"https:\/\/api.w.org\/{rel}","templated":true}]}}