{"id":4055,"date":"2025-06-30T01:16:41","date_gmt":"2025-06-30T01:16:41","guid":{"rendered":"https:\/\/wisecnclaser.com\/?post_type=product&#038;p=4055"},"modified":"2025-06-30T01:16:41","modified_gmt":"2025-06-30T01:16:41","slug":"affordable-atc-cnc-router-for-small-business","status":"publish","type":"product","link":"https:\/\/wisecnclaser.com\/cs\/produkt\/affordable-atc-cnc-router-for-small-business\/","title":{"rendered":"Cenov\u011b dostupn\u00fd ATC CNC router pro mal\u00e9 firmy"},"content":{"rendered":"<p>Tento cenov\u011b v\u00fdhodn\u00fd CNC fr\u00e9zovac\u00ed stroj s automatickou v\u00fdm\u011bnou n\u00e1stroj\u016f (ATC), kter\u00fd je ide\u00e1ln\u00ed pro za\u010d\u00ednaj\u00edc\u00ed podnikatele a d\u00edlny, kombinuje v\u00fdkon pr\u016fmyslov\u00e9 t\u0159\u00eddy s cenovou dostupnost\u00ed pro mal\u00e9 podniky. Je navr\u017een tak, aby zvl\u00e1dal v\u00edcestup\u0148ov\u00e9 \u00falohy bez obsluhy, maximalizuje produktivitu a z\u00e1rove\u0148 minimalizuje manu\u00e1ln\u00ed pr\u00e1ci - ide\u00e1ln\u00ed pro roz\u0161i\u0159ov\u00e1n\u00ed provozu bez nadm\u011brn\u00fdch v\u00fddaj\u016f.<\/p>\n<p>&nbsp;<\/p>\n<p>Z\u00e1kladn\u00ed hodnota pro mal\u00e9 podniky<\/p>\n<p>- Rozpo\u010dtov\u011b nen\u00e1ro\u010dn\u00e1 automatizace: Tyto sm\u011brova\u010de s cenou od $7900-$9900 (k dispozici jsou hromadn\u00e9 slevy) poskytuj\u00ed funkce ATC za cenu o 30-50% ni\u017e\u0161\u00ed ne\u017e pr\u00e9miov\u00e9 pr\u016fmyslov\u00e9 modely.<\/p>\n<p>- Prostorov\u011b \u00fasporn\u00fd design: Kompaktn\u00ed rozm\u011bry (nap\u0159. 600*900 mm, 1200*1200 mm, 1200*1800 mm, 1300*2500 mm) se hod\u00ed do mal\u00fdch d\u00edlen a z\u00e1rove\u0148 podporuj\u00ed zpracov\u00e1n\u00ed cel\u00e9ho archu.<\/p>\n<p>- Rychl\u00e1 n\u00e1vratnost investic: Sn\u00ed\u017een\u00ed prostoj\u016f p\u0159i v\u00fdm\u011bn\u011b n\u00e1stroje pomoc\u00ed 70% a umo\u017en\u011bn\u00ed v\u00fdroby p\u0159es noc (provoz \"p\u0159i zhasnut\u00e9m sv\u011btle\").<\/p>\n<p>&nbsp;<\/p>\n<p>Kl\u00ed\u010dov\u00e9 vlastnosti<\/p>\n<ol>\n<li>Automatick\u00e1 v\u00fdm\u011bna n\u00e1stroj\u016f (ATC):<\/li>\n<\/ol>\n<p>- Kapacita 4-12 n\u00e1stroj\u016f pro plynul\u00e9 p\u0159ep\u00edn\u00e1n\u00ed mezi vrt\u00e1n\u00edm, \u0159ez\u00e1n\u00edm a \u0159ez\u00e1n\u00edm v jednom pracovn\u00edm cyklu.<\/p>\n<p>- Eliminuje manu\u00e1ln\u00ed z\u00e1sahy, co\u017e je ide\u00e1ln\u00ed pro samostatn\u00e9 oper\u00e1tory spravuj\u00edc\u00ed slo\u017eit\u00e9 projekty.<\/p>\n<ol start=\"2\">\n<li>V\u00fdkon pr\u016fmyslov\u00e9 t\u0159\u00eddy:<\/li>\n<\/ol>\n<p>- 9kW v\u0159eteno HSD (18 000-24 000 ot.\/min.) precizn\u011b zpracov\u00e1v\u00e1 d\u0159evo, akryl, hlin\u00edk a plasty.<\/p>\n<p>- Opakovatelnost 0,02-0,03 mm zaji\u0161\u0165uje konzistentn\u00ed kvalitu pro jemn\u00e9 detaily (nap\u0159. 3D \u0159ezb\u00e1\u0159stv\u00ed, zna\u010den\u00ed, spoje n\u00e1bytku).<\/p>\n<ol start=\"3\">\n<li>U\u017eivatelsky p\u0159\u00edv\u011btiv\u00e9 ovl\u00e1d\u00e1n\u00ed:<\/li>\n<\/ol>\n<p>- Dod\u00e1van\u00fd software CAD\/CAM (Vectric VCarve Pro nebo Ucancam) zjednodu\u0161uje pracovn\u00ed postupy od n\u00e1vrhu po v\u00fdrobu.<\/p>\n<p>- Ru\u010dn\u00ed \u0159\u00eddic\u00ed jednotka DSP nebo CNC syst\u00e9my Syntec\/Siemens nab\u00edzej\u00ed intuitivn\u00ed offline ovl\u00e1d\u00e1n\u00ed - nen\u00ed nutn\u00e9 pokro\u010dil\u00e9 programov\u00e1n\u00ed.<\/p>\n<ol start=\"4\">\n<li>Odoln\u00e9 a nen\u00e1ro\u010dn\u00e9 na \u00fadr\u017ebu:<\/li>\n<\/ol>\n<p>- Tchajwansk\u00e1 line\u00e1rn\u00ed veden\u00ed HIWIN + n\u011bmeck\u00e9 \u0161roubovice zaji\u0161\u0165uj\u00ed dlouhou \u017eivotnost p\u0159i ka\u017edodenn\u00edm pou\u017e\u00edv\u00e1n\u00ed.<\/p>\n<p>- Integrovan\u00e9 ods\u00e1v\u00e1n\u00ed prachu a vysava\u010d \/ stoly s dr\u00e1\u017ekami zaji\u0161\u0165uj\u00ed materi\u00e1ly a udr\u017euj\u00ed pracovn\u00ed prostory \u010dist\u00e9.<\/p>\n<p>&nbsp;<\/p>\n<p>Srovn\u00e1n\u00ed technick\u00fdch specifikac\u00ed<\/p>\n<table>\n<tbody>\n<tr>\n<td width=\"189\">Model<\/td>\n<td width=\"189\">Pracovn\u00ed oblast<\/td>\n<td width=\"189\">V\u00fdkon v\u0159etena<\/td>\n<td width=\"189\">Kapacita n\u00e1stroje<\/td>\n<td width=\"189\">\u00a0Cenov\u00e9 rozp\u011bt\u00ed<\/td>\n<td width=\"189\">Z\u00e1ruka<\/td>\n<\/tr>\n<tr>\n<td width=\"189\">WS6090E<\/td>\n<td width=\"189\">600*900 mm<\/td>\n<td width=\"189\">5,5 KW<\/td>\n<td width=\"189\">4-6 n\u00e1stroj\u016f<\/td>\n<td width=\"189\">$7900+<\/td>\n<td width=\"189\">1 rok<\/td>\n<\/tr>\n<tr>\n<td width=\"189\">WS1212E<\/td>\n<td width=\"189\">1200*1200 mm<\/td>\n<td width=\"189\">5,5 KW<\/td>\n<td width=\"189\">6-8 n\u00e1stroj\u016f<\/td>\n<td width=\"189\">$8500+<\/td>\n<td width=\"189\">1 rok<\/td>\n<\/tr>\n<tr>\n<td width=\"189\">WS1218E<\/td>\n<td width=\"189\">1200*1800 mm<\/td>\n<td width=\"189\">9KW<\/td>\n<td width=\"189\">6-8 n\u00e1stroj\u016f<\/td>\n<td width=\"189\">$8900+<\/td>\n<td width=\"189\">1 rok<\/td>\n<\/tr>\n<tr>\n<td width=\"189\">WS1325E<\/td>\n<td width=\"189\">1300*2500 mm<\/td>\n<td width=\"189\">9KW<\/td>\n<td width=\"189\">8-12 n\u00e1stroj\u016f<\/td>\n<td width=\"189\">$9900+<\/td>\n<td width=\"189\">1 rok<\/td>\n<\/tr>\n<\/tbody>\n<\/table>\n<p>(Pozn\u00e1mka: P\u0159i objedn\u00e1vce \u2265 5 kus\u016f jsou k dispozici hromadn\u00e9 ceny)<\/p>\n<p>&nbsp;<\/p>\n<p>Ide\u00e1ln\u00ed aplikace:<\/p>\n<p>- Obr\u00e1b\u011bn\u00ed d\u0159eva: Sk\u0159\u00edn\u011b, um\u011bleck\u00e9 \u0159ezby, n\u00e1bytkov\u00e9 komponenty.<\/p>\n<p>- Ozna\u010den\u00ed a dekorace: Akrylov\u00e1 p\u00edsmena, vrstven\u00e9 3D displeje.<\/p>\n<p>- V\u00fdroba lehk\u00fdch kov\u016f: Hlin\u00edkov\u00e9 grav\u00edrov\u00e1n\u00ed, v\u00fdroba prototyp\u016f.<\/p>\n<p>&nbsp;<\/p>\n<p>Podpora a \u0161k\u00e1lovatelnost<\/p>\n<p>- Bezplatn\u00e9 \u0161kolen\u00ed\/instalace: Rychl\u00e9 spu\u0161t\u011bn\u00ed: instrukt\u00e1\u017e softwaru na palub\u011b zaji\u0161\u0165uje rychl\u00e9 spu\u0161t\u011bn\u00ed.<\/p>\n<p>- Glob\u00e1ln\u00ed s\u00edt\u011b n\u00e1hradn\u00edch d\u00edl\u016f: Minimalizujte prostoje d\u00edky dostupn\u00fdm komponent\u016fm.<\/p>\n<p>- Cesty k upgradu: P\u0159idejte 4os\u00e9 rota\u010dn\u00ed n\u00e1stavce pro v\u00e1lcov\u00e9 vy\u0159ez\u00e1v\u00e1n\u00ed.<\/p>\n<p>&nbsp;<\/p>\n<p>Pro\u010d si vybrat tento produkt pro svou malou firmu?<\/p>\n<p>Tato CNC fr\u00e9zka ATC \u0159e\u0161\u00ed hlavn\u00ed probl\u00e9my mal\u00fdch d\u00edlen: vysok\u00e9 n\u00e1klady na automatizaci, omezen\u00fd prostor a nedostatek kvalifikovan\u00fdch pracovn\u00edk\u016f. Automatizac\u00ed slo\u017eit\u00fdch \u00fakol\u016f z\u00edsk\u00e1te zp\u011bt hodiny na design\/marketing a z\u00e1rove\u0148 dos\u00e1hnete kvality v\u00fdstupu srovnateln\u00e9 s velk\u00fdmi tov\u00e1rnami - to v\u0161e v r\u00e1mci rozpo\u010dtu, kter\u00fd je pro za\u010d\u00ednaj\u00edc\u00ed podnikatele p\u0159\u00edzniv\u00fd.<\/p>\n<p>&nbsp;<\/p>","protected":false},"excerpt":{"rendered":"<p>An Affordable ATC CNC Router for Small Business is cost &#8211; effective and suitable for small enterprises. While ensuring certain processing accuracy and efficiency, it has a high cost &#8211; performance ratio, helping small businesses reduce equipment procurement costs and expand their business.<\/p>","protected":false},"featured_media":4058,"template":"","meta":{"_seopress_robots_primary_cat":"","_seopress_titles_title":"","_seopress_titles_desc":"","_seopress_robots_index":"","_uag_custom_page_level_css":"","site-sidebar-layout":"default","site-content-layout":"","ast-site-content-layout":"default","site-content-style":"default","site-sidebar-style":"default","ast-global-header-display":"","ast-banner-title-visibility":"","ast-main-header-display":"","ast-hfb-above-header-display":"","ast-hfb-below-header-display":"","ast-hfb-mobile-header-display":"","site-post-title":"","ast-breadcrumbs-content":"","ast-featured-img":"","footer-sml-layout":"","ast-disable-related-posts":"","theme-transparent-header-meta":"default","adv-header-id-meta":"","stick-header-meta":"default","header-above-stick-meta":"","header-main-stick-meta":"","header-below-stick-meta":"","astra-migrate-meta-layouts":"set","ast-page-background-enabled":"default","ast-page-background-meta":{"desktop":{"background-color":"","background-image":"","background-repeat":"repeat","background-position":"center center","background-size":"auto","background-attachment":"scroll","background-type":"","background-media":"","overlay-type":"","overlay-color":"","overlay-opacity":"","overlay-gradient":""},"tablet":{"background-color":"","background-image":"","background-repeat":"repeat","background-position":"center center","background-size":"auto","background-attachment":"scroll","background-type":"","background-media":"","overlay-type":"","overlay-color":"","overlay-opacity":"","overlay-gradient":""},"mobile":{"background-color":"","background-image":"","background-repeat":"repeat","background-position":"center center","background-size":"auto","background-attachment":"scroll","background-type":"","background-media":"","overlay-type":"","overlay-color":"","overlay-opacity":"","overlay-gradient":""}},"ast-content-background-meta":{"desktop":{"background-color":"var(--ast-global-color-5)","background-image":"","background-repeat":"repeat","background-position":"center center","background-size":"auto","background-attachment":"scroll","background-type":"","background-media":"","overlay-type":"","overlay-color":"","overlay-opacity":"","overlay-gradient":""},"tablet":{"background-color":"var(--ast-global-color-5)","background-image":"","background-repeat":"repeat","background-position":"center center","background-size":"auto","background-attachment":"scroll","background-type":"","background-media":"","overlay-type":"","overlay-color":"","overlay-opacity":"","overlay-gradient":""},"mobile":{"background-color":"var(--ast-global-color-5)","background-image":"","background-repeat":"repeat","background-position":"center center","background-size":"auto","background-attachment":"scroll","background-type":"","background-media":"","overlay-type":"","overlay-color":"","overlay-opacity":"","overlay-gradient":""}}},"product_brand":[],"product_cat":[65],"product_tag":[76,71,74,73,75],"class_list":{"0":"post-4055","1":"product","2":"type-product","3":"status-publish","4":"has-post-thumbnail","6":"product_cat-atccnc","7":"product_tag-affordable-atc-cnc-router","8":"product_tag-atc-cnc-router","9":"product_tag-atc-cnc-router-with-linear-tool-changer","10":"product_tag-linear-atc-cnc-router","11":"product_tag-small-atc-cnc-router","12":"desktop-align-left","13":"tablet-align-left","14":"mobile-align-left","15":"ast-product-gallery-layout-horizontal-slider","16":"ast-product-gallery-with-no-image","17":"ast-product-tabs-layout-horizontal","19":"first","20":"instock","21":"shipping-taxable","22":"product-type-simple"},"uagb_featured_image_src":{"full":["https:\/\/wisecnclaser.com\/wp-content\/uploads\/2025\/06\/\u622a\u56fe20250509161928.png",1079,1080,false],"thumbnail":["https:\/\/wisecnclaser.com\/wp-content\/uploads\/2025\/06\/\u622a\u56fe20250509161928-150x150.png",150,150,true],"medium":["https:\/\/wisecnclaser.com\/wp-content\/uploads\/2025\/06\/\u622a\u56fe20250509161928-300x300.png",300,300,true],"medium_large":["https:\/\/wisecnclaser.com\/wp-content\/uploads\/2025\/06\/\u622a\u56fe20250509161928-768x769.png",768,769,true],"large":["https:\/\/wisecnclaser.com\/wp-content\/uploads\/2025\/06\/\u622a\u56fe20250509161928-1024x1024.png",1024,1024,true],"1536x1536":["https:\/\/wisecnclaser.com\/wp-content\/uploads\/2025\/06\/\u622a\u56fe20250509161928.png",1079,1080,false],"2048x2048":["https:\/\/wisecnclaser.com\/wp-content\/uploads\/2025\/06\/\u622a\u56fe20250509161928.png",1079,1080,false],"trp-custom-language-flag":["https:\/\/wisecnclaser.com\/wp-content\/uploads\/2025\/06\/\u622a\u56fe20250509161928-12x12.png",12,12,true],"woocommerce_thumbnail":["https:\/\/wisecnclaser.com\/wp-content\/uploads\/2025\/06\/\u622a\u56fe20250509161928-300x300.png",300,300,true],"woocommerce_single":["https:\/\/wisecnclaser.com\/wp-content\/uploads\/2025\/06\/\u622a\u56fe20250509161928-600x601.png",600,601,true],"woocommerce_gallery_thumbnail":["https:\/\/wisecnclaser.com\/wp-content\/uploads\/2025\/06\/\u622a\u56fe20250509161928-100x100.png",100,100,true]},"uagb_author_info":{"display_name":"jinxing6611@gmail.com","author_link":"https:\/\/wisecnclaser.com\/cs\/author\/"},"uagb_comment_info":0,"uagb_excerpt":"An Affordable ATC CNC Router for Small Business is cost - effective and suitable for small enterprises. While ensuring certain processing accuracy and efficiency, it has a high cost - performance ratio, helping small businesses reduce equipment procurement costs and expand their business.","_links":{"self":[{"href":"https:\/\/wisecnclaser.com\/cs\/wp-json\/wp\/v2\/product\/4055","targetHints":{"allow":["GET"]}}],"collection":[{"href":"https:\/\/wisecnclaser.com\/cs\/wp-json\/wp\/v2\/product"}],"about":[{"href":"https:\/\/wisecnclaser.com\/cs\/wp-json\/wp\/v2\/types\/product"}],"wp:featuredmedia":[{"embeddable":true,"href":"https:\/\/wisecnclaser.com\/cs\/wp-json\/wp\/v2\/media\/4058"}],"wp:attachment":[{"href":"https:\/\/wisecnclaser.com\/cs\/wp-json\/wp\/v2\/media?parent=4055"}],"wp:term":[{"taxonomy":"product_brand","embeddable":true,"href":"https:\/\/wisecnclaser.com\/cs\/wp-json\/wp\/v2\/product_brand?post=4055"},{"taxonomy":"product_cat","embeddable":true,"href":"https:\/\/wisecnclaser.com\/cs\/wp-json\/wp\/v2\/product_cat?post=4055"},{"taxonomy":"product_tag","embeddable":true,"href":"https:\/\/wisecnclaser.com\/cs\/wp-json\/wp\/v2\/product_tag?post=4055"}],"curies":[{"name":"wp","href":"https:\/\/api.w.org\/{rel}","templated":true}]}}