{"id":4104,"date":"2025-07-20T01:37:32","date_gmt":"2025-07-20T01:37:32","guid":{"rendered":"https:\/\/wisecnclaser.com\/?post_type=product&#038;p=4104"},"modified":"2025-07-20T01:37:32","modified_gmt":"2025-07-20T01:37:32","slug":"woodworking-atc-cnc-router-with-linear-tool-changer-for-sale","status":"publish","type":"product","link":"https:\/\/wisecnclaser.com\/cs\/produkt\/woodworking-atc-cnc-router-with-linear-tool-changer-for-sale\/","title":{"rendered":"D\u0159evoobr\u00e1b\u011bc\u00ed ATC CNC fr\u00e9za s line\u00e1rn\u00edm m\u011bni\u010dem n\u00e1stroj\u016f na prodej"},"content":{"rendered":"<p>Odhalte bezkonkuren\u010dn\u00ed produktivitu a automatizaci s na\u0161\u00ed novou generac\u00ed CNC fr\u00e9z ATC (Automatic Tool Changer), kter\u00e1 je vybavena nejmodern\u011bj\u0161\u00edm syst\u00e9mem line\u00e1rn\u00edho m\u011bni\u010de n\u00e1stroj\u016f. Tento stroj, navr\u017een\u00fd pro n\u00e1ro\u010dn\u00e9 v\u00fdrobn\u00ed prost\u0159ed\u00ed, nov\u011b definuje efektivitu, v\u0161estrannost a bezobslu\u017en\u00fd provoz pro zpracov\u00e1n\u00ed d\u0159eva, plast\u016f, kompozit\u016f a v\u00fdrobu ne\u017eelezn\u00fdch kov\u016f.<\/p>\n<p>&nbsp;<\/p>\n<p>S\u00edla line\u00e1rn\u00ed v\u00fdm\u011bny n\u00e1stroj\u016f:<\/p>\n<p>&nbsp;<\/p>\n<p>Zapome\u0148te na omezen\u00ed rota\u010dn\u00edch m\u011bni\u010d\u016f. N\u00e1\u0161 inovativn\u00ed line\u00e1rn\u00ed m\u011bni\u010d n\u00e1stroj\u016f nab\u00edz\u00ed v\u00fdrazn\u00e9 v\u00fdhody:<\/p>\n<p>&nbsp;<\/p>\n<p>Obrovsk\u00e1 kapacita n\u00e1stroj\u016f: V porovn\u00e1n\u00ed s typick\u00fdmi rota\u010dn\u00edmi m\u011bni\u010di umo\u017e\u0148uje prov\u00e1d\u011bt neuv\u011b\u0159iteln\u011b slo\u017eit\u00e9 pr\u00e1ce s r\u016fzn\u00fdmi fr\u00e9zami, vrt\u00e1ky a grav\u00edrovac\u00edmi bity v jedin\u00e9m nastaven\u00ed.<\/p>\n<p>Bleskurychl\u00e9 zm\u011bny n\u00e1stroj\u016f: Vyzkou\u0161ejte minim\u00e1ln\u00ed dobu mimo \u0159ez\u00e1n\u00ed. N\u00e1stroje jsou vyb\u00edr\u00e1ny p\u0159\u00edmo z line\u00e1rn\u00edho z\u00e1sobn\u00edku s optimalizovan\u00fdmi drahami, co\u017e zaji\u0161\u0165uje rychlou v\u00fdm\u011bnu, d\u00edky kter\u00e9 v\u0159eteno pracuje, nikoli \u010dek\u00e1.<\/p>\n<p>Bezkonkuren\u010dn\u00ed flexibilita: Snadn\u00e9 roz\u0161\u00ed\u0159en\u00ed nebo zm\u011bna konfigurace uspo\u0159\u00e1d\u00e1n\u00ed z\u00e1sobn\u00edku n\u00e1stroj\u016f podle konkr\u00e9tn\u00edch v\u00fdrobn\u00edch pot\u0159eb. P\u0159id\u00e1v\u00e1n\u00ed n\u00e1stroj\u016f je jednodu\u0161\u0161\u00ed ne\u017e kdy d\u0159\u00edve.<\/p>\n<p>Zv\u00fd\u0161en\u00e1 spolehlivost: Robustn\u00ed line\u00e1rn\u00ed li\u0161ta a servopohon zaji\u0161\u0165uj\u00ed hladkou, p\u0159esnou a spolehlivou v\u00fdm\u011bnu n\u00e1stroje cyklus za cyklem, \u010d\u00edm\u017e se minimalizuj\u00ed prostoje.<\/p>\n<p>*Optimalizovan\u00fd pracovn\u00ed prostor: Line\u00e1rn\u00ed konstrukce z\u00e1sobn\u00edku \u010dasto umo\u017e\u0148uje kompaktn\u011bj\u0161\u00ed p\u016fdorys v bl\u00edzkosti v\u0159etena nebo efektivn\u00ed um\u00edst\u011bn\u00ed vedle port\u00e1lu, \u010d\u00edm\u017e se maximalizuje vyu\u017eiteln\u00fd prostor stolu.<\/p>\n<p>&nbsp;<\/p>\n<p>Kl\u00ed\u010dov\u00e9 vlastnosti a v\u00fdhody:<\/p>\n<p>&nbsp;<\/p>\n<p>Skute\u010dn\u00e9 obr\u00e1b\u011bn\u00ed bez obsluhy 24 hodin denn\u011b, 7 dn\u00ed v t\u00fddnu: Vlo\u017ete materi\u00e1l, spus\u0165te program a odejd\u011bte. ATC hladce zvl\u00e1dne v\u0161echny v\u00fdm\u011bny n\u00e1stroj\u016f a spust\u00ed komplexn\u00ed v\u00edceopera\u010dn\u00ed \u00falohy p\u0159es noc nebo o v\u00edkendu.<\/p>\n<p>Vynikaj\u00edc\u00ed p\u0159esnost a opakovatelnost: P\u0159esnost a p\u0159esnost: Postaveno na tuh\u00e9m, vibracemi tlumen\u00e9m r\u00e1mu s vysoce p\u0159esn\u00fdmi line\u00e1rn\u00edmi veden\u00edmi a kuli\u010dkov\u00fdmi \u0161rouby poh\u00e1n\u011bn\u00fdmi v\u00fdkonn\u00fdmi servomotory. Pr\u016fmyslov\u00e9 dr\u017e\u00e1ky n\u00e1stroj\u016f typu HSK nebo BT zaji\u0161\u0165uj\u00ed v\u00fdjime\u010dnou p\u0159esnost v\u0159etena a p\u0159ilnavost n\u00e1stroj\u016f.<\/p>\n<p>Vysoce v\u00fdkonn\u00e9 v\u0159eteno: V\u0159etena s vysok\u00fdm kmito\u010dtem: od robustn\u00edch vzduchem chlazen\u00fdch a\u017e po v\u00fdkonn\u00e1 kapalinou chlazen\u00e1 vysokofrekven\u010dn\u00ed v\u0159etena (nap\u0159. 5,5 kW chlazen\u00e1 vodou, 9 kW chlazen\u00e1 vzduchem) poskytuj\u00ed rychlost a kroutic\u00ed moment pot\u0159ebn\u00fd pro jak\u00fdkoli materi\u00e1l a po\u017eadavek na povrchovou \u00fapravu.<\/p>\n<p>Pokro\u010dil\u00fd \u0159\u00eddic\u00ed syst\u00e9m CNC: U\u017eivatelsky p\u0159\u00edv\u011btiv\u00e9 rozhran\u00ed (\u010dasto zalo\u017een\u00e9 na pr\u016fmyslov\u00fdch standardech jako Syntec, Siemens nebo Linux CNC) s v\u00fdkonn\u00fdm \u0159azen\u00edm \u00faloh, spr\u00e1vou n\u00e1stroj\u016f, 3D simulac\u00ed a bezprobl\u00e9movou integrac\u00ed CAD\/CAM.<\/p>\n<p>Robustn\u00ed vakuov\u00fd st\u016fl a kontrola prachu:Vysokokapacitn\u00ed vakuov\u00e1 pumpa zaji\u0161\u0165uje bezpe\u010dn\u00e9 uchycen\u00ed materi\u00e1lu. Integrovan\u00fd vysokoobjemov\u00fd port pro ods\u00e1v\u00e1n\u00ed prachu udr\u017euje pracovn\u00ed prostor \u010dist\u00fd a chr\u00e1n\u00ed kritick\u00e9 sou\u010d\u00e1sti.<\/p>\n<p>Pevn\u00e1 konstrukce: Siln\u00fd sva\u0159ovan\u00fd ocelov\u00fd r\u00e1m poskytuje v\u00fdjime\u010dnou stabilitu a tlumen\u00ed pro \u0159ez\u00e1n\u00ed bez vibrac\u00ed p\u0159i vysok\u00fdch rychlostech a posuvech.<\/p>\n<p>Bezpe\u010dnost p\u0159edev\u0161\u00edm: Komplexn\u00ed bezpe\u010dnostn\u00ed funkce v\u010detn\u011b nouzov\u00e9ho zastaven\u00ed, ochrany proti p\u0159et\u00ed\u017een\u00ed v\u0159etena, blokov\u00e1n\u00ed dve\u0159\u00ed (voliteln\u011b) a shody s CE.<\/p>\n<p>&nbsp;<\/p>\n<p>Ide\u00e1ln\u00ed aplikace:<\/p>\n<p>&nbsp;<\/p>\n<p>* Velkoobjemov\u00e1 v\u00fdroba sk\u0159\u00edn\u00ed a n\u00e1bytku<\/p>\n<p>* Komplexn\u00ed v\u00fdroba zna\u010dek a 3D obr\u00e1b\u011bn\u00ed<\/p>\n<p>* p\u0159esn\u00e9 obr\u00e1b\u011bn\u00ed hlin\u00edkov\u00fdch kompozit\u016f (ACM), plast\u016f a masivn\u00edho d\u0159eva<\/p>\n<p>* Tvorba prototyp\u016f a model\u016f<\/p>\n<p>* O\u0159ez\u00e1v\u00e1n\u00ed kompozit\u016f pro letectv\u00ed a kosmonautiku<\/p>\n<p>* V\u00fdroba hudebn\u00edch n\u00e1stroj\u016f<\/p>\n<p>* Jak\u00e1koli aplikace vy\u017eaduj\u00edc\u00ed r\u016fznorod\u00e9 n\u00e1stroje a maxim\u00e1ln\u00ed dobu provozuschopnosti.<\/p>\n<p>&nbsp;<\/p>\n<p>Pro\u010d si vybrat n\u00e1\u0161 line\u00e1rn\u00ed ATC CNC fr\u00e9zovac\u00ed stroj?<\/p>\n<p>&nbsp;<\/p>\n<p>Maximalizace v\u00fdkonu:Dramaticky zkra\u0165te dobu pracovn\u00edho cyklu a n\u00e1klady na pracovn\u00ed s\u00edlu d\u00edky rychl\u00e9, automatizovan\u00e9 v\u00fdm\u011bn\u011b n\u00e1stroj\u016f a bezobslu\u017en\u00e9mu provozu.<\/p>\n<p>Uvoln\u011bte slo\u017eitost: \u0158e\u0161te slo\u017eit\u00e9 n\u00e1vrhy vy\u017eaduj\u00edc\u00ed mnoho n\u00e1stroj\u016f bez ru\u010dn\u00edho z\u00e1sahu nebo v\u00edcen\u00e1sobn\u00e9ho nastavov\u00e1n\u00ed.<\/p>\n<p>Zvy\u0161te n\u00e1vratnost investic: Dos\u00e1hn\u011bte rychlej\u0161\u00ed n\u00e1vratnosti d\u00edky v\u00fdrazn\u011b vy\u0161\u0161\u00ed propustnosti a ni\u017e\u0161\u00ed z\u00e1vislosti na obsluze.<\/p>\n<p>Investice do budoucnosti: Roz\u0161i\u0159iteln\u00fd line\u00e1rn\u00ed z\u00e1sobn\u00edk n\u00e1stroj\u016f se p\u0159izp\u016fsob\u00ed va\u0161im rostouc\u00edm pot\u0159eb\u00e1m.<\/p>\n<p>Pr\u016fmyslov\u00e1 spolehlivost: Vyrobeno pro n\u00e1ro\u010dn\u00e9 podm\u00ednky nep\u0159etr\u017eit\u00e9 v\u00fdroby s prvot\u0159\u00eddn\u00edmi komponenty.<\/p>\n<p>&nbsp;<\/p>\n<p>P\u0159esta\u0148te spravovat n\u00e1stroje, za\u010dn\u011bte maximalizovat produkci. Vyzkou\u0161ejte transformativn\u00ed efektivitu automatizovan\u00e9ho obr\u00e1b\u011bn\u00ed s na\u0161\u00edm line\u00e1rn\u00edm CNC fr\u00e9zou ATC.<\/p>\n<p>&nbsp;<\/p>\n<p>Kontaktujte n\u00e1s je\u0161t\u011b dnes a z\u00edskejte podrobn\u00fd specifika\u010dn\u00ed list, p\u0159edveden\u00ed stroje a osobn\u00ed nab\u00eddku!<\/p>\n<p>&nbsp;<\/p>\n<p>Voliteln\u00e9 dopl\u0148ky:<\/p>\n<p>* Rota\u010dn\u00ed 4. osa<\/p>\n<p>* Nakl\u00e1dac\u00ed a vykl\u00e1dac\u00ed st\u016fl<\/p>\n<p>* Tisk\u00e1rna \u0161t\u00edtk\u016f<\/p>\n<p>* 5+4 vrt\u00e1ky<\/p>\n<p>* Roz\u0161\u00ed\u0159en\u00e1 kapacita z\u00e1sobn\u00edku n\u00e1stroj\u016f<\/p>\n<p>&nbsp;<\/p>\n<p>Technick\u00e9 specifikace Tabulka line\u00e1rn\u00edho CNC fr\u00e9zovac\u00edho stroje ATC:<\/p>\n<table>\n<tbody>\n<tr>\n<td width=\"378\">Funkce<\/td>\n<td width=\"378\">Specifikace<\/td>\n<\/tr>\n<tr>\n<td width=\"378\">Pracovn\u00ed oblast (X\/Y\/Z)<\/td>\n<td width=\"378\">1300 mm x 2500 mm x 200 mm<\/td>\n<\/tr>\n<tr>\n<td width=\"378\">Kapacita line\u00e1rn\u00edho n\u00e1stroje<\/td>\n<td width=\"378\">8 \/10\/ 12 \/ 14 \/ 16 N\u00e1stroje<\/td>\n<\/tr>\n<tr>\n<td width=\"378\">V\u00fdkon v\u0159etena<\/td>\n<td width=\"378\">9kW vzduchem chlazen\u00e9 v\u0159eteno HSD<\/p>\n<p>5,5kw vodou chlazen\u00e9 v\u0159eteno<\/p>\n<p>9KW vzduchem chlazen\u00e9 v\u0159eteno HQD<\/td>\n<\/tr>\n<tr>\n<td width=\"378\">Ot\u00e1\u010dky v\u0159etena<\/td>\n<td width=\"378\">6 000 - 24 000 OT\u00c1\u010cEK ZA MINUTU<\/td>\n<\/tr>\n<tr>\n<td width=\"378\">\u0158\u00eddic\u00ed syst\u00e9m<\/td>\n<td width=\"378\">LNC\/Syntec \/Weihong<\/td>\n<\/tr>\n<tr>\n<td width=\"378\">Vakuov\u00e9 \u010derpadlo<\/td>\n<td width=\"378\">5,5 KW<\/td>\n<\/tr>\n<tr>\n<td width=\"378\">Sb\u011bra\u010d prachu<\/td>\n<td width=\"378\">3KW<\/td>\n<\/tr>\n<tr>\n<td width=\"378\">Software<\/td>\n<td width=\"378\">\u00a0Kompatibilita s hlavn\u00edmi syst\u00e9my CAD\/CAM (nap\u0159. Vectric, Alphacam, Mastercam).<\/td>\n<\/tr>\n<tr>\n<td width=\"378\">Konstrukce stroje<\/td>\n<td width=\"378\">Siln\u00fd sva\u0159ovan\u00fd ocelov\u00fd r\u00e1m<\/td>\n<\/tr>\n<tr>\n<td width=\"378\">Pracovn\u00ed v\u00fdkon<\/td>\n<td width=\"378\">380V\/220V<\/td>\n<\/tr>\n<\/tbody>\n<\/table>\n<p>&nbsp;<\/p>","protected":false},"excerpt":{"rendered":"<p>An ATC CNC Router with a Linear Tool Changer adopts a linear tool &#8211; changing system. The tool &#8211; changing action is smooth and precise. The linear motion characteristic enables fast tool &#8211; changing speed and ensures the positioning accuracy of the tool during the replacement process, improving the continuity and stability of processing.<\/p>","protected":false},"featured_media":4107,"template":"","meta":{"_seopress_robots_primary_cat":"","_seopress_titles_title":"","_seopress_titles_desc":"","_seopress_robots_index":"","_uag_custom_page_level_css":"","site-sidebar-layout":"default","site-content-layout":"","ast-site-content-layout":"default","site-content-style":"default","site-sidebar-style":"default","ast-global-header-display":"","ast-banner-title-visibility":"","ast-main-header-display":"","ast-hfb-above-header-display":"","ast-hfb-below-header-display":"","ast-hfb-mobile-header-display":"","site-post-title":"","ast-breadcrumbs-content":"","ast-featured-img":"","footer-sml-layout":"","ast-disable-related-posts":"","theme-transparent-header-meta":"default","adv-header-id-meta":"","stick-header-meta":"default","header-above-stick-meta":"","header-main-stick-meta":"","header-below-stick-meta":"","astra-migrate-meta-layouts":"set","ast-page-background-enabled":"default","ast-page-background-meta":{"desktop":{"background-color":"","background-image":"","background-repeat":"repeat","background-position":"center center","background-size":"auto","background-attachment":"scroll","background-type":"","background-media":"","overlay-type":"","overlay-color":"","overlay-opacity":"","overlay-gradient":""},"tablet":{"background-color":"","background-image":"","background-repeat":"repeat","background-position":"center center","background-size":"auto","background-attachment":"scroll","background-type":"","background-media":"","overlay-type":"","overlay-color":"","overlay-opacity":"","overlay-gradient":""},"mobile":{"background-color":"","background-image":"","background-repeat":"repeat","background-position":"center center","background-size":"auto","background-attachment":"scroll","background-type":"","background-media":"","overlay-type":"","overlay-color":"","overlay-opacity":"","overlay-gradient":""}},"ast-content-background-meta":{"desktop":{"background-color":"var(--ast-global-color-5)","background-image":"","background-repeat":"repeat","background-position":"center center","background-size":"auto","background-attachment":"scroll","background-type":"","background-media":"","overlay-type":"","overlay-color":"","overlay-opacity":"","overlay-gradient":""},"tablet":{"background-color":"var(--ast-global-color-5)","background-image":"","background-repeat":"repeat","background-position":"center center","background-size":"auto","background-attachment":"scroll","background-type":"","background-media":"","overlay-type":"","overlay-color":"","overlay-opacity":"","overlay-gradient":""},"mobile":{"background-color":"var(--ast-global-color-5)","background-image":"","background-repeat":"repeat","background-position":"center center","background-size":"auto","background-attachment":"scroll","background-type":"","background-media":"","overlay-type":"","overlay-color":"","overlay-opacity":"","overlay-gradient":""}}},"product_brand":[],"product_cat":[65],"product_tag":[84,72,81,71,74,103,85,83],"class_list":{"0":"post-4104","1":"product","2":"type-product","3":"status-publish","4":"has-post-thumbnail","6":"product_cat-atccnc","7":"product_tag-3-axis-atc-cnc-router","8":"product_tag-48-atc-cnc-router","9":"product_tag-510-atc-cnc-router","10":"product_tag-atc-cnc-router","11":"product_tag-atc-cnc-router-with-linear-tool-changer","12":"product_tag-automatic-tool-changing-cnc-router","13":"product_tag-high-quality-atc-wood-router","14":"product_tag-woodworking-atc-cnc-router","15":"desktop-align-left","16":"tablet-align-left","17":"mobile-align-left","18":"ast-product-gallery-layout-horizontal-slider","19":"ast-product-gallery-with-no-image","20":"ast-product-tabs-layout-horizontal","22":"first","23":"instock","24":"shipping-taxable","25":"product-type-simple"},"uagb_featured_image_src":{"full":["https:\/\/wisecnclaser.com\/wp-content\/uploads\/2025\/07\/QQ20250117-142924.png",1082,1078,false],"thumbnail":["https:\/\/wisecnclaser.com\/wp-content\/uploads\/2025\/07\/QQ20250117-142924-150x150.png",150,150,true],"medium":["https:\/\/wisecnclaser.com\/wp-content\/uploads\/2025\/07\/QQ20250117-142924-300x300.png",300,300,true],"medium_large":["https:\/\/wisecnclaser.com\/wp-content\/uploads\/2025\/07\/QQ20250117-142924-768x765.png",768,765,true],"large":["https:\/\/wisecnclaser.com\/wp-content\/uploads\/2025\/07\/QQ20250117-142924-1024x1020.png",1024,1020,true],"1536x1536":["https:\/\/wisecnclaser.com\/wp-content\/uploads\/2025\/07\/QQ20250117-142924.png",1082,1078,false],"2048x2048":["https:\/\/wisecnclaser.com\/wp-content\/uploads\/2025\/07\/QQ20250117-142924.png",1082,1078,false],"trp-custom-language-flag":["https:\/\/wisecnclaser.com\/wp-content\/uploads\/2025\/07\/QQ20250117-142924-12x12.png",12,12,true],"woocommerce_thumbnail":["https:\/\/wisecnclaser.com\/wp-content\/uploads\/2025\/07\/QQ20250117-142924-300x300.png",300,300,true],"woocommerce_single":["https:\/\/wisecnclaser.com\/wp-content\/uploads\/2025\/07\/QQ20250117-142924-600x598.png",600,598,true],"woocommerce_gallery_thumbnail":["https:\/\/wisecnclaser.com\/wp-content\/uploads\/2025\/07\/QQ20250117-142924-100x100.png",100,100,true]},"uagb_author_info":{"display_name":"jinxing6611@gmail.com","author_link":"https:\/\/wisecnclaser.com\/cs\/author\/"},"uagb_comment_info":0,"uagb_excerpt":"An ATC CNC Router with a Linear Tool Changer adopts a linear tool - changing system. The tool - changing action is smooth and precise. The linear motion characteristic enables fast tool - changing speed and ensures the positioning accuracy of the tool during the replacement process, improving the continuity and stability of processing.","_links":{"self":[{"href":"https:\/\/wisecnclaser.com\/cs\/wp-json\/wp\/v2\/product\/4104","targetHints":{"allow":["GET"]}}],"collection":[{"href":"https:\/\/wisecnclaser.com\/cs\/wp-json\/wp\/v2\/product"}],"about":[{"href":"https:\/\/wisecnclaser.com\/cs\/wp-json\/wp\/v2\/types\/product"}],"wp:featuredmedia":[{"embeddable":true,"href":"https:\/\/wisecnclaser.com\/cs\/wp-json\/wp\/v2\/media\/4107"}],"wp:attachment":[{"href":"https:\/\/wisecnclaser.com\/cs\/wp-json\/wp\/v2\/media?parent=4104"}],"wp:term":[{"taxonomy":"product_brand","embeddable":true,"href":"https:\/\/wisecnclaser.com\/cs\/wp-json\/wp\/v2\/product_brand?post=4104"},{"taxonomy":"product_cat","embeddable":true,"href":"https:\/\/wisecnclaser.com\/cs\/wp-json\/wp\/v2\/product_cat?post=4104"},{"taxonomy":"product_tag","embeddable":true,"href":"https:\/\/wisecnclaser.com\/cs\/wp-json\/wp\/v2\/product_tag?post=4104"}],"curies":[{"name":"wp","href":"https:\/\/api.w.org\/{rel}","templated":true}]}}