{"id":4122,"date":"2025-08-05T03:04:20","date_gmt":"2025-08-05T03:04:20","guid":{"rendered":"https:\/\/wisecnclaser.com\/?post_type=product&#038;p=4122"},"modified":"2025-12-12T06:31:19","modified_gmt":"2025-12-12T06:31:19","slug":"best-selling-atc-cnc-wood-router-machine-recommended-by-experts-customers","status":"publish","type":"product","link":"https:\/\/wisecnclaser.com\/cs\/produkt\/best-selling-atc-cnc-wood-router-machine-recommended-by-experts-customers\/","title":{"rendered":"Nejprod\u00e1van\u011bj\u0161\u00ed ATC CNC fr\u00e9zka na d\u0159evo doporu\u010den\u00e1 odborn\u00edky a z\u00e1kazn\u00edky"},"content":{"rendered":"<p>Nejprod\u00e1van\u011bj\u0161\u00ed ATC CNC fr\u00e9za doporu\u010den\u00e1 odborn\u00edky-WS1325H Line\u00e1rn\u00ed automatick\u00fd m\u011bni\u010d n\u00e1stroj\u016f pro d\u0159evo CNC fr\u00e9za ATC<\/p>\n<p>U\u017e v\u00e1s nebav\u00ed d\u011blat kompromisy mezi rychlost\u00ed, p\u0159esnost\u00ed a spolehlivost\u00ed p\u0159i obr\u00e1b\u011bn\u00ed d\u0159eva nebo v\u00fdrob\u011b? Odborn\u00edci z oboru neust\u00e1le upozor\u0148uj\u00ed n\u00e1ro\u010dn\u00e9 z\u00e1kazn\u00edky na \u0159e\u0161en\u00ed, kter\u00e1 poskytuj\u00ed nekompromisn\u00ed v\u00fdkon, neochv\u011bjnou kvalitu, pevnou stabilitu a bezkonkuren\u010dn\u00ed poprodejn\u00ed servis. Seznamte se s line\u00e1rn\u00edm CNC fr\u00e9zou na d\u0159evo WS1325H s automatickou v\u00fdm\u011bnou n\u00e1stroj\u016f - bestsellerem, kter\u00fd nen\u00ed n\u00e1hodou, ale d\u00edky sv\u00e9mu designu, zkonstruovan\u00fdm tak, aby vynikal p\u0159esn\u011b tam, kde je to nejd\u016fle\u017eit\u011bj\u0161\u00ed,Ide\u00e1ln\u00ed pro velkos\u00e9riovou v\u00fdrobu sk\u0159\u00edn\u00ed, slo\u017eit\u00e9 architektonick\u00e9 fr\u00e9zov\u00e1n\u00ed, obr\u00e1b\u011bn\u00ed masivn\u00edho d\u0159eva a zak\u00e1zkovou v\u00fdrobu n\u00e1bytku.<\/p>\n<p>&nbsp;<\/p>\n<p>Uvoln\u011bte nep\u0159ekonateln\u00fd v\u00fdkon CNC fr\u00e9zy WS1325H ATC<\/p>\n<p>Fr\u00e9za na d\u0159evo WS1325H atc nen\u00ed jen rychl\u00e1, ale tak\u00e9 inteligentn\u011b v\u00fdkonn\u00e1, navr\u017een\u00e1 tak, aby maximalizovala va\u0161i v\u00fdkonnost a ziskovost:<\/p>\n<p>Vysokorychlostn\u00ed line\u00e1rn\u00ed m\u011bni\u010d n\u00e1stroj\u016f: Za\u017eijte rychlou a spolehlivou v\u00fdm\u011bnu n\u00e1stroj\u016f, kter\u00e1 je v\u00fdrazn\u011b rychlej\u0161\u00ed ne\u017e u tradi\u010dn\u00edch karuselov\u00fdch syst\u00e9m\u016f. Minimalizujte \u010das mimo \u0159ez\u00e1n\u00ed a v\u00fdrazn\u011b zvy\u0161te rychlost dokon\u010den\u00ed zak\u00e1zky. V\u00fdm\u011bna n\u00e1stroj\u016f v \u0159\u00e1du sekund, nikoli minut.<\/p>\n<p>Robustn\u00ed \u0159ezn\u00fd v\u00fdkon:Je vybaven vysoce v\u00fdkonn\u00fdm v\u0159etenem (pokud mo\u017eno uve\u010fte rozsah HP\/ot\u00e1\u010dek, nap\u0159. 9 kW\/24 000 ot.\/min HSD nebo ekvivalentn\u00ed), kter\u00e9 zvl\u00e1dne slo\u017eit\u00e9 3D \u0159ez\u00e1n\u00ed, agresivn\u00ed hrubov\u00e1n\u00ed tvrd\u00e9ho d\u0159eva a hladk\u00e9 dokon\u010dovac\u00ed pr\u016fchody se stejnou jemnost\u00ed.<\/p>\n<p>P\u0159esn\u00e9 stroj\u00edrenstv\u00ed: D\u00edky servomotor\u016fm s vysok\u00fdm to\u010div\u00fdm momentem a p\u0159esn\u011b brou\u0161en\u00fdm kuli\u010dkov\u00fdm \u0161roub\u016fm je zaji\u0161t\u011bna v\u00fdjime\u010dn\u00e1 p\u0159esnost (opakovatelnost \u00b10,05 mm nebo lep\u0161\u00ed) a plynul\u00fd pohyb, co\u017e zaru\u010duje v\u017edy bezchybn\u00e9 \u0159ezy a dokonal\u00e9 usazen\u00ed d\u00edl\u016f.<\/p>\n<p>Optimalizovan\u00fd pracovn\u00ed postup: Velkorys\u00e1 pracovn\u00ed plocha o rozm\u011brech 1300x2500 mm (cca 4'x8') efektivn\u011b zpracov\u00e1v\u00e1 standardn\u00ed plechov\u00e9 zbo\u017e\u00ed, zat\u00edmco tuh\u00e1 konstrukce umo\u017e\u0148uje vysokou rychlost posuvu bez ztr\u00e1ty detail\u016f.<\/p>\n<p>&nbsp;<\/p>\n<p>Trval\u00e1 kvalita a neot\u0159esiteln\u00e1 stabilita CNC fr\u00e9zy WS1325H s ATC<\/p>\n<p>&nbsp;<\/p>\n<p>Investujte do stroje navr\u017een\u00e9ho pro des\u00edtky let spolehliv\u00e9ho provozu, ne jen pro dal\u0161\u00ed projekt:<\/p>\n<p>Pr\u016fmyslov\u00e1 konstrukce: Z\u00e1kladem je masivn\u00ed, pln\u011b sva\u0159ovan\u00fd ocelov\u00fd r\u00e1m z t\u011b\u017ek\u00fdch materi\u00e1l\u016f. Tato inherentn\u00ed tuhost je z\u00e1kladem stability a dlouh\u00e9 \u017eivotnosti, pohlcuje vibrace a zabra\u0148uje pr\u016fhybu.<\/p>\n<p>Pr\u00e9miov\u00e9 pohybov\u00e9 komponenty: P\u0159esn\u00e1 line\u00e1rn\u00ed veden\u00ed (pokud mo\u017eno uve\u010fte zna\u010dku, nap\u0159. Hiwin nebo ekvivalent) a nadrozm\u011brn\u00e9 lo\u017eiskov\u00e9 bloky na v\u0161ech os\u00e1ch zaji\u0161\u0165uj\u00ed hladk\u00fd pohyb bez t\u0159en\u00ed a v\u00fdjime\u010dnou odolnost proti opot\u0159eben\u00ed p\u0159i velk\u00e9m zat\u00ed\u017een\u00ed.<\/p>\n<p>Profesion\u00e1ln\u00ed v\u0159eteno a ATC: V\u0159eteno nejvy\u0161\u0161\u00ed t\u0159\u00eddy (nap\u0159. HSD, HQD nebo ekvivalentn\u00ed), kter\u00e9 je zn\u00e1m\u00e9 svou odolnost\u00ed a konzistentn\u00edm v\u00fdkonem, spolu s robustn\u00edm line\u00e1rn\u00edm mechanismem ATC, kter\u00fd je konstruov\u00e1n pro tis\u00edce spolehliv\u00fdch v\u00fdm\u011bn n\u00e1stroj\u016f.<\/p>\n<p>Tuhost tam, kde je to d\u016fle\u017eit\u00e9:Zes\u00edlen\u00e1 konstrukce port\u00e1lu a optimalizovan\u00e9 syst\u00e9my pohonu zaji\u0161\u0165uj\u00ed bezkonkuren\u010dn\u00ed stabilitu p\u0159i \u0159ez\u00e1n\u00ed velkou silou a zaru\u010duj\u00ed konzistentn\u00ed v\u00fdsledky od prvn\u00edho do posledn\u00edho \u0159ezu, den za dnem.<\/p>\n<p>&nbsp;<\/p>\n<p>Za\u017eijte klid s prvot\u0159\u00eddn\u00edm poprodejn\u00edm servisem<\/p>\n<p>&nbsp;<\/p>\n<p>Vlastnit WS1325H znamen\u00e1 spolupracovat s t\u00fdmem, kter\u00fd se star\u00e1 o v\u00e1\u0161 \u00fasp\u011bch i dlouho po prodeji:<\/p>\n<p>Komplexn\u00ed z\u00e1ruka: Pro v\u00e1\u0161 klid se na kritick\u00e9 komponenty vztahuje rozs\u00e1hl\u00e1 z\u00e1ruka (2 roky z\u00e1ruky, do\u017eivotn\u00ed servis).<\/p>\n<p>Odborn\u00e1 technick\u00e1 podpora: P\u0159\u00edstup k rychl\u00e9, kompetentn\u00ed a pohotov\u00e9 technick\u00e9 pomoci prost\u0159ednictv\u00edm telefonu, e-mailu nebo vzd\u00e1len\u00e9 diagnostiky. N\u00e1\u0161 t\u00fdm podpory rozum\u00ed stroji zevnit\u0159 i zven\u010d\u00ed.<\/p>\n<p>Snadno dostupn\u00e9 n\u00e1hradn\u00ed d\u00edly:Udr\u017eujeme rozs\u00e1hl\u00e9 z\u00e1soby origin\u00e1ln\u00edch n\u00e1hradn\u00edch d\u00edl\u016f po cel\u00e9m sv\u011bt\u011b (nebo v regionu), \u010d\u00edm\u017e minimalizujeme prostoje, pokud je budete pot\u0159ebovat. Prioritou je rychl\u00e1 expedice.<\/p>\n<p>Instalace a \u0161kolen\u00ed:K dispozici je profesion\u00e1ln\u00ed instalace a komplexn\u00ed \u0161kolen\u00ed obsluhy (uve\u010fte, zda je sou\u010d\u00e1st\u00ed dod\u00e1vky, nebo je voliteln\u00e9), kter\u00e9 v\u00e1m zajist\u00ed jist\u00fd a bezpe\u010dn\u00fd za\u010d\u00e1tek pr\u00e1ce a maxim\u00e1ln\u00ed vyu\u017eit\u00ed potenci\u00e1lu stroje od prvn\u00edho dne.<\/p>\n<p>Pr\u016fb\u011b\u017en\u00e1 podpora a zdroje: Vyu\u017eijte podrobn\u00e9 p\u0159\u00edru\u010dky, online zdroje, aktualizace softwaru a podp\u016frnou komunitu u\u017eivatel\u016f, kter\u00e1 se star\u00e1 o va\u0161i dlouhodobou spokojenost.<\/p>\n<p>&nbsp;<\/p>\n<p>Pro\u010d odborn\u00edci doporu\u010duj\u00ed line\u00e1rn\u00ed sm\u011brova\u010d ATC WS1325H:<\/p>\n<p>Line\u00e1rn\u00ed v\u00fdhoda ATC: Line\u00e1rn\u00ed v\u00fdm\u011bn\u00edk nab\u00edz\u00ed vy\u0161\u0161\u00ed rychlost, spolehlivost a \u010dasto jednodu\u0161\u0161\u00ed \u00fadr\u017ebu ve srovn\u00e1n\u00ed s karuselov\u00fdmi syst\u00e9my, co\u017e p\u0159\u00edmo zvy\u0161uje produktivitu - co\u017e je kl\u00ed\u010dov\u00fd faktor, kter\u00fd odborn\u00edci zd\u016fraz\u0148uj\u00ed.<\/p>\n<p>Osv\u011bd\u010den\u00fd pr\u016fmyslov\u00fd design: Jeho konstrukce s pou\u017eit\u00edm kvalitn\u00edch komponent\u016f zaji\u0161\u0165uje stabilitu a odolnost, kterou profesion\u00e1lov\u00e9 vy\u017eaduj\u00ed p\u0159i velkos\u00e9riov\u00e9 v\u00fdrob\u011b a pou\u017eit\u00ed n\u00e1ro\u010dn\u00fdch materi\u00e1l\u016f.<\/p>\n<p>V\u00fdjime\u010dn\u00e1 nab\u00eddka hodnoty: Poskytuje v\u00fdkon, p\u0159esnost a robustnost pr\u016fmyslov\u00e9 t\u0159\u00eddy za vysoce konkurenceschopnou cenu, kter\u00e1 nab\u00edz\u00ed rychlou n\u00e1vratnost investice.<\/p>\n<p>Zam\u011b\u0159te se na minimalizaci prostoj\u016f: Kombinace p\u0159irozen\u00e9 spolehlivosti, rychl\u00e9 v\u00fdm\u011bny n\u00e1stroj\u016f a pohotov\u00e9 podpory zaji\u0161\u0165uje, \u017ee v\u00e1\u0161 stroj str\u00e1v\u00ed v\u00edce \u010dasu vyd\u011bl\u00e1v\u00e1n\u00edm pen\u011bz a m\u00e9n\u011b \u010dasu \u010dek\u00e1n\u00edm na opravu nebo n\u00e1hradn\u00ed d\u00edly.<\/p>\n<p>&nbsp;<\/p>\n<p>P\u0159esta\u0148te hledat, za\u010dn\u011bte vyr\u00e1b\u011bt.<\/p>\n<p>Line\u00e1rn\u00ed CNC fr\u00e9za WS1325H ATC Wood zt\u011bles\u0148uje p\u0159esn\u011b ta krit\u00e9ria, podle kter\u00fdch odborn\u00edci doporu\u010duj\u00ed nejprod\u00e1van\u011bj\u0161\u00ed CNC za\u0159\u00edzen\u00ed: skv\u011bl\u00fd v\u00fdkon umo\u017en\u011bn\u00fd line\u00e1rn\u00edm m\u011bni\u010dem, nekompromisn\u00ed kvalita konstrukce a komponent, neot\u0159esiteln\u00e1 stabilita pro p\u0159esn\u00e9 v\u00fdsledky a vynikaj\u00edc\u00ed poprodejn\u00ed servis pro nep\u0159etr\u017eit\u00fd provoz. Nen\u00ed to jen stroj, je to v\u00fdkonn\u00fd n\u00e1stroj produktivity navr\u017een\u00fd tak, aby zv\u00fd\u0161il va\u0161e schopnosti a rozv\u00edjel va\u0161e podnik\u00e1n\u00ed.<\/p>\n<p>Jste p\u0159ipraveni vyzkou\u0161et rozd\u00edl doporu\u010den\u00fd odborn\u00edky? Kontaktujte n\u00e1s je\u0161t\u011b dnes a vy\u017e\u00e1dejte si podrobnou cenovou nab\u00eddku, p\u0159edv\u00e1d\u011bc\u00ed akci nebo si promluvte o tom, jak m\u016f\u017ee WS1325H zm\u011bnit va\u0161i d\u00edlnu.<\/p>\n<p>&nbsp;<\/p>\n<p>Technick\u00e9 parametry line\u00e1rn\u00ed ATC CNC fr\u00e9zy WS1325H:<\/p>\n<table>\n<tbody>\n<tr>\n<td width=\"414\">X PRACOVN\u00cd OBLAST<\/td>\n<td width=\"929\">1300MM \uff084 stopy\uff09<\/td>\n<\/tr>\n<tr>\n<td width=\"414\">Y PRACOVN\u00cd OBLAST<\/td>\n<td width=\"929\">2500MM \uff088 stop)<\/td>\n<\/tr>\n<tr>\n<td width=\"414\">Z PRACOVN\u00cd OBLAST<\/td>\n<td width=\"929\">200 mm<\/td>\n<\/tr>\n<tr>\n<td width=\"414\">STOLEK STROJE<\/td>\n<td width=\"929\">Vakuov\u00e1 adsorp\u010dn\u00ed tabulka<\/td>\n<\/tr>\n<tr>\n<td width=\"414\">K\u00d3D P\u0158\u00cdKAZU<\/td>\n<td width=\"929\">K\u00f3d G<\/td>\n<\/tr>\n<tr>\n<td width=\"414\">STRUKTURA OSY XYZ<\/td>\n<td width=\"929\">X\/Y Taiwan Rack rail\uff0cmake machine work more stable ; Z Screw rail<\/td>\n<\/tr>\n<tr>\n<td width=\"414\">V\u00ddKON SB\u011aRA\u010cE PRACHU<\/td>\n<td width=\"929\">3kw dvojit\u00e9 vaky<\/td>\n<\/tr>\n<tr>\n<td width=\"414\">POWER<\/td>\n<td width=\"929\">AC380V 3PHASE \/ 50Hz<\/td>\n<\/tr>\n<tr>\n<td width=\"414\">SPINDLE<\/td>\n<td width=\"929\">9kw vzduchem chlazen\u00e9 v\u0159eteno ATC<\/td>\n<\/tr>\n<tr>\n<td width=\"414\">CELKOV\u00dd PRACOVN\u00cd V\u00ddKON<\/td>\n<td width=\"929\">26KW<\/td>\n<\/tr>\n<tr>\n<td width=\"414\">OT\u00c1\u010cKY V\u0158ETENA<\/td>\n<td width=\"929\">18000 ot\u00e1\u010dek za minutu<\/td>\n<\/tr>\n<tr>\n<td width=\"414\">INVERTER<\/td>\n<td width=\"929\">11KW m\u011bni\u010d<\/td>\n<\/tr>\n<tr>\n<td width=\"414\">HNAC\u00cd MOTOR<\/td>\n<td width=\"929\">\u010c\u00ednsk\u00fd servomotor<\/td>\n<\/tr>\n<tr>\n<td width=\"414\">OPERA\u010cN\u00cd SYST\u00c9M<\/td>\n<td width=\"929\">Tchajwansk\u00fd dotykov\u00fd ovl\u00e1dac\u00ed syst\u00e9m LNC<\/td>\n<\/tr>\n<tr>\n<td width=\"414\">V\u00ddKON VAKUOV\u00c9 PUMPY<\/td>\n<td width=\"929\">7,5 kW *2 kusy<\/td>\n<\/tr>\n<tr>\n<td width=\"414\">LINE\u00c1RN\u00cd KOLEJ<\/td>\n<td width=\"929\">Tchajwansk\u00e1 \u010dtvercov\u00e1 kolejnice, stabiln\u011bj\u0161\u00ed<\/td>\n<\/tr>\n<tr>\n<td width=\"414\">REDUCER<\/td>\n<td width=\"929\">Japonsko zna\u010dka shimpoo<\/td>\n<\/tr>\n<tr>\n<td width=\"414\">KULOV\u00dd \u0160ROUB<\/td>\n<td width=\"929\">Tchaj-wan TBI<\/td>\n<\/tr>\n<tr>\n<td width=\"414\">SOFTWARE<\/td>\n<td width=\"929\">UCANCAM V9<\/td>\n<\/tr>\n<tr>\n<td width=\"414\">WEIGHT<\/td>\n<td width=\"929\">2900KGS<\/td>\n<\/tr>\n<tr>\n<td width=\"414\">DAL\u0160\u00cd POMOCN\u00c9 D\u00cdLY<\/td>\n<td width=\"929\">vyskakovac\u00ed \u010depy\/pozice v\u00e1lce,<\/p>\n<p>Automatick\u00fd mazac\u00ed syst\u00e9m<\/p>\n<p>Sn\u00edma\u010d n\u00e1\u0159ad\u00ed<\/p>\n<p>Software<\/p>\n<p>Box s n\u00e1\u0159ad\u00edm 1<\/p>\n<p>N\u00e1strojov\u00e9 skl\u00ed\u010didlo 8 kus\u016f<\/p>\n<p>Sb\u00edrejte 8 kus\u016f<\/p>\n<p>Kl\u00ed\u010de 4<\/td>\n<\/tr>\n<\/tbody>\n<\/table>\n<p>Pou\u017eit\u00ed:<\/p>\n<p>Vhodn\u00e9 pro truhl\u00e1\u0159stv\u00ed, d\u0159ev\u011bn\u00e9 dve\u0159e, n\u00e1bytek, sk\u0159\u00edn\u011b, formy atd.<\/p>","protected":false},"excerpt":{"rendered":"<p>A Best &#8211; Selling ATC CNC Router Recommended by Experts performs excellently in terms of performance, quality, and stability. It has been recognized by industry experts and provides reliable reference for purchasers to help them make purchase decisions.<\/p>","protected":false},"featured_media":4125,"template":"","meta":{"_seopress_robots_primary_cat":"","_seopress_titles_title":"","_seopress_titles_desc":"","_seopress_robots_index":"","_uag_custom_page_level_css":"","site-sidebar-layout":"default","site-content-layout":"","ast-site-content-layout":"default","site-content-style":"default","site-sidebar-style":"default","ast-global-header-display":"","ast-banner-title-visibility":"","ast-main-header-display":"","ast-hfb-above-header-display":"","ast-hfb-below-header-display":"","ast-hfb-mobile-header-display":"","site-post-title":"","ast-breadcrumbs-content":"","ast-featured-img":"","footer-sml-layout":"","ast-disable-related-posts":"","theme-transparent-header-meta":"default","adv-header-id-meta":"","stick-header-meta":"default","header-above-stick-meta":"","header-main-stick-meta":"","header-below-stick-meta":"","astra-migrate-meta-layouts":"set","ast-page-background-enabled":"default","ast-page-background-meta":{"desktop":{"background-color":"","background-image":"","background-repeat":"repeat","background-position":"center center","background-size":"auto","background-attachment":"scroll","background-type":"","background-media":"","overlay-type":"","overlay-color":"","overlay-opacity":"","overlay-gradient":""},"tablet":{"background-color":"","background-image":"","background-repeat":"repeat","background-position":"center center","background-size":"auto","background-attachment":"scroll","background-type":"","background-media":"","overlay-type":"","overlay-color":"","overlay-opacity":"","overlay-gradient":""},"mobile":{"background-color":"","background-image":"","background-repeat":"repeat","background-position":"center center","background-size":"auto","background-attachment":"scroll","background-type":"","background-media":"","overlay-type":"","overlay-color":"","overlay-opacity":"","overlay-gradient":""}},"ast-content-background-meta":{"desktop":{"background-color":"var(--ast-global-color-5)","background-image":"","background-repeat":"repeat","background-position":"center center","background-size":"auto","background-attachment":"scroll","background-type":"","background-media":"","overlay-type":"","overlay-color":"","overlay-opacity":"","overlay-gradient":""},"tablet":{"background-color":"var(--ast-global-color-5)","background-image":"","background-repeat":"repeat","background-position":"center center","background-size":"auto","background-attachment":"scroll","background-type":"","background-media":"","overlay-type":"","overlay-color":"","overlay-opacity":"","overlay-gradient":""},"mobile":{"background-color":"var(--ast-global-color-5)","background-image":"","background-repeat":"repeat","background-position":"center center","background-size":"auto","background-attachment":"scroll","background-type":"","background-media":"","overlay-type":"","overlay-color":"","overlay-opacity":"","overlay-gradient":""}}},"product_brand":[],"product_cat":[65],"product_tag":[84,72,76,74,114,104,113,105,85,83],"class_list":{"0":"post-4122","1":"product","2":"type-product","3":"status-publish","4":"has-post-thumbnail","6":"product_cat-atccnc","7":"product_tag-3-axis-atc-cnc-router","8":"product_tag-48-atc-cnc-router","9":"product_tag-affordable-atc-cnc-router","10":"product_tag-atc-cnc-router-with-linear-tool-changer","11":"product_tag-atc-cnc-routing-table","12":"product_tag-atc-cnc-wood-router","13":"product_tag-atc-wood-router-machine","14":"product_tag-automatic-tool-changer-cnc-router-machine","15":"product_tag-high-quality-atc-wood-router","16":"product_tag-woodworking-atc-cnc-router","17":"desktop-align-left","18":"tablet-align-left","19":"mobile-align-left","20":"ast-product-gallery-layout-horizontal-slider","21":"ast-product-gallery-with-no-image","22":"ast-product-tabs-layout-horizontal","24":"first","25":"instock","26":"featured","27":"shipping-taxable","28":"product-type-simple"},"uagb_featured_image_src":{"full":["https:\/\/wisecnclaser.com\/wp-content\/uploads\/2025\/08\/WS1325H-Linear-ATC-CNC-Router-Machine-For-Woodworking.png",1077,1071,false],"thumbnail":["https:\/\/wisecnclaser.com\/wp-content\/uploads\/2025\/08\/WS1325H-Linear-ATC-CNC-Router-Machine-For-Woodworking-150x150.png",150,150,true],"medium":["https:\/\/wisecnclaser.com\/wp-content\/uploads\/2025\/08\/WS1325H-Linear-ATC-CNC-Router-Machine-For-Woodworking-300x298.png",300,298,true],"medium_large":["https:\/\/wisecnclaser.com\/wp-content\/uploads\/2025\/08\/WS1325H-Linear-ATC-CNC-Router-Machine-For-Woodworking-768x764.png",768,764,true],"large":["https:\/\/wisecnclaser.com\/wp-content\/uploads\/2025\/08\/WS1325H-Linear-ATC-CNC-Router-Machine-For-Woodworking-1024x1018.png",1024,1018,true],"1536x1536":["https:\/\/wisecnclaser.com\/wp-content\/uploads\/2025\/08\/WS1325H-Linear-ATC-CNC-Router-Machine-For-Woodworking.png",1077,1071,false],"2048x2048":["https:\/\/wisecnclaser.com\/wp-content\/uploads\/2025\/08\/WS1325H-Linear-ATC-CNC-Router-Machine-For-Woodworking.png",1077,1071,false],"trp-custom-language-flag":["https:\/\/wisecnclaser.com\/wp-content\/uploads\/2025\/08\/WS1325H-Linear-ATC-CNC-Router-Machine-For-Woodworking-12x12.png",12,12,true],"woocommerce_thumbnail":["https:\/\/wisecnclaser.com\/wp-content\/uploads\/2025\/08\/WS1325H-Linear-ATC-CNC-Router-Machine-For-Woodworking-300x300.png",300,300,true],"woocommerce_single":["https:\/\/wisecnclaser.com\/wp-content\/uploads\/2025\/08\/WS1325H-Linear-ATC-CNC-Router-Machine-For-Woodworking-600x597.png",600,597,true],"woocommerce_gallery_thumbnail":["https:\/\/wisecnclaser.com\/wp-content\/uploads\/2025\/08\/WS1325H-Linear-ATC-CNC-Router-Machine-For-Woodworking-100x100.png",100,100,true]},"uagb_author_info":{"display_name":"jinxing6611@gmail.com","author_link":"https:\/\/wisecnclaser.com\/cs\/author\/"},"uagb_comment_info":0,"uagb_excerpt":"A Best - Selling ATC CNC Router Recommended by Experts performs excellently in terms of performance, quality, and stability. It has been recognized by industry experts and provides reliable reference for purchasers to help them make purchase decisions.","_links":{"self":[{"href":"https:\/\/wisecnclaser.com\/cs\/wp-json\/wp\/v2\/product\/4122","targetHints":{"allow":["GET"]}}],"collection":[{"href":"https:\/\/wisecnclaser.com\/cs\/wp-json\/wp\/v2\/product"}],"about":[{"href":"https:\/\/wisecnclaser.com\/cs\/wp-json\/wp\/v2\/types\/product"}],"wp:featuredmedia":[{"embeddable":true,"href":"https:\/\/wisecnclaser.com\/cs\/wp-json\/wp\/v2\/media\/4125"}],"wp:attachment":[{"href":"https:\/\/wisecnclaser.com\/cs\/wp-json\/wp\/v2\/media?parent=4122"}],"wp:term":[{"taxonomy":"product_brand","embeddable":true,"href":"https:\/\/wisecnclaser.com\/cs\/wp-json\/wp\/v2\/product_brand?post=4122"},{"taxonomy":"product_cat","embeddable":true,"href":"https:\/\/wisecnclaser.com\/cs\/wp-json\/wp\/v2\/product_cat?post=4122"},{"taxonomy":"product_tag","embeddable":true,"href":"https:\/\/wisecnclaser.com\/cs\/wp-json\/wp\/v2\/product_tag?post=4122"}],"curies":[{"name":"wp","href":"https:\/\/api.w.org\/{rel}","templated":true}]}}