{"id":4127,"date":"2025-08-11T02:47:39","date_gmt":"2025-08-11T02:47:39","guid":{"rendered":"https:\/\/wisecnclaser.com\/?post_type=product&#038;p=4127"},"modified":"2025-08-11T02:47:39","modified_gmt":"2025-08-11T02:47:39","slug":"uk-usa-canada-atc-cnc-router-oem-factory-for-furniture-manufacturing-industry","status":"publish","type":"product","link":"https:\/\/wisecnclaser.com\/cs\/produkt\/uk-usa-canada-atc-cnc-router-oem-factory-for-furniture-manufacturing-industry\/","title":{"rendered":"UK USA Kanada ATC CNC Router OEM Factory pro n\u00e1bytk\u00e1\u0159sk\u00fd pr\u016fmysl"},"content":{"rendered":"<p>V\u00edtejte v na\u0161em nejmodern\u011bj\u0161\u00edm v\u00fdrobn\u00edm centru - p\u0159edn\u00ed tov\u00e1rn\u011b OEM\/ODM, kter\u00e1 se zab\u00fdv\u00e1 navrhov\u00e1n\u00edm a v\u00fdrobou vysoce v\u00fdkonn\u00fdch CNC fr\u00e9z ATC (Automatic Tool Changer) na m\u00edru pro sv\u011btov\u00fd n\u00e1bytk\u00e1\u0159sk\u00fd pr\u016fmysl. Se strategick\u00fdm zam\u011b\u0159en\u00edm na slu\u017eby partner\u016fm ve Velk\u00e9 Brit\u00e1nii, Spojen\u00fdch st\u00e1tech a Kanad\u011b poskytujeme v\u00fdrobc\u016fm n\u00e1bytku \u0161pi\u010dkov\u00e9 technologie, kter\u00e9 zvy\u0161uj\u00ed efektivitu, p\u0159esnost a roz\u0161i\u0159itelnost.<\/p>\n<p>&nbsp;<\/p>\n<p>Pro\u010d si vybrat na\u0161e CNC fr\u00e9zy?<\/p>\n<p>Pokro\u010dil\u00e1 technologie ATC:<\/p>\n<p>Na\u0161e CNC fr\u00e9zy na d\u0159evo jsou vybaveny funkc\u00ed automatick\u00e9 v\u00fdm\u011bny n\u00e1stroj\u016f, kter\u00e1 umo\u017e\u0148uje nep\u0159etr\u017eitou v\u00fdrobu slo\u017eit\u00fdch n\u00e1bytkov\u00fdch d\u00edl\u016f (sk\u0159\u00edn\u00ed, dve\u0159\u00ed, panel\u016f a zak\u00e1zkov\u00fdch konstrukc\u00ed) s v\u00edce n\u00e1stroji v jedin\u00e9m nastaven\u00ed.<\/p>\n<p>&nbsp;<\/p>\n<p>Pr\u016fmyslov\u00e9 in\u017een\u00fdrstv\u00ed:<\/p>\n<p>Na\u0161e stroje jsou optimalizov\u00e1ny pro obr\u00e1b\u011bn\u00ed d\u0159eva, MDF, lamin\u00e1t\u016f a kompozit\u016f a poskytuj\u00ed bezchybnou povrchovou \u00fapravu, t\u011bsn\u00e9 tolerance (\u00b10,1 mm) a rychl\u00e9 zpracov\u00e1n\u00ed - ide\u00e1ln\u00ed pro velkos\u00e9riovou nebo zak\u00e1zkovou v\u00fdrobu n\u00e1bytku.<\/p>\n<p>&nbsp;<\/p>\n<p>Flexibilita OEM\/ODM:<\/p>\n<p>Specializujeme se na pln\u011b p\u0159izp\u016fsoben\u00e1 \u0159e\u0161en\u00ed. Od rozm\u011br\u016f stroje a v\u00fdkonu v\u0159etena (6-24 kW) a\u017e po integraci softwaru (kompatibiln\u00ed s CAD\/CAM) a v\u00fdhled stroje se p\u0159izp\u016fsob\u00edme va\u0161im jedine\u010dn\u00fdm v\u00fdrobn\u00edm pot\u0159eb\u00e1m a zna\u010dce.<\/p>\n<p>&nbsp;<\/p>\n<p>Robustn\u00ed a inteligentn\u00ed v\u00fdroba:<\/p>\n<p>Robustn\u00ed r\u00e1my, komponenty pr\u016fmyslov\u00e9 t\u0159\u00eddy a inteligentn\u00ed funkce (integrace ods\u00e1v\u00e1n\u00ed prachu, ochrana p\u0159ed koliz\u00ed, ) zaji\u0161\u0165uj\u00ed spolehlivost, bezpe\u010dnost a nep\u0159etr\u017eitou provozn\u00ed p\u0159ipravenost.<\/p>\n<p>&nbsp;<\/p>\n<p>Specializovan\u00e1 podpora z\u00e1padn\u00edho trhu:<\/p>\n<p>Na\u0161e technick\u00e9, logistick\u00e9 a poprodejn\u00ed t\u00fdmy jsou zefektivn\u011bny tak, aby mohly slou\u017eit z\u00e1kazn\u00edk\u016fm ve Velk\u00e9 Brit\u00e1nii, USA a Kanad\u011b:<\/p>\n<p>- Lokalizovan\u00e1 distribuce n\u00e1hradn\u00edch d\u00edl\u016f<\/p>\n<p>- Uveden\u00ed do provozu a \u0161kolen\u00ed na m\u00edst\u011b<\/p>\n<p>- Vzd\u00e1len\u00e9 \u0159e\u0161en\u00ed probl\u00e9m\u016f a aktualizace firmwaru<\/p>\n<p>&nbsp;<\/p>\n<p>Zaji\u0161t\u011bn\u00ed kvality<\/p>\n<p>Ka\u017ed\u00fd CNC router ATC proch\u00e1z\u00ed p\u0159\u00edsn\u00fdm testov\u00e1n\u00edm (procesy certifikovan\u00e9 podle ISO 9001) a spl\u0148uje normy CE, UL nebo CSA pro bezprobl\u00e9mov\u00e9 nasazen\u00ed v Severn\u00ed Americe a Evrop\u011b.<\/p>\n<p>&nbsp;<\/p>\n<p>&nbsp;<\/p>\n<p>Spolupracujte s n\u00e1mi<\/p>\n<p>A\u0165 u\u017e jste zaveden\u00e1 n\u00e1bytk\u00e1\u0159sk\u00e1 zna\u010dka v Torontu, \u0159emesln\u00e1 d\u00edlna v Lond\u00fdn\u011b nebo pr\u016fmyslov\u00fd v\u00fdrobce v Texasu, poskytujeme v\u00e1m technologick\u00e9 z\u00e1zem\u00ed, kter\u00e9 zv\u00fd\u0161\u00ed va\u0161i produktivitu a \u0159emeslnou zru\u010dnost. Poj\u010fme spole\u010dn\u011b vytvo\u0159it va\u0161i konkuren\u010dn\u00ed v\u00fdhodu.<\/p>\n<p>Kontaktujte n\u00e1s je\u0161t\u011b dnes a po\u017e\u00e1dejte o n\u00e1vrh OEM nebo o spolupr\u00e1ci pod soukromou zna\u010dkou!<\/p>\n<p>&nbsp;<\/p>\n<p>Kl\u00ed\u010dov\u00e9 vlastnosti:<\/p>\n<p>- Efektivita ATC: 8-24+ n\u00e1stroj\u016f pro slo\u017eit\u00e9 konstrukce n\u00e1bytku.<\/p>\n<p>- V\u00fdroba zalo\u017een\u00e1 na vno\u0159en\u00e9m syst\u00e9mu: Optimalizace vyu\u017eit\u00ed materi\u00e1lu (nap\u0159. \u0159ez\u00e1n\u00ed plech\u016f).<\/p>\n<p>- Vys\u00e1vac\u00ed st\u016fl a kontrola prachu: Integrovan\u00e1 \u0159e\u0161en\u00ed pro \u010dist\u00fd a stabiln\u00ed provoz.<\/p>\n<p>- U\u017eivatelsky p\u0159\u00edv\u011btiv\u00fd software: Zjednodu\u0161en\u00fd pracovn\u00ed postup od n\u00e1vrhu po hotov\u00fd v\u00fdrobek.<\/p>\n<p>- Energeticky inteligentn\u00ed design: Sn\u00ed\u017een\u00ed provozn\u00edch n\u00e1klad\u016f (\u00faspora energie a\u017e 30% oproti b\u011b\u017en\u00fdm model\u016fm).<\/p>\n<p>&nbsp;<\/p>\n<p>Technick\u00e9 parametry line\u00e1rn\u00edho ATC CNC ROUTERu WS1325H<\/p>\n<table width=\"2160\">\n<tbody>\n<tr>\n<td width=\"512\">Pracovn\u00ed plocha (X*Y*Z)<\/td>\n<td colspan=\"2\" width=\"549\">1300*2500*200 mm<\/p>\n<p>(voliteln\u011b)<\/td>\n<td width=\"549\">V\u00fdkon v\u0159etena<\/td>\n<td width=\"549\">9KW vzduchem chlazen\u00e9 v\u0159eteno ATC<\/td>\n<\/tr>\n<tr>\n<td width=\"512\">\u0158\u00eddic\u00ed syst\u00e9m<\/td>\n<td colspan=\"2\" width=\"549\">LNC<\/td>\n<td width=\"549\">Pohonn\u00fd motor<\/td>\n<td width=\"549\">Servo<\/td>\n<\/tr>\n<tr>\n<td width=\"512\">Automatick\u00e1 v\u00fdm\u011bna n\u00e1stroj\u016f<\/td>\n<td colspan=\"2\" width=\"549\">8-12 n\u00e1stroj\u016f<\/td>\n<td width=\"549\">P\u0159esnost zm\u011bny polohy<\/td>\n<td width=\"549\">\u00b10,05 mm<\/td>\n<\/tr>\n<tr>\n<td width=\"512\">Jazyk p\u0159\u00edkaz\u016f<\/td>\n<td colspan=\"2\" width=\"549\">G-k\u00f3d,*u00,*mmg,*plt<\/td>\n<td width=\"549\">Povrch stolu<\/td>\n<td width=\"549\">Vakuov\u00fd st\u016fl<\/td>\n<\/tr>\n<tr>\n<td width=\"512\">Maxim\u00e1ln\u00ed pracovn\u00ed rychlost<\/td>\n<td colspan=\"2\" width=\"549\">20 m\/min<\/td>\n<td width=\"549\">Maxim\u00e1ln\u00ed rychlost j\u00edzdy<\/td>\n<td width=\"549\">35 m\/min<\/td>\n<\/tr>\n<\/tbody>\n<\/table>","protected":false},"excerpt":{"rendered":"<p>An ATC CNC Router Solution for the Furniture Manufacturing Industry can meet the needs of various processes such as wood cutting, carving, and drilling in furniture production. It improves production efficiency and product quality through automated processing and provides comprehensive equipment support for furniture manufacturing enterprises.<\/p>","protected":false},"featured_media":4130,"template":"","meta":{"_seopress_robots_primary_cat":"","_seopress_titles_title":"","_seopress_titles_desc":"","_seopress_robots_index":"","_uag_custom_page_level_css":"","site-sidebar-layout":"default","site-content-layout":"","ast-site-content-layout":"default","site-content-style":"default","site-sidebar-style":"default","ast-global-header-display":"","ast-banner-title-visibility":"","ast-main-header-display":"","ast-hfb-above-header-display":"","ast-hfb-below-header-display":"","ast-hfb-mobile-header-display":"","site-post-title":"","ast-breadcrumbs-content":"","ast-featured-img":"","footer-sml-layout":"","ast-disable-related-posts":"","theme-transparent-header-meta":"default","adv-header-id-meta":"","stick-header-meta":"default","header-above-stick-meta":"","header-main-stick-meta":"","header-below-stick-meta":"","astra-migrate-meta-layouts":"set","ast-page-background-enabled":"default","ast-page-background-meta":{"desktop":{"background-color":"","background-image":"","background-repeat":"repeat","background-position":"center center","background-size":"auto","background-attachment":"scroll","background-type":"","background-media":"","overlay-type":"","overlay-color":"","overlay-opacity":"","overlay-gradient":""},"tablet":{"background-color":"","background-image":"","background-repeat":"repeat","background-position":"center center","background-size":"auto","background-attachment":"scroll","background-type":"","background-media":"","overlay-type":"","overlay-color":"","overlay-opacity":"","overlay-gradient":""},"mobile":{"background-color":"","background-image":"","background-repeat":"repeat","background-position":"center center","background-size":"auto","background-attachment":"scroll","background-type":"","background-media":"","overlay-type":"","overlay-color":"","overlay-opacity":"","overlay-gradient":""}},"ast-content-background-meta":{"desktop":{"background-color":"var(--ast-global-color-5)","background-image":"","background-repeat":"repeat","background-position":"center center","background-size":"auto","background-attachment":"scroll","background-type":"","background-media":"","overlay-type":"","overlay-color":"","overlay-opacity":"","overlay-gradient":""},"tablet":{"background-color":"var(--ast-global-color-5)","background-image":"","background-repeat":"repeat","background-position":"center center","background-size":"auto","background-attachment":"scroll","background-type":"","background-media":"","overlay-type":"","overlay-color":"","overlay-opacity":"","overlay-gradient":""},"mobile":{"background-color":"var(--ast-global-color-5)","background-image":"","background-repeat":"repeat","background-position":"center center","background-size":"auto","background-attachment":"scroll","background-type":"","background-media":"","overlay-type":"","overlay-color":"","overlay-opacity":"","overlay-gradient":""}}},"product_brand":[],"product_cat":[65],"product_tag":[115,119,116,118,117,120,121],"class_list":{"0":"post-4127","1":"product","2":"type-product","3":"status-publish","4":"has-post-thumbnail","6":"product_cat-atccnc","7":"product_tag-atc-cnc-router-factory","8":"product_tag-china-atc-cnc-router-factory","9":"product_tag-cnc-router-factory","10":"product_tag-linear-atc-cnc-router-factory","11":"product_tag-oem-atc-cnc-router","12":"product_tag-wood-atc-cnc-router","13":"product_tag-woodworking-atc-router-machine","14":"desktop-align-left","15":"tablet-align-left","16":"mobile-align-left","17":"ast-product-gallery-layout-horizontal-slider","18":"ast-product-gallery-with-no-image","19":"ast-product-tabs-layout-horizontal","21":"first","22":"instock","23":"shipping-taxable","24":"product-type-simple"},"uagb_featured_image_src":{"full":["https:\/\/wisecnclaser.com\/wp-content\/uploads\/2025\/08\/atc.png",1082,1082,false],"thumbnail":["https:\/\/wisecnclaser.com\/wp-content\/uploads\/2025\/08\/atc-150x150.png",150,150,true],"medium":["https:\/\/wisecnclaser.com\/wp-content\/uploads\/2025\/08\/atc-300x300.png",300,300,true],"medium_large":["https:\/\/wisecnclaser.com\/wp-content\/uploads\/2025\/08\/atc-768x768.png",768,768,true],"large":["https:\/\/wisecnclaser.com\/wp-content\/uploads\/2025\/08\/atc-1024x1024.png",1024,1024,true],"1536x1536":["https:\/\/wisecnclaser.com\/wp-content\/uploads\/2025\/08\/atc.png",1082,1082,false],"2048x2048":["https:\/\/wisecnclaser.com\/wp-content\/uploads\/2025\/08\/atc.png",1082,1082,false],"trp-custom-language-flag":["https:\/\/wisecnclaser.com\/wp-content\/uploads\/2025\/08\/atc-12x12.png",12,12,true],"woocommerce_thumbnail":["https:\/\/wisecnclaser.com\/wp-content\/uploads\/2025\/08\/atc-300x300.png",300,300,true],"woocommerce_single":["https:\/\/wisecnclaser.com\/wp-content\/uploads\/2025\/08\/atc-600x600.png",600,600,true],"woocommerce_gallery_thumbnail":["https:\/\/wisecnclaser.com\/wp-content\/uploads\/2025\/08\/atc-100x100.png",100,100,true]},"uagb_author_info":{"display_name":"jinxing6611@gmail.com","author_link":"https:\/\/wisecnclaser.com\/cs\/author\/"},"uagb_comment_info":0,"uagb_excerpt":"An ATC CNC Router Solution for the Furniture Manufacturing Industry can meet the needs of various processes such as wood cutting, carving, and drilling in furniture production. It improves production efficiency and product quality through automated processing and provides comprehensive equipment support for furniture manufacturing enterprises.","_links":{"self":[{"href":"https:\/\/wisecnclaser.com\/cs\/wp-json\/wp\/v2\/product\/4127","targetHints":{"allow":["GET"]}}],"collection":[{"href":"https:\/\/wisecnclaser.com\/cs\/wp-json\/wp\/v2\/product"}],"about":[{"href":"https:\/\/wisecnclaser.com\/cs\/wp-json\/wp\/v2\/types\/product"}],"wp:featuredmedia":[{"embeddable":true,"href":"https:\/\/wisecnclaser.com\/cs\/wp-json\/wp\/v2\/media\/4130"}],"wp:attachment":[{"href":"https:\/\/wisecnclaser.com\/cs\/wp-json\/wp\/v2\/media?parent=4127"}],"wp:term":[{"taxonomy":"product_brand","embeddable":true,"href":"https:\/\/wisecnclaser.com\/cs\/wp-json\/wp\/v2\/product_brand?post=4127"},{"taxonomy":"product_cat","embeddable":true,"href":"https:\/\/wisecnclaser.com\/cs\/wp-json\/wp\/v2\/product_cat?post=4127"},{"taxonomy":"product_tag","embeddable":true,"href":"https:\/\/wisecnclaser.com\/cs\/wp-json\/wp\/v2\/product_tag?post=4127"}],"curies":[{"name":"wp","href":"https:\/\/api.w.org\/{rel}","templated":true}]}}