{"id":4158,"date":"2025-09-05T01:00:22","date_gmt":"2025-09-05T01:00:22","guid":{"rendered":"https:\/\/wisecnclaser.com\/?post_type=product&#038;p=4158"},"modified":"2025-09-05T01:00:23","modified_gmt":"2025-09-05T01:00:23","slug":"plasma-cutting-machine","status":"publish","type":"product","link":"https:\/\/wisecnclaser.com\/cs\/produkt\/plasma-cutting-machine\/","title":{"rendered":"Plazmov\u00fd \u0159ezac\u00ed stroj port\u00e1lov\u00e9ho typu pro \u0159ez\u00e1n\u00ed tlust\u00fdch kov\u016f z oceli"},"content":{"rendered":"<h2>Vysoce v\u00fdkonn\u00e9 \u0159e\u0161en\u00ed pro \u0159ez\u00e1n\u00ed kov\u016f<\/h2>\n<p>Za\u017eijte bezkonkuren\u010dn\u00ed p\u0159esnost a efektivitu s na\u0161\u00edm port\u00e1lov\u00fdm plazmov\u00fdm \u0159ezac\u00edm strojem, kter\u00fd je ur\u010den pro \u0159ez\u00e1n\u00ed tlust\u00fdch kov\u016f a v\u00fdrobu oceli. A\u0165 u\u017e \u0159e\u0161\u00edte pr\u016fmyslov\u00e9 projekty nebo specializovan\u00e9 zak\u00e1zky, tento stroj je vybaven tak, aby poskytoval vynikaj\u00edc\u00ed v\u00fdsledky.<\/p>\n<p>Je vybavena 200A plazmovou \u0159ezac\u00ed hlavou a zaji\u0161\u0165uje p\u0159esn\u00e9 \u0159ez\u00e1n\u00ed kov\u016f o tlou\u0161\u0165ce a\u017e 20 mm. Pro n\u00e1ro\u010dn\u011bj\u0161\u00ed po\u017eadavky je k dispozici integrovan\u00e1 plamenov\u00e1 \u0159ezac\u00ed hlava, kter\u00e1 bez n\u00e1mahy \u0159e\u017ee kovy o tlou\u0161\u0165ce a\u017e 300 mm, co\u017e z n\u00ed \u010din\u00ed z\u00e1kladn\u00ed n\u00e1stroj pro r\u016fzn\u00e9 aplikace ve v\u00fdrob\u011b a zpracov\u00e1n\u00ed kov\u016f.<\/p>\n<h2>Pokro\u010dil\u00e9 funkce pro maxim\u00e1ln\u00ed efektivitu<\/h2>\n<p>Tento port\u00e1lov\u00fd plazmov\u00fd \u0159ezac\u00ed stroj vynik\u00e1 robustn\u00ed konstrukc\u00ed a pokro\u010dil\u00fdmi funkcemi. Port\u00e1lov\u00e1 konstrukce zaji\u0161\u0165uje stabilitu a p\u0159esnost a umo\u017e\u0148uje p\u0159esn\u00e9 \u0159ezy i na nejtlust\u0161\u00edch plech\u00e1ch. V kombinaci se dv\u011bma mo\u017enostmi \u0159ez\u00e1n\u00ed - v\u00fdkonnou plazmovou hlavou a nastaviteln\u00fdmi n\u00e1stroji pro \u0159ez\u00e1n\u00ed plamenem - m\u016f\u017eete p\u0159izp\u016fsobit proces tak, aby vyhovoval va\u0161im materi\u00e1l\u016fm a specifikac\u00edm projektu.<\/p>\n<p>Jeho snadno ovladateln\u00e9 rozhran\u00ed zjednodu\u0161uje operace, zkracuje dobu nastaven\u00ed a zvy\u0161uje produktivitu. Stroj je vyroben tak, aby spl\u0148oval p\u0159\u00edsn\u00e9 v\u00fdrobn\u00ed normy a z\u00e1rove\u0148 si zachoval u\u017eivatelsky p\u0159\u00edv\u011btiv\u00e9 ovl\u00e1d\u00e1n\u00ed, co\u017e zaji\u0161\u0165uje optim\u00e1ln\u00ed v\u00fdkon jak pro zku\u0161en\u00e9 profesion\u00e1ly, tak pro nov\u00e1\u010dky.<\/p>\n<h2>Ide\u00e1ln\u00ed pro pr\u016fmyslov\u00e9 a t\u011b\u017ek\u00e9 aplikace<\/h2>\n<p>Tento \u0159ezac\u00ed stroj nab\u00edz\u00ed v\u0161estrannost a spolehlivost, a\u0165 u\u017e se jedn\u00e1 o d\u00edlny na v\u00fdrobu oceli nebo velk\u00e9 pr\u016fmyslov\u00e9 provozy. Je vynikaj\u00edc\u00ed volbou pro vytv\u00e1\u0159en\u00ed komponent\u016f, zhotovov\u00e1n\u00ed konstrukc\u00ed a \u0159e\u0161en\u00ed n\u00e1ro\u010dn\u00fdch projekt\u016f vy\u017eaduj\u00edc\u00edch p\u0159esnost a odolnost.<\/p>\n<p>Investujte do \u0159e\u0161en\u00ed, kter\u00e9 si hrav\u011b porad\u00ed i s t\u011bmi nejn\u00e1ro\u010dn\u011bj\u0161\u00edmi materi\u00e1ly. Tento stroj s \u0159ezac\u00edmi schopnostmi od 20 mm do 300 mm je navr\u017een tak, aby \u0161et\u0159il \u010das a zdroje a z\u00e1rove\u0148 d\u016fsledn\u011b poskytoval p\u0159esn\u00e9 v\u00fdsledky.<\/p>\n<p>Vylep\u0161ete sv\u00e9 operace \u0159ez\u00e1n\u00ed kov\u016f pomoc\u00ed port\u00e1lov\u00e9ho plazmov\u00e9ho \u0159ezac\u00edho stroje - nejlep\u0161\u00ed volby pro \u0159ez\u00e1n\u00ed tlust\u00fdch kov\u016f a dokonalou v\u00fdrobu oceli.<\/p>\n<p>Technick\u00e9 parametry velkoplo\u0161n\u00e9ho port\u00e1lov\u00e9ho plazmov\u00e9ho \u0159ezac\u00edho stroje:<\/p>\n<table>\n<tbody>\n<tr>\n<td colspan=\"2\" width=\"1324\"><strong>Popis a specifikace:<\/strong><\/td>\n<\/tr>\n<tr>\n<td width=\"662\">Model<\/td>\n<td width=\"662\">WS2060<\/td>\n<\/tr>\n<tr>\n<td width=\"662\">Pracovn\u00ed velikost<\/td>\n<td width=\"662\">2000*6000mm<\/td>\n<\/tr>\n<tr>\n<td width=\"662\">T\u011blo stroje<\/td>\n<td width=\"662\">Odoln\u00e1 konstrukce \u010ctvercov\u00e1 trubka s n\u00e1dr\u017e\u00ed na vodu<\/td>\n<\/tr>\n<tr>\n<td width=\"662\">Nap\u00e1jen\u00ed<\/td>\n<td width=\"662\">V\u00fdkon 200 A (\u0159ez\u00e1n\u00ed kovu pod 20 mm), \u0159ez\u00e1n\u00ed kovu plamenem pod 300 mm<\/td>\n<\/tr>\n<tr>\n<td width=\"662\">Tlou\u0161\u0165ka \u0159ezu<\/td>\n<td width=\"662\">max. 300 mm<\/td>\n<\/tr>\n<tr>\n<td width=\"662\">P\u0159esnost \u0159ez\u00e1n\u00ed<\/td>\n<td width=\"662\">\u00b10. 5 mm<\/td>\n<\/tr>\n<tr>\n<td width=\"662\">P\u0159esnost zm\u011bny polohy<\/td>\n<td width=\"662\">\u00b10,05 mm<\/td>\n<\/tr>\n<tr>\n<td width=\"662\">Rychlost j\u00edzdy<\/td>\n<td width=\"662\">15 m\/min<\/td>\n<\/tr>\n<tr>\n<td width=\"662\">rychlost \u0159ez\u00e1n\u00ed<\/td>\n<td width=\"662\">8 m\/min<\/td>\n<\/tr>\n<tr>\n<td width=\"662\">Regul\u00e1tor v\u00fd\u0161ky ho\u0159\u00e1ku<\/td>\n<td width=\"662\">Spu\u0161t\u011bn\u00ed zna\u010dky Control-Regulace nap\u011bt\u00ed oblouku<\/td>\n<\/tr>\n<tr>\n<td width=\"662\">Hrub\u00fd v\u00fdkon<\/td>\n<td width=\"662\">8,5-10,5 KW<\/td>\n<\/tr>\n<tr>\n<td width=\"662\">\u0158\u00eddic\u00ed syst\u00e9m<\/td>\n<td width=\"662\">Syst\u00e9m \u0159\u00edzen\u00ed startu speci\u00e1ln\u011b pro plazmu<\/td>\n<\/tr>\n<tr>\n<td width=\"662\">Motor<\/td>\n<td width=\"662\">Krokov\u00fd ovlada\u010d<\/td>\n<\/tr>\n<tr>\n<td width=\"662\"><a href=\"app:ds:consumable\">Spot\u0159ebn\u00ed materi\u00e1l<\/a>\u00a0<a href=\"app:ds:items\">polo\u017eky<\/a><\/td>\n<td width=\"662\">\u010c\u00ednsk\u00e1 nejlep\u0161\u00ed zna\u010dka (polar a jet) 20 sad<\/td>\n<\/tr>\n<tr>\n<td width=\"662\">Re\u017eim p\u0159enosu<\/td>\n<td width=\"662\">\u010ctvercov\u00e1 vodic\u00ed li\u0161ta a ozuben\u00e9 kolo TBI pro osu XY na Tchaj-wanu<\/td>\n<\/tr>\n<tr>\n<td width=\"662\">Re\u017eim zad\u00e1v\u00e1n\u00ed soubor\u016f<\/td>\n<td width=\"662\">USB<\/td>\n<\/tr>\n<tr>\n<td width=\"662\">Software<\/td>\n<td width=\"662\">Ucancam V9<\/td>\n<\/tr>\n<\/tbody>\n<\/table>\n<p>Fotografie stroje:<\/p>\n<p><img alt=\"\" fetchpriority=\"high\" decoding=\"async\" class=\"alignnone size-full wp-image-4162\" src=\"https:\/\/wisecnclaser.com\/wp-content\/uploads\/2025\/09\/0.jpg\" width=\"800\" height=\"800\" srcset=\"https:\/\/wisecnclaser.com\/wp-content\/uploads\/2025\/09\/0.jpg 800w, https:\/\/wisecnclaser.com\/wp-content\/uploads\/2025\/09\/0-300x300.jpg 300w, https:\/\/wisecnclaser.com\/wp-content\/uploads\/2025\/09\/0-150x150.jpg 150w, https:\/\/wisecnclaser.com\/wp-content\/uploads\/2025\/09\/0-768x768.jpg 768w, https:\/\/wisecnclaser.com\/wp-content\/uploads\/2025\/09\/0-12x12.jpg 12w, https:\/\/wisecnclaser.com\/wp-content\/uploads\/2025\/09\/0-600x600.jpg 600w, https:\/\/wisecnclaser.com\/wp-content\/uploads\/2025\/09\/0-100x100.jpg 100w\" sizes=\"(max-width: 800px) 100vw, 800px\" \/><\/p>\n<p>Vzorky \u0159ez\u016f:<\/p>\n<p><img alt=\"\" decoding=\"async\" class=\"alignnone size-full wp-image-4163\" src=\"https:\/\/wisecnclaser.com\/wp-content\/uploads\/2025\/09\/\u672a\u547d\u540d.jpg\" width=\"800\" height=\"800\" srcset=\"https:\/\/wisecnclaser.com\/wp-content\/uploads\/2025\/09\/\u672a\u547d\u540d.jpg 800w, https:\/\/wisecnclaser.com\/wp-content\/uploads\/2025\/09\/\u672a\u547d\u540d-300x300.jpg 300w, https:\/\/wisecnclaser.com\/wp-content\/uploads\/2025\/09\/\u672a\u547d\u540d-150x150.jpg 150w, https:\/\/wisecnclaser.com\/wp-content\/uploads\/2025\/09\/\u672a\u547d\u540d-768x768.jpg 768w, https:\/\/wisecnclaser.com\/wp-content\/uploads\/2025\/09\/\u672a\u547d\u540d-12x12.jpg 12w, https:\/\/wisecnclaser.com\/wp-content\/uploads\/2025\/09\/\u672a\u547d\u540d-600x600.jpg 600w, https:\/\/wisecnclaser.com\/wp-content\/uploads\/2025\/09\/\u672a\u547d\u540d-100x100.jpg 100w\" sizes=\"(max-width: 800px) 100vw, 800px\" \/><\/p>","protected":false},"excerpt":{"rendered":"<p>Plazmov\u00fd \u0159ezac\u00ed stroj port\u00e1lov\u00e9ho typu pro \u0159ez\u00e1n\u00ed tlust\u00fdch kov\u016f, s 200A plazmovou \u0159ezac\u00ed hlavou a jednou plamenovou \u0159ezac\u00ed hlavou, 200A m\u016f\u017ee \u0159ezat max. 20 mm kovu, plamenov\u00e1 \u0159ezac\u00ed hlava m\u016f\u017ee \u0159ezat max. 300 mm, tento stroj se pou\u017e\u00edv\u00e1 hlavn\u011b pro \u0159ez\u00e1n\u00ed tlust\u00fdch kov\u016f a v\u00fdrobu kovov\u00e9 oceli.<\/p>","protected":false},"featured_media":4161,"template":"","meta":{"_seopress_robots_primary_cat":"","_seopress_titles_title":"%%post_title%%","_seopress_titles_desc":"","_seopress_robots_index":"","_uag_custom_page_level_css":"","site-sidebar-layout":"default","site-content-layout":"","ast-site-content-layout":"default","site-content-style":"default","site-sidebar-style":"default","ast-global-header-display":"","ast-banner-title-visibility":"","ast-main-header-display":"","ast-hfb-above-header-display":"","ast-hfb-below-header-display":"","ast-hfb-mobile-header-display":"","site-post-title":"","ast-breadcrumbs-content":"","ast-featured-img":"","footer-sml-layout":"","ast-disable-related-posts":"","theme-transparent-header-meta":"default","adv-header-id-meta":"","stick-header-meta":"default","header-above-stick-meta":"","header-main-stick-meta":"","header-below-stick-meta":"","astra-migrate-meta-layouts":"set","ast-page-background-enabled":"default","ast-page-background-meta":{"desktop":{"background-color":"","background-image":"","background-repeat":"repeat","background-position":"center center","background-size":"auto","background-attachment":"scroll","background-type":"","background-media":"","overlay-type":"","overlay-color":"","overlay-opacity":"","overlay-gradient":""},"tablet":{"background-color":"","background-image":"","background-repeat":"repeat","background-position":"center center","background-size":"auto","background-attachment":"scroll","background-type":"","background-media":"","overlay-type":"","overlay-color":"","overlay-opacity":"","overlay-gradient":""},"mobile":{"background-color":"","background-image":"","background-repeat":"repeat","background-position":"center center","background-size":"auto","background-attachment":"scroll","background-type":"","background-media":"","overlay-type":"","overlay-color":"","overlay-opacity":"","overlay-gradient":""}},"ast-content-background-meta":{"desktop":{"background-color":"var(--ast-global-color-5)","background-image":"","background-repeat":"repeat","background-position":"center center","background-size":"auto","background-attachment":"scroll","background-type":"","background-media":"","overlay-type":"","overlay-color":"","overlay-opacity":"","overlay-gradient":""},"tablet":{"background-color":"var(--ast-global-color-5)","background-image":"","background-repeat":"repeat","background-position":"center center","background-size":"auto","background-attachment":"scroll","background-type":"","background-media":"","overlay-type":"","overlay-color":"","overlay-opacity":"","overlay-gradient":""},"mobile":{"background-color":"var(--ast-global-color-5)","background-image":"","background-repeat":"repeat","background-position":"center center","background-size":"auto","background-attachment":"scroll","background-type":"","background-media":"","overlay-type":"","overlay-color":"","overlay-opacity":"","overlay-gradient":""}}},"product_brand":[],"product_cat":[59],"product_tag":[133,128,131,126,130,136,124,123,122,132,129,135,127,134,125],"class_list":{"0":"post-4158","1":"product","2":"type-product","3":"status-publish","4":"has-post-thumbnail","6":"product_cat-plasma","7":"product_tag-2060-plasma-cutting-machine","8":"product_tag-carbon-steel-cutting-machine","9":"product_tag-china-plasma-cutting-machine","10":"product_tag-metal-cutting-machine","11":"product_tag-metal-machine-factory","12":"product_tag-metal-plasma-cutter","13":"product_tag-metal-plasma-cutting-machine","14":"product_tag-plasma-cutter","15":"product_tag-plasma-cutting-machine","16":"product_tag-plasma-cutting-machine-factory","17":"product_tag-stainless-steel-cutting-machine","18":"product_tag-steel-cutter","19":"product_tag-steel-cutting-machine","20":"product_tag-steel-fabrication-machine","21":"product_tag-steel-plasma-cutting-machine","22":"desktop-align-left","23":"tablet-align-left","24":"mobile-align-left","25":"ast-product-gallery-layout-horizontal-slider","26":"ast-product-gallery-with-no-image","27":"ast-product-tabs-layout-horizontal","29":"first","30":"instock","31":"shipping-taxable","32":"product-type-simple"},"uagb_featured_image_src":{"full":["https:\/\/wisecnclaser.com\/wp-content\/uploads\/2025\/09\/\u5fae\u4fe1\u56fe\u7247_20250904094659_11_155.png",751,492,false],"thumbnail":["https:\/\/wisecnclaser.com\/wp-content\/uploads\/2025\/09\/\u5fae\u4fe1\u56fe\u7247_20250904094659_11_155-150x150.png",150,150,true],"medium":["https:\/\/wisecnclaser.com\/wp-content\/uploads\/2025\/09\/\u5fae\u4fe1\u56fe\u7247_20250904094659_11_155-300x197.png",300,197,true],"medium_large":["https:\/\/wisecnclaser.com\/wp-content\/uploads\/2025\/09\/\u5fae\u4fe1\u56fe\u7247_20250904094659_11_155.png",751,492,false],"large":["https:\/\/wisecnclaser.com\/wp-content\/uploads\/2025\/09\/\u5fae\u4fe1\u56fe\u7247_20250904094659_11_155.png",751,492,false],"1536x1536":["https:\/\/wisecnclaser.com\/wp-content\/uploads\/2025\/09\/\u5fae\u4fe1\u56fe\u7247_20250904094659_11_155.png",751,492,false],"2048x2048":["https:\/\/wisecnclaser.com\/wp-content\/uploads\/2025\/09\/\u5fae\u4fe1\u56fe\u7247_20250904094659_11_155.png",751,492,false],"trp-custom-language-flag":["https:\/\/wisecnclaser.com\/wp-content\/uploads\/2025\/09\/\u5fae\u4fe1\u56fe\u7247_20250904094659_11_155-18x12.png",18,12,true],"woocommerce_thumbnail":["https:\/\/wisecnclaser.com\/wp-content\/uploads\/2025\/09\/\u5fae\u4fe1\u56fe\u7247_20250904094659_11_155-300x300.png",300,300,true],"woocommerce_single":["https:\/\/wisecnclaser.com\/wp-content\/uploads\/2025\/09\/\u5fae\u4fe1\u56fe\u7247_20250904094659_11_155-600x393.png",600,393,true],"woocommerce_gallery_thumbnail":["https:\/\/wisecnclaser.com\/wp-content\/uploads\/2025\/09\/\u5fae\u4fe1\u56fe\u7247_20250904094659_11_155-100x100.png",100,100,true]},"uagb_author_info":{"display_name":"jinxing6611@gmail.com","author_link":"https:\/\/wisecnclaser.com\/cs\/author\/"},"uagb_comment_info":0,"uagb_excerpt":"Gantry Type Plasma Cutting Machine for Thick Metal Cutting, with 200A plasma cutting head and one flame cutting head, 200A can cut 20mm max metal, flame cutting head can cut 300mm max, this machine is mainly used for thick metal cutting and metal steel fabrication.","_links":{"self":[{"href":"https:\/\/wisecnclaser.com\/cs\/wp-json\/wp\/v2\/product\/4158","targetHints":{"allow":["GET"]}}],"collection":[{"href":"https:\/\/wisecnclaser.com\/cs\/wp-json\/wp\/v2\/product"}],"about":[{"href":"https:\/\/wisecnclaser.com\/cs\/wp-json\/wp\/v2\/types\/product"}],"wp:featuredmedia":[{"embeddable":true,"href":"https:\/\/wisecnclaser.com\/cs\/wp-json\/wp\/v2\/media\/4161"}],"wp:attachment":[{"href":"https:\/\/wisecnclaser.com\/cs\/wp-json\/wp\/v2\/media?parent=4158"}],"wp:term":[{"taxonomy":"product_brand","embeddable":true,"href":"https:\/\/wisecnclaser.com\/cs\/wp-json\/wp\/v2\/product_brand?post=4158"},{"taxonomy":"product_cat","embeddable":true,"href":"https:\/\/wisecnclaser.com\/cs\/wp-json\/wp\/v2\/product_cat?post=4158"},{"taxonomy":"product_tag","embeddable":true,"href":"https:\/\/wisecnclaser.com\/cs\/wp-json\/wp\/v2\/product_tag?post=4158"}],"curies":[{"name":"wp","href":"https:\/\/api.w.org\/{rel}","templated":true}]}}