{"id":4193,"date":"2025-09-30T06:23:32","date_gmt":"2025-09-30T06:23:32","guid":{"rendered":"https:\/\/wisecnclaser.com\/?post_type=product&#038;p=4193"},"modified":"2025-09-22T06:51:10","modified_gmt":"2025-09-22T06:51:10","slug":"ws2800-cnc-woodworking-automatic-computer-panel-beam-saw","status":"publish","type":"product","link":"https:\/\/wisecnclaser.com\/cs\/produkt\/ws2800-cnc-woodworking-automatic-computer-panel-beam-saw\/","title":{"rendered":"WS2800 CNC d\u0159evoobr\u00e1b\u011bc\u00ed automatick\u00e1 po\u010d\u00edta\u010dov\u00e1 paprskov\u00e1 pila"},"content":{"rendered":"<p>1. WS2800 CNC paprskov\u00e1 pila P\u0159ehled za\u0159\u00edzen\u00ed:<br \/>\nTento stroj je vhodn\u00fd pro \u0159ez\u00e1n\u00ed a zpracov\u00e1n\u00ed d\u0159evot\u0159\u00edskov\u00fdch desek, v\u00edcevrstv\u00fdch desek, d\u0159evovl\u00e1knit\u00fdch desek st\u0159edn\u00ed hustoty, d\u0159evovl\u00e1knit\u00fdch desek hustoty, d\u0159evot\u0159\u00edskov\u00fdch desek, desek z PVC, desek z um\u011bl\u00e9ho kamene, kalciumsilik\u00e1tov\u00fdch desek pro vn\u011bj\u0161\u00ed st\u011bnov\u00e9 panely, lepenky a hlin\u00edkov\u00fdch vo\u0161tin. Hlavn\u00ed pila i podava\u010d jsou vedeny line\u00e1rn\u00edmi vod\u00edtky, co\u017e zaji\u0161\u0165uje vynikaj\u00edc\u00ed p\u0159esnost. P\u0159esnost polohov\u00e1n\u00ed nen\u00ed ovlivn\u011bna okoln\u00edm prost\u0159ed\u00edm ani magnetick\u00fdmi poli, tak\u017ee je bezpe\u010dn\u00e1 a stabiln\u00ed a nevy\u017eaduje \u017e\u00e1dnou \u00fadr\u017ebu ani se\u0159izov\u00e1n\u00ed. Pilov\u00fd prach je p\u0159esn\u011b zachycov\u00e1n, \u010d\u00edm\u017e je dosa\u017eeno t\u00e9m\u011b\u0159 100% sb\u011bru prachu, na rozd\u00edl od tradi\u010dn\u00edho sb\u011bru prachu otev\u0159en\u00e9ho typu.<\/p>\n<p>Robotick\u00e9 rameno m\u016f\u017ee dos\u00e1hnout minim\u00e1ln\u00ed rychlosti \u0159ez\u00e1n\u00ed 30*45 mm. Rychlost \u0159ez\u00e1n\u00ed \u0159\u00edd\u00ed servomotor, \u010d\u00edm\u017e se dosahuje \u0159ez\u00e1n\u00ed CNC se dv\u011bma servy pro vynikaj\u00edc\u00ed stabilitu \u0159ez\u00e1n\u00ed. Je tak\u00e9 vybaven syst\u00e9mem online detekce poruch, kter\u00fd automaticky vypne stroj v p\u0159\u00edpad\u011b poruchy, a automatickou detekc\u00ed poruch pro rychl\u00e9 \u0159e\u0161en\u00ed probl\u00e9m\u016f. Vizu\u00e1ln\u00ed sledov\u00e1n\u00ed stavu \u0159ez\u00e1n\u00ed umo\u017e\u0148uje neust\u00e1lou vizu\u00e1ln\u00ed kontrolu a inteligentn\u00ed software pro optimalizaci \u0159ez\u00e1n\u00ed \u0161et\u0159\u00ed \u010das, materi\u00e1l a pr\u00e1ci. Jeho charakteristikami jsou automatizace, vysok\u00e1 \u00fa\u010dinnost, vysok\u00e1 p\u0159esnost a estetika. Je \u0161iroce pou\u017e\u00edv\u00e1n v\u00fdrobci deskov\u00e9ho n\u00e1bytku v tuzemsku i v zahrani\u010d\u00ed a m\u016f\u017ee se pochlubit vysoce v\u00fdkonn\u00fdm provozem.<\/p>\n<p>&nbsp;<\/p>\n<p>Automatick\u00e1 po\u010d\u00edta\u010dov\u00e1 paprskov\u00e1 pila WS2800 m\u00e1 tak\u00e9 n\u00e1sleduj\u00edc\u00ed funkce:<br \/>\n\u2460. Elektrick\u00e9 komponenty vyu\u017e\u00edvaj\u00ed renomovan\u00e9 mezin\u00e1rodn\u00ed a dom\u00e1c\u00ed zna\u010dky, jako jsou Taiwan Yonghong System, INVT Servo and Inverter, Schneider Electric a Taiwan Airtek Pneumatic Solenoid Valves, kter\u00e9 zaji\u0161\u0165uj\u00ed stabiln\u00ed provoz.<br \/>\n\u2461. P\u0159esn\u00fd r\u00e1m je pe\u010dliv\u011b opracov\u00e1n pro vysokou p\u0159esnost a spolehlivost. Nen\u00ed nutn\u00e1 elektronick\u00e1 kompenzace polohy stupnice a p\u0159esnost nen\u00ed ovlivn\u011bna okoln\u00edm prost\u0159ed\u00edm a magnetick\u00fdmi poli. Je bezpe\u010dn\u00fd a stabiln\u00ed a zaji\u0161\u0165uje p\u0159esnost \u0159ez\u00e1n\u00ed bez nutnosti \u00fadr\u017eby.<br \/>\n\u2462. Jsou pou\u017eity vysoce kvalitn\u00ed flexibiln\u00ed robotick\u00e9 kabely, kter\u00e9 v\u00fdrazn\u011b prodlu\u017euj\u00ed \u017eivotnost.<br \/>\n\u2463. R\u00e1m je po sva\u0159ov\u00e1n\u00ed podroben dvoj\u00edmu elektromagnetick\u00e9mu st\u00e1rnut\u00ed a \u017e\u00edh\u00e1n\u00ed, co\u017e zaji\u0161\u0165uje odoln\u00fd, nedeformovateln\u00fd r\u00e1m.<\/p>\n<p>&nbsp;<\/p>\n<p>2. D\u0159evoobr\u00e1b\u011bc\u00ed tr\u00e1mov\u00e1 pila Za\u0159\u00edzen\u00ed Provozn\u00ed postup:<br \/>\nObsluha polo\u017e\u00ed zpracov\u00e1vanou surovinu na pracovn\u00ed st\u016fl po\u010d\u00edta\u010dov\u00e9 pily nebo pou\u017eije automatick\u00e9 vkl\u00e1dac\u00ed za\u0159\u00edzen\u00ed.<br \/>\nZadejte po\u017eadovan\u00e9 rozm\u011bry - Vlo\u017ete - Stisknut\u00edm tla\u010d\u00edtka d\u00e1te sv\u011brce pokyn k upnut\u00ed materi\u00e1lu - Spus\u0165te automatick\u00fd provoz -<br \/>\nVstup do automatick\u00e9ho provozu - Automatick\u00e9 polohov\u00e1n\u00ed - Automatick\u00e9 vyrovn\u00e1v\u00e1n\u00ed hran - Automatick\u00e9 \u0159ez\u00e1n\u00ed - Automatick\u00e9 vypou\u0161t\u011bn\u00ed materi\u00e1lu - Automatick\u00e9 sn\u00edm\u00e1n\u00ed k\u00f3du - Ru\u010dn\u00ed aplikace k\u00f3du - Automatick\u00e9 \u0159ez\u00e1n\u00ed dokon\u010d\u00ed v\u0161echny \u0159ezn\u00e9 operace.<\/p>\n<p>3. Funk\u010dn\u00ed konfigurace:<br \/>\n\u2460. Servo INVT a vysoce p\u0159esn\u00fd tchajwansk\u00fd p\u0159evodov\u00fd h\u0159eben KH.<br \/>\n\u2461. Hlavn\u00ed vodic\u00ed li\u0161ty pily vyu\u017e\u00edvaj\u00ed kruhov\u00e1 vod\u00edtka, kter\u00e1 jsou nedr\u00e1\u017ekovan\u00e1, odoln\u00e1 proti prachu, snadno se \u010dist\u00ed a snadno se udr\u017euj\u00ed.<\/p>\n<p>\u2462. Nakl\u00e1dac\u00ed i \u0159ezac\u00ed st\u016fl vyu\u017e\u00edvaj\u00ed pneumatick\u00e9 plov\u00e1ky, kter\u00e9 usnad\u0148uj\u00ed pohyb materi\u00e1lu, sni\u017euj\u00ed pracnost a zabra\u0148uj\u00ed po\u0161kr\u00e1b\u00e1n\u00ed povrchu obrobku. \u2463. Hlavn\u00ed a p\u0159\u00eddavn\u00e9 pily vyu\u017e\u00edvaj\u00ed nez\u00e1visl\u00e9 syst\u00e9my \u0159\u00edzen\u00ed zdvihu, kter\u00e9 automaticky detekuj\u00ed v\u00fd\u0161ku a \u0161\u00ed\u0159ku pilov\u00e9ho kotou\u010de podle tlou\u0161\u0165ky materi\u00e1lu, co\u017e umo\u017e\u0148uje automatick\u00e9 nastaven\u00ed polohy \u0159ezn\u00e9ho zdvihu pilov\u00e9ho kotou\u010de, sni\u017euje ztr\u00e1ty \u010dasu a zvy\u0161uje efektivitu pr\u00e1ce.<br \/>\n\u2464. \u0158\u00eddic\u00ed syst\u00e9m m\u00e1 jednoduch\u00e9 rozhran\u00ed a snadn\u00e9 ovl\u00e1d\u00e1n\u00ed, n\u00e1vod k obsluze a pr\u016fvodce \u0159e\u0161en\u00edm probl\u00e9m\u016f. Umo\u017e\u0148uje editaci a spr\u00e1vu \u0159ezac\u00edch pl\u00e1n\u016f, \u00faloh a simulovan\u00e9ho \u0159ez\u00e1n\u00ed. Je kompatibiln\u00ed s r\u016fzn\u00fdmi softwary pro optimalizaci \u0159ez\u00e1n\u00ed, softwarem pro spr\u00e1vu \u010d\u00e1rov\u00fdch k\u00f3d\u016f a softwarem pro automatizaci v\u00fdroby.<br \/>\n\u2465. Dr\u017e\u00e1k flexibiln\u00edho manipul\u00e1toru s dvojitou svorkou je pogumovan\u00fd, aby byl odoln\u00fd proti tlaku a opot\u0159eben\u00ed.<br \/>\n\u2466. Manipul\u00e1tor vyu\u017e\u00edv\u00e1 \u0159\u00edzen\u00ed servomotorem a vysoce p\u0159esn\u00fd \u0161nekov\u00fd p\u0159evodn\u00edk, \u010d\u00edm\u017e dosahuje p\u0159esnosti polohov\u00e1n\u00ed \u00b10,1 mm.<br \/>\n\u2467. Velk\u00e1 a mal\u00e1 pilov\u00e1 hlava jsou svisl\u00e9, p\u0159i\u010dem\u017e jedna pilov\u00e1 hlava je namontov\u00e1na v opa\u010dn\u00e9m sm\u011bru, co\u017e zaji\u0161\u0165uje hladk\u00fd, rovn\u00fd \u0159ez bez \u0161t\u011bpen\u00ed nebo \u0161t\u011bpen\u00ed.<\/p>\n<p><strong>Technick\u00e9 parametry po\u010d\u00edta\u010dov\u00e9 pily na d\u0159ev\u011bn\u00e9 desky WS2800:<\/strong><\/p>\n<table>\n<tbody>\n<tr>\n<td width=\"340\">Po\u010d\u00edta\u010d a PLC<\/td>\n<td width=\"813\">p\u0159ilo\u017eeno<\/td>\n<\/tr>\n<tr>\n<td width=\"340\">Tisk\u00e1rna<\/td>\n<td width=\"813\">Voliteln\u011b<\/td>\n<\/tr>\n<tr>\n<td width=\"340\">Optimalizovan\u00fd software<\/td>\n<td width=\"813\">Voliteln\u011b<\/td>\n<\/tr>\n<tr>\n<td width=\"340\">Bo\u010dn\u00ed zarovn\u00e1va\u010d<\/td>\n<td width=\"813\">Voliteln\u011b<\/td>\n<\/tr>\n<tr>\n<td width=\"340\">D\u00e9lka\/\u0161\u00ed\u0159ka \u0159ezu<\/td>\n<td width=\"813\">2800 mm<\/td>\n<\/tr>\n<tr>\n<td width=\"340\">Maxim\u00e1ln\u00ed v\u00fd\u0161ka \u0159ezu<\/td>\n<td width=\"813\">120 mm<\/td>\n<\/tr>\n<tr>\n<td width=\"340\">Pr\u016fm\u011br hlavn\u00edho disku<\/td>\n<td width=\"813\">\u03a6400-450 mm<\/td>\n<\/tr>\n<tr>\n<td width=\"340\">Pr\u016fm\u011br v\u0159etena hlavn\u00edho kotou\u010de<\/td>\n<td width=\"813\">\u03a675mm<\/td>\n<\/tr>\n<tr>\n<td width=\"340\">Pr\u016fm\u011br men\u0161\u00edho disku<\/td>\n<td width=\"813\">\u03a6200mm<\/td>\n<\/tr>\n<tr>\n<td width=\"340\">Pr\u016fm\u011br v\u0159etena men\u0161\u00edho kotou\u010de<\/td>\n<td width=\"813\">\u03a650mm<\/td>\n<\/tr>\n<tr>\n<td width=\"340\">Rychlost ot\u00e1\u010den\u00ed hlavn\u00edho kotou\u010de \/ rychlost nastaven\u00ed m\u011bni\u010de<\/td>\n<td width=\"813\">4100 ot\/min<\/td>\n<\/tr>\n<tr>\n<td width=\"340\">Ot\u00e1\u010dky men\u0161\u00edho kotou\u010de \/ ot\u00e1\u010dky m\u011bni\u010de<\/td>\n<td width=\"813\">6100 ot\/min<\/td>\n<\/tr>\n<tr>\n<td width=\"340\">Rychlost posunu pilov\u00e9ho voz\u00edku<\/td>\n<td width=\"813\">100 m\/min\uff08p\u0159izp\u016fsobeno\uff09<\/td>\n<\/tr>\n<tr>\n<td width=\"340\">rychlost pojezdu pily dozadu<\/td>\n<td width=\"813\">120 m\/min\uff08p\u0159izp\u016fsobeno\uff09<\/td>\n<\/tr>\n<tr>\n<td width=\"340\">Hlavn\u00ed kotou\u010dov\u00fd motor<\/td>\n<td width=\"813\">18,5 kW<\/td>\n<\/tr>\n<tr>\n<td width=\"340\">Motor s men\u0161\u00edm kotou\u010dem<\/td>\n<td width=\"813\">2,2 kW<\/td>\n<\/tr>\n<tr>\n<td width=\"340\">Hnac\u00ed motor voz\u00edku pily<\/td>\n<td width=\"813\">2,0kw \uff08INVT servo\uff09<\/td>\n<\/tr>\n<tr>\n<td width=\"340\">Pod\u00e1vac\u00ed motor pro fixaci polohy<\/td>\n<td width=\"813\">2,0kw \uff08INVT servo\uff09<\/td>\n<\/tr>\n<tr>\n<td width=\"340\">Vysokotlak\u00e9 vzduchov\u00e9 \u010derpadlo<\/td>\n<td width=\"813\">4kw + 2,2kw<\/td>\n<\/tr>\n<tr>\n<td width=\"340\">Celkov\u00fd v\u00fdkon<\/td>\n<td width=\"813\">31kw<\/td>\n<\/tr>\n<tr>\n<td width=\"340\">Automatick\u00e1 rychlost pod\u00e1v\u00e1n\u00ed<\/td>\n<td width=\"813\">100\/min\uff08p\u0159izp\u016fsobeno\uff09<\/td>\n<\/tr>\n<tr>\n<td width=\"340\">Po\u017eadovan\u00fd tlak<\/td>\n<td width=\"813\">5-8 kg\/cm\u00b2<\/td>\n<\/tr>\n<tr>\n<td width=\"340\">V\u00fd\u0161ka pracovn\u00edho stolu<\/td>\n<td width=\"813\">950 mm<\/td>\n<\/tr>\n<tr>\n<td width=\"340\">Mechanick\u00e9 svorky<\/td>\n<td width=\"813\">12-15 kus\u016f<\/td>\n<\/tr>\n<tr>\n<td width=\"340\">Celkov\u00e1 velikost stroje<\/td>\n<td width=\"813\">5100*6300*1900 mm<\/td>\n<\/tr>\n<\/tbody>\n<\/table>","protected":false},"excerpt":{"rendered":"<p>1. WS2800 CNC Beam Panel Saw Equipment Overview: This machine is suitable for sawing and processing particle board, multilayer board, medium-density fiberboard, density fiberboard, particleboard, PVC board, artificial stone board, calcium silicate board for exterior wall panels, cardboard, and aluminum honeycomb. Both the main saw and feeder are guided by linear guides, ensuring superior precision. [&hellip;]<\/p>\n","protected":false},"featured_media":4196,"template":"","meta":{"_seopress_robots_primary_cat":"","_seopress_titles_title":"%%post_title%%","_seopress_titles_desc":"","_seopress_robots_index":"","_uag_custom_page_level_css":"","site-sidebar-layout":"default","site-content-layout":"","ast-site-content-layout":"default","site-content-style":"default","site-sidebar-style":"default","ast-global-header-display":"","ast-banner-title-visibility":"","ast-main-header-display":"","ast-hfb-above-header-display":"","ast-hfb-below-header-display":"","ast-hfb-mobile-header-display":"","site-post-title":"","ast-breadcrumbs-content":"","ast-featured-img":"","footer-sml-layout":"","ast-disable-related-posts":"","theme-transparent-header-meta":"default","adv-header-id-meta":"","stick-header-meta":"default","header-above-stick-meta":"","header-main-stick-meta":"","header-below-stick-meta":"","astra-migrate-meta-layouts":"set","ast-page-background-enabled":"default","ast-page-background-meta":{"desktop":{"background-color":"","background-image":"","background-repeat":"repeat","background-position":"center center","background-size":"auto","background-attachment":"scroll","background-type":"","background-media":"","overlay-type":"","overlay-color":"","overlay-opacity":"","overlay-gradient":""},"tablet":{"background-color":"","background-image":"","background-repeat":"repeat","background-position":"center center","background-size":"auto","background-attachment":"scroll","background-type":"","background-media":"","overlay-type":"","overlay-color":"","overlay-opacity":"","overlay-gradient":""},"mobile":{"background-color":"","background-image":"","background-repeat":"repeat","background-position":"center center","background-size":"auto","background-attachment":"scroll","background-type":"","background-media":"","overlay-type":"","overlay-color":"","overlay-opacity":"","overlay-gradient":""}},"ast-content-background-meta":{"desktop":{"background-color":"var(--ast-global-color-5)","background-image":"","background-repeat":"repeat","background-position":"center center","background-size":"auto","background-attachment":"scroll","background-type":"","background-media":"","overlay-type":"","overlay-color":"","overlay-opacity":"","overlay-gradient":""},"tablet":{"background-color":"var(--ast-global-color-5)","background-image":"","background-repeat":"repeat","background-position":"center center","background-size":"auto","background-attachment":"scroll","background-type":"","background-media":"","overlay-type":"","overlay-color":"","overlay-opacity":"","overlay-gradient":""},"mobile":{"background-color":"var(--ast-global-color-5)","background-image":"","background-repeat":"repeat","background-position":"center center","background-size":"auto","background-attachment":"scroll","background-type":"","background-media":"","overlay-type":"","overlay-color":"","overlay-opacity":"","overlay-gradient":""}}},"product_brand":[],"product_cat":[39],"product_tag":[180,179,168,170,182,183,176,169,178,101,171,172,174,173,181,177,175],"class_list":{"0":"post-4193","1":"product","2":"type-product","3":"status-publish","4":"has-post-thumbnail","6":"product_cat-cuttingsaw","7":"product_tag-auto-beam-saw-machine","8":"product_tag-automatic-cnc-beam-saw-machine","9":"product_tag-automatic-computer-panel-saw","10":"product_tag-beam-panel-saw","11":"product_tag-beam-saw-uk","12":"product_tag-best-cnc-beam-saw","13":"product_tag-cnc-computer-beam-panel-saw","14":"product_tag-cnc-panel-saw","15":"product_tag-computer-panel-saw","16":"product_tag-electric-cutting-saw","17":"product_tag-horizontal-beam-saw","18":"product_tag-panel-beam-saw","19":"product_tag-pressure-beam-saw","20":"product_tag-vertical-panel-saw","21":"product_tag-wodworking-panel-beam-saw","22":"product_tag-wood-panel-computer-saw-machine","23":"product_tag-woodworking-computer-panel-saw","24":"desktop-align-left","25":"tablet-align-left","26":"mobile-align-left","27":"ast-product-gallery-layout-horizontal-slider","28":"ast-product-gallery-with-no-image","29":"ast-product-tabs-layout-horizontal","31":"first","32":"instock","33":"shipping-taxable","34":"product-type-simple"},"uagb_featured_image_src":{"full":["https:\/\/wisecnclaser.com\/wp-content\/uploads\/2025\/09\/KH828.png",806,802,false],"thumbnail":["https:\/\/wisecnclaser.com\/wp-content\/uploads\/2025\/09\/KH828-150x150.png",150,150,true],"medium":["https:\/\/wisecnclaser.com\/wp-content\/uploads\/2025\/09\/KH828-300x300.png",300,300,true],"medium_large":["https:\/\/wisecnclaser.com\/wp-content\/uploads\/2025\/09\/KH828-768x764.png",768,764,true],"large":["https:\/\/wisecnclaser.com\/wp-content\/uploads\/2025\/09\/KH828.png",806,802,false],"1536x1536":["https:\/\/wisecnclaser.com\/wp-content\/uploads\/2025\/09\/KH828.png",806,802,false],"2048x2048":["https:\/\/wisecnclaser.com\/wp-content\/uploads\/2025\/09\/KH828.png",806,802,false],"trp-custom-language-flag":["https:\/\/wisecnclaser.com\/wp-content\/uploads\/2025\/09\/KH828-12x12.png",12,12,true],"woocommerce_thumbnail":["https:\/\/wisecnclaser.com\/wp-content\/uploads\/2025\/09\/KH828-300x300.png",300,300,true],"woocommerce_single":["https:\/\/wisecnclaser.com\/wp-content\/uploads\/2025\/09\/KH828-600x597.png",600,597,true],"woocommerce_gallery_thumbnail":["https:\/\/wisecnclaser.com\/wp-content\/uploads\/2025\/09\/KH828-100x100.png",100,100,true]},"uagb_author_info":{"display_name":"jinxing6611@gmail.com","author_link":"https:\/\/wisecnclaser.com\/cs\/author\/"},"uagb_comment_info":0,"uagb_excerpt":"1. WS2800 CNC Beam Panel Saw Equipment Overview: This machine is suitable for sawing and processing particle board, multilayer board, medium-density fiberboard, density fiberboard, particleboard, PVC board, artificial stone board, calcium silicate board for exterior wall panels, cardboard, and aluminum honeycomb. Both the main saw and feeder are guided by linear guides, ensuring superior precision.&hellip;","_links":{"self":[{"href":"https:\/\/wisecnclaser.com\/cs\/wp-json\/wp\/v2\/product\/4193","targetHints":{"allow":["GET"]}}],"collection":[{"href":"https:\/\/wisecnclaser.com\/cs\/wp-json\/wp\/v2\/product"}],"about":[{"href":"https:\/\/wisecnclaser.com\/cs\/wp-json\/wp\/v2\/types\/product"}],"wp:featuredmedia":[{"embeddable":true,"href":"https:\/\/wisecnclaser.com\/cs\/wp-json\/wp\/v2\/media\/4196"}],"wp:attachment":[{"href":"https:\/\/wisecnclaser.com\/cs\/wp-json\/wp\/v2\/media?parent=4193"}],"wp:term":[{"taxonomy":"product_brand","embeddable":true,"href":"https:\/\/wisecnclaser.com\/cs\/wp-json\/wp\/v2\/product_brand?post=4193"},{"taxonomy":"product_cat","embeddable":true,"href":"https:\/\/wisecnclaser.com\/cs\/wp-json\/wp\/v2\/product_cat?post=4193"},{"taxonomy":"product_tag","embeddable":true,"href":"https:\/\/wisecnclaser.com\/cs\/wp-json\/wp\/v2\/product_tag?post=4193"}],"curies":[{"name":"wp","href":"https:\/\/api.w.org\/{rel}","templated":true}]}}